{"id":4134,"date":"2024-03-13T15:29:50","date_gmt":"2024-03-13T14:29:50","guid":{"rendered":"https:\/\/koningdrone.nl\/kon\/product\/dji-dl-pz-17-28-mm-t3-0-asph-lens\/"},"modified":"2026-04-29T04:00:52","modified_gmt":"2026-04-29T02:00:52","slug":"dji-dl-pz-17-28-mm-t3-0-asph-lens","status":"publish","type":"product","link":"https:\/\/koningdrone.be\/fr\/produit\/dji-dl-pz-17-28-mm-t3-0-asph-lens\/","title":{"rendered":"Objectif DJI DL PZ 17-28 mm T3.0 ASPH"},"content":{"rendered":"<p><strong>Fonctionnement sans \u00e9talonnage<\/strong><\/p>\n<p>L'objectif DJI DL PZ 17-28mm T3.0 ASPH ne n\u00e9cessite aucun \u00e9talonnage d\u00e8s sa sortie de la bo\u00eete et offre une mise au point et un zoom pr\u00e9cis de l'ultra-large 17mm au large 28mm sans aucun r\u00e9glage suppl\u00e9mentaire. Cette caract\u00e9ristique permet aux vid\u00e9astes de capturer instantan\u00e9ment diff\u00e9rentes sc\u00e8nes avec une qualit\u00e9 professionnelle.<\/p>\n<p><strong>Une qualit\u00e9 d'image exceptionnelle<\/strong><\/p>\n<p>Con\u00e7u pour r\u00e9pondre aux exigences rigoureuses des capteurs 8K, cet objectif offre une r\u00e9solution ultra-haute sur l'ensemble du cadre. Qu'il s'agisse de vastes paysages ou de gros plans complexes, les utilisateurs peuvent s'attendre \u00e0 des images nettes et de haute qualit\u00e9 qui r\u00e9pondent facilement aux exigences de la vid\u00e9ographie professionnelle.<\/p>\n<p><strong>Possibilit\u00e9s de gros plan<\/strong><\/p>\n<p>Avec une distance minimale de seulement 0,19 m\u00e8tre, l'objectif offre des performances exceptionnelles en mati\u00e8re de prises de vue rapproch\u00e9es, m\u00eame avec des angles tr\u00e8s larges. Cette capacit\u00e9 permet aux vid\u00e9astes de capturer sans effort des compositions cr\u00e9atives et d\u00e9taill\u00e9es.<\/p>\n<p><strong>Conception l\u00e9g\u00e8re et durable<\/strong><\/p>\n<p>Fabriqu\u00e9 en alliage d'aluminium et de magn\u00e9sium, l'objectif offre un \u00e9quilibre id\u00e9al entre l\u00e9g\u00e8ret\u00e9 (seulement 520 g) et durabilit\u00e9. Cette combinaison de qualit\u00e9s garantit qu'il est \u00e0 la fois facile \u00e0 transporter et suffisamment robuste pour r\u00e9pondre aux exigences d'une utilisation professionnelle.<\/p>\n<p><strong>Moteur servo zoom int\u00e9gr\u00e9<\/strong><\/p>\n<p>L'ajout d'un servomoteur de zoom int\u00e9gr\u00e9 distingue cet objectif des autres qui n\u00e9cessitent un moteur externe pour zoomer. Cette caract\u00e9ristique permet un zooming plus fluide et plus efficace, tout en renfor\u00e7ant le profil compact et l\u00e9ger de l'objectif.<\/p>\n<p><strong>Zoom stable, pas de r\u00e9\u00e9quilibrage n\u00e9cessaire<\/strong><\/p>\n<p>Gr\u00e2ce \u00e0 une conception o\u00f9 le mouvement du tube de l'objectif pendant le zoom est minime (moins de 5 mm), le r\u00e9\u00e9quilibrage n'est pas n\u00e9cessaire lorsqu'il est utilis\u00e9 avec un \u00e9quipement de stabilisation compatible tel que le Ronin 4D. Cette caract\u00e9ristique est cruciale pour les sc\u00e9narios de tournage dynamiques, car elle permet de filmer de mani\u00e8re fluide et ininterrompue.<\/p>\n<p><strong>R\u00e9sum\u00e9<\/strong><\/p>\n<p>L'objectif DJI DL PZ 17-28mm T3.0 ASPH s'impose comme une option sup\u00e9rieure pour les cin\u00e9astes qui appr\u00e9cient les focales polyvalentes, la qualit\u00e9 d'image exceptionnelle et la facilit\u00e9 d'utilisation dans un design robuste et facilement portable. Ses caract\u00e9ristiques r\u00e9pondent \u00e0 un large \u00e9ventail de besoins en mati\u00e8re de vid\u00e9ographie professionnelle.<\/p>\n<p>&nbsp;<\/p>","protected":false},"excerpt":{"rendered":"<ul>\n<li>Mise au point sans \u00e9talonnage<\/li>\n<li>Couvre les distances focales de 17 \u00e0 28 mm<\/li>\n<li>R\u00e9solution ultra-haute pour les capteurs 8K<\/li>\n<li>Distance minimale de l'objet 0,19 m<\/li>\n<li>Corps en alliage d'aluminium et de magn\u00e9sium de 520 g<\/li>\n<li>Servomoteur de zoom int\u00e9gr\u00e9<\/li>\n<li>Zoom sans r\u00e9\u00e9quilibrage sur Ronin 4D<\/li>\n<\/ul>","protected":false},"featured_media":4131,"template":"","meta":{"_acf_changed":false},"product_brand":[],"product_cat":[298,97,316,299],"product_tag":[],"class_list":{"0":"post-4134","1":"product","2":"type-product","3":"status-publish","4":"has-post-thumbnail","6":"product_cat-alle-industriele-camera","7":"product_cat-alle-producten","8":"product_cat-dji-zenmuse","9":"product_cat-gimbals-en-cameras","10":"product_shipping_class-acsystemsall","11":"pa_brand-dji","12":"pa_productfamily-camera-lens","13":"pa_producttype-camera-lens","15":"first","16":"instock","17":"taxable","18":"shipping-taxable","19":"purchasable","20":"product-type-simple"},"acf":[],"yoast_head":"<!-- This site is optimized with the Yoast SEO Premium plugin v27.2 (Yoast SEO v27.2) - https:\/\/yoast.com\/product\/yoast-seo-premium-wordpress\/ -->\n<title>DJI DL PZ 17-28 mm T3.0 ASPH Lens - koningdrone.be<\/title>\n<meta name=\"robots\" content=\"index, follow, max-snippet:-1, max-image-preview:large, max-video-preview:-1\" \/>\n<link rel=\"canonical\" href=\"https:\/\/koningdrone.be\/fr\/produit\/dji-dl-pz-17-28-mm-t3-0-asph-lens\/\" \/>\n<meta property=\"og:locale\" content=\"fr_FR\" \/>\n<meta property=\"og:type\" content=\"article\" \/>\n<meta property=\"og:title\" content=\"DJI DL PZ 17-28 mm T3.0 ASPH Lens\" \/>\n<meta property=\"og:description\" content=\"Kalibratievrije scherpstelervaring  Omvat brandpuntsafstanden van 17-28 mm  Ultrahoge resolutie voor 8K-sensoren  Minimale objectafstand 0,19 m  Lichaam van 520 g aluminium magnesiumlegering  Ingebouwde servozoommotor  Zoom zonder opnieuw in evenwicht te brengen op Ronin 4D\" \/>\n<meta property=\"og:url\" content=\"https:\/\/koningdrone.be\/fr\/produit\/dji-dl-pz-17-28-mm-t3-0-asph-lens\/\" \/>\n<meta property=\"og:site_name\" content=\"koningdrone.be\" \/>\n<meta property=\"article:modified_time\" content=\"2026-04-29T02:00:52+00:00\" \/>\n<meta property=\"og:image\" content=\"https:\/\/koningdrone.be\/wp-content\/uploads\/sites\/13\/2025\/04\/b43bb4baabf7f8766c1adf4955920019@large.jpg\" \/>\n\t<meta property=\"og:image:width\" content=\"1200\" \/>\n\t<meta property=\"og:image:height\" content=\"800\" \/>\n\t<meta property=\"og:image:type\" content=\"image\/jpeg\" \/>\n<meta name=\"twitter:card\" content=\"summary_large_image\" \/>\n<meta name=\"twitter:label1\" content=\"Dur\u00e9e de lecture est.\" \/>\n\t<meta name=\"twitter:data1\" content=\"2 minutes\" \/>\n<script type=\"application\/ld+json\" class=\"yoast-schema-graph\">{\"@context\":\"https:\/\/schema.org\",\"@graph\":[{\"@type\":\"WebPage\",\"@id\":\"https:\/\/koningdrone.be\/product\/dji-dl-pz-17-28-mm-t3-0-asph-lens\/\",\"url\":\"https:\/\/koningdrone.be\/product\/dji-dl-pz-17-28-mm-t3-0-asph-lens\/\",\"name\":\"DJI DL PZ 17-28 mm T3.0 ASPH Lens - koningdrone.be\",\"isPartOf\":{\"@id\":\"https:\/\/koningdrone.be\/#website\"},\"primaryImageOfPage\":{\"@id\":\"https:\/\/koningdrone.be\/product\/dji-dl-pz-17-28-mm-t3-0-asph-lens\/#primaryimage\"},\"image\":{\"@id\":\"https:\/\/koningdrone.be\/product\/dji-dl-pz-17-28-mm-t3-0-asph-lens\/#primaryimage\"},\"thumbnailUrl\":\"https:\/\/koningdrone.be\/wp-content\/uploads\/sites\/13\/2025\/04\/b43bb4baabf7f8766c1adf4955920019@large.jpg\",\"datePublished\":\"2024-03-13T14:29:50+00:00\",\"dateModified\":\"2026-04-29T02:00:52+00:00\",\"breadcrumb\":{\"@id\":\"https:\/\/koningdrone.be\/product\/dji-dl-pz-17-28-mm-t3-0-asph-lens\/#breadcrumb\"},\"inLanguage\":\"fr-BE\",\"potentialAction\":[{\"@type\":\"ReadAction\",\"target\":[\"https:\/\/koningdrone.be\/product\/dji-dl-pz-17-28-mm-t3-0-asph-lens\/\"]}]},{\"@type\":\"ImageObject\",\"inLanguage\":\"fr-BE\",\"@id\":\"https:\/\/koningdrone.be\/product\/dji-dl-pz-17-28-mm-t3-0-asph-lens\/#primaryimage\",\"url\":\"https:\/\/koningdrone.be\/wp-content\/uploads\/sites\/13\/2025\/04\/b43bb4baabf7f8766c1adf4955920019@large.jpg\",\"contentUrl\":\"https:\/\/koningdrone.be\/wp-content\/uploads\/sites\/13\/2025\/04\/b43bb4baabf7f8766c1adf4955920019@large.jpg\",\"width\":1200,\"height\":800},{\"@type\":\"BreadcrumbList\",\"@id\":\"https:\/\/koningdrone.be\/product\/dji-dl-pz-17-28-mm-t3-0-asph-lens\/#breadcrumb\",\"itemListElement\":[{\"@type\":\"ListItem\",\"position\":1,\"name\":\"Home\",\"item\":\"https:\/\/koningdrone.be\/\"},{\"@type\":\"ListItem\",\"position\":2,\"name\":\"AVSS Parachute Recovery System for DJI Matrice 300\/350\",\"item\":\"https:\/\/koningdrone.be\/product\/avss-parachute-recovery-system-for-dji-matrice-300-350\/\"},{\"@type\":\"ListItem\",\"position\":3,\"name\":\"Alle industriele camera\",\"item\":\"https:\/\/koningdrone.be\/categorie\/alle-industriele-camera\/\"},{\"@type\":\"ListItem\",\"position\":4,\"name\":\"DJI DL PZ 17-28 mm T3.0 ASPH Lens\"}]},{\"@type\":\"WebSite\",\"@id\":\"https:\/\/koningdrone.be\/#website\",\"url\":\"https:\/\/koningdrone.be\/\",\"name\":\"Koningdrone.be - Uw online specialist in drones, gimbals, camera's en power stations.\",\"description\":\"De webshop in drones en gimbals\",\"publisher\":{\"@id\":\"https:\/\/koningdrone.be\/#organization\"},\"potentialAction\":[{\"@type\":\"SearchAction\",\"target\":{\"@type\":\"EntryPoint\",\"urlTemplate\":\"https:\/\/koningdrone.be\/?s={search_term_string}\"},\"query-input\":{\"@type\":\"PropertyValueSpecification\",\"valueRequired\":true,\"valueName\":\"search_term_string\"}}],\"inLanguage\":\"fr-BE\"},{\"@type\":\"Organization\",\"@id\":\"https:\/\/koningdrone.be\/#organization\",\"name\":\"Koningdrone.be\",\"url\":\"https:\/\/koningdrone.be\/\",\"logo\":{\"@type\":\"ImageObject\",\"inLanguage\":\"fr-BE\",\"@id\":\"https:\/\/koningdrone.be\/#\/schema\/logo\/image\/\",\"url\":\"https:\/\/koningdrone.be\/wp-content\/uploads\/sites\/13\/2025\/04\/koningdrone-copyright-logo.svg\",\"contentUrl\":\"https:\/\/koningdrone.be\/wp-content\/uploads\/sites\/13\/2025\/04\/koningdrone-copyright-logo.svg\",\"width\":227,\"height\":38,\"caption\":\"Koningdrone.be\"},\"image\":{\"@id\":\"https:\/\/koningdrone.be\/#\/schema\/logo\/image\/\"}}]}<\/script>\n<!-- \/ Yoast SEO Premium plugin. -->","yoast_head_json":{"title":"DJI DL PZ 17-28 mm T3.0 ASPH Lens - koningdrone.be","robots":{"index":"index","follow":"follow","max-snippet":"max-snippet:-1","max-image-preview":"max-image-preview:large","max-video-preview":"max-video-preview:-1"},"canonical":"https:\/\/koningdrone.be\/fr\/produit\/dji-dl-pz-17-28-mm-t3-0-asph-lens\/","og_locale":"fr_FR","og_type":"article","og_title":"DJI DL PZ 17-28 mm T3.0 ASPH Lens","og_description":"Kalibratievrije scherpstelervaring  Omvat brandpuntsafstanden van 17-28 mm  Ultrahoge resolutie voor 8K-sensoren  Minimale objectafstand 0,19 m  Lichaam van 520 g aluminium magnesiumlegering  Ingebouwde servozoommotor  Zoom zonder opnieuw in evenwicht te brengen op Ronin 4D","og_url":"https:\/\/koningdrone.be\/fr\/produit\/dji-dl-pz-17-28-mm-t3-0-asph-lens\/","og_site_name":"koningdrone.be","article_modified_time":"2026-04-29T02:00:52+00:00","og_image":[{"width":1200,"height":800,"url":"https:\/\/koningdrone.be\/wp-content\/uploads\/sites\/13\/2025\/04\/b43bb4baabf7f8766c1adf4955920019@large.jpg","type":"image\/jpeg"}],"twitter_card":"summary_large_image","twitter_misc":{"Dur\u00e9e de lecture est.":"2 minutes"},"schema":{"@context":"https:\/\/schema.org","@graph":[{"@type":"WebPage","@id":"https:\/\/koningdrone.be\/product\/dji-dl-pz-17-28-mm-t3-0-asph-lens\/","url":"https:\/\/koningdrone.be\/product\/dji-dl-pz-17-28-mm-t3-0-asph-lens\/","name":"DJI DL PZ 17-28 mm T3.0 ASPH Lens - koningdrone.be","isPartOf":{"@id":"https:\/\/koningdrone.be\/#website"},"primaryImageOfPage":{"@id":"https:\/\/koningdrone.be\/product\/dji-dl-pz-17-28-mm-t3-0-asph-lens\/#primaryimage"},"image":{"@id":"https:\/\/koningdrone.be\/product\/dji-dl-pz-17-28-mm-t3-0-asph-lens\/#primaryimage"},"thumbnailUrl":"https:\/\/koningdrone.be\/wp-content\/uploads\/sites\/13\/2025\/04\/b43bb4baabf7f8766c1adf4955920019@large.jpg","datePublished":"2024-03-13T14:29:50+00:00","dateModified":"2026-04-29T02:00:52+00:00","breadcrumb":{"@id":"https:\/\/koningdrone.be\/product\/dji-dl-pz-17-28-mm-t3-0-asph-lens\/#breadcrumb"},"inLanguage":"fr-BE","potentialAction":[{"@type":"ReadAction","target":["https:\/\/koningdrone.be\/product\/dji-dl-pz-17-28-mm-t3-0-asph-lens\/"]}]},{"@type":"ImageObject","inLanguage":"fr-BE","@id":"https:\/\/koningdrone.be\/product\/dji-dl-pz-17-28-mm-t3-0-asph-lens\/#primaryimage","url":"https:\/\/koningdrone.be\/wp-content\/uploads\/sites\/13\/2025\/04\/b43bb4baabf7f8766c1adf4955920019@large.jpg","contentUrl":"https:\/\/koningdrone.be\/wp-content\/uploads\/sites\/13\/2025\/04\/b43bb4baabf7f8766c1adf4955920019@large.jpg","width":1200,"height":800},{"@type":"BreadcrumbList","@id":"https:\/\/koningdrone.be\/product\/dji-dl-pz-17-28-mm-t3-0-asph-lens\/#breadcrumb","itemListElement":[{"@type":"ListItem","position":1,"name":"Home","item":"https:\/\/koningdrone.be\/"},{"@type":"ListItem","position":2,"name":"AVSS Parachute Recovery System for DJI Matrice 300\/350","item":"https:\/\/koningdrone.be\/product\/avss-parachute-recovery-system-for-dji-matrice-300-350\/"},{"@type":"ListItem","position":3,"name":"Alle industriele camera","item":"https:\/\/koningdrone.be\/categorie\/alle-industriele-camera\/"},{"@type":"ListItem","position":4,"name":"DJI DL PZ 17-28 mm T3.0 ASPH Lens"}]},{"@type":"WebSite","@id":"https:\/\/koningdrone.be\/#website","url":"https:\/\/koningdrone.be\/","name":"Koningdrone.be - Votre sp\u00e9cialiste en ligne en mati\u00e8re de drones, de cardans, de cam\u00e9ras et de centrales \u00e9lectriques.","description":"La boutique en ligne de drones et de cardans","publisher":{"@id":"https:\/\/koningdrone.be\/#organization"},"potentialAction":[{"@type":"SearchAction","target":{"@type":"EntryPoint","urlTemplate":"https:\/\/koningdrone.be\/?s={search_term_string}"},"query-input":{"@type":"PropertyValueSpecification","valueRequired":true,"valueName":"search_term_string"}}],"inLanguage":"fr-BE"},{"@type":"Organization","@id":"https:\/\/koningdrone.be\/#organization","name":"Kingdrone.co.uk","url":"https:\/\/koningdrone.be\/","logo":{"@type":"ImageObject","inLanguage":"fr-BE","@id":"https:\/\/koningdrone.be\/#\/schema\/logo\/image\/","url":"https:\/\/koningdrone.be\/wp-content\/uploads\/sites\/13\/2025\/04\/koningdrone-copyright-logo.svg","contentUrl":"https:\/\/koningdrone.be\/wp-content\/uploads\/sites\/13\/2025\/04\/koningdrone-copyright-logo.svg","width":227,"height":38,"caption":"Koningdrone.be"},"image":{"@id":"https:\/\/koningdrone.be\/#\/schema\/logo\/image\/"}}]}},"df_price":1574,"df_sale_price":"","df_regular_price":1574,"df_image_link":"https:\/\/koningdrone.be\/wp-content\/uploads\/sites\/13\/2025\/04\/b43bb4baabf7f8766c1adf4955920019@large-300x200.jpg","_links":{"self":[{"href":"https:\/\/koningdrone.be\/fr\/wp-json\/wp\/v2\/product\/4134","targetHints":{"allow":["GET"]}}],"collection":[{"href":"https:\/\/koningdrone.be\/fr\/wp-json\/wp\/v2\/product"}],"about":[{"href":"https:\/\/koningdrone.be\/fr\/wp-json\/wp\/v2\/types\/product"}],"wp:featuredmedia":[{"embeddable":true,"href":"https:\/\/koningdrone.be\/fr\/wp-json\/wp\/v2\/media\/4131"}],"wp:attachment":[{"href":"https:\/\/koningdrone.be\/fr\/wp-json\/wp\/v2\/media?parent=4134"}],"wp:term":[{"taxonomy":"product_brand","embeddable":true,"href":"https:\/\/koningdrone.be\/fr\/wp-json\/wp\/v2\/product_brand?post=4134"},{"taxonomy":"product_cat","embeddable":true,"href":"https:\/\/koningdrone.be\/fr\/wp-json\/wp\/v2\/product_cat?post=4134"},{"taxonomy":"product_tag","embeddable":true,"href":"https:\/\/koningdrone.be\/fr\/wp-json\/wp\/v2\/product_tag?post=4134"}],"curies":[{"name":"wp","href":"https:\/\/api.w.org\/{rel}","templated":true}]}}