{"id":4126,"date":"2024-03-13T15:29:50","date_gmt":"2024-03-13T14:29:50","guid":{"rendered":"https:\/\/koningdrone.nl\/kon\/product\/dji-cinessd-960-gb\/"},"modified":"2026-04-29T15:40:18","modified_gmt":"2026-04-29T13:40:18","slug":"dji-cinessd-960-gb","status":"publish","type":"product","link":"https:\/\/koningdrone.be\/fr\/produit\/dji-cinessd-960-gb\/","title":{"rendered":"DJI CINESSD (960 GB)"},"content":{"rendered":"<p> Le DJI CINESSD est le summum de l'innovation en mati\u00e8re de stockage, con\u00e7u sp\u00e9cifiquement pour r\u00e9pondre aux exigences de vitesse de la vid\u00e9ographie professionnelle. Ce p\u00e9riph\u00e9rique de pointe exploite la puissance de la technologie NVMe pour offrir des performances in\u00e9gal\u00e9es en mati\u00e8re de transfert de donn\u00e9es et de stockage.<\/p>\n<p><strong>Technologie et compatibilit\u00e9<\/strong><\/p>\n<p> \u00c9quip\u00e9 de quatre ports PCI Express, le DJI CINESSD offre des taux de transfert de donn\u00e9es \u00e9lev\u00e9s, garantissant efficacit\u00e9 et fiabilit\u00e9 lors du traitement de fichiers volumineux. Il prend \u00e9galement en charge les formats de fichiers courants tels que FAT32 et exFAT, ce qui le rend hautement compatible avec une grande vari\u00e9t\u00e9 d'appareils et de syst\u00e8mes.<\/p>\n<p><strong>Capacit\u00e9 et vitesse de stockage exceptionnelles<\/strong><\/p>\n<p> Le choix du mod\u00e8le 960 Go du DJI CINESSD permet au drone Inspire 2 de capturer et de stocker des contenus vid\u00e9o de haute qualit\u00e9 \u00e0 des vitesses d'\u00e9criture stup\u00e9fiantes pouvant atteindre 4,7 Gb\/s. Ces capacit\u00e9s exceptionnelles en font un outil indispensable pour les professionnels de l'industrie cin\u00e9matographique qui exigent le meilleur en mati\u00e8re de stockage et de transfert de donn\u00e9es. Ces capacit\u00e9s exceptionnelles en font un outil indispensable pour les professionnels de l'industrie cin\u00e9matographique qui exigent le meilleur en mati\u00e8re de stockage de donn\u00e9es et de vitesse de transfert.<\/p>\n<p><strong>Con\u00e7u pour la r\u00e9alisation de films professionnels<\/strong><\/p>\n<p> Le DJI CINESSD est con\u00e7u pour r\u00e9pondre aux exigences de donn\u00e9es intenses de la r\u00e9alisation de films professionnels. Sa capacit\u00e9 \u00e0 capturer chaque d\u00e9tail sans compromis en fait un \u00e9l\u00e9ment essentiel de la production de contenu vid\u00e9o de haute qualit\u00e9.<\/p>\n<p><\/p>","protected":false},"excerpt":{"rendered":"<ul>\n<li>Utilise la sp\u00e9cification NVMe pour les interfaces de p\u00e9riph\u00e9riques logiques<\/li>\n<li> Comprend quatre ports PCI Express<\/li>\n<li> Prise en charge des formats de fichiers FAT32\/exFAT<\/li>\n<li> Version haute capacit\u00e9 de 960 Go<\/li>\n<li> Vitesses d'\u00e9criture allant jusqu'\u00e0 4,7 Gbps<\/li>\n<li> Id\u00e9al pour les besoins de tournage exigeants<\/li>\n<\/ul>","protected":false},"featured_media":4123,"template":"","meta":{"_acf_changed":false},"product_brand":[],"product_cat":[315,97,641,788],"product_tag":[],"class_list":{"0":"post-4126","1":"product","2":"type-product","3":"status-publish","4":"has-post-thumbnail","6":"product_cat-alle-gimbals-en-cameras","7":"product_cat-alle-producten","8":"product_cat-dji-inspire","9":"product_cat-dji-inspire-2","10":"product_shipping_class-outofstock","11":"pa_brand-dji","12":"pa_productfamily-ssd","13":"pa_producttype-ssd","15":"first","16":"outofstock","17":"taxable","18":"shipping-taxable","19":"purchasable","20":"product-type-simple"},"acf":[],"yoast_head":"<!-- This site is optimized with the Yoast SEO Premium plugin v27.2 (Yoast SEO v27.2) - https:\/\/yoast.com\/product\/yoast-seo-premium-wordpress\/ -->\n<title>DJI CINESSD (960 GB) - koningdrone.be<\/title>\n<meta name=\"robots\" content=\"index, follow, max-snippet:-1, max-image-preview:large, max-video-preview:-1\" \/>\n<link rel=\"canonical\" href=\"https:\/\/koningdrone.be\/fr\/produit\/dji-cinessd-960-gb\/\" \/>\n<meta property=\"og:locale\" content=\"fr_FR\" \/>\n<meta property=\"og:type\" content=\"article\" \/>\n<meta property=\"og:title\" content=\"DJI CINESSD (960 GB)\" \/>\n<meta property=\"og:description\" content=\"Maakt gebruik van NVMe-specificatie voor logische apparaatinterfaces Beschikt over vier PCI Express-poorten Ondersteunt FAT32\/exFAT-bestandsformaten 960 GB-versie voor hoge capaciteit Schrijfsnelheden tot 4,7 Gbps Ideaal voor veeleisende filmbehoeften\" \/>\n<meta property=\"og:url\" content=\"https:\/\/koningdrone.be\/fr\/produit\/dji-cinessd-960-gb\/\" \/>\n<meta property=\"og:site_name\" content=\"koningdrone.be\" \/>\n<meta property=\"article:modified_time\" content=\"2026-04-29T13:40:18+00:00\" \/>\n<meta property=\"og:image\" content=\"https:\/\/koningdrone.be\/wp-content\/uploads\/sites\/13\/2025\/04\/657742bb8440e6176057efc7a523561c@large.jpg\" \/>\n\t<meta property=\"og:image:width\" content=\"1200\" \/>\n\t<meta property=\"og:image:height\" content=\"800\" \/>\n\t<meta property=\"og:image:type\" content=\"image\/jpeg\" \/>\n<meta name=\"twitter:card\" content=\"summary_large_image\" \/>\n<meta name=\"twitter:label1\" content=\"Dur\u00e9e de lecture est.\" \/>\n\t<meta name=\"twitter:data1\" content=\"1 minute\" \/>\n<script type=\"application\/ld+json\" class=\"yoast-schema-graph\">{\"@context\":\"https:\/\/schema.org\",\"@graph\":[{\"@type\":\"WebPage\",\"@id\":\"https:\/\/koningdrone.be\/product\/dji-cinessd-960-gb\/\",\"url\":\"https:\/\/koningdrone.be\/product\/dji-cinessd-960-gb\/\",\"name\":\"DJI CINESSD (960 GB) - koningdrone.be\",\"isPartOf\":{\"@id\":\"https:\/\/koningdrone.be\/#website\"},\"primaryImageOfPage\":{\"@id\":\"https:\/\/koningdrone.be\/product\/dji-cinessd-960-gb\/#primaryimage\"},\"image\":{\"@id\":\"https:\/\/koningdrone.be\/product\/dji-cinessd-960-gb\/#primaryimage\"},\"thumbnailUrl\":\"https:\/\/koningdrone.be\/wp-content\/uploads\/sites\/13\/2025\/04\/657742bb8440e6176057efc7a523561c@large.jpg\",\"datePublished\":\"2024-03-13T14:29:50+00:00\",\"dateModified\":\"2026-04-29T13:40:18+00:00\",\"breadcrumb\":{\"@id\":\"https:\/\/koningdrone.be\/product\/dji-cinessd-960-gb\/#breadcrumb\"},\"inLanguage\":\"fr-BE\",\"potentialAction\":[{\"@type\":\"ReadAction\",\"target\":[\"https:\/\/koningdrone.be\/product\/dji-cinessd-960-gb\/\"]}]},{\"@type\":\"ImageObject\",\"inLanguage\":\"fr-BE\",\"@id\":\"https:\/\/koningdrone.be\/product\/dji-cinessd-960-gb\/#primaryimage\",\"url\":\"https:\/\/koningdrone.be\/wp-content\/uploads\/sites\/13\/2025\/04\/657742bb8440e6176057efc7a523561c@large.jpg\",\"contentUrl\":\"https:\/\/koningdrone.be\/wp-content\/uploads\/sites\/13\/2025\/04\/657742bb8440e6176057efc7a523561c@large.jpg\",\"width\":1200,\"height\":800},{\"@type\":\"BreadcrumbList\",\"@id\":\"https:\/\/koningdrone.be\/product\/dji-cinessd-960-gb\/#breadcrumb\",\"itemListElement\":[{\"@type\":\"ListItem\",\"position\":1,\"name\":\"Home\",\"item\":\"https:\/\/koningdrone.be\/\"},{\"@type\":\"ListItem\",\"position\":2,\"name\":\"AVSS Parachute Recovery System for DJI Matrice 300\/350\",\"item\":\"https:\/\/koningdrone.be\/product\/avss-parachute-recovery-system-for-dji-matrice-300-350\/\"},{\"@type\":\"ListItem\",\"position\":3,\"name\":\"Alle gimbals en cameras\",\"item\":\"https:\/\/koningdrone.be\/categorie\/alle-gimbals-en-cameras\/\"},{\"@type\":\"ListItem\",\"position\":4,\"name\":\"DJI CINESSD (960 GB)\"}]},{\"@type\":\"WebSite\",\"@id\":\"https:\/\/koningdrone.be\/#website\",\"url\":\"https:\/\/koningdrone.be\/\",\"name\":\"Koningdrone.be - Uw online specialist in drones, gimbals, camera's en power stations.\",\"description\":\"De webshop in drones en gimbals\",\"publisher\":{\"@id\":\"https:\/\/koningdrone.be\/#organization\"},\"potentialAction\":[{\"@type\":\"SearchAction\",\"target\":{\"@type\":\"EntryPoint\",\"urlTemplate\":\"https:\/\/koningdrone.be\/?s={search_term_string}\"},\"query-input\":{\"@type\":\"PropertyValueSpecification\",\"valueRequired\":true,\"valueName\":\"search_term_string\"}}],\"inLanguage\":\"fr-BE\"},{\"@type\":\"Organization\",\"@id\":\"https:\/\/koningdrone.be\/#organization\",\"name\":\"Koningdrone.be\",\"url\":\"https:\/\/koningdrone.be\/\",\"logo\":{\"@type\":\"ImageObject\",\"inLanguage\":\"fr-BE\",\"@id\":\"https:\/\/koningdrone.be\/#\/schema\/logo\/image\/\",\"url\":\"https:\/\/koningdrone.be\/wp-content\/uploads\/sites\/13\/2025\/04\/koningdrone-copyright-logo.svg\",\"contentUrl\":\"https:\/\/koningdrone.be\/wp-content\/uploads\/sites\/13\/2025\/04\/koningdrone-copyright-logo.svg\",\"width\":227,\"height\":38,\"caption\":\"Koningdrone.be\"},\"image\":{\"@id\":\"https:\/\/koningdrone.be\/#\/schema\/logo\/image\/\"}}]}<\/script>\n<!-- \/ Yoast SEO Premium plugin. -->","yoast_head_json":{"title":"DJI CINESSD (960 GB) - koningdrone.be","robots":{"index":"index","follow":"follow","max-snippet":"max-snippet:-1","max-image-preview":"max-image-preview:large","max-video-preview":"max-video-preview:-1"},"canonical":"https:\/\/koningdrone.be\/fr\/produit\/dji-cinessd-960-gb\/","og_locale":"fr_FR","og_type":"article","og_title":"DJI CINESSD (960 GB)","og_description":"Maakt gebruik van NVMe-specificatie voor logische apparaatinterfaces Beschikt over vier PCI Express-poorten Ondersteunt FAT32\/exFAT-bestandsformaten 960 GB-versie voor hoge capaciteit Schrijfsnelheden tot 4,7 Gbps Ideaal voor veeleisende filmbehoeften","og_url":"https:\/\/koningdrone.be\/fr\/produit\/dji-cinessd-960-gb\/","og_site_name":"koningdrone.be","article_modified_time":"2026-04-29T13:40:18+00:00","og_image":[{"width":1200,"height":800,"url":"https:\/\/koningdrone.be\/wp-content\/uploads\/sites\/13\/2025\/04\/657742bb8440e6176057efc7a523561c@large.jpg","type":"image\/jpeg"}],"twitter_card":"summary_large_image","twitter_misc":{"Dur\u00e9e de lecture est.":"1 minute"},"schema":{"@context":"https:\/\/schema.org","@graph":[{"@type":"WebPage","@id":"https:\/\/koningdrone.be\/product\/dji-cinessd-960-gb\/","url":"https:\/\/koningdrone.be\/product\/dji-cinessd-960-gb\/","name":"DJI CINESSD (960 GB) - koningdrone.be","isPartOf":{"@id":"https:\/\/koningdrone.be\/#website"},"primaryImageOfPage":{"@id":"https:\/\/koningdrone.be\/product\/dji-cinessd-960-gb\/#primaryimage"},"image":{"@id":"https:\/\/koningdrone.be\/product\/dji-cinessd-960-gb\/#primaryimage"},"thumbnailUrl":"https:\/\/koningdrone.be\/wp-content\/uploads\/sites\/13\/2025\/04\/657742bb8440e6176057efc7a523561c@large.jpg","datePublished":"2024-03-13T14:29:50+00:00","dateModified":"2026-04-29T13:40:18+00:00","breadcrumb":{"@id":"https:\/\/koningdrone.be\/product\/dji-cinessd-960-gb\/#breadcrumb"},"inLanguage":"fr-BE","potentialAction":[{"@type":"ReadAction","target":["https:\/\/koningdrone.be\/product\/dji-cinessd-960-gb\/"]}]},{"@type":"ImageObject","inLanguage":"fr-BE","@id":"https:\/\/koningdrone.be\/product\/dji-cinessd-960-gb\/#primaryimage","url":"https:\/\/koningdrone.be\/wp-content\/uploads\/sites\/13\/2025\/04\/657742bb8440e6176057efc7a523561c@large.jpg","contentUrl":"https:\/\/koningdrone.be\/wp-content\/uploads\/sites\/13\/2025\/04\/657742bb8440e6176057efc7a523561c@large.jpg","width":1200,"height":800},{"@type":"BreadcrumbList","@id":"https:\/\/koningdrone.be\/product\/dji-cinessd-960-gb\/#breadcrumb","itemListElement":[{"@type":"ListItem","position":1,"name":"Home","item":"https:\/\/koningdrone.be\/"},{"@type":"ListItem","position":2,"name":"AVSS Parachute Recovery System for DJI Matrice 300\/350","item":"https:\/\/koningdrone.be\/product\/avss-parachute-recovery-system-for-dji-matrice-300-350\/"},{"@type":"ListItem","position":3,"name":"Alle gimbals en cameras","item":"https:\/\/koningdrone.be\/categorie\/alle-gimbals-en-cameras\/"},{"@type":"ListItem","position":4,"name":"DJI CINESSD (960 GB)"}]},{"@type":"WebSite","@id":"https:\/\/koningdrone.be\/#website","url":"https:\/\/koningdrone.be\/","name":"Koningdrone.be - Votre sp\u00e9cialiste en ligne en mati\u00e8re de drones, de cardans, de cam\u00e9ras et de centrales \u00e9lectriques.","description":"La boutique en ligne de drones et de cardans","publisher":{"@id":"https:\/\/koningdrone.be\/#organization"},"potentialAction":[{"@type":"SearchAction","target":{"@type":"EntryPoint","urlTemplate":"https:\/\/koningdrone.be\/?s={search_term_string}"},"query-input":{"@type":"PropertyValueSpecification","valueRequired":true,"valueName":"search_term_string"}}],"inLanguage":"fr-BE"},{"@type":"Organization","@id":"https:\/\/koningdrone.be\/#organization","name":"Kingdrone.co.uk","url":"https:\/\/koningdrone.be\/","logo":{"@type":"ImageObject","inLanguage":"fr-BE","@id":"https:\/\/koningdrone.be\/#\/schema\/logo\/image\/","url":"https:\/\/koningdrone.be\/wp-content\/uploads\/sites\/13\/2025\/04\/koningdrone-copyright-logo.svg","contentUrl":"https:\/\/koningdrone.be\/wp-content\/uploads\/sites\/13\/2025\/04\/koningdrone-copyright-logo.svg","width":227,"height":38,"caption":"Koningdrone.be"},"image":{"@id":"https:\/\/koningdrone.be\/#\/schema\/logo\/image\/"}}]}},"df_price":1699,"df_sale_price":"","df_regular_price":1699,"df_image_link":"https:\/\/koningdrone.be\/wp-content\/uploads\/sites\/13\/2025\/04\/657742bb8440e6176057efc7a523561c@large-300x200.jpg","_links":{"self":[{"href":"https:\/\/koningdrone.be\/fr\/wp-json\/wp\/v2\/product\/4126","targetHints":{"allow":["GET"]}}],"collection":[{"href":"https:\/\/koningdrone.be\/fr\/wp-json\/wp\/v2\/product"}],"about":[{"href":"https:\/\/koningdrone.be\/fr\/wp-json\/wp\/v2\/types\/product"}],"wp:featuredmedia":[{"embeddable":true,"href":"https:\/\/koningdrone.be\/fr\/wp-json\/wp\/v2\/media\/4123"}],"wp:attachment":[{"href":"https:\/\/koningdrone.be\/fr\/wp-json\/wp\/v2\/media?parent=4126"}],"wp:term":[{"taxonomy":"product_brand","embeddable":true,"href":"https:\/\/koningdrone.be\/fr\/wp-json\/wp\/v2\/product_brand?post=4126"},{"taxonomy":"product_cat","embeddable":true,"href":"https:\/\/koningdrone.be\/fr\/wp-json\/wp\/v2\/product_cat?post=4126"},{"taxonomy":"product_tag","embeddable":true,"href":"https:\/\/koningdrone.be\/fr\/wp-json\/wp\/v2\/product_tag?post=4126"}],"curies":[{"name":"wp","href":"https:\/\/api.w.org\/{rel}","templated":true}]}}