{"id":4122,"date":"2024-03-13T15:29:50","date_gmt":"2024-03-13T14:29:50","guid":{"rendered":"https:\/\/koningdrone.nl\/kon\/product\/dji-battery-safe-bag-large-size\/"},"modified":"2026-04-29T10:10:39","modified_gmt":"2026-04-29T08:10:39","slug":"dji-battery-safe-bag-large-size","status":"publish","type":"product","link":"https:\/\/koningdrone.be\/fr\/produit\/dji-battery-safe-bag-large-size\/","title":{"rendered":"DJI Battery Safe Bag (Large Size)"},"content":{"rendered":"<p><strong>Introduction au sac de s\u00e9curit\u00e9 pour batterie<\/strong><\/p>\n<p> Le Battery Safe Bag constitue une option de protection fiable pour les personnes qui souhaitent stocker ou transporter leurs piles, en veillant \u00e0 ce qu'elles soient conserv\u00e9es dans des conditions qui r\u00e9duisent le risque d'incendie accidentel. Ce produit a \u00e9t\u00e9 con\u00e7u de mani\u00e8re innovante pour rassurer les utilisateurs, en soulignant son r\u00f4le essentiel dans la promotion de la s\u00e9curit\u00e9 et la r\u00e9duction des risques potentiels li\u00e9s \u00e0 l'utilisation et au stockage des piles.<\/p>\n<p><strong>Caract\u00e9ristiques et conception<\/strong><\/p>\n<p> Con\u00e7u dans un souci de s\u00e9curit\u00e9, le Battery Safe Bag est fabriqu\u00e9 \u00e0 partir de mat\u00e9riaux capables de r\u00e9sister \u00e0 des temp\u00e9ratures \u00e9lev\u00e9es, ce qui permet de pi\u00e9ger et d'\u00e9touffer efficacement toute flamme pouvant r\u00e9sulter d'une d\u00e9faillance de la batterie. Cette caract\u00e9ristique est cruciale, car elle r\u00e9duit consid\u00e9rablement le risque d'enflammer des objets \u00e0 proximit\u00e9 ou de provoquer un incendie plus important. La conception privil\u00e9gie la durabilit\u00e9 et la fonctionnalit\u00e9, ce qui permet d'utiliser le sac de mani\u00e8re r\u00e9p\u00e9t\u00e9e pour diff\u00e9rents types de piles.<\/p>\n<p><strong>Avantages de l'utilisation d'un sac \u00e0 piles<\/strong><\/p>\n<p> L'utilisation d'un sac de s\u00e9curit\u00e9 pour piles pr\u00e9sente de nombreux avantages. En plus de r\u00e9duire consid\u00e9rablement le risque d'incendie, il constitue un moyen pratique et organis\u00e9 de transporter les piles, en particulier pour ceux qui voyagent fr\u00e9quemment ou qui ont besoin de mobilit\u00e9 dans leurs activit\u00e9s. Le sac sert \u00e9galement de point central pour le stockage des piles, ce qui facilite la gestion du stock de piles et r\u00e9duit le risque d'\u00e9garement ou d'endommagement potentiel des objets environnants.<\/p>\n<p><strong>Conclusion<\/strong><\/p>\n<p> En r\u00e9sum\u00e9, le Battery Safe Bag est un accessoire essentiel pour tous ceux qui manipulent des piles, que ce soit \u00e0 des fins personnelles, professionnelles ou r\u00e9cr\u00e9atives. Sa conception innovante, qui vise \u00e0 pr\u00e9venir les incendies, r\u00e9pond efficacement aux questions de s\u00e9curit\u00e9, ce qui en fait un investissement judicieux pour prot\u00e9ger non seulement les piles elles-m\u00eames, mais aussi l'environnement et les personnes contre les dommages potentiels. Reconnaissant l'importance de la s\u00e9curit\u00e9 des piles, ce produit est indispensable pour garantir la tranquillit\u00e9 d'esprit et la s\u00e9curit\u00e9 lors de l'utilisation et du stockage des piles.<\/p>\n<p><\/p>","protected":false},"excerpt":{"rendered":"<ul>\n<li>Une solution de stockage fiable<\/li>\n<li> Am\u00e9liore la s\u00e9curit\u00e9 du transport des piles<\/li>\n<li> Minimise les dommages li\u00e9s \u00e0 la combustion<\/li>\n<li> R\u00e9duit le risque d'enflammer des objets \u00e0 proximit\u00e9<\/li>\n<\/ul>","protected":false},"featured_media":4115,"template":"","meta":{"_acf_changed":false},"product_brand":[],"product_cat":[113,97,469],"product_tag":[],"class_list":{"0":"post-4122","1":"product","2":"type-product","3":"status-publish","4":"has-post-thumbnail","6":"product_cat-alle-batterijen","7":"product_cat-alle-producten","8":"product_cat-dji-accessories","9":"product_shipping_class-outofstock","10":"pa_brand-dji","11":"pa_productfamily-accessoire","12":"pa_producttype-accessoire","14":"first","15":"outofstock","16":"taxable","17":"shipping-taxable","18":"product-type-simple"},"acf":[],"yoast_head":"<!-- This site is optimized with the Yoast SEO Premium plugin v27.2 (Yoast SEO v27.2) - https:\/\/yoast.com\/product\/yoast-seo-premium-wordpress\/ -->\n<title>DJI Battery Safe Bag (Large Size) - koningdrone.be<\/title>\n<meta name=\"robots\" content=\"index, follow, max-snippet:-1, max-image-preview:large, max-video-preview:-1\" \/>\n<link rel=\"canonical\" href=\"https:\/\/koningdrone.be\/fr\/produit\/dji-battery-safe-bag-large-size\/\" \/>\n<meta property=\"og:locale\" content=\"fr_FR\" \/>\n<meta property=\"og:type\" content=\"article\" \/>\n<meta property=\"og:title\" content=\"DJI Battery Safe Bag (Large Size)\" \/>\n<meta property=\"og:description\" content=\"Betrouwbare oplossing voor batterijopslag Verbetert het veilige transport van batterijen Minimaliseert verbrandinggerelateerde schade Vermindert het risico op het ontsteken van voorwerpen in de buurt\" \/>\n<meta property=\"og:url\" content=\"https:\/\/koningdrone.be\/fr\/produit\/dji-battery-safe-bag-large-size\/\" \/>\n<meta property=\"og:site_name\" content=\"koningdrone.be\" \/>\n<meta property=\"article:modified_time\" content=\"2026-04-29T08:10:39+00:00\" \/>\n<meta property=\"og:image\" content=\"https:\/\/koningdrone.be\/wp-content\/uploads\/sites\/13\/2025\/04\/large_c0047087-589c-4f68-a2c7-205720060c36.jpg\" \/>\n\t<meta property=\"og:image:width\" content=\"1200\" \/>\n\t<meta property=\"og:image:height\" content=\"800\" \/>\n\t<meta property=\"og:image:type\" content=\"image\/jpeg\" \/>\n<meta name=\"twitter:card\" content=\"summary_large_image\" \/>\n<meta name=\"twitter:label1\" content=\"Dur\u00e9e de lecture est.\" \/>\n\t<meta name=\"twitter:data1\" content=\"2 minutes\" \/>\n<script type=\"application\/ld+json\" class=\"yoast-schema-graph\">{\"@context\":\"https:\/\/schema.org\",\"@graph\":[{\"@type\":\"WebPage\",\"@id\":\"https:\/\/koningdrone.be\/product\/dji-battery-safe-bag-large-size\/\",\"url\":\"https:\/\/koningdrone.be\/product\/dji-battery-safe-bag-large-size\/\",\"name\":\"DJI Battery Safe Bag (Large Size) - koningdrone.be\",\"isPartOf\":{\"@id\":\"https:\/\/koningdrone.be\/#website\"},\"primaryImageOfPage\":{\"@id\":\"https:\/\/koningdrone.be\/product\/dji-battery-safe-bag-large-size\/#primaryimage\"},\"image\":{\"@id\":\"https:\/\/koningdrone.be\/product\/dji-battery-safe-bag-large-size\/#primaryimage\"},\"thumbnailUrl\":\"https:\/\/koningdrone.be\/wp-content\/uploads\/sites\/13\/2025\/04\/large_c0047087-589c-4f68-a2c7-205720060c36.jpg\",\"datePublished\":\"2024-03-13T14:29:50+00:00\",\"dateModified\":\"2026-04-29T08:10:39+00:00\",\"breadcrumb\":{\"@id\":\"https:\/\/koningdrone.be\/product\/dji-battery-safe-bag-large-size\/#breadcrumb\"},\"inLanguage\":\"fr-BE\",\"potentialAction\":[{\"@type\":\"ReadAction\",\"target\":[\"https:\/\/koningdrone.be\/product\/dji-battery-safe-bag-large-size\/\"]}]},{\"@type\":\"ImageObject\",\"inLanguage\":\"fr-BE\",\"@id\":\"https:\/\/koningdrone.be\/product\/dji-battery-safe-bag-large-size\/#primaryimage\",\"url\":\"https:\/\/koningdrone.be\/wp-content\/uploads\/sites\/13\/2025\/04\/large_c0047087-589c-4f68-a2c7-205720060c36.jpg\",\"contentUrl\":\"https:\/\/koningdrone.be\/wp-content\/uploads\/sites\/13\/2025\/04\/large_c0047087-589c-4f68-a2c7-205720060c36.jpg\",\"width\":1200,\"height\":800},{\"@type\":\"BreadcrumbList\",\"@id\":\"https:\/\/koningdrone.be\/product\/dji-battery-safe-bag-large-size\/#breadcrumb\",\"itemListElement\":[{\"@type\":\"ListItem\",\"position\":1,\"name\":\"Home\",\"item\":\"https:\/\/koningdrone.be\/\"},{\"@type\":\"ListItem\",\"position\":2,\"name\":\"AVSS Parachute Recovery System for DJI Matrice 300\/350\",\"item\":\"https:\/\/koningdrone.be\/product\/avss-parachute-recovery-system-for-dji-matrice-300-350\/\"},{\"@type\":\"ListItem\",\"position\":3,\"name\":\"Alle batterijen\",\"item\":\"https:\/\/koningdrone.be\/categorie\/alle-batterijen\/\"},{\"@type\":\"ListItem\",\"position\":4,\"name\":\"DJI Battery Safe Bag (Large Size)\"}]},{\"@type\":\"WebSite\",\"@id\":\"https:\/\/koningdrone.be\/#website\",\"url\":\"https:\/\/koningdrone.be\/\",\"name\":\"Koningdrone.be - Uw online specialist in drones, gimbals, camera's en power stations.\",\"description\":\"De webshop in drones en gimbals\",\"publisher\":{\"@id\":\"https:\/\/koningdrone.be\/#organization\"},\"potentialAction\":[{\"@type\":\"SearchAction\",\"target\":{\"@type\":\"EntryPoint\",\"urlTemplate\":\"https:\/\/koningdrone.be\/?s={search_term_string}\"},\"query-input\":{\"@type\":\"PropertyValueSpecification\",\"valueRequired\":true,\"valueName\":\"search_term_string\"}}],\"inLanguage\":\"fr-BE\"},{\"@type\":\"Organization\",\"@id\":\"https:\/\/koningdrone.be\/#organization\",\"name\":\"Koningdrone.be\",\"url\":\"https:\/\/koningdrone.be\/\",\"logo\":{\"@type\":\"ImageObject\",\"inLanguage\":\"fr-BE\",\"@id\":\"https:\/\/koningdrone.be\/#\/schema\/logo\/image\/\",\"url\":\"https:\/\/koningdrone.be\/wp-content\/uploads\/sites\/13\/2025\/04\/koningdrone-copyright-logo.svg\",\"contentUrl\":\"https:\/\/koningdrone.be\/wp-content\/uploads\/sites\/13\/2025\/04\/koningdrone-copyright-logo.svg\",\"width\":227,\"height\":38,\"caption\":\"Koningdrone.be\"},\"image\":{\"@id\":\"https:\/\/koningdrone.be\/#\/schema\/logo\/image\/\"}}]}<\/script>\n<!-- \/ Yoast SEO Premium plugin. -->","yoast_head_json":{"title":"DJI Battery Safe Bag (Large Size) - koningdrone.be","robots":{"index":"index","follow":"follow","max-snippet":"max-snippet:-1","max-image-preview":"max-image-preview:large","max-video-preview":"max-video-preview:-1"},"canonical":"https:\/\/koningdrone.be\/fr\/produit\/dji-battery-safe-bag-large-size\/","og_locale":"fr_FR","og_type":"article","og_title":"DJI Battery Safe Bag (Large Size)","og_description":"Betrouwbare oplossing voor batterijopslag Verbetert het veilige transport van batterijen Minimaliseert verbrandinggerelateerde schade Vermindert het risico op het ontsteken van voorwerpen in de buurt","og_url":"https:\/\/koningdrone.be\/fr\/produit\/dji-battery-safe-bag-large-size\/","og_site_name":"koningdrone.be","article_modified_time":"2026-04-29T08:10:39+00:00","og_image":[{"width":1200,"height":800,"url":"https:\/\/koningdrone.be\/wp-content\/uploads\/sites\/13\/2025\/04\/large_c0047087-589c-4f68-a2c7-205720060c36.jpg","type":"image\/jpeg"}],"twitter_card":"summary_large_image","twitter_misc":{"Dur\u00e9e de lecture est.":"2 minutes"},"schema":{"@context":"https:\/\/schema.org","@graph":[{"@type":"WebPage","@id":"https:\/\/koningdrone.be\/product\/dji-battery-safe-bag-large-size\/","url":"https:\/\/koningdrone.be\/product\/dji-battery-safe-bag-large-size\/","name":"DJI Battery Safe Bag (Large Size) - koningdrone.be","isPartOf":{"@id":"https:\/\/koningdrone.be\/#website"},"primaryImageOfPage":{"@id":"https:\/\/koningdrone.be\/product\/dji-battery-safe-bag-large-size\/#primaryimage"},"image":{"@id":"https:\/\/koningdrone.be\/product\/dji-battery-safe-bag-large-size\/#primaryimage"},"thumbnailUrl":"https:\/\/koningdrone.be\/wp-content\/uploads\/sites\/13\/2025\/04\/large_c0047087-589c-4f68-a2c7-205720060c36.jpg","datePublished":"2024-03-13T14:29:50+00:00","dateModified":"2026-04-29T08:10:39+00:00","breadcrumb":{"@id":"https:\/\/koningdrone.be\/product\/dji-battery-safe-bag-large-size\/#breadcrumb"},"inLanguage":"fr-BE","potentialAction":[{"@type":"ReadAction","target":["https:\/\/koningdrone.be\/product\/dji-battery-safe-bag-large-size\/"]}]},{"@type":"ImageObject","inLanguage":"fr-BE","@id":"https:\/\/koningdrone.be\/product\/dji-battery-safe-bag-large-size\/#primaryimage","url":"https:\/\/koningdrone.be\/wp-content\/uploads\/sites\/13\/2025\/04\/large_c0047087-589c-4f68-a2c7-205720060c36.jpg","contentUrl":"https:\/\/koningdrone.be\/wp-content\/uploads\/sites\/13\/2025\/04\/large_c0047087-589c-4f68-a2c7-205720060c36.jpg","width":1200,"height":800},{"@type":"BreadcrumbList","@id":"https:\/\/koningdrone.be\/product\/dji-battery-safe-bag-large-size\/#breadcrumb","itemListElement":[{"@type":"ListItem","position":1,"name":"Home","item":"https:\/\/koningdrone.be\/"},{"@type":"ListItem","position":2,"name":"AVSS Parachute Recovery System for DJI Matrice 300\/350","item":"https:\/\/koningdrone.be\/product\/avss-parachute-recovery-system-for-dji-matrice-300-350\/"},{"@type":"ListItem","position":3,"name":"Alle batterijen","item":"https:\/\/koningdrone.be\/categorie\/alle-batterijen\/"},{"@type":"ListItem","position":4,"name":"DJI Battery Safe Bag (Large Size)"}]},{"@type":"WebSite","@id":"https:\/\/koningdrone.be\/#website","url":"https:\/\/koningdrone.be\/","name":"Koningdrone.be - Votre sp\u00e9cialiste en ligne en mati\u00e8re de drones, de cardans, de cam\u00e9ras et de centrales \u00e9lectriques.","description":"La boutique en ligne de drones et de cardans","publisher":{"@id":"https:\/\/koningdrone.be\/#organization"},"potentialAction":[{"@type":"SearchAction","target":{"@type":"EntryPoint","urlTemplate":"https:\/\/koningdrone.be\/?s={search_term_string}"},"query-input":{"@type":"PropertyValueSpecification","valueRequired":true,"valueName":"search_term_string"}}],"inLanguage":"fr-BE"},{"@type":"Organization","@id":"https:\/\/koningdrone.be\/#organization","name":"Kingdrone.co.uk","url":"https:\/\/koningdrone.be\/","logo":{"@type":"ImageObject","inLanguage":"fr-BE","@id":"https:\/\/koningdrone.be\/#\/schema\/logo\/image\/","url":"https:\/\/koningdrone.be\/wp-content\/uploads\/sites\/13\/2025\/04\/koningdrone-copyright-logo.svg","contentUrl":"https:\/\/koningdrone.be\/wp-content\/uploads\/sites\/13\/2025\/04\/koningdrone-copyright-logo.svg","width":227,"height":38,"caption":"Koningdrone.be"},"image":{"@id":"https:\/\/koningdrone.be\/#\/schema\/logo\/image\/"}}]}},"df_price":"","df_sale_price":"","df_regular_price":"","df_image_link":"https:\/\/koningdrone.be\/wp-content\/uploads\/sites\/13\/2025\/04\/large_c0047087-589c-4f68-a2c7-205720060c36-300x200.jpg","_links":{"self":[{"href":"https:\/\/koningdrone.be\/fr\/wp-json\/wp\/v2\/product\/4122","targetHints":{"allow":["GET"]}}],"collection":[{"href":"https:\/\/koningdrone.be\/fr\/wp-json\/wp\/v2\/product"}],"about":[{"href":"https:\/\/koningdrone.be\/fr\/wp-json\/wp\/v2\/types\/product"}],"wp:featuredmedia":[{"embeddable":true,"href":"https:\/\/koningdrone.be\/fr\/wp-json\/wp\/v2\/media\/4115"}],"wp:attachment":[{"href":"https:\/\/koningdrone.be\/fr\/wp-json\/wp\/v2\/media?parent=4122"}],"wp:term":[{"taxonomy":"product_brand","embeddable":true,"href":"https:\/\/koningdrone.be\/fr\/wp-json\/wp\/v2\/product_brand?post=4122"},{"taxonomy":"product_cat","embeddable":true,"href":"https:\/\/koningdrone.be\/fr\/wp-json\/wp\/v2\/product_cat?post=4122"},{"taxonomy":"product_tag","embeddable":true,"href":"https:\/\/koningdrone.be\/fr\/wp-json\/wp\/v2\/product_tag?post=4122"}],"curies":[{"name":"wp","href":"https:\/\/api.w.org\/{rel}","templated":true}]}}