{"id":4114,"date":"2024-03-13T15:30:47","date_gmt":"2024-03-13T14:30:47","guid":{"rendered":"https:\/\/koningdrone.nl\/kon\/product\/dji-focus-handwheel-2\/"},"modified":"2026-04-29T06:50:32","modified_gmt":"2026-04-29T04:50:32","slug":"dji-focus-handwheel-2","status":"publish","type":"product","link":"https:\/\/koningdrone.be\/fr\/produit\/dji-focus-handwheel-2\/","title":{"rendered":"DJI Focus Handwheel 2"},"content":{"rendered":"<p><strong>Pr\u00e9sentation de la DJI Focus handwheel 2<\/strong><\/p>\n<p> La manivelle DJI Focus 2 a \u00e9t\u00e9 soigneusement con\u00e7ue pour am\u00e9liorer le contr\u00f4le que les utilisateurs ont sur leurs cam\u00e9ras Inspire 2 et Osmo Pro\/RAW. Ce dispositif innovant permet aux utilisateurs d'effectuer des r\u00e9glages pr\u00e9cis de l'ouverture, de la mise au point ou du zoom, am\u00e9liorant ainsi consid\u00e9rablement la qualit\u00e9 de leurs prises de vue. Il s'agit d'un outil essentiel pour les d\u00e9butants qui cherchent \u00e0 am\u00e9liorer leurs comp\u00e9tences en photographie et pour les experts qui s'efforcent d'exercer un contr\u00f4le m\u00e9ticuleux sur leurs projets.<\/p>\n<p><strong>Un contr\u00f4le am\u00e9lior\u00e9 pour une photographie inspir\u00e9e<\/strong><\/p>\n<p> L'une des principales caract\u00e9ristiques de la manivelle DJI Focus 2 est sa pr\u00e9cision in\u00e9gal\u00e9e dans le contr\u00f4le des fonctions critiques de l'appareil photo. Que vous souhaitiez ajuster la mise au point pour obtenir un portrait d'une grande clart\u00e9 ou modifier l'ouverture pour obtenir une exposition parfaite, cette manivelle vous donne le contr\u00f4le dont vous avez besoin. Elle transforme les r\u00e9glages compliqu\u00e9s en t\u00e2ches simples, permettant \u00e0 votre vision cr\u00e9ative d'\u00eatre pleinement r\u00e9alis\u00e9e en toute simplicit\u00e9.<\/p>\n<p><strong>Interface conviviale<\/strong><\/p>\n<p> Dot\u00e9 d'une interface conviviale, le DJI Focus Handwheel 2 facilite consid\u00e9rablement l'acc\u00e8s et le r\u00e9glage des param\u00e8tres de l'appareil photo. Cette accessibilit\u00e9 permet aux utilisateurs de tous niveaux de prendre les photos qu'ils souhaitent sans avoir \u00e0 naviguer dans des menus complexes ou \u00e0 m\u00e9moriser des proc\u00e9dures compliqu\u00e9es. La conception intuitive de la manivelle vous permet de vous concentrer davantage sur votre photographie et moins sur les d\u00e9tails techniques des r\u00e9glages de l'appareil photo.<\/p>\n<p><strong>La pr\u00e9cision au bout des doigts<\/strong><\/p>\n<p> La manivelle de mise au point 2 de DJI offre un contr\u00f4le de pr\u00e9cision au bout des doigts, permettant les ajustements pr\u00e9cis n\u00e9cessaires pour des prises de vue de qualit\u00e9 professionnelle. Qu'il s'agisse d'affiner la mise au point pour des images nettes ou d'ajuster le zoom pour un cadrage parfait, ce dispositif offre au photographe un contr\u00f4le complet. C'est un outil indispensable pour capturer votre vision avec pr\u00e9cision et brio.<\/p>\n<p><\/p>","protected":false},"excerpt":{"rendered":"<ul>\n<li>Permet un contr\u00f4le pr\u00e9cis de l'ouverture, de la mise au point ou du zoom.<\/li>\n<li> Compatible avec les cam\u00e9ras Inspire 2 et Osmo Pro\/RAW.<\/li>\n<li> Facilite l'utilisation pour les utilisateurs.<\/li>\n<\/ul>","protected":false},"featured_media":4108,"template":"","meta":{"_acf_changed":false},"product_brand":[],"product_cat":[97,640,788,297,816],"product_tag":[],"class_list":{"0":"post-4114","1":"product","2":"type-product","3":"status-publish","4":"has-post-thumbnail","6":"product_cat-alle-producten","7":"product_cat-dji-focus","8":"product_cat-dji-inspire-2","9":"product_cat-dji-osmo","10":"product_cat-dji-osmo-pro","11":"product_shipping_class-outofstock","12":"pa_brand-dji","13":"pa_productfamily-controller","14":"pa_producttype-controller","16":"first","17":"outofstock","18":"taxable","19":"shipping-taxable","20":"product-type-simple"},"acf":[],"yoast_head":"<!-- This site is optimized with the Yoast SEO Premium plugin v27.2 (Yoast SEO v27.2) - https:\/\/yoast.com\/product\/yoast-seo-premium-wordpress\/ -->\n<title>DJI Focus Handwheel 2 - koningdrone.be<\/title>\n<meta name=\"robots\" content=\"index, follow, max-snippet:-1, max-image-preview:large, max-video-preview:-1\" \/>\n<link rel=\"canonical\" href=\"https:\/\/koningdrone.be\/fr\/produit\/dji-focus-handwheel-2\/\" \/>\n<meta property=\"og:locale\" content=\"fr_FR\" \/>\n<meta property=\"og:type\" content=\"article\" \/>\n<meta property=\"og:title\" content=\"DJI Focus Handwheel 2\" \/>\n<meta property=\"og:description\" content=\"Maakt nauwkeurige controle over diafragma, focus of zoom mogelijk. Compatibel met Inspire 2- en Osmo Pro\/RAW-camera&#039;s. Biedt gemakkelijke bediening voor gebruikers.\" \/>\n<meta property=\"og:url\" content=\"https:\/\/koningdrone.be\/fr\/produit\/dji-focus-handwheel-2\/\" \/>\n<meta property=\"og:site_name\" content=\"koningdrone.be\" \/>\n<meta property=\"article:modified_time\" content=\"2026-04-29T04:50:32+00:00\" \/>\n<meta property=\"og:image\" content=\"https:\/\/koningdrone.be\/wp-content\/uploads\/sites\/13\/2025\/04\/large_64d0c781-a464-4c36-ae10-71da8ae57ad7.jpg\" \/>\n\t<meta property=\"og:image:width\" content=\"1200\" \/>\n\t<meta property=\"og:image:height\" content=\"800\" \/>\n\t<meta property=\"og:image:type\" content=\"image\/jpeg\" \/>\n<meta name=\"twitter:card\" content=\"summary_large_image\" \/>\n<meta name=\"twitter:label1\" content=\"Dur\u00e9e de lecture est.\" \/>\n\t<meta name=\"twitter:data1\" content=\"2 minutes\" \/>\n<script type=\"application\/ld+json\" class=\"yoast-schema-graph\">{\"@context\":\"https:\/\/schema.org\",\"@graph\":[{\"@type\":\"WebPage\",\"@id\":\"https:\/\/koningdrone.be\/product\/dji-focus-handwheel-2\/\",\"url\":\"https:\/\/koningdrone.be\/product\/dji-focus-handwheel-2\/\",\"name\":\"DJI Focus Handwheel 2 - koningdrone.be\",\"isPartOf\":{\"@id\":\"https:\/\/koningdrone.be\/#website\"},\"primaryImageOfPage\":{\"@id\":\"https:\/\/koningdrone.be\/product\/dji-focus-handwheel-2\/#primaryimage\"},\"image\":{\"@id\":\"https:\/\/koningdrone.be\/product\/dji-focus-handwheel-2\/#primaryimage\"},\"thumbnailUrl\":\"https:\/\/koningdrone.be\/wp-content\/uploads\/sites\/13\/2025\/04\/large_64d0c781-a464-4c36-ae10-71da8ae57ad7.jpg\",\"datePublished\":\"2024-03-13T14:30:47+00:00\",\"dateModified\":\"2026-04-29T04:50:32+00:00\",\"breadcrumb\":{\"@id\":\"https:\/\/koningdrone.be\/product\/dji-focus-handwheel-2\/#breadcrumb\"},\"inLanguage\":\"fr-BE\",\"potentialAction\":[{\"@type\":\"ReadAction\",\"target\":[\"https:\/\/koningdrone.be\/product\/dji-focus-handwheel-2\/\"]}]},{\"@type\":\"ImageObject\",\"inLanguage\":\"fr-BE\",\"@id\":\"https:\/\/koningdrone.be\/product\/dji-focus-handwheel-2\/#primaryimage\",\"url\":\"https:\/\/koningdrone.be\/wp-content\/uploads\/sites\/13\/2025\/04\/large_64d0c781-a464-4c36-ae10-71da8ae57ad7.jpg\",\"contentUrl\":\"https:\/\/koningdrone.be\/wp-content\/uploads\/sites\/13\/2025\/04\/large_64d0c781-a464-4c36-ae10-71da8ae57ad7.jpg\",\"width\":1200,\"height\":800},{\"@type\":\"BreadcrumbList\",\"@id\":\"https:\/\/koningdrone.be\/product\/dji-focus-handwheel-2\/#breadcrumb\",\"itemListElement\":[{\"@type\":\"ListItem\",\"position\":1,\"name\":\"Home\",\"item\":\"https:\/\/koningdrone.be\/\"},{\"@type\":\"ListItem\",\"position\":2,\"name\":\"AVSS Parachute Recovery System for DJI Matrice 300\/350\",\"item\":\"https:\/\/koningdrone.be\/product\/avss-parachute-recovery-system-for-dji-matrice-300-350\/\"},{\"@type\":\"ListItem\",\"position\":3,\"name\":\"Alle producten\",\"item\":\"https:\/\/koningdrone.be\/categorie\/alle-producten\/\"},{\"@type\":\"ListItem\",\"position\":4,\"name\":\"DJI Focus Handwheel 2\"}]},{\"@type\":\"WebSite\",\"@id\":\"https:\/\/koningdrone.be\/#website\",\"url\":\"https:\/\/koningdrone.be\/\",\"name\":\"Koningdrone.be - Uw online specialist in drones, gimbals, camera's en power stations.\",\"description\":\"De webshop in drones en gimbals\",\"publisher\":{\"@id\":\"https:\/\/koningdrone.be\/#organization\"},\"potentialAction\":[{\"@type\":\"SearchAction\",\"target\":{\"@type\":\"EntryPoint\",\"urlTemplate\":\"https:\/\/koningdrone.be\/?s={search_term_string}\"},\"query-input\":{\"@type\":\"PropertyValueSpecification\",\"valueRequired\":true,\"valueName\":\"search_term_string\"}}],\"inLanguage\":\"fr-BE\"},{\"@type\":\"Organization\",\"@id\":\"https:\/\/koningdrone.be\/#organization\",\"name\":\"Koningdrone.be\",\"url\":\"https:\/\/koningdrone.be\/\",\"logo\":{\"@type\":\"ImageObject\",\"inLanguage\":\"fr-BE\",\"@id\":\"https:\/\/koningdrone.be\/#\/schema\/logo\/image\/\",\"url\":\"https:\/\/koningdrone.be\/wp-content\/uploads\/sites\/13\/2025\/04\/koningdrone-copyright-logo.svg\",\"contentUrl\":\"https:\/\/koningdrone.be\/wp-content\/uploads\/sites\/13\/2025\/04\/koningdrone-copyright-logo.svg\",\"width\":227,\"height\":38,\"caption\":\"Koningdrone.be\"},\"image\":{\"@id\":\"https:\/\/koningdrone.be\/#\/schema\/logo\/image\/\"}}]}<\/script>\n<!-- \/ Yoast SEO Premium plugin. -->","yoast_head_json":{"title":"DJI Focus Handwheel 2 - koningdrone.be","robots":{"index":"index","follow":"follow","max-snippet":"max-snippet:-1","max-image-preview":"max-image-preview:large","max-video-preview":"max-video-preview:-1"},"canonical":"https:\/\/koningdrone.be\/fr\/produit\/dji-focus-handwheel-2\/","og_locale":"fr_FR","og_type":"article","og_title":"DJI Focus Handwheel 2","og_description":"Maakt nauwkeurige controle over diafragma, focus of zoom mogelijk. Compatibel met Inspire 2- en Osmo Pro\/RAW-camera&#039;s. Biedt gemakkelijke bediening voor gebruikers.","og_url":"https:\/\/koningdrone.be\/fr\/produit\/dji-focus-handwheel-2\/","og_site_name":"koningdrone.be","article_modified_time":"2026-04-29T04:50:32+00:00","og_image":[{"width":1200,"height":800,"url":"https:\/\/koningdrone.be\/wp-content\/uploads\/sites\/13\/2025\/04\/large_64d0c781-a464-4c36-ae10-71da8ae57ad7.jpg","type":"image\/jpeg"}],"twitter_card":"summary_large_image","twitter_misc":{"Dur\u00e9e de lecture est.":"2 minutes"},"schema":{"@context":"https:\/\/schema.org","@graph":[{"@type":"WebPage","@id":"https:\/\/koningdrone.be\/product\/dji-focus-handwheel-2\/","url":"https:\/\/koningdrone.be\/product\/dji-focus-handwheel-2\/","name":"DJI Focus Handwheel 2 - koningdrone.be","isPartOf":{"@id":"https:\/\/koningdrone.be\/#website"},"primaryImageOfPage":{"@id":"https:\/\/koningdrone.be\/product\/dji-focus-handwheel-2\/#primaryimage"},"image":{"@id":"https:\/\/koningdrone.be\/product\/dji-focus-handwheel-2\/#primaryimage"},"thumbnailUrl":"https:\/\/koningdrone.be\/wp-content\/uploads\/sites\/13\/2025\/04\/large_64d0c781-a464-4c36-ae10-71da8ae57ad7.jpg","datePublished":"2024-03-13T14:30:47+00:00","dateModified":"2026-04-29T04:50:32+00:00","breadcrumb":{"@id":"https:\/\/koningdrone.be\/product\/dji-focus-handwheel-2\/#breadcrumb"},"inLanguage":"fr-BE","potentialAction":[{"@type":"ReadAction","target":["https:\/\/koningdrone.be\/product\/dji-focus-handwheel-2\/"]}]},{"@type":"ImageObject","inLanguage":"fr-BE","@id":"https:\/\/koningdrone.be\/product\/dji-focus-handwheel-2\/#primaryimage","url":"https:\/\/koningdrone.be\/wp-content\/uploads\/sites\/13\/2025\/04\/large_64d0c781-a464-4c36-ae10-71da8ae57ad7.jpg","contentUrl":"https:\/\/koningdrone.be\/wp-content\/uploads\/sites\/13\/2025\/04\/large_64d0c781-a464-4c36-ae10-71da8ae57ad7.jpg","width":1200,"height":800},{"@type":"BreadcrumbList","@id":"https:\/\/koningdrone.be\/product\/dji-focus-handwheel-2\/#breadcrumb","itemListElement":[{"@type":"ListItem","position":1,"name":"Home","item":"https:\/\/koningdrone.be\/"},{"@type":"ListItem","position":2,"name":"AVSS Parachute Recovery System for DJI Matrice 300\/350","item":"https:\/\/koningdrone.be\/product\/avss-parachute-recovery-system-for-dji-matrice-300-350\/"},{"@type":"ListItem","position":3,"name":"Alle producten","item":"https:\/\/koningdrone.be\/categorie\/alle-producten\/"},{"@type":"ListItem","position":4,"name":"DJI Focus Handwheel 2"}]},{"@type":"WebSite","@id":"https:\/\/koningdrone.be\/#website","url":"https:\/\/koningdrone.be\/","name":"Koningdrone.be - Votre sp\u00e9cialiste en ligne en mati\u00e8re de drones, de cardans, de cam\u00e9ras et de centrales \u00e9lectriques.","description":"La boutique en ligne de drones et de cardans","publisher":{"@id":"https:\/\/koningdrone.be\/#organization"},"potentialAction":[{"@type":"SearchAction","target":{"@type":"EntryPoint","urlTemplate":"https:\/\/koningdrone.be\/?s={search_term_string}"},"query-input":{"@type":"PropertyValueSpecification","valueRequired":true,"valueName":"search_term_string"}}],"inLanguage":"fr-BE"},{"@type":"Organization","@id":"https:\/\/koningdrone.be\/#organization","name":"Kingdrone.co.uk","url":"https:\/\/koningdrone.be\/","logo":{"@type":"ImageObject","inLanguage":"fr-BE","@id":"https:\/\/koningdrone.be\/#\/schema\/logo\/image\/","url":"https:\/\/koningdrone.be\/wp-content\/uploads\/sites\/13\/2025\/04\/koningdrone-copyright-logo.svg","contentUrl":"https:\/\/koningdrone.be\/wp-content\/uploads\/sites\/13\/2025\/04\/koningdrone-copyright-logo.svg","width":227,"height":38,"caption":"Koningdrone.be"},"image":{"@id":"https:\/\/koningdrone.be\/#\/schema\/logo\/image\/"}}]}},"df_price":"","df_sale_price":"","df_regular_price":"","df_image_link":"https:\/\/koningdrone.be\/wp-content\/uploads\/sites\/13\/2025\/04\/large_64d0c781-a464-4c36-ae10-71da8ae57ad7-300x200.jpg","_links":{"self":[{"href":"https:\/\/koningdrone.be\/fr\/wp-json\/wp\/v2\/product\/4114","targetHints":{"allow":["GET"]}}],"collection":[{"href":"https:\/\/koningdrone.be\/fr\/wp-json\/wp\/v2\/product"}],"about":[{"href":"https:\/\/koningdrone.be\/fr\/wp-json\/wp\/v2\/types\/product"}],"wp:featuredmedia":[{"embeddable":true,"href":"https:\/\/koningdrone.be\/fr\/wp-json\/wp\/v2\/media\/4108"}],"wp:attachment":[{"href":"https:\/\/koningdrone.be\/fr\/wp-json\/wp\/v2\/media?parent=4114"}],"wp:term":[{"taxonomy":"product_brand","embeddable":true,"href":"https:\/\/koningdrone.be\/fr\/wp-json\/wp\/v2\/product_brand?post=4114"},{"taxonomy":"product_cat","embeddable":true,"href":"https:\/\/koningdrone.be\/fr\/wp-json\/wp\/v2\/product_cat?post=4114"},{"taxonomy":"product_tag","embeddable":true,"href":"https:\/\/koningdrone.be\/fr\/wp-json\/wp\/v2\/product_tag?post=4114"}],"curies":[{"name":"wp","href":"https:\/\/api.w.org\/{rel}","templated":true}]}}