{"id":4105,"date":"2024-03-13T15:31:39","date_gmt":"2024-03-13T15:31:39","guid":{"rendered":"https:\/\/koningdrone.nl\/kon\/product\/dji-mic-mobile-phone-adapter-lightning\/"},"modified":"2025-04-29T12:04:12","modified_gmt":"2025-04-29T12:04:12","slug":"dji-mic-mobile-phone-adapter-lightning","status":"publish","type":"product","link":"https:\/\/koningdrone.be\/fr\/produit\/dji-mic-mobile-phone-adapter-lightning\/","title":{"rendered":"DJI Mic Adaptateur pour t\u00e9l\u00e9phone portable (Lightning)"},"content":{"rendered":"<p><strong>Int\u00e9gration transparente \u00e0 iOS<\/strong><\/p>\n<p> Le produit a \u00e9t\u00e9 soigneusement con\u00e7u pour fournir une connexion transparente entre le DJI Mic et les appareils iOS. Cela permet d'int\u00e9grer sans probl\u00e8me un son de haute qualit\u00e9 dans n'importe quel projet ou flux de travail iOS. Que vous travailliez sur des contenus vid\u00e9o, des podcasts ou tout autre projet audiovisuel, ce produit garantit une qualit\u00e9 audio sup\u00e9rieure gr\u00e2ce \u00e0 une simple connexion.<\/p>\n<p><strong>Con\u00e7u pour tous les niveaux d'expertise<\/strong><\/p>\n<p> Quel que soit votre niveau d'exp\u00e9rience en mati\u00e8re d'enregistrement audio, ce produit est con\u00e7u pour am\u00e9liorer vos projets gr\u00e2ce \u00e0 la qualit\u00e9 audio in\u00e9gal\u00e9e du DJI Mic. Il permet aux d\u00e9butants d'acc\u00e9der facilement \u00e0 l'enregistrement audio de niveau professionnel, tandis que les experts chevronn\u00e9s b\u00e9n\u00e9ficient de la commodit\u00e9 dont ils ont besoin pour int\u00e9grer efficacement un son de haute qualit\u00e9 dans leurs projets avanc\u00e9s. Ce produit est un outil polyvalent qui rend la qualit\u00e9 audio sup\u00e9rieure accessible et pratique pour tous.<\/p>\n<p><\/p>","protected":false},"excerpt":{"rendered":"<ul>\n<li>Permet de connecter le DJI Mic aux appareils iOS<\/li>\n<\/ul>","protected":false},"featured_media":4104,"template":"","meta":{"_acf_changed":false},"product_brand":[],"product_cat":[268,97,191,632],"product_tag":[],"class_list":{"0":"post-4105","1":"product","2":"type-product","3":"status-publish","4":"has-post-thumbnail","6":"product_cat-alle-accessoires","7":"product_cat-alle-producten","8":"product_cat-dji-mic","9":"product_cat-dji-mic-1","10":"pa_brand-dji","11":"pa_productfamily-smartphone-accessoire","12":"pa_producttype-smartphone-accessoire","13":"pa_series-mic","15":"first","16":"instock","17":"taxable","18":"shipping-taxable","19":"product-type-simple"},"acf":[],"yoast_head":"<!-- This site is optimized with the Yoast SEO Premium plugin v27.2 (Yoast SEO v27.2) - https:\/\/yoast.com\/product\/yoast-seo-premium-wordpress\/ -->\n<title>DJI Mic Mobile Phone Adapter (Lightning) - koningdrone.be<\/title>\n<meta name=\"robots\" content=\"index, follow, max-snippet:-1, max-image-preview:large, max-video-preview:-1\" \/>\n<link rel=\"canonical\" href=\"https:\/\/koningdrone.be\/fr\/produit\/dji-mic-mobile-phone-adapter-lightning\/\" \/>\n<meta property=\"og:locale\" content=\"fr_FR\" \/>\n<meta property=\"og:type\" content=\"article\" \/>\n<meta property=\"og:title\" content=\"DJI Mic Mobile Phone Adapter (Lightning)\" \/>\n<meta property=\"og:description\" content=\"Maakt verbinding van DJI Mic met iOS-apparaten mogelijk\" \/>\n<meta property=\"og:url\" content=\"https:\/\/koningdrone.be\/fr\/produit\/dji-mic-mobile-phone-adapter-lightning\/\" \/>\n<meta property=\"og:site_name\" content=\"koningdrone.be\" \/>\n<meta property=\"article:modified_time\" content=\"2025-04-29T12:04:12+00:00\" \/>\n<meta property=\"og:image\" content=\"https:\/\/koningdrone.be\/wp-content\/uploads\/sites\/13\/2025\/04\/cf92d40d4b74ae896f7708c48f6decf7@large.jpg\" \/>\n\t<meta property=\"og:image:width\" content=\"1200\" \/>\n\t<meta property=\"og:image:height\" content=\"800\" \/>\n\t<meta property=\"og:image:type\" content=\"image\/jpeg\" \/>\n<meta name=\"twitter:card\" content=\"summary_large_image\" \/>\n<meta name=\"twitter:label1\" content=\"Dur\u00e9e de lecture est.\" \/>\n\t<meta name=\"twitter:data1\" content=\"1 minute\" \/>\n<script type=\"application\/ld+json\" class=\"yoast-schema-graph\">{\"@context\":\"https:\/\/schema.org\",\"@graph\":[{\"@type\":\"WebPage\",\"@id\":\"https:\/\/koningdrone.be\/product\/dji-mic-mobile-phone-adapter-lightning\/\",\"url\":\"https:\/\/koningdrone.be\/product\/dji-mic-mobile-phone-adapter-lightning\/\",\"name\":\"DJI Mic Mobile Phone Adapter (Lightning) - koningdrone.be\",\"isPartOf\":{\"@id\":\"https:\/\/koningdrone.be\/#website\"},\"primaryImageOfPage\":{\"@id\":\"https:\/\/koningdrone.be\/product\/dji-mic-mobile-phone-adapter-lightning\/#primaryimage\"},\"image\":{\"@id\":\"https:\/\/koningdrone.be\/product\/dji-mic-mobile-phone-adapter-lightning\/#primaryimage\"},\"thumbnailUrl\":\"https:\/\/koningdrone.be\/wp-content\/uploads\/sites\/13\/2025\/04\/cf92d40d4b74ae896f7708c48f6decf7@large.jpg\",\"datePublished\":\"2024-03-13T15:31:39+00:00\",\"dateModified\":\"2025-04-29T12:04:12+00:00\",\"breadcrumb\":{\"@id\":\"https:\/\/koningdrone.be\/product\/dji-mic-mobile-phone-adapter-lightning\/#breadcrumb\"},\"inLanguage\":\"fr-BE\",\"potentialAction\":[{\"@type\":\"ReadAction\",\"target\":[\"https:\/\/koningdrone.be\/product\/dji-mic-mobile-phone-adapter-lightning\/\"]}]},{\"@type\":\"ImageObject\",\"inLanguage\":\"fr-BE\",\"@id\":\"https:\/\/koningdrone.be\/product\/dji-mic-mobile-phone-adapter-lightning\/#primaryimage\",\"url\":\"https:\/\/koningdrone.be\/wp-content\/uploads\/sites\/13\/2025\/04\/cf92d40d4b74ae896f7708c48f6decf7@large.jpg\",\"contentUrl\":\"https:\/\/koningdrone.be\/wp-content\/uploads\/sites\/13\/2025\/04\/cf92d40d4b74ae896f7708c48f6decf7@large.jpg\",\"width\":1200,\"height\":800},{\"@type\":\"BreadcrumbList\",\"@id\":\"https:\/\/koningdrone.be\/product\/dji-mic-mobile-phone-adapter-lightning\/#breadcrumb\",\"itemListElement\":[{\"@type\":\"ListItem\",\"position\":1,\"name\":\"Home\",\"item\":\"https:\/\/koningdrone.be\/\"},{\"@type\":\"ListItem\",\"position\":2,\"name\":\"AVSS Parachute Recovery System for DJI Matrice 300\/350\",\"item\":\"https:\/\/koningdrone.be\/product\/avss-parachute-recovery-system-for-dji-matrice-300-350\/\"},{\"@type\":\"ListItem\",\"position\":3,\"name\":\"Alle accessoires\",\"item\":\"https:\/\/koningdrone.be\/categorie\/alle-accessoires\/\"},{\"@type\":\"ListItem\",\"position\":4,\"name\":\"DJI Mic Mobile Phone Adapter (Lightning)\"}]},{\"@type\":\"WebSite\",\"@id\":\"https:\/\/koningdrone.be\/#website\",\"url\":\"https:\/\/koningdrone.be\/\",\"name\":\"Koningdrone.be - Uw online specialist in drones, gimbals, camera's en power stations.\",\"description\":\"De webshop in drones en gimbals\",\"publisher\":{\"@id\":\"https:\/\/koningdrone.be\/#organization\"},\"potentialAction\":[{\"@type\":\"SearchAction\",\"target\":{\"@type\":\"EntryPoint\",\"urlTemplate\":\"https:\/\/koningdrone.be\/?s={search_term_string}\"},\"query-input\":{\"@type\":\"PropertyValueSpecification\",\"valueRequired\":true,\"valueName\":\"search_term_string\"}}],\"inLanguage\":\"fr-BE\"},{\"@type\":\"Organization\",\"@id\":\"https:\/\/koningdrone.be\/#organization\",\"name\":\"Koningdrone.be\",\"url\":\"https:\/\/koningdrone.be\/\",\"logo\":{\"@type\":\"ImageObject\",\"inLanguage\":\"fr-BE\",\"@id\":\"https:\/\/koningdrone.be\/#\/schema\/logo\/image\/\",\"url\":\"https:\/\/koningdrone.be\/wp-content\/uploads\/sites\/13\/2025\/04\/koningdrone-copyright-logo.svg\",\"contentUrl\":\"https:\/\/koningdrone.be\/wp-content\/uploads\/sites\/13\/2025\/04\/koningdrone-copyright-logo.svg\",\"width\":227,\"height\":38,\"caption\":\"Koningdrone.be\"},\"image\":{\"@id\":\"https:\/\/koningdrone.be\/#\/schema\/logo\/image\/\"}}]}<\/script>\n<!-- \/ Yoast SEO Premium plugin. -->","yoast_head_json":{"title":"DJI Mic Mobile Phone Adapter (Lightning) - koningdrone.be","robots":{"index":"index","follow":"follow","max-snippet":"max-snippet:-1","max-image-preview":"max-image-preview:large","max-video-preview":"max-video-preview:-1"},"canonical":"https:\/\/koningdrone.be\/fr\/produit\/dji-mic-mobile-phone-adapter-lightning\/","og_locale":"fr_FR","og_type":"article","og_title":"DJI Mic Mobile Phone Adapter (Lightning)","og_description":"Maakt verbinding van DJI Mic met iOS-apparaten mogelijk","og_url":"https:\/\/koningdrone.be\/fr\/produit\/dji-mic-mobile-phone-adapter-lightning\/","og_site_name":"koningdrone.be","article_modified_time":"2025-04-29T12:04:12+00:00","og_image":[{"width":1200,"height":800,"url":"https:\/\/koningdrone.be\/wp-content\/uploads\/sites\/13\/2025\/04\/cf92d40d4b74ae896f7708c48f6decf7@large.jpg","type":"image\/jpeg"}],"twitter_card":"summary_large_image","twitter_misc":{"Dur\u00e9e de lecture est.":"1 minute"},"schema":{"@context":"https:\/\/schema.org","@graph":[{"@type":"WebPage","@id":"https:\/\/koningdrone.be\/product\/dji-mic-mobile-phone-adapter-lightning\/","url":"https:\/\/koningdrone.be\/product\/dji-mic-mobile-phone-adapter-lightning\/","name":"DJI Mic Mobile Phone Adapter (Lightning) - koningdrone.be","isPartOf":{"@id":"https:\/\/koningdrone.be\/#website"},"primaryImageOfPage":{"@id":"https:\/\/koningdrone.be\/product\/dji-mic-mobile-phone-adapter-lightning\/#primaryimage"},"image":{"@id":"https:\/\/koningdrone.be\/product\/dji-mic-mobile-phone-adapter-lightning\/#primaryimage"},"thumbnailUrl":"https:\/\/koningdrone.be\/wp-content\/uploads\/sites\/13\/2025\/04\/cf92d40d4b74ae896f7708c48f6decf7@large.jpg","datePublished":"2024-03-13T15:31:39+00:00","dateModified":"2025-04-29T12:04:12+00:00","breadcrumb":{"@id":"https:\/\/koningdrone.be\/product\/dji-mic-mobile-phone-adapter-lightning\/#breadcrumb"},"inLanguage":"fr-BE","potentialAction":[{"@type":"ReadAction","target":["https:\/\/koningdrone.be\/product\/dji-mic-mobile-phone-adapter-lightning\/"]}]},{"@type":"ImageObject","inLanguage":"fr-BE","@id":"https:\/\/koningdrone.be\/product\/dji-mic-mobile-phone-adapter-lightning\/#primaryimage","url":"https:\/\/koningdrone.be\/wp-content\/uploads\/sites\/13\/2025\/04\/cf92d40d4b74ae896f7708c48f6decf7@large.jpg","contentUrl":"https:\/\/koningdrone.be\/wp-content\/uploads\/sites\/13\/2025\/04\/cf92d40d4b74ae896f7708c48f6decf7@large.jpg","width":1200,"height":800},{"@type":"BreadcrumbList","@id":"https:\/\/koningdrone.be\/product\/dji-mic-mobile-phone-adapter-lightning\/#breadcrumb","itemListElement":[{"@type":"ListItem","position":1,"name":"Home","item":"https:\/\/koningdrone.be\/"},{"@type":"ListItem","position":2,"name":"AVSS Parachute Recovery System for DJI Matrice 300\/350","item":"https:\/\/koningdrone.be\/product\/avss-parachute-recovery-system-for-dji-matrice-300-350\/"},{"@type":"ListItem","position":3,"name":"Alle accessoires","item":"https:\/\/koningdrone.be\/categorie\/alle-accessoires\/"},{"@type":"ListItem","position":4,"name":"DJI Mic Mobile Phone Adapter (Lightning)"}]},{"@type":"WebSite","@id":"https:\/\/koningdrone.be\/#website","url":"https:\/\/koningdrone.be\/","name":"Koningdrone.be - Votre sp\u00e9cialiste en ligne en mati\u00e8re de drones, de cardans, de cam\u00e9ras et de centrales \u00e9lectriques.","description":"La boutique en ligne de drones et de cardans","publisher":{"@id":"https:\/\/koningdrone.be\/#organization"},"potentialAction":[{"@type":"SearchAction","target":{"@type":"EntryPoint","urlTemplate":"https:\/\/koningdrone.be\/?s={search_term_string}"},"query-input":{"@type":"PropertyValueSpecification","valueRequired":true,"valueName":"search_term_string"}}],"inLanguage":"fr-BE"},{"@type":"Organization","@id":"https:\/\/koningdrone.be\/#organization","name":"Kingdrone.co.uk","url":"https:\/\/koningdrone.be\/","logo":{"@type":"ImageObject","inLanguage":"fr-BE","@id":"https:\/\/koningdrone.be\/#\/schema\/logo\/image\/","url":"https:\/\/koningdrone.be\/wp-content\/uploads\/sites\/13\/2025\/04\/koningdrone-copyright-logo.svg","contentUrl":"https:\/\/koningdrone.be\/wp-content\/uploads\/sites\/13\/2025\/04\/koningdrone-copyright-logo.svg","width":227,"height":38,"caption":"Koningdrone.be"},"image":{"@id":"https:\/\/koningdrone.be\/#\/schema\/logo\/image\/"}}]}},"df_price":"","df_sale_price":"","df_regular_price":"","df_image_link":"https:\/\/koningdrone.be\/wp-content\/uploads\/sites\/13\/2025\/04\/cf92d40d4b74ae896f7708c48f6decf7@large-300x200.jpg","_links":{"self":[{"href":"https:\/\/koningdrone.be\/fr\/wp-json\/wp\/v2\/product\/4105","targetHints":{"allow":["GET"]}}],"collection":[{"href":"https:\/\/koningdrone.be\/fr\/wp-json\/wp\/v2\/product"}],"about":[{"href":"https:\/\/koningdrone.be\/fr\/wp-json\/wp\/v2\/types\/product"}],"wp:featuredmedia":[{"embeddable":true,"href":"https:\/\/koningdrone.be\/fr\/wp-json\/wp\/v2\/media\/4104"}],"wp:attachment":[{"href":"https:\/\/koningdrone.be\/fr\/wp-json\/wp\/v2\/media?parent=4105"}],"wp:term":[{"taxonomy":"product_brand","embeddable":true,"href":"https:\/\/koningdrone.be\/fr\/wp-json\/wp\/v2\/product_brand?post=4105"},{"taxonomy":"product_cat","embeddable":true,"href":"https:\/\/koningdrone.be\/fr\/wp-json\/wp\/v2\/product_cat?post=4105"},{"taxonomy":"product_tag","embeddable":true,"href":"https:\/\/koningdrone.be\/fr\/wp-json\/wp\/v2\/product_tag?post=4105"}],"curies":[{"name":"wp","href":"https:\/\/api.w.org\/{rel}","templated":true}]}}