{"id":4101,"date":"2024-03-13T15:34:29","date_gmt":"2024-03-13T14:34:29","guid":{"rendered":"https:\/\/koningdrone.nl\/kon\/product\/dji-p-tap-to-dc-in-power-cable-0-5-m\/"},"modified":"2026-04-29T04:00:37","modified_gmt":"2026-04-29T02:00:37","slug":"dji-p-tap-to-dc-in-power-cable-0-5-m","status":"publish","type":"product","link":"https:\/\/koningdrone.be\/fr\/produit\/dji-p-tap-to-dc-in-power-cable-0-5-m\/","title":{"rendered":"C\u00e2ble d'alimentation DJI P-TAP vers DC-IN (0,5 m)"},"content":{"rendered":"<p> Lors de l'utilisation d'\u00e9quipements de photographie ou de cin\u00e9matographie, en particulier le Ronin 4D ou la transmission DJI, le maintien de l'alimentation est crucial pour un fonctionnement ininterrompu. Notre c\u00e2ble sp\u00e9cialement con\u00e7u permet une connexion transparente entre les batteries dot\u00e9es d'un port P-TAP d'autres marques et ces appareils DJI. Cette compatibilit\u00e9 permet \u00e0 votre \u00e9quipement de rester op\u00e9rationnel et de capturer ces moments critiques sans limitation de puissance.<\/p>\n<p><strong>Compatibilit\u00e9 et commodit\u00e9<\/strong><\/p>\n<p> Ce c\u00e2ble innovant comble le foss\u00e9 entre les batteries externes dot\u00e9es d'un port P-TAP et l'\u00e9quipement de pointe de DJI. Que vous utilisiez le Ronin 4D ou la DJI Transmission, le c\u00e2ble garantit une source d'alimentation stable et fiable \u00e0 partir de la batterie externe. La conception privil\u00e9gie votre confort, permettant une connexion sans probl\u00e8me qui am\u00e9liore votre exp\u00e9rience de prise de vue.<\/p>\n<p><strong>Int\u00e9gration transparente<\/strong><\/p>\n<p> La gestion de diff\u00e9rentes marques et de diff\u00e9rents types d'\u00e9quipement est un probl\u00e8me courant dans l'industrie cr\u00e9ative. Notre c\u00e2ble r\u00e9sout ce probl\u00e8me en offrant une int\u00e9gration transparente entre vos batteries P-TAP existantes et les appareils DJI. Cette compatibilit\u00e9 simplifie non seulement votre installation, mais maximise \u00e9galement l'utilisation de l'\u00e9quipement que vous poss\u00e9dez d\u00e9j\u00e0, ce qui en fait un accessoire essentiel pour les professionnels.<\/p>\n<p><strong>Accessoire indispensable<\/strong><\/p>\n<p> Pour les professionnels de la photographie et de la cin\u00e9matographie, la fiabilit\u00e9 de l'\u00e9quipement n'est pas n\u00e9gociable. Ce c\u00e2ble est con\u00e7u comme un accessoire essentiel qui garantit que votre Ronin 4D ou votre transmission DJI reste aliment\u00e9e pendant chaque projet. En facilitant l'utilisation de batteries externes, il prolonge l'autonomie de vos appareils, ce qui vous permet de vous concentrer sur la cr\u00e9ation et non sur l'autonomie de votre \u00e9quipement.<\/p>\n<p><\/p>","protected":false},"excerpt":{"rendered":"<ul>\n<li>Connecte des batteries tierces au Ronin 4D ou \u00e0 la DJI Transmission<\/li>\n<li> Comprend un port P-TAP pour une compatibilit\u00e9 polyvalente avec les piles.<\/li>\n<li> Assure une alimentation \u00e9lectrique continue de votre \u00e9quipement<\/li>\n<\/ul>","protected":false},"featured_media":4100,"template":"","meta":{"_acf_changed":false},"product_brand":[],"product_cat":[244,97,265,532],"product_tag":[],"class_list":{"0":"post-4101","1":"product","2":"type-product","3":"status-publish","4":"has-post-thumbnail","6":"product_cat-alle-kabels","7":"product_cat-alle-producten","8":"product_cat-dji-ronin","9":"product_cat-dji-ronin-4d","10":"product_shipping_class-acsystemsall","11":"pa_brand-dji","12":"pa_productfamily-kabel","13":"pa_producttype-kabel","15":"first","16":"instock","17":"taxable","18":"shipping-taxable","19":"purchasable","20":"product-type-simple"},"acf":[],"yoast_head":"<!-- This site is optimized with the Yoast SEO Premium plugin v27.2 (Yoast SEO v27.2) - https:\/\/yoast.com\/product\/yoast-seo-premium-wordpress\/ -->\n<title>DJI P-TAP to DC-IN Power Cable (0.5 m) - koningdrone.be<\/title>\n<meta name=\"robots\" content=\"index, follow, max-snippet:-1, max-image-preview:large, max-video-preview:-1\" \/>\n<link rel=\"canonical\" href=\"https:\/\/koningdrone.be\/fr\/produit\/dji-p-tap-to-dc-in-power-cable-0-5-m\/\" \/>\n<meta property=\"og:locale\" content=\"fr_FR\" \/>\n<meta property=\"og:type\" content=\"article\" \/>\n<meta property=\"og:title\" content=\"DJI P-TAP to DC-IN Power Cable (0.5 m)\" \/>\n<meta property=\"og:description\" content=\"Verbindt batterijen van derden met Ronin 4D of DJI Transmission Beschikt over een P-TAP-poort voor veelzijdige batterijcompatibiliteit Zorgt voor een continue stroomvoorziening van uw apparatuur\" \/>\n<meta property=\"og:url\" content=\"https:\/\/koningdrone.be\/fr\/produit\/dji-p-tap-to-dc-in-power-cable-0-5-m\/\" \/>\n<meta property=\"og:site_name\" content=\"koningdrone.be\" \/>\n<meta property=\"article:modified_time\" content=\"2026-04-29T02:00:37+00:00\" \/>\n<meta property=\"og:image\" content=\"https:\/\/koningdrone.be\/wp-content\/uploads\/sites\/13\/2025\/04\/a572ab8b778756dacea342644389d7d4@large.jpg\" \/>\n\t<meta property=\"og:image:width\" content=\"1200\" \/>\n\t<meta property=\"og:image:height\" content=\"800\" \/>\n\t<meta property=\"og:image:type\" content=\"image\/jpeg\" \/>\n<meta name=\"twitter:card\" content=\"summary_large_image\" \/>\n<meta name=\"twitter:label1\" content=\"Dur\u00e9e de lecture est.\" \/>\n\t<meta name=\"twitter:data1\" content=\"1 minute\" \/>\n<script type=\"application\/ld+json\" class=\"yoast-schema-graph\">{\"@context\":\"https:\/\/schema.org\",\"@graph\":[{\"@type\":\"WebPage\",\"@id\":\"https:\/\/koningdrone.be\/product\/dji-p-tap-to-dc-in-power-cable-0-5-m\/\",\"url\":\"https:\/\/koningdrone.be\/product\/dji-p-tap-to-dc-in-power-cable-0-5-m\/\",\"name\":\"DJI P-TAP to DC-IN Power Cable (0.5 m) - koningdrone.be\",\"isPartOf\":{\"@id\":\"https:\/\/koningdrone.be\/#website\"},\"primaryImageOfPage\":{\"@id\":\"https:\/\/koningdrone.be\/product\/dji-p-tap-to-dc-in-power-cable-0-5-m\/#primaryimage\"},\"image\":{\"@id\":\"https:\/\/koningdrone.be\/product\/dji-p-tap-to-dc-in-power-cable-0-5-m\/#primaryimage\"},\"thumbnailUrl\":\"https:\/\/koningdrone.be\/wp-content\/uploads\/sites\/13\/2025\/04\/a572ab8b778756dacea342644389d7d4@large.jpg\",\"datePublished\":\"2024-03-13T14:34:29+00:00\",\"dateModified\":\"2026-04-29T02:00:37+00:00\",\"breadcrumb\":{\"@id\":\"https:\/\/koningdrone.be\/product\/dji-p-tap-to-dc-in-power-cable-0-5-m\/#breadcrumb\"},\"inLanguage\":\"fr-BE\",\"potentialAction\":[{\"@type\":\"ReadAction\",\"target\":[\"https:\/\/koningdrone.be\/product\/dji-p-tap-to-dc-in-power-cable-0-5-m\/\"]}]},{\"@type\":\"ImageObject\",\"inLanguage\":\"fr-BE\",\"@id\":\"https:\/\/koningdrone.be\/product\/dji-p-tap-to-dc-in-power-cable-0-5-m\/#primaryimage\",\"url\":\"https:\/\/koningdrone.be\/wp-content\/uploads\/sites\/13\/2025\/04\/a572ab8b778756dacea342644389d7d4@large.jpg\",\"contentUrl\":\"https:\/\/koningdrone.be\/wp-content\/uploads\/sites\/13\/2025\/04\/a572ab8b778756dacea342644389d7d4@large.jpg\",\"width\":1200,\"height\":800},{\"@type\":\"BreadcrumbList\",\"@id\":\"https:\/\/koningdrone.be\/product\/dji-p-tap-to-dc-in-power-cable-0-5-m\/#breadcrumb\",\"itemListElement\":[{\"@type\":\"ListItem\",\"position\":1,\"name\":\"Home\",\"item\":\"https:\/\/koningdrone.be\/\"},{\"@type\":\"ListItem\",\"position\":2,\"name\":\"AVSS Parachute Recovery System for DJI Matrice 300\/350\",\"item\":\"https:\/\/koningdrone.be\/product\/avss-parachute-recovery-system-for-dji-matrice-300-350\/\"},{\"@type\":\"ListItem\",\"position\":3,\"name\":\"Alle kabels\",\"item\":\"https:\/\/koningdrone.be\/categorie\/alle-kabels\/\"},{\"@type\":\"ListItem\",\"position\":4,\"name\":\"DJI P-TAP to DC-IN Power Cable (0.5 m)\"}]},{\"@type\":\"WebSite\",\"@id\":\"https:\/\/koningdrone.be\/#website\",\"url\":\"https:\/\/koningdrone.be\/\",\"name\":\"Koningdrone.be - Uw online specialist in drones, gimbals, camera's en power stations.\",\"description\":\"De webshop in drones en gimbals\",\"publisher\":{\"@id\":\"https:\/\/koningdrone.be\/#organization\"},\"potentialAction\":[{\"@type\":\"SearchAction\",\"target\":{\"@type\":\"EntryPoint\",\"urlTemplate\":\"https:\/\/koningdrone.be\/?s={search_term_string}\"},\"query-input\":{\"@type\":\"PropertyValueSpecification\",\"valueRequired\":true,\"valueName\":\"search_term_string\"}}],\"inLanguage\":\"fr-BE\"},{\"@type\":\"Organization\",\"@id\":\"https:\/\/koningdrone.be\/#organization\",\"name\":\"Koningdrone.be\",\"url\":\"https:\/\/koningdrone.be\/\",\"logo\":{\"@type\":\"ImageObject\",\"inLanguage\":\"fr-BE\",\"@id\":\"https:\/\/koningdrone.be\/#\/schema\/logo\/image\/\",\"url\":\"https:\/\/koningdrone.be\/wp-content\/uploads\/sites\/13\/2025\/04\/koningdrone-copyright-logo.svg\",\"contentUrl\":\"https:\/\/koningdrone.be\/wp-content\/uploads\/sites\/13\/2025\/04\/koningdrone-copyright-logo.svg\",\"width\":227,\"height\":38,\"caption\":\"Koningdrone.be\"},\"image\":{\"@id\":\"https:\/\/koningdrone.be\/#\/schema\/logo\/image\/\"}}]}<\/script>\n<!-- \/ Yoast SEO Premium plugin. -->","yoast_head_json":{"title":"DJI P-TAP to DC-IN Power Cable (0.5 m) - koningdrone.be","robots":{"index":"index","follow":"follow","max-snippet":"max-snippet:-1","max-image-preview":"max-image-preview:large","max-video-preview":"max-video-preview:-1"},"canonical":"https:\/\/koningdrone.be\/fr\/produit\/dji-p-tap-to-dc-in-power-cable-0-5-m\/","og_locale":"fr_FR","og_type":"article","og_title":"DJI P-TAP to DC-IN Power Cable (0.5 m)","og_description":"Verbindt batterijen van derden met Ronin 4D of DJI Transmission Beschikt over een P-TAP-poort voor veelzijdige batterijcompatibiliteit Zorgt voor een continue stroomvoorziening van uw apparatuur","og_url":"https:\/\/koningdrone.be\/fr\/produit\/dji-p-tap-to-dc-in-power-cable-0-5-m\/","og_site_name":"koningdrone.be","article_modified_time":"2026-04-29T02:00:37+00:00","og_image":[{"width":1200,"height":800,"url":"https:\/\/koningdrone.be\/wp-content\/uploads\/sites\/13\/2025\/04\/a572ab8b778756dacea342644389d7d4@large.jpg","type":"image\/jpeg"}],"twitter_card":"summary_large_image","twitter_misc":{"Dur\u00e9e de lecture est.":"1 minute"},"schema":{"@context":"https:\/\/schema.org","@graph":[{"@type":"WebPage","@id":"https:\/\/koningdrone.be\/product\/dji-p-tap-to-dc-in-power-cable-0-5-m\/","url":"https:\/\/koningdrone.be\/product\/dji-p-tap-to-dc-in-power-cable-0-5-m\/","name":"DJI P-TAP to DC-IN Power Cable (0.5 m) - koningdrone.be","isPartOf":{"@id":"https:\/\/koningdrone.be\/#website"},"primaryImageOfPage":{"@id":"https:\/\/koningdrone.be\/product\/dji-p-tap-to-dc-in-power-cable-0-5-m\/#primaryimage"},"image":{"@id":"https:\/\/koningdrone.be\/product\/dji-p-tap-to-dc-in-power-cable-0-5-m\/#primaryimage"},"thumbnailUrl":"https:\/\/koningdrone.be\/wp-content\/uploads\/sites\/13\/2025\/04\/a572ab8b778756dacea342644389d7d4@large.jpg","datePublished":"2024-03-13T14:34:29+00:00","dateModified":"2026-04-29T02:00:37+00:00","breadcrumb":{"@id":"https:\/\/koningdrone.be\/product\/dji-p-tap-to-dc-in-power-cable-0-5-m\/#breadcrumb"},"inLanguage":"fr-BE","potentialAction":[{"@type":"ReadAction","target":["https:\/\/koningdrone.be\/product\/dji-p-tap-to-dc-in-power-cable-0-5-m\/"]}]},{"@type":"ImageObject","inLanguage":"fr-BE","@id":"https:\/\/koningdrone.be\/product\/dji-p-tap-to-dc-in-power-cable-0-5-m\/#primaryimage","url":"https:\/\/koningdrone.be\/wp-content\/uploads\/sites\/13\/2025\/04\/a572ab8b778756dacea342644389d7d4@large.jpg","contentUrl":"https:\/\/koningdrone.be\/wp-content\/uploads\/sites\/13\/2025\/04\/a572ab8b778756dacea342644389d7d4@large.jpg","width":1200,"height":800},{"@type":"BreadcrumbList","@id":"https:\/\/koningdrone.be\/product\/dji-p-tap-to-dc-in-power-cable-0-5-m\/#breadcrumb","itemListElement":[{"@type":"ListItem","position":1,"name":"Home","item":"https:\/\/koningdrone.be\/"},{"@type":"ListItem","position":2,"name":"AVSS Parachute Recovery System for DJI Matrice 300\/350","item":"https:\/\/koningdrone.be\/product\/avss-parachute-recovery-system-for-dji-matrice-300-350\/"},{"@type":"ListItem","position":3,"name":"Alle kabels","item":"https:\/\/koningdrone.be\/categorie\/alle-kabels\/"},{"@type":"ListItem","position":4,"name":"DJI P-TAP to DC-IN Power Cable (0.5 m)"}]},{"@type":"WebSite","@id":"https:\/\/koningdrone.be\/#website","url":"https:\/\/koningdrone.be\/","name":"Koningdrone.be - Votre sp\u00e9cialiste en ligne en mati\u00e8re de drones, de cardans, de cam\u00e9ras et de centrales \u00e9lectriques.","description":"La boutique en ligne de drones et de cardans","publisher":{"@id":"https:\/\/koningdrone.be\/#organization"},"potentialAction":[{"@type":"SearchAction","target":{"@type":"EntryPoint","urlTemplate":"https:\/\/koningdrone.be\/?s={search_term_string}"},"query-input":{"@type":"PropertyValueSpecification","valueRequired":true,"valueName":"search_term_string"}}],"inLanguage":"fr-BE"},{"@type":"Organization","@id":"https:\/\/koningdrone.be\/#organization","name":"Kingdrone.co.uk","url":"https:\/\/koningdrone.be\/","logo":{"@type":"ImageObject","inLanguage":"fr-BE","@id":"https:\/\/koningdrone.be\/#\/schema\/logo\/image\/","url":"https:\/\/koningdrone.be\/wp-content\/uploads\/sites\/13\/2025\/04\/koningdrone-copyright-logo.svg","contentUrl":"https:\/\/koningdrone.be\/wp-content\/uploads\/sites\/13\/2025\/04\/koningdrone-copyright-logo.svg","width":227,"height":38,"caption":"Koningdrone.be"},"image":{"@id":"https:\/\/koningdrone.be\/#\/schema\/logo\/image\/"}}]}},"df_price":59,"df_sale_price":"","df_regular_price":59,"df_image_link":"https:\/\/koningdrone.be\/wp-content\/uploads\/sites\/13\/2025\/04\/a572ab8b778756dacea342644389d7d4@large-300x200.jpg","_links":{"self":[{"href":"https:\/\/koningdrone.be\/fr\/wp-json\/wp\/v2\/product\/4101","targetHints":{"allow":["GET"]}}],"collection":[{"href":"https:\/\/koningdrone.be\/fr\/wp-json\/wp\/v2\/product"}],"about":[{"href":"https:\/\/koningdrone.be\/fr\/wp-json\/wp\/v2\/types\/product"}],"wp:featuredmedia":[{"embeddable":true,"href":"https:\/\/koningdrone.be\/fr\/wp-json\/wp\/v2\/media\/4100"}],"wp:attachment":[{"href":"https:\/\/koningdrone.be\/fr\/wp-json\/wp\/v2\/media?parent=4101"}],"wp:term":[{"taxonomy":"product_brand","embeddable":true,"href":"https:\/\/koningdrone.be\/fr\/wp-json\/wp\/v2\/product_brand?post=4101"},{"taxonomy":"product_cat","embeddable":true,"href":"https:\/\/koningdrone.be\/fr\/wp-json\/wp\/v2\/product_cat?post=4101"},{"taxonomy":"product_tag","embeddable":true,"href":"https:\/\/koningdrone.be\/fr\/wp-json\/wp\/v2\/product_tag?post=4101"}],"curies":[{"name":"wp","href":"https:\/\/api.w.org\/{rel}","templated":true}]}}