{"id":4099,"date":"2024-03-13T15:34:29","date_gmt":"2024-03-13T14:34:29","guid":{"rendered":"https:\/\/koningdrone.nl\/kon\/product\/dji-prossd-mount\/"},"modified":"2026-04-29T15:40:51","modified_gmt":"2026-04-29T13:40:51","slug":"dji-prossd-mount","status":"publish","type":"product","link":"https:\/\/koningdrone.be\/fr\/produit\/dji-prossd-mount\/","title":{"rendered":"Monture DJI PROSSD"},"content":{"rendered":"<p> Le DJI PROSSD 1TB est une solution de stockage avanc\u00e9e con\u00e7ue sp\u00e9cifiquement pour l'enregistrement vid\u00e9o haute r\u00e9solution. Con\u00e7u pour fonctionner avec l'accessoire PROSSD Mount, ce disque de stockage haute capacit\u00e9 offre des performances in\u00e9gal\u00e9es lorsqu'il est fix\u00e9 au stabilisateur de cam\u00e9ra DJI Ronin 4D. Il \u00e9tablit une nouvelle norme en mati\u00e8re de production vid\u00e9o et r\u00e9pond aux besoins des d\u00e9butants comme des professionnels chevronn\u00e9s.<\/p>\n<p><strong>Stockage de grande capacit\u00e9 pour l'enregistrement en haute r\u00e9solution<\/strong><\/p>\n<p> Avec jusqu'\u00e0 1 To de stockage, la DJI PROSSD permet aux utilisateurs de capturer de grandes quantit\u00e9s de s\u00e9quences vid\u00e9o dans une r\u00e9solution 8K \u00e9poustouflante sans avoir \u00e0 se soucier d'un manque d'espace. Cette capacit\u00e9 est particuli\u00e8rement b\u00e9n\u00e9fique pour les cin\u00e9astes et les cr\u00e9ateurs de contenu qui ont besoin de pouvoir enregistrer de longues sessions ou des prises de vue multiples dans la meilleure qualit\u00e9 possible.<\/p>\n<p><strong>Int\u00e9gration transparente avec le montage PROSSD<\/strong><\/p>\n<p> L'int\u00e9gration transparente entre le DJI PROSSD 1TB et l'accessoire PROSSD Mount garantit un processus d'installation sans probl\u00e8me, permettant aux utilisateurs de connecter rapidement le disque de stockage au stabilisateur de cam\u00e9ra DJI Ronin 4D. Cette conception efficace facilite un flux de travail ininterrompu, permettant aux cr\u00e9ateurs de se concentrer sur leur vision artistique plut\u00f4t que sur des d\u00e9tails techniques encombrants.<\/p>\n<p><strong>Id\u00e9al pour les d\u00e9butants et les experts<\/strong><\/p>\n<p> Que vous d\u00e9butiez dans l'aventure de l'enregistrement vid\u00e9o haute r\u00e9solution ou que vous soyez un expert chevronn\u00e9 \u00e0 la recherche de la meilleure qualit\u00e9 pour vos projets professionnels, le DJI PROSSD 1TB offre une solution polyvalente. Sa facilit\u00e9 d'utilisation et ses performances sup\u00e9rieures en font un choix id\u00e9al pour tous ceux qui cherchent \u00e0 repousser les limites du possible en mati\u00e8re de production vid\u00e9o.<\/p>\n<p><\/p>","protected":false},"excerpt":{"rendered":"<ul>\n<li>Compatible avec le support PROSSD<\/li>\n<li> Capacit\u00e9 de 1 To<\/li>\n<li> Installable sur DJI Ronin 4D<\/li>\n<li> Prise en charge de l'enregistrement vid\u00e9o 8K<\/li>\n<\/ul>","protected":false},"featured_media":4096,"template":"","meta":{"_acf_changed":false},"product_brand":[],"product_cat":[97,265,532],"product_tag":[],"class_list":{"0":"post-4099","1":"product","2":"type-product","3":"status-publish","4":"has-post-thumbnail","6":"product_cat-alle-producten","7":"product_cat-dji-ronin","8":"product_cat-dji-ronin-4d","9":"product_shipping_class-outofstock","10":"pa_brand-dji","11":"pa_productfamily-mount","12":"pa_producttype-mount","14":"first","15":"outofstock","16":"taxable","17":"shipping-taxable","18":"purchasable","19":"product-type-simple"},"acf":[],"yoast_head":"<!-- This site is optimized with the Yoast SEO Premium plugin v27.2 (Yoast SEO v27.2) - https:\/\/yoast.com\/product\/yoast-seo-premium-wordpress\/ -->\n<title>DJI PROSSD Mount - koningdrone.be<\/title>\n<meta name=\"robots\" content=\"index, follow, max-snippet:-1, max-image-preview:large, max-video-preview:-1\" \/>\n<link rel=\"canonical\" href=\"https:\/\/koningdrone.be\/fr\/produit\/dji-prossd-mount\/\" \/>\n<meta property=\"og:locale\" content=\"fr_FR\" \/>\n<meta property=\"og:type\" content=\"article\" \/>\n<meta property=\"og:title\" content=\"DJI PROSSD Mount\" \/>\n<meta property=\"og:description\" content=\"Compatibel met PROSSD-houder 1TB capaciteit Installeerbaar op DJI Ronin 4D Ondersteunt 8K-video-opname\" \/>\n<meta property=\"og:url\" content=\"https:\/\/koningdrone.be\/fr\/produit\/dji-prossd-mount\/\" \/>\n<meta property=\"og:site_name\" content=\"koningdrone.be\" \/>\n<meta property=\"article:modified_time\" content=\"2026-04-29T13:40:51+00:00\" \/>\n<meta property=\"og:image\" content=\"https:\/\/koningdrone.be\/wp-content\/uploads\/sites\/13\/2025\/04\/4ebc8981569d567eb3b3422be2c03109@large.jpg\" \/>\n\t<meta property=\"og:image:width\" content=\"1200\" \/>\n\t<meta property=\"og:image:height\" content=\"800\" \/>\n\t<meta property=\"og:image:type\" content=\"image\/jpeg\" \/>\n<meta name=\"twitter:card\" content=\"summary_large_image\" \/>\n<meta name=\"twitter:label1\" content=\"Dur\u00e9e de lecture est.\" \/>\n\t<meta name=\"twitter:data1\" content=\"1 minute\" \/>\n<script type=\"application\/ld+json\" class=\"yoast-schema-graph\">{\"@context\":\"https:\/\/schema.org\",\"@graph\":[{\"@type\":\"WebPage\",\"@id\":\"https:\/\/koningdrone.be\/product\/dji-prossd-mount\/\",\"url\":\"https:\/\/koningdrone.be\/product\/dji-prossd-mount\/\",\"name\":\"DJI PROSSD Mount - koningdrone.be\",\"isPartOf\":{\"@id\":\"https:\/\/koningdrone.be\/#website\"},\"primaryImageOfPage\":{\"@id\":\"https:\/\/koningdrone.be\/product\/dji-prossd-mount\/#primaryimage\"},\"image\":{\"@id\":\"https:\/\/koningdrone.be\/product\/dji-prossd-mount\/#primaryimage\"},\"thumbnailUrl\":\"https:\/\/koningdrone.be\/wp-content\/uploads\/sites\/13\/2025\/04\/4ebc8981569d567eb3b3422be2c03109@large.jpg\",\"datePublished\":\"2024-03-13T14:34:29+00:00\",\"dateModified\":\"2026-04-29T13:40:51+00:00\",\"breadcrumb\":{\"@id\":\"https:\/\/koningdrone.be\/product\/dji-prossd-mount\/#breadcrumb\"},\"inLanguage\":\"fr-BE\",\"potentialAction\":[{\"@type\":\"ReadAction\",\"target\":[\"https:\/\/koningdrone.be\/product\/dji-prossd-mount\/\"]}]},{\"@type\":\"ImageObject\",\"inLanguage\":\"fr-BE\",\"@id\":\"https:\/\/koningdrone.be\/product\/dji-prossd-mount\/#primaryimage\",\"url\":\"https:\/\/koningdrone.be\/wp-content\/uploads\/sites\/13\/2025\/04\/4ebc8981569d567eb3b3422be2c03109@large.jpg\",\"contentUrl\":\"https:\/\/koningdrone.be\/wp-content\/uploads\/sites\/13\/2025\/04\/4ebc8981569d567eb3b3422be2c03109@large.jpg\",\"width\":1200,\"height\":800},{\"@type\":\"BreadcrumbList\",\"@id\":\"https:\/\/koningdrone.be\/product\/dji-prossd-mount\/#breadcrumb\",\"itemListElement\":[{\"@type\":\"ListItem\",\"position\":1,\"name\":\"Home\",\"item\":\"https:\/\/koningdrone.be\/\"},{\"@type\":\"ListItem\",\"position\":2,\"name\":\"AVSS Parachute Recovery System for DJI Matrice 300\/350\",\"item\":\"https:\/\/koningdrone.be\/product\/avss-parachute-recovery-system-for-dji-matrice-300-350\/\"},{\"@type\":\"ListItem\",\"position\":3,\"name\":\"Alle producten\",\"item\":\"https:\/\/koningdrone.be\/categorie\/alle-producten\/\"},{\"@type\":\"ListItem\",\"position\":4,\"name\":\"DJI PROSSD Mount\"}]},{\"@type\":\"WebSite\",\"@id\":\"https:\/\/koningdrone.be\/#website\",\"url\":\"https:\/\/koningdrone.be\/\",\"name\":\"Koningdrone.be - Uw online specialist in drones, gimbals, camera's en power stations.\",\"description\":\"De webshop in drones en gimbals\",\"publisher\":{\"@id\":\"https:\/\/koningdrone.be\/#organization\"},\"potentialAction\":[{\"@type\":\"SearchAction\",\"target\":{\"@type\":\"EntryPoint\",\"urlTemplate\":\"https:\/\/koningdrone.be\/?s={search_term_string}\"},\"query-input\":{\"@type\":\"PropertyValueSpecification\",\"valueRequired\":true,\"valueName\":\"search_term_string\"}}],\"inLanguage\":\"fr-BE\"},{\"@type\":\"Organization\",\"@id\":\"https:\/\/koningdrone.be\/#organization\",\"name\":\"Koningdrone.be\",\"url\":\"https:\/\/koningdrone.be\/\",\"logo\":{\"@type\":\"ImageObject\",\"inLanguage\":\"fr-BE\",\"@id\":\"https:\/\/koningdrone.be\/#\/schema\/logo\/image\/\",\"url\":\"https:\/\/koningdrone.be\/wp-content\/uploads\/sites\/13\/2025\/04\/koningdrone-copyright-logo.svg\",\"contentUrl\":\"https:\/\/koningdrone.be\/wp-content\/uploads\/sites\/13\/2025\/04\/koningdrone-copyright-logo.svg\",\"width\":227,\"height\":38,\"caption\":\"Koningdrone.be\"},\"image\":{\"@id\":\"https:\/\/koningdrone.be\/#\/schema\/logo\/image\/\"}}]}<\/script>\n<!-- \/ Yoast SEO Premium plugin. -->","yoast_head_json":{"title":"DJI PROSSD Mount - koningdrone.be","robots":{"index":"index","follow":"follow","max-snippet":"max-snippet:-1","max-image-preview":"max-image-preview:large","max-video-preview":"max-video-preview:-1"},"canonical":"https:\/\/koningdrone.be\/fr\/produit\/dji-prossd-mount\/","og_locale":"fr_FR","og_type":"article","og_title":"DJI PROSSD Mount","og_description":"Compatibel met PROSSD-houder 1TB capaciteit Installeerbaar op DJI Ronin 4D Ondersteunt 8K-video-opname","og_url":"https:\/\/koningdrone.be\/fr\/produit\/dji-prossd-mount\/","og_site_name":"koningdrone.be","article_modified_time":"2026-04-29T13:40:51+00:00","og_image":[{"width":1200,"height":800,"url":"https:\/\/koningdrone.be\/wp-content\/uploads\/sites\/13\/2025\/04\/4ebc8981569d567eb3b3422be2c03109@large.jpg","type":"image\/jpeg"}],"twitter_card":"summary_large_image","twitter_misc":{"Dur\u00e9e de lecture est.":"1 minute"},"schema":{"@context":"https:\/\/schema.org","@graph":[{"@type":"WebPage","@id":"https:\/\/koningdrone.be\/product\/dji-prossd-mount\/","url":"https:\/\/koningdrone.be\/product\/dji-prossd-mount\/","name":"DJI PROSSD Mount - koningdrone.be","isPartOf":{"@id":"https:\/\/koningdrone.be\/#website"},"primaryImageOfPage":{"@id":"https:\/\/koningdrone.be\/product\/dji-prossd-mount\/#primaryimage"},"image":{"@id":"https:\/\/koningdrone.be\/product\/dji-prossd-mount\/#primaryimage"},"thumbnailUrl":"https:\/\/koningdrone.be\/wp-content\/uploads\/sites\/13\/2025\/04\/4ebc8981569d567eb3b3422be2c03109@large.jpg","datePublished":"2024-03-13T14:34:29+00:00","dateModified":"2026-04-29T13:40:51+00:00","breadcrumb":{"@id":"https:\/\/koningdrone.be\/product\/dji-prossd-mount\/#breadcrumb"},"inLanguage":"fr-BE","potentialAction":[{"@type":"ReadAction","target":["https:\/\/koningdrone.be\/product\/dji-prossd-mount\/"]}]},{"@type":"ImageObject","inLanguage":"fr-BE","@id":"https:\/\/koningdrone.be\/product\/dji-prossd-mount\/#primaryimage","url":"https:\/\/koningdrone.be\/wp-content\/uploads\/sites\/13\/2025\/04\/4ebc8981569d567eb3b3422be2c03109@large.jpg","contentUrl":"https:\/\/koningdrone.be\/wp-content\/uploads\/sites\/13\/2025\/04\/4ebc8981569d567eb3b3422be2c03109@large.jpg","width":1200,"height":800},{"@type":"BreadcrumbList","@id":"https:\/\/koningdrone.be\/product\/dji-prossd-mount\/#breadcrumb","itemListElement":[{"@type":"ListItem","position":1,"name":"Home","item":"https:\/\/koningdrone.be\/"},{"@type":"ListItem","position":2,"name":"AVSS Parachute Recovery System for DJI Matrice 300\/350","item":"https:\/\/koningdrone.be\/product\/avss-parachute-recovery-system-for-dji-matrice-300-350\/"},{"@type":"ListItem","position":3,"name":"Alle producten","item":"https:\/\/koningdrone.be\/categorie\/alle-producten\/"},{"@type":"ListItem","position":4,"name":"DJI PROSSD Mount"}]},{"@type":"WebSite","@id":"https:\/\/koningdrone.be\/#website","url":"https:\/\/koningdrone.be\/","name":"Koningdrone.be - Votre sp\u00e9cialiste en ligne en mati\u00e8re de drones, de cardans, de cam\u00e9ras et de centrales \u00e9lectriques.","description":"La boutique en ligne de drones et de cardans","publisher":{"@id":"https:\/\/koningdrone.be\/#organization"},"potentialAction":[{"@type":"SearchAction","target":{"@type":"EntryPoint","urlTemplate":"https:\/\/koningdrone.be\/?s={search_term_string}"},"query-input":{"@type":"PropertyValueSpecification","valueRequired":true,"valueName":"search_term_string"}}],"inLanguage":"fr-BE"},{"@type":"Organization","@id":"https:\/\/koningdrone.be\/#organization","name":"Kingdrone.co.uk","url":"https:\/\/koningdrone.be\/","logo":{"@type":"ImageObject","inLanguage":"fr-BE","@id":"https:\/\/koningdrone.be\/#\/schema\/logo\/image\/","url":"https:\/\/koningdrone.be\/wp-content\/uploads\/sites\/13\/2025\/04\/koningdrone-copyright-logo.svg","contentUrl":"https:\/\/koningdrone.be\/wp-content\/uploads\/sites\/13\/2025\/04\/koningdrone-copyright-logo.svg","width":227,"height":38,"caption":"Koningdrone.be"},"image":{"@id":"https:\/\/koningdrone.be\/#\/schema\/logo\/image\/"}}]}},"df_price":169,"df_sale_price":"","df_regular_price":169,"df_image_link":"https:\/\/koningdrone.be\/wp-content\/uploads\/sites\/13\/2025\/04\/4ebc8981569d567eb3b3422be2c03109@large-300x200.jpg","_links":{"self":[{"href":"https:\/\/koningdrone.be\/fr\/wp-json\/wp\/v2\/product\/4099","targetHints":{"allow":["GET"]}}],"collection":[{"href":"https:\/\/koningdrone.be\/fr\/wp-json\/wp\/v2\/product"}],"about":[{"href":"https:\/\/koningdrone.be\/fr\/wp-json\/wp\/v2\/types\/product"}],"wp:featuredmedia":[{"embeddable":true,"href":"https:\/\/koningdrone.be\/fr\/wp-json\/wp\/v2\/media\/4096"}],"wp:attachment":[{"href":"https:\/\/koningdrone.be\/fr\/wp-json\/wp\/v2\/media?parent=4099"}],"wp:term":[{"taxonomy":"product_brand","embeddable":true,"href":"https:\/\/koningdrone.be\/fr\/wp-json\/wp\/v2\/product_brand?post=4099"},{"taxonomy":"product_cat","embeddable":true,"href":"https:\/\/koningdrone.be\/fr\/wp-json\/wp\/v2\/product_cat?post=4099"},{"taxonomy":"product_tag","embeddable":true,"href":"https:\/\/koningdrone.be\/fr\/wp-json\/wp\/v2\/product_tag?post=4099"}],"curies":[{"name":"wp","href":"https:\/\/api.w.org\/{rel}","templated":true}]}}