{"id":4085,"date":"2024-03-13T15:35:30","date_gmt":"2024-03-13T14:35:30","guid":{"rendered":"https:\/\/koningdrone.nl\/kon\/product\/dji-rc-pro-control-sticks\/"},"modified":"2026-04-29T10:30:02","modified_gmt":"2026-04-29T08:30:02","slug":"dji-rc-pro-control-sticks","status":"publish","type":"product","link":"https:\/\/koningdrone.be\/fr\/produit\/dji-rc-pro-control-sticks\/","title":{"rendered":"B\u00e2tons de contr\u00f4le DJI RC Pro"},"content":{"rendered":"<p><strong>Am\u00e9lioration de la portabilit\u00e9<\/strong><\/p>\n<p> Les sticks de contr\u00f4le DJI RC Pro sont con\u00e7us pour se d\u00e9tacher facilement, ce qui am\u00e9liore consid\u00e9rablement leur portabilit\u00e9. Cette caract\u00e9ristique est essentielle pour les utilisateurs en d\u00e9placement, car elle simplifie le processus de transport et de stockage. En adoptant ce design innovant, DJI s'assure que les sticks de contr\u00f4le peuvent \u00eatre retir\u00e9s et stock\u00e9s sans effort, r\u00e9pondant ainsi aux besoins dynamiques de sa base d'utilisateurs.<\/p>\n<p><strong>Solution de stockage pratique<\/strong><\/p>\n<p> Pour plus de commodit\u00e9, ces b\u00e2tonnets de commande sont con\u00e7us pour \u00eatre rang\u00e9s directement \u00e0 l'int\u00e9rieur de la t\u00e9l\u00e9commande. Cette approche r\u00e9fl\u00e9chie permet non seulement de prot\u00e9ger les sticks contre les dommages potentiels, mais aussi de s'assurer qu'ils sont toujours \u00e0 port\u00e9e de main. Cette conception en dit long sur l'engagement de DJI \u00e0 cr\u00e9er des produits conviviaux qui am\u00e9liorent l'exp\u00e9rience globale de l'utilisateur, qu'il s'agisse d'un pilote d\u00e9butant ou professionnel.<\/p>\n<p><strong>Une exp\u00e9rience utilisateur simplifi\u00e9e<\/strong><\/p>\n<p> L'accent mis par DJI sur la conception centr\u00e9e sur l'utilisateur se refl\u00e8te clairement dans les b\u00e2tons de commande RC Pro. En permettant un d\u00e9tachement facile et un rangement s\u00e9curis\u00e9 dans la t\u00e9l\u00e9commande, ces b\u00e2tons de commande contribuent \u00e0 une exp\u00e9rience utilisateur plus fluide et plus efficace. Que vous soyez un d\u00e9butant qui apprend les ficelles du m\u00e9tier ou un pilote professionnel en d\u00e9placement, cette fonctionnalit\u00e9 souligne l'engagement de DJI \u00e0 r\u00e9pondre aux divers besoins de sa client\u00e8le gr\u00e2ce \u00e0 une conception de produit r\u00e9fl\u00e9chie.<\/p>\n<p><\/p>","protected":false},"excerpt":{"rendered":"<ul>\n<li>B\u00e2tons de commande amovibles pour un rangement facile.<\/li>\n<li> Con\u00e7u pour un transport facile.<\/li>\n<li> Compatible avec la t\u00e9l\u00e9commande DJI RC Pro.<\/li>\n<\/ul>","protected":false},"featured_media":4082,"template":"","meta":{"_acf_changed":false},"product_brand":[],"product_cat":[122,97],"product_tag":[],"class_list":{"0":"post-4085","1":"product","2":"type-product","3":"status-publish","4":"has-post-thumbnail","6":"product_cat-alle-afstandsbedieningen","7":"product_cat-alle-producten","8":"product_shipping_class-outofstock","9":"pa_brand-dji","10":"pa_productfamily-joysticks","11":"pa_producttype-joysticks","13":"first","14":"outofstock","15":"taxable","16":"shipping-taxable","17":"product-type-simple"},"acf":[],"yoast_head":"<!-- This site is optimized with the Yoast SEO Premium plugin v27.2 (Yoast SEO v27.2) - https:\/\/yoast.com\/product\/yoast-seo-premium-wordpress\/ -->\n<title>DJI RC Pro Control Sticks - koningdrone.be<\/title>\n<meta name=\"robots\" content=\"index, follow, max-snippet:-1, max-image-preview:large, max-video-preview:-1\" \/>\n<link rel=\"canonical\" href=\"https:\/\/koningdrone.be\/fr\/produit\/dji-rc-pro-control-sticks\/\" \/>\n<meta property=\"og:locale\" content=\"fr_FR\" \/>\n<meta property=\"og:type\" content=\"article\" \/>\n<meta property=\"og:title\" content=\"DJI RC Pro Control Sticks\" \/>\n<meta property=\"og:description\" content=\"Afneembare bedieningssticks voor eenvoudig opbergen. Ontworpen voor gemakkelijk transport. Compatibel met DJI RC Pro-afstandsbediening.\" \/>\n<meta property=\"og:url\" content=\"https:\/\/koningdrone.be\/fr\/produit\/dji-rc-pro-control-sticks\/\" \/>\n<meta property=\"og:site_name\" content=\"koningdrone.be\" \/>\n<meta property=\"article:modified_time\" content=\"2026-04-29T08:30:02+00:00\" \/>\n<meta property=\"og:image\" content=\"https:\/\/koningdrone.be\/wp-content\/uploads\/sites\/13\/2025\/04\/8fce07999fbdc8a542aaa5f67def0e38@large.jpg\" \/>\n\t<meta property=\"og:image:width\" content=\"1200\" \/>\n\t<meta property=\"og:image:height\" content=\"800\" \/>\n\t<meta property=\"og:image:type\" content=\"image\/jpeg\" \/>\n<meta name=\"twitter:card\" content=\"summary_large_image\" \/>\n<meta name=\"twitter:label1\" content=\"Dur\u00e9e de lecture est.\" \/>\n\t<meta name=\"twitter:data1\" content=\"1 minute\" \/>\n<script type=\"application\/ld+json\" class=\"yoast-schema-graph\">{\"@context\":\"https:\/\/schema.org\",\"@graph\":[{\"@type\":\"WebPage\",\"@id\":\"https:\/\/koningdrone.be\/product\/dji-rc-pro-control-sticks\/\",\"url\":\"https:\/\/koningdrone.be\/product\/dji-rc-pro-control-sticks\/\",\"name\":\"DJI RC Pro Control Sticks - koningdrone.be\",\"isPartOf\":{\"@id\":\"https:\/\/koningdrone.be\/#website\"},\"primaryImageOfPage\":{\"@id\":\"https:\/\/koningdrone.be\/product\/dji-rc-pro-control-sticks\/#primaryimage\"},\"image\":{\"@id\":\"https:\/\/koningdrone.be\/product\/dji-rc-pro-control-sticks\/#primaryimage\"},\"thumbnailUrl\":\"https:\/\/koningdrone.be\/wp-content\/uploads\/sites\/13\/2025\/04\/8fce07999fbdc8a542aaa5f67def0e38@large.jpg\",\"datePublished\":\"2024-03-13T14:35:30+00:00\",\"dateModified\":\"2026-04-29T08:30:02+00:00\",\"breadcrumb\":{\"@id\":\"https:\/\/koningdrone.be\/product\/dji-rc-pro-control-sticks\/#breadcrumb\"},\"inLanguage\":\"fr-BE\",\"potentialAction\":[{\"@type\":\"ReadAction\",\"target\":[\"https:\/\/koningdrone.be\/product\/dji-rc-pro-control-sticks\/\"]}]},{\"@type\":\"ImageObject\",\"inLanguage\":\"fr-BE\",\"@id\":\"https:\/\/koningdrone.be\/product\/dji-rc-pro-control-sticks\/#primaryimage\",\"url\":\"https:\/\/koningdrone.be\/wp-content\/uploads\/sites\/13\/2025\/04\/8fce07999fbdc8a542aaa5f67def0e38@large.jpg\",\"contentUrl\":\"https:\/\/koningdrone.be\/wp-content\/uploads\/sites\/13\/2025\/04\/8fce07999fbdc8a542aaa5f67def0e38@large.jpg\",\"width\":1200,\"height\":800},{\"@type\":\"BreadcrumbList\",\"@id\":\"https:\/\/koningdrone.be\/product\/dji-rc-pro-control-sticks\/#breadcrumb\",\"itemListElement\":[{\"@type\":\"ListItem\",\"position\":1,\"name\":\"Home\",\"item\":\"https:\/\/koningdrone.be\/\"},{\"@type\":\"ListItem\",\"position\":2,\"name\":\"AVSS Parachute Recovery System for DJI Matrice 300\/350\",\"item\":\"https:\/\/koningdrone.be\/product\/avss-parachute-recovery-system-for-dji-matrice-300-350\/\"},{\"@type\":\"ListItem\",\"position\":3,\"name\":\"Alle afstandsbedieningen\",\"item\":\"https:\/\/koningdrone.be\/categorie\/alle-afstandsbedieningen\/\"},{\"@type\":\"ListItem\",\"position\":4,\"name\":\"DJI RC Pro Control Sticks\"}]},{\"@type\":\"WebSite\",\"@id\":\"https:\/\/koningdrone.be\/#website\",\"url\":\"https:\/\/koningdrone.be\/\",\"name\":\"Koningdrone.be - Uw online specialist in drones, gimbals, camera's en power stations.\",\"description\":\"De webshop in drones en gimbals\",\"publisher\":{\"@id\":\"https:\/\/koningdrone.be\/#organization\"},\"potentialAction\":[{\"@type\":\"SearchAction\",\"target\":{\"@type\":\"EntryPoint\",\"urlTemplate\":\"https:\/\/koningdrone.be\/?s={search_term_string}\"},\"query-input\":{\"@type\":\"PropertyValueSpecification\",\"valueRequired\":true,\"valueName\":\"search_term_string\"}}],\"inLanguage\":\"fr-BE\"},{\"@type\":\"Organization\",\"@id\":\"https:\/\/koningdrone.be\/#organization\",\"name\":\"Koningdrone.be\",\"url\":\"https:\/\/koningdrone.be\/\",\"logo\":{\"@type\":\"ImageObject\",\"inLanguage\":\"fr-BE\",\"@id\":\"https:\/\/koningdrone.be\/#\/schema\/logo\/image\/\",\"url\":\"https:\/\/koningdrone.be\/wp-content\/uploads\/sites\/13\/2025\/04\/koningdrone-copyright-logo.svg\",\"contentUrl\":\"https:\/\/koningdrone.be\/wp-content\/uploads\/sites\/13\/2025\/04\/koningdrone-copyright-logo.svg\",\"width\":227,\"height\":38,\"caption\":\"Koningdrone.be\"},\"image\":{\"@id\":\"https:\/\/koningdrone.be\/#\/schema\/logo\/image\/\"}}]}<\/script>\n<!-- \/ Yoast SEO Premium plugin. -->","yoast_head_json":{"title":"DJI RC Pro Control Sticks - koningdrone.be","robots":{"index":"index","follow":"follow","max-snippet":"max-snippet:-1","max-image-preview":"max-image-preview:large","max-video-preview":"max-video-preview:-1"},"canonical":"https:\/\/koningdrone.be\/fr\/produit\/dji-rc-pro-control-sticks\/","og_locale":"fr_FR","og_type":"article","og_title":"DJI RC Pro Control Sticks","og_description":"Afneembare bedieningssticks voor eenvoudig opbergen. Ontworpen voor gemakkelijk transport. Compatibel met DJI RC Pro-afstandsbediening.","og_url":"https:\/\/koningdrone.be\/fr\/produit\/dji-rc-pro-control-sticks\/","og_site_name":"koningdrone.be","article_modified_time":"2026-04-29T08:30:02+00:00","og_image":[{"width":1200,"height":800,"url":"https:\/\/koningdrone.be\/wp-content\/uploads\/sites\/13\/2025\/04\/8fce07999fbdc8a542aaa5f67def0e38@large.jpg","type":"image\/jpeg"}],"twitter_card":"summary_large_image","twitter_misc":{"Dur\u00e9e de lecture est.":"1 minute"},"schema":{"@context":"https:\/\/schema.org","@graph":[{"@type":"WebPage","@id":"https:\/\/koningdrone.be\/product\/dji-rc-pro-control-sticks\/","url":"https:\/\/koningdrone.be\/product\/dji-rc-pro-control-sticks\/","name":"DJI RC Pro Control Sticks - koningdrone.be","isPartOf":{"@id":"https:\/\/koningdrone.be\/#website"},"primaryImageOfPage":{"@id":"https:\/\/koningdrone.be\/product\/dji-rc-pro-control-sticks\/#primaryimage"},"image":{"@id":"https:\/\/koningdrone.be\/product\/dji-rc-pro-control-sticks\/#primaryimage"},"thumbnailUrl":"https:\/\/koningdrone.be\/wp-content\/uploads\/sites\/13\/2025\/04\/8fce07999fbdc8a542aaa5f67def0e38@large.jpg","datePublished":"2024-03-13T14:35:30+00:00","dateModified":"2026-04-29T08:30:02+00:00","breadcrumb":{"@id":"https:\/\/koningdrone.be\/product\/dji-rc-pro-control-sticks\/#breadcrumb"},"inLanguage":"fr-BE","potentialAction":[{"@type":"ReadAction","target":["https:\/\/koningdrone.be\/product\/dji-rc-pro-control-sticks\/"]}]},{"@type":"ImageObject","inLanguage":"fr-BE","@id":"https:\/\/koningdrone.be\/product\/dji-rc-pro-control-sticks\/#primaryimage","url":"https:\/\/koningdrone.be\/wp-content\/uploads\/sites\/13\/2025\/04\/8fce07999fbdc8a542aaa5f67def0e38@large.jpg","contentUrl":"https:\/\/koningdrone.be\/wp-content\/uploads\/sites\/13\/2025\/04\/8fce07999fbdc8a542aaa5f67def0e38@large.jpg","width":1200,"height":800},{"@type":"BreadcrumbList","@id":"https:\/\/koningdrone.be\/product\/dji-rc-pro-control-sticks\/#breadcrumb","itemListElement":[{"@type":"ListItem","position":1,"name":"Home","item":"https:\/\/koningdrone.be\/"},{"@type":"ListItem","position":2,"name":"AVSS Parachute Recovery System for DJI Matrice 300\/350","item":"https:\/\/koningdrone.be\/product\/avss-parachute-recovery-system-for-dji-matrice-300-350\/"},{"@type":"ListItem","position":3,"name":"Alle afstandsbedieningen","item":"https:\/\/koningdrone.be\/categorie\/alle-afstandsbedieningen\/"},{"@type":"ListItem","position":4,"name":"DJI RC Pro Control Sticks"}]},{"@type":"WebSite","@id":"https:\/\/koningdrone.be\/#website","url":"https:\/\/koningdrone.be\/","name":"Koningdrone.be - Votre sp\u00e9cialiste en ligne en mati\u00e8re de drones, de cardans, de cam\u00e9ras et de centrales \u00e9lectriques.","description":"La boutique en ligne de drones et de cardans","publisher":{"@id":"https:\/\/koningdrone.be\/#organization"},"potentialAction":[{"@type":"SearchAction","target":{"@type":"EntryPoint","urlTemplate":"https:\/\/koningdrone.be\/?s={search_term_string}"},"query-input":{"@type":"PropertyValueSpecification","valueRequired":true,"valueName":"search_term_string"}}],"inLanguage":"fr-BE"},{"@type":"Organization","@id":"https:\/\/koningdrone.be\/#organization","name":"Kingdrone.co.uk","url":"https:\/\/koningdrone.be\/","logo":{"@type":"ImageObject","inLanguage":"fr-BE","@id":"https:\/\/koningdrone.be\/#\/schema\/logo\/image\/","url":"https:\/\/koningdrone.be\/wp-content\/uploads\/sites\/13\/2025\/04\/koningdrone-copyright-logo.svg","contentUrl":"https:\/\/koningdrone.be\/wp-content\/uploads\/sites\/13\/2025\/04\/koningdrone-copyright-logo.svg","width":227,"height":38,"caption":"Koningdrone.be"},"image":{"@id":"https:\/\/koningdrone.be\/#\/schema\/logo\/image\/"}}]}},"df_price":"","df_sale_price":"","df_regular_price":"","df_image_link":"https:\/\/koningdrone.be\/wp-content\/uploads\/sites\/13\/2025\/04\/8fce07999fbdc8a542aaa5f67def0e38@large-300x200.jpg","_links":{"self":[{"href":"https:\/\/koningdrone.be\/fr\/wp-json\/wp\/v2\/product\/4085","targetHints":{"allow":["GET"]}}],"collection":[{"href":"https:\/\/koningdrone.be\/fr\/wp-json\/wp\/v2\/product"}],"about":[{"href":"https:\/\/koningdrone.be\/fr\/wp-json\/wp\/v2\/types\/product"}],"wp:featuredmedia":[{"embeddable":true,"href":"https:\/\/koningdrone.be\/fr\/wp-json\/wp\/v2\/media\/4082"}],"wp:attachment":[{"href":"https:\/\/koningdrone.be\/fr\/wp-json\/wp\/v2\/media?parent=4085"}],"wp:term":[{"taxonomy":"product_brand","embeddable":true,"href":"https:\/\/koningdrone.be\/fr\/wp-json\/wp\/v2\/product_brand?post=4085"},{"taxonomy":"product_cat","embeddable":true,"href":"https:\/\/koningdrone.be\/fr\/wp-json\/wp\/v2\/product_cat?post=4085"},{"taxonomy":"product_tag","embeddable":true,"href":"https:\/\/koningdrone.be\/fr\/wp-json\/wp\/v2\/product_tag?post=4085"}],"curies":[{"name":"wp","href":"https:\/\/api.w.org\/{rel}","templated":true}]}}