{"id":4073,"date":"2024-03-13T15:35:57","date_gmt":"2024-03-13T15:35:57","guid":{"rendered":"https:\/\/koningdrone.nl\/kon\/product\/dji-ronin-2-dual-tb50-battery-mount-power-out-to-ronin-4d-body-dc-in-power-cable-2-m\/"},"modified":"2025-04-29T12:03:34","modified_gmt":"2025-04-29T12:03:34","slug":"dji-ronin-2-dual-tb50-battery-mount-power-out-to-ronin-4d-body-dc-in-power-cable-2-m","status":"publish","type":"product","link":"https:\/\/koningdrone.be\/fr\/produit\/dji-ronin-2-dual-tb50-battery-mount-power-out-to-ronin-4d-body-dc-in-power-cable-2-m\/","title":{"rendered":"DJI Ronin 2 Dual TB50 Battery Mount POWER-OUT to Ronin 4D Body DC-IN Power Cable (2 m)"},"content":{"rendered":"<p> Ce c\u00e2ble sp\u00e9cialis\u00e9 est con\u00e7u pour garantir les meilleures performances de votre stabilisateur de cam\u00e9ra Ronin 4D en le connectant \u00e0 un support de batterie Ronin 2 Dual TB50. Il peut \u00eatre int\u00e9gr\u00e9 de mani\u00e8re transparente \u00e0 votre \u00e9quipement existant afin de prolonger les dur\u00e9es d'utilisation et d'am\u00e9liorer vos capacit\u00e9s de prise de vue.<\/p>\n<p><strong>Compatibilit\u00e9<\/strong><\/p>\n<p> Parfaitement adapt\u00e9 au Ronin 4D, ce c\u00e2ble est \u00e9galement compatible avec le support de batterie Ronin 2 Dual TB50. Cette compatibilit\u00e9 garantit une source d'alimentation fiable et efficace pour l'axe Z afin de pr\u00e9server sa fonctionnalit\u00e9 et d'assurer un fonctionnement fluide et efficace.<\/p>\n<p><strong>Am\u00e9lioration des performances<\/strong><\/p>\n<p> En utilisant ce c\u00e2ble, les utilisateurs remarqueront une am\u00e9lioration du fonctionnement de l'axe Z de leur Ronin 4D. Le c\u00e2ble fournit la tension de sortie n\u00e9cessaire pour des performances optimales, ce qui permet non seulement de r\u00e9aliser des prises de vue en douceur, mais aussi de les maintenir ininterrompues pendant des p\u00e9riodes plus longues, offrant ainsi une plus grande libert\u00e9 cr\u00e9ative et une meilleure productivit\u00e9.<\/p>\n<p><strong>Une int\u00e9gration simple<\/strong><\/p>\n<p> Con\u00e7u dans un souci de facilit\u00e9 d'utilisation, ce c\u00e2ble d'alimentation peut \u00eatre facilement int\u00e9gr\u00e9 \u00e0 votre installation actuelle sans n\u00e9cessiter de modifications importantes. La conception \"plug-and-play\" vous permet de reprendre vos prises de vue en un rien de temps, en vous concentrant sur la r\u00e9alisation d'un clich\u00e9 parfait plut\u00f4t que sur la mise en place d'\u00e9quipements compliqu\u00e9s.<\/p>\n<p><\/p>","protected":false},"excerpt":{"rendered":"<ul>\n<li>Permet le flux Ronin 4D via le support de batterie Ronin 2 TB50<\/li>\n<li> Tension de sortie suffisante pour la fonctionnalit\u00e9 de l'axe Z<\/li>\n<\/ul>","protected":false},"featured_media":4072,"template":"","meta":{"_acf_changed":false},"product_brand":[],"product_cat":[244,97,411,532],"product_tag":[],"class_list":{"0":"post-4073","1":"product","2":"type-product","3":"status-publish","4":"has-post-thumbnail","6":"product_cat-alle-kabels","7":"product_cat-alle-producten","8":"product_cat-dji-ronin-2","9":"product_cat-dji-ronin-4d","10":"pa_brand-dji","11":"pa_productfamily-cable","12":"pa_producttype-cable","14":"first","15":"instock","16":"taxable","17":"shipping-taxable","18":"product-type-simple"},"acf":[],"yoast_head":"<!-- This site is optimized with the Yoast SEO Premium plugin v27.2 (Yoast SEO v27.2) - https:\/\/yoast.com\/product\/yoast-seo-premium-wordpress\/ -->\n<title>DJI Ronin 2 Dual TB50 Battery Mount POWER-OUT to Ronin 4D Body DC-IN Power Cable (2 m) - koningdrone.be<\/title>\n<meta name=\"robots\" content=\"index, follow, max-snippet:-1, max-image-preview:large, max-video-preview:-1\" \/>\n<link rel=\"canonical\" href=\"https:\/\/koningdrone.be\/fr\/produit\/dji-ronin-2-dual-tb50-battery-mount-power-out-to-ronin-4d-body-dc-in-power-cable-2-m\/\" \/>\n<meta property=\"og:locale\" content=\"fr_FR\" \/>\n<meta property=\"og:type\" content=\"article\" \/>\n<meta property=\"og:title\" content=\"DJI Ronin 2 Dual TB50 Battery Mount POWER-OUT to Ronin 4D Body DC-IN Power Cable (2 m)\" \/>\n<meta property=\"og:description\" content=\"Maakt Ronin 4D-stroom mogelijk via Ronin 2 TB50 batterijhouder Voldoende uitgangsspanning voor Z-asfunctionaliteit\" \/>\n<meta property=\"og:url\" content=\"https:\/\/koningdrone.be\/fr\/produit\/dji-ronin-2-dual-tb50-battery-mount-power-out-to-ronin-4d-body-dc-in-power-cable-2-m\/\" \/>\n<meta property=\"og:site_name\" content=\"koningdrone.be\" \/>\n<meta property=\"article:modified_time\" content=\"2025-04-29T12:03:34+00:00\" \/>\n<meta property=\"og:image\" content=\"https:\/\/koningdrone.be\/wp-content\/uploads\/sites\/13\/2025\/04\/934f74cdf7bc9548da0e865fe110747e@large.jpg\" \/>\n\t<meta property=\"og:image:width\" content=\"1200\" \/>\n\t<meta property=\"og:image:height\" content=\"800\" \/>\n\t<meta property=\"og:image:type\" content=\"image\/jpeg\" \/>\n<meta name=\"twitter:card\" content=\"summary_large_image\" \/>\n<meta name=\"twitter:label1\" content=\"Dur\u00e9e de lecture est.\" \/>\n\t<meta name=\"twitter:data1\" content=\"1 minute\" \/>\n<script type=\"application\/ld+json\" class=\"yoast-schema-graph\">{\"@context\":\"https:\/\/schema.org\",\"@graph\":[{\"@type\":\"WebPage\",\"@id\":\"https:\/\/koningdrone.be\/product\/dji-ronin-2-dual-tb50-battery-mount-power-out-to-ronin-4d-body-dc-in-power-cable-2-m\/\",\"url\":\"https:\/\/koningdrone.be\/product\/dji-ronin-2-dual-tb50-battery-mount-power-out-to-ronin-4d-body-dc-in-power-cable-2-m\/\",\"name\":\"DJI Ronin 2 Dual TB50 Battery Mount POWER-OUT to Ronin 4D Body DC-IN Power Cable (2 m) - koningdrone.be\",\"isPartOf\":{\"@id\":\"https:\/\/koningdrone.be\/#website\"},\"primaryImageOfPage\":{\"@id\":\"https:\/\/koningdrone.be\/product\/dji-ronin-2-dual-tb50-battery-mount-power-out-to-ronin-4d-body-dc-in-power-cable-2-m\/#primaryimage\"},\"image\":{\"@id\":\"https:\/\/koningdrone.be\/product\/dji-ronin-2-dual-tb50-battery-mount-power-out-to-ronin-4d-body-dc-in-power-cable-2-m\/#primaryimage\"},\"thumbnailUrl\":\"https:\/\/koningdrone.be\/wp-content\/uploads\/sites\/13\/2025\/04\/934f74cdf7bc9548da0e865fe110747e@large.jpg\",\"datePublished\":\"2024-03-13T15:35:57+00:00\",\"dateModified\":\"2025-04-29T12:03:34+00:00\",\"breadcrumb\":{\"@id\":\"https:\/\/koningdrone.be\/product\/dji-ronin-2-dual-tb50-battery-mount-power-out-to-ronin-4d-body-dc-in-power-cable-2-m\/#breadcrumb\"},\"inLanguage\":\"fr-BE\",\"potentialAction\":[{\"@type\":\"ReadAction\",\"target\":[\"https:\/\/koningdrone.be\/product\/dji-ronin-2-dual-tb50-battery-mount-power-out-to-ronin-4d-body-dc-in-power-cable-2-m\/\"]}]},{\"@type\":\"ImageObject\",\"inLanguage\":\"fr-BE\",\"@id\":\"https:\/\/koningdrone.be\/product\/dji-ronin-2-dual-tb50-battery-mount-power-out-to-ronin-4d-body-dc-in-power-cable-2-m\/#primaryimage\",\"url\":\"https:\/\/koningdrone.be\/wp-content\/uploads\/sites\/13\/2025\/04\/934f74cdf7bc9548da0e865fe110747e@large.jpg\",\"contentUrl\":\"https:\/\/koningdrone.be\/wp-content\/uploads\/sites\/13\/2025\/04\/934f74cdf7bc9548da0e865fe110747e@large.jpg\",\"width\":1200,\"height\":800},{\"@type\":\"BreadcrumbList\",\"@id\":\"https:\/\/koningdrone.be\/product\/dji-ronin-2-dual-tb50-battery-mount-power-out-to-ronin-4d-body-dc-in-power-cable-2-m\/#breadcrumb\",\"itemListElement\":[{\"@type\":\"ListItem\",\"position\":1,\"name\":\"Home\",\"item\":\"https:\/\/koningdrone.be\/\"},{\"@type\":\"ListItem\",\"position\":2,\"name\":\"AVSS Parachute Recovery System for DJI Matrice 300\/350\",\"item\":\"https:\/\/koningdrone.be\/product\/avss-parachute-recovery-system-for-dji-matrice-300-350\/\"},{\"@type\":\"ListItem\",\"position\":3,\"name\":\"Alle kabels\",\"item\":\"https:\/\/koningdrone.be\/categorie\/alle-kabels\/\"},{\"@type\":\"ListItem\",\"position\":4,\"name\":\"DJI Ronin 2 Dual TB50 Battery Mount POWER-OUT to Ronin 4D Body DC-IN Power Cable (2 m)\"}]},{\"@type\":\"WebSite\",\"@id\":\"https:\/\/koningdrone.be\/#website\",\"url\":\"https:\/\/koningdrone.be\/\",\"name\":\"Koningdrone.be - Uw online specialist in drones, gimbals, camera's en power stations.\",\"description\":\"De webshop in drones en gimbals\",\"publisher\":{\"@id\":\"https:\/\/koningdrone.be\/#organization\"},\"potentialAction\":[{\"@type\":\"SearchAction\",\"target\":{\"@type\":\"EntryPoint\",\"urlTemplate\":\"https:\/\/koningdrone.be\/?s={search_term_string}\"},\"query-input\":{\"@type\":\"PropertyValueSpecification\",\"valueRequired\":true,\"valueName\":\"search_term_string\"}}],\"inLanguage\":\"fr-BE\"},{\"@type\":\"Organization\",\"@id\":\"https:\/\/koningdrone.be\/#organization\",\"name\":\"Koningdrone.be\",\"url\":\"https:\/\/koningdrone.be\/\",\"logo\":{\"@type\":\"ImageObject\",\"inLanguage\":\"fr-BE\",\"@id\":\"https:\/\/koningdrone.be\/#\/schema\/logo\/image\/\",\"url\":\"https:\/\/koningdrone.be\/wp-content\/uploads\/sites\/13\/2025\/04\/koningdrone-copyright-logo.svg\",\"contentUrl\":\"https:\/\/koningdrone.be\/wp-content\/uploads\/sites\/13\/2025\/04\/koningdrone-copyright-logo.svg\",\"width\":227,\"height\":38,\"caption\":\"Koningdrone.be\"},\"image\":{\"@id\":\"https:\/\/koningdrone.be\/#\/schema\/logo\/image\/\"}}]}<\/script>\n<!-- \/ Yoast SEO Premium plugin. -->","yoast_head_json":{"title":"DJI Ronin 2 Dual TB50 Battery Mount POWER-OUT to Ronin 4D Body DC-IN Power Cable (2 m) - koningdrone.be","robots":{"index":"index","follow":"follow","max-snippet":"max-snippet:-1","max-image-preview":"max-image-preview:large","max-video-preview":"max-video-preview:-1"},"canonical":"https:\/\/koningdrone.be\/fr\/produit\/dji-ronin-2-dual-tb50-battery-mount-power-out-to-ronin-4d-body-dc-in-power-cable-2-m\/","og_locale":"fr_FR","og_type":"article","og_title":"DJI Ronin 2 Dual TB50 Battery Mount POWER-OUT to Ronin 4D Body DC-IN Power Cable (2 m)","og_description":"Maakt Ronin 4D-stroom mogelijk via Ronin 2 TB50 batterijhouder Voldoende uitgangsspanning voor Z-asfunctionaliteit","og_url":"https:\/\/koningdrone.be\/fr\/produit\/dji-ronin-2-dual-tb50-battery-mount-power-out-to-ronin-4d-body-dc-in-power-cable-2-m\/","og_site_name":"koningdrone.be","article_modified_time":"2025-04-29T12:03:34+00:00","og_image":[{"width":1200,"height":800,"url":"https:\/\/koningdrone.be\/wp-content\/uploads\/sites\/13\/2025\/04\/934f74cdf7bc9548da0e865fe110747e@large.jpg","type":"image\/jpeg"}],"twitter_card":"summary_large_image","twitter_misc":{"Dur\u00e9e de lecture est.":"1 minute"},"schema":{"@context":"https:\/\/schema.org","@graph":[{"@type":"WebPage","@id":"https:\/\/koningdrone.be\/product\/dji-ronin-2-dual-tb50-battery-mount-power-out-to-ronin-4d-body-dc-in-power-cable-2-m\/","url":"https:\/\/koningdrone.be\/product\/dji-ronin-2-dual-tb50-battery-mount-power-out-to-ronin-4d-body-dc-in-power-cable-2-m\/","name":"DJI Ronin 2 Dual TB50 Battery Mount POWER-OUT to Ronin 4D Body DC-IN Power Cable (2 m) - koningdrone.be","isPartOf":{"@id":"https:\/\/koningdrone.be\/#website"},"primaryImageOfPage":{"@id":"https:\/\/koningdrone.be\/product\/dji-ronin-2-dual-tb50-battery-mount-power-out-to-ronin-4d-body-dc-in-power-cable-2-m\/#primaryimage"},"image":{"@id":"https:\/\/koningdrone.be\/product\/dji-ronin-2-dual-tb50-battery-mount-power-out-to-ronin-4d-body-dc-in-power-cable-2-m\/#primaryimage"},"thumbnailUrl":"https:\/\/koningdrone.be\/wp-content\/uploads\/sites\/13\/2025\/04\/934f74cdf7bc9548da0e865fe110747e@large.jpg","datePublished":"2024-03-13T15:35:57+00:00","dateModified":"2025-04-29T12:03:34+00:00","breadcrumb":{"@id":"https:\/\/koningdrone.be\/product\/dji-ronin-2-dual-tb50-battery-mount-power-out-to-ronin-4d-body-dc-in-power-cable-2-m\/#breadcrumb"},"inLanguage":"fr-BE","potentialAction":[{"@type":"ReadAction","target":["https:\/\/koningdrone.be\/product\/dji-ronin-2-dual-tb50-battery-mount-power-out-to-ronin-4d-body-dc-in-power-cable-2-m\/"]}]},{"@type":"ImageObject","inLanguage":"fr-BE","@id":"https:\/\/koningdrone.be\/product\/dji-ronin-2-dual-tb50-battery-mount-power-out-to-ronin-4d-body-dc-in-power-cable-2-m\/#primaryimage","url":"https:\/\/koningdrone.be\/wp-content\/uploads\/sites\/13\/2025\/04\/934f74cdf7bc9548da0e865fe110747e@large.jpg","contentUrl":"https:\/\/koningdrone.be\/wp-content\/uploads\/sites\/13\/2025\/04\/934f74cdf7bc9548da0e865fe110747e@large.jpg","width":1200,"height":800},{"@type":"BreadcrumbList","@id":"https:\/\/koningdrone.be\/product\/dji-ronin-2-dual-tb50-battery-mount-power-out-to-ronin-4d-body-dc-in-power-cable-2-m\/#breadcrumb","itemListElement":[{"@type":"ListItem","position":1,"name":"Home","item":"https:\/\/koningdrone.be\/"},{"@type":"ListItem","position":2,"name":"AVSS Parachute Recovery System for DJI Matrice 300\/350","item":"https:\/\/koningdrone.be\/product\/avss-parachute-recovery-system-for-dji-matrice-300-350\/"},{"@type":"ListItem","position":3,"name":"Alle kabels","item":"https:\/\/koningdrone.be\/categorie\/alle-kabels\/"},{"@type":"ListItem","position":4,"name":"DJI Ronin 2 Dual TB50 Battery Mount POWER-OUT to Ronin 4D Body DC-IN Power Cable (2 m)"}]},{"@type":"WebSite","@id":"https:\/\/koningdrone.be\/#website","url":"https:\/\/koningdrone.be\/","name":"Koningdrone.be - Votre sp\u00e9cialiste en ligne en mati\u00e8re de drones, de cardans, de cam\u00e9ras et de centrales \u00e9lectriques.","description":"La boutique en ligne de drones et de cardans","publisher":{"@id":"https:\/\/koningdrone.be\/#organization"},"potentialAction":[{"@type":"SearchAction","target":{"@type":"EntryPoint","urlTemplate":"https:\/\/koningdrone.be\/?s={search_term_string}"},"query-input":{"@type":"PropertyValueSpecification","valueRequired":true,"valueName":"search_term_string"}}],"inLanguage":"fr-BE"},{"@type":"Organization","@id":"https:\/\/koningdrone.be\/#organization","name":"Kingdrone.co.uk","url":"https:\/\/koningdrone.be\/","logo":{"@type":"ImageObject","inLanguage":"fr-BE","@id":"https:\/\/koningdrone.be\/#\/schema\/logo\/image\/","url":"https:\/\/koningdrone.be\/wp-content\/uploads\/sites\/13\/2025\/04\/koningdrone-copyright-logo.svg","contentUrl":"https:\/\/koningdrone.be\/wp-content\/uploads\/sites\/13\/2025\/04\/koningdrone-copyright-logo.svg","width":227,"height":38,"caption":"Koningdrone.be"},"image":{"@id":"https:\/\/koningdrone.be\/#\/schema\/logo\/image\/"}}]}},"df_price":"","df_sale_price":"","df_regular_price":"","df_image_link":"https:\/\/koningdrone.be\/wp-content\/uploads\/sites\/13\/2025\/04\/934f74cdf7bc9548da0e865fe110747e@large-300x200.jpg","_links":{"self":[{"href":"https:\/\/koningdrone.be\/fr\/wp-json\/wp\/v2\/product\/4073","targetHints":{"allow":["GET"]}}],"collection":[{"href":"https:\/\/koningdrone.be\/fr\/wp-json\/wp\/v2\/product"}],"about":[{"href":"https:\/\/koningdrone.be\/fr\/wp-json\/wp\/v2\/types\/product"}],"wp:featuredmedia":[{"embeddable":true,"href":"https:\/\/koningdrone.be\/fr\/wp-json\/wp\/v2\/media\/4072"}],"wp:attachment":[{"href":"https:\/\/koningdrone.be\/fr\/wp-json\/wp\/v2\/media?parent=4073"}],"wp:term":[{"taxonomy":"product_brand","embeddable":true,"href":"https:\/\/koningdrone.be\/fr\/wp-json\/wp\/v2\/product_brand?post=4073"},{"taxonomy":"product_cat","embeddable":true,"href":"https:\/\/koningdrone.be\/fr\/wp-json\/wp\/v2\/product_cat?post=4073"},{"taxonomy":"product_tag","embeddable":true,"href":"https:\/\/koningdrone.be\/fr\/wp-json\/wp\/v2\/product_tag?post=4073"}],"curies":[{"name":"wp","href":"https:\/\/api.w.org\/{rel}","templated":true}]}}