{"id":4064,"date":"2024-03-13T15:36:23","date_gmt":"2024-03-13T15:36:23","guid":{"rendered":"https:\/\/koningdrone.nl\/kon\/product\/dji-ronin-4d-raw-license\/"},"modified":"2025-04-29T12:03:14","modified_gmt":"2025-04-29T12:03:14","slug":"dji-ronin-4d-raw-license","status":"publish","type":"product","link":"https:\/\/koningdrone.be\/fr\/produit\/dji-ronin-4d-raw-license\/","title":{"rendered":"Licence DJI Ronin 4D RAW"},"content":{"rendered":"<p><strong>Lib\u00e9rer le potentiel cin\u00e9matographique<\/strong><\/p>\n<p> Enrichissez votre parcours de r\u00e9alisateur avec la cam\u00e9ra Ronin 4D en d\u00e9bloquant les capacit\u00e9s d'enregistrement vid\u00e9o Apple ProRes RAW. Cet achat unique vous donne un acc\u00e8s exclusif \u00e0 l'enregistrement dans un format largement reconnu pour sa qualit\u00e9 et sa flexibilit\u00e9 en post-production. Cette fonctionnalit\u00e9 est parfaite pour les cin\u00e9astes qui cherchent \u00e0 atteindre la grandeur cin\u00e9matographique et est la cl\u00e9 pour d\u00e9bloquer une v\u00e9ritable libert\u00e9 cr\u00e9ative.<\/p>\n<p><strong>Acc\u00e8s permanent<\/strong><\/p>\n<p> Avec cet achat, la capacit\u00e9 d'enregistrement vid\u00e9o Apple ProRes RAW devient un ajout permanent \u00e0 l'arsenal de votre cam\u00e9ra Ronin 4D. Cela signifie des possibilit\u00e9s infinies d'enregistrer des contenus \u00e0 couper le souffle sans avoir \u00e0 se soucier de frais r\u00e9currents ou d'abonnements. Il s'agit d'un simple investissement dans l'avenir de votre entreprise cin\u00e9matographique, qui vous donne la possibilit\u00e9 de donner vie \u00e0 votre vision, aujourd'hui et demain.<\/p>\n<p><strong>Activation facile<\/strong><\/p>\n<p> L'activation de votre nouvelle fonction d'enregistrement Apple ProRes RAW est transparente. Lors de l'achat, vous recevrez une cl\u00e9 de licence pour d\u00e9verrouiller cette fonction avanc\u00e9e. Pour obtenir des instructions d\u00e9taill\u00e9es sur la mani\u00e8re d'activer cette cl\u00e9 et de commencer \u00e0 enregistrer en Apple ProRes RAW, il vous suffit de cliquer sur le lien fourni. Cette solution est con\u00e7ue pour vous permettre d'\u00eatre rapidement op\u00e9rationnel, afin que vous puissiez vous concentrer sur ce qui compte vraiment : la cr\u00e9ation de contenus cin\u00e9matographiques \u00e9poustouflants.<\/p>\n<p><\/p>","protected":false},"excerpt":{"rendered":"<ul>\n<li>Permet l'enregistrement de vid\u00e9os Apple ProRes RAW sur le Ronin 4D.<\/li>\n<li> Valable ind\u00e9finiment pour un seul achat.<\/li>\n<li> R\u00e9pond \u00e0 de nombreuses exigences en mati\u00e8re d'enregistrement de films.<\/li>\n<li> Contient des instructions pour l'activation de la cl\u00e9 de licence.<\/li>\n<\/ul>","protected":false},"featured_media":4063,"template":"","meta":{"_acf_changed":false},"product_brand":[],"product_cat":[97,331,265,532],"product_tag":[],"class_list":{"0":"post-4064","1":"product","2":"type-product","3":"status-publish","4":"has-post-thumbnail","6":"product_cat-alle-producten","7":"product_cat-alle-software","8":"product_cat-dji-ronin","9":"product_cat-dji-ronin-4d","10":"pa_brand-dji","11":"pa_productfamily-software","12":"pa_producttype-software","14":"first","15":"instock","16":"taxable","17":"shipping-taxable","18":"product-type-simple"},"acf":[],"yoast_head":"<!-- This site is optimized with the Yoast SEO Premium plugin v27.2 (Yoast SEO v27.2) - https:\/\/yoast.com\/product\/yoast-seo-premium-wordpress\/ -->\n<title>DJI Ronin 4D RAW License - koningdrone.be<\/title>\n<meta name=\"robots\" content=\"index, follow, max-snippet:-1, max-image-preview:large, max-video-preview:-1\" \/>\n<link rel=\"canonical\" href=\"https:\/\/koningdrone.be\/fr\/produit\/dji-ronin-4d-raw-license\/\" \/>\n<meta property=\"og:locale\" content=\"fr_FR\" \/>\n<meta property=\"og:type\" content=\"article\" \/>\n<meta property=\"og:title\" content=\"DJI Ronin 4D RAW License\" \/>\n<meta property=\"og:description\" content=\"Maakt Apple ProRes RAW-video-opname op Ronin 4D mogelijk. Bij eenmalige aankoop onbeperkt geldig. Voldoet aan de uitgebreide vereisten voor filmopnamen. Bevat instructies voor het activeren van de licentiesleutel.\" \/>\n<meta property=\"og:url\" content=\"https:\/\/koningdrone.be\/fr\/produit\/dji-ronin-4d-raw-license\/\" \/>\n<meta property=\"og:site_name\" content=\"koningdrone.be\" \/>\n<meta property=\"article:modified_time\" content=\"2025-04-29T12:03:14+00:00\" \/>\n<meta property=\"og:image\" content=\"https:\/\/koningdrone.be\/wp-content\/uploads\/sites\/13\/2025\/04\/bcee2e6233b8384732c2c60d78161c9d@large.jpg\" \/>\n\t<meta property=\"og:image:width\" content=\"1200\" \/>\n\t<meta property=\"og:image:height\" content=\"800\" \/>\n\t<meta property=\"og:image:type\" content=\"image\/jpeg\" \/>\n<meta name=\"twitter:card\" content=\"summary_large_image\" \/>\n<meta name=\"twitter:label1\" content=\"Dur\u00e9e de lecture est.\" \/>\n\t<meta name=\"twitter:data1\" content=\"1 minute\" \/>\n<script type=\"application\/ld+json\" class=\"yoast-schema-graph\">{\"@context\":\"https:\/\/schema.org\",\"@graph\":[{\"@type\":\"WebPage\",\"@id\":\"https:\/\/koningdrone.be\/product\/dji-ronin-4d-raw-license\/\",\"url\":\"https:\/\/koningdrone.be\/product\/dji-ronin-4d-raw-license\/\",\"name\":\"DJI Ronin 4D RAW License - koningdrone.be\",\"isPartOf\":{\"@id\":\"https:\/\/koningdrone.be\/#website\"},\"primaryImageOfPage\":{\"@id\":\"https:\/\/koningdrone.be\/product\/dji-ronin-4d-raw-license\/#primaryimage\"},\"image\":{\"@id\":\"https:\/\/koningdrone.be\/product\/dji-ronin-4d-raw-license\/#primaryimage\"},\"thumbnailUrl\":\"https:\/\/koningdrone.be\/wp-content\/uploads\/sites\/13\/2025\/04\/bcee2e6233b8384732c2c60d78161c9d@large.jpg\",\"datePublished\":\"2024-03-13T15:36:23+00:00\",\"dateModified\":\"2025-04-29T12:03:14+00:00\",\"breadcrumb\":{\"@id\":\"https:\/\/koningdrone.be\/product\/dji-ronin-4d-raw-license\/#breadcrumb\"},\"inLanguage\":\"fr-BE\",\"potentialAction\":[{\"@type\":\"ReadAction\",\"target\":[\"https:\/\/koningdrone.be\/product\/dji-ronin-4d-raw-license\/\"]}]},{\"@type\":\"ImageObject\",\"inLanguage\":\"fr-BE\",\"@id\":\"https:\/\/koningdrone.be\/product\/dji-ronin-4d-raw-license\/#primaryimage\",\"url\":\"https:\/\/koningdrone.be\/wp-content\/uploads\/sites\/13\/2025\/04\/bcee2e6233b8384732c2c60d78161c9d@large.jpg\",\"contentUrl\":\"https:\/\/koningdrone.be\/wp-content\/uploads\/sites\/13\/2025\/04\/bcee2e6233b8384732c2c60d78161c9d@large.jpg\",\"width\":1200,\"height\":800},{\"@type\":\"BreadcrumbList\",\"@id\":\"https:\/\/koningdrone.be\/product\/dji-ronin-4d-raw-license\/#breadcrumb\",\"itemListElement\":[{\"@type\":\"ListItem\",\"position\":1,\"name\":\"Home\",\"item\":\"https:\/\/koningdrone.be\/\"},{\"@type\":\"ListItem\",\"position\":2,\"name\":\"AVSS Parachute Recovery System for DJI Matrice 300\/350\",\"item\":\"https:\/\/koningdrone.be\/product\/avss-parachute-recovery-system-for-dji-matrice-300-350\/\"},{\"@type\":\"ListItem\",\"position\":3,\"name\":\"Alle producten\",\"item\":\"https:\/\/koningdrone.be\/categorie\/alle-producten\/\"},{\"@type\":\"ListItem\",\"position\":4,\"name\":\"DJI Ronin 4D RAW License\"}]},{\"@type\":\"WebSite\",\"@id\":\"https:\/\/koningdrone.be\/#website\",\"url\":\"https:\/\/koningdrone.be\/\",\"name\":\"Koningdrone.be - Uw online specialist in drones, gimbals, camera's en power stations.\",\"description\":\"De webshop in drones en gimbals\",\"publisher\":{\"@id\":\"https:\/\/koningdrone.be\/#organization\"},\"potentialAction\":[{\"@type\":\"SearchAction\",\"target\":{\"@type\":\"EntryPoint\",\"urlTemplate\":\"https:\/\/koningdrone.be\/?s={search_term_string}\"},\"query-input\":{\"@type\":\"PropertyValueSpecification\",\"valueRequired\":true,\"valueName\":\"search_term_string\"}}],\"inLanguage\":\"fr-BE\"},{\"@type\":\"Organization\",\"@id\":\"https:\/\/koningdrone.be\/#organization\",\"name\":\"Koningdrone.be\",\"url\":\"https:\/\/koningdrone.be\/\",\"logo\":{\"@type\":\"ImageObject\",\"inLanguage\":\"fr-BE\",\"@id\":\"https:\/\/koningdrone.be\/#\/schema\/logo\/image\/\",\"url\":\"https:\/\/koningdrone.be\/wp-content\/uploads\/sites\/13\/2025\/04\/koningdrone-copyright-logo.svg\",\"contentUrl\":\"https:\/\/koningdrone.be\/wp-content\/uploads\/sites\/13\/2025\/04\/koningdrone-copyright-logo.svg\",\"width\":227,\"height\":38,\"caption\":\"Koningdrone.be\"},\"image\":{\"@id\":\"https:\/\/koningdrone.be\/#\/schema\/logo\/image\/\"}}]}<\/script>\n<!-- \/ Yoast SEO Premium plugin. -->","yoast_head_json":{"title":"DJI Ronin 4D RAW License - koningdrone.be","robots":{"index":"index","follow":"follow","max-snippet":"max-snippet:-1","max-image-preview":"max-image-preview:large","max-video-preview":"max-video-preview:-1"},"canonical":"https:\/\/koningdrone.be\/fr\/produit\/dji-ronin-4d-raw-license\/","og_locale":"fr_FR","og_type":"article","og_title":"DJI Ronin 4D RAW License","og_description":"Maakt Apple ProRes RAW-video-opname op Ronin 4D mogelijk. Bij eenmalige aankoop onbeperkt geldig. Voldoet aan de uitgebreide vereisten voor filmopnamen. Bevat instructies voor het activeren van de licentiesleutel.","og_url":"https:\/\/koningdrone.be\/fr\/produit\/dji-ronin-4d-raw-license\/","og_site_name":"koningdrone.be","article_modified_time":"2025-04-29T12:03:14+00:00","og_image":[{"width":1200,"height":800,"url":"https:\/\/koningdrone.be\/wp-content\/uploads\/sites\/13\/2025\/04\/bcee2e6233b8384732c2c60d78161c9d@large.jpg","type":"image\/jpeg"}],"twitter_card":"summary_large_image","twitter_misc":{"Dur\u00e9e de lecture est.":"1 minute"},"schema":{"@context":"https:\/\/schema.org","@graph":[{"@type":"WebPage","@id":"https:\/\/koningdrone.be\/product\/dji-ronin-4d-raw-license\/","url":"https:\/\/koningdrone.be\/product\/dji-ronin-4d-raw-license\/","name":"DJI Ronin 4D RAW License - koningdrone.be","isPartOf":{"@id":"https:\/\/koningdrone.be\/#website"},"primaryImageOfPage":{"@id":"https:\/\/koningdrone.be\/product\/dji-ronin-4d-raw-license\/#primaryimage"},"image":{"@id":"https:\/\/koningdrone.be\/product\/dji-ronin-4d-raw-license\/#primaryimage"},"thumbnailUrl":"https:\/\/koningdrone.be\/wp-content\/uploads\/sites\/13\/2025\/04\/bcee2e6233b8384732c2c60d78161c9d@large.jpg","datePublished":"2024-03-13T15:36:23+00:00","dateModified":"2025-04-29T12:03:14+00:00","breadcrumb":{"@id":"https:\/\/koningdrone.be\/product\/dji-ronin-4d-raw-license\/#breadcrumb"},"inLanguage":"fr-BE","potentialAction":[{"@type":"ReadAction","target":["https:\/\/koningdrone.be\/product\/dji-ronin-4d-raw-license\/"]}]},{"@type":"ImageObject","inLanguage":"fr-BE","@id":"https:\/\/koningdrone.be\/product\/dji-ronin-4d-raw-license\/#primaryimage","url":"https:\/\/koningdrone.be\/wp-content\/uploads\/sites\/13\/2025\/04\/bcee2e6233b8384732c2c60d78161c9d@large.jpg","contentUrl":"https:\/\/koningdrone.be\/wp-content\/uploads\/sites\/13\/2025\/04\/bcee2e6233b8384732c2c60d78161c9d@large.jpg","width":1200,"height":800},{"@type":"BreadcrumbList","@id":"https:\/\/koningdrone.be\/product\/dji-ronin-4d-raw-license\/#breadcrumb","itemListElement":[{"@type":"ListItem","position":1,"name":"Home","item":"https:\/\/koningdrone.be\/"},{"@type":"ListItem","position":2,"name":"AVSS Parachute Recovery System for DJI Matrice 300\/350","item":"https:\/\/koningdrone.be\/product\/avss-parachute-recovery-system-for-dji-matrice-300-350\/"},{"@type":"ListItem","position":3,"name":"Alle producten","item":"https:\/\/koningdrone.be\/categorie\/alle-producten\/"},{"@type":"ListItem","position":4,"name":"DJI Ronin 4D RAW License"}]},{"@type":"WebSite","@id":"https:\/\/koningdrone.be\/#website","url":"https:\/\/koningdrone.be\/","name":"Koningdrone.be - Votre sp\u00e9cialiste en ligne en mati\u00e8re de drones, de cardans, de cam\u00e9ras et de centrales \u00e9lectriques.","description":"La boutique en ligne de drones et de cardans","publisher":{"@id":"https:\/\/koningdrone.be\/#organization"},"potentialAction":[{"@type":"SearchAction","target":{"@type":"EntryPoint","urlTemplate":"https:\/\/koningdrone.be\/?s={search_term_string}"},"query-input":{"@type":"PropertyValueSpecification","valueRequired":true,"valueName":"search_term_string"}}],"inLanguage":"fr-BE"},{"@type":"Organization","@id":"https:\/\/koningdrone.be\/#organization","name":"Kingdrone.co.uk","url":"https:\/\/koningdrone.be\/","logo":{"@type":"ImageObject","inLanguage":"fr-BE","@id":"https:\/\/koningdrone.be\/#\/schema\/logo\/image\/","url":"https:\/\/koningdrone.be\/wp-content\/uploads\/sites\/13\/2025\/04\/koningdrone-copyright-logo.svg","contentUrl":"https:\/\/koningdrone.be\/wp-content\/uploads\/sites\/13\/2025\/04\/koningdrone-copyright-logo.svg","width":227,"height":38,"caption":"Koningdrone.be"},"image":{"@id":"https:\/\/koningdrone.be\/#\/schema\/logo\/image\/"}}]}},"df_price":"","df_sale_price":"","df_regular_price":"","df_image_link":"https:\/\/koningdrone.be\/wp-content\/uploads\/sites\/13\/2025\/04\/bcee2e6233b8384732c2c60d78161c9d@large-300x200.jpg","_links":{"self":[{"href":"https:\/\/koningdrone.be\/fr\/wp-json\/wp\/v2\/product\/4064","targetHints":{"allow":["GET"]}}],"collection":[{"href":"https:\/\/koningdrone.be\/fr\/wp-json\/wp\/v2\/product"}],"about":[{"href":"https:\/\/koningdrone.be\/fr\/wp-json\/wp\/v2\/types\/product"}],"wp:featuredmedia":[{"embeddable":true,"href":"https:\/\/koningdrone.be\/fr\/wp-json\/wp\/v2\/media\/4063"}],"wp:attachment":[{"href":"https:\/\/koningdrone.be\/fr\/wp-json\/wp\/v2\/media?parent=4064"}],"wp:term":[{"taxonomy":"product_brand","embeddable":true,"href":"https:\/\/koningdrone.be\/fr\/wp-json\/wp\/v2\/product_brand?post=4064"},{"taxonomy":"product_cat","embeddable":true,"href":"https:\/\/koningdrone.be\/fr\/wp-json\/wp\/v2\/product_cat?post=4064"},{"taxonomy":"product_tag","embeddable":true,"href":"https:\/\/koningdrone.be\/fr\/wp-json\/wp\/v2\/product_tag?post=4064"}],"curies":[{"name":"wp","href":"https:\/\/api.w.org\/{rel}","templated":true}]}}