{"id":4062,"date":"2024-03-13T15:36:23","date_gmt":"2024-03-13T14:36:23","guid":{"rendered":"https:\/\/koningdrone.nl\/kon\/product\/dji-ronin-4d-hand-grips-mount-universal-adapter\/"},"modified":"2026-04-29T04:00:36","modified_gmt":"2026-04-29T02:00:36","slug":"dji-ronin-4d-hand-grips-mount-universal-adapter","status":"publish","type":"product","link":"https:\/\/koningdrone.be\/fr\/produit\/dji-ronin-4d-hand-grips-mount-universal-adapter\/","title":{"rendered":"Adaptateur universel pour poign\u00e9e DJI Ronin 4D"},"content":{"rendered":"<p><strong>Pr\u00e9sentation de l'adaptateur pour les poign\u00e9es Ronin 4D<\/strong><\/p>\n<p> Am\u00e9liorez votre exp\u00e9rience de tournage avec notre adaptateur, sp\u00e9cialement con\u00e7u pour les poign\u00e9es Ronin 4D. Cet accessoire innovant facilite l'int\u00e9gration d'outils avanc\u00e9s, portant votre production vid\u00e9o \u00e0 un niveau professionnel.<\/p>\n<p><strong>Int\u00e9gration transparente avec le GPS DJI Ronin-S<\/strong><\/p>\n<p> Notre adaptateur est con\u00e7u pour assurer une connexion parfaite avec le module GPS externe DJI Ronin-S. Il garantit une compatibilit\u00e9 sans faille, am\u00e9liorant ainsi la fonctionnalit\u00e9 et les performances de votre \u00e9quipement de tournage. Il garantit une compatibilit\u00e9 sans effort, am\u00e9liorant ainsi la fonctionnalit\u00e9 et les performances de votre \u00e9quipement de tournage.<\/p>\n<p><strong>\u00c9liminez la d\u00e9rive du cardan pour des prises de vue dynamiques<\/strong><\/p>\n<p> L'adaptateur joue un r\u00f4le crucial dans la pr\u00e9vention de la d\u00e9rive du cardan dans les sc\u00e9narios cin\u00e9matographiques difficiles, tels que les prises de vue r\u00e9alis\u00e9es \u00e0 partir de v\u00e9hicules en mouvement. En stabilisant vos s\u00e9quences, vous vous assurez d'obtenir des r\u00e9sultats stables et de qualit\u00e9 professionnelle \u00e0 chaque fois.<\/p>\n<p><strong>Id\u00e9al pour diff\u00e9rents niveaux de comp\u00e9tence<\/strong><\/p>\n<p> Que vous soyez un d\u00e9butant qui s'initie \u00e0 l'enregistrement vid\u00e9o stabilis\u00e9 ou un expert qui cherche \u00e0 perfectionner ses prises de vue dynamiques, cet adaptateur est le compl\u00e9ment id\u00e9al de votre bo\u00eete \u00e0 outils de cin\u00e9aste. Il est con\u00e7u pour r\u00e9pondre \u00e0 un large \u00e9ventail de besoins et am\u00e9liorer la qualit\u00e9 de votre travail dans les sc\u00e9narios \u00e0 grande vitesse.<\/p>\n<p><\/p>","protected":false},"excerpt":{"rendered":"<ul>\n<li>Compatible avec les poign\u00e9es Ronin 4D<\/li>\n<li> S'adapte aux accessoires tels que le module GPS externe DJI Ronin-S<\/li>\n<li> R\u00e9sout la d\u00e9rive cardanique dans les sc\u00e9narios \u00e0 \u00e9volution rapide<\/li>\n<li> Id\u00e9al pour les prises de vue \u00e0 partir d'un v\u00e9hicule<\/li>\n<\/ul>","protected":false},"featured_media":4059,"template":"","meta":{"_acf_changed":false},"product_brand":[],"product_cat":[268,410,97,265,532,624],"product_tag":[],"class_list":{"0":"post-4062","1":"product","2":"type-product","3":"status-publish","4":"has-post-thumbnail","6":"product_cat-alle-accessoires","7":"product_cat-alle-handheld-gimbals","8":"product_cat-alle-producten","9":"product_cat-dji-ronin","10":"product_cat-dji-ronin-4d","11":"product_cat-enterprise-accessoires","12":"product_shipping_class-acsystemsall","13":"pa_brand-dji","14":"pa_productfamily-adapter","15":"pa_producttype-adapter","16":"pa_series-4d","18":"first","19":"instock","20":"taxable","21":"shipping-taxable","22":"purchasable","23":"product-type-simple"},"acf":[],"yoast_head":"<!-- This site is optimized with the Yoast SEO Premium plugin v27.2 (Yoast SEO v27.2) - https:\/\/yoast.com\/product\/yoast-seo-premium-wordpress\/ -->\n<title>DJI Ronin 4D Hand Grips Mount Universal Adapter - koningdrone.be<\/title>\n<meta name=\"robots\" content=\"index, follow, max-snippet:-1, max-image-preview:large, max-video-preview:-1\" \/>\n<link rel=\"canonical\" href=\"https:\/\/koningdrone.be\/fr\/produit\/dji-ronin-4d-hand-grips-mount-universal-adapter\/\" \/>\n<meta property=\"og:locale\" content=\"fr_FR\" \/>\n<meta property=\"og:type\" content=\"article\" \/>\n<meta property=\"og:title\" content=\"DJI Ronin 4D Hand Grips Mount Universal Adapter\" \/>\n<meta property=\"og:description\" content=\"Compatibel met Ronin 4D-handgrepen Past zich aan accessoires zoals de DJI Ronin-S externe GPS-module aan Lost cardanische drift op in snel bewegende scenario&#039;s Ideaal voor fotograferen vanuit een voertuig\" \/>\n<meta property=\"og:url\" content=\"https:\/\/koningdrone.be\/fr\/produit\/dji-ronin-4d-hand-grips-mount-universal-adapter\/\" \/>\n<meta property=\"og:site_name\" content=\"koningdrone.be\" \/>\n<meta property=\"article:modified_time\" content=\"2026-04-29T02:00:36+00:00\" \/>\n<meta property=\"og:image\" content=\"https:\/\/koningdrone.be\/wp-content\/uploads\/sites\/13\/2025\/04\/427fc66796d80bcebbc9ee6720fcd0c4@large.jpg\" \/>\n\t<meta property=\"og:image:width\" content=\"1200\" \/>\n\t<meta property=\"og:image:height\" content=\"800\" \/>\n\t<meta property=\"og:image:type\" content=\"image\/jpeg\" \/>\n<meta name=\"twitter:card\" content=\"summary_large_image\" \/>\n<meta name=\"twitter:label1\" content=\"Dur\u00e9e de lecture est.\" \/>\n\t<meta name=\"twitter:data1\" content=\"1 minute\" \/>\n<script type=\"application\/ld+json\" class=\"yoast-schema-graph\">{\"@context\":\"https:\/\/schema.org\",\"@graph\":[{\"@type\":\"WebPage\",\"@id\":\"https:\/\/koningdrone.be\/product\/dji-ronin-4d-hand-grips-mount-universal-adapter\/\",\"url\":\"https:\/\/koningdrone.be\/product\/dji-ronin-4d-hand-grips-mount-universal-adapter\/\",\"name\":\"DJI Ronin 4D Hand Grips Mount Universal Adapter - koningdrone.be\",\"isPartOf\":{\"@id\":\"https:\/\/koningdrone.be\/#website\"},\"primaryImageOfPage\":{\"@id\":\"https:\/\/koningdrone.be\/product\/dji-ronin-4d-hand-grips-mount-universal-adapter\/#primaryimage\"},\"image\":{\"@id\":\"https:\/\/koningdrone.be\/product\/dji-ronin-4d-hand-grips-mount-universal-adapter\/#primaryimage\"},\"thumbnailUrl\":\"https:\/\/koningdrone.be\/wp-content\/uploads\/sites\/13\/2025\/04\/427fc66796d80bcebbc9ee6720fcd0c4@large.jpg\",\"datePublished\":\"2024-03-13T14:36:23+00:00\",\"dateModified\":\"2026-04-29T02:00:36+00:00\",\"breadcrumb\":{\"@id\":\"https:\/\/koningdrone.be\/product\/dji-ronin-4d-hand-grips-mount-universal-adapter\/#breadcrumb\"},\"inLanguage\":\"fr-BE\",\"potentialAction\":[{\"@type\":\"ReadAction\",\"target\":[\"https:\/\/koningdrone.be\/product\/dji-ronin-4d-hand-grips-mount-universal-adapter\/\"]}]},{\"@type\":\"ImageObject\",\"inLanguage\":\"fr-BE\",\"@id\":\"https:\/\/koningdrone.be\/product\/dji-ronin-4d-hand-grips-mount-universal-adapter\/#primaryimage\",\"url\":\"https:\/\/koningdrone.be\/wp-content\/uploads\/sites\/13\/2025\/04\/427fc66796d80bcebbc9ee6720fcd0c4@large.jpg\",\"contentUrl\":\"https:\/\/koningdrone.be\/wp-content\/uploads\/sites\/13\/2025\/04\/427fc66796d80bcebbc9ee6720fcd0c4@large.jpg\",\"width\":1200,\"height\":800},{\"@type\":\"BreadcrumbList\",\"@id\":\"https:\/\/koningdrone.be\/product\/dji-ronin-4d-hand-grips-mount-universal-adapter\/#breadcrumb\",\"itemListElement\":[{\"@type\":\"ListItem\",\"position\":1,\"name\":\"Home\",\"item\":\"https:\/\/koningdrone.be\/\"},{\"@type\":\"ListItem\",\"position\":2,\"name\":\"AVSS Parachute Recovery System for DJI Matrice 300\/350\",\"item\":\"https:\/\/koningdrone.be\/product\/avss-parachute-recovery-system-for-dji-matrice-300-350\/\"},{\"@type\":\"ListItem\",\"position\":3,\"name\":\"Alle accessoires\",\"item\":\"https:\/\/koningdrone.be\/categorie\/alle-accessoires\/\"},{\"@type\":\"ListItem\",\"position\":4,\"name\":\"DJI Ronin 4D Hand Grips Mount Universal Adapter\"}]},{\"@type\":\"WebSite\",\"@id\":\"https:\/\/koningdrone.be\/#website\",\"url\":\"https:\/\/koningdrone.be\/\",\"name\":\"Koningdrone.be - Uw online specialist in drones, gimbals, camera's en power stations.\",\"description\":\"De webshop in drones en gimbals\",\"publisher\":{\"@id\":\"https:\/\/koningdrone.be\/#organization\"},\"potentialAction\":[{\"@type\":\"SearchAction\",\"target\":{\"@type\":\"EntryPoint\",\"urlTemplate\":\"https:\/\/koningdrone.be\/?s={search_term_string}\"},\"query-input\":{\"@type\":\"PropertyValueSpecification\",\"valueRequired\":true,\"valueName\":\"search_term_string\"}}],\"inLanguage\":\"fr-BE\"},{\"@type\":\"Organization\",\"@id\":\"https:\/\/koningdrone.be\/#organization\",\"name\":\"Koningdrone.be\",\"url\":\"https:\/\/koningdrone.be\/\",\"logo\":{\"@type\":\"ImageObject\",\"inLanguage\":\"fr-BE\",\"@id\":\"https:\/\/koningdrone.be\/#\/schema\/logo\/image\/\",\"url\":\"https:\/\/koningdrone.be\/wp-content\/uploads\/sites\/13\/2025\/04\/koningdrone-copyright-logo.svg\",\"contentUrl\":\"https:\/\/koningdrone.be\/wp-content\/uploads\/sites\/13\/2025\/04\/koningdrone-copyright-logo.svg\",\"width\":227,\"height\":38,\"caption\":\"Koningdrone.be\"},\"image\":{\"@id\":\"https:\/\/koningdrone.be\/#\/schema\/logo\/image\/\"}}]}<\/script>\n<!-- \/ Yoast SEO Premium plugin. -->","yoast_head_json":{"title":"DJI Ronin 4D Hand Grips Mount Universal Adapter - koningdrone.be","robots":{"index":"index","follow":"follow","max-snippet":"max-snippet:-1","max-image-preview":"max-image-preview:large","max-video-preview":"max-video-preview:-1"},"canonical":"https:\/\/koningdrone.be\/fr\/produit\/dji-ronin-4d-hand-grips-mount-universal-adapter\/","og_locale":"fr_FR","og_type":"article","og_title":"DJI Ronin 4D Hand Grips Mount Universal Adapter","og_description":"Compatibel met Ronin 4D-handgrepen Past zich aan accessoires zoals de DJI Ronin-S externe GPS-module aan Lost cardanische drift op in snel bewegende scenario&#039;s Ideaal voor fotograferen vanuit een voertuig","og_url":"https:\/\/koningdrone.be\/fr\/produit\/dji-ronin-4d-hand-grips-mount-universal-adapter\/","og_site_name":"koningdrone.be","article_modified_time":"2026-04-29T02:00:36+00:00","og_image":[{"width":1200,"height":800,"url":"https:\/\/koningdrone.be\/wp-content\/uploads\/sites\/13\/2025\/04\/427fc66796d80bcebbc9ee6720fcd0c4@large.jpg","type":"image\/jpeg"}],"twitter_card":"summary_large_image","twitter_misc":{"Dur\u00e9e de lecture est.":"1 minute"},"schema":{"@context":"https:\/\/schema.org","@graph":[{"@type":"WebPage","@id":"https:\/\/koningdrone.be\/product\/dji-ronin-4d-hand-grips-mount-universal-adapter\/","url":"https:\/\/koningdrone.be\/product\/dji-ronin-4d-hand-grips-mount-universal-adapter\/","name":"DJI Ronin 4D Hand Grips Mount Universal Adapter - koningdrone.be","isPartOf":{"@id":"https:\/\/koningdrone.be\/#website"},"primaryImageOfPage":{"@id":"https:\/\/koningdrone.be\/product\/dji-ronin-4d-hand-grips-mount-universal-adapter\/#primaryimage"},"image":{"@id":"https:\/\/koningdrone.be\/product\/dji-ronin-4d-hand-grips-mount-universal-adapter\/#primaryimage"},"thumbnailUrl":"https:\/\/koningdrone.be\/wp-content\/uploads\/sites\/13\/2025\/04\/427fc66796d80bcebbc9ee6720fcd0c4@large.jpg","datePublished":"2024-03-13T14:36:23+00:00","dateModified":"2026-04-29T02:00:36+00:00","breadcrumb":{"@id":"https:\/\/koningdrone.be\/product\/dji-ronin-4d-hand-grips-mount-universal-adapter\/#breadcrumb"},"inLanguage":"fr-BE","potentialAction":[{"@type":"ReadAction","target":["https:\/\/koningdrone.be\/product\/dji-ronin-4d-hand-grips-mount-universal-adapter\/"]}]},{"@type":"ImageObject","inLanguage":"fr-BE","@id":"https:\/\/koningdrone.be\/product\/dji-ronin-4d-hand-grips-mount-universal-adapter\/#primaryimage","url":"https:\/\/koningdrone.be\/wp-content\/uploads\/sites\/13\/2025\/04\/427fc66796d80bcebbc9ee6720fcd0c4@large.jpg","contentUrl":"https:\/\/koningdrone.be\/wp-content\/uploads\/sites\/13\/2025\/04\/427fc66796d80bcebbc9ee6720fcd0c4@large.jpg","width":1200,"height":800},{"@type":"BreadcrumbList","@id":"https:\/\/koningdrone.be\/product\/dji-ronin-4d-hand-grips-mount-universal-adapter\/#breadcrumb","itemListElement":[{"@type":"ListItem","position":1,"name":"Home","item":"https:\/\/koningdrone.be\/"},{"@type":"ListItem","position":2,"name":"AVSS Parachute Recovery System for DJI Matrice 300\/350","item":"https:\/\/koningdrone.be\/product\/avss-parachute-recovery-system-for-dji-matrice-300-350\/"},{"@type":"ListItem","position":3,"name":"Alle accessoires","item":"https:\/\/koningdrone.be\/categorie\/alle-accessoires\/"},{"@type":"ListItem","position":4,"name":"DJI Ronin 4D Hand Grips Mount Universal Adapter"}]},{"@type":"WebSite","@id":"https:\/\/koningdrone.be\/#website","url":"https:\/\/koningdrone.be\/","name":"Koningdrone.be - Votre sp\u00e9cialiste en ligne en mati\u00e8re de drones, de cardans, de cam\u00e9ras et de centrales \u00e9lectriques.","description":"La boutique en ligne de drones et de cardans","publisher":{"@id":"https:\/\/koningdrone.be\/#organization"},"potentialAction":[{"@type":"SearchAction","target":{"@type":"EntryPoint","urlTemplate":"https:\/\/koningdrone.be\/?s={search_term_string}"},"query-input":{"@type":"PropertyValueSpecification","valueRequired":true,"valueName":"search_term_string"}}],"inLanguage":"fr-BE"},{"@type":"Organization","@id":"https:\/\/koningdrone.be\/#organization","name":"Kingdrone.co.uk","url":"https:\/\/koningdrone.be\/","logo":{"@type":"ImageObject","inLanguage":"fr-BE","@id":"https:\/\/koningdrone.be\/#\/schema\/logo\/image\/","url":"https:\/\/koningdrone.be\/wp-content\/uploads\/sites\/13\/2025\/04\/koningdrone-copyright-logo.svg","contentUrl":"https:\/\/koningdrone.be\/wp-content\/uploads\/sites\/13\/2025\/04\/koningdrone-copyright-logo.svg","width":227,"height":38,"caption":"Koningdrone.be"},"image":{"@id":"https:\/\/koningdrone.be\/#\/schema\/logo\/image\/"}}]}},"df_price":68,"df_sale_price":"","df_regular_price":68,"df_image_link":"https:\/\/koningdrone.be\/wp-content\/uploads\/sites\/13\/2025\/04\/427fc66796d80bcebbc9ee6720fcd0c4@large-300x200.jpg","_links":{"self":[{"href":"https:\/\/koningdrone.be\/fr\/wp-json\/wp\/v2\/product\/4062","targetHints":{"allow":["GET"]}}],"collection":[{"href":"https:\/\/koningdrone.be\/fr\/wp-json\/wp\/v2\/product"}],"about":[{"href":"https:\/\/koningdrone.be\/fr\/wp-json\/wp\/v2\/types\/product"}],"wp:featuredmedia":[{"embeddable":true,"href":"https:\/\/koningdrone.be\/fr\/wp-json\/wp\/v2\/media\/4059"}],"wp:attachment":[{"href":"https:\/\/koningdrone.be\/fr\/wp-json\/wp\/v2\/media?parent=4062"}],"wp:term":[{"taxonomy":"product_brand","embeddable":true,"href":"https:\/\/koningdrone.be\/fr\/wp-json\/wp\/v2\/product_brand?post=4062"},{"taxonomy":"product_cat","embeddable":true,"href":"https:\/\/koningdrone.be\/fr\/wp-json\/wp\/v2\/product_cat?post=4062"},{"taxonomy":"product_tag","embeddable":true,"href":"https:\/\/koningdrone.be\/fr\/wp-json\/wp\/v2\/product_tag?post=4062"}],"curies":[{"name":"wp","href":"https:\/\/api.w.org\/{rel}","templated":true}]}}