{"id":4058,"date":"2024-03-13T15:36:48","date_gmt":"2024-03-13T14:36:48","guid":{"rendered":"https:\/\/koningdrone.nl\/kon\/product\/payload-sdk-skyport-2-0\/"},"modified":"2026-04-29T14:51:06","modified_gmt":"2026-04-29T12:51:06","slug":"payload-sdk-skyport-2-0","status":"publish","type":"product","link":"https:\/\/koningdrone.be\/fr\/produit\/payload-sdk-skyport-2-0\/","title":{"rendered":"Payload SDK Skyport 2.0"},"content":{"rendered":"<p><strong>Introduction \u00e0 SKYPORT V2<\/strong><\/p>\n<p> La SKYPORT V2 am\u00e9lior\u00e9e constitue un bond en avant technologique, s'appuyant sur les solides fondations pos\u00e9es par son pr\u00e9d\u00e9cesseur. Avec une efficacit\u00e9 am\u00e9lior\u00e9e et un design convivial, elle \u00e9tablit une nouvelle norme en mati\u00e8re de technologie et de d\u00e9veloppement des cardans.<\/p>\n<p><strong>Am\u00e9lioration du syst\u00e8me de connexion<\/strong><\/p>\n<p> Au c\u0153ur des am\u00e9liorations apport\u00e9es \u00e0 la SKYPORT V2 se trouve son syst\u00e8me de connexion am\u00e9lior\u00e9. Cette nouvelle fonctionnalit\u00e9 est con\u00e7ue pour permettre des connexions plus faciles et plus fiables, rendant l'appareil non seulement plus efficace mais aussi plus accessible aux utilisateurs de tous niveaux.<\/p>\n<p><strong>Introduction des connecteurs de c\u00e2bles plats<\/strong><\/p>\n<p> Une autre am\u00e9lioration majeure de la SKYPORT V2 est l'int\u00e9gration de connecteurs de c\u00e2bles plats. Cette innovation est une aubaine pour ceux qui ne sont pas familiers avec les subtilit\u00e9s de la technologie des cardans, car elle simplifie le processus de d\u00e9veloppement et am\u00e9liore l'exp\u00e9rience globale de l'utilisateur.<\/p>\n<p><strong>Avantages pour les d\u00e9butants et les professionnels<\/strong><\/p>\n<p> Que vous fassiez vos premiers pas dans la technologie des cardans ou que vous soyez un professionnel chevronn\u00e9, la SKYPORT V2 offre des avantages \u00e0 tous les utilisateurs. Sa conception offre une solution transparente et plus rentable pour les projets de toute envergure.<\/p>\n<p><strong>Simplifier le d\u00e9veloppement et r\u00e9duire les co\u00fbts<\/strong><\/p>\n<p> La SKYPORT V2 ne se contente pas de simplifier le processus de d\u00e9veloppement gr\u00e2ce \u00e0 des caract\u00e9ristiques innovantes telles que les connecteurs de c\u00e2bles plats, elle joue \u00e9galement un r\u00f4le crucial dans la r\u00e9duction du co\u00fbt global associ\u00e9 aux projets de technologie de cardan, ce qui en fait un outil pr\u00e9cieux pour un large \u00e9ventail d'utilisateurs.<\/p>\n<p><\/p>","protected":false},"excerpt":{"rendered":"<ul>\n<li>Structure de connexion optimis\u00e9e pour une meilleure conception<\/li>\n<li> Introduction de nouveaux connecteurs pour c\u00e2bles plats<\/li>\n<li> R\u00e9duction des co\u00fbts de d\u00e9veloppement pour les utilisateurs non sp\u00e9cialis\u00e9s<\/li>\n<li> Am\u00e9lioration du mod\u00e8le original SKYPORT<\/li>\n<\/ul>","protected":false},"featured_media":4055,"template":"","meta":{"_acf_changed":false},"product_brand":[],"product_cat":[126,97,675],"product_tag":[],"class_list":{"0":"post-4058","1":"product","2":"type-product","3":"status-publish","4":"has-post-thumbnail","6":"product_cat-alle-payloads","7":"product_cat-alle-producten","8":"product_cat-dji-enterprise-drones","9":"product_shipping_class-outofstock","10":"pa_brand-dji","11":"pa_productfamily-drone-attributes","12":"pa_producttype-drone-attributes","14":"first","15":"outofstock","16":"taxable","17":"shipping-taxable","18":"purchasable","19":"product-type-simple"},"acf":[],"yoast_head":"<!-- This site is optimized with the Yoast SEO Premium plugin v27.2 (Yoast SEO v27.2) - https:\/\/yoast.com\/product\/yoast-seo-premium-wordpress\/ -->\n<title>Payload SDK Skyport 2.0 - koningdrone.be<\/title>\n<meta name=\"robots\" content=\"index, follow, max-snippet:-1, max-image-preview:large, max-video-preview:-1\" \/>\n<link rel=\"canonical\" href=\"https:\/\/koningdrone.be\/fr\/produit\/payload-sdk-skyport-2-0\/\" \/>\n<meta property=\"og:locale\" content=\"fr_FR\" \/>\n<meta property=\"og:type\" content=\"article\" \/>\n<meta property=\"og:title\" content=\"Payload SDK Skyport 2.0\" \/>\n<meta property=\"og:description\" content=\"Geoptimaliseerde verbindingsstructuur voor een verbeterd ontwerp Nieuwe platte lintkabelconnectoren ge\u00efntroduceerd Verlaagt de ontwikkelingskosten voor niet-gespecialiseerde gebruikers Verbetert het originele SKYPORT-model\" \/>\n<meta property=\"og:url\" content=\"https:\/\/koningdrone.be\/fr\/produit\/payload-sdk-skyport-2-0\/\" \/>\n<meta property=\"og:site_name\" content=\"koningdrone.be\" \/>\n<meta property=\"article:modified_time\" content=\"2026-04-29T12:51:06+00:00\" \/>\n<meta property=\"og:image\" content=\"https:\/\/koningdrone.be\/wp-content\/uploads\/sites\/13\/2025\/04\/74c583dd3b0684be16c1eeb7675c6247@large.jpg\" \/>\n\t<meta property=\"og:image:width\" content=\"1200\" \/>\n\t<meta property=\"og:image:height\" content=\"800\" \/>\n\t<meta property=\"og:image:type\" content=\"image\/jpeg\" \/>\n<meta name=\"twitter:card\" content=\"summary_large_image\" \/>\n<meta name=\"twitter:label1\" content=\"Dur\u00e9e de lecture est.\" \/>\n\t<meta name=\"twitter:data1\" content=\"1 minute\" \/>\n<script type=\"application\/ld+json\" class=\"yoast-schema-graph\">{\"@context\":\"https:\/\/schema.org\",\"@graph\":[{\"@type\":\"WebPage\",\"@id\":\"https:\/\/koningdrone.be\/product\/payload-sdk-skyport-2-0\/\",\"url\":\"https:\/\/koningdrone.be\/product\/payload-sdk-skyport-2-0\/\",\"name\":\"Payload SDK Skyport 2.0 - koningdrone.be\",\"isPartOf\":{\"@id\":\"https:\/\/koningdrone.be\/#website\"},\"primaryImageOfPage\":{\"@id\":\"https:\/\/koningdrone.be\/product\/payload-sdk-skyport-2-0\/#primaryimage\"},\"image\":{\"@id\":\"https:\/\/koningdrone.be\/product\/payload-sdk-skyport-2-0\/#primaryimage\"},\"thumbnailUrl\":\"https:\/\/koningdrone.be\/wp-content\/uploads\/sites\/13\/2025\/04\/74c583dd3b0684be16c1eeb7675c6247@large.jpg\",\"datePublished\":\"2024-03-13T14:36:48+00:00\",\"dateModified\":\"2026-04-29T12:51:06+00:00\",\"breadcrumb\":{\"@id\":\"https:\/\/koningdrone.be\/product\/payload-sdk-skyport-2-0\/#breadcrumb\"},\"inLanguage\":\"fr-BE\",\"potentialAction\":[{\"@type\":\"ReadAction\",\"target\":[\"https:\/\/koningdrone.be\/product\/payload-sdk-skyport-2-0\/\"]}]},{\"@type\":\"ImageObject\",\"inLanguage\":\"fr-BE\",\"@id\":\"https:\/\/koningdrone.be\/product\/payload-sdk-skyport-2-0\/#primaryimage\",\"url\":\"https:\/\/koningdrone.be\/wp-content\/uploads\/sites\/13\/2025\/04\/74c583dd3b0684be16c1eeb7675c6247@large.jpg\",\"contentUrl\":\"https:\/\/koningdrone.be\/wp-content\/uploads\/sites\/13\/2025\/04\/74c583dd3b0684be16c1eeb7675c6247@large.jpg\",\"width\":1200,\"height\":800},{\"@type\":\"BreadcrumbList\",\"@id\":\"https:\/\/koningdrone.be\/product\/payload-sdk-skyport-2-0\/#breadcrumb\",\"itemListElement\":[{\"@type\":\"ListItem\",\"position\":1,\"name\":\"Home\",\"item\":\"https:\/\/koningdrone.be\/\"},{\"@type\":\"ListItem\",\"position\":2,\"name\":\"AVSS Parachute Recovery System for DJI Matrice 300\/350\",\"item\":\"https:\/\/koningdrone.be\/product\/avss-parachute-recovery-system-for-dji-matrice-300-350\/\"},{\"@type\":\"ListItem\",\"position\":3,\"name\":\"Alle payloads\",\"item\":\"https:\/\/koningdrone.be\/categorie\/alle-payloads\/\"},{\"@type\":\"ListItem\",\"position\":4,\"name\":\"Payload SDK Skyport 2.0\"}]},{\"@type\":\"WebSite\",\"@id\":\"https:\/\/koningdrone.be\/#website\",\"url\":\"https:\/\/koningdrone.be\/\",\"name\":\"Koningdrone.be - Uw online specialist in drones, gimbals, camera's en power stations.\",\"description\":\"De webshop in drones en gimbals\",\"publisher\":{\"@id\":\"https:\/\/koningdrone.be\/#organization\"},\"potentialAction\":[{\"@type\":\"SearchAction\",\"target\":{\"@type\":\"EntryPoint\",\"urlTemplate\":\"https:\/\/koningdrone.be\/?s={search_term_string}\"},\"query-input\":{\"@type\":\"PropertyValueSpecification\",\"valueRequired\":true,\"valueName\":\"search_term_string\"}}],\"inLanguage\":\"fr-BE\"},{\"@type\":\"Organization\",\"@id\":\"https:\/\/koningdrone.be\/#organization\",\"name\":\"Koningdrone.be\",\"url\":\"https:\/\/koningdrone.be\/\",\"logo\":{\"@type\":\"ImageObject\",\"inLanguage\":\"fr-BE\",\"@id\":\"https:\/\/koningdrone.be\/#\/schema\/logo\/image\/\",\"url\":\"https:\/\/koningdrone.be\/wp-content\/uploads\/sites\/13\/2025\/04\/koningdrone-copyright-logo.svg\",\"contentUrl\":\"https:\/\/koningdrone.be\/wp-content\/uploads\/sites\/13\/2025\/04\/koningdrone-copyright-logo.svg\",\"width\":227,\"height\":38,\"caption\":\"Koningdrone.be\"},\"image\":{\"@id\":\"https:\/\/koningdrone.be\/#\/schema\/logo\/image\/\"}}]}<\/script>\n<!-- \/ Yoast SEO Premium plugin. -->","yoast_head_json":{"title":"Payload SDK Skyport 2.0 - koningdrone.be","robots":{"index":"index","follow":"follow","max-snippet":"max-snippet:-1","max-image-preview":"max-image-preview:large","max-video-preview":"max-video-preview:-1"},"canonical":"https:\/\/koningdrone.be\/fr\/produit\/payload-sdk-skyport-2-0\/","og_locale":"fr_FR","og_type":"article","og_title":"Payload SDK Skyport 2.0","og_description":"Geoptimaliseerde verbindingsstructuur voor een verbeterd ontwerp Nieuwe platte lintkabelconnectoren ge\u00efntroduceerd Verlaagt de ontwikkelingskosten voor niet-gespecialiseerde gebruikers Verbetert het originele SKYPORT-model","og_url":"https:\/\/koningdrone.be\/fr\/produit\/payload-sdk-skyport-2-0\/","og_site_name":"koningdrone.be","article_modified_time":"2026-04-29T12:51:06+00:00","og_image":[{"width":1200,"height":800,"url":"https:\/\/koningdrone.be\/wp-content\/uploads\/sites\/13\/2025\/04\/74c583dd3b0684be16c1eeb7675c6247@large.jpg","type":"image\/jpeg"}],"twitter_card":"summary_large_image","twitter_misc":{"Dur\u00e9e de lecture est.":"1 minute"},"schema":{"@context":"https:\/\/schema.org","@graph":[{"@type":"WebPage","@id":"https:\/\/koningdrone.be\/product\/payload-sdk-skyport-2-0\/","url":"https:\/\/koningdrone.be\/product\/payload-sdk-skyport-2-0\/","name":"Payload SDK Skyport 2.0 - koningdrone.be","isPartOf":{"@id":"https:\/\/koningdrone.be\/#website"},"primaryImageOfPage":{"@id":"https:\/\/koningdrone.be\/product\/payload-sdk-skyport-2-0\/#primaryimage"},"image":{"@id":"https:\/\/koningdrone.be\/product\/payload-sdk-skyport-2-0\/#primaryimage"},"thumbnailUrl":"https:\/\/koningdrone.be\/wp-content\/uploads\/sites\/13\/2025\/04\/74c583dd3b0684be16c1eeb7675c6247@large.jpg","datePublished":"2024-03-13T14:36:48+00:00","dateModified":"2026-04-29T12:51:06+00:00","breadcrumb":{"@id":"https:\/\/koningdrone.be\/product\/payload-sdk-skyport-2-0\/#breadcrumb"},"inLanguage":"fr-BE","potentialAction":[{"@type":"ReadAction","target":["https:\/\/koningdrone.be\/product\/payload-sdk-skyport-2-0\/"]}]},{"@type":"ImageObject","inLanguage":"fr-BE","@id":"https:\/\/koningdrone.be\/product\/payload-sdk-skyport-2-0\/#primaryimage","url":"https:\/\/koningdrone.be\/wp-content\/uploads\/sites\/13\/2025\/04\/74c583dd3b0684be16c1eeb7675c6247@large.jpg","contentUrl":"https:\/\/koningdrone.be\/wp-content\/uploads\/sites\/13\/2025\/04\/74c583dd3b0684be16c1eeb7675c6247@large.jpg","width":1200,"height":800},{"@type":"BreadcrumbList","@id":"https:\/\/koningdrone.be\/product\/payload-sdk-skyport-2-0\/#breadcrumb","itemListElement":[{"@type":"ListItem","position":1,"name":"Home","item":"https:\/\/koningdrone.be\/"},{"@type":"ListItem","position":2,"name":"AVSS Parachute Recovery System for DJI Matrice 300\/350","item":"https:\/\/koningdrone.be\/product\/avss-parachute-recovery-system-for-dji-matrice-300-350\/"},{"@type":"ListItem","position":3,"name":"Alle payloads","item":"https:\/\/koningdrone.be\/categorie\/alle-payloads\/"},{"@type":"ListItem","position":4,"name":"Payload SDK Skyport 2.0"}]},{"@type":"WebSite","@id":"https:\/\/koningdrone.be\/#website","url":"https:\/\/koningdrone.be\/","name":"Koningdrone.be - Votre sp\u00e9cialiste en ligne en mati\u00e8re de drones, de cardans, de cam\u00e9ras et de centrales \u00e9lectriques.","description":"La boutique en ligne de drones et de cardans","publisher":{"@id":"https:\/\/koningdrone.be\/#organization"},"potentialAction":[{"@type":"SearchAction","target":{"@type":"EntryPoint","urlTemplate":"https:\/\/koningdrone.be\/?s={search_term_string}"},"query-input":{"@type":"PropertyValueSpecification","valueRequired":true,"valueName":"search_term_string"}}],"inLanguage":"fr-BE"},{"@type":"Organization","@id":"https:\/\/koningdrone.be\/#organization","name":"Kingdrone.co.uk","url":"https:\/\/koningdrone.be\/","logo":{"@type":"ImageObject","inLanguage":"fr-BE","@id":"https:\/\/koningdrone.be\/#\/schema\/logo\/image\/","url":"https:\/\/koningdrone.be\/wp-content\/uploads\/sites\/13\/2025\/04\/koningdrone-copyright-logo.svg","contentUrl":"https:\/\/koningdrone.be\/wp-content\/uploads\/sites\/13\/2025\/04\/koningdrone-copyright-logo.svg","width":227,"height":38,"caption":"Koningdrone.be"},"image":{"@id":"https:\/\/koningdrone.be\/#\/schema\/logo\/image\/"}}]}},"df_price":390,"df_sale_price":"","df_regular_price":390,"df_image_link":"https:\/\/koningdrone.be\/wp-content\/uploads\/sites\/13\/2025\/04\/74c583dd3b0684be16c1eeb7675c6247@large-300x200.jpg","_links":{"self":[{"href":"https:\/\/koningdrone.be\/fr\/wp-json\/wp\/v2\/product\/4058","targetHints":{"allow":["GET"]}}],"collection":[{"href":"https:\/\/koningdrone.be\/fr\/wp-json\/wp\/v2\/product"}],"about":[{"href":"https:\/\/koningdrone.be\/fr\/wp-json\/wp\/v2\/types\/product"}],"wp:featuredmedia":[{"embeddable":true,"href":"https:\/\/koningdrone.be\/fr\/wp-json\/wp\/v2\/media\/4055"}],"wp:attachment":[{"href":"https:\/\/koningdrone.be\/fr\/wp-json\/wp\/v2\/media?parent=4058"}],"wp:term":[{"taxonomy":"product_brand","embeddable":true,"href":"https:\/\/koningdrone.be\/fr\/wp-json\/wp\/v2\/product_brand?post=4058"},{"taxonomy":"product_cat","embeddable":true,"href":"https:\/\/koningdrone.be\/fr\/wp-json\/wp\/v2\/product_cat?post=4058"},{"taxonomy":"product_tag","embeddable":true,"href":"https:\/\/koningdrone.be\/fr\/wp-json\/wp\/v2\/product_tag?post=4058"}],"curies":[{"name":"wp","href":"https:\/\/api.w.org\/{rel}","templated":true}]}}