{"id":4019,"date":"2024-03-13T15:38:12","date_gmt":"2024-03-13T15:38:12","guid":{"rendered":"https:\/\/koningdrone.nl\/kon\/product\/dji-d-rtk-2-high-precision-gnss-mobile-station\/"},"modified":"2025-04-29T12:02:13","modified_gmt":"2025-04-29T12:02:13","slug":"dji-d-rtk-2-high-precision-gnss-mobile-station","status":"publish","type":"product","link":"https:\/\/koningdrone.be\/fr\/produit\/dji-d-rtk-2-high-precision-gnss-mobile-station\/","title":{"rendered":"Station mobile GNSS haute pr\u00e9cision DJI D-RTK 2"},"content":{"rendered":"<p><strong>Compatibilit\u00e9 avec la navigation globale<\/strong><\/p>\n<p> Ce produit est con\u00e7u pour fonctionner en toute transparence avec quatre des principaux syst\u00e8mes de navigation par satellite au monde : BeiDou, GPS, Galileo et GLONASS. En int\u00e9grant la compatibilit\u00e9 avec ces r\u00e9seaux mondiaux, l'appareil assure une couverture compl\u00e8te et une connectivit\u00e9 fiable, o\u00f9 que vos activit\u00e9s vous m\u00e8nent.<\/p>\n<p><strong>R\u00e9cepteur multifr\u00e9quence<\/strong><\/p>\n<p> Capable de recevoir des signaux sur 11 fr\u00e9quences diff\u00e9rentes, cet appareil fournit des mises \u00e0 jour en temps r\u00e9el qui affinent la position de l'avion \u00e0 quelques centim\u00e8tres pr\u00e8s. Cette caract\u00e9ristique est particuli\u00e8rement essentielle pour les missions qui requi\u00e8rent un haut degr\u00e9 de pr\u00e9cision et de fiabilit\u00e9 dans le positionnement.<\/p>\n<p><strong>Am\u00e9lioration de l'efficacit\u00e9 op\u00e9rationnelle<\/strong><\/p>\n<p> Ce produit permet le fonctionnement simultan\u00e9 de plusieurs drones et constitue un outil polyvalent pour la gestion d'activit\u00e9s coordonn\u00e9es. Qu'il s'agisse de lev\u00e9s, de cartographie ou de performances synchronis\u00e9es, il offre un niveau d'efficacit\u00e9 op\u00e9rationnelle qui peut am\u00e9liorer de mani\u00e8re significative la productivit\u00e9 et le dynamisme des flottes de drones.<\/p>\n<p><strong>Durable et fiable<\/strong><\/p>\n<p> L'appareil b\u00e9n\u00e9ficie d'un indice de protection IP65, qui garantit une r\u00e9sistance \u00e9lev\u00e9e \u00e0 la p\u00e9n\u00e9tration de la poussi\u00e8re et le prot\u00e8ge contre les jets d'eau \u00e0 basse pression provenant de n'importe quelle direction. Cette durabilit\u00e9 le rend apte \u00e0 \u00eatre utilis\u00e9 dans diverses conditions ext\u00e9rieures, offrant fiabilit\u00e9 et tranquillit\u00e9 d'esprit sur le terrain.<\/p>\n<p><\/p>","protected":false},"excerpt":{"rendered":"<ul>\n<li>Prend en charge quatre syst\u00e8mes mondiaux de navigation par satellite : BeiDou, GPS, Galileo, GLONASS.<\/li>\n<li> R\u00e9ception satellite \u00e0 11 fr\u00e9quences pour une grande pr\u00e9cision.<\/li>\n<li> Fournit des corrections diff\u00e9rentielles en temps r\u00e9el pour un positionnement pr\u00e9cis au centim\u00e8tre pr\u00e8s.<\/li>\n<li> Permet des op\u00e9rations coordonn\u00e9es avec plusieurs drones.<\/li>\n<li> L'indice de protection IP65 garantit la durabilit\u00e9 de l'appareil.<\/li>\n<\/ul>","protected":false},"featured_media":4018,"template":"","meta":{"_acf_changed":false},"product_brand":[],"product_cat":[97,118,586,624,115],"product_tag":[],"class_list":{"0":"post-4019","1":"product","2":"type-product","3":"status-publish","4":"has-post-thumbnail","6":"product_cat-alle-producten","7":"product_cat-alle-rtk","8":"product_cat-dji","9":"product_cat-enterprise-accessoires","10":"product_cat-inspecties-met-drones","11":"pa_brand-dji","12":"pa_productfamily-gps","13":"pa_producttype-gps","15":"first","16":"instock","17":"taxable","18":"shipping-taxable","19":"product-type-simple"},"acf":[],"yoast_head":"<!-- This site is optimized with the Yoast SEO Premium plugin v27.2 (Yoast SEO v27.2) - https:\/\/yoast.com\/product\/yoast-seo-premium-wordpress\/ -->\n<title>DJI D-RTK 2 High-Precision GNSS Mobile Station - koningdrone.be<\/title>\n<meta name=\"robots\" content=\"index, follow, max-snippet:-1, max-image-preview:large, max-video-preview:-1\" \/>\n<link rel=\"canonical\" href=\"https:\/\/koningdrone.be\/fr\/produit\/dji-d-rtk-2-high-precision-gnss-mobile-station\/\" \/>\n<meta property=\"og:locale\" content=\"fr_FR\" \/>\n<meta property=\"og:type\" content=\"article\" \/>\n<meta property=\"og:title\" content=\"DJI D-RTK 2 High-Precision GNSS Mobile Station\" \/>\n<meta property=\"og:description\" content=\"Ondersteunt vier wereldwijde satellietnavigatiesystemen: BeiDou, GPS, Galileo, GLONASS. Beschikt over 11-frequentie satellietontvangst voor hoge nauwkeurigheid. Biedt realtime differenti\u00eble correcties voor nauwkeurige positionering op centimeterniveau. Maakt geco\u00f6rdineerde operaties met meerdere drones mogelijk. Beschikt over een IP65-beschermingsgraad voor duurzaamheid.\" \/>\n<meta property=\"og:url\" content=\"https:\/\/koningdrone.be\/fr\/produit\/dji-d-rtk-2-high-precision-gnss-mobile-station\/\" \/>\n<meta property=\"og:site_name\" content=\"koningdrone.be\" \/>\n<meta property=\"article:modified_time\" content=\"2025-04-29T12:02:13+00:00\" \/>\n<meta property=\"og:image\" content=\"https:\/\/koningdrone.be\/wp-content\/uploads\/sites\/13\/2025\/04\/0f8dcf99a3cd17395be0c54b5c054d3f@large.jpg\" \/>\n\t<meta property=\"og:image:width\" content=\"1200\" \/>\n\t<meta property=\"og:image:height\" content=\"800\" \/>\n\t<meta property=\"og:image:type\" content=\"image\/jpeg\" \/>\n<meta name=\"twitter:card\" content=\"summary_large_image\" \/>\n<meta name=\"twitter:label1\" content=\"Dur\u00e9e de lecture est.\" \/>\n\t<meta name=\"twitter:data1\" content=\"1 minute\" \/>\n<script type=\"application\/ld+json\" class=\"yoast-schema-graph\">{\"@context\":\"https:\/\/schema.org\",\"@graph\":[{\"@type\":\"WebPage\",\"@id\":\"https:\/\/koningdrone.be\/product\/dji-d-rtk-2-high-precision-gnss-mobile-station\/\",\"url\":\"https:\/\/koningdrone.be\/product\/dji-d-rtk-2-high-precision-gnss-mobile-station\/\",\"name\":\"DJI D-RTK 2 High-Precision GNSS Mobile Station - koningdrone.be\",\"isPartOf\":{\"@id\":\"https:\/\/koningdrone.be\/#website\"},\"primaryImageOfPage\":{\"@id\":\"https:\/\/koningdrone.be\/product\/dji-d-rtk-2-high-precision-gnss-mobile-station\/#primaryimage\"},\"image\":{\"@id\":\"https:\/\/koningdrone.be\/product\/dji-d-rtk-2-high-precision-gnss-mobile-station\/#primaryimage\"},\"thumbnailUrl\":\"https:\/\/koningdrone.be\/wp-content\/uploads\/sites\/13\/2025\/04\/0f8dcf99a3cd17395be0c54b5c054d3f@large.jpg\",\"datePublished\":\"2024-03-13T15:38:12+00:00\",\"dateModified\":\"2025-04-29T12:02:13+00:00\",\"breadcrumb\":{\"@id\":\"https:\/\/koningdrone.be\/product\/dji-d-rtk-2-high-precision-gnss-mobile-station\/#breadcrumb\"},\"inLanguage\":\"fr-BE\",\"potentialAction\":[{\"@type\":\"ReadAction\",\"target\":[\"https:\/\/koningdrone.be\/product\/dji-d-rtk-2-high-precision-gnss-mobile-station\/\"]}]},{\"@type\":\"ImageObject\",\"inLanguage\":\"fr-BE\",\"@id\":\"https:\/\/koningdrone.be\/product\/dji-d-rtk-2-high-precision-gnss-mobile-station\/#primaryimage\",\"url\":\"https:\/\/koningdrone.be\/wp-content\/uploads\/sites\/13\/2025\/04\/0f8dcf99a3cd17395be0c54b5c054d3f@large.jpg\",\"contentUrl\":\"https:\/\/koningdrone.be\/wp-content\/uploads\/sites\/13\/2025\/04\/0f8dcf99a3cd17395be0c54b5c054d3f@large.jpg\",\"width\":1200,\"height\":800},{\"@type\":\"BreadcrumbList\",\"@id\":\"https:\/\/koningdrone.be\/product\/dji-d-rtk-2-high-precision-gnss-mobile-station\/#breadcrumb\",\"itemListElement\":[{\"@type\":\"ListItem\",\"position\":1,\"name\":\"Home\",\"item\":\"https:\/\/koningdrone.be\/\"},{\"@type\":\"ListItem\",\"position\":2,\"name\":\"AVSS Parachute Recovery System for DJI Matrice 300\/350\",\"item\":\"https:\/\/koningdrone.be\/product\/avss-parachute-recovery-system-for-dji-matrice-300-350\/\"},{\"@type\":\"ListItem\",\"position\":3,\"name\":\"Alle producten\",\"item\":\"https:\/\/koningdrone.be\/categorie\/alle-producten\/\"},{\"@type\":\"ListItem\",\"position\":4,\"name\":\"DJI D-RTK 2 High-Precision GNSS Mobile Station\"}]},{\"@type\":\"WebSite\",\"@id\":\"https:\/\/koningdrone.be\/#website\",\"url\":\"https:\/\/koningdrone.be\/\",\"name\":\"Koningdrone.be - Uw online specialist in drones, gimbals, camera's en power stations.\",\"description\":\"De webshop in drones en gimbals\",\"publisher\":{\"@id\":\"https:\/\/koningdrone.be\/#organization\"},\"potentialAction\":[{\"@type\":\"SearchAction\",\"target\":{\"@type\":\"EntryPoint\",\"urlTemplate\":\"https:\/\/koningdrone.be\/?s={search_term_string}\"},\"query-input\":{\"@type\":\"PropertyValueSpecification\",\"valueRequired\":true,\"valueName\":\"search_term_string\"}}],\"inLanguage\":\"fr-BE\"},{\"@type\":\"Organization\",\"@id\":\"https:\/\/koningdrone.be\/#organization\",\"name\":\"Koningdrone.be\",\"url\":\"https:\/\/koningdrone.be\/\",\"logo\":{\"@type\":\"ImageObject\",\"inLanguage\":\"fr-BE\",\"@id\":\"https:\/\/koningdrone.be\/#\/schema\/logo\/image\/\",\"url\":\"https:\/\/koningdrone.be\/wp-content\/uploads\/sites\/13\/2025\/04\/koningdrone-copyright-logo.svg\",\"contentUrl\":\"https:\/\/koningdrone.be\/wp-content\/uploads\/sites\/13\/2025\/04\/koningdrone-copyright-logo.svg\",\"width\":227,\"height\":38,\"caption\":\"Koningdrone.be\"},\"image\":{\"@id\":\"https:\/\/koningdrone.be\/#\/schema\/logo\/image\/\"}}]}<\/script>\n<!-- \/ Yoast SEO Premium plugin. -->","yoast_head_json":{"title":"DJI D-RTK 2 High-Precision GNSS Mobile Station - koningdrone.be","robots":{"index":"index","follow":"follow","max-snippet":"max-snippet:-1","max-image-preview":"max-image-preview:large","max-video-preview":"max-video-preview:-1"},"canonical":"https:\/\/koningdrone.be\/fr\/produit\/dji-d-rtk-2-high-precision-gnss-mobile-station\/","og_locale":"fr_FR","og_type":"article","og_title":"DJI D-RTK 2 High-Precision GNSS Mobile Station","og_description":"Ondersteunt vier wereldwijde satellietnavigatiesystemen: BeiDou, GPS, Galileo, GLONASS. Beschikt over 11-frequentie satellietontvangst voor hoge nauwkeurigheid. Biedt realtime differenti\u00eble correcties voor nauwkeurige positionering op centimeterniveau. Maakt geco\u00f6rdineerde operaties met meerdere drones mogelijk. Beschikt over een IP65-beschermingsgraad voor duurzaamheid.","og_url":"https:\/\/koningdrone.be\/fr\/produit\/dji-d-rtk-2-high-precision-gnss-mobile-station\/","og_site_name":"koningdrone.be","article_modified_time":"2025-04-29T12:02:13+00:00","og_image":[{"width":1200,"height":800,"url":"https:\/\/koningdrone.be\/wp-content\/uploads\/sites\/13\/2025\/04\/0f8dcf99a3cd17395be0c54b5c054d3f@large.jpg","type":"image\/jpeg"}],"twitter_card":"summary_large_image","twitter_misc":{"Dur\u00e9e de lecture est.":"1 minute"},"schema":{"@context":"https:\/\/schema.org","@graph":[{"@type":"WebPage","@id":"https:\/\/koningdrone.be\/product\/dji-d-rtk-2-high-precision-gnss-mobile-station\/","url":"https:\/\/koningdrone.be\/product\/dji-d-rtk-2-high-precision-gnss-mobile-station\/","name":"DJI D-RTK 2 High-Precision GNSS Mobile Station - koningdrone.be","isPartOf":{"@id":"https:\/\/koningdrone.be\/#website"},"primaryImageOfPage":{"@id":"https:\/\/koningdrone.be\/product\/dji-d-rtk-2-high-precision-gnss-mobile-station\/#primaryimage"},"image":{"@id":"https:\/\/koningdrone.be\/product\/dji-d-rtk-2-high-precision-gnss-mobile-station\/#primaryimage"},"thumbnailUrl":"https:\/\/koningdrone.be\/wp-content\/uploads\/sites\/13\/2025\/04\/0f8dcf99a3cd17395be0c54b5c054d3f@large.jpg","datePublished":"2024-03-13T15:38:12+00:00","dateModified":"2025-04-29T12:02:13+00:00","breadcrumb":{"@id":"https:\/\/koningdrone.be\/product\/dji-d-rtk-2-high-precision-gnss-mobile-station\/#breadcrumb"},"inLanguage":"fr-BE","potentialAction":[{"@type":"ReadAction","target":["https:\/\/koningdrone.be\/product\/dji-d-rtk-2-high-precision-gnss-mobile-station\/"]}]},{"@type":"ImageObject","inLanguage":"fr-BE","@id":"https:\/\/koningdrone.be\/product\/dji-d-rtk-2-high-precision-gnss-mobile-station\/#primaryimage","url":"https:\/\/koningdrone.be\/wp-content\/uploads\/sites\/13\/2025\/04\/0f8dcf99a3cd17395be0c54b5c054d3f@large.jpg","contentUrl":"https:\/\/koningdrone.be\/wp-content\/uploads\/sites\/13\/2025\/04\/0f8dcf99a3cd17395be0c54b5c054d3f@large.jpg","width":1200,"height":800},{"@type":"BreadcrumbList","@id":"https:\/\/koningdrone.be\/product\/dji-d-rtk-2-high-precision-gnss-mobile-station\/#breadcrumb","itemListElement":[{"@type":"ListItem","position":1,"name":"Home","item":"https:\/\/koningdrone.be\/"},{"@type":"ListItem","position":2,"name":"AVSS Parachute Recovery System for DJI Matrice 300\/350","item":"https:\/\/koningdrone.be\/product\/avss-parachute-recovery-system-for-dji-matrice-300-350\/"},{"@type":"ListItem","position":3,"name":"Alle producten","item":"https:\/\/koningdrone.be\/categorie\/alle-producten\/"},{"@type":"ListItem","position":4,"name":"DJI D-RTK 2 High-Precision GNSS Mobile Station"}]},{"@type":"WebSite","@id":"https:\/\/koningdrone.be\/#website","url":"https:\/\/koningdrone.be\/","name":"Koningdrone.be - Votre sp\u00e9cialiste en ligne en mati\u00e8re de drones, de cardans, de cam\u00e9ras et de centrales \u00e9lectriques.","description":"La boutique en ligne de drones et de cardans","publisher":{"@id":"https:\/\/koningdrone.be\/#organization"},"potentialAction":[{"@type":"SearchAction","target":{"@type":"EntryPoint","urlTemplate":"https:\/\/koningdrone.be\/?s={search_term_string}"},"query-input":{"@type":"PropertyValueSpecification","valueRequired":true,"valueName":"search_term_string"}}],"inLanguage":"fr-BE"},{"@type":"Organization","@id":"https:\/\/koningdrone.be\/#organization","name":"Kingdrone.co.uk","url":"https:\/\/koningdrone.be\/","logo":{"@type":"ImageObject","inLanguage":"fr-BE","@id":"https:\/\/koningdrone.be\/#\/schema\/logo\/image\/","url":"https:\/\/koningdrone.be\/wp-content\/uploads\/sites\/13\/2025\/04\/koningdrone-copyright-logo.svg","contentUrl":"https:\/\/koningdrone.be\/wp-content\/uploads\/sites\/13\/2025\/04\/koningdrone-copyright-logo.svg","width":227,"height":38,"caption":"Koningdrone.be"},"image":{"@id":"https:\/\/koningdrone.be\/#\/schema\/logo\/image\/"}}]}},"df_price":"","df_sale_price":"","df_regular_price":"","df_image_link":"https:\/\/koningdrone.be\/wp-content\/uploads\/sites\/13\/2025\/04\/0f8dcf99a3cd17395be0c54b5c054d3f@large-300x200.jpg","_links":{"self":[{"href":"https:\/\/koningdrone.be\/fr\/wp-json\/wp\/v2\/product\/4019","targetHints":{"allow":["GET"]}}],"collection":[{"href":"https:\/\/koningdrone.be\/fr\/wp-json\/wp\/v2\/product"}],"about":[{"href":"https:\/\/koningdrone.be\/fr\/wp-json\/wp\/v2\/types\/product"}],"wp:featuredmedia":[{"embeddable":true,"href":"https:\/\/koningdrone.be\/fr\/wp-json\/wp\/v2\/media\/4018"}],"wp:attachment":[{"href":"https:\/\/koningdrone.be\/fr\/wp-json\/wp\/v2\/media?parent=4019"}],"wp:term":[{"taxonomy":"product_brand","embeddable":true,"href":"https:\/\/koningdrone.be\/fr\/wp-json\/wp\/v2\/product_brand?post=4019"},{"taxonomy":"product_cat","embeddable":true,"href":"https:\/\/koningdrone.be\/fr\/wp-json\/wp\/v2\/product_cat?post=4019"},{"taxonomy":"product_tag","embeddable":true,"href":"https:\/\/koningdrone.be\/fr\/wp-json\/wp\/v2\/product_tag?post=4019"}],"curies":[{"name":"wp","href":"https:\/\/api.w.org\/{rel}","templated":true}]}}