{"id":4009,"date":"2024-03-13T15:39:07","date_gmt":"2024-03-13T14:39:07","guid":{"rendered":"https:\/\/koningdrone.nl\/kon\/product\/inspire-2-mobile-device-holder-adapter\/"},"modified":"2026-04-29T08:50:33","modified_gmt":"2026-04-29T06:50:33","slug":"inspire-2-mobile-device-holder-adapter","status":"publish","type":"product","link":"https:\/\/koningdrone.be\/fr\/produit\/inspire-2-mobile-device-holder-adapter\/","title":{"rendered":"Adaptateur pour support de dispositif mobile Inspire 2"},"content":{"rendered":"<p><strong>Int\u00e9gration transparente des \u00e9quipements<\/strong><\/p>\n<p> L'adaptateur pour support d'appareil mobile est con\u00e7u pour servir de lien essentiel entre les diff\u00e9rentes g\u00e9n\u00e9rations d'appareils pour le drone Inspire 2. Cet adaptateur est essentiel pour les pilotes de drone qui ont adopt\u00e9 une version plus r\u00e9cente du support de montage de la t\u00e9l\u00e9commande, tout en poss\u00e9dant un ancien mod\u00e8le de support d'appareil mobile. Son objectif principal est d'assurer une connexion correcte et s\u00e9curis\u00e9e entre ces deux composants, afin de permettre une int\u00e9gration transparente et d'am\u00e9liorer l'exp\u00e9rience globale de l'utilisateur.<\/p>\n<p><strong>Facilit\u00e9 d'utilisation \u00e9tendue<\/strong><\/p>\n<p> En utilisant cet adaptateur, les amateurs de drones peuvent augmenter de mani\u00e8re significative l'utilisation de leur \u00e9quipement existant. Gr\u00e2ce \u00e0 cet adaptateur, il n'est plus n\u00e9cessaire d'acheter un nouvel ensemble d'accessoires pour mettre \u00e0 niveau certaines parties du syst\u00e8me de commande \u00e0 distance du drone. Il s'agit non seulement d'une solution \u00e9conomique, mais aussi d'une solution durable qui permet de r\u00e9duire les d\u00e9chets. La compatibilit\u00e9 offerte par l'adaptateur permet aux utilisateurs de maintenir l'efficacit\u00e9 et la fiabilit\u00e9 de leurs installations, quelle que soit la g\u00e9n\u00e9ration de leur \u00e9quipement.<\/p>\n<p><\/p>","protected":false},"excerpt":{"rendered":"<ul>\n<li>Connecte l'ancien support de t\u00e9l\u00e9commande Inspire 2 au nouveau support de montage<\/li>\n<li> Sp\u00e9cialement con\u00e7u pour les t\u00e9l\u00e9commandes Inspire 2<\/li>\n<\/ul>","protected":false},"featured_media":4003,"template":"","meta":{"_acf_changed":false},"product_brand":[],"product_cat":[268,97,641,788],"product_tag":[],"class_list":{"0":"post-4009","1":"product","2":"type-product","3":"status-publish","4":"has-post-thumbnail","6":"product_cat-alle-accessoires","7":"product_cat-alle-producten","8":"product_cat-dji-inspire","9":"product_cat-dji-inspire-2","10":"product_shipping_class-outofstock","11":"pa_brand-dji","12":"pa_productfamily-adapter","13":"pa_producttype-adapter","14":"pa_series-inspire-2","16":"first","17":"outofstock","18":"taxable","19":"shipping-taxable","20":"product-type-simple"},"acf":[],"yoast_head":"<!-- This site is optimized with the Yoast SEO Premium plugin v27.2 (Yoast SEO v27.2) - https:\/\/yoast.com\/product\/yoast-seo-premium-wordpress\/ -->\n<title>Inspire 2 Mobile Device Holder Adapter - koningdrone.be<\/title>\n<meta name=\"robots\" content=\"index, follow, max-snippet:-1, max-image-preview:large, max-video-preview:-1\" \/>\n<link rel=\"canonical\" href=\"https:\/\/koningdrone.be\/fr\/produit\/inspire-2-mobile-device-holder-adapter\/\" \/>\n<meta property=\"og:locale\" content=\"fr_FR\" \/>\n<meta property=\"og:type\" content=\"article\" \/>\n<meta property=\"og:title\" content=\"Inspire 2 Mobile Device Holder Adapter\" \/>\n<meta property=\"og:description\" content=\"Verbindt de oude Inspire 2 afstandsbedieninghouder met een nieuwe montagebeugel Speciaal ontworpen voor Inspire 2-afstandsbedieningen\" \/>\n<meta property=\"og:url\" content=\"https:\/\/koningdrone.be\/fr\/produit\/inspire-2-mobile-device-holder-adapter\/\" \/>\n<meta property=\"og:site_name\" content=\"koningdrone.be\" \/>\n<meta property=\"article:modified_time\" content=\"2026-04-29T06:50:33+00:00\" \/>\n<meta property=\"og:image\" content=\"https:\/\/koningdrone.be\/wp-content\/uploads\/sites\/13\/2025\/04\/large_a2d85ca0-a24d-47f8-9b8a-28c42c0cd22e.jpg\" \/>\n\t<meta property=\"og:image:width\" content=\"1200\" \/>\n\t<meta property=\"og:image:height\" content=\"800\" \/>\n\t<meta property=\"og:image:type\" content=\"image\/jpeg\" \/>\n<meta name=\"twitter:card\" content=\"summary_large_image\" \/>\n<meta name=\"twitter:label1\" content=\"Dur\u00e9e de lecture est.\" \/>\n\t<meta name=\"twitter:data1\" content=\"1 minute\" \/>\n<script type=\"application\/ld+json\" class=\"yoast-schema-graph\">{\"@context\":\"https:\/\/schema.org\",\"@graph\":[{\"@type\":\"WebPage\",\"@id\":\"https:\/\/koningdrone.be\/product\/inspire-2-mobile-device-holder-adapter\/\",\"url\":\"https:\/\/koningdrone.be\/product\/inspire-2-mobile-device-holder-adapter\/\",\"name\":\"Inspire 2 Mobile Device Holder Adapter - koningdrone.be\",\"isPartOf\":{\"@id\":\"https:\/\/koningdrone.be\/#website\"},\"primaryImageOfPage\":{\"@id\":\"https:\/\/koningdrone.be\/product\/inspire-2-mobile-device-holder-adapter\/#primaryimage\"},\"image\":{\"@id\":\"https:\/\/koningdrone.be\/product\/inspire-2-mobile-device-holder-adapter\/#primaryimage\"},\"thumbnailUrl\":\"https:\/\/koningdrone.be\/wp-content\/uploads\/sites\/13\/2025\/04\/large_a2d85ca0-a24d-47f8-9b8a-28c42c0cd22e.jpg\",\"datePublished\":\"2024-03-13T14:39:07+00:00\",\"dateModified\":\"2026-04-29T06:50:33+00:00\",\"breadcrumb\":{\"@id\":\"https:\/\/koningdrone.be\/product\/inspire-2-mobile-device-holder-adapter\/#breadcrumb\"},\"inLanguage\":\"fr-BE\",\"potentialAction\":[{\"@type\":\"ReadAction\",\"target\":[\"https:\/\/koningdrone.be\/product\/inspire-2-mobile-device-holder-adapter\/\"]}]},{\"@type\":\"ImageObject\",\"inLanguage\":\"fr-BE\",\"@id\":\"https:\/\/koningdrone.be\/product\/inspire-2-mobile-device-holder-adapter\/#primaryimage\",\"url\":\"https:\/\/koningdrone.be\/wp-content\/uploads\/sites\/13\/2025\/04\/large_a2d85ca0-a24d-47f8-9b8a-28c42c0cd22e.jpg\",\"contentUrl\":\"https:\/\/koningdrone.be\/wp-content\/uploads\/sites\/13\/2025\/04\/large_a2d85ca0-a24d-47f8-9b8a-28c42c0cd22e.jpg\",\"width\":1200,\"height\":800},{\"@type\":\"BreadcrumbList\",\"@id\":\"https:\/\/koningdrone.be\/product\/inspire-2-mobile-device-holder-adapter\/#breadcrumb\",\"itemListElement\":[{\"@type\":\"ListItem\",\"position\":1,\"name\":\"Home\",\"item\":\"https:\/\/koningdrone.be\/\"},{\"@type\":\"ListItem\",\"position\":2,\"name\":\"AVSS Parachute Recovery System for DJI Matrice 300\/350\",\"item\":\"https:\/\/koningdrone.be\/product\/avss-parachute-recovery-system-for-dji-matrice-300-350\/\"},{\"@type\":\"ListItem\",\"position\":3,\"name\":\"Alle accessoires\",\"item\":\"https:\/\/koningdrone.be\/categorie\/alle-accessoires\/\"},{\"@type\":\"ListItem\",\"position\":4,\"name\":\"Inspire 2 Mobile Device Holder Adapter\"}]},{\"@type\":\"WebSite\",\"@id\":\"https:\/\/koningdrone.be\/#website\",\"url\":\"https:\/\/koningdrone.be\/\",\"name\":\"Koningdrone.be - Uw online specialist in drones, gimbals, camera's en power stations.\",\"description\":\"De webshop in drones en gimbals\",\"publisher\":{\"@id\":\"https:\/\/koningdrone.be\/#organization\"},\"potentialAction\":[{\"@type\":\"SearchAction\",\"target\":{\"@type\":\"EntryPoint\",\"urlTemplate\":\"https:\/\/koningdrone.be\/?s={search_term_string}\"},\"query-input\":{\"@type\":\"PropertyValueSpecification\",\"valueRequired\":true,\"valueName\":\"search_term_string\"}}],\"inLanguage\":\"fr-BE\"},{\"@type\":\"Organization\",\"@id\":\"https:\/\/koningdrone.be\/#organization\",\"name\":\"Koningdrone.be\",\"url\":\"https:\/\/koningdrone.be\/\",\"logo\":{\"@type\":\"ImageObject\",\"inLanguage\":\"fr-BE\",\"@id\":\"https:\/\/koningdrone.be\/#\/schema\/logo\/image\/\",\"url\":\"https:\/\/koningdrone.be\/wp-content\/uploads\/sites\/13\/2025\/04\/koningdrone-copyright-logo.svg\",\"contentUrl\":\"https:\/\/koningdrone.be\/wp-content\/uploads\/sites\/13\/2025\/04\/koningdrone-copyright-logo.svg\",\"width\":227,\"height\":38,\"caption\":\"Koningdrone.be\"},\"image\":{\"@id\":\"https:\/\/koningdrone.be\/#\/schema\/logo\/image\/\"}}]}<\/script>\n<!-- \/ Yoast SEO Premium plugin. -->","yoast_head_json":{"title":"Inspire 2 Mobile Device Holder Adapter - koningdrone.be","robots":{"index":"index","follow":"follow","max-snippet":"max-snippet:-1","max-image-preview":"max-image-preview:large","max-video-preview":"max-video-preview:-1"},"canonical":"https:\/\/koningdrone.be\/fr\/produit\/inspire-2-mobile-device-holder-adapter\/","og_locale":"fr_FR","og_type":"article","og_title":"Inspire 2 Mobile Device Holder Adapter","og_description":"Verbindt de oude Inspire 2 afstandsbedieninghouder met een nieuwe montagebeugel Speciaal ontworpen voor Inspire 2-afstandsbedieningen","og_url":"https:\/\/koningdrone.be\/fr\/produit\/inspire-2-mobile-device-holder-adapter\/","og_site_name":"koningdrone.be","article_modified_time":"2026-04-29T06:50:33+00:00","og_image":[{"width":1200,"height":800,"url":"https:\/\/koningdrone.be\/wp-content\/uploads\/sites\/13\/2025\/04\/large_a2d85ca0-a24d-47f8-9b8a-28c42c0cd22e.jpg","type":"image\/jpeg"}],"twitter_card":"summary_large_image","twitter_misc":{"Dur\u00e9e de lecture est.":"1 minute"},"schema":{"@context":"https:\/\/schema.org","@graph":[{"@type":"WebPage","@id":"https:\/\/koningdrone.be\/product\/inspire-2-mobile-device-holder-adapter\/","url":"https:\/\/koningdrone.be\/product\/inspire-2-mobile-device-holder-adapter\/","name":"Inspire 2 Mobile Device Holder Adapter - koningdrone.be","isPartOf":{"@id":"https:\/\/koningdrone.be\/#website"},"primaryImageOfPage":{"@id":"https:\/\/koningdrone.be\/product\/inspire-2-mobile-device-holder-adapter\/#primaryimage"},"image":{"@id":"https:\/\/koningdrone.be\/product\/inspire-2-mobile-device-holder-adapter\/#primaryimage"},"thumbnailUrl":"https:\/\/koningdrone.be\/wp-content\/uploads\/sites\/13\/2025\/04\/large_a2d85ca0-a24d-47f8-9b8a-28c42c0cd22e.jpg","datePublished":"2024-03-13T14:39:07+00:00","dateModified":"2026-04-29T06:50:33+00:00","breadcrumb":{"@id":"https:\/\/koningdrone.be\/product\/inspire-2-mobile-device-holder-adapter\/#breadcrumb"},"inLanguage":"fr-BE","potentialAction":[{"@type":"ReadAction","target":["https:\/\/koningdrone.be\/product\/inspire-2-mobile-device-holder-adapter\/"]}]},{"@type":"ImageObject","inLanguage":"fr-BE","@id":"https:\/\/koningdrone.be\/product\/inspire-2-mobile-device-holder-adapter\/#primaryimage","url":"https:\/\/koningdrone.be\/wp-content\/uploads\/sites\/13\/2025\/04\/large_a2d85ca0-a24d-47f8-9b8a-28c42c0cd22e.jpg","contentUrl":"https:\/\/koningdrone.be\/wp-content\/uploads\/sites\/13\/2025\/04\/large_a2d85ca0-a24d-47f8-9b8a-28c42c0cd22e.jpg","width":1200,"height":800},{"@type":"BreadcrumbList","@id":"https:\/\/koningdrone.be\/product\/inspire-2-mobile-device-holder-adapter\/#breadcrumb","itemListElement":[{"@type":"ListItem","position":1,"name":"Home","item":"https:\/\/koningdrone.be\/"},{"@type":"ListItem","position":2,"name":"AVSS Parachute Recovery System for DJI Matrice 300\/350","item":"https:\/\/koningdrone.be\/product\/avss-parachute-recovery-system-for-dji-matrice-300-350\/"},{"@type":"ListItem","position":3,"name":"Alle accessoires","item":"https:\/\/koningdrone.be\/categorie\/alle-accessoires\/"},{"@type":"ListItem","position":4,"name":"Inspire 2 Mobile Device Holder Adapter"}]},{"@type":"WebSite","@id":"https:\/\/koningdrone.be\/#website","url":"https:\/\/koningdrone.be\/","name":"Koningdrone.be - Votre sp\u00e9cialiste en ligne en mati\u00e8re de drones, de cardans, de cam\u00e9ras et de centrales \u00e9lectriques.","description":"La boutique en ligne de drones et de cardans","publisher":{"@id":"https:\/\/koningdrone.be\/#organization"},"potentialAction":[{"@type":"SearchAction","target":{"@type":"EntryPoint","urlTemplate":"https:\/\/koningdrone.be\/?s={search_term_string}"},"query-input":{"@type":"PropertyValueSpecification","valueRequired":true,"valueName":"search_term_string"}}],"inLanguage":"fr-BE"},{"@type":"Organization","@id":"https:\/\/koningdrone.be\/#organization","name":"Kingdrone.co.uk","url":"https:\/\/koningdrone.be\/","logo":{"@type":"ImageObject","inLanguage":"fr-BE","@id":"https:\/\/koningdrone.be\/#\/schema\/logo\/image\/","url":"https:\/\/koningdrone.be\/wp-content\/uploads\/sites\/13\/2025\/04\/koningdrone-copyright-logo.svg","contentUrl":"https:\/\/koningdrone.be\/wp-content\/uploads\/sites\/13\/2025\/04\/koningdrone-copyright-logo.svg","width":227,"height":38,"caption":"Koningdrone.be"},"image":{"@id":"https:\/\/koningdrone.be\/#\/schema\/logo\/image\/"}}]}},"df_price":"","df_sale_price":"","df_regular_price":"","df_image_link":"https:\/\/koningdrone.be\/wp-content\/uploads\/sites\/13\/2025\/04\/large_a2d85ca0-a24d-47f8-9b8a-28c42c0cd22e-300x200.jpg","_links":{"self":[{"href":"https:\/\/koningdrone.be\/fr\/wp-json\/wp\/v2\/product\/4009","targetHints":{"allow":["GET"]}}],"collection":[{"href":"https:\/\/koningdrone.be\/fr\/wp-json\/wp\/v2\/product"}],"about":[{"href":"https:\/\/koningdrone.be\/fr\/wp-json\/wp\/v2\/types\/product"}],"wp:featuredmedia":[{"embeddable":true,"href":"https:\/\/koningdrone.be\/fr\/wp-json\/wp\/v2\/media\/4003"}],"wp:attachment":[{"href":"https:\/\/koningdrone.be\/fr\/wp-json\/wp\/v2\/media?parent=4009"}],"wp:term":[{"taxonomy":"product_brand","embeddable":true,"href":"https:\/\/koningdrone.be\/fr\/wp-json\/wp\/v2\/product_brand?post=4009"},{"taxonomy":"product_cat","embeddable":true,"href":"https:\/\/koningdrone.be\/fr\/wp-json\/wp\/v2\/product_cat?post=4009"},{"taxonomy":"product_tag","embeddable":true,"href":"https:\/\/koningdrone.be\/fr\/wp-json\/wp\/v2\/product_tag?post=4009"}],"curies":[{"name":"wp","href":"https:\/\/api.w.org\/{rel}","templated":true}]}}