{"id":4002,"date":"2024-03-13T15:39:07","date_gmt":"2024-03-13T14:39:07","guid":{"rendered":"https:\/\/koningdrone.nl\/kon\/product\/inspire-1-charger-to-inspire-2-charging-hub-power-cable\/"},"modified":"2026-04-29T15:20:56","modified_gmt":"2026-04-29T13:20:56","slug":"inspire-1-charger-to-inspire-2-charging-hub-power-cable","status":"publish","type":"product","link":"https:\/\/koningdrone.be\/fr\/produit\/inspire-1-charger-to-inspire-2-charging-hub-power-cable\/","title":{"rendered":"C\u00e2ble d'alimentation entre le chargeur de l'Inspire 1 et le concentrateur de charge de l'Inspire 2"},"content":{"rendered":"<p><strong>Compatibilit\u00e9 avec la s\u00e9rie Inspire<\/strong><\/p>\n<p> Ce c\u00e2ble est sp\u00e9cialement con\u00e7u pour faire le lien entre les diff\u00e9rentes g\u00e9n\u00e9rations de drones DJI Inspire. Il permet aux utilisateurs de charger les batteries des drones Inspire 2 \u00e0 l'aide de l'\u00e9quipement de charge con\u00e7u \u00e0 l'origine pour l'Inspire 1. Cette compatibilit\u00e9 crois\u00e9e garantit la commodit\u00e9 et la facilit\u00e9 d'utilisation pour les passionn\u00e9s de drones qui poss\u00e8dent \u00e0 la fois des drones Inspire 1 et Inspire 2.<\/p>\n<p><strong>Options de chargement polyvalentes<\/strong><\/p>\n<p> Le c\u00e2ble est soigneusement con\u00e7u pour prendre en charge les versions 180W et 100W des chargeurs de batterie Inspire 1. Quelle que soit la version du chargeur que vous poss\u00e9dez, vous pouvez \u00eatre s\u00fbr que vos batteries Inspire 2 seront charg\u00e9es efficacement et en toute s\u00e9curit\u00e9. Cette polyvalence en fait un accessoire essentiel pour les utilisateurs de drones \u00e0 la recherche de flexibilit\u00e9 dans leurs options de charge.<\/p>\n<p> Que vous soyez un d\u00e9butant en pilotage de drones ou un pilote exp\u00e9riment\u00e9, ce c\u00e2ble de charge joue un r\u00f4le important dans la gestion de l'alimentation de votre drone. Il vous permet d'utiliser l'\u00e9quipement de charge existant de l'Inspire 1 pour alimenter les batteries de votre Inspire 2 et les maintenir pr\u00eates pour le vol. Profitez de la commodit\u00e9 et de l'efficacit\u00e9 que ce c\u00e2ble apporte \u00e0 votre exp\u00e9rience de vol de drone.<\/p>\n<p><\/p>\n<p><\/p>","protected":false},"excerpt":{"rendered":"<ul>\n<li>Connecte le concentrateur de charge Inspire 2 au chargeur de batterie Inspire 1<\/li>\n<li> Compatible avec les chargeurs de batterie 180 W et 100 W<\/li>\n<li> Con\u00e7u pour charger la batterie de l'Inspire 2<\/li>\n<\/ul>","protected":false},"featured_media":3995,"template":"","meta":{"_acf_changed":false},"product_brand":[],"product_cat":[244,111,97,641,788],"product_tag":[],"class_list":{"0":"post-4002","1":"product","2":"type-product","3":"status-publish","4":"has-post-thumbnail","6":"product_cat-alle-kabels","7":"product_cat-alle-opladers","8":"product_cat-alle-producten","9":"product_cat-dji-inspire","10":"product_cat-dji-inspire-2","11":"product_shipping_class-outofstock","12":"pa_brand-dji","13":"pa_productfamily-kabel","14":"pa_producttype-kabel","16":"first","17":"outofstock","18":"taxable","19":"shipping-taxable","20":"purchasable","21":"product-type-simple"},"acf":[],"yoast_head":"<!-- This site is optimized with the Yoast SEO Premium plugin v27.2 (Yoast SEO v27.2) - https:\/\/yoast.com\/product\/yoast-seo-premium-wordpress\/ -->\n<title>Inspire 1 Charger to Inspire 2 Charging Hub Power Cable - koningdrone.be<\/title>\n<meta name=\"robots\" content=\"index, follow, max-snippet:-1, max-image-preview:large, max-video-preview:-1\" \/>\n<link rel=\"canonical\" href=\"https:\/\/koningdrone.be\/fr\/produit\/inspire-1-charger-to-inspire-2-charging-hub-power-cable\/\" \/>\n<meta property=\"og:locale\" content=\"fr_FR\" \/>\n<meta property=\"og:type\" content=\"article\" \/>\n<meta property=\"og:title\" content=\"Inspire 1 Charger to Inspire 2 Charging Hub Power Cable\" \/>\n<meta property=\"og:description\" content=\"Verbindt de Inspire 2-oplaadhub met de Inspire 1-batterijlader Compatibel met batterijladers van 180 W en 100 W Ontworpen voor het opladen van de Inspire 2-batterij\" \/>\n<meta property=\"og:url\" content=\"https:\/\/koningdrone.be\/fr\/produit\/inspire-1-charger-to-inspire-2-charging-hub-power-cable\/\" \/>\n<meta property=\"og:site_name\" content=\"koningdrone.be\" \/>\n<meta property=\"article:modified_time\" content=\"2026-04-29T13:20:56+00:00\" \/>\n<meta property=\"og:image\" content=\"https:\/\/koningdrone.be\/wp-content\/uploads\/sites\/13\/2025\/04\/large_37d4ef1a-0ed3-453c-9629-fa13164b5e67.jpg\" \/>\n\t<meta property=\"og:image:width\" content=\"1200\" \/>\n\t<meta property=\"og:image:height\" content=\"800\" \/>\n\t<meta property=\"og:image:type\" content=\"image\/jpeg\" \/>\n<meta name=\"twitter:card\" content=\"summary_large_image\" \/>\n<meta name=\"twitter:label1\" content=\"Dur\u00e9e de lecture est.\" \/>\n\t<meta name=\"twitter:data1\" content=\"1 minute\" \/>\n<script type=\"application\/ld+json\" class=\"yoast-schema-graph\">{\"@context\":\"https:\/\/schema.org\",\"@graph\":[{\"@type\":\"WebPage\",\"@id\":\"https:\/\/koningdrone.be\/product\/inspire-1-charger-to-inspire-2-charging-hub-power-cable\/\",\"url\":\"https:\/\/koningdrone.be\/product\/inspire-1-charger-to-inspire-2-charging-hub-power-cable\/\",\"name\":\"Inspire 1 Charger to Inspire 2 Charging Hub Power Cable - koningdrone.be\",\"isPartOf\":{\"@id\":\"https:\/\/koningdrone.be\/#website\"},\"primaryImageOfPage\":{\"@id\":\"https:\/\/koningdrone.be\/product\/inspire-1-charger-to-inspire-2-charging-hub-power-cable\/#primaryimage\"},\"image\":{\"@id\":\"https:\/\/koningdrone.be\/product\/inspire-1-charger-to-inspire-2-charging-hub-power-cable\/#primaryimage\"},\"thumbnailUrl\":\"https:\/\/koningdrone.be\/wp-content\/uploads\/sites\/13\/2025\/04\/large_37d4ef1a-0ed3-453c-9629-fa13164b5e67.jpg\",\"datePublished\":\"2024-03-13T14:39:07+00:00\",\"dateModified\":\"2026-04-29T13:20:56+00:00\",\"breadcrumb\":{\"@id\":\"https:\/\/koningdrone.be\/product\/inspire-1-charger-to-inspire-2-charging-hub-power-cable\/#breadcrumb\"},\"inLanguage\":\"fr-BE\",\"potentialAction\":[{\"@type\":\"ReadAction\",\"target\":[\"https:\/\/koningdrone.be\/product\/inspire-1-charger-to-inspire-2-charging-hub-power-cable\/\"]}]},{\"@type\":\"ImageObject\",\"inLanguage\":\"fr-BE\",\"@id\":\"https:\/\/koningdrone.be\/product\/inspire-1-charger-to-inspire-2-charging-hub-power-cable\/#primaryimage\",\"url\":\"https:\/\/koningdrone.be\/wp-content\/uploads\/sites\/13\/2025\/04\/large_37d4ef1a-0ed3-453c-9629-fa13164b5e67.jpg\",\"contentUrl\":\"https:\/\/koningdrone.be\/wp-content\/uploads\/sites\/13\/2025\/04\/large_37d4ef1a-0ed3-453c-9629-fa13164b5e67.jpg\",\"width\":1200,\"height\":800},{\"@type\":\"BreadcrumbList\",\"@id\":\"https:\/\/koningdrone.be\/product\/inspire-1-charger-to-inspire-2-charging-hub-power-cable\/#breadcrumb\",\"itemListElement\":[{\"@type\":\"ListItem\",\"position\":1,\"name\":\"Home\",\"item\":\"https:\/\/koningdrone.be\/\"},{\"@type\":\"ListItem\",\"position\":2,\"name\":\"AVSS Parachute Recovery System for DJI Matrice 300\/350\",\"item\":\"https:\/\/koningdrone.be\/product\/avss-parachute-recovery-system-for-dji-matrice-300-350\/\"},{\"@type\":\"ListItem\",\"position\":3,\"name\":\"Alle kabels\",\"item\":\"https:\/\/koningdrone.be\/categorie\/alle-kabels\/\"},{\"@type\":\"ListItem\",\"position\":4,\"name\":\"Inspire 1 Charger to Inspire 2 Charging Hub Power Cable\"}]},{\"@type\":\"WebSite\",\"@id\":\"https:\/\/koningdrone.be\/#website\",\"url\":\"https:\/\/koningdrone.be\/\",\"name\":\"Koningdrone.be - Uw online specialist in drones, gimbals, camera's en power stations.\",\"description\":\"De webshop in drones en gimbals\",\"publisher\":{\"@id\":\"https:\/\/koningdrone.be\/#organization\"},\"potentialAction\":[{\"@type\":\"SearchAction\",\"target\":{\"@type\":\"EntryPoint\",\"urlTemplate\":\"https:\/\/koningdrone.be\/?s={search_term_string}\"},\"query-input\":{\"@type\":\"PropertyValueSpecification\",\"valueRequired\":true,\"valueName\":\"search_term_string\"}}],\"inLanguage\":\"fr-BE\"},{\"@type\":\"Organization\",\"@id\":\"https:\/\/koningdrone.be\/#organization\",\"name\":\"Koningdrone.be\",\"url\":\"https:\/\/koningdrone.be\/\",\"logo\":{\"@type\":\"ImageObject\",\"inLanguage\":\"fr-BE\",\"@id\":\"https:\/\/koningdrone.be\/#\/schema\/logo\/image\/\",\"url\":\"https:\/\/koningdrone.be\/wp-content\/uploads\/sites\/13\/2025\/04\/koningdrone-copyright-logo.svg\",\"contentUrl\":\"https:\/\/koningdrone.be\/wp-content\/uploads\/sites\/13\/2025\/04\/koningdrone-copyright-logo.svg\",\"width\":227,\"height\":38,\"caption\":\"Koningdrone.be\"},\"image\":{\"@id\":\"https:\/\/koningdrone.be\/#\/schema\/logo\/image\/\"}}]}<\/script>\n<!-- \/ Yoast SEO Premium plugin. -->","yoast_head_json":{"title":"Inspire 1 Charger to Inspire 2 Charging Hub Power Cable - koningdrone.be","robots":{"index":"index","follow":"follow","max-snippet":"max-snippet:-1","max-image-preview":"max-image-preview:large","max-video-preview":"max-video-preview:-1"},"canonical":"https:\/\/koningdrone.be\/fr\/produit\/inspire-1-charger-to-inspire-2-charging-hub-power-cable\/","og_locale":"fr_FR","og_type":"article","og_title":"Inspire 1 Charger to Inspire 2 Charging Hub Power Cable","og_description":"Verbindt de Inspire 2-oplaadhub met de Inspire 1-batterijlader Compatibel met batterijladers van 180 W en 100 W Ontworpen voor het opladen van de Inspire 2-batterij","og_url":"https:\/\/koningdrone.be\/fr\/produit\/inspire-1-charger-to-inspire-2-charging-hub-power-cable\/","og_site_name":"koningdrone.be","article_modified_time":"2026-04-29T13:20:56+00:00","og_image":[{"width":1200,"height":800,"url":"https:\/\/koningdrone.be\/wp-content\/uploads\/sites\/13\/2025\/04\/large_37d4ef1a-0ed3-453c-9629-fa13164b5e67.jpg","type":"image\/jpeg"}],"twitter_card":"summary_large_image","twitter_misc":{"Dur\u00e9e de lecture est.":"1 minute"},"schema":{"@context":"https:\/\/schema.org","@graph":[{"@type":"WebPage","@id":"https:\/\/koningdrone.be\/product\/inspire-1-charger-to-inspire-2-charging-hub-power-cable\/","url":"https:\/\/koningdrone.be\/product\/inspire-1-charger-to-inspire-2-charging-hub-power-cable\/","name":"Inspire 1 Charger to Inspire 2 Charging Hub Power Cable - koningdrone.be","isPartOf":{"@id":"https:\/\/koningdrone.be\/#website"},"primaryImageOfPage":{"@id":"https:\/\/koningdrone.be\/product\/inspire-1-charger-to-inspire-2-charging-hub-power-cable\/#primaryimage"},"image":{"@id":"https:\/\/koningdrone.be\/product\/inspire-1-charger-to-inspire-2-charging-hub-power-cable\/#primaryimage"},"thumbnailUrl":"https:\/\/koningdrone.be\/wp-content\/uploads\/sites\/13\/2025\/04\/large_37d4ef1a-0ed3-453c-9629-fa13164b5e67.jpg","datePublished":"2024-03-13T14:39:07+00:00","dateModified":"2026-04-29T13:20:56+00:00","breadcrumb":{"@id":"https:\/\/koningdrone.be\/product\/inspire-1-charger-to-inspire-2-charging-hub-power-cable\/#breadcrumb"},"inLanguage":"fr-BE","potentialAction":[{"@type":"ReadAction","target":["https:\/\/koningdrone.be\/product\/inspire-1-charger-to-inspire-2-charging-hub-power-cable\/"]}]},{"@type":"ImageObject","inLanguage":"fr-BE","@id":"https:\/\/koningdrone.be\/product\/inspire-1-charger-to-inspire-2-charging-hub-power-cable\/#primaryimage","url":"https:\/\/koningdrone.be\/wp-content\/uploads\/sites\/13\/2025\/04\/large_37d4ef1a-0ed3-453c-9629-fa13164b5e67.jpg","contentUrl":"https:\/\/koningdrone.be\/wp-content\/uploads\/sites\/13\/2025\/04\/large_37d4ef1a-0ed3-453c-9629-fa13164b5e67.jpg","width":1200,"height":800},{"@type":"BreadcrumbList","@id":"https:\/\/koningdrone.be\/product\/inspire-1-charger-to-inspire-2-charging-hub-power-cable\/#breadcrumb","itemListElement":[{"@type":"ListItem","position":1,"name":"Home","item":"https:\/\/koningdrone.be\/"},{"@type":"ListItem","position":2,"name":"AVSS Parachute Recovery System for DJI Matrice 300\/350","item":"https:\/\/koningdrone.be\/product\/avss-parachute-recovery-system-for-dji-matrice-300-350\/"},{"@type":"ListItem","position":3,"name":"Alle kabels","item":"https:\/\/koningdrone.be\/categorie\/alle-kabels\/"},{"@type":"ListItem","position":4,"name":"Inspire 1 Charger to Inspire 2 Charging Hub Power Cable"}]},{"@type":"WebSite","@id":"https:\/\/koningdrone.be\/#website","url":"https:\/\/koningdrone.be\/","name":"Koningdrone.be - Votre sp\u00e9cialiste en ligne en mati\u00e8re de drones, de cardans, de cam\u00e9ras et de centrales \u00e9lectriques.","description":"La boutique en ligne de drones et de cardans","publisher":{"@id":"https:\/\/koningdrone.be\/#organization"},"potentialAction":[{"@type":"SearchAction","target":{"@type":"EntryPoint","urlTemplate":"https:\/\/koningdrone.be\/?s={search_term_string}"},"query-input":{"@type":"PropertyValueSpecification","valueRequired":true,"valueName":"search_term_string"}}],"inLanguage":"fr-BE"},{"@type":"Organization","@id":"https:\/\/koningdrone.be\/#organization","name":"Kingdrone.co.uk","url":"https:\/\/koningdrone.be\/","logo":{"@type":"ImageObject","inLanguage":"fr-BE","@id":"https:\/\/koningdrone.be\/#\/schema\/logo\/image\/","url":"https:\/\/koningdrone.be\/wp-content\/uploads\/sites\/13\/2025\/04\/koningdrone-copyright-logo.svg","contentUrl":"https:\/\/koningdrone.be\/wp-content\/uploads\/sites\/13\/2025\/04\/koningdrone-copyright-logo.svg","width":227,"height":38,"caption":"Koningdrone.be"},"image":{"@id":"https:\/\/koningdrone.be\/#\/schema\/logo\/image\/"}}]}},"df_price":9,"df_sale_price":"","df_regular_price":9,"df_image_link":"https:\/\/koningdrone.be\/wp-content\/uploads\/sites\/13\/2025\/04\/large_37d4ef1a-0ed3-453c-9629-fa13164b5e67-300x200.jpg","_links":{"self":[{"href":"https:\/\/koningdrone.be\/fr\/wp-json\/wp\/v2\/product\/4002","targetHints":{"allow":["GET"]}}],"collection":[{"href":"https:\/\/koningdrone.be\/fr\/wp-json\/wp\/v2\/product"}],"about":[{"href":"https:\/\/koningdrone.be\/fr\/wp-json\/wp\/v2\/types\/product"}],"wp:featuredmedia":[{"embeddable":true,"href":"https:\/\/koningdrone.be\/fr\/wp-json\/wp\/v2\/media\/3995"}],"wp:attachment":[{"href":"https:\/\/koningdrone.be\/fr\/wp-json\/wp\/v2\/media?parent=4002"}],"wp:term":[{"taxonomy":"product_brand","embeddable":true,"href":"https:\/\/koningdrone.be\/fr\/wp-json\/wp\/v2\/product_brand?post=4002"},{"taxonomy":"product_cat","embeddable":true,"href":"https:\/\/koningdrone.be\/fr\/wp-json\/wp\/v2\/product_cat?post=4002"},{"taxonomy":"product_tag","embeddable":true,"href":"https:\/\/koningdrone.be\/fr\/wp-json\/wp\/v2\/product_tag?post=4002"}],"curies":[{"name":"wp","href":"https:\/\/api.w.org\/{rel}","templated":true}]}}