{"id":3994,"date":"2024-03-13T15:39:07","date_gmt":"2024-03-13T14:39:07","guid":{"rendered":"https:\/\/koningdrone.nl\/kon\/product\/inspire-2-gimbal-protection-kit\/"},"modified":"2026-04-29T13:00:42","modified_gmt":"2026-04-29T11:00:42","slug":"inspire-2-gimbal-protection-kit","status":"publish","type":"product","link":"https:\/\/koningdrone.be\/fr\/produit\/inspire-2-gimbal-protection-kit\/","title":{"rendered":"Kit de protection du cardan Inspire 2"},"content":{"rendered":"<p><strong>Am\u00e9lioration de la s\u00e9curit\u00e9 pour la photographie a\u00e9rienne<\/strong><\/p>\n<p> Le kit de protection du cardan de l'Inspire 2 est un accessoire essentiel pour am\u00e9liorer la s\u00e9curit\u00e9 de votre drone pendant les s\u00e9ances de photographie a\u00e9rienne. En fixant avec pr\u00e9cision la plaque d'amortissement de l'appareil, il joue un r\u00f4le crucial dans le maintien de la stabilit\u00e9 de la cam\u00e9ra de votre drone. Cette couche de protection suppl\u00e9mentaire vous permet de vous concentrer sur la r\u00e9alisation de superbes photos a\u00e9riennes sans vous soucier de l'int\u00e9grit\u00e9 de votre \u00e9quipement.<\/p>\n<p><strong>Protection de votre \u00e9quipement<\/strong><\/p>\n<p> L'installation de ce kit permet non seulement de prot\u00e9ger le cardan, mais aussi d'\u00e9tendre la protection \u00e0 la cam\u00e9ra. Ceci est particuli\u00e8rement important pendant le vol, lorsque la cam\u00e9ra est la plus vuln\u00e9rable aux dommages caus\u00e9s par des mouvements soudains ou des collisions. Le kit de protection du cardan agit comme un bouclier, absorbant et att\u00e9nuant les chocs susceptibles d'endommager votre \u00e9quipement, garantissant ainsi sa long\u00e9vit\u00e9 et sa fiabilit\u00e9.<\/p>\n<p><strong>Indispensable pour tous les niveaux de comp\u00e9tence<\/strong><\/p>\n<p> Quelle que soit votre expertise en mati\u00e8re de photographie par drone, le kit de protection du cardan de l'Inspire 2 est un compl\u00e9ment essentiel \u00e0 votre configuration de drone. Il est con\u00e7u pour permettre des op\u00e9rations plus fluides et plus s\u00fbres, am\u00e9liorant ainsi la qualit\u00e9 de vos photographies a\u00e9riennes. Ce kit t\u00e9moigne de l'importance d'investir dans des \u00e9quipements de protection pour pr\u00e9server la qualit\u00e9 et l'int\u00e9grit\u00e9 de vos prises de vue et de votre \u00e9quipement.<\/p>\n<p><\/p>","protected":false},"excerpt":{"rendered":"<ul>\n<li>Fixe la plaque d'amortissement de l'avion<\/li>\n<li> Am\u00e9liore la fiabilit\u00e9 des vols en cours d'utilisation<\/li>\n<li> Garantit une utilisation s\u00fbre du cardan et de l'appareil photo<\/li>\n<\/ul>","protected":false},"featured_media":3987,"template":"","meta":{"_acf_changed":false},"product_brand":[],"product_cat":[315,97,641,788],"product_tag":[],"class_list":{"0":"post-3994","1":"product","2":"type-product","3":"status-publish","4":"has-post-thumbnail","6":"product_cat-alle-gimbals-en-cameras","7":"product_cat-alle-producten","8":"product_cat-dji-inspire","9":"product_cat-dji-inspire-2","10":"product_shipping_class-outofstock","11":"pa_brand-dji","12":"pa_productfamily-gimbalbescherming","13":"pa_producttype-gimbalbescherming","15":"first","16":"outofstock","17":"taxable","18":"shipping-taxable","19":"product-type-simple"},"acf":[],"yoast_head":"<!-- This site is optimized with the Yoast SEO Premium plugin v27.2 (Yoast SEO v27.2) - https:\/\/yoast.com\/product\/yoast-seo-premium-wordpress\/ -->\n<title>Inspire 2 Gimbal Protection Kit - koningdrone.be<\/title>\n<meta name=\"robots\" content=\"index, follow, max-snippet:-1, max-image-preview:large, max-video-preview:-1\" \/>\n<link rel=\"canonical\" href=\"https:\/\/koningdrone.be\/fr\/produit\/inspire-2-gimbal-protection-kit\/\" \/>\n<meta property=\"og:locale\" content=\"fr_FR\" \/>\n<meta property=\"og:type\" content=\"article\" \/>\n<meta property=\"og:title\" content=\"Inspire 2 Gimbal Protection Kit\" \/>\n<meta property=\"og:description\" content=\"Beveiligt de dempingsplaat van het vliegtuig Verbetert de vliegbetrouwbaarheid wanneer de camera in gebruik is Garandeert veilig gebruik van gimbal en camera\" \/>\n<meta property=\"og:url\" content=\"https:\/\/koningdrone.be\/fr\/produit\/inspire-2-gimbal-protection-kit\/\" \/>\n<meta property=\"og:site_name\" content=\"koningdrone.be\" \/>\n<meta property=\"article:modified_time\" content=\"2026-04-29T11:00:42+00:00\" \/>\n<meta property=\"og:image\" content=\"https:\/\/koningdrone.be\/wp-content\/uploads\/sites\/13\/2025\/04\/large_33fa624e-5206-493a-826e-b59d69f4c073.jpg\" \/>\n\t<meta property=\"og:image:width\" content=\"1200\" \/>\n\t<meta property=\"og:image:height\" content=\"800\" \/>\n\t<meta property=\"og:image:type\" content=\"image\/jpeg\" \/>\n<meta name=\"twitter:card\" content=\"summary_large_image\" \/>\n<meta name=\"twitter:label1\" content=\"Dur\u00e9e de lecture est.\" \/>\n\t<meta name=\"twitter:data1\" content=\"1 minute\" \/>\n<script type=\"application\/ld+json\" class=\"yoast-schema-graph\">{\"@context\":\"https:\/\/schema.org\",\"@graph\":[{\"@type\":\"WebPage\",\"@id\":\"https:\/\/koningdrone.be\/product\/inspire-2-gimbal-protection-kit\/\",\"url\":\"https:\/\/koningdrone.be\/product\/inspire-2-gimbal-protection-kit\/\",\"name\":\"Inspire 2 Gimbal Protection Kit - koningdrone.be\",\"isPartOf\":{\"@id\":\"https:\/\/koningdrone.be\/#website\"},\"primaryImageOfPage\":{\"@id\":\"https:\/\/koningdrone.be\/product\/inspire-2-gimbal-protection-kit\/#primaryimage\"},\"image\":{\"@id\":\"https:\/\/koningdrone.be\/product\/inspire-2-gimbal-protection-kit\/#primaryimage\"},\"thumbnailUrl\":\"https:\/\/koningdrone.be\/wp-content\/uploads\/sites\/13\/2025\/04\/large_33fa624e-5206-493a-826e-b59d69f4c073.jpg\",\"datePublished\":\"2024-03-13T14:39:07+00:00\",\"dateModified\":\"2026-04-29T11:00:42+00:00\",\"breadcrumb\":{\"@id\":\"https:\/\/koningdrone.be\/product\/inspire-2-gimbal-protection-kit\/#breadcrumb\"},\"inLanguage\":\"fr-BE\",\"potentialAction\":[{\"@type\":\"ReadAction\",\"target\":[\"https:\/\/koningdrone.be\/product\/inspire-2-gimbal-protection-kit\/\"]}]},{\"@type\":\"ImageObject\",\"inLanguage\":\"fr-BE\",\"@id\":\"https:\/\/koningdrone.be\/product\/inspire-2-gimbal-protection-kit\/#primaryimage\",\"url\":\"https:\/\/koningdrone.be\/wp-content\/uploads\/sites\/13\/2025\/04\/large_33fa624e-5206-493a-826e-b59d69f4c073.jpg\",\"contentUrl\":\"https:\/\/koningdrone.be\/wp-content\/uploads\/sites\/13\/2025\/04\/large_33fa624e-5206-493a-826e-b59d69f4c073.jpg\",\"width\":1200,\"height\":800},{\"@type\":\"BreadcrumbList\",\"@id\":\"https:\/\/koningdrone.be\/product\/inspire-2-gimbal-protection-kit\/#breadcrumb\",\"itemListElement\":[{\"@type\":\"ListItem\",\"position\":1,\"name\":\"Home\",\"item\":\"https:\/\/koningdrone.be\/\"},{\"@type\":\"ListItem\",\"position\":2,\"name\":\"AVSS Parachute Recovery System for DJI Matrice 300\/350\",\"item\":\"https:\/\/koningdrone.be\/product\/avss-parachute-recovery-system-for-dji-matrice-300-350\/\"},{\"@type\":\"ListItem\",\"position\":3,\"name\":\"Alle gimbals en cameras\",\"item\":\"https:\/\/koningdrone.be\/categorie\/alle-gimbals-en-cameras\/\"},{\"@type\":\"ListItem\",\"position\":4,\"name\":\"Inspire 2 Gimbal Protection Kit\"}]},{\"@type\":\"WebSite\",\"@id\":\"https:\/\/koningdrone.be\/#website\",\"url\":\"https:\/\/koningdrone.be\/\",\"name\":\"Koningdrone.be - Uw online specialist in drones, gimbals, camera's en power stations.\",\"description\":\"De webshop in drones en gimbals\",\"publisher\":{\"@id\":\"https:\/\/koningdrone.be\/#organization\"},\"potentialAction\":[{\"@type\":\"SearchAction\",\"target\":{\"@type\":\"EntryPoint\",\"urlTemplate\":\"https:\/\/koningdrone.be\/?s={search_term_string}\"},\"query-input\":{\"@type\":\"PropertyValueSpecification\",\"valueRequired\":true,\"valueName\":\"search_term_string\"}}],\"inLanguage\":\"fr-BE\"},{\"@type\":\"Organization\",\"@id\":\"https:\/\/koningdrone.be\/#organization\",\"name\":\"Koningdrone.be\",\"url\":\"https:\/\/koningdrone.be\/\",\"logo\":{\"@type\":\"ImageObject\",\"inLanguage\":\"fr-BE\",\"@id\":\"https:\/\/koningdrone.be\/#\/schema\/logo\/image\/\",\"url\":\"https:\/\/koningdrone.be\/wp-content\/uploads\/sites\/13\/2025\/04\/koningdrone-copyright-logo.svg\",\"contentUrl\":\"https:\/\/koningdrone.be\/wp-content\/uploads\/sites\/13\/2025\/04\/koningdrone-copyright-logo.svg\",\"width\":227,\"height\":38,\"caption\":\"Koningdrone.be\"},\"image\":{\"@id\":\"https:\/\/koningdrone.be\/#\/schema\/logo\/image\/\"}}]}<\/script>\n<!-- \/ Yoast SEO Premium plugin. -->","yoast_head_json":{"title":"Inspire 2 Gimbal Protection Kit - koningdrone.be","robots":{"index":"index","follow":"follow","max-snippet":"max-snippet:-1","max-image-preview":"max-image-preview:large","max-video-preview":"max-video-preview:-1"},"canonical":"https:\/\/koningdrone.be\/fr\/produit\/inspire-2-gimbal-protection-kit\/","og_locale":"fr_FR","og_type":"article","og_title":"Inspire 2 Gimbal Protection Kit","og_description":"Beveiligt de dempingsplaat van het vliegtuig Verbetert de vliegbetrouwbaarheid wanneer de camera in gebruik is Garandeert veilig gebruik van gimbal en camera","og_url":"https:\/\/koningdrone.be\/fr\/produit\/inspire-2-gimbal-protection-kit\/","og_site_name":"koningdrone.be","article_modified_time":"2026-04-29T11:00:42+00:00","og_image":[{"width":1200,"height":800,"url":"https:\/\/koningdrone.be\/wp-content\/uploads\/sites\/13\/2025\/04\/large_33fa624e-5206-493a-826e-b59d69f4c073.jpg","type":"image\/jpeg"}],"twitter_card":"summary_large_image","twitter_misc":{"Dur\u00e9e de lecture est.":"1 minute"},"schema":{"@context":"https:\/\/schema.org","@graph":[{"@type":"WebPage","@id":"https:\/\/koningdrone.be\/product\/inspire-2-gimbal-protection-kit\/","url":"https:\/\/koningdrone.be\/product\/inspire-2-gimbal-protection-kit\/","name":"Inspire 2 Gimbal Protection Kit - koningdrone.be","isPartOf":{"@id":"https:\/\/koningdrone.be\/#website"},"primaryImageOfPage":{"@id":"https:\/\/koningdrone.be\/product\/inspire-2-gimbal-protection-kit\/#primaryimage"},"image":{"@id":"https:\/\/koningdrone.be\/product\/inspire-2-gimbal-protection-kit\/#primaryimage"},"thumbnailUrl":"https:\/\/koningdrone.be\/wp-content\/uploads\/sites\/13\/2025\/04\/large_33fa624e-5206-493a-826e-b59d69f4c073.jpg","datePublished":"2024-03-13T14:39:07+00:00","dateModified":"2026-04-29T11:00:42+00:00","breadcrumb":{"@id":"https:\/\/koningdrone.be\/product\/inspire-2-gimbal-protection-kit\/#breadcrumb"},"inLanguage":"fr-BE","potentialAction":[{"@type":"ReadAction","target":["https:\/\/koningdrone.be\/product\/inspire-2-gimbal-protection-kit\/"]}]},{"@type":"ImageObject","inLanguage":"fr-BE","@id":"https:\/\/koningdrone.be\/product\/inspire-2-gimbal-protection-kit\/#primaryimage","url":"https:\/\/koningdrone.be\/wp-content\/uploads\/sites\/13\/2025\/04\/large_33fa624e-5206-493a-826e-b59d69f4c073.jpg","contentUrl":"https:\/\/koningdrone.be\/wp-content\/uploads\/sites\/13\/2025\/04\/large_33fa624e-5206-493a-826e-b59d69f4c073.jpg","width":1200,"height":800},{"@type":"BreadcrumbList","@id":"https:\/\/koningdrone.be\/product\/inspire-2-gimbal-protection-kit\/#breadcrumb","itemListElement":[{"@type":"ListItem","position":1,"name":"Home","item":"https:\/\/koningdrone.be\/"},{"@type":"ListItem","position":2,"name":"AVSS Parachute Recovery System for DJI Matrice 300\/350","item":"https:\/\/koningdrone.be\/product\/avss-parachute-recovery-system-for-dji-matrice-300-350\/"},{"@type":"ListItem","position":3,"name":"Alle gimbals en cameras","item":"https:\/\/koningdrone.be\/categorie\/alle-gimbals-en-cameras\/"},{"@type":"ListItem","position":4,"name":"Inspire 2 Gimbal Protection Kit"}]},{"@type":"WebSite","@id":"https:\/\/koningdrone.be\/#website","url":"https:\/\/koningdrone.be\/","name":"Koningdrone.be - Votre sp\u00e9cialiste en ligne en mati\u00e8re de drones, de cardans, de cam\u00e9ras et de centrales \u00e9lectriques.","description":"La boutique en ligne de drones et de cardans","publisher":{"@id":"https:\/\/koningdrone.be\/#organization"},"potentialAction":[{"@type":"SearchAction","target":{"@type":"EntryPoint","urlTemplate":"https:\/\/koningdrone.be\/?s={search_term_string}"},"query-input":{"@type":"PropertyValueSpecification","valueRequired":true,"valueName":"search_term_string"}}],"inLanguage":"fr-BE"},{"@type":"Organization","@id":"https:\/\/koningdrone.be\/#organization","name":"Kingdrone.co.uk","url":"https:\/\/koningdrone.be\/","logo":{"@type":"ImageObject","inLanguage":"fr-BE","@id":"https:\/\/koningdrone.be\/#\/schema\/logo\/image\/","url":"https:\/\/koningdrone.be\/wp-content\/uploads\/sites\/13\/2025\/04\/koningdrone-copyright-logo.svg","contentUrl":"https:\/\/koningdrone.be\/wp-content\/uploads\/sites\/13\/2025\/04\/koningdrone-copyright-logo.svg","width":227,"height":38,"caption":"Koningdrone.be"},"image":{"@id":"https:\/\/koningdrone.be\/#\/schema\/logo\/image\/"}}]}},"df_price":"","df_sale_price":"","df_regular_price":"","df_image_link":"https:\/\/koningdrone.be\/wp-content\/uploads\/sites\/13\/2025\/04\/large_33fa624e-5206-493a-826e-b59d69f4c073-300x200.jpg","_links":{"self":[{"href":"https:\/\/koningdrone.be\/fr\/wp-json\/wp\/v2\/product\/3994","targetHints":{"allow":["GET"]}}],"collection":[{"href":"https:\/\/koningdrone.be\/fr\/wp-json\/wp\/v2\/product"}],"about":[{"href":"https:\/\/koningdrone.be\/fr\/wp-json\/wp\/v2\/types\/product"}],"wp:featuredmedia":[{"embeddable":true,"href":"https:\/\/koningdrone.be\/fr\/wp-json\/wp\/v2\/media\/3987"}],"wp:attachment":[{"href":"https:\/\/koningdrone.be\/fr\/wp-json\/wp\/v2\/media?parent=3994"}],"wp:term":[{"taxonomy":"product_brand","embeddable":true,"href":"https:\/\/koningdrone.be\/fr\/wp-json\/wp\/v2\/product_brand?post=3994"},{"taxonomy":"product_cat","embeddable":true,"href":"https:\/\/koningdrone.be\/fr\/wp-json\/wp\/v2\/product_cat?post=3994"},{"taxonomy":"product_tag","embeddable":true,"href":"https:\/\/koningdrone.be\/fr\/wp-json\/wp\/v2\/product_tag?post=3994"}],"curies":[{"name":"wp","href":"https:\/\/api.w.org\/{rel}","templated":true}]}}