{"id":3980,"date":"2024-03-13T15:39:39","date_gmt":"2024-03-13T14:39:39","guid":{"rendered":"https:\/\/koningdrone.nl\/kon\/product\/inspire-2-remote-controller-support-rig\/"},"modified":"2026-04-29T15:21:00","modified_gmt":"2026-04-29T13:21:00","slug":"inspire-2-remote-controller-support-rig","status":"publish","type":"product","link":"https:\/\/koningdrone.be\/fr\/produit\/inspire-2-remote-controller-support-rig\/","title":{"rendered":"Support de la t\u00e9l\u00e9commande Inspire 2"},"content":{"rendered":"<p><strong>Un contr\u00f4le sans faille<\/strong><\/p>\n<p> Le support de t\u00e9l\u00e9commande Inspire 2 a \u00e9t\u00e9 cr\u00e9\u00e9 pour am\u00e9liorer l'exp\u00e9rience de pilotage du drone Inspire 2 en r\u00e9duisant consid\u00e9rablement les efforts physiques. En se fixant directement \u00e0 l'abdomen de l'utilisateur, le poids de la t\u00e9l\u00e9commande est r\u00e9parti uniform\u00e9ment sur tout le corps. Cette approche innovante garantit que les mains sont utilis\u00e9es principalement pour le contr\u00f4le, plut\u00f4t que pour supporter le poids, ce qui rend l'exp\u00e9rience de vol plus agr\u00e9able et moins fatigante.<\/p>\n<p><strong>Con\u00e7u pour l'endurance<\/strong><\/p>\n<p> Ce syst\u00e8me d'assistance est inestimable pour les pilotes de drones, qu'ils soient novices ou professionnels. Il permet de prolonger les sessions d'utilisation du drone sans les inconv\u00e9nients g\u00e9n\u00e9ralement associ\u00e9s \u00e0 l'utilisation prolong\u00e9e de contr\u00f4leurs lourds. Qu'il s'agisse de capturer des images a\u00e9riennes \u00e0 couper le souffle, de surveiller des terres agricoles ou d'effectuer de longues inspections, le support de t\u00e9l\u00e9commande Inspire 2 permet aux utilisateurs de se concentrer sur la t\u00e2che \u00e0 accomplir plut\u00f4t que de g\u00e9rer la fatigue. Cette fonction de renforcement de l'endurance en fait un outil indispensable pour les passionn\u00e9s de drones.<\/p>\n<p><\/p>","protected":false},"excerpt":{"rendered":"<ul>\n<li>Se fixe \u00e0 l'abdomen de l'utilisateur<\/li>\n<li> R\u00e9duit le poids de la t\u00e9l\u00e9commande<\/li>\n<li> Am\u00e9liore le confort en cas d'utilisation prolong\u00e9e<\/li>\n<\/ul>","protected":false},"featured_media":3972,"template":"","meta":{"_acf_changed":false},"product_brand":[],"product_cat":[122,97,641,788],"product_tag":[],"class_list":{"0":"post-3980","1":"product","2":"type-product","3":"status-publish","4":"has-post-thumbnail","6":"product_cat-alle-afstandsbedieningen","7":"product_cat-alle-producten","8":"product_cat-dji-inspire","9":"product_cat-dji-inspire-2","10":"product_shipping_class-outofstock","11":"pa_brand-dji","12":"pa_productfamily-mount","13":"pa_producttype-mount","15":"first","16":"outofstock","17":"taxable","18":"shipping-taxable","19":"purchasable","20":"product-type-simple"},"acf":[],"yoast_head":"<!-- This site is optimized with the Yoast SEO Premium plugin v27.2 (Yoast SEO v27.2) - https:\/\/yoast.com\/product\/yoast-seo-premium-wordpress\/ -->\n<title>Inspire 2 Remote Controller Support Rig - koningdrone.be<\/title>\n<meta name=\"robots\" content=\"index, follow, max-snippet:-1, max-image-preview:large, max-video-preview:-1\" \/>\n<link rel=\"canonical\" href=\"https:\/\/koningdrone.be\/fr\/produit\/inspire-2-remote-controller-support-rig\/\" \/>\n<meta property=\"og:locale\" content=\"fr_FR\" \/>\n<meta property=\"og:type\" content=\"article\" \/>\n<meta property=\"og:title\" content=\"Inspire 2 Remote Controller Support Rig\" \/>\n<meta property=\"og:description\" content=\"Hecht aan de buik van de gebruiker Vermindert het gewicht van de afstandsbediening Verbetert het comfort bij langdurig gebruik\" \/>\n<meta property=\"og:url\" content=\"https:\/\/koningdrone.be\/fr\/produit\/inspire-2-remote-controller-support-rig\/\" \/>\n<meta property=\"og:site_name\" content=\"koningdrone.be\" \/>\n<meta property=\"article:modified_time\" content=\"2026-04-29T13:21:00+00:00\" \/>\n<meta property=\"og:image\" content=\"https:\/\/koningdrone.be\/wp-content\/uploads\/sites\/13\/2025\/04\/large_8eaeb711-0956-4d3f-97fc-c78f13c2f558.jpg\" \/>\n\t<meta property=\"og:image:width\" content=\"1200\" \/>\n\t<meta property=\"og:image:height\" content=\"800\" \/>\n\t<meta property=\"og:image:type\" content=\"image\/jpeg\" \/>\n<meta name=\"twitter:card\" content=\"summary_large_image\" \/>\n<meta name=\"twitter:label1\" content=\"Dur\u00e9e de lecture est.\" \/>\n\t<meta name=\"twitter:data1\" content=\"1 minute\" \/>\n<script type=\"application\/ld+json\" class=\"yoast-schema-graph\">{\"@context\":\"https:\/\/schema.org\",\"@graph\":[{\"@type\":\"WebPage\",\"@id\":\"https:\/\/koningdrone.be\/product\/inspire-2-remote-controller-support-rig\/\",\"url\":\"https:\/\/koningdrone.be\/product\/inspire-2-remote-controller-support-rig\/\",\"name\":\"Inspire 2 Remote Controller Support Rig - koningdrone.be\",\"isPartOf\":{\"@id\":\"https:\/\/koningdrone.be\/#website\"},\"primaryImageOfPage\":{\"@id\":\"https:\/\/koningdrone.be\/product\/inspire-2-remote-controller-support-rig\/#primaryimage\"},\"image\":{\"@id\":\"https:\/\/koningdrone.be\/product\/inspire-2-remote-controller-support-rig\/#primaryimage\"},\"thumbnailUrl\":\"https:\/\/koningdrone.be\/wp-content\/uploads\/sites\/13\/2025\/04\/large_8eaeb711-0956-4d3f-97fc-c78f13c2f558.jpg\",\"datePublished\":\"2024-03-13T14:39:39+00:00\",\"dateModified\":\"2026-04-29T13:21:00+00:00\",\"breadcrumb\":{\"@id\":\"https:\/\/koningdrone.be\/product\/inspire-2-remote-controller-support-rig\/#breadcrumb\"},\"inLanguage\":\"fr-BE\",\"potentialAction\":[{\"@type\":\"ReadAction\",\"target\":[\"https:\/\/koningdrone.be\/product\/inspire-2-remote-controller-support-rig\/\"]}]},{\"@type\":\"ImageObject\",\"inLanguage\":\"fr-BE\",\"@id\":\"https:\/\/koningdrone.be\/product\/inspire-2-remote-controller-support-rig\/#primaryimage\",\"url\":\"https:\/\/koningdrone.be\/wp-content\/uploads\/sites\/13\/2025\/04\/large_8eaeb711-0956-4d3f-97fc-c78f13c2f558.jpg\",\"contentUrl\":\"https:\/\/koningdrone.be\/wp-content\/uploads\/sites\/13\/2025\/04\/large_8eaeb711-0956-4d3f-97fc-c78f13c2f558.jpg\",\"width\":1200,\"height\":800},{\"@type\":\"BreadcrumbList\",\"@id\":\"https:\/\/koningdrone.be\/product\/inspire-2-remote-controller-support-rig\/#breadcrumb\",\"itemListElement\":[{\"@type\":\"ListItem\",\"position\":1,\"name\":\"Home\",\"item\":\"https:\/\/koningdrone.be\/\"},{\"@type\":\"ListItem\",\"position\":2,\"name\":\"AVSS Parachute Recovery System for DJI Matrice 300\/350\",\"item\":\"https:\/\/koningdrone.be\/product\/avss-parachute-recovery-system-for-dji-matrice-300-350\/\"},{\"@type\":\"ListItem\",\"position\":3,\"name\":\"Alle afstandsbedieningen\",\"item\":\"https:\/\/koningdrone.be\/categorie\/alle-afstandsbedieningen\/\"},{\"@type\":\"ListItem\",\"position\":4,\"name\":\"Inspire 2 Remote Controller Support Rig\"}]},{\"@type\":\"WebSite\",\"@id\":\"https:\/\/koningdrone.be\/#website\",\"url\":\"https:\/\/koningdrone.be\/\",\"name\":\"Koningdrone.be - Uw online specialist in drones, gimbals, camera's en power stations.\",\"description\":\"De webshop in drones en gimbals\",\"publisher\":{\"@id\":\"https:\/\/koningdrone.be\/#organization\"},\"potentialAction\":[{\"@type\":\"SearchAction\",\"target\":{\"@type\":\"EntryPoint\",\"urlTemplate\":\"https:\/\/koningdrone.be\/?s={search_term_string}\"},\"query-input\":{\"@type\":\"PropertyValueSpecification\",\"valueRequired\":true,\"valueName\":\"search_term_string\"}}],\"inLanguage\":\"fr-BE\"},{\"@type\":\"Organization\",\"@id\":\"https:\/\/koningdrone.be\/#organization\",\"name\":\"Koningdrone.be\",\"url\":\"https:\/\/koningdrone.be\/\",\"logo\":{\"@type\":\"ImageObject\",\"inLanguage\":\"fr-BE\",\"@id\":\"https:\/\/koningdrone.be\/#\/schema\/logo\/image\/\",\"url\":\"https:\/\/koningdrone.be\/wp-content\/uploads\/sites\/13\/2025\/04\/koningdrone-copyright-logo.svg\",\"contentUrl\":\"https:\/\/koningdrone.be\/wp-content\/uploads\/sites\/13\/2025\/04\/koningdrone-copyright-logo.svg\",\"width\":227,\"height\":38,\"caption\":\"Koningdrone.be\"},\"image\":{\"@id\":\"https:\/\/koningdrone.be\/#\/schema\/logo\/image\/\"}}]}<\/script>\n<!-- \/ Yoast SEO Premium plugin. -->","yoast_head_json":{"title":"Inspire 2 Remote Controller Support Rig - koningdrone.be","robots":{"index":"index","follow":"follow","max-snippet":"max-snippet:-1","max-image-preview":"max-image-preview:large","max-video-preview":"max-video-preview:-1"},"canonical":"https:\/\/koningdrone.be\/fr\/produit\/inspire-2-remote-controller-support-rig\/","og_locale":"fr_FR","og_type":"article","og_title":"Inspire 2 Remote Controller Support Rig","og_description":"Hecht aan de buik van de gebruiker Vermindert het gewicht van de afstandsbediening Verbetert het comfort bij langdurig gebruik","og_url":"https:\/\/koningdrone.be\/fr\/produit\/inspire-2-remote-controller-support-rig\/","og_site_name":"koningdrone.be","article_modified_time":"2026-04-29T13:21:00+00:00","og_image":[{"width":1200,"height":800,"url":"https:\/\/koningdrone.be\/wp-content\/uploads\/sites\/13\/2025\/04\/large_8eaeb711-0956-4d3f-97fc-c78f13c2f558.jpg","type":"image\/jpeg"}],"twitter_card":"summary_large_image","twitter_misc":{"Dur\u00e9e de lecture est.":"1 minute"},"schema":{"@context":"https:\/\/schema.org","@graph":[{"@type":"WebPage","@id":"https:\/\/koningdrone.be\/product\/inspire-2-remote-controller-support-rig\/","url":"https:\/\/koningdrone.be\/product\/inspire-2-remote-controller-support-rig\/","name":"Inspire 2 Remote Controller Support Rig - koningdrone.be","isPartOf":{"@id":"https:\/\/koningdrone.be\/#website"},"primaryImageOfPage":{"@id":"https:\/\/koningdrone.be\/product\/inspire-2-remote-controller-support-rig\/#primaryimage"},"image":{"@id":"https:\/\/koningdrone.be\/product\/inspire-2-remote-controller-support-rig\/#primaryimage"},"thumbnailUrl":"https:\/\/koningdrone.be\/wp-content\/uploads\/sites\/13\/2025\/04\/large_8eaeb711-0956-4d3f-97fc-c78f13c2f558.jpg","datePublished":"2024-03-13T14:39:39+00:00","dateModified":"2026-04-29T13:21:00+00:00","breadcrumb":{"@id":"https:\/\/koningdrone.be\/product\/inspire-2-remote-controller-support-rig\/#breadcrumb"},"inLanguage":"fr-BE","potentialAction":[{"@type":"ReadAction","target":["https:\/\/koningdrone.be\/product\/inspire-2-remote-controller-support-rig\/"]}]},{"@type":"ImageObject","inLanguage":"fr-BE","@id":"https:\/\/koningdrone.be\/product\/inspire-2-remote-controller-support-rig\/#primaryimage","url":"https:\/\/koningdrone.be\/wp-content\/uploads\/sites\/13\/2025\/04\/large_8eaeb711-0956-4d3f-97fc-c78f13c2f558.jpg","contentUrl":"https:\/\/koningdrone.be\/wp-content\/uploads\/sites\/13\/2025\/04\/large_8eaeb711-0956-4d3f-97fc-c78f13c2f558.jpg","width":1200,"height":800},{"@type":"BreadcrumbList","@id":"https:\/\/koningdrone.be\/product\/inspire-2-remote-controller-support-rig\/#breadcrumb","itemListElement":[{"@type":"ListItem","position":1,"name":"Home","item":"https:\/\/koningdrone.be\/"},{"@type":"ListItem","position":2,"name":"AVSS Parachute Recovery System for DJI Matrice 300\/350","item":"https:\/\/koningdrone.be\/product\/avss-parachute-recovery-system-for-dji-matrice-300-350\/"},{"@type":"ListItem","position":3,"name":"Alle afstandsbedieningen","item":"https:\/\/koningdrone.be\/categorie\/alle-afstandsbedieningen\/"},{"@type":"ListItem","position":4,"name":"Inspire 2 Remote Controller Support Rig"}]},{"@type":"WebSite","@id":"https:\/\/koningdrone.be\/#website","url":"https:\/\/koningdrone.be\/","name":"Koningdrone.be - Votre sp\u00e9cialiste en ligne en mati\u00e8re de drones, de cardans, de cam\u00e9ras et de centrales \u00e9lectriques.","description":"La boutique en ligne de drones et de cardans","publisher":{"@id":"https:\/\/koningdrone.be\/#organization"},"potentialAction":[{"@type":"SearchAction","target":{"@type":"EntryPoint","urlTemplate":"https:\/\/koningdrone.be\/?s={search_term_string}"},"query-input":{"@type":"PropertyValueSpecification","valueRequired":true,"valueName":"search_term_string"}}],"inLanguage":"fr-BE"},{"@type":"Organization","@id":"https:\/\/koningdrone.be\/#organization","name":"Kingdrone.co.uk","url":"https:\/\/koningdrone.be\/","logo":{"@type":"ImageObject","inLanguage":"fr-BE","@id":"https:\/\/koningdrone.be\/#\/schema\/logo\/image\/","url":"https:\/\/koningdrone.be\/wp-content\/uploads\/sites\/13\/2025\/04\/koningdrone-copyright-logo.svg","contentUrl":"https:\/\/koningdrone.be\/wp-content\/uploads\/sites\/13\/2025\/04\/koningdrone-copyright-logo.svg","width":227,"height":38,"caption":"Koningdrone.be"},"image":{"@id":"https:\/\/koningdrone.be\/#\/schema\/logo\/image\/"}}]}},"df_price":19,"df_sale_price":"","df_regular_price":19,"df_image_link":"https:\/\/koningdrone.be\/wp-content\/uploads\/sites\/13\/2025\/04\/large_8eaeb711-0956-4d3f-97fc-c78f13c2f558-300x200.jpg","_links":{"self":[{"href":"https:\/\/koningdrone.be\/fr\/wp-json\/wp\/v2\/product\/3980","targetHints":{"allow":["GET"]}}],"collection":[{"href":"https:\/\/koningdrone.be\/fr\/wp-json\/wp\/v2\/product"}],"about":[{"href":"https:\/\/koningdrone.be\/fr\/wp-json\/wp\/v2\/types\/product"}],"wp:featuredmedia":[{"embeddable":true,"href":"https:\/\/koningdrone.be\/fr\/wp-json\/wp\/v2\/media\/3972"}],"wp:attachment":[{"href":"https:\/\/koningdrone.be\/fr\/wp-json\/wp\/v2\/media?parent=3980"}],"wp:term":[{"taxonomy":"product_brand","embeddable":true,"href":"https:\/\/koningdrone.be\/fr\/wp-json\/wp\/v2\/product_brand?post=3980"},{"taxonomy":"product_cat","embeddable":true,"href":"https:\/\/koningdrone.be\/fr\/wp-json\/wp\/v2\/product_cat?post=3980"},{"taxonomy":"product_tag","embeddable":true,"href":"https:\/\/koningdrone.be\/fr\/wp-json\/wp\/v2\/product_tag?post=3980"}],"curies":[{"name":"wp","href":"https:\/\/api.w.org\/{rel}","templated":true}]}}