{"id":3958,"date":"2024-03-13T15:39:39","date_gmt":"2024-03-13T14:39:39","guid":{"rendered":"https:\/\/koningdrone.nl\/kon\/product\/inspire-2-propeller-guard\/"},"modified":"2026-04-29T15:21:02","modified_gmt":"2026-04-29T13:21:02","slug":"inspire-2-propeller-guard","status":"publish","type":"product","link":"https:\/\/koningdrone.be\/fr\/produit\/inspire-2-propeller-guard\/","title":{"rendered":"Protection d'h\u00e9lice Inspire 2"},"content":{"rendered":"<p> Les protections d'h\u00e9lice de l'Inspire 2 sont une combinaison de mat\u00e9riaux avanc\u00e9s et d'une conception ing\u00e9nieuse, visant \u00e0 am\u00e9liorer la s\u00e9curit\u00e9 et la durabilit\u00e9 de votre exp\u00e9rience de vol. Fabriqu\u00e9es \u00e0 partir d'une combinaison de fibre de carbone pur 12k et de r\u00e9sine \u00e9poxy haute r\u00e9sistance, ces protections \u00e9tablissent une nouvelle norme en mati\u00e8re de durabilit\u00e9 des accessoires de drone.<\/p>\n<p><strong>Mat\u00e9riaux et durabilit\u00e9<\/strong><\/p>\n<p> Gr\u00e2ce \u00e0 un m\u00e9lange robuste de fibre de carbone pure 12k et de r\u00e9sine \u00e9poxy haute r\u00e9sistance, les protections d'h\u00e9lices de l'Inspire 2 sont 50 fois plus r\u00e9sistantes et 100 fois plus rigides que les plastiques techniques standard. Cette construction exceptionnelle garantit que les protections sont non seulement incroyablement solides, mais aussi tr\u00e8s r\u00e9sistantes \u00e0 la rupture ou \u00e0 la flexion, offrant ainsi une protection in\u00e9gal\u00e9e aux h\u00e9lices de votre drone.<\/p>\n<p><strong>Design et commodit\u00e9<\/strong><\/p>\n<p> En mettant l'accent sur la facilit\u00e9 d'utilisation, ces protections ont un design compact qui permet de fixer et de retirer rapidement et facilement les h\u00e9lices du drone. Gr\u00e2ce \u00e0 cette conception, la pr\u00e9paration de votre drone pour le vol ou le stockage est \u00e0 la fois rapide et simple.<\/p>\n<p><strong>Am\u00e9liorer la s\u00e9curit\u00e9<\/strong><\/p>\n<p> La fonction premi\u00e8re des protections d'h\u00e9lices de l'Inspire 2 est d'emp\u00eacher les h\u00e9lices d'entrer en contact avec des personnes ou des objets, ce qui r\u00e9duit consid\u00e9rablement le risque d'accidents en vol. En enveloppant les h\u00e9lices, ces protections constituent un bouclier qui peut pr\u00e9venir les dommages dus aux collisions, contribuant ainsi \u00e0 un environnement de vol plus s\u00fbr, tant pour le pilote que pour l'environnement.<\/p>\n<p><strong>Limitations \u00e0 grande vitesse<\/strong><\/p>\n<p> Bien que les protections d'h\u00e9lice de l'Inspire 2 offrent une protection substantielle contre les collisions, il est important de noter que leur efficacit\u00e9 peut \u00eatre r\u00e9duite lorsque le drone est utilis\u00e9 \u00e0 des vitesses tr\u00e8s \u00e9lev\u00e9es. Il est donc conseill\u00e9 aux utilisateurs de maintenir des pratiques de vol responsables et de rester vigilants quant \u00e0 leur environnement afin de garantir une s\u00e9curit\u00e9 maximale en vol.<\/p>\n<p><\/p>","protected":false},"excerpt":{"rendered":"<ul>\n<li>Des protections d'h\u00e9lice con\u00e7ues par des experts.<\/li>\n<li> Fabriqu\u00e9 en fibre de carbone pur 12k et en r\u00e9sine \u00e9poxy.<\/li>\n<li> 50 fois plus r\u00e9sistant que les plastiques standard.<\/li>\n<li> 100 fois plus rigide que les plastiques standard.<\/li>\n<li> L\u00e9ger et peu d\u00e9formable.<\/li>\n<li> Facile \u00e0 monter et \u00e0 d\u00e9monter.<\/li>\n<li> Prot\u00e8ge les h\u00e9lices des collisions.<\/li>\n<li> Augmente la s\u00e9curit\u00e9 des vols \u00e0 proximit\u00e9 de personnes et d'objets.<\/li>\n<li> Impact limit\u00e9 \u00e0 grande vitesse.<\/li>\n<li> Recommande de voler avec prudence.<\/li>\n<\/ul>","protected":false},"featured_media":3949,"template":"","meta":{"_acf_changed":false},"product_brand":[],"product_cat":[268,97,641,788],"product_tag":[],"class_list":{"0":"post-3958","1":"product","2":"type-product","3":"status-publish","4":"has-post-thumbnail","6":"product_cat-alle-accessoires","7":"product_cat-alle-producten","8":"product_cat-dji-inspire","9":"product_cat-dji-inspire-2","10":"product_shipping_class-outofstock","11":"pa_brand-dji","12":"pa_productfamily-propeller-bescherming","13":"pa_producttype-propeller-bescherming","14":"pa_series-inspire-2","16":"first","17":"outofstock","18":"taxable","19":"shipping-taxable","20":"purchasable","21":"product-type-simple"},"acf":[],"yoast_head":"<!-- This site is optimized with the Yoast SEO Premium plugin v27.2 (Yoast SEO v27.2) - https:\/\/yoast.com\/product\/yoast-seo-premium-wordpress\/ -->\n<title>Inspire 2 Propeller Guard - koningdrone.be<\/title>\n<meta name=\"robots\" content=\"index, follow, max-snippet:-1, max-image-preview:large, max-video-preview:-1\" \/>\n<link rel=\"canonical\" href=\"https:\/\/koningdrone.be\/fr\/produit\/inspire-2-propeller-guard\/\" \/>\n<meta property=\"og:locale\" content=\"fr_FR\" \/>\n<meta property=\"og:type\" content=\"article\" \/>\n<meta property=\"og:title\" content=\"Inspire 2 Propeller Guard\" \/>\n<meta property=\"og:description\" content=\"Vakkundig ontworpen propellerbeschermers. Gemaakt van 12k pure koolstofvezel en epoxyhars. 50 keer sterker dan standaard kunststoffen. 100 keer stijver dan standaard kunststoffen. Lichtgewicht en minimaal vervormbaar. Gemakkelijk te monteren en los te maken. Beschermt propellers tegen botsingen. Verhoogt de vliegveiligheid rond mensen en objecten. Beperkte impact bij hoge snelheden. Adviseert voorzichtig vliegen.\" \/>\n<meta property=\"og:url\" content=\"https:\/\/koningdrone.be\/fr\/produit\/inspire-2-propeller-guard\/\" \/>\n<meta property=\"og:site_name\" content=\"koningdrone.be\" \/>\n<meta property=\"article:modified_time\" content=\"2026-04-29T13:21:02+00:00\" \/>\n<meta property=\"og:image\" content=\"https:\/\/koningdrone.be\/wp-content\/uploads\/sites\/13\/2025\/04\/large_e2b9fb50-1c33-4c69-99b4-cb40139e8dee.jpg\" \/>\n\t<meta property=\"og:image:width\" content=\"1200\" \/>\n\t<meta property=\"og:image:height\" content=\"800\" \/>\n\t<meta property=\"og:image:type\" content=\"image\/jpeg\" \/>\n<meta name=\"twitter:card\" content=\"summary_large_image\" \/>\n<meta name=\"twitter:label1\" content=\"Dur\u00e9e de lecture est.\" \/>\n\t<meta name=\"twitter:data1\" content=\"2 minutes\" \/>\n<script type=\"application\/ld+json\" class=\"yoast-schema-graph\">{\"@context\":\"https:\/\/schema.org\",\"@graph\":[{\"@type\":\"WebPage\",\"@id\":\"https:\/\/koningdrone.be\/product\/inspire-2-propeller-guard\/\",\"url\":\"https:\/\/koningdrone.be\/product\/inspire-2-propeller-guard\/\",\"name\":\"Inspire 2 Propeller Guard - koningdrone.be\",\"isPartOf\":{\"@id\":\"https:\/\/koningdrone.be\/#website\"},\"primaryImageOfPage\":{\"@id\":\"https:\/\/koningdrone.be\/product\/inspire-2-propeller-guard\/#primaryimage\"},\"image\":{\"@id\":\"https:\/\/koningdrone.be\/product\/inspire-2-propeller-guard\/#primaryimage\"},\"thumbnailUrl\":\"https:\/\/koningdrone.be\/wp-content\/uploads\/sites\/13\/2025\/04\/large_e2b9fb50-1c33-4c69-99b4-cb40139e8dee.jpg\",\"datePublished\":\"2024-03-13T14:39:39+00:00\",\"dateModified\":\"2026-04-29T13:21:02+00:00\",\"breadcrumb\":{\"@id\":\"https:\/\/koningdrone.be\/product\/inspire-2-propeller-guard\/#breadcrumb\"},\"inLanguage\":\"fr-BE\",\"potentialAction\":[{\"@type\":\"ReadAction\",\"target\":[\"https:\/\/koningdrone.be\/product\/inspire-2-propeller-guard\/\"]}]},{\"@type\":\"ImageObject\",\"inLanguage\":\"fr-BE\",\"@id\":\"https:\/\/koningdrone.be\/product\/inspire-2-propeller-guard\/#primaryimage\",\"url\":\"https:\/\/koningdrone.be\/wp-content\/uploads\/sites\/13\/2025\/04\/large_e2b9fb50-1c33-4c69-99b4-cb40139e8dee.jpg\",\"contentUrl\":\"https:\/\/koningdrone.be\/wp-content\/uploads\/sites\/13\/2025\/04\/large_e2b9fb50-1c33-4c69-99b4-cb40139e8dee.jpg\",\"width\":1200,\"height\":800},{\"@type\":\"BreadcrumbList\",\"@id\":\"https:\/\/koningdrone.be\/product\/inspire-2-propeller-guard\/#breadcrumb\",\"itemListElement\":[{\"@type\":\"ListItem\",\"position\":1,\"name\":\"Home\",\"item\":\"https:\/\/koningdrone.be\/\"},{\"@type\":\"ListItem\",\"position\":2,\"name\":\"AVSS Parachute Recovery System for DJI Matrice 300\/350\",\"item\":\"https:\/\/koningdrone.be\/product\/avss-parachute-recovery-system-for-dji-matrice-300-350\/\"},{\"@type\":\"ListItem\",\"position\":3,\"name\":\"Alle accessoires\",\"item\":\"https:\/\/koningdrone.be\/categorie\/alle-accessoires\/\"},{\"@type\":\"ListItem\",\"position\":4,\"name\":\"Inspire 2 Propeller Guard\"}]},{\"@type\":\"WebSite\",\"@id\":\"https:\/\/koningdrone.be\/#website\",\"url\":\"https:\/\/koningdrone.be\/\",\"name\":\"Koningdrone.be - Uw online specialist in drones, gimbals, camera's en power stations.\",\"description\":\"De webshop in drones en gimbals\",\"publisher\":{\"@id\":\"https:\/\/koningdrone.be\/#organization\"},\"potentialAction\":[{\"@type\":\"SearchAction\",\"target\":{\"@type\":\"EntryPoint\",\"urlTemplate\":\"https:\/\/koningdrone.be\/?s={search_term_string}\"},\"query-input\":{\"@type\":\"PropertyValueSpecification\",\"valueRequired\":true,\"valueName\":\"search_term_string\"}}],\"inLanguage\":\"fr-BE\"},{\"@type\":\"Organization\",\"@id\":\"https:\/\/koningdrone.be\/#organization\",\"name\":\"Koningdrone.be\",\"url\":\"https:\/\/koningdrone.be\/\",\"logo\":{\"@type\":\"ImageObject\",\"inLanguage\":\"fr-BE\",\"@id\":\"https:\/\/koningdrone.be\/#\/schema\/logo\/image\/\",\"url\":\"https:\/\/koningdrone.be\/wp-content\/uploads\/sites\/13\/2025\/04\/koningdrone-copyright-logo.svg\",\"contentUrl\":\"https:\/\/koningdrone.be\/wp-content\/uploads\/sites\/13\/2025\/04\/koningdrone-copyright-logo.svg\",\"width\":227,\"height\":38,\"caption\":\"Koningdrone.be\"},\"image\":{\"@id\":\"https:\/\/koningdrone.be\/#\/schema\/logo\/image\/\"}}]}<\/script>\n<!-- \/ Yoast SEO Premium plugin. -->","yoast_head_json":{"title":"Inspire 2 Propeller Guard - koningdrone.be","robots":{"index":"index","follow":"follow","max-snippet":"max-snippet:-1","max-image-preview":"max-image-preview:large","max-video-preview":"max-video-preview:-1"},"canonical":"https:\/\/koningdrone.be\/fr\/produit\/inspire-2-propeller-guard\/","og_locale":"fr_FR","og_type":"article","og_title":"Inspire 2 Propeller Guard","og_description":"Vakkundig ontworpen propellerbeschermers. Gemaakt van 12k pure koolstofvezel en epoxyhars. 50 keer sterker dan standaard kunststoffen. 100 keer stijver dan standaard kunststoffen. Lichtgewicht en minimaal vervormbaar. Gemakkelijk te monteren en los te maken. Beschermt propellers tegen botsingen. Verhoogt de vliegveiligheid rond mensen en objecten. Beperkte impact bij hoge snelheden. Adviseert voorzichtig vliegen.","og_url":"https:\/\/koningdrone.be\/fr\/produit\/inspire-2-propeller-guard\/","og_site_name":"koningdrone.be","article_modified_time":"2026-04-29T13:21:02+00:00","og_image":[{"width":1200,"height":800,"url":"https:\/\/koningdrone.be\/wp-content\/uploads\/sites\/13\/2025\/04\/large_e2b9fb50-1c33-4c69-99b4-cb40139e8dee.jpg","type":"image\/jpeg"}],"twitter_card":"summary_large_image","twitter_misc":{"Dur\u00e9e de lecture est.":"2 minutes"},"schema":{"@context":"https:\/\/schema.org","@graph":[{"@type":"WebPage","@id":"https:\/\/koningdrone.be\/product\/inspire-2-propeller-guard\/","url":"https:\/\/koningdrone.be\/product\/inspire-2-propeller-guard\/","name":"Inspire 2 Propeller Guard - koningdrone.be","isPartOf":{"@id":"https:\/\/koningdrone.be\/#website"},"primaryImageOfPage":{"@id":"https:\/\/koningdrone.be\/product\/inspire-2-propeller-guard\/#primaryimage"},"image":{"@id":"https:\/\/koningdrone.be\/product\/inspire-2-propeller-guard\/#primaryimage"},"thumbnailUrl":"https:\/\/koningdrone.be\/wp-content\/uploads\/sites\/13\/2025\/04\/large_e2b9fb50-1c33-4c69-99b4-cb40139e8dee.jpg","datePublished":"2024-03-13T14:39:39+00:00","dateModified":"2026-04-29T13:21:02+00:00","breadcrumb":{"@id":"https:\/\/koningdrone.be\/product\/inspire-2-propeller-guard\/#breadcrumb"},"inLanguage":"fr-BE","potentialAction":[{"@type":"ReadAction","target":["https:\/\/koningdrone.be\/product\/inspire-2-propeller-guard\/"]}]},{"@type":"ImageObject","inLanguage":"fr-BE","@id":"https:\/\/koningdrone.be\/product\/inspire-2-propeller-guard\/#primaryimage","url":"https:\/\/koningdrone.be\/wp-content\/uploads\/sites\/13\/2025\/04\/large_e2b9fb50-1c33-4c69-99b4-cb40139e8dee.jpg","contentUrl":"https:\/\/koningdrone.be\/wp-content\/uploads\/sites\/13\/2025\/04\/large_e2b9fb50-1c33-4c69-99b4-cb40139e8dee.jpg","width":1200,"height":800},{"@type":"BreadcrumbList","@id":"https:\/\/koningdrone.be\/product\/inspire-2-propeller-guard\/#breadcrumb","itemListElement":[{"@type":"ListItem","position":1,"name":"Home","item":"https:\/\/koningdrone.be\/"},{"@type":"ListItem","position":2,"name":"AVSS Parachute Recovery System for DJI Matrice 300\/350","item":"https:\/\/koningdrone.be\/product\/avss-parachute-recovery-system-for-dji-matrice-300-350\/"},{"@type":"ListItem","position":3,"name":"Alle accessoires","item":"https:\/\/koningdrone.be\/categorie\/alle-accessoires\/"},{"@type":"ListItem","position":4,"name":"Inspire 2 Propeller Guard"}]},{"@type":"WebSite","@id":"https:\/\/koningdrone.be\/#website","url":"https:\/\/koningdrone.be\/","name":"Koningdrone.be - Votre sp\u00e9cialiste en ligne en mati\u00e8re de drones, de cardans, de cam\u00e9ras et de centrales \u00e9lectriques.","description":"La boutique en ligne de drones et de cardans","publisher":{"@id":"https:\/\/koningdrone.be\/#organization"},"potentialAction":[{"@type":"SearchAction","target":{"@type":"EntryPoint","urlTemplate":"https:\/\/koningdrone.be\/?s={search_term_string}"},"query-input":{"@type":"PropertyValueSpecification","valueRequired":true,"valueName":"search_term_string"}}],"inLanguage":"fr-BE"},{"@type":"Organization","@id":"https:\/\/koningdrone.be\/#organization","name":"Kingdrone.co.uk","url":"https:\/\/koningdrone.be\/","logo":{"@type":"ImageObject","inLanguage":"fr-BE","@id":"https:\/\/koningdrone.be\/#\/schema\/logo\/image\/","url":"https:\/\/koningdrone.be\/wp-content\/uploads\/sites\/13\/2025\/04\/koningdrone-copyright-logo.svg","contentUrl":"https:\/\/koningdrone.be\/wp-content\/uploads\/sites\/13\/2025\/04\/koningdrone-copyright-logo.svg","width":227,"height":38,"caption":"Koningdrone.be"},"image":{"@id":"https:\/\/koningdrone.be\/#\/schema\/logo\/image\/"}}]}},"df_price":185,"df_sale_price":"","df_regular_price":185,"df_image_link":"https:\/\/koningdrone.be\/wp-content\/uploads\/sites\/13\/2025\/04\/large_e2b9fb50-1c33-4c69-99b4-cb40139e8dee-300x200.jpg","_links":{"self":[{"href":"https:\/\/koningdrone.be\/fr\/wp-json\/wp\/v2\/product\/3958","targetHints":{"allow":["GET"]}}],"collection":[{"href":"https:\/\/koningdrone.be\/fr\/wp-json\/wp\/v2\/product"}],"about":[{"href":"https:\/\/koningdrone.be\/fr\/wp-json\/wp\/v2\/types\/product"}],"wp:featuredmedia":[{"embeddable":true,"href":"https:\/\/koningdrone.be\/fr\/wp-json\/wp\/v2\/media\/3949"}],"wp:attachment":[{"href":"https:\/\/koningdrone.be\/fr\/wp-json\/wp\/v2\/media?parent=3958"}],"wp:term":[{"taxonomy":"product_brand","embeddable":true,"href":"https:\/\/koningdrone.be\/fr\/wp-json\/wp\/v2\/product_brand?post=3958"},{"taxonomy":"product_cat","embeddable":true,"href":"https:\/\/koningdrone.be\/fr\/wp-json\/wp\/v2\/product_cat?post=3958"},{"taxonomy":"product_tag","embeddable":true,"href":"https:\/\/koningdrone.be\/fr\/wp-json\/wp\/v2\/product_tag?post=3958"}],"curies":[{"name":"wp","href":"https:\/\/api.w.org\/{rel}","templated":true}]}}