{"id":3942,"date":"2024-03-13T15:40:26","date_gmt":"2024-03-13T15:40:26","guid":{"rendered":"https:\/\/koningdrone.nl\/kon\/product\/matrice-300-series-dji-smart-controller-enterprise\/"},"modified":"2025-04-29T12:00:44","modified_gmt":"2025-04-29T12:00:44","slug":"matrice-300-series-dji-smart-controller-enterprise","status":"publish","type":"product","link":"https:\/\/koningdrone.be\/fr\/produit\/matrice-300-series-dji-smart-controller-enterprise\/","title":{"rendered":"Matrice 300 Series DJI Smart Controller Enterprise"},"content":{"rendered":"<p> Le DJI Smart Controller Enterprise repr\u00e9sente une avanc\u00e9e significative dans la technologie de contr\u00f4le des drones. Il incarne un m\u00e9lange d'innovation et de fonctionnalit\u00e9 con\u00e7u pour am\u00e9liorer l'efficacit\u00e9 et l'efficience des op\u00e9rations des drones dans une vari\u00e9t\u00e9 d'applications.<\/p>\n<p><strong>Moniteur int\u00e9gr\u00e9 de haute qualit\u00e9<\/strong><\/p>\n<p> Au c\u0153ur de la conception se trouve l'\u00e9cran de 5,5 pouces du contr\u00f4leur, avec une r\u00e9solution de 1080p offrant des images nettes et claires. Cet \u00e9cran haute r\u00e9solution est con\u00e7u pour \u00eatre clairement visible m\u00eame dans des conditions ext\u00e9rieures lumineuses et ensoleill\u00e9es, offrant aux op\u00e9rateurs une vue claire des images du drone en temps r\u00e9el, sans qu'il soit n\u00e9cessaire d'utiliser des moniteurs externes suppl\u00e9mentaires.<\/p>\n<p><strong>Fonctionnalit\u00e9 de double commande<\/strong><\/p>\n<p> L'une des caract\u00e9ristiques notables du DJI Smart Controller Enterprise est sa capacit\u00e9 de double contr\u00f4le. Cette fonction innovante permet \u00e0 deux op\u00e9rateurs de contr\u00f4ler simultan\u00e9ment un drone, ce qui am\u00e9liore consid\u00e9rablement la collaboration. Outil essentiel pour les missions n\u00e9cessitant un contr\u00f4le et une coordination pr\u00e9cis, il offre un nouveau niveau de travail d'\u00e9quipe et de flexibilit\u00e9 op\u00e9rationnelle sur le terrain.<\/p>\n<p><strong>Transfert de contr\u00f4le en toute transparence<\/strong><\/p>\n<p> La flexibilit\u00e9 offerte par la fonction de double contr\u00f4le du contr\u00f4leur est encore renforc\u00e9e par la possibilit\u00e9 de transf\u00e9rer en toute transparence le contr\u00f4le du drone ou de l'\u00e9quipement connect\u00e9 \u00e0 deux op\u00e9rateurs. Cette capacit\u00e9 favorise un environnement collaboratif dans lequel les t\u00e2ches peuvent \u00eatre d\u00e9l\u00e9gu\u00e9es et g\u00e9r\u00e9es de mani\u00e8re dynamique, ce qui am\u00e9liore consid\u00e9rablement l'efficacit\u00e9 du travail d'\u00e9quipe et le r\u00e9sultat global des op\u00e9rations.<\/p>\n<p><strong>Conclusion<\/strong><\/p>\n<p> Combinant un moniteur int\u00e9gr\u00e9 de haute qualit\u00e9, une fonctionnalit\u00e9 de double contr\u00f4le et des capacit\u00e9s de transfert de contr\u00f4le transparentes, le DJI Smart Controller Enterprise est con\u00e7u pour r\u00e9pondre aux exigences d'un large \u00e9ventail d'applications de drones. C'est un outil id\u00e9al pour am\u00e9liorer l'efficacit\u00e9 op\u00e9rationnelle et la flexibilit\u00e9, ce qui en fait un atout pr\u00e9cieux pour toute \u00e9quipe d'exploitation de drones.<\/p>\n<p><\/p>","protected":false},"excerpt":{"rendered":"<ul>\n<li>Moniteur int\u00e9gr\u00e9 de 5,5 pouces 1080p \u00e0 haute luminosit\u00e9.<\/li>\n<li> Clairement visible \u00e0 la lumi\u00e8re du soleil \u00e0 l'ext\u00e9rieur.<\/li>\n<li> Mode double commande avanc\u00e9 pour le travail en \u00e9quipe.<\/li>\n<li> Permet de passer d'un op\u00e9rateur \u00e0 l'autre pour le contr\u00f4le d'un drone ou d'une cargaison.<\/li>\n<\/ul>","protected":false},"featured_media":3939,"template":"","meta":{"_acf_changed":false},"product_brand":[],"product_cat":[122,97,426,152,624],"product_tag":[],"class_list":{"0":"post-3942","1":"product","2":"type-product","3":"status-publish","4":"has-post-thumbnail","6":"product_cat-alle-afstandsbedieningen","7":"product_cat-alle-producten","8":"product_cat-dji-matrice","9":"product_cat-dji-matrice-300","10":"product_cat-enterprise-accessoires","11":"pa_brand-dji","12":"pa_productfamily-afstandsbediening","13":"pa_producttype-afstandsbediening","14":"pa_series-matrice-300","16":"first","17":"instock","18":"taxable","19":"shipping-taxable","20":"product-type-simple"},"acf":[],"yoast_head":"<!-- This site is optimized with the Yoast SEO Premium plugin v27.2 (Yoast SEO v27.2) - https:\/\/yoast.com\/product\/yoast-seo-premium-wordpress\/ -->\n<title>Matrice 300 Series DJI Smart Controller Enterprise - koningdrone.be<\/title>\n<meta name=\"robots\" content=\"index, follow, max-snippet:-1, max-image-preview:large, max-video-preview:-1\" \/>\n<link rel=\"canonical\" href=\"https:\/\/koningdrone.be\/fr\/produit\/matrice-300-series-dji-smart-controller-enterprise\/\" \/>\n<meta property=\"og:locale\" content=\"fr_FR\" \/>\n<meta property=\"og:type\" content=\"article\" \/>\n<meta property=\"og:title\" content=\"Matrice 300 Series DJI Smart Controller Enterprise\" \/>\n<meta property=\"og:description\" content=\"Ge\u00efntegreerde 5,5-inch 1080p-monitor met hoge helderheid. Duidelijk zichtbaar in zonlicht buiten. Geavanceerde dual-control-modus voor teamwerk. Ondersteunt besturingsschakeling voor drone of lading tussen operators.\" \/>\n<meta property=\"og:url\" content=\"https:\/\/koningdrone.be\/fr\/produit\/matrice-300-series-dji-smart-controller-enterprise\/\" \/>\n<meta property=\"og:site_name\" content=\"koningdrone.be\" \/>\n<meta property=\"article:modified_time\" content=\"2025-04-29T12:00:44+00:00\" \/>\n<meta property=\"og:image\" content=\"https:\/\/koningdrone.be\/wp-content\/uploads\/sites\/13\/2025\/04\/a3cda5832dd4e28a9c56b208f58fb340@large.jpg\" \/>\n\t<meta property=\"og:image:width\" content=\"1200\" \/>\n\t<meta property=\"og:image:height\" content=\"800\" \/>\n\t<meta property=\"og:image:type\" content=\"image\/jpeg\" \/>\n<meta name=\"twitter:card\" content=\"summary_large_image\" \/>\n<meta name=\"twitter:label1\" content=\"Dur\u00e9e de lecture est.\" \/>\n\t<meta name=\"twitter:data1\" content=\"1 minute\" \/>\n<script type=\"application\/ld+json\" class=\"yoast-schema-graph\">{\"@context\":\"https:\/\/schema.org\",\"@graph\":[{\"@type\":\"WebPage\",\"@id\":\"https:\/\/koningdrone.be\/product\/matrice-300-series-dji-smart-controller-enterprise\/\",\"url\":\"https:\/\/koningdrone.be\/product\/matrice-300-series-dji-smart-controller-enterprise\/\",\"name\":\"Matrice 300 Series DJI Smart Controller Enterprise - koningdrone.be\",\"isPartOf\":{\"@id\":\"https:\/\/koningdrone.be\/#website\"},\"primaryImageOfPage\":{\"@id\":\"https:\/\/koningdrone.be\/product\/matrice-300-series-dji-smart-controller-enterprise\/#primaryimage\"},\"image\":{\"@id\":\"https:\/\/koningdrone.be\/product\/matrice-300-series-dji-smart-controller-enterprise\/#primaryimage\"},\"thumbnailUrl\":\"https:\/\/koningdrone.be\/wp-content\/uploads\/sites\/13\/2025\/04\/a3cda5832dd4e28a9c56b208f58fb340@large.jpg\",\"datePublished\":\"2024-03-13T15:40:26+00:00\",\"dateModified\":\"2025-04-29T12:00:44+00:00\",\"breadcrumb\":{\"@id\":\"https:\/\/koningdrone.be\/product\/matrice-300-series-dji-smart-controller-enterprise\/#breadcrumb\"},\"inLanguage\":\"fr-BE\",\"potentialAction\":[{\"@type\":\"ReadAction\",\"target\":[\"https:\/\/koningdrone.be\/product\/matrice-300-series-dji-smart-controller-enterprise\/\"]}]},{\"@type\":\"ImageObject\",\"inLanguage\":\"fr-BE\",\"@id\":\"https:\/\/koningdrone.be\/product\/matrice-300-series-dji-smart-controller-enterprise\/#primaryimage\",\"url\":\"https:\/\/koningdrone.be\/wp-content\/uploads\/sites\/13\/2025\/04\/a3cda5832dd4e28a9c56b208f58fb340@large.jpg\",\"contentUrl\":\"https:\/\/koningdrone.be\/wp-content\/uploads\/sites\/13\/2025\/04\/a3cda5832dd4e28a9c56b208f58fb340@large.jpg\",\"width\":1200,\"height\":800},{\"@type\":\"BreadcrumbList\",\"@id\":\"https:\/\/koningdrone.be\/product\/matrice-300-series-dji-smart-controller-enterprise\/#breadcrumb\",\"itemListElement\":[{\"@type\":\"ListItem\",\"position\":1,\"name\":\"Home\",\"item\":\"https:\/\/koningdrone.be\/\"},{\"@type\":\"ListItem\",\"position\":2,\"name\":\"AVSS Parachute Recovery System for DJI Matrice 300\/350\",\"item\":\"https:\/\/koningdrone.be\/product\/avss-parachute-recovery-system-for-dji-matrice-300-350\/\"},{\"@type\":\"ListItem\",\"position\":3,\"name\":\"Alle afstandsbedieningen\",\"item\":\"https:\/\/koningdrone.be\/categorie\/alle-afstandsbedieningen\/\"},{\"@type\":\"ListItem\",\"position\":4,\"name\":\"Matrice 300 Series DJI Smart Controller Enterprise\"}]},{\"@type\":\"WebSite\",\"@id\":\"https:\/\/koningdrone.be\/#website\",\"url\":\"https:\/\/koningdrone.be\/\",\"name\":\"Koningdrone.be - Uw online specialist in drones, gimbals, camera's en power stations.\",\"description\":\"De webshop in drones en gimbals\",\"publisher\":{\"@id\":\"https:\/\/koningdrone.be\/#organization\"},\"potentialAction\":[{\"@type\":\"SearchAction\",\"target\":{\"@type\":\"EntryPoint\",\"urlTemplate\":\"https:\/\/koningdrone.be\/?s={search_term_string}\"},\"query-input\":{\"@type\":\"PropertyValueSpecification\",\"valueRequired\":true,\"valueName\":\"search_term_string\"}}],\"inLanguage\":\"fr-BE\"},{\"@type\":\"Organization\",\"@id\":\"https:\/\/koningdrone.be\/#organization\",\"name\":\"Koningdrone.be\",\"url\":\"https:\/\/koningdrone.be\/\",\"logo\":{\"@type\":\"ImageObject\",\"inLanguage\":\"fr-BE\",\"@id\":\"https:\/\/koningdrone.be\/#\/schema\/logo\/image\/\",\"url\":\"https:\/\/koningdrone.be\/wp-content\/uploads\/sites\/13\/2025\/04\/koningdrone-copyright-logo.svg\",\"contentUrl\":\"https:\/\/koningdrone.be\/wp-content\/uploads\/sites\/13\/2025\/04\/koningdrone-copyright-logo.svg\",\"width\":227,\"height\":38,\"caption\":\"Koningdrone.be\"},\"image\":{\"@id\":\"https:\/\/koningdrone.be\/#\/schema\/logo\/image\/\"}}]}<\/script>\n<!-- \/ Yoast SEO Premium plugin. -->","yoast_head_json":{"title":"Matrice 300 Series DJI Smart Controller Enterprise - koningdrone.be","robots":{"index":"index","follow":"follow","max-snippet":"max-snippet:-1","max-image-preview":"max-image-preview:large","max-video-preview":"max-video-preview:-1"},"canonical":"https:\/\/koningdrone.be\/fr\/produit\/matrice-300-series-dji-smart-controller-enterprise\/","og_locale":"fr_FR","og_type":"article","og_title":"Matrice 300 Series DJI Smart Controller Enterprise","og_description":"Ge\u00efntegreerde 5,5-inch 1080p-monitor met hoge helderheid. Duidelijk zichtbaar in zonlicht buiten. Geavanceerde dual-control-modus voor teamwerk. Ondersteunt besturingsschakeling voor drone of lading tussen operators.","og_url":"https:\/\/koningdrone.be\/fr\/produit\/matrice-300-series-dji-smart-controller-enterprise\/","og_site_name":"koningdrone.be","article_modified_time":"2025-04-29T12:00:44+00:00","og_image":[{"width":1200,"height":800,"url":"https:\/\/koningdrone.be\/wp-content\/uploads\/sites\/13\/2025\/04\/a3cda5832dd4e28a9c56b208f58fb340@large.jpg","type":"image\/jpeg"}],"twitter_card":"summary_large_image","twitter_misc":{"Dur\u00e9e de lecture est.":"1 minute"},"schema":{"@context":"https:\/\/schema.org","@graph":[{"@type":"WebPage","@id":"https:\/\/koningdrone.be\/product\/matrice-300-series-dji-smart-controller-enterprise\/","url":"https:\/\/koningdrone.be\/product\/matrice-300-series-dji-smart-controller-enterprise\/","name":"Matrice 300 Series DJI Smart Controller Enterprise - koningdrone.be","isPartOf":{"@id":"https:\/\/koningdrone.be\/#website"},"primaryImageOfPage":{"@id":"https:\/\/koningdrone.be\/product\/matrice-300-series-dji-smart-controller-enterprise\/#primaryimage"},"image":{"@id":"https:\/\/koningdrone.be\/product\/matrice-300-series-dji-smart-controller-enterprise\/#primaryimage"},"thumbnailUrl":"https:\/\/koningdrone.be\/wp-content\/uploads\/sites\/13\/2025\/04\/a3cda5832dd4e28a9c56b208f58fb340@large.jpg","datePublished":"2024-03-13T15:40:26+00:00","dateModified":"2025-04-29T12:00:44+00:00","breadcrumb":{"@id":"https:\/\/koningdrone.be\/product\/matrice-300-series-dji-smart-controller-enterprise\/#breadcrumb"},"inLanguage":"fr-BE","potentialAction":[{"@type":"ReadAction","target":["https:\/\/koningdrone.be\/product\/matrice-300-series-dji-smart-controller-enterprise\/"]}]},{"@type":"ImageObject","inLanguage":"fr-BE","@id":"https:\/\/koningdrone.be\/product\/matrice-300-series-dji-smart-controller-enterprise\/#primaryimage","url":"https:\/\/koningdrone.be\/wp-content\/uploads\/sites\/13\/2025\/04\/a3cda5832dd4e28a9c56b208f58fb340@large.jpg","contentUrl":"https:\/\/koningdrone.be\/wp-content\/uploads\/sites\/13\/2025\/04\/a3cda5832dd4e28a9c56b208f58fb340@large.jpg","width":1200,"height":800},{"@type":"BreadcrumbList","@id":"https:\/\/koningdrone.be\/product\/matrice-300-series-dji-smart-controller-enterprise\/#breadcrumb","itemListElement":[{"@type":"ListItem","position":1,"name":"Home","item":"https:\/\/koningdrone.be\/"},{"@type":"ListItem","position":2,"name":"AVSS Parachute Recovery System for DJI Matrice 300\/350","item":"https:\/\/koningdrone.be\/product\/avss-parachute-recovery-system-for-dji-matrice-300-350\/"},{"@type":"ListItem","position":3,"name":"Alle afstandsbedieningen","item":"https:\/\/koningdrone.be\/categorie\/alle-afstandsbedieningen\/"},{"@type":"ListItem","position":4,"name":"Matrice 300 Series DJI Smart Controller Enterprise"}]},{"@type":"WebSite","@id":"https:\/\/koningdrone.be\/#website","url":"https:\/\/koningdrone.be\/","name":"Koningdrone.be - Votre sp\u00e9cialiste en ligne en mati\u00e8re de drones, de cardans, de cam\u00e9ras et de centrales \u00e9lectriques.","description":"La boutique en ligne de drones et de cardans","publisher":{"@id":"https:\/\/koningdrone.be\/#organization"},"potentialAction":[{"@type":"SearchAction","target":{"@type":"EntryPoint","urlTemplate":"https:\/\/koningdrone.be\/?s={search_term_string}"},"query-input":{"@type":"PropertyValueSpecification","valueRequired":true,"valueName":"search_term_string"}}],"inLanguage":"fr-BE"},{"@type":"Organization","@id":"https:\/\/koningdrone.be\/#organization","name":"Kingdrone.co.uk","url":"https:\/\/koningdrone.be\/","logo":{"@type":"ImageObject","inLanguage":"fr-BE","@id":"https:\/\/koningdrone.be\/#\/schema\/logo\/image\/","url":"https:\/\/koningdrone.be\/wp-content\/uploads\/sites\/13\/2025\/04\/koningdrone-copyright-logo.svg","contentUrl":"https:\/\/koningdrone.be\/wp-content\/uploads\/sites\/13\/2025\/04\/koningdrone-copyright-logo.svg","width":227,"height":38,"caption":"Koningdrone.be"},"image":{"@id":"https:\/\/koningdrone.be\/#\/schema\/logo\/image\/"}}]}},"df_price":"","df_sale_price":"","df_regular_price":"","df_image_link":"https:\/\/koningdrone.be\/wp-content\/uploads\/sites\/13\/2025\/04\/a3cda5832dd4e28a9c56b208f58fb340@large-300x200.jpg","_links":{"self":[{"href":"https:\/\/koningdrone.be\/fr\/wp-json\/wp\/v2\/product\/3942","targetHints":{"allow":["GET"]}}],"collection":[{"href":"https:\/\/koningdrone.be\/fr\/wp-json\/wp\/v2\/product"}],"about":[{"href":"https:\/\/koningdrone.be\/fr\/wp-json\/wp\/v2\/types\/product"}],"wp:featuredmedia":[{"embeddable":true,"href":"https:\/\/koningdrone.be\/fr\/wp-json\/wp\/v2\/media\/3939"}],"wp:attachment":[{"href":"https:\/\/koningdrone.be\/fr\/wp-json\/wp\/v2\/media?parent=3942"}],"wp:term":[{"taxonomy":"product_brand","embeddable":true,"href":"https:\/\/koningdrone.be\/fr\/wp-json\/wp\/v2\/product_brand?post=3942"},{"taxonomy":"product_cat","embeddable":true,"href":"https:\/\/koningdrone.be\/fr\/wp-json\/wp\/v2\/product_cat?post=3942"},{"taxonomy":"product_tag","embeddable":true,"href":"https:\/\/koningdrone.be\/fr\/wp-json\/wp\/v2\/product_tag?post=3942"}],"curies":[{"name":"wp","href":"https:\/\/api.w.org\/{rel}","templated":true}]}}