{"id":3915,"date":"2024-03-13T15:42:58","date_gmt":"2024-03-13T15:42:58","guid":{"rendered":"https:\/\/koningdrone.nl\/kon\/product\/dji-goggles-2-motion-combo\/"},"modified":"2025-04-29T11:59:49","modified_gmt":"2025-04-29T11:59:49","slug":"dji-goggles-2-motion-combo","status":"publish","type":"product","link":"https:\/\/koningdrone.be\/fr\/produit\/dji-goggles-2-motion-combo\/","title":{"rendered":"DJI Goggles 2 Motion Combo"},"content":{"rendered":"<p><strong>Introduction aux lunettes DJI 2<\/strong><\/p>\n<p> Les DJI Goggles 2 sont con\u00e7ues de mani\u00e8re innovante pour am\u00e9liorer vos exp\u00e9riences de vol et de visionnage de vid\u00e9os avec un drone. Gr\u00e2ce \u00e0 leur construction l\u00e9g\u00e8re et confortable, elles sont con\u00e7ues pour une utilisation \u00e0 long terme, afin que vous puissiez profiter de vos activit\u00e9s sans inconfort.<\/p>\n<p><strong>\u00c9crans Micro-OLED haute d\u00e9finition<\/strong><\/p>\n<p> Avec deux \u00e9crans haute d\u00e9finition utilisant la technologie Micro-OLED, les DJI Goggles 2 offrent une r\u00e9solution de 1080p pour chaque \u0153il. Ils peuvent rafra\u00eechir les images jusqu'\u00e0 100 fois par seconde (100 Hz)*, ce qui permet d'obtenir des couleurs vives et des ombres nuanc\u00e9es pour une exp\u00e9rience visuelle r\u00e9aliste.<\/p>\n<p><strong>Possibilit\u00e9 d'ajustement de la vision<\/strong><\/p>\n<p> L'un des principaux avantages des DJI Goggles 2 est sa fonction int\u00e9gr\u00e9e d'ajustement du visage, qui couvre une plage de -8,0 D \u00e0 +2,0 D. Cette flexibilit\u00e9 garantit que la plupart des personnes peuvent utiliser les lunettes sans avoir besoin de lunettes de vue, ce qui rend l'exp\u00e9rience parfaitement inclusive.<\/p>\n<p><strong>Technologie avanc\u00e9e de transmission vid\u00e9o O3<\/strong><\/p>\n<p> L'int\u00e9gration de la technologie de transmission vid\u00e9o O3+ de DJI r\u00e9duit consid\u00e9rablement le temps de latence entre la cam\u00e9ra du drone et ce que vous voyez \u00e0 travers les lunettes. Cette avanc\u00e9e am\u00e9liore non seulement l'exp\u00e9rience de vol immersive, mais permet \u00e9galement aux pilotes de capturer les images qu'ils souhaitent avec pr\u00e9cision.<\/p>\n<p><strong>Wi-Fi Diffusion en continu sans fil<\/strong><\/p>\n<p> Au-del\u00e0 du pilotage de drone, les DJI Goggles 2 prennent en charge le streaming Wi-Fi sans fil. Le protocole DLNA permet aux utilisateurs de se connecter \u00e0 une vari\u00e9t\u00e9 de services de streaming vid\u00e9o, leur donnant acc\u00e8s \u00e0 un large \u00e9ventail de contenus pour le divertissement.<\/p>\n<p><strong>Exp\u00e9rience audio immersive<\/strong><\/p>\n<p> Pour compl\u00e9ter l'excellence visuelle, les lunettes sont dot\u00e9es d'un amplificateur de puissance int\u00e9gr\u00e9 et d'un port audio de 3,5 mm. Ce dernier permet de connecter un casque ou des haut-parleurs afin que le son soit parfaitement synchronis\u00e9 avec les images, pour une exp\u00e9rience audiovisuelle immersive.<\/p>\n<p><strong>Commentaire<\/strong><\/p>\n<p> *Le taux de rafra\u00eechissement r\u00e9el peut fluctuer entre 100 Hz et 60 Hz et est ajust\u00e9 en fonction de la fr\u00e9quence d'images de la vid\u00e9o envoy\u00e9e aux lunettes afin d'optimiser l'exp\u00e9rience visuelle.<\/p>\n<p><\/p>","protected":false},"excerpt":{"rendered":"<ul>\n<li>Conception l\u00e9g\u00e8re et portable pour un transport confortable<\/li>\n<li> Deux \u00e9crans Micro-OLED 1080p<\/li>\n<li> Taux de rafra\u00eechissement jusqu'\u00e0 100 Hz pour des images fluides<\/li>\n<li> L'\u00e9cran 10 bits am\u00e9lior\u00e9 offre des couleurs r\u00e9alistes<\/li>\n<li> Permet le r\u00e9glage de la dioptrie de -8,0 D \u00e0 +2,0 D<\/li>\n<li> Transmission vid\u00e9o DJI O3+ avec latence ultra-faible<\/li>\n<li> Permet des exp\u00e9riences de vol et de photographie a\u00e9rienne immersives<\/li>\n<li> Streaming Wi-Fi sans fil via le protocole DLNA<\/li>\n<li> Comprend un amplificateur de puissance et un port audio de 3,5 mm pour un son immersif<\/li>\n<li> Le taux de rafra\u00eechissement s'ajuste entre 100 Hz et 60 Hz en fonction de la fr\u00e9quence des images vid\u00e9o.<\/li>\n<\/ul>","protected":false},"featured_media":3912,"template":"","meta":{"_acf_changed":false},"product_brand":[],"product_cat":[731,97,733],"product_tag":[],"class_list":{"0":"post-3915","1":"product","2":"type-product","3":"status-publish","4":"has-post-thumbnail","6":"product_cat-alle-goggles","7":"product_cat-alle-producten","8":"product_cat-dji-goggles","9":"pa_brand-dji","10":"pa_productfamily-goggles","11":"pa_producttype-goggles","13":"first","14":"instock","15":"taxable","16":"shipping-taxable","17":"product-type-simple"},"acf":[],"yoast_head":"<!-- This site is optimized with the Yoast SEO Premium plugin v27.2 (Yoast SEO v27.2) - https:\/\/yoast.com\/product\/yoast-seo-premium-wordpress\/ -->\n<title>DJI Goggles 2 Motion Combo - koningdrone.be<\/title>\n<meta name=\"robots\" content=\"index, follow, max-snippet:-1, max-image-preview:large, max-video-preview:-1\" \/>\n<link rel=\"canonical\" href=\"https:\/\/koningdrone.be\/fr\/produit\/dji-goggles-2-motion-combo\/\" \/>\n<meta property=\"og:locale\" content=\"fr_FR\" \/>\n<meta property=\"og:type\" content=\"article\" \/>\n<meta property=\"og:title\" content=\"DJI Goggles 2 Motion Combo\" \/>\n<meta property=\"og:description\" content=\"Lichtgewicht, draagbaar ontwerp voor comfortabel dragen Beschikt over twee 1080p Micro-OLED-schermen Vernieuwingssnelheid tot 100 Hz voor vloeiende beelden Verbeterde 10-bits weergave biedt levensechte kleuren Ondersteunt dioptrie-aanpassing van -8,0 D tot +2,0 D DJI O3+ videotransmissie met ultralage latentie Maakt meeslepende vlieg- en luchtfotografie-ervaringen mogelijk Draadloze Wi-Fi-streaming via DLNA-protocol Inclusief eindversterker en 3,5 mm audiopoort voor meeslepende audio De vernieuwingsfrequentie past zich aan tussen 100 Hz en 60 Hz op basis van de videoframesnelheid\" \/>\n<meta property=\"og:url\" content=\"https:\/\/koningdrone.be\/fr\/produit\/dji-goggles-2-motion-combo\/\" \/>\n<meta property=\"og:site_name\" content=\"koningdrone.be\" \/>\n<meta property=\"article:modified_time\" content=\"2025-04-29T11:59:49+00:00\" \/>\n<meta property=\"og:image\" content=\"https:\/\/koningdrone.be\/wp-content\/uploads\/sites\/13\/2025\/04\/13d1aed9561a1a416b35af701b2bdb84@large.jpg\" \/>\n\t<meta property=\"og:image:width\" content=\"1200\" \/>\n\t<meta property=\"og:image:height\" content=\"800\" \/>\n\t<meta property=\"og:image:type\" content=\"image\/jpeg\" \/>\n<meta name=\"twitter:card\" content=\"summary_large_image\" \/>\n<meta name=\"twitter:label1\" content=\"Dur\u00e9e de lecture est.\" \/>\n\t<meta name=\"twitter:data1\" content=\"2 minutes\" \/>\n<script type=\"application\/ld+json\" class=\"yoast-schema-graph\">{\"@context\":\"https:\/\/schema.org\",\"@graph\":[{\"@type\":\"WebPage\",\"@id\":\"https:\/\/koningdrone.be\/en\/product\/dji-goggles-2-motion-combo\/\",\"url\":\"https:\/\/koningdrone.be\/en\/product\/dji-goggles-2-motion-combo\/\",\"name\":\"DJI Goggles 2 Motion Combo - koningdrone.be\",\"isPartOf\":{\"@id\":\"https:\/\/koningdrone.be\/#website\"},\"primaryImageOfPage\":{\"@id\":\"https:\/\/koningdrone.be\/en\/product\/dji-goggles-2-motion-combo\/#primaryimage\"},\"image\":{\"@id\":\"https:\/\/koningdrone.be\/en\/product\/dji-goggles-2-motion-combo\/#primaryimage\"},\"thumbnailUrl\":\"https:\/\/koningdrone.be\/wp-content\/uploads\/sites\/13\/2025\/04\/13d1aed9561a1a416b35af701b2bdb84@large.jpg\",\"datePublished\":\"2024-03-13T15:42:58+00:00\",\"dateModified\":\"2025-04-29T11:59:49+00:00\",\"breadcrumb\":{\"@id\":\"https:\/\/koningdrone.be\/en\/product\/dji-goggles-2-motion-combo\/#breadcrumb\"},\"inLanguage\":\"fr-BE\",\"potentialAction\":[{\"@type\":\"ReadAction\",\"target\":[\"https:\/\/koningdrone.be\/en\/product\/dji-goggles-2-motion-combo\/\"]}]},{\"@type\":\"ImageObject\",\"inLanguage\":\"fr-BE\",\"@id\":\"https:\/\/koningdrone.be\/en\/product\/dji-goggles-2-motion-combo\/#primaryimage\",\"url\":\"https:\/\/koningdrone.be\/wp-content\/uploads\/sites\/13\/2025\/04\/13d1aed9561a1a416b35af701b2bdb84@large.jpg\",\"contentUrl\":\"https:\/\/koningdrone.be\/wp-content\/uploads\/sites\/13\/2025\/04\/13d1aed9561a1a416b35af701b2bdb84@large.jpg\",\"width\":1200,\"height\":800},{\"@type\":\"BreadcrumbList\",\"@id\":\"https:\/\/koningdrone.be\/en\/product\/dji-goggles-2-motion-combo\/#breadcrumb\",\"itemListElement\":[{\"@type\":\"ListItem\",\"position\":1,\"name\":\"Home\",\"item\":\"https:\/\/koningdrone.be\/\"},{\"@type\":\"ListItem\",\"position\":2,\"name\":\"AVSS Parachute Recovery System for DJI Matrice 300\/350\",\"item\":\"https:\/\/koningdrone.be\/product\/avss-parachute-recovery-system-for-dji-matrice-300-350\/\"},{\"@type\":\"ListItem\",\"position\":3,\"name\":\"Alle goggles\",\"item\":\"https:\/\/koningdrone.be\/categorie\/alle-goggles\/\"},{\"@type\":\"ListItem\",\"position\":4,\"name\":\"DJI Goggles 2 Motion Combo\"}]},{\"@type\":\"WebSite\",\"@id\":\"https:\/\/koningdrone.be\/#website\",\"url\":\"https:\/\/koningdrone.be\/\",\"name\":\"Koningdrone.be - Uw online specialist in drones, gimbals, camera's en power stations.\",\"description\":\"De webshop in drones en gimbals\",\"publisher\":{\"@id\":\"https:\/\/koningdrone.be\/#organization\"},\"potentialAction\":[{\"@type\":\"SearchAction\",\"target\":{\"@type\":\"EntryPoint\",\"urlTemplate\":\"https:\/\/koningdrone.be\/?s={search_term_string}\"},\"query-input\":{\"@type\":\"PropertyValueSpecification\",\"valueRequired\":true,\"valueName\":\"search_term_string\"}}],\"inLanguage\":\"fr-BE\"},{\"@type\":\"Organization\",\"@id\":\"https:\/\/koningdrone.be\/#organization\",\"name\":\"Koningdrone.be\",\"url\":\"https:\/\/koningdrone.be\/\",\"logo\":{\"@type\":\"ImageObject\",\"inLanguage\":\"fr-BE\",\"@id\":\"https:\/\/koningdrone.be\/#\/schema\/logo\/image\/\",\"url\":\"https:\/\/koningdrone.be\/wp-content\/uploads\/sites\/13\/2025\/04\/koningdrone-copyright-logo.svg\",\"contentUrl\":\"https:\/\/koningdrone.be\/wp-content\/uploads\/sites\/13\/2025\/04\/koningdrone-copyright-logo.svg\",\"width\":227,\"height\":38,\"caption\":\"Koningdrone.be\"},\"image\":{\"@id\":\"https:\/\/koningdrone.be\/#\/schema\/logo\/image\/\"}}]}<\/script>\n<!-- \/ Yoast SEO Premium plugin. -->","yoast_head_json":{"title":"DJI Goggles 2 Motion Combo - koningdrone.be","robots":{"index":"index","follow":"follow","max-snippet":"max-snippet:-1","max-image-preview":"max-image-preview:large","max-video-preview":"max-video-preview:-1"},"canonical":"https:\/\/koningdrone.be\/fr\/produit\/dji-goggles-2-motion-combo\/","og_locale":"fr_FR","og_type":"article","og_title":"DJI Goggles 2 Motion Combo","og_description":"Lichtgewicht, draagbaar ontwerp voor comfortabel dragen Beschikt over twee 1080p Micro-OLED-schermen Vernieuwingssnelheid tot 100 Hz voor vloeiende beelden Verbeterde 10-bits weergave biedt levensechte kleuren Ondersteunt dioptrie-aanpassing van -8,0 D tot +2,0 D DJI O3+ videotransmissie met ultralage latentie Maakt meeslepende vlieg- en luchtfotografie-ervaringen mogelijk Draadloze Wi-Fi-streaming via DLNA-protocol Inclusief eindversterker en 3,5 mm audiopoort voor meeslepende audio De vernieuwingsfrequentie past zich aan tussen 100 Hz en 60 Hz op basis van de videoframesnelheid","og_url":"https:\/\/koningdrone.be\/fr\/produit\/dji-goggles-2-motion-combo\/","og_site_name":"koningdrone.be","article_modified_time":"2025-04-29T11:59:49+00:00","og_image":[{"width":1200,"height":800,"url":"https:\/\/koningdrone.be\/wp-content\/uploads\/sites\/13\/2025\/04\/13d1aed9561a1a416b35af701b2bdb84@large.jpg","type":"image\/jpeg"}],"twitter_card":"summary_large_image","twitter_misc":{"Dur\u00e9e de lecture est.":"2 minutes"},"schema":{"@context":"https:\/\/schema.org","@graph":[{"@type":"WebPage","@id":"https:\/\/koningdrone.be\/en\/product\/dji-goggles-2-motion-combo\/","url":"https:\/\/koningdrone.be\/en\/product\/dji-goggles-2-motion-combo\/","name":"DJI Goggles 2 Motion Combo - koningdrone.be","isPartOf":{"@id":"https:\/\/koningdrone.be\/#website"},"primaryImageOfPage":{"@id":"https:\/\/koningdrone.be\/en\/product\/dji-goggles-2-motion-combo\/#primaryimage"},"image":{"@id":"https:\/\/koningdrone.be\/en\/product\/dji-goggles-2-motion-combo\/#primaryimage"},"thumbnailUrl":"https:\/\/koningdrone.be\/wp-content\/uploads\/sites\/13\/2025\/04\/13d1aed9561a1a416b35af701b2bdb84@large.jpg","datePublished":"2024-03-13T15:42:58+00:00","dateModified":"2025-04-29T11:59:49+00:00","breadcrumb":{"@id":"https:\/\/koningdrone.be\/en\/product\/dji-goggles-2-motion-combo\/#breadcrumb"},"inLanguage":"fr-BE","potentialAction":[{"@type":"ReadAction","target":["https:\/\/koningdrone.be\/en\/product\/dji-goggles-2-motion-combo\/"]}]},{"@type":"ImageObject","inLanguage":"fr-BE","@id":"https:\/\/koningdrone.be\/en\/product\/dji-goggles-2-motion-combo\/#primaryimage","url":"https:\/\/koningdrone.be\/wp-content\/uploads\/sites\/13\/2025\/04\/13d1aed9561a1a416b35af701b2bdb84@large.jpg","contentUrl":"https:\/\/koningdrone.be\/wp-content\/uploads\/sites\/13\/2025\/04\/13d1aed9561a1a416b35af701b2bdb84@large.jpg","width":1200,"height":800},{"@type":"BreadcrumbList","@id":"https:\/\/koningdrone.be\/en\/product\/dji-goggles-2-motion-combo\/#breadcrumb","itemListElement":[{"@type":"ListItem","position":1,"name":"Home","item":"https:\/\/koningdrone.be\/"},{"@type":"ListItem","position":2,"name":"AVSS Parachute Recovery System for DJI Matrice 300\/350","item":"https:\/\/koningdrone.be\/product\/avss-parachute-recovery-system-for-dji-matrice-300-350\/"},{"@type":"ListItem","position":3,"name":"Alle goggles","item":"https:\/\/koningdrone.be\/categorie\/alle-goggles\/"},{"@type":"ListItem","position":4,"name":"DJI Goggles 2 Motion Combo"}]},{"@type":"WebSite","@id":"https:\/\/koningdrone.be\/#website","url":"https:\/\/koningdrone.be\/","name":"Koningdrone.be - Votre sp\u00e9cialiste en ligne en mati\u00e8re de drones, de cardans, de cam\u00e9ras et de centrales \u00e9lectriques.","description":"La boutique en ligne de drones et de cardans","publisher":{"@id":"https:\/\/koningdrone.be\/#organization"},"potentialAction":[{"@type":"SearchAction","target":{"@type":"EntryPoint","urlTemplate":"https:\/\/koningdrone.be\/?s={search_term_string}"},"query-input":{"@type":"PropertyValueSpecification","valueRequired":true,"valueName":"search_term_string"}}],"inLanguage":"fr-BE"},{"@type":"Organization","@id":"https:\/\/koningdrone.be\/#organization","name":"Kingdrone.co.uk","url":"https:\/\/koningdrone.be\/","logo":{"@type":"ImageObject","inLanguage":"fr-BE","@id":"https:\/\/koningdrone.be\/#\/schema\/logo\/image\/","url":"https:\/\/koningdrone.be\/wp-content\/uploads\/sites\/13\/2025\/04\/koningdrone-copyright-logo.svg","contentUrl":"https:\/\/koningdrone.be\/wp-content\/uploads\/sites\/13\/2025\/04\/koningdrone-copyright-logo.svg","width":227,"height":38,"caption":"Koningdrone.be"},"image":{"@id":"https:\/\/koningdrone.be\/#\/schema\/logo\/image\/"}}]}},"df_price":"","df_sale_price":"","df_regular_price":"","df_image_link":"https:\/\/koningdrone.be\/wp-content\/uploads\/sites\/13\/2025\/04\/13d1aed9561a1a416b35af701b2bdb84@large-300x200.jpg","_links":{"self":[{"href":"https:\/\/koningdrone.be\/fr\/wp-json\/wp\/v2\/product\/3915","targetHints":{"allow":["GET"]}}],"collection":[{"href":"https:\/\/koningdrone.be\/fr\/wp-json\/wp\/v2\/product"}],"about":[{"href":"https:\/\/koningdrone.be\/fr\/wp-json\/wp\/v2\/types\/product"}],"wp:featuredmedia":[{"embeddable":true,"href":"https:\/\/koningdrone.be\/fr\/wp-json\/wp\/v2\/media\/3912"}],"wp:attachment":[{"href":"https:\/\/koningdrone.be\/fr\/wp-json\/wp\/v2\/media?parent=3915"}],"wp:term":[{"taxonomy":"product_brand","embeddable":true,"href":"https:\/\/koningdrone.be\/fr\/wp-json\/wp\/v2\/product_brand?post=3915"},{"taxonomy":"product_cat","embeddable":true,"href":"https:\/\/koningdrone.be\/fr\/wp-json\/wp\/v2\/product_cat?post=3915"},{"taxonomy":"product_tag","embeddable":true,"href":"https:\/\/koningdrone.be\/fr\/wp-json\/wp\/v2\/product_tag?post=3915"}],"curies":[{"name":"wp","href":"https:\/\/api.w.org\/{rel}","templated":true}]}}