{"id":3908,"date":"2024-03-13T15:43:25","date_gmt":"2024-03-13T15:43:25","guid":{"rendered":"https:\/\/koningdrone.nl\/kon\/product\/dji-inspire-3-raw-license\/"},"modified":"2025-04-29T11:59:33","modified_gmt":"2025-04-29T11:59:33","slug":"dji-inspire-3-raw-license","status":"publish","type":"product","link":"https:\/\/koningdrone.be\/fr\/produit\/dji-inspire-3-raw-license\/","title":{"rendered":"DJI Inspire 3 Licence RAW"},"content":{"rendered":"<p><strong>Capacit\u00e9s d'enregistrement vid\u00e9o avanc\u00e9es<\/strong><\/p>\n<p> Ce produit est con\u00e7u pour les cin\u00e9astes et les professionnels de la vid\u00e9o qui exigent des s\u00e9quences de la plus haute qualit\u00e9 pour leurs projets. En prenant en charge les codecs CinemaDNG et Apple ProRes RAW, il offre une qualit\u00e9 d'image in\u00e9gal\u00e9e, une souplesse de post-production et le niveau de d\u00e9tail requis pour un travail professionnel. Que vous tourniez un long m\u00e9trage, une publicit\u00e9 ou un documentaire, ces codecs permettront \u00e0 votre contenu visuel de se d\u00e9marquer.<\/p>\n<p><strong>Achat unique pour un acc\u00e8s illimit\u00e9<\/strong><\/p>\n<p> Si vous investissez dans ce produit, vous avez la garantie d'un acc\u00e8s \u00e0 vie aux principaux codecs vid\u00e9o, sans avoir \u00e0 effectuer de paiements r\u00e9currents. Avec un paiement unique, vous b\u00e9n\u00e9ficiez d'un acc\u00e8s illimit\u00e9 aux codecs CinemaDNG et Apple ProRes RAW. Il s'agit non seulement d'un investissement dans votre projet actuel, mais aussi dans tous vos projets futurs. La production vid\u00e9o de haute qualit\u00e9 est d\u00e9sormais plus accessible que jamais.<\/p>\n<p><strong>Instructions d'activation<\/strong><\/p>\n<p> Pour activer votre cl\u00e9 de licence et d\u00e9bloquer ces fonctionnalit\u00e9s d'enregistrement vid\u00e9o avanc\u00e9es, suivez le lien fourni pour une proc\u00e9dure d'activation simple. Le guide \u00e9tape par \u00e9tape vous permet de commencer rapidement et facilement \u00e0 utiliser les codecs CinemaDNG et Apple ProRes RAW dans votre travail, maximisant ainsi votre potentiel cr\u00e9atif et la qualit\u00e9 de vos projets.<\/p>\n<p><\/p>","protected":false},"excerpt":{"rendered":"<ul>\n<li>Prise en charge des codecs CinemaDNG et Apple ProRes RAW<\/li>\n<li> R\u00e9pond \u00e0 des besoins cin\u00e9matographiques \u00e9tendus<\/li>\n<li> Convient aux flux de travail vid\u00e9o r\u00e9guliers<\/li>\n<li> Des images nettes et riches en d\u00e9tails<\/li>\n<li> Achat unique avec validit\u00e9 illimit\u00e9e<\/li>\n<li> Instructions pour l'activation de la cl\u00e9 de licence<\/li>\n<\/ul>","protected":false},"featured_media":3907,"template":"","meta":{"_acf_changed":false},"product_brand":[],"product_cat":[97,641,433,782],"product_tag":[],"class_list":{"0":"post-3908","1":"product","2":"type-product","3":"status-publish","4":"has-post-thumbnail","6":"product_cat-alle-producten","7":"product_cat-dji-inspire","8":"product_cat-dji-inspire-3","9":"product_cat-software","10":"pa_brand-dji","11":"pa_productfamily-software","12":"pa_producttype-software","14":"first","15":"instock","16":"taxable","17":"shipping-taxable","18":"product-type-simple"},"acf":[],"yoast_head":"<!-- This site is optimized with the Yoast SEO Premium plugin v27.2 (Yoast SEO v27.2) - https:\/\/yoast.com\/product\/yoast-seo-premium-wordpress\/ -->\n<title>DJI Inspire 3 RAW License - koningdrone.be<\/title>\n<meta name=\"robots\" content=\"index, follow, max-snippet:-1, max-image-preview:large, max-video-preview:-1\" \/>\n<link rel=\"canonical\" href=\"https:\/\/koningdrone.be\/fr\/produit\/dji-inspire-3-raw-license\/\" \/>\n<meta property=\"og:locale\" content=\"fr_FR\" \/>\n<meta property=\"og:type\" content=\"article\" \/>\n<meta property=\"og:title\" content=\"DJI Inspire 3 RAW License\" \/>\n<meta property=\"og:description\" content=\"Ondersteunt CinemaDNG- en Apple ProRes RAW-codecs Voldoet aan uitgebreide cinematografische behoeften Geschikt voor reguliere videoworkflows Levert scherpe, detailrijke beelden Eenmalige aankoop met onbepaalde geldigheid Instructies voor activering van de licentiesleutel\" \/>\n<meta property=\"og:url\" content=\"https:\/\/koningdrone.be\/fr\/produit\/dji-inspire-3-raw-license\/\" \/>\n<meta property=\"og:site_name\" content=\"koningdrone.be\" \/>\n<meta property=\"article:modified_time\" content=\"2025-04-29T11:59:33+00:00\" \/>\n<meta property=\"og:image\" content=\"https:\/\/koningdrone.be\/wp-content\/uploads\/sites\/13\/2025\/04\/d40ee9b0849a47cb32b4b081990f4cec@large.jpg\" \/>\n\t<meta property=\"og:image:width\" content=\"1200\" \/>\n\t<meta property=\"og:image:height\" content=\"800\" \/>\n\t<meta property=\"og:image:type\" content=\"image\/jpeg\" \/>\n<meta name=\"twitter:card\" content=\"summary_large_image\" \/>\n<meta name=\"twitter:label1\" content=\"Dur\u00e9e de lecture est.\" \/>\n\t<meta name=\"twitter:data1\" content=\"1 minute\" \/>\n<script type=\"application\/ld+json\" class=\"yoast-schema-graph\">{\"@context\":\"https:\/\/schema.org\",\"@graph\":[{\"@type\":\"WebPage\",\"@id\":\"https:\/\/koningdrone.be\/product\/dji-inspire-3-raw-license\/\",\"url\":\"https:\/\/koningdrone.be\/product\/dji-inspire-3-raw-license\/\",\"name\":\"DJI Inspire 3 RAW License - koningdrone.be\",\"isPartOf\":{\"@id\":\"https:\/\/koningdrone.be\/#website\"},\"primaryImageOfPage\":{\"@id\":\"https:\/\/koningdrone.be\/product\/dji-inspire-3-raw-license\/#primaryimage\"},\"image\":{\"@id\":\"https:\/\/koningdrone.be\/product\/dji-inspire-3-raw-license\/#primaryimage\"},\"thumbnailUrl\":\"https:\/\/koningdrone.be\/wp-content\/uploads\/sites\/13\/2025\/04\/d40ee9b0849a47cb32b4b081990f4cec@large.jpg\",\"datePublished\":\"2024-03-13T15:43:25+00:00\",\"dateModified\":\"2025-04-29T11:59:33+00:00\",\"breadcrumb\":{\"@id\":\"https:\/\/koningdrone.be\/product\/dji-inspire-3-raw-license\/#breadcrumb\"},\"inLanguage\":\"fr-BE\",\"potentialAction\":[{\"@type\":\"ReadAction\",\"target\":[\"https:\/\/koningdrone.be\/product\/dji-inspire-3-raw-license\/\"]}]},{\"@type\":\"ImageObject\",\"inLanguage\":\"fr-BE\",\"@id\":\"https:\/\/koningdrone.be\/product\/dji-inspire-3-raw-license\/#primaryimage\",\"url\":\"https:\/\/koningdrone.be\/wp-content\/uploads\/sites\/13\/2025\/04\/d40ee9b0849a47cb32b4b081990f4cec@large.jpg\",\"contentUrl\":\"https:\/\/koningdrone.be\/wp-content\/uploads\/sites\/13\/2025\/04\/d40ee9b0849a47cb32b4b081990f4cec@large.jpg\",\"width\":1200,\"height\":800},{\"@type\":\"BreadcrumbList\",\"@id\":\"https:\/\/koningdrone.be\/product\/dji-inspire-3-raw-license\/#breadcrumb\",\"itemListElement\":[{\"@type\":\"ListItem\",\"position\":1,\"name\":\"Home\",\"item\":\"https:\/\/koningdrone.be\/\"},{\"@type\":\"ListItem\",\"position\":2,\"name\":\"AVSS Parachute Recovery System for DJI Matrice 300\/350\",\"item\":\"https:\/\/koningdrone.be\/product\/avss-parachute-recovery-system-for-dji-matrice-300-350\/\"},{\"@type\":\"ListItem\",\"position\":3,\"name\":\"Alle producten\",\"item\":\"https:\/\/koningdrone.be\/categorie\/alle-producten\/\"},{\"@type\":\"ListItem\",\"position\":4,\"name\":\"DJI Inspire 3 RAW License\"}]},{\"@type\":\"WebSite\",\"@id\":\"https:\/\/koningdrone.be\/#website\",\"url\":\"https:\/\/koningdrone.be\/\",\"name\":\"Koningdrone.be - Uw online specialist in drones, gimbals, camera's en power stations.\",\"description\":\"De webshop in drones en gimbals\",\"publisher\":{\"@id\":\"https:\/\/koningdrone.be\/#organization\"},\"potentialAction\":[{\"@type\":\"SearchAction\",\"target\":{\"@type\":\"EntryPoint\",\"urlTemplate\":\"https:\/\/koningdrone.be\/?s={search_term_string}\"},\"query-input\":{\"@type\":\"PropertyValueSpecification\",\"valueRequired\":true,\"valueName\":\"search_term_string\"}}],\"inLanguage\":\"fr-BE\"},{\"@type\":\"Organization\",\"@id\":\"https:\/\/koningdrone.be\/#organization\",\"name\":\"Koningdrone.be\",\"url\":\"https:\/\/koningdrone.be\/\",\"logo\":{\"@type\":\"ImageObject\",\"inLanguage\":\"fr-BE\",\"@id\":\"https:\/\/koningdrone.be\/#\/schema\/logo\/image\/\",\"url\":\"https:\/\/koningdrone.be\/wp-content\/uploads\/sites\/13\/2025\/04\/koningdrone-copyright-logo.svg\",\"contentUrl\":\"https:\/\/koningdrone.be\/wp-content\/uploads\/sites\/13\/2025\/04\/koningdrone-copyright-logo.svg\",\"width\":227,\"height\":38,\"caption\":\"Koningdrone.be\"},\"image\":{\"@id\":\"https:\/\/koningdrone.be\/#\/schema\/logo\/image\/\"}}]}<\/script>\n<!-- \/ Yoast SEO Premium plugin. -->","yoast_head_json":{"title":"DJI Inspire 3 RAW License - koningdrone.be","robots":{"index":"index","follow":"follow","max-snippet":"max-snippet:-1","max-image-preview":"max-image-preview:large","max-video-preview":"max-video-preview:-1"},"canonical":"https:\/\/koningdrone.be\/fr\/produit\/dji-inspire-3-raw-license\/","og_locale":"fr_FR","og_type":"article","og_title":"DJI Inspire 3 RAW License","og_description":"Ondersteunt CinemaDNG- en Apple ProRes RAW-codecs Voldoet aan uitgebreide cinematografische behoeften Geschikt voor reguliere videoworkflows Levert scherpe, detailrijke beelden Eenmalige aankoop met onbepaalde geldigheid Instructies voor activering van de licentiesleutel","og_url":"https:\/\/koningdrone.be\/fr\/produit\/dji-inspire-3-raw-license\/","og_site_name":"koningdrone.be","article_modified_time":"2025-04-29T11:59:33+00:00","og_image":[{"width":1200,"height":800,"url":"https:\/\/koningdrone.be\/wp-content\/uploads\/sites\/13\/2025\/04\/d40ee9b0849a47cb32b4b081990f4cec@large.jpg","type":"image\/jpeg"}],"twitter_card":"summary_large_image","twitter_misc":{"Dur\u00e9e de lecture est.":"1 minute"},"schema":{"@context":"https:\/\/schema.org","@graph":[{"@type":"WebPage","@id":"https:\/\/koningdrone.be\/product\/dji-inspire-3-raw-license\/","url":"https:\/\/koningdrone.be\/product\/dji-inspire-3-raw-license\/","name":"DJI Inspire 3 RAW License - koningdrone.be","isPartOf":{"@id":"https:\/\/koningdrone.be\/#website"},"primaryImageOfPage":{"@id":"https:\/\/koningdrone.be\/product\/dji-inspire-3-raw-license\/#primaryimage"},"image":{"@id":"https:\/\/koningdrone.be\/product\/dji-inspire-3-raw-license\/#primaryimage"},"thumbnailUrl":"https:\/\/koningdrone.be\/wp-content\/uploads\/sites\/13\/2025\/04\/d40ee9b0849a47cb32b4b081990f4cec@large.jpg","datePublished":"2024-03-13T15:43:25+00:00","dateModified":"2025-04-29T11:59:33+00:00","breadcrumb":{"@id":"https:\/\/koningdrone.be\/product\/dji-inspire-3-raw-license\/#breadcrumb"},"inLanguage":"fr-BE","potentialAction":[{"@type":"ReadAction","target":["https:\/\/koningdrone.be\/product\/dji-inspire-3-raw-license\/"]}]},{"@type":"ImageObject","inLanguage":"fr-BE","@id":"https:\/\/koningdrone.be\/product\/dji-inspire-3-raw-license\/#primaryimage","url":"https:\/\/koningdrone.be\/wp-content\/uploads\/sites\/13\/2025\/04\/d40ee9b0849a47cb32b4b081990f4cec@large.jpg","contentUrl":"https:\/\/koningdrone.be\/wp-content\/uploads\/sites\/13\/2025\/04\/d40ee9b0849a47cb32b4b081990f4cec@large.jpg","width":1200,"height":800},{"@type":"BreadcrumbList","@id":"https:\/\/koningdrone.be\/product\/dji-inspire-3-raw-license\/#breadcrumb","itemListElement":[{"@type":"ListItem","position":1,"name":"Home","item":"https:\/\/koningdrone.be\/"},{"@type":"ListItem","position":2,"name":"AVSS Parachute Recovery System for DJI Matrice 300\/350","item":"https:\/\/koningdrone.be\/product\/avss-parachute-recovery-system-for-dji-matrice-300-350\/"},{"@type":"ListItem","position":3,"name":"Alle producten","item":"https:\/\/koningdrone.be\/categorie\/alle-producten\/"},{"@type":"ListItem","position":4,"name":"DJI Inspire 3 RAW License"}]},{"@type":"WebSite","@id":"https:\/\/koningdrone.be\/#website","url":"https:\/\/koningdrone.be\/","name":"Koningdrone.be - Votre sp\u00e9cialiste en ligne en mati\u00e8re de drones, de cardans, de cam\u00e9ras et de centrales \u00e9lectriques.","description":"La boutique en ligne de drones et de cardans","publisher":{"@id":"https:\/\/koningdrone.be\/#organization"},"potentialAction":[{"@type":"SearchAction","target":{"@type":"EntryPoint","urlTemplate":"https:\/\/koningdrone.be\/?s={search_term_string}"},"query-input":{"@type":"PropertyValueSpecification","valueRequired":true,"valueName":"search_term_string"}}],"inLanguage":"fr-BE"},{"@type":"Organization","@id":"https:\/\/koningdrone.be\/#organization","name":"Kingdrone.co.uk","url":"https:\/\/koningdrone.be\/","logo":{"@type":"ImageObject","inLanguage":"fr-BE","@id":"https:\/\/koningdrone.be\/#\/schema\/logo\/image\/","url":"https:\/\/koningdrone.be\/wp-content\/uploads\/sites\/13\/2025\/04\/koningdrone-copyright-logo.svg","contentUrl":"https:\/\/koningdrone.be\/wp-content\/uploads\/sites\/13\/2025\/04\/koningdrone-copyright-logo.svg","width":227,"height":38,"caption":"Koningdrone.be"},"image":{"@id":"https:\/\/koningdrone.be\/#\/schema\/logo\/image\/"}}]}},"df_price":"","df_sale_price":"","df_regular_price":"","df_image_link":"https:\/\/koningdrone.be\/wp-content\/uploads\/sites\/13\/2025\/04\/d40ee9b0849a47cb32b4b081990f4cec@large-300x200.jpg","_links":{"self":[{"href":"https:\/\/koningdrone.be\/fr\/wp-json\/wp\/v2\/product\/3908","targetHints":{"allow":["GET"]}}],"collection":[{"href":"https:\/\/koningdrone.be\/fr\/wp-json\/wp\/v2\/product"}],"about":[{"href":"https:\/\/koningdrone.be\/fr\/wp-json\/wp\/v2\/types\/product"}],"wp:featuredmedia":[{"embeddable":true,"href":"https:\/\/koningdrone.be\/fr\/wp-json\/wp\/v2\/media\/3907"}],"wp:attachment":[{"href":"https:\/\/koningdrone.be\/fr\/wp-json\/wp\/v2\/media?parent=3908"}],"wp:term":[{"taxonomy":"product_brand","embeddable":true,"href":"https:\/\/koningdrone.be\/fr\/wp-json\/wp\/v2\/product_brand?post=3908"},{"taxonomy":"product_cat","embeddable":true,"href":"https:\/\/koningdrone.be\/fr\/wp-json\/wp\/v2\/product_cat?post=3908"},{"taxonomy":"product_tag","embeddable":true,"href":"https:\/\/koningdrone.be\/fr\/wp-json\/wp\/v2\/product_tag?post=3908"}],"curies":[{"name":"wp","href":"https:\/\/api.w.org\/{rel}","templated":true}]}}