{"id":3901,"date":"2024-03-13T15:45:18","date_gmt":"2024-03-13T14:45:18","guid":{"rendered":"https:\/\/koningdrone.nl\/kon\/product\/dji-mic-2-charging-case\/"},"modified":"2026-04-29T15:10:50","modified_gmt":"2026-04-29T13:10:50","slug":"dji-mic-2-charging-case","status":"publish","type":"product","link":"https:\/\/koningdrone.be\/fr\/produit\/dji-mic-2-charging-case\/","title":{"rendered":"\u00c9tui de chargement DJI Mic 2"},"content":{"rendered":"<p> Le bo\u00eetier de chargement DJI Mic 2 est un atout indispensable pour les cr\u00e9ateurs de contenu \u00e0 la recherche d'une alimentation ininterrompue pour leurs appareils audio. Con\u00e7ue pour r\u00e9pondre aux besoins exigeants des conteurs modernes, cette solution de charge compl\u00e8te offre \u00e0 la fois fonctionnalit\u00e9 et commodit\u00e9 dans un format compact.<\/p>\n<p><strong>Puissance de charge<\/strong><\/p>\n<p> Cette cartouche de recharge se distingue par sa capacit\u00e9 \u00e0 recharger simultan\u00e9ment deux \u00e9metteurs et un r\u00e9cepteur. Elle offre jusqu'\u00e0 18 heures d'utilisation continue et permet aux cr\u00e9ateurs de se concentrer sur leur travail sans \u00eatre \u00e0 court de batterie et sans interrompre leur flux de travail.<\/p>\n<p><strong>Solution de stockage<\/strong><\/p>\n<p> Outre ses capacit\u00e9s de charge, l'\u00e9tui sert \u00e9galement de solution de rangement pratique. Il accueille des \u00e9metteurs, un r\u00e9cepteur et des adaptateurs pour t\u00e9l\u00e9phones portables, notamment USB-C et Lightning, et offre un espace unique et organis\u00e9 pour tout l'\u00e9quipement audio n\u00e9cessaire.<\/p>\n<p><strong>Fonction de couplage automatis\u00e9e<\/strong><\/p>\n<p> L'une des caract\u00e9ristiques innovantes du bo\u00eetier est la possibilit\u00e9 d'appairer automatiquement le r\u00e9cepteur et les \u00e9metteurs. Cette automatisation permet un processus d'installation rapide, permettant aux utilisateurs d'ouvrir le bo\u00eetier et de commencer l'enregistrement audio imm\u00e9diatement et sans d\u00e9lai.<\/p>\n<p><strong>Cible<\/strong><\/p>\n<p> Con\u00e7u pour les cr\u00e9ateurs de contenu novices et exp\u00e9riment\u00e9s, l'\u00e9tui de chargement DJI Mic 2 est taill\u00e9 sur mesure pour am\u00e9liorer l'exp\u00e9rience de l'enregistrement audio. Il incarne un m\u00e9lange parfait de performances, de commodit\u00e9 et de convivialit\u00e9, ce qui en fait un compl\u00e9ment id\u00e9al \u00e0 la bo\u00eete \u00e0 outils de tout cr\u00e9ateur.<\/p>\n<p><\/p>","protected":false},"excerpt":{"rendered":"<ul>\n<li>Charge simultan\u00e9ment deux \u00e9metteurs et un r\u00e9cepteur<\/li>\n<li> Jusqu'\u00e0 18 heures d'autonomie<\/li>\n<li> Pour ranger les \u00e9metteurs, les r\u00e9cepteurs et les adaptateurs de t\u00e9l\u00e9phone portable<\/li>\n<li> Prise en charge des adaptateurs USB-C et Lightning pour les t\u00e9l\u00e9phones portables.<\/li>\n<li> Liaison automatique entre le r\u00e9cepteur et les \u00e9metteurs \u00e0 l'ouverture<\/li>\n<li> Con\u00e7u pour un transport et un stockage faciles<\/li>\n<\/ul>","protected":false},"featured_media":3898,"template":"","meta":{"_acf_changed":false},"product_brand":[],"product_cat":[756,97,586,191,600],"product_tag":[],"class_list":{"0":"post-3901","1":"product","2":"type-product","3":"status-publish","4":"has-post-thumbnail","6":"product_cat-accessoires","7":"product_cat-alle-producten","8":"product_cat-dji","9":"product_cat-dji-mic","10":"product_cat-dji-mic-2","11":"product_shipping_class-outofstock","12":"pa_brand-dji","13":"pa_productfamily-accessoire","14":"pa_producttype-accessoire","15":"pa_series-mic-2","17":"first","18":"outofstock","19":"taxable","20":"shipping-taxable","21":"purchasable","22":"product-type-simple"},"acf":[],"yoast_head":"<!-- This site is optimized with the Yoast SEO Premium plugin v27.2 (Yoast SEO v27.2) - https:\/\/yoast.com\/product\/yoast-seo-premium-wordpress\/ -->\n<title>DJI Mic 2 Charging Case - koningdrone.be<\/title>\n<meta name=\"robots\" content=\"index, follow, max-snippet:-1, max-image-preview:large, max-video-preview:-1\" \/>\n<link rel=\"canonical\" href=\"https:\/\/koningdrone.be\/fr\/produit\/dji-mic-2-charging-case\/\" \/>\n<meta property=\"og:locale\" content=\"fr_FR\" \/>\n<meta property=\"og:type\" content=\"article\" \/>\n<meta property=\"og:title\" content=\"DJI Mic 2 Charging Case\" \/>\n<meta property=\"og:description\" content=\"Laadt tegelijkertijd twee zenders en \u00e9\u00e9n ontvanger op Biedt maximaal 18 uur bedrijfstijd Voor het opbergen van zenders, ontvangers en mobiele-telefoonadapters Ondersteunt USB-C- en Lightning-adapters voor mobiele telefoons Koppelt bij het openen automatisch ontvanger en zenders Ontworpen voor gemakkelijk dragen en opbergen\" \/>\n<meta property=\"og:url\" content=\"https:\/\/koningdrone.be\/fr\/produit\/dji-mic-2-charging-case\/\" \/>\n<meta property=\"og:site_name\" content=\"koningdrone.be\" \/>\n<meta property=\"article:modified_time\" content=\"2026-04-29T13:10:50+00:00\" \/>\n<meta property=\"og:image\" content=\"https:\/\/koningdrone.be\/wp-content\/uploads\/sites\/13\/2025\/04\/a39459ef15c1bc85b374b91a392e9d1d@large.jpg\" \/>\n\t<meta property=\"og:image:width\" content=\"1200\" \/>\n\t<meta property=\"og:image:height\" content=\"800\" \/>\n\t<meta property=\"og:image:type\" content=\"image\/jpeg\" \/>\n<meta name=\"twitter:card\" content=\"summary_large_image\" \/>\n<meta name=\"twitter:label1\" content=\"Dur\u00e9e de lecture est.\" \/>\n\t<meta name=\"twitter:data1\" content=\"1 minute\" \/>\n<script type=\"application\/ld+json\" class=\"yoast-schema-graph\">{\"@context\":\"https:\/\/schema.org\",\"@graph\":[{\"@type\":\"WebPage\",\"@id\":\"https:\/\/koningdrone.be\/product\/dji-mic-2-charging-case\/\",\"url\":\"https:\/\/koningdrone.be\/product\/dji-mic-2-charging-case\/\",\"name\":\"DJI Mic 2 Charging Case - koningdrone.be\",\"isPartOf\":{\"@id\":\"https:\/\/koningdrone.be\/#website\"},\"primaryImageOfPage\":{\"@id\":\"https:\/\/koningdrone.be\/product\/dji-mic-2-charging-case\/#primaryimage\"},\"image\":{\"@id\":\"https:\/\/koningdrone.be\/product\/dji-mic-2-charging-case\/#primaryimage\"},\"thumbnailUrl\":\"https:\/\/koningdrone.be\/wp-content\/uploads\/sites\/13\/2025\/04\/a39459ef15c1bc85b374b91a392e9d1d@large.jpg\",\"datePublished\":\"2024-03-13T14:45:18+00:00\",\"dateModified\":\"2026-04-29T13:10:50+00:00\",\"breadcrumb\":{\"@id\":\"https:\/\/koningdrone.be\/product\/dji-mic-2-charging-case\/#breadcrumb\"},\"inLanguage\":\"fr-BE\",\"potentialAction\":[{\"@type\":\"ReadAction\",\"target\":[\"https:\/\/koningdrone.be\/product\/dji-mic-2-charging-case\/\"]}]},{\"@type\":\"ImageObject\",\"inLanguage\":\"fr-BE\",\"@id\":\"https:\/\/koningdrone.be\/product\/dji-mic-2-charging-case\/#primaryimage\",\"url\":\"https:\/\/koningdrone.be\/wp-content\/uploads\/sites\/13\/2025\/04\/a39459ef15c1bc85b374b91a392e9d1d@large.jpg\",\"contentUrl\":\"https:\/\/koningdrone.be\/wp-content\/uploads\/sites\/13\/2025\/04\/a39459ef15c1bc85b374b91a392e9d1d@large.jpg\",\"width\":1200,\"height\":800},{\"@type\":\"BreadcrumbList\",\"@id\":\"https:\/\/koningdrone.be\/product\/dji-mic-2-charging-case\/#breadcrumb\",\"itemListElement\":[{\"@type\":\"ListItem\",\"position\":1,\"name\":\"Home\",\"item\":\"https:\/\/koningdrone.be\/\"},{\"@type\":\"ListItem\",\"position\":2,\"name\":\"AVSS Parachute Recovery System for DJI Matrice 300\/350\",\"item\":\"https:\/\/koningdrone.be\/product\/avss-parachute-recovery-system-for-dji-matrice-300-350\/\"},{\"@type\":\"ListItem\",\"position\":3,\"name\":\"Accessoires\",\"item\":\"https:\/\/koningdrone.be\/categorie\/accessoires\/\"},{\"@type\":\"ListItem\",\"position\":4,\"name\":\"DJI Mic 2 Charging Case\"}]},{\"@type\":\"WebSite\",\"@id\":\"https:\/\/koningdrone.be\/#website\",\"url\":\"https:\/\/koningdrone.be\/\",\"name\":\"Koningdrone.be - Uw online specialist in drones, gimbals, camera's en power stations.\",\"description\":\"De webshop in drones en gimbals\",\"publisher\":{\"@id\":\"https:\/\/koningdrone.be\/#organization\"},\"potentialAction\":[{\"@type\":\"SearchAction\",\"target\":{\"@type\":\"EntryPoint\",\"urlTemplate\":\"https:\/\/koningdrone.be\/?s={search_term_string}\"},\"query-input\":{\"@type\":\"PropertyValueSpecification\",\"valueRequired\":true,\"valueName\":\"search_term_string\"}}],\"inLanguage\":\"fr-BE\"},{\"@type\":\"Organization\",\"@id\":\"https:\/\/koningdrone.be\/#organization\",\"name\":\"Koningdrone.be\",\"url\":\"https:\/\/koningdrone.be\/\",\"logo\":{\"@type\":\"ImageObject\",\"inLanguage\":\"fr-BE\",\"@id\":\"https:\/\/koningdrone.be\/#\/schema\/logo\/image\/\",\"url\":\"https:\/\/koningdrone.be\/wp-content\/uploads\/sites\/13\/2025\/04\/koningdrone-copyright-logo.svg\",\"contentUrl\":\"https:\/\/koningdrone.be\/wp-content\/uploads\/sites\/13\/2025\/04\/koningdrone-copyright-logo.svg\",\"width\":227,\"height\":38,\"caption\":\"Koningdrone.be\"},\"image\":{\"@id\":\"https:\/\/koningdrone.be\/#\/schema\/logo\/image\/\"}}]}<\/script>\n<!-- \/ Yoast SEO Premium plugin. -->","yoast_head_json":{"title":"DJI Mic 2 Charging Case - koningdrone.be","robots":{"index":"index","follow":"follow","max-snippet":"max-snippet:-1","max-image-preview":"max-image-preview:large","max-video-preview":"max-video-preview:-1"},"canonical":"https:\/\/koningdrone.be\/fr\/produit\/dji-mic-2-charging-case\/","og_locale":"fr_FR","og_type":"article","og_title":"DJI Mic 2 Charging Case","og_description":"Laadt tegelijkertijd twee zenders en \u00e9\u00e9n ontvanger op Biedt maximaal 18 uur bedrijfstijd Voor het opbergen van zenders, ontvangers en mobiele-telefoonadapters Ondersteunt USB-C- en Lightning-adapters voor mobiele telefoons Koppelt bij het openen automatisch ontvanger en zenders Ontworpen voor gemakkelijk dragen en opbergen","og_url":"https:\/\/koningdrone.be\/fr\/produit\/dji-mic-2-charging-case\/","og_site_name":"koningdrone.be","article_modified_time":"2026-04-29T13:10:50+00:00","og_image":[{"width":1200,"height":800,"url":"https:\/\/koningdrone.be\/wp-content\/uploads\/sites\/13\/2025\/04\/a39459ef15c1bc85b374b91a392e9d1d@large.jpg","type":"image\/jpeg"}],"twitter_card":"summary_large_image","twitter_misc":{"Dur\u00e9e de lecture est.":"1 minute"},"schema":{"@context":"https:\/\/schema.org","@graph":[{"@type":"WebPage","@id":"https:\/\/koningdrone.be\/product\/dji-mic-2-charging-case\/","url":"https:\/\/koningdrone.be\/product\/dji-mic-2-charging-case\/","name":"DJI Mic 2 Charging Case - koningdrone.be","isPartOf":{"@id":"https:\/\/koningdrone.be\/#website"},"primaryImageOfPage":{"@id":"https:\/\/koningdrone.be\/product\/dji-mic-2-charging-case\/#primaryimage"},"image":{"@id":"https:\/\/koningdrone.be\/product\/dji-mic-2-charging-case\/#primaryimage"},"thumbnailUrl":"https:\/\/koningdrone.be\/wp-content\/uploads\/sites\/13\/2025\/04\/a39459ef15c1bc85b374b91a392e9d1d@large.jpg","datePublished":"2024-03-13T14:45:18+00:00","dateModified":"2026-04-29T13:10:50+00:00","breadcrumb":{"@id":"https:\/\/koningdrone.be\/product\/dji-mic-2-charging-case\/#breadcrumb"},"inLanguage":"fr-BE","potentialAction":[{"@type":"ReadAction","target":["https:\/\/koningdrone.be\/product\/dji-mic-2-charging-case\/"]}]},{"@type":"ImageObject","inLanguage":"fr-BE","@id":"https:\/\/koningdrone.be\/product\/dji-mic-2-charging-case\/#primaryimage","url":"https:\/\/koningdrone.be\/wp-content\/uploads\/sites\/13\/2025\/04\/a39459ef15c1bc85b374b91a392e9d1d@large.jpg","contentUrl":"https:\/\/koningdrone.be\/wp-content\/uploads\/sites\/13\/2025\/04\/a39459ef15c1bc85b374b91a392e9d1d@large.jpg","width":1200,"height":800},{"@type":"BreadcrumbList","@id":"https:\/\/koningdrone.be\/product\/dji-mic-2-charging-case\/#breadcrumb","itemListElement":[{"@type":"ListItem","position":1,"name":"Home","item":"https:\/\/koningdrone.be\/"},{"@type":"ListItem","position":2,"name":"AVSS Parachute Recovery System for DJI Matrice 300\/350","item":"https:\/\/koningdrone.be\/product\/avss-parachute-recovery-system-for-dji-matrice-300-350\/"},{"@type":"ListItem","position":3,"name":"Accessoires","item":"https:\/\/koningdrone.be\/categorie\/accessoires\/"},{"@type":"ListItem","position":4,"name":"DJI Mic 2 Charging Case"}]},{"@type":"WebSite","@id":"https:\/\/koningdrone.be\/#website","url":"https:\/\/koningdrone.be\/","name":"Koningdrone.be - Votre sp\u00e9cialiste en ligne en mati\u00e8re de drones, de cardans, de cam\u00e9ras et de centrales \u00e9lectriques.","description":"La boutique en ligne de drones et de cardans","publisher":{"@id":"https:\/\/koningdrone.be\/#organization"},"potentialAction":[{"@type":"SearchAction","target":{"@type":"EntryPoint","urlTemplate":"https:\/\/koningdrone.be\/?s={search_term_string}"},"query-input":{"@type":"PropertyValueSpecification","valueRequired":true,"valueName":"search_term_string"}}],"inLanguage":"fr-BE"},{"@type":"Organization","@id":"https:\/\/koningdrone.be\/#organization","name":"Kingdrone.co.uk","url":"https:\/\/koningdrone.be\/","logo":{"@type":"ImageObject","inLanguage":"fr-BE","@id":"https:\/\/koningdrone.be\/#\/schema\/logo\/image\/","url":"https:\/\/koningdrone.be\/wp-content\/uploads\/sites\/13\/2025\/04\/koningdrone-copyright-logo.svg","contentUrl":"https:\/\/koningdrone.be\/wp-content\/uploads\/sites\/13\/2025\/04\/koningdrone-copyright-logo.svg","width":227,"height":38,"caption":"Koningdrone.be"},"image":{"@id":"https:\/\/koningdrone.be\/#\/schema\/logo\/image\/"}}]}},"df_price":59,"df_sale_price":"","df_regular_price":59,"df_image_link":"https:\/\/koningdrone.be\/wp-content\/uploads\/sites\/13\/2025\/04\/a39459ef15c1bc85b374b91a392e9d1d@large-300x200.jpg","_links":{"self":[{"href":"https:\/\/koningdrone.be\/fr\/wp-json\/wp\/v2\/product\/3901","targetHints":{"allow":["GET"]}}],"collection":[{"href":"https:\/\/koningdrone.be\/fr\/wp-json\/wp\/v2\/product"}],"about":[{"href":"https:\/\/koningdrone.be\/fr\/wp-json\/wp\/v2\/types\/product"}],"wp:featuredmedia":[{"embeddable":true,"href":"https:\/\/koningdrone.be\/fr\/wp-json\/wp\/v2\/media\/3898"}],"wp:attachment":[{"href":"https:\/\/koningdrone.be\/fr\/wp-json\/wp\/v2\/media?parent=3901"}],"wp:term":[{"taxonomy":"product_brand","embeddable":true,"href":"https:\/\/koningdrone.be\/fr\/wp-json\/wp\/v2\/product_brand?post=3901"},{"taxonomy":"product_cat","embeddable":true,"href":"https:\/\/koningdrone.be\/fr\/wp-json\/wp\/v2\/product_cat?post=3901"},{"taxonomy":"product_tag","embeddable":true,"href":"https:\/\/koningdrone.be\/fr\/wp-json\/wp\/v2\/product_tag?post=3901"}],"curies":[{"name":"wp","href":"https:\/\/api.w.org\/{rel}","templated":true}]}}