{"id":3890,"date":"2024-03-14T11:24:20","date_gmt":"2024-03-14T10:24:20","guid":{"rendered":"https:\/\/koningdrone.nl\/kon\/product\/osmo-pocket-extension-rod\/"},"modified":"2026-04-29T15:30:37","modified_gmt":"2026-04-29T13:30:37","slug":"osmo-pocket-extension-rod","status":"publish","type":"product","link":"https:\/\/koningdrone.be\/fr\/produit\/osmo-pocket-extension-rod\/","title":{"rendered":"Tige d'extension \u00e0 poche Osmo"},"content":{"rendered":"<p> L'Osmo Pocket Extension Rod est un accessoire polyvalent qui \u00e9largit vos possibilit\u00e9s de tournage. Pouvant s'\u00e9tendre jusqu'\u00e0 500 mm, cet accessoire vous permet de filmer sous diff\u00e9rents angles, rendant vos vid\u00e9os plus dynamiques et int\u00e9ressantes.<\/p>\n<p><strong>Options de t\u00e9l\u00e9commande<\/strong><\/p>\n<p> Pour ceux qui souhaitent contr\u00f4ler leur cam\u00e9ra \u00e0 distance \u00e0 l'aide de la tige d'extension, il est possible d'attacher votre smartphone au support de t\u00e9l\u00e9phone inclus. Pour permettre le contr\u00f4le \u00e0 distance, vous devez acheter s\u00e9par\u00e9ment un module sans fil ou une poign\u00e9e Do-it-All (pour la DJI Pocket 2). Ces outils vous permettent de contr\u00f4ler votre Osmo Pocket ou DJI Pocket 2 sans avoir \u00e0 toucher physiquement la cam\u00e9ra, ce qui vous offre encore plus de flexibilit\u00e9 lors de vos prises de vue.<\/p>\n<p><strong>Supports de montage<\/strong><\/p>\n<p> En outre, la tige d'extension est \u00e9quip\u00e9e de plusieurs supports de montage. Ceux-ci sont con\u00e7us pour \u00e9largir vos possibilit\u00e9s de tournage en vous permettant de monter la cam\u00e9ra dans diff\u00e9rentes positions ou d'int\u00e9grer des \u00e9quipements suppl\u00e9mentaires.<\/p>\n<p><strong>Fonctions de contr\u00f4le<\/strong><\/p>\n<p> La poign\u00e9e de la canne est \u00e9quip\u00e9e d'un manche et de six boutons. Ces fonctions vous permettent de contr\u00f4ler pr\u00e9cis\u00e9ment le cardan, de suivre les objets en douceur, de passer d'un mode de cardan \u00e0 l'autre et de recentrer rapidement l'appareil photo si n\u00e9cessaire. Ces commandes sont essentiellement con\u00e7ues pour am\u00e9liorer votre exp\u00e9rience de la prise de vue en facilitant la r\u00e9alisation de clich\u00e9s de qualit\u00e9 professionnelle.<\/p>\n<p><strong>Support de tr\u00e9pied<\/strong><\/p>\n<p> La partie inf\u00e9rieure de la tige d'extension est \u00e9quip\u00e9e d'une fixation pour tr\u00e9pied standard de 1\/4 de pouce. Cela vous permet de connecter la tige \u00e0 un tr\u00e9pied ou \u00e0 d'autres accessoires, offrant encore plus de stabilit\u00e9 et de possibilit\u00e9s de prise de vue.<\/p>\n<p><strong>Conclusion<\/strong><\/p>\n<p> En r\u00e9sum\u00e9, l'Osmo Pocket Extension Rod est un outil con\u00e7u pour faire passer votre tournage au niveau sup\u00e9rieur. Que vous soyez d\u00e9butant ou expert, cet accessoire vous offre plus de flexibilit\u00e9, de contr\u00f4le et de possibilit\u00e9s cr\u00e9atives pour vos projets vid\u00e9o.<\/p>\n<p><\/p>","protected":false},"excerpt":{"rendered":"<ul>\n<li>Longueur maximale de 500 mm pour des angles de prise de vue vari\u00e9s.<\/li>\n<li> Compatible avec un module sans fil pour la commande \u00e0 distance.<\/li>\n<li> Peut \u00eatre utilis\u00e9 avec la poign\u00e9e Do-it-All pour les commandes DJI Pocket 2.<\/li>\n<li> Comprend plusieurs supports de montage pour des options d'enregistrement vari\u00e9es.<\/li>\n<li> Manche et six boutons pour un contr\u00f4le pr\u00e9cis du cardan.<\/li>\n<li> Prend en charge le suivi des objets et les changements de mode du cardan.<\/li>\n<li> Il est \u00e9quip\u00e9 d'une monture de tr\u00e9pied standard de 1\/4 de pouce pour les accessoires suppl\u00e9mentaires.<\/li>\n<\/ul>","protected":false},"featured_media":3884,"template":"","meta":{"_acf_changed":false},"product_brand":[],"product_cat":[268,410,97,297,778],"product_tag":[],"class_list":{"0":"post-3890","1":"product","2":"type-product","3":"status-publish","4":"has-post-thumbnail","6":"product_cat-alle-accessoires","7":"product_cat-alle-handheld-gimbals","8":"product_cat-alle-producten","9":"product_cat-dji-osmo","10":"product_cat-dji-osmo-pocket","11":"product_shipping_class-outofstock","12":"pa_brand-dji","13":"pa_productfamily-expansion-set","14":"pa_producttype-expansion-set","15":"pa_series-osmo-pocket","17":"first","18":"outofstock","19":"taxable","20":"shipping-taxable","21":"purchasable","22":"product-type-simple"},"acf":[],"yoast_head":"<!-- This site is optimized with the Yoast SEO Premium plugin v27.2 (Yoast SEO v27.2) - https:\/\/yoast.com\/product\/yoast-seo-premium-wordpress\/ -->\n<title>Osmo Pocket Extension Rod - koningdrone.be<\/title>\n<meta name=\"robots\" content=\"index, follow, max-snippet:-1, max-image-preview:large, max-video-preview:-1\" \/>\n<link rel=\"canonical\" href=\"https:\/\/koningdrone.be\/fr\/produit\/osmo-pocket-extension-rod\/\" \/>\n<meta property=\"og:locale\" content=\"fr_FR\" \/>\n<meta property=\"og:type\" content=\"article\" \/>\n<meta property=\"og:title\" content=\"Osmo Pocket Extension Rod\" \/>\n<meta property=\"og:description\" content=\"Maximale lengte van 500 mm voor veelzijdige opnamehoeken. Compatibel met draadloze module voor afstandsbediening. Kan worden gebruikt met de Do-it-All-handgreep voor DJI Pocket 2-besturing. Inclusief meerdere montagebeugels voor gevarieerde opnamemogelijkheden. Bedieningsstick en zes knoppen voor nauwkeurige gimbalbediening. Ondersteunt objecttracking en wijzigingen in de gimbalmodus. Beschikt over een standaard 1\/4-inch statiefbevestiging voor extra accessoires.\" \/>\n<meta property=\"og:url\" content=\"https:\/\/koningdrone.be\/fr\/produit\/osmo-pocket-extension-rod\/\" \/>\n<meta property=\"og:site_name\" content=\"koningdrone.be\" \/>\n<meta property=\"article:modified_time\" content=\"2026-04-29T13:30:37+00:00\" \/>\n<meta property=\"og:image\" content=\"https:\/\/koningdrone.be\/wp-content\/uploads\/sites\/13\/2025\/04\/ab2e5adc164a0b06c277f17318b42763@ultra.png\" \/>\n\t<meta property=\"og:image:width\" content=\"1280\" \/>\n\t<meta property=\"og:image:height\" content=\"1280\" \/>\n\t<meta property=\"og:image:type\" content=\"image\/png\" \/>\n<meta name=\"twitter:card\" content=\"summary_large_image\" \/>\n<meta name=\"twitter:label1\" content=\"Dur\u00e9e de lecture est.\" \/>\n\t<meta name=\"twitter:data1\" content=\"1 minute\" \/>\n<script type=\"application\/ld+json\" class=\"yoast-schema-graph\">{\"@context\":\"https:\/\/schema.org\",\"@graph\":[{\"@type\":\"WebPage\",\"@id\":\"https:\/\/koningdrone.be\/product\/osmo-pocket-extension-rod\/\",\"url\":\"https:\/\/koningdrone.be\/product\/osmo-pocket-extension-rod\/\",\"name\":\"Osmo Pocket Extension Rod - koningdrone.be\",\"isPartOf\":{\"@id\":\"https:\/\/koningdrone.be\/#website\"},\"primaryImageOfPage\":{\"@id\":\"https:\/\/koningdrone.be\/product\/osmo-pocket-extension-rod\/#primaryimage\"},\"image\":{\"@id\":\"https:\/\/koningdrone.be\/product\/osmo-pocket-extension-rod\/#primaryimage\"},\"thumbnailUrl\":\"https:\/\/koningdrone.be\/wp-content\/uploads\/sites\/13\/2025\/04\/ab2e5adc164a0b06c277f17318b42763@ultra.png\",\"datePublished\":\"2024-03-14T10:24:20+00:00\",\"dateModified\":\"2026-04-29T13:30:37+00:00\",\"breadcrumb\":{\"@id\":\"https:\/\/koningdrone.be\/product\/osmo-pocket-extension-rod\/#breadcrumb\"},\"inLanguage\":\"fr-BE\",\"potentialAction\":[{\"@type\":\"ReadAction\",\"target\":[\"https:\/\/koningdrone.be\/product\/osmo-pocket-extension-rod\/\"]}]},{\"@type\":\"ImageObject\",\"inLanguage\":\"fr-BE\",\"@id\":\"https:\/\/koningdrone.be\/product\/osmo-pocket-extension-rod\/#primaryimage\",\"url\":\"https:\/\/koningdrone.be\/wp-content\/uploads\/sites\/13\/2025\/04\/ab2e5adc164a0b06c277f17318b42763@ultra.png\",\"contentUrl\":\"https:\/\/koningdrone.be\/wp-content\/uploads\/sites\/13\/2025\/04\/ab2e5adc164a0b06c277f17318b42763@ultra.png\",\"width\":1280,\"height\":1280},{\"@type\":\"BreadcrumbList\",\"@id\":\"https:\/\/koningdrone.be\/product\/osmo-pocket-extension-rod\/#breadcrumb\",\"itemListElement\":[{\"@type\":\"ListItem\",\"position\":1,\"name\":\"Home\",\"item\":\"https:\/\/koningdrone.be\/\"},{\"@type\":\"ListItem\",\"position\":2,\"name\":\"AVSS Parachute Recovery System for DJI Matrice 300\/350\",\"item\":\"https:\/\/koningdrone.be\/product\/avss-parachute-recovery-system-for-dji-matrice-300-350\/\"},{\"@type\":\"ListItem\",\"position\":3,\"name\":\"Alle accessoires\",\"item\":\"https:\/\/koningdrone.be\/categorie\/alle-accessoires\/\"},{\"@type\":\"ListItem\",\"position\":4,\"name\":\"Osmo Pocket Extension Rod\"}]},{\"@type\":\"WebSite\",\"@id\":\"https:\/\/koningdrone.be\/#website\",\"url\":\"https:\/\/koningdrone.be\/\",\"name\":\"Koningdrone.be - Uw online specialist in drones, gimbals, camera's en power stations.\",\"description\":\"De webshop in drones en gimbals\",\"publisher\":{\"@id\":\"https:\/\/koningdrone.be\/#organization\"},\"potentialAction\":[{\"@type\":\"SearchAction\",\"target\":{\"@type\":\"EntryPoint\",\"urlTemplate\":\"https:\/\/koningdrone.be\/?s={search_term_string}\"},\"query-input\":{\"@type\":\"PropertyValueSpecification\",\"valueRequired\":true,\"valueName\":\"search_term_string\"}}],\"inLanguage\":\"fr-BE\"},{\"@type\":\"Organization\",\"@id\":\"https:\/\/koningdrone.be\/#organization\",\"name\":\"Koningdrone.be\",\"url\":\"https:\/\/koningdrone.be\/\",\"logo\":{\"@type\":\"ImageObject\",\"inLanguage\":\"fr-BE\",\"@id\":\"https:\/\/koningdrone.be\/#\/schema\/logo\/image\/\",\"url\":\"https:\/\/koningdrone.be\/wp-content\/uploads\/sites\/13\/2025\/04\/koningdrone-copyright-logo.svg\",\"contentUrl\":\"https:\/\/koningdrone.be\/wp-content\/uploads\/sites\/13\/2025\/04\/koningdrone-copyright-logo.svg\",\"width\":227,\"height\":38,\"caption\":\"Koningdrone.be\"},\"image\":{\"@id\":\"https:\/\/koningdrone.be\/#\/schema\/logo\/image\/\"}}]}<\/script>\n<!-- \/ Yoast SEO Premium plugin. -->","yoast_head_json":{"title":"Osmo Pocket Extension Rod - koningdrone.be","robots":{"index":"index","follow":"follow","max-snippet":"max-snippet:-1","max-image-preview":"max-image-preview:large","max-video-preview":"max-video-preview:-1"},"canonical":"https:\/\/koningdrone.be\/fr\/produit\/osmo-pocket-extension-rod\/","og_locale":"fr_FR","og_type":"article","og_title":"Osmo Pocket Extension Rod","og_description":"Maximale lengte van 500 mm voor veelzijdige opnamehoeken. Compatibel met draadloze module voor afstandsbediening. Kan worden gebruikt met de Do-it-All-handgreep voor DJI Pocket 2-besturing. Inclusief meerdere montagebeugels voor gevarieerde opnamemogelijkheden. Bedieningsstick en zes knoppen voor nauwkeurige gimbalbediening. Ondersteunt objecttracking en wijzigingen in de gimbalmodus. Beschikt over een standaard 1\/4-inch statiefbevestiging voor extra accessoires.","og_url":"https:\/\/koningdrone.be\/fr\/produit\/osmo-pocket-extension-rod\/","og_site_name":"koningdrone.be","article_modified_time":"2026-04-29T13:30:37+00:00","og_image":[{"width":1280,"height":1280,"url":"https:\/\/koningdrone.be\/wp-content\/uploads\/sites\/13\/2025\/04\/ab2e5adc164a0b06c277f17318b42763@ultra.png","type":"image\/png"}],"twitter_card":"summary_large_image","twitter_misc":{"Dur\u00e9e de lecture est.":"1 minute"},"schema":{"@context":"https:\/\/schema.org","@graph":[{"@type":"WebPage","@id":"https:\/\/koningdrone.be\/product\/osmo-pocket-extension-rod\/","url":"https:\/\/koningdrone.be\/product\/osmo-pocket-extension-rod\/","name":"Osmo Pocket Extension Rod - koningdrone.be","isPartOf":{"@id":"https:\/\/koningdrone.be\/#website"},"primaryImageOfPage":{"@id":"https:\/\/koningdrone.be\/product\/osmo-pocket-extension-rod\/#primaryimage"},"image":{"@id":"https:\/\/koningdrone.be\/product\/osmo-pocket-extension-rod\/#primaryimage"},"thumbnailUrl":"https:\/\/koningdrone.be\/wp-content\/uploads\/sites\/13\/2025\/04\/ab2e5adc164a0b06c277f17318b42763@ultra.png","datePublished":"2024-03-14T10:24:20+00:00","dateModified":"2026-04-29T13:30:37+00:00","breadcrumb":{"@id":"https:\/\/koningdrone.be\/product\/osmo-pocket-extension-rod\/#breadcrumb"},"inLanguage":"fr-BE","potentialAction":[{"@type":"ReadAction","target":["https:\/\/koningdrone.be\/product\/osmo-pocket-extension-rod\/"]}]},{"@type":"ImageObject","inLanguage":"fr-BE","@id":"https:\/\/koningdrone.be\/product\/osmo-pocket-extension-rod\/#primaryimage","url":"https:\/\/koningdrone.be\/wp-content\/uploads\/sites\/13\/2025\/04\/ab2e5adc164a0b06c277f17318b42763@ultra.png","contentUrl":"https:\/\/koningdrone.be\/wp-content\/uploads\/sites\/13\/2025\/04\/ab2e5adc164a0b06c277f17318b42763@ultra.png","width":1280,"height":1280},{"@type":"BreadcrumbList","@id":"https:\/\/koningdrone.be\/product\/osmo-pocket-extension-rod\/#breadcrumb","itemListElement":[{"@type":"ListItem","position":1,"name":"Home","item":"https:\/\/koningdrone.be\/"},{"@type":"ListItem","position":2,"name":"AVSS Parachute Recovery System for DJI Matrice 300\/350","item":"https:\/\/koningdrone.be\/product\/avss-parachute-recovery-system-for-dji-matrice-300-350\/"},{"@type":"ListItem","position":3,"name":"Alle accessoires","item":"https:\/\/koningdrone.be\/categorie\/alle-accessoires\/"},{"@type":"ListItem","position":4,"name":"Osmo Pocket Extension Rod"}]},{"@type":"WebSite","@id":"https:\/\/koningdrone.be\/#website","url":"https:\/\/koningdrone.be\/","name":"Koningdrone.be - Votre sp\u00e9cialiste en ligne en mati\u00e8re de drones, de cardans, de cam\u00e9ras et de centrales \u00e9lectriques.","description":"La boutique en ligne de drones et de cardans","publisher":{"@id":"https:\/\/koningdrone.be\/#organization"},"potentialAction":[{"@type":"SearchAction","target":{"@type":"EntryPoint","urlTemplate":"https:\/\/koningdrone.be\/?s={search_term_string}"},"query-input":{"@type":"PropertyValueSpecification","valueRequired":true,"valueName":"search_term_string"}}],"inLanguage":"fr-BE"},{"@type":"Organization","@id":"https:\/\/koningdrone.be\/#organization","name":"Kingdrone.co.uk","url":"https:\/\/koningdrone.be\/","logo":{"@type":"ImageObject","inLanguage":"fr-BE","@id":"https:\/\/koningdrone.be\/#\/schema\/logo\/image\/","url":"https:\/\/koningdrone.be\/wp-content\/uploads\/sites\/13\/2025\/04\/koningdrone-copyright-logo.svg","contentUrl":"https:\/\/koningdrone.be\/wp-content\/uploads\/sites\/13\/2025\/04\/koningdrone-copyright-logo.svg","width":227,"height":38,"caption":"Koningdrone.be"},"image":{"@id":"https:\/\/koningdrone.be\/#\/schema\/logo\/image\/"}}]}},"df_price":75,"df_sale_price":"","df_regular_price":75,"df_image_link":"https:\/\/koningdrone.be\/wp-content\/uploads\/sites\/13\/2025\/04\/ab2e5adc164a0b06c277f17318b42763@ultra-300x300.png","_links":{"self":[{"href":"https:\/\/koningdrone.be\/fr\/wp-json\/wp\/v2\/product\/3890","targetHints":{"allow":["GET"]}}],"collection":[{"href":"https:\/\/koningdrone.be\/fr\/wp-json\/wp\/v2\/product"}],"about":[{"href":"https:\/\/koningdrone.be\/fr\/wp-json\/wp\/v2\/types\/product"}],"wp:featuredmedia":[{"embeddable":true,"href":"https:\/\/koningdrone.be\/fr\/wp-json\/wp\/v2\/media\/3884"}],"wp:attachment":[{"href":"https:\/\/koningdrone.be\/fr\/wp-json\/wp\/v2\/media?parent=3890"}],"wp:term":[{"taxonomy":"product_brand","embeddable":true,"href":"https:\/\/koningdrone.be\/fr\/wp-json\/wp\/v2\/product_brand?post=3890"},{"taxonomy":"product_cat","embeddable":true,"href":"https:\/\/koningdrone.be\/fr\/wp-json\/wp\/v2\/product_cat?post=3890"},{"taxonomy":"product_tag","embeddable":true,"href":"https:\/\/koningdrone.be\/fr\/wp-json\/wp\/v2\/product_tag?post=3890"}],"curies":[{"name":"wp","href":"https:\/\/api.w.org\/{rel}","templated":true}]}}