{"id":3869,"date":"2024-03-14T11:26:00","date_gmt":"2024-03-14T10:26:00","guid":{"rendered":"https:\/\/koningdrone.nl\/kon\/product\/osmo-action-road-cycling-accessory-kit\/"},"modified":"2026-04-29T15:50:49","modified_gmt":"2026-04-29T13:50:49","slug":"osmo-action-road-cycling-accessory-kit","status":"publish","type":"product","link":"https:\/\/koningdrone.be\/fr\/produit\/osmo-action-road-cycling-accessory-kit\/","title":{"rendered":"Kit d'accessoires pour v\u00e9lo de route Osmo Action"},"content":{"rendered":"<p><strong>Solution de montage compl\u00e8te pour les cyclistes<\/strong><\/p>\n<p> Cet ensemble de produits offre une solution polyvalente et compl\u00e8te pour fixer votre appareil photo dans diff\u00e9rentes positions pendant que vous p\u00e9dalez. Capturez tous les angles de votre aventure, qu'il s'agisse de la route devant vous, du paysage ou de vos compagnons qui vous suivent. Con\u00e7u pour les d\u00e9butants comme pour les experts de la vid\u00e9ographie d'action, ce kit vous permet de ne rien manquer de votre voyage.<\/p>\n<p><strong>Principaux \u00e9l\u00e9ments du paquet<\/strong><\/p>\n<p> L'ensemble comprend un support de rail de selle pour filmer derri\u00e8re votre v\u00e9lo, un mini support de guidon pour capturer le trajet \u00e0 venir, une sangle de poignet \u00e0 360\u00b0 pour faciliter le vlogging et les prises de vue dynamiques, un adaptateur Quick-Release avec une vis de verrouillage pour des changements de position rapides et s\u00fbrs de la cam\u00e9ra, et une cl\u00e9 Allen pour le serrage et les ajustements. Chaque composant est con\u00e7u pour am\u00e9liorer votre exp\u00e9rience de tournage tout en garantissant la stabilit\u00e9 et la flexibilit\u00e9 pendant vos trajets.<\/p>\n<p><strong>Positionnement des cam\u00e9ras et s\u00e9curit\u00e9 sans effort<\/strong><\/p>\n<p> La monture adaptatrice \u00e0 d\u00e9gagement rapide est l'un des points forts de cet ensemble, car elle offre une facilit\u00e9 exceptionnelle pour changer la cam\u00e9ra de point de montage sans compromettre la s\u00e9curit\u00e9. Que vous souhaitiez filmer le voyage avec la fixation pour guidon ou la camaraderie avec la fixation pour rail de selle, cette fonction permet des ajustements rapides et s\u00fbrs. La cl\u00e9 hexagonale incluse permet de s'assurer que tous les composants restent bien en place pendant votre trajet.<\/p>\n<p><strong>Id\u00e9al pour tout amateur de cyclisme<\/strong><\/p>\n<p> Que vous soyez un d\u00e9butant cherchant \u00e0 documenter ses aventures \u00e0 v\u00e9lo ou un expert en vid\u00e9ographie d'action, ce kit de montage est con\u00e7u pour r\u00e9pondre \u00e0 vos besoins. Sa polyvalence et sa facilit\u00e9 d'utilisation en font un choix id\u00e9al pour capturer tous les aspects de votre exp\u00e9rience cycliste, garantissant ainsi des images de haute qualit\u00e9 de vos aventures. Am\u00e9liorez votre vid\u00e9ographie gr\u00e2ce \u00e0 cette solution de montage compl\u00e8te.<\/p>\n<p><\/p>","protected":false},"excerpt":{"rendered":"<ul>\n<li>Y compris le montage sur le rail de la selle de v\u00e9lo<\/li>\n<li> Mini support de guidon inclus<\/li>\n<li> Bracelet 360\u00b0 inclus<\/li>\n<li> Support d'adaptateur \u00e0 d\u00e9gagement rapide inclus<\/li>\n<li> Vis de blocage et cl\u00e9 Allen incluses<\/li>\n<li> Changement de position de la cam\u00e9ra sans effort<\/li>\n<li> Capture la vue vers l'avant gr\u00e2ce \u00e0 un mini-montage sur le guidon<\/li>\n<li> Capturez les compagnons qui roulent derri\u00e8re vous gr\u00e2ce au support de rail de si\u00e8ge de v\u00e9lo<\/li>\n<li> Le bracelet 360\u00b0 permet de faire du vlogging en toute simplicit\u00e9<\/li>\n<\/ul>","protected":false},"featured_media":3867,"template":"","meta":{"_acf_changed":false},"product_brand":[],"product_cat":[756,410,97,297,757],"product_tag":[],"class_list":{"0":"post-3869","1":"product","2":"type-product","3":"status-publish","4":"has-post-thumbnail","6":"product_cat-accessoires","7":"product_cat-alle-handheld-gimbals","8":"product_cat-alle-producten","9":"product_cat-dji-osmo","10":"product_cat-dji-osmo-action","11":"product_shipping_class-outofstock","12":"pa_brand-dji","13":"pa_productfamily-action-cam-accessoires","14":"pa_producttype-action-cam-accessoires","15":"pa_series-osmo-action","17":"first","18":"outofstock","19":"taxable","20":"shipping-taxable","21":"purchasable","22":"product-type-simple"},"acf":[],"yoast_head":"<!-- This site is optimized with the Yoast SEO Premium plugin v27.2 (Yoast SEO v27.2) - https:\/\/yoast.com\/product\/yoast-seo-premium-wordpress\/ -->\n<title>Osmo Action Road Cycling Accessory Kit - koningdrone.be<\/title>\n<meta name=\"robots\" content=\"index, follow, max-snippet:-1, max-image-preview:large, max-video-preview:-1\" \/>\n<link rel=\"canonical\" href=\"https:\/\/koningdrone.be\/fr\/produit\/osmo-action-road-cycling-accessory-kit\/\" \/>\n<meta property=\"og:locale\" content=\"fr_FR\" \/>\n<meta property=\"og:type\" content=\"article\" \/>\n<meta property=\"og:title\" content=\"Osmo Action Road Cycling Accessory Kit\" \/>\n<meta property=\"og:description\" content=\"Inclusief montage op rail voor fietszadel Inclusief mini-stuurhouder Inclusief 360\u00b0 polsband Inclusief Quick-Release-adapterhouder Inclusief borgschroef en inbussleutel Moeiteloos wisselen van camerapositie Legt zicht vooruit vast met de mini-stuurhouder Legt de achterop rijdende metgezellen vast met de Bike Seat Rail Mount Gemakkelijk vloggen met 360\u00b0 polsband\" \/>\n<meta property=\"og:url\" content=\"https:\/\/koningdrone.be\/fr\/produit\/osmo-action-road-cycling-accessory-kit\/\" \/>\n<meta property=\"og:site_name\" content=\"koningdrone.be\" \/>\n<meta property=\"article:modified_time\" content=\"2026-04-29T13:50:49+00:00\" \/>\n<meta property=\"og:image\" content=\"https:\/\/koningdrone.be\/wp-content\/uploads\/sites\/13\/2025\/04\/93c3fc463c88fe2909c2981edca52b17@large.jpg\" \/>\n\t<meta property=\"og:image:width\" content=\"1200\" \/>\n\t<meta property=\"og:image:height\" content=\"800\" \/>\n\t<meta property=\"og:image:type\" content=\"image\/jpeg\" \/>\n<meta name=\"twitter:card\" content=\"summary_large_image\" \/>\n<meta name=\"twitter:label1\" content=\"Dur\u00e9e de lecture est.\" \/>\n\t<meta name=\"twitter:data1\" content=\"1 minute\" \/>\n<script type=\"application\/ld+json\" class=\"yoast-schema-graph\">{\"@context\":\"https:\/\/schema.org\",\"@graph\":[{\"@type\":\"WebPage\",\"@id\":\"https:\/\/koningdrone.be\/product\/osmo-action-road-cycling-accessory-kit\/\",\"url\":\"https:\/\/koningdrone.be\/product\/osmo-action-road-cycling-accessory-kit\/\",\"name\":\"Osmo Action Road Cycling Accessory Kit - koningdrone.be\",\"isPartOf\":{\"@id\":\"https:\/\/koningdrone.be\/#website\"},\"primaryImageOfPage\":{\"@id\":\"https:\/\/koningdrone.be\/product\/osmo-action-road-cycling-accessory-kit\/#primaryimage\"},\"image\":{\"@id\":\"https:\/\/koningdrone.be\/product\/osmo-action-road-cycling-accessory-kit\/#primaryimage\"},\"thumbnailUrl\":\"https:\/\/koningdrone.be\/wp-content\/uploads\/sites\/13\/2025\/04\/93c3fc463c88fe2909c2981edca52b17@large.jpg\",\"datePublished\":\"2024-03-14T10:26:00+00:00\",\"dateModified\":\"2026-04-29T13:50:49+00:00\",\"breadcrumb\":{\"@id\":\"https:\/\/koningdrone.be\/product\/osmo-action-road-cycling-accessory-kit\/#breadcrumb\"},\"inLanguage\":\"fr-BE\",\"potentialAction\":[{\"@type\":\"ReadAction\",\"target\":[\"https:\/\/koningdrone.be\/product\/osmo-action-road-cycling-accessory-kit\/\"]}]},{\"@type\":\"ImageObject\",\"inLanguage\":\"fr-BE\",\"@id\":\"https:\/\/koningdrone.be\/product\/osmo-action-road-cycling-accessory-kit\/#primaryimage\",\"url\":\"https:\/\/koningdrone.be\/wp-content\/uploads\/sites\/13\/2025\/04\/93c3fc463c88fe2909c2981edca52b17@large.jpg\",\"contentUrl\":\"https:\/\/koningdrone.be\/wp-content\/uploads\/sites\/13\/2025\/04\/93c3fc463c88fe2909c2981edca52b17@large.jpg\",\"width\":1200,\"height\":800},{\"@type\":\"BreadcrumbList\",\"@id\":\"https:\/\/koningdrone.be\/product\/osmo-action-road-cycling-accessory-kit\/#breadcrumb\",\"itemListElement\":[{\"@type\":\"ListItem\",\"position\":1,\"name\":\"Home\",\"item\":\"https:\/\/koningdrone.be\/\"},{\"@type\":\"ListItem\",\"position\":2,\"name\":\"AVSS Parachute Recovery System for DJI Matrice 300\/350\",\"item\":\"https:\/\/koningdrone.be\/product\/avss-parachute-recovery-system-for-dji-matrice-300-350\/\"},{\"@type\":\"ListItem\",\"position\":3,\"name\":\"Accessoires\",\"item\":\"https:\/\/koningdrone.be\/categorie\/accessoires\/\"},{\"@type\":\"ListItem\",\"position\":4,\"name\":\"Osmo Action Road Cycling Accessory Kit\"}]},{\"@type\":\"WebSite\",\"@id\":\"https:\/\/koningdrone.be\/#website\",\"url\":\"https:\/\/koningdrone.be\/\",\"name\":\"Koningdrone.be - Uw online specialist in drones, gimbals, camera's en power stations.\",\"description\":\"De webshop in drones en gimbals\",\"publisher\":{\"@id\":\"https:\/\/koningdrone.be\/#organization\"},\"potentialAction\":[{\"@type\":\"SearchAction\",\"target\":{\"@type\":\"EntryPoint\",\"urlTemplate\":\"https:\/\/koningdrone.be\/?s={search_term_string}\"},\"query-input\":{\"@type\":\"PropertyValueSpecification\",\"valueRequired\":true,\"valueName\":\"search_term_string\"}}],\"inLanguage\":\"fr-BE\"},{\"@type\":\"Organization\",\"@id\":\"https:\/\/koningdrone.be\/#organization\",\"name\":\"Koningdrone.be\",\"url\":\"https:\/\/koningdrone.be\/\",\"logo\":{\"@type\":\"ImageObject\",\"inLanguage\":\"fr-BE\",\"@id\":\"https:\/\/koningdrone.be\/#\/schema\/logo\/image\/\",\"url\":\"https:\/\/koningdrone.be\/wp-content\/uploads\/sites\/13\/2025\/04\/koningdrone-copyright-logo.svg\",\"contentUrl\":\"https:\/\/koningdrone.be\/wp-content\/uploads\/sites\/13\/2025\/04\/koningdrone-copyright-logo.svg\",\"width\":227,\"height\":38,\"caption\":\"Koningdrone.be\"},\"image\":{\"@id\":\"https:\/\/koningdrone.be\/#\/schema\/logo\/image\/\"}}]}<\/script>\n<!-- \/ Yoast SEO Premium plugin. -->","yoast_head_json":{"title":"Osmo Action Road Cycling Accessory Kit - koningdrone.be","robots":{"index":"index","follow":"follow","max-snippet":"max-snippet:-1","max-image-preview":"max-image-preview:large","max-video-preview":"max-video-preview:-1"},"canonical":"https:\/\/koningdrone.be\/fr\/produit\/osmo-action-road-cycling-accessory-kit\/","og_locale":"fr_FR","og_type":"article","og_title":"Osmo Action Road Cycling Accessory Kit","og_description":"Inclusief montage op rail voor fietszadel Inclusief mini-stuurhouder Inclusief 360\u00b0 polsband Inclusief Quick-Release-adapterhouder Inclusief borgschroef en inbussleutel Moeiteloos wisselen van camerapositie Legt zicht vooruit vast met de mini-stuurhouder Legt de achterop rijdende metgezellen vast met de Bike Seat Rail Mount Gemakkelijk vloggen met 360\u00b0 polsband","og_url":"https:\/\/koningdrone.be\/fr\/produit\/osmo-action-road-cycling-accessory-kit\/","og_site_name":"koningdrone.be","article_modified_time":"2026-04-29T13:50:49+00:00","og_image":[{"width":1200,"height":800,"url":"https:\/\/koningdrone.be\/wp-content\/uploads\/sites\/13\/2025\/04\/93c3fc463c88fe2909c2981edca52b17@large.jpg","type":"image\/jpeg"}],"twitter_card":"summary_large_image","twitter_misc":{"Dur\u00e9e de lecture est.":"1 minute"},"schema":{"@context":"https:\/\/schema.org","@graph":[{"@type":"WebPage","@id":"https:\/\/koningdrone.be\/product\/osmo-action-road-cycling-accessory-kit\/","url":"https:\/\/koningdrone.be\/product\/osmo-action-road-cycling-accessory-kit\/","name":"Osmo Action Road Cycling Accessory Kit - koningdrone.be","isPartOf":{"@id":"https:\/\/koningdrone.be\/#website"},"primaryImageOfPage":{"@id":"https:\/\/koningdrone.be\/product\/osmo-action-road-cycling-accessory-kit\/#primaryimage"},"image":{"@id":"https:\/\/koningdrone.be\/product\/osmo-action-road-cycling-accessory-kit\/#primaryimage"},"thumbnailUrl":"https:\/\/koningdrone.be\/wp-content\/uploads\/sites\/13\/2025\/04\/93c3fc463c88fe2909c2981edca52b17@large.jpg","datePublished":"2024-03-14T10:26:00+00:00","dateModified":"2026-04-29T13:50:49+00:00","breadcrumb":{"@id":"https:\/\/koningdrone.be\/product\/osmo-action-road-cycling-accessory-kit\/#breadcrumb"},"inLanguage":"fr-BE","potentialAction":[{"@type":"ReadAction","target":["https:\/\/koningdrone.be\/product\/osmo-action-road-cycling-accessory-kit\/"]}]},{"@type":"ImageObject","inLanguage":"fr-BE","@id":"https:\/\/koningdrone.be\/product\/osmo-action-road-cycling-accessory-kit\/#primaryimage","url":"https:\/\/koningdrone.be\/wp-content\/uploads\/sites\/13\/2025\/04\/93c3fc463c88fe2909c2981edca52b17@large.jpg","contentUrl":"https:\/\/koningdrone.be\/wp-content\/uploads\/sites\/13\/2025\/04\/93c3fc463c88fe2909c2981edca52b17@large.jpg","width":1200,"height":800},{"@type":"BreadcrumbList","@id":"https:\/\/koningdrone.be\/product\/osmo-action-road-cycling-accessory-kit\/#breadcrumb","itemListElement":[{"@type":"ListItem","position":1,"name":"Home","item":"https:\/\/koningdrone.be\/"},{"@type":"ListItem","position":2,"name":"AVSS Parachute Recovery System for DJI Matrice 300\/350","item":"https:\/\/koningdrone.be\/product\/avss-parachute-recovery-system-for-dji-matrice-300-350\/"},{"@type":"ListItem","position":3,"name":"Accessoires","item":"https:\/\/koningdrone.be\/categorie\/accessoires\/"},{"@type":"ListItem","position":4,"name":"Osmo Action Road Cycling Accessory Kit"}]},{"@type":"WebSite","@id":"https:\/\/koningdrone.be\/#website","url":"https:\/\/koningdrone.be\/","name":"Koningdrone.be - Votre sp\u00e9cialiste en ligne en mati\u00e8re de drones, de cardans, de cam\u00e9ras et de centrales \u00e9lectriques.","description":"La boutique en ligne de drones et de cardans","publisher":{"@id":"https:\/\/koningdrone.be\/#organization"},"potentialAction":[{"@type":"SearchAction","target":{"@type":"EntryPoint","urlTemplate":"https:\/\/koningdrone.be\/?s={search_term_string}"},"query-input":{"@type":"PropertyValueSpecification","valueRequired":true,"valueName":"search_term_string"}}],"inLanguage":"fr-BE"},{"@type":"Organization","@id":"https:\/\/koningdrone.be\/#organization","name":"Kingdrone.co.uk","url":"https:\/\/koningdrone.be\/","logo":{"@type":"ImageObject","inLanguage":"fr-BE","@id":"https:\/\/koningdrone.be\/#\/schema\/logo\/image\/","url":"https:\/\/koningdrone.be\/wp-content\/uploads\/sites\/13\/2025\/04\/koningdrone-copyright-logo.svg","contentUrl":"https:\/\/koningdrone.be\/wp-content\/uploads\/sites\/13\/2025\/04\/koningdrone-copyright-logo.svg","width":227,"height":38,"caption":"Koningdrone.be"},"image":{"@id":"https:\/\/koningdrone.be\/#\/schema\/logo\/image\/"}}]}},"df_price":79,"df_sale_price":"","df_regular_price":79,"df_image_link":"https:\/\/koningdrone.be\/wp-content\/uploads\/sites\/13\/2025\/04\/93c3fc463c88fe2909c2981edca52b17@large-300x200.jpg","_links":{"self":[{"href":"https:\/\/koningdrone.be\/fr\/wp-json\/wp\/v2\/product\/3869","targetHints":{"allow":["GET"]}}],"collection":[{"href":"https:\/\/koningdrone.be\/fr\/wp-json\/wp\/v2\/product"}],"about":[{"href":"https:\/\/koningdrone.be\/fr\/wp-json\/wp\/v2\/types\/product"}],"wp:featuredmedia":[{"embeddable":true,"href":"https:\/\/koningdrone.be\/fr\/wp-json\/wp\/v2\/media\/3867"}],"wp:attachment":[{"href":"https:\/\/koningdrone.be\/fr\/wp-json\/wp\/v2\/media?parent=3869"}],"wp:term":[{"taxonomy":"product_brand","embeddable":true,"href":"https:\/\/koningdrone.be\/fr\/wp-json\/wp\/v2\/product_brand?post=3869"},{"taxonomy":"product_cat","embeddable":true,"href":"https:\/\/koningdrone.be\/fr\/wp-json\/wp\/v2\/product_cat?post=3869"},{"taxonomy":"product_tag","embeddable":true,"href":"https:\/\/koningdrone.be\/fr\/wp-json\/wp\/v2\/product_tag?post=3869"}],"curies":[{"name":"wp","href":"https:\/\/api.w.org\/{rel}","templated":true}]}}