{"id":3862,"date":"2024-03-14T11:26:00","date_gmt":"2024-03-14T10:26:00","guid":{"rendered":"https:\/\/koningdrone.nl\/kon\/product\/dji-dl-lens-nd-filters-set\/"},"modified":"2026-04-29T07:10:35","modified_gmt":"2026-04-29T05:10:35","slug":"dji-dl-lens-nd-filters-set","status":"publish","type":"product","link":"https:\/\/koningdrone.be\/fr\/produit\/dji-dl-lens-nd-filters-set\/","title":{"rendered":"DJI DL Lens ND Filters Set"},"content":{"rendered":"<p> Ce produit contient un ensemble de filtres personnalis\u00e9s de haute qualit\u00e9 pour la s\u00e9rie d'appareils photo Zenmuse, comprenant plusieurs filtres \u00e0 densit\u00e9 neutre (ND) allant de ND4 \u00e0 ND128, ainsi qu'un protecteur d'objectif DL. Destin\u00e9s \u00e0 am\u00e9liorer la photographie et la vid\u00e9ographie, ces filtres ND aident \u00e0 g\u00e9rer la quantit\u00e9 de lumi\u00e8re entrant dans l'objectif, permettant un contr\u00f4le sophistiqu\u00e9 des r\u00e9glages de l'appareil photo pour l'ouverture et la vitesse d'obturation. L'ajout d'un protecteur d'objectif offre une s\u00e9curit\u00e9 suppl\u00e9mentaire contre les dommages potentiels, garantissant que l'objectif de votre appareil photo reste impeccable.<\/p>\n<p><strong>Filtres \u00e0 densit\u00e9 neutre<\/strong><\/p>\n<p> La collection comprend des filtres ND qui peuvent r\u00e9duire la lumi\u00e8re entrante de 2 \u00e0 7 diaphragmes. Cette fonction permet d'atteindre les niveaux d'exposition souhait\u00e9s, favorisant la libert\u00e9 cr\u00e9ative lors de la capture fluide de mouvements dans les vid\u00e9os ou de l'obtention d'effets photographiques sp\u00e9cifiques. Cr\u00e9\u00e9s pour pr\u00e9server la fid\u00e9lit\u00e9 des couleurs naturelles, ces filtres sont align\u00e9s sur le syst\u00e8me de couleurs DJI Cinema afin de garantir la coh\u00e9rence et la qualit\u00e9 optimale de vos s\u00e9quences. De plus, les filtres sont soigneusement trait\u00e9s pour r\u00e9duire les reflets et l'\u00e9blouissement, offrant ainsi la meilleure qualit\u00e9 d'image possible, m\u00eame dans des conditions d'\u00e9clairage difficiles.<\/p>\n<p><strong>Rev\u00eatements sp\u00e9ciaux<\/strong><\/p>\n<p> Chaque filtre ND de ce kit est dot\u00e9 d'un rev\u00eatement sp\u00e9cial qui non seulement minimise les reflets, mais r\u00e9siste \u00e9galement \u00e0 l'eau et aux taches. Ce traitement durable simplifie le processus d'entretien et garantit que les filtres restent propres et clairs, pr\u00e9servant ainsi la qualit\u00e9 de l'image lors d'une utilisation \u00e0 long terme. Ces caract\u00e9ristiques font de ces filtres un accessoire indispensable pour les photographes et les vid\u00e9astes d\u00e9sireux de produire un contenu professionnel visuellement \u00e9poustouflant.<\/p>\n<p><strong>Protecteur d'objectif<\/strong><\/p>\n<p> Les filtres ND sont accompagn\u00e9s d'un protecteur d'objectif DL antistatique, con\u00e7u pour offrir une protection sup\u00e9rieure \u00e0 l'objectif de votre appareil photo. Ce protecteur est con\u00e7u pour prot\u00e9ger l'objectif contre les rayures, la poussi\u00e8re et l'usure g\u00e9n\u00e9rale, prolongeant ainsi sa dur\u00e9e de vie. Son inclusion dans le kit souligne l'engagement non seulement \u00e0 am\u00e9liorer les capacit\u00e9s photographiques des cam\u00e9ras Zenmuse, mais aussi \u00e0 prot\u00e9ger l'\u00e9quipement afin que les passionn\u00e9s et les professionnels puissent se concentrer sur leurs activit\u00e9s cr\u00e9atives en toute tranquillit\u00e9 d'esprit.<\/p>\n<p><strong>Pour tous les photographes<\/strong><\/p>\n<p> Que vous soyez au d\u00e9but de votre parcours photographique ou un expert chevronn\u00e9, cet ensemble de filtres ND et de protections d'objectif fournit les outils n\u00e9cessaires pour explorer et r\u00e9aliser pleinement votre vision cr\u00e9ative. Avec des options permettant de contr\u00f4ler pr\u00e9cis\u00e9ment l'exposition \u00e0 la lumi\u00e8re et de prot\u00e9ger votre \u00e9quipement, ces accessoires vous permettent de repousser les limites du possible et de capturer des images extraordinaires dans un large \u00e9ventail de conditions.<\/p>\n<p><\/p>","protected":false},"excerpt":{"rendered":"<ul>\n<li>Con\u00e7u pour la s\u00e9rie Zenmuse<\/li>\n<li> Comprend des filtres ND4\/8\/16\/32\/64\/128 et un protecteur d'objectif DL<\/li>\n<li> R\u00e9duit la transmission de la lumi\u00e8re pour contr\u00f4ler l'ouverture et la vitesse d'obturation<\/li>\n<li> L'optique de pr\u00e9cision pr\u00e9serve des couleurs r\u00e9alistes<\/li>\n<li> Compatible avec le syst\u00e8me DJI Cinema Color<\/li>\n<li> Le rev\u00eatement de haute qualit\u00e9 r\u00e9duit l'\u00e9blouissement<\/li>\n<li> Rev\u00eatement r\u00e9sistant \u00e0 l'eau et aux taches pour un nettoyage facile<\/li>\n<li> Protecteur de lentilles antistatique pour une protection suppl\u00e9mentaire<\/li>\n<\/ul>","protected":false},"featured_media":3860,"template":"","meta":{"_acf_changed":false},"product_brand":[],"product_cat":[172,97,316],"product_tag":[],"class_list":{"0":"post-3862","1":"product","2":"type-product","3":"status-publish","4":"has-post-thumbnail","6":"product_cat-alle-nd-filters","7":"product_cat-alle-producten","8":"product_cat-dji-zenmuse","9":"product_shipping_class-outofstock","10":"pa_brand-dji","11":"pa_productfamily-nd-filters","12":"pa_producttype-nd-filters","14":"first","15":"outofstock","16":"taxable","17":"shipping-taxable","18":"product-type-simple"},"acf":[],"yoast_head":"<!-- This site is optimized with the Yoast SEO Premium plugin v27.2 (Yoast SEO v27.2) - https:\/\/yoast.com\/product\/yoast-seo-premium-wordpress\/ -->\n<title>DJI DL Lens ND Filters Set - koningdrone.be<\/title>\n<meta name=\"robots\" content=\"index, follow, max-snippet:-1, max-image-preview:large, max-video-preview:-1\" \/>\n<link rel=\"canonical\" href=\"https:\/\/koningdrone.be\/fr\/produit\/dji-dl-lens-nd-filters-set\/\" \/>\n<meta property=\"og:locale\" content=\"fr_FR\" \/>\n<meta property=\"og:type\" content=\"article\" \/>\n<meta property=\"og:title\" content=\"DJI DL Lens ND Filters Set\" \/>\n<meta property=\"og:description\" content=\"Ontworpen voor de Zenmuse-serie Inclusief ND4\/8\/16\/32\/64\/128 filters en DL-lensbeschermer Vermindert de lichttransmissie om het diafragma en de sluitertijd te regelen Precisieoptiek behoudt levensechte kleuren Compatibel met DJI Cinema Color-systeem Hoogwaardige coating vermindert verblinding Water- en vlekbestendige coating voor eenvoudige reiniging Antistatische lensbeschermer voor extra bescherming\" \/>\n<meta property=\"og:url\" content=\"https:\/\/koningdrone.be\/fr\/produit\/dji-dl-lens-nd-filters-set\/\" \/>\n<meta property=\"og:site_name\" content=\"koningdrone.be\" \/>\n<meta property=\"article:modified_time\" content=\"2026-04-29T05:10:35+00:00\" \/>\n<meta property=\"og:image\" content=\"https:\/\/koningdrone.be\/wp-content\/uploads\/sites\/13\/2025\/04\/large_4f3d771a-e175-4208-9b0d-275b064a957d.jpg\" \/>\n\t<meta property=\"og:image:width\" content=\"1200\" \/>\n\t<meta property=\"og:image:height\" content=\"800\" \/>\n\t<meta property=\"og:image:type\" content=\"image\/jpeg\" \/>\n<meta name=\"twitter:card\" content=\"summary_large_image\" \/>\n<meta name=\"twitter:label1\" content=\"Dur\u00e9e de lecture est.\" \/>\n\t<meta name=\"twitter:data1\" content=\"2 minutes\" \/>\n<script type=\"application\/ld+json\" class=\"yoast-schema-graph\">{\"@context\":\"https:\/\/schema.org\",\"@graph\":[{\"@type\":\"WebPage\",\"@id\":\"https:\/\/koningdrone.be\/product\/dji-dl-lens-nd-filters-set\/\",\"url\":\"https:\/\/koningdrone.be\/product\/dji-dl-lens-nd-filters-set\/\",\"name\":\"DJI DL Lens ND Filters Set - koningdrone.be\",\"isPartOf\":{\"@id\":\"https:\/\/koningdrone.be\/#website\"},\"primaryImageOfPage\":{\"@id\":\"https:\/\/koningdrone.be\/product\/dji-dl-lens-nd-filters-set\/#primaryimage\"},\"image\":{\"@id\":\"https:\/\/koningdrone.be\/product\/dji-dl-lens-nd-filters-set\/#primaryimage\"},\"thumbnailUrl\":\"https:\/\/koningdrone.be\/wp-content\/uploads\/sites\/13\/2025\/04\/large_4f3d771a-e175-4208-9b0d-275b064a957d.jpg\",\"datePublished\":\"2024-03-14T10:26:00+00:00\",\"dateModified\":\"2026-04-29T05:10:35+00:00\",\"breadcrumb\":{\"@id\":\"https:\/\/koningdrone.be\/product\/dji-dl-lens-nd-filters-set\/#breadcrumb\"},\"inLanguage\":\"fr-BE\",\"potentialAction\":[{\"@type\":\"ReadAction\",\"target\":[\"https:\/\/koningdrone.be\/product\/dji-dl-lens-nd-filters-set\/\"]}]},{\"@type\":\"ImageObject\",\"inLanguage\":\"fr-BE\",\"@id\":\"https:\/\/koningdrone.be\/product\/dji-dl-lens-nd-filters-set\/#primaryimage\",\"url\":\"https:\/\/koningdrone.be\/wp-content\/uploads\/sites\/13\/2025\/04\/large_4f3d771a-e175-4208-9b0d-275b064a957d.jpg\",\"contentUrl\":\"https:\/\/koningdrone.be\/wp-content\/uploads\/sites\/13\/2025\/04\/large_4f3d771a-e175-4208-9b0d-275b064a957d.jpg\",\"width\":1200,\"height\":800},{\"@type\":\"BreadcrumbList\",\"@id\":\"https:\/\/koningdrone.be\/product\/dji-dl-lens-nd-filters-set\/#breadcrumb\",\"itemListElement\":[{\"@type\":\"ListItem\",\"position\":1,\"name\":\"Home\",\"item\":\"https:\/\/koningdrone.be\/\"},{\"@type\":\"ListItem\",\"position\":2,\"name\":\"AVSS Parachute Recovery System for DJI Matrice 300\/350\",\"item\":\"https:\/\/koningdrone.be\/product\/avss-parachute-recovery-system-for-dji-matrice-300-350\/\"},{\"@type\":\"ListItem\",\"position\":3,\"name\":\"Alle ND Filters\",\"item\":\"https:\/\/koningdrone.be\/categorie\/alle-nd-filters\/\"},{\"@type\":\"ListItem\",\"position\":4,\"name\":\"DJI DL Lens ND Filters Set\"}]},{\"@type\":\"WebSite\",\"@id\":\"https:\/\/koningdrone.be\/#website\",\"url\":\"https:\/\/koningdrone.be\/\",\"name\":\"Koningdrone.be - Uw online specialist in drones, gimbals, camera's en power stations.\",\"description\":\"De webshop in drones en gimbals\",\"publisher\":{\"@id\":\"https:\/\/koningdrone.be\/#organization\"},\"potentialAction\":[{\"@type\":\"SearchAction\",\"target\":{\"@type\":\"EntryPoint\",\"urlTemplate\":\"https:\/\/koningdrone.be\/?s={search_term_string}\"},\"query-input\":{\"@type\":\"PropertyValueSpecification\",\"valueRequired\":true,\"valueName\":\"search_term_string\"}}],\"inLanguage\":\"fr-BE\"},{\"@type\":\"Organization\",\"@id\":\"https:\/\/koningdrone.be\/#organization\",\"name\":\"Koningdrone.be\",\"url\":\"https:\/\/koningdrone.be\/\",\"logo\":{\"@type\":\"ImageObject\",\"inLanguage\":\"fr-BE\",\"@id\":\"https:\/\/koningdrone.be\/#\/schema\/logo\/image\/\",\"url\":\"https:\/\/koningdrone.be\/wp-content\/uploads\/sites\/13\/2025\/04\/koningdrone-copyright-logo.svg\",\"contentUrl\":\"https:\/\/koningdrone.be\/wp-content\/uploads\/sites\/13\/2025\/04\/koningdrone-copyright-logo.svg\",\"width\":227,\"height\":38,\"caption\":\"Koningdrone.be\"},\"image\":{\"@id\":\"https:\/\/koningdrone.be\/#\/schema\/logo\/image\/\"}}]}<\/script>\n<!-- \/ Yoast SEO Premium plugin. -->","yoast_head_json":{"title":"DJI DL Lens ND Filters Set - koningdrone.be","robots":{"index":"index","follow":"follow","max-snippet":"max-snippet:-1","max-image-preview":"max-image-preview:large","max-video-preview":"max-video-preview:-1"},"canonical":"https:\/\/koningdrone.be\/fr\/produit\/dji-dl-lens-nd-filters-set\/","og_locale":"fr_FR","og_type":"article","og_title":"DJI DL Lens ND Filters Set","og_description":"Ontworpen voor de Zenmuse-serie Inclusief ND4\/8\/16\/32\/64\/128 filters en DL-lensbeschermer Vermindert de lichttransmissie om het diafragma en de sluitertijd te regelen Precisieoptiek behoudt levensechte kleuren Compatibel met DJI Cinema Color-systeem Hoogwaardige coating vermindert verblinding Water- en vlekbestendige coating voor eenvoudige reiniging Antistatische lensbeschermer voor extra bescherming","og_url":"https:\/\/koningdrone.be\/fr\/produit\/dji-dl-lens-nd-filters-set\/","og_site_name":"koningdrone.be","article_modified_time":"2026-04-29T05:10:35+00:00","og_image":[{"width":1200,"height":800,"url":"https:\/\/koningdrone.be\/wp-content\/uploads\/sites\/13\/2025\/04\/large_4f3d771a-e175-4208-9b0d-275b064a957d.jpg","type":"image\/jpeg"}],"twitter_card":"summary_large_image","twitter_misc":{"Dur\u00e9e de lecture est.":"2 minutes"},"schema":{"@context":"https:\/\/schema.org","@graph":[{"@type":"WebPage","@id":"https:\/\/koningdrone.be\/product\/dji-dl-lens-nd-filters-set\/","url":"https:\/\/koningdrone.be\/product\/dji-dl-lens-nd-filters-set\/","name":"DJI DL Lens ND Filters Set - koningdrone.be","isPartOf":{"@id":"https:\/\/koningdrone.be\/#website"},"primaryImageOfPage":{"@id":"https:\/\/koningdrone.be\/product\/dji-dl-lens-nd-filters-set\/#primaryimage"},"image":{"@id":"https:\/\/koningdrone.be\/product\/dji-dl-lens-nd-filters-set\/#primaryimage"},"thumbnailUrl":"https:\/\/koningdrone.be\/wp-content\/uploads\/sites\/13\/2025\/04\/large_4f3d771a-e175-4208-9b0d-275b064a957d.jpg","datePublished":"2024-03-14T10:26:00+00:00","dateModified":"2026-04-29T05:10:35+00:00","breadcrumb":{"@id":"https:\/\/koningdrone.be\/product\/dji-dl-lens-nd-filters-set\/#breadcrumb"},"inLanguage":"fr-BE","potentialAction":[{"@type":"ReadAction","target":["https:\/\/koningdrone.be\/product\/dji-dl-lens-nd-filters-set\/"]}]},{"@type":"ImageObject","inLanguage":"fr-BE","@id":"https:\/\/koningdrone.be\/product\/dji-dl-lens-nd-filters-set\/#primaryimage","url":"https:\/\/koningdrone.be\/wp-content\/uploads\/sites\/13\/2025\/04\/large_4f3d771a-e175-4208-9b0d-275b064a957d.jpg","contentUrl":"https:\/\/koningdrone.be\/wp-content\/uploads\/sites\/13\/2025\/04\/large_4f3d771a-e175-4208-9b0d-275b064a957d.jpg","width":1200,"height":800},{"@type":"BreadcrumbList","@id":"https:\/\/koningdrone.be\/product\/dji-dl-lens-nd-filters-set\/#breadcrumb","itemListElement":[{"@type":"ListItem","position":1,"name":"Home","item":"https:\/\/koningdrone.be\/"},{"@type":"ListItem","position":2,"name":"AVSS Parachute Recovery System for DJI Matrice 300\/350","item":"https:\/\/koningdrone.be\/product\/avss-parachute-recovery-system-for-dji-matrice-300-350\/"},{"@type":"ListItem","position":3,"name":"Alle ND Filters","item":"https:\/\/koningdrone.be\/categorie\/alle-nd-filters\/"},{"@type":"ListItem","position":4,"name":"DJI DL Lens ND Filters Set"}]},{"@type":"WebSite","@id":"https:\/\/koningdrone.be\/#website","url":"https:\/\/koningdrone.be\/","name":"Koningdrone.be - Votre sp\u00e9cialiste en ligne en mati\u00e8re de drones, de cardans, de cam\u00e9ras et de centrales \u00e9lectriques.","description":"La boutique en ligne de drones et de cardans","publisher":{"@id":"https:\/\/koningdrone.be\/#organization"},"potentialAction":[{"@type":"SearchAction","target":{"@type":"EntryPoint","urlTemplate":"https:\/\/koningdrone.be\/?s={search_term_string}"},"query-input":{"@type":"PropertyValueSpecification","valueRequired":true,"valueName":"search_term_string"}}],"inLanguage":"fr-BE"},{"@type":"Organization","@id":"https:\/\/koningdrone.be\/#organization","name":"Kingdrone.co.uk","url":"https:\/\/koningdrone.be\/","logo":{"@type":"ImageObject","inLanguage":"fr-BE","@id":"https:\/\/koningdrone.be\/#\/schema\/logo\/image\/","url":"https:\/\/koningdrone.be\/wp-content\/uploads\/sites\/13\/2025\/04\/koningdrone-copyright-logo.svg","contentUrl":"https:\/\/koningdrone.be\/wp-content\/uploads\/sites\/13\/2025\/04\/koningdrone-copyright-logo.svg","width":227,"height":38,"caption":"Koningdrone.be"},"image":{"@id":"https:\/\/koningdrone.be\/#\/schema\/logo\/image\/"}}]}},"df_price":"","df_sale_price":"","df_regular_price":"","df_image_link":"https:\/\/koningdrone.be\/wp-content\/uploads\/sites\/13\/2025\/04\/large_4f3d771a-e175-4208-9b0d-275b064a957d-300x200.jpg","_links":{"self":[{"href":"https:\/\/koningdrone.be\/fr\/wp-json\/wp\/v2\/product\/3862","targetHints":{"allow":["GET"]}}],"collection":[{"href":"https:\/\/koningdrone.be\/fr\/wp-json\/wp\/v2\/product"}],"about":[{"href":"https:\/\/koningdrone.be\/fr\/wp-json\/wp\/v2\/types\/product"}],"wp:featuredmedia":[{"embeddable":true,"href":"https:\/\/koningdrone.be\/fr\/wp-json\/wp\/v2\/media\/3860"}],"wp:attachment":[{"href":"https:\/\/koningdrone.be\/fr\/wp-json\/wp\/v2\/media?parent=3862"}],"wp:term":[{"taxonomy":"product_brand","embeddable":true,"href":"https:\/\/koningdrone.be\/fr\/wp-json\/wp\/v2\/product_brand?post=3862"},{"taxonomy":"product_cat","embeddable":true,"href":"https:\/\/koningdrone.be\/fr\/wp-json\/wp\/v2\/product_cat?post=3862"},{"taxonomy":"product_tag","embeddable":true,"href":"https:\/\/koningdrone.be\/fr\/wp-json\/wp\/v2\/product_tag?post=3862"}],"curies":[{"name":"wp","href":"https:\/\/api.w.org\/{rel}","templated":true}]}}