{"id":3856,"date":"2024-03-14T11:26:00","date_gmt":"2024-03-14T11:26:00","guid":{"rendered":"https:\/\/koningdrone.nl\/kon\/product\/osmo-action-4-protective-camera-decal-celestial-gray\/"},"modified":"2025-04-29T11:58:19","modified_gmt":"2025-04-29T11:58:19","slug":"osmo-action-4-protective-camera-decal-celestial-gray","status":"publish","type":"product","link":"https:\/\/koningdrone.be\/fr\/produit\/osmo-action-4-protective-camera-decal-celestial-gray\/","title":{"rendered":"D\u00e9calque de protection de la cam\u00e9ra Osmo Action 4 (gris c\u00e9leste)"},"content":{"rendered":"<p> Notre autocollant unique pour cam\u00e9ra est sp\u00e9cialement con\u00e7u pour l'Osmo Action 4 et permet d'am\u00e9liorer l'esth\u00e9tique et la durabilit\u00e9. Inspir\u00e9 par la robotique futuriste et les motifs de camouflage bleus \u00e9l\u00e9gants, cet embl\u00e8me permet non seulement \u00e0 votre cam\u00e9ra de se d\u00e9marquer, mais il lui conf\u00e8re \u00e9galement une solide couche de protection.<\/p>\n<p><strong>Mat\u00e9riau de haute qualit\u00e9<\/strong><\/p>\n<p> Fabriqu\u00e9 \u00e0 partir des m\u00eames mat\u00e9riaux de film vinyle de haute qualit\u00e9 que ceux utilis\u00e9s pour les voitures, il prot\u00e8ge votre appareil photo des \u00e9l\u00e9ments, qu'il s'agisse d'eau ou de poussi\u00e8re. De plus, il est con\u00e7u pour r\u00e9sister aux rayures afin que vos aventures ne laissent aucune trace. Que vous naviguiez sur un terrain accident\u00e9 ou que vous soyez simplement en d\u00e9placement, les chocs et les coups ne sont plus un probl\u00e8me.<\/p>\n<p><strong>Une application sans faille<\/strong><\/p>\n<p> Ce qui distingue notre autocollant, c'est son application sans faille. Il adh\u00e8re fermement \u00e0 votre appareil photo et veille \u00e0 ce qu'il reste en place pendant toutes vos activit\u00e9s. Et lorsque le moment est venu de changer, il est tout aussi facile de le retirer, sans qu'aucun r\u00e9sidu collant ne subsiste.<\/p>\n<p><strong>Fonctionnalit\u00e9 et style<\/strong><\/p>\n<p> Am\u00e9liorez la fonctionnalit\u00e9 et le style de votre Osmo Action 4 avec notre autocollant de protection : un accessoire essentiel pour les d\u00e9butants et les experts.<\/p>\n<p><\/p>","protected":false},"excerpt":{"rendered":"<ul>\n<li>Adapt\u00e9 pour Osmo Action 4<\/li>\n<li> Inspir\u00e9 par des mod\u00e8les robotiques de haute technologie<\/li>\n<li> Motif camouflage bleu<\/li>\n<li> Film vinyle de qualit\u00e9 automobile<\/li>\n<li> Imperm\u00e9able et r\u00e9sistant aux rayures<\/li>\n<li> Prot\u00e8ge contre les chocs et les coups<\/li>\n<li> Adh\u00e9sion s\u00fbre, pas de r\u00e9sidus<\/li>\n<\/ul>","protected":false},"featured_media":3854,"template":"","meta":{"_acf_changed":false},"product_brand":[],"product_cat":[756,410,97,297,757],"product_tag":[],"class_list":{"0":"post-3856","1":"product","2":"type-product","3":"status-publish","4":"has-post-thumbnail","6":"product_cat-accessoires","7":"product_cat-alle-handheld-gimbals","8":"product_cat-alle-producten","9":"product_cat-dji-osmo","10":"product_cat-dji-osmo-action","11":"pa_brand-dji","12":"pa_productfamily-skin","13":"pa_producttype-skin","14":"pa_series-osmo-action","16":"first","17":"instock","18":"taxable","19":"shipping-taxable","20":"product-type-simple"},"acf":[],"yoast_head":"<!-- This site is optimized with the Yoast SEO Premium plugin v27.2 (Yoast SEO v27.2) - https:\/\/yoast.com\/product\/yoast-seo-premium-wordpress\/ -->\n<title>Osmo Action 4 Protective Camera Decal (Celestial Gray) - koningdrone.be<\/title>\n<meta name=\"robots\" content=\"index, follow, max-snippet:-1, max-image-preview:large, max-video-preview:-1\" \/>\n<link rel=\"canonical\" href=\"https:\/\/koningdrone.be\/fr\/produit\/osmo-action-4-protective-camera-decal-celestial-gray\/\" \/>\n<meta property=\"og:locale\" content=\"fr_FR\" \/>\n<meta property=\"og:type\" content=\"article\" \/>\n<meta property=\"og:title\" content=\"Osmo Action 4 Protective Camera Decal (Celestial Gray)\" \/>\n<meta property=\"og:description\" content=\"Aangepast voor Osmo Action 4 Ge\u00efnspireerd door hightech robotpatronen Blauw camouflageontwerp Vinylfoliemateriaal van autokwaliteit Waterdicht en krasbestendig Beschermt tegen stoten en stoten Veilige hechting, geen residu\" \/>\n<meta property=\"og:url\" content=\"https:\/\/koningdrone.be\/fr\/produit\/osmo-action-4-protective-camera-decal-celestial-gray\/\" \/>\n<meta property=\"og:site_name\" content=\"koningdrone.be\" \/>\n<meta property=\"article:modified_time\" content=\"2025-04-29T11:58:19+00:00\" \/>\n<meta property=\"og:image\" content=\"https:\/\/koningdrone.be\/wp-content\/uploads\/sites\/13\/2025\/04\/9de515bd08e453d10f3a8d7db43817b3@large.jpg\" \/>\n\t<meta property=\"og:image:width\" content=\"1200\" \/>\n\t<meta property=\"og:image:height\" content=\"800\" \/>\n\t<meta property=\"og:image:type\" content=\"image\/jpeg\" \/>\n<meta name=\"twitter:card\" content=\"summary_large_image\" \/>\n<meta name=\"twitter:label1\" content=\"Dur\u00e9e de lecture est.\" \/>\n\t<meta name=\"twitter:data1\" content=\"1 minute\" \/>\n<script type=\"application\/ld+json\" class=\"yoast-schema-graph\">{\"@context\":\"https:\/\/schema.org\",\"@graph\":[{\"@type\":\"WebPage\",\"@id\":\"https:\/\/koningdrone.be\/product\/osmo-action-4-protective-camera-decal-celestial-gray\/\",\"url\":\"https:\/\/koningdrone.be\/product\/osmo-action-4-protective-camera-decal-celestial-gray\/\",\"name\":\"Osmo Action 4 Protective Camera Decal (Celestial Gray) - koningdrone.be\",\"isPartOf\":{\"@id\":\"https:\/\/koningdrone.be\/#website\"},\"primaryImageOfPage\":{\"@id\":\"https:\/\/koningdrone.be\/product\/osmo-action-4-protective-camera-decal-celestial-gray\/#primaryimage\"},\"image\":{\"@id\":\"https:\/\/koningdrone.be\/product\/osmo-action-4-protective-camera-decal-celestial-gray\/#primaryimage\"},\"thumbnailUrl\":\"https:\/\/koningdrone.be\/wp-content\/uploads\/sites\/13\/2025\/04\/9de515bd08e453d10f3a8d7db43817b3@large.jpg\",\"datePublished\":\"2024-03-14T11:26:00+00:00\",\"dateModified\":\"2025-04-29T11:58:19+00:00\",\"breadcrumb\":{\"@id\":\"https:\/\/koningdrone.be\/product\/osmo-action-4-protective-camera-decal-celestial-gray\/#breadcrumb\"},\"inLanguage\":\"fr-BE\",\"potentialAction\":[{\"@type\":\"ReadAction\",\"target\":[\"https:\/\/koningdrone.be\/product\/osmo-action-4-protective-camera-decal-celestial-gray\/\"]}]},{\"@type\":\"ImageObject\",\"inLanguage\":\"fr-BE\",\"@id\":\"https:\/\/koningdrone.be\/product\/osmo-action-4-protective-camera-decal-celestial-gray\/#primaryimage\",\"url\":\"https:\/\/koningdrone.be\/wp-content\/uploads\/sites\/13\/2025\/04\/9de515bd08e453d10f3a8d7db43817b3@large.jpg\",\"contentUrl\":\"https:\/\/koningdrone.be\/wp-content\/uploads\/sites\/13\/2025\/04\/9de515bd08e453d10f3a8d7db43817b3@large.jpg\",\"width\":1200,\"height\":800},{\"@type\":\"BreadcrumbList\",\"@id\":\"https:\/\/koningdrone.be\/product\/osmo-action-4-protective-camera-decal-celestial-gray\/#breadcrumb\",\"itemListElement\":[{\"@type\":\"ListItem\",\"position\":1,\"name\":\"Home\",\"item\":\"https:\/\/koningdrone.be\/\"},{\"@type\":\"ListItem\",\"position\":2,\"name\":\"AVSS Parachute Recovery System for DJI Matrice 300\/350\",\"item\":\"https:\/\/koningdrone.be\/product\/avss-parachute-recovery-system-for-dji-matrice-300-350\/\"},{\"@type\":\"ListItem\",\"position\":3,\"name\":\"Accessoires\",\"item\":\"https:\/\/koningdrone.be\/categorie\/accessoires\/\"},{\"@type\":\"ListItem\",\"position\":4,\"name\":\"Osmo Action 4 Protective Camera Decal (Celestial Gray)\"}]},{\"@type\":\"WebSite\",\"@id\":\"https:\/\/koningdrone.be\/#website\",\"url\":\"https:\/\/koningdrone.be\/\",\"name\":\"Koningdrone.be - Uw online specialist in drones, gimbals, camera's en power stations.\",\"description\":\"De webshop in drones en gimbals\",\"publisher\":{\"@id\":\"https:\/\/koningdrone.be\/#organization\"},\"potentialAction\":[{\"@type\":\"SearchAction\",\"target\":{\"@type\":\"EntryPoint\",\"urlTemplate\":\"https:\/\/koningdrone.be\/?s={search_term_string}\"},\"query-input\":{\"@type\":\"PropertyValueSpecification\",\"valueRequired\":true,\"valueName\":\"search_term_string\"}}],\"inLanguage\":\"fr-BE\"},{\"@type\":\"Organization\",\"@id\":\"https:\/\/koningdrone.be\/#organization\",\"name\":\"Koningdrone.be\",\"url\":\"https:\/\/koningdrone.be\/\",\"logo\":{\"@type\":\"ImageObject\",\"inLanguage\":\"fr-BE\",\"@id\":\"https:\/\/koningdrone.be\/#\/schema\/logo\/image\/\",\"url\":\"https:\/\/koningdrone.be\/wp-content\/uploads\/sites\/13\/2025\/04\/koningdrone-copyright-logo.svg\",\"contentUrl\":\"https:\/\/koningdrone.be\/wp-content\/uploads\/sites\/13\/2025\/04\/koningdrone-copyright-logo.svg\",\"width\":227,\"height\":38,\"caption\":\"Koningdrone.be\"},\"image\":{\"@id\":\"https:\/\/koningdrone.be\/#\/schema\/logo\/image\/\"}}]}<\/script>\n<!-- \/ Yoast SEO Premium plugin. -->","yoast_head_json":{"title":"Osmo Action 4 Protective Camera Decal (Celestial Gray) - koningdrone.be","robots":{"index":"index","follow":"follow","max-snippet":"max-snippet:-1","max-image-preview":"max-image-preview:large","max-video-preview":"max-video-preview:-1"},"canonical":"https:\/\/koningdrone.be\/fr\/produit\/osmo-action-4-protective-camera-decal-celestial-gray\/","og_locale":"fr_FR","og_type":"article","og_title":"Osmo Action 4 Protective Camera Decal (Celestial Gray)","og_description":"Aangepast voor Osmo Action 4 Ge\u00efnspireerd door hightech robotpatronen Blauw camouflageontwerp Vinylfoliemateriaal van autokwaliteit Waterdicht en krasbestendig Beschermt tegen stoten en stoten Veilige hechting, geen residu","og_url":"https:\/\/koningdrone.be\/fr\/produit\/osmo-action-4-protective-camera-decal-celestial-gray\/","og_site_name":"koningdrone.be","article_modified_time":"2025-04-29T11:58:19+00:00","og_image":[{"width":1200,"height":800,"url":"https:\/\/koningdrone.be\/wp-content\/uploads\/sites\/13\/2025\/04\/9de515bd08e453d10f3a8d7db43817b3@large.jpg","type":"image\/jpeg"}],"twitter_card":"summary_large_image","twitter_misc":{"Dur\u00e9e de lecture est.":"1 minute"},"schema":{"@context":"https:\/\/schema.org","@graph":[{"@type":"WebPage","@id":"https:\/\/koningdrone.be\/product\/osmo-action-4-protective-camera-decal-celestial-gray\/","url":"https:\/\/koningdrone.be\/product\/osmo-action-4-protective-camera-decal-celestial-gray\/","name":"Osmo Action 4 Protective Camera Decal (Celestial Gray) - koningdrone.be","isPartOf":{"@id":"https:\/\/koningdrone.be\/#website"},"primaryImageOfPage":{"@id":"https:\/\/koningdrone.be\/product\/osmo-action-4-protective-camera-decal-celestial-gray\/#primaryimage"},"image":{"@id":"https:\/\/koningdrone.be\/product\/osmo-action-4-protective-camera-decal-celestial-gray\/#primaryimage"},"thumbnailUrl":"https:\/\/koningdrone.be\/wp-content\/uploads\/sites\/13\/2025\/04\/9de515bd08e453d10f3a8d7db43817b3@large.jpg","datePublished":"2024-03-14T11:26:00+00:00","dateModified":"2025-04-29T11:58:19+00:00","breadcrumb":{"@id":"https:\/\/koningdrone.be\/product\/osmo-action-4-protective-camera-decal-celestial-gray\/#breadcrumb"},"inLanguage":"fr-BE","potentialAction":[{"@type":"ReadAction","target":["https:\/\/koningdrone.be\/product\/osmo-action-4-protective-camera-decal-celestial-gray\/"]}]},{"@type":"ImageObject","inLanguage":"fr-BE","@id":"https:\/\/koningdrone.be\/product\/osmo-action-4-protective-camera-decal-celestial-gray\/#primaryimage","url":"https:\/\/koningdrone.be\/wp-content\/uploads\/sites\/13\/2025\/04\/9de515bd08e453d10f3a8d7db43817b3@large.jpg","contentUrl":"https:\/\/koningdrone.be\/wp-content\/uploads\/sites\/13\/2025\/04\/9de515bd08e453d10f3a8d7db43817b3@large.jpg","width":1200,"height":800},{"@type":"BreadcrumbList","@id":"https:\/\/koningdrone.be\/product\/osmo-action-4-protective-camera-decal-celestial-gray\/#breadcrumb","itemListElement":[{"@type":"ListItem","position":1,"name":"Home","item":"https:\/\/koningdrone.be\/"},{"@type":"ListItem","position":2,"name":"AVSS Parachute Recovery System for DJI Matrice 300\/350","item":"https:\/\/koningdrone.be\/product\/avss-parachute-recovery-system-for-dji-matrice-300-350\/"},{"@type":"ListItem","position":3,"name":"Accessoires","item":"https:\/\/koningdrone.be\/categorie\/accessoires\/"},{"@type":"ListItem","position":4,"name":"Osmo Action 4 Protective Camera Decal (Celestial Gray)"}]},{"@type":"WebSite","@id":"https:\/\/koningdrone.be\/#website","url":"https:\/\/koningdrone.be\/","name":"Koningdrone.be - Votre sp\u00e9cialiste en ligne en mati\u00e8re de drones, de cardans, de cam\u00e9ras et de centrales \u00e9lectriques.","description":"La boutique en ligne de drones et de cardans","publisher":{"@id":"https:\/\/koningdrone.be\/#organization"},"potentialAction":[{"@type":"SearchAction","target":{"@type":"EntryPoint","urlTemplate":"https:\/\/koningdrone.be\/?s={search_term_string}"},"query-input":{"@type":"PropertyValueSpecification","valueRequired":true,"valueName":"search_term_string"}}],"inLanguage":"fr-BE"},{"@type":"Organization","@id":"https:\/\/koningdrone.be\/#organization","name":"Kingdrone.co.uk","url":"https:\/\/koningdrone.be\/","logo":{"@type":"ImageObject","inLanguage":"fr-BE","@id":"https:\/\/koningdrone.be\/#\/schema\/logo\/image\/","url":"https:\/\/koningdrone.be\/wp-content\/uploads\/sites\/13\/2025\/04\/koningdrone-copyright-logo.svg","contentUrl":"https:\/\/koningdrone.be\/wp-content\/uploads\/sites\/13\/2025\/04\/koningdrone-copyright-logo.svg","width":227,"height":38,"caption":"Koningdrone.be"},"image":{"@id":"https:\/\/koningdrone.be\/#\/schema\/logo\/image\/"}}]}},"df_price":"","df_sale_price":"","df_regular_price":"","df_image_link":"https:\/\/koningdrone.be\/wp-content\/uploads\/sites\/13\/2025\/04\/9de515bd08e453d10f3a8d7db43817b3@large-300x200.jpg","_links":{"self":[{"href":"https:\/\/koningdrone.be\/fr\/wp-json\/wp\/v2\/product\/3856","targetHints":{"allow":["GET"]}}],"collection":[{"href":"https:\/\/koningdrone.be\/fr\/wp-json\/wp\/v2\/product"}],"about":[{"href":"https:\/\/koningdrone.be\/fr\/wp-json\/wp\/v2\/types\/product"}],"wp:featuredmedia":[{"embeddable":true,"href":"https:\/\/koningdrone.be\/fr\/wp-json\/wp\/v2\/media\/3854"}],"wp:attachment":[{"href":"https:\/\/koningdrone.be\/fr\/wp-json\/wp\/v2\/media?parent=3856"}],"wp:term":[{"taxonomy":"product_brand","embeddable":true,"href":"https:\/\/koningdrone.be\/fr\/wp-json\/wp\/v2\/product_brand?post=3856"},{"taxonomy":"product_cat","embeddable":true,"href":"https:\/\/koningdrone.be\/fr\/wp-json\/wp\/v2\/product_cat?post=3856"},{"taxonomy":"product_tag","embeddable":true,"href":"https:\/\/koningdrone.be\/fr\/wp-json\/wp\/v2\/product_tag?post=3856"}],"curies":[{"name":"wp","href":"https:\/\/api.w.org\/{rel}","templated":true}]}}