{"id":3853,"date":"2024-03-14T11:59:05","date_gmt":"2024-03-14T10:59:05","guid":{"rendered":"https:\/\/koningdrone.nl\/kon\/product\/osmo-action-surfing-tether-kit\/"},"modified":"2026-04-29T04:00:08","modified_gmt":"2026-04-29T02:00:08","slug":"osmo-action-surfing-tether-kit","status":"publish","type":"product","link":"https:\/\/koningdrone.be\/fr\/produit\/osmo-action-surfing-tether-kit\/","title":{"rendered":"Kit d'attache Osmo Action Surfing"},"content":{"rendered":"<p> Ce produit est con\u00e7u avec une base auto-adh\u00e9sive robuste qui permet un montage s\u00fbr sur diff\u00e9rentes surfaces. Parfaitement adapt\u00e9 aux cam\u00e9ras d'action, il est sp\u00e9cifiquement con\u00e7u pour r\u00e9pondre aux besoins des amateurs de sports extr\u00eames qui souhaitent immortaliser leurs aventures sur une cam\u00e9ra. La large base autocollante est compatible avec les surfaces couramment utilis\u00e9es dans les \u00e9quipements sportifs, ce qui en fait un accessoire polyvalent pour des activit\u00e9s allant du surf au snowboard.<\/p>\n<p><strong>Fonctions de s\u00e9curit\u00e9 renforc\u00e9es<\/strong><\/p>\n<p> Ce support est accompagn\u00e9 d'une cha\u00eene de surf, sp\u00e9cialement con\u00e7ue pour offrir une s\u00e9curit\u00e9 suppl\u00e9mentaire \u00e0 votre cam\u00e9ra d'action Osmo. Cette fonction est con\u00e7ue pour \u00e9viter de perdre ou d'endommager votre cam\u00e9ra si elle se d\u00e9tache du support. Elle garantit que votre cam\u00e9ra reste connect\u00e9e \u00e0 vous ou \u00e0 votre \u00e9quipement, afin que vous puissiez vous concentrer sur l'excitation de votre sport sans vous soucier de la s\u00e9curit\u00e9 de votre cam\u00e9ra.<\/p>\n<p><strong>Installation facile<\/strong><\/p>\n<p> Le processus d'installation est facile gr\u00e2ce \u00e0 la technologie adh\u00e9sive 3M utilis\u00e9e dans la base du produit. Cet adh\u00e9sif puissant garantit qu'une fois en place, le support reste fermement en place, cr\u00e9ant ainsi une plateforme fiable pour votre appareil photo. Que vous le fixiez \u00e0 une planche de surf, \u00e0 un snowboard ou \u00e0 un autre appareil, vous pouvez compter sur la stabilit\u00e9 du support et sur la s\u00e9curit\u00e9 de votre appareil photo dans toutes les conditions.<\/p>\n<p><strong>Compatibilit\u00e9 et utilisation<\/strong><\/p>\n<p> Con\u00e7ue dans un souci de polyvalence, cette fixation convient \u00e0 une large gamme de cam\u00e9ras d'action, notamment la s\u00e9rie Osmo Action. C'est l'accessoire id\u00e9al pour les sportifs qui aiment documenter leurs exp\u00e9riences. Que vous surfiez sur des vagues ou que vous fassiez du snowboard, ce support, associ\u00e9 \u00e0 la base autocollante et \u00e0 la sangle de fixation, permet \u00e0 votre cam\u00e9ra d'immortaliser chaque instant en toute s\u00e9curit\u00e9 et en toute transparence.<\/p>\n<p><\/p>","protected":false},"excerpt":{"rendered":"<ul>\n<li>Large base adh\u00e9sive plate pour une forte adh\u00e9sion \u00e0 la surface.<\/li>\n<li> L'adh\u00e9sif 3M permet de fixer l'appareil photo \u00e0 l'\u00e9quipement de sport.<\/li>\n<li> Id\u00e9al pour les planches de surf et de snowboard.<\/li>\n<li> La cha\u00eene de surf prot\u00e8ge la cam\u00e9ra d'action Osmo.<\/li>\n<li> Pr\u00e9vient les pertes et les dommages lors de la pratique du surf et du snowboard.<\/li>\n<li> Permet d'enregistrer sans souci les sports de haute intensit\u00e9.<\/li>\n<\/ul>","protected":false},"featured_media":3851,"template":"","meta":{"_acf_changed":false},"product_brand":[],"product_cat":[756,410,97,297,757],"product_tag":[],"class_list":{"0":"post-3853","1":"product","2":"type-product","3":"status-publish","4":"has-post-thumbnail","6":"product_cat-accessoires","7":"product_cat-alle-handheld-gimbals","8":"product_cat-alle-producten","9":"product_cat-dji-osmo","10":"product_cat-dji-osmo-action","11":"product_shipping_class-acsystemsall","12":"pa_brand-dji","13":"pa_productfamily-tethering","14":"pa_producttype-tethering","15":"pa_series-osmo-action","17":"first","18":"instock","19":"taxable","20":"shipping-taxable","21":"purchasable","22":"product-type-simple"},"acf":[],"yoast_head":"<!-- This site is optimized with the Yoast SEO Premium plugin v27.2 (Yoast SEO v27.2) - https:\/\/yoast.com\/product\/yoast-seo-premium-wordpress\/ -->\n<title>Osmo Action Surfing Tether Kit - koningdrone.be<\/title>\n<meta name=\"robots\" content=\"index, follow, max-snippet:-1, max-image-preview:large, max-video-preview:-1\" \/>\n<link rel=\"canonical\" href=\"https:\/\/koningdrone.be\/fr\/produit\/osmo-action-surfing-tether-kit\/\" \/>\n<meta property=\"og:locale\" content=\"fr_FR\" \/>\n<meta property=\"og:type\" content=\"article\" \/>\n<meta property=\"og:title\" content=\"Osmo Action Surfing Tether Kit\" \/>\n<meta property=\"og:description\" content=\"Grote platte lijmbasis voor sterke oppervlaktehechting. 3M-lijm bevestigt de camera aan sportuitrusting. Ideaal voor surfplanken en snowboards. Surfketting beschermt de Osmo Action-camera. Voorkomt verlies en schade tijdens het surfen en snowboarden. Maakt zorgeloze opnames van sporten met hoge intensiteit mogelijk.\" \/>\n<meta property=\"og:url\" content=\"https:\/\/koningdrone.be\/fr\/produit\/osmo-action-surfing-tether-kit\/\" \/>\n<meta property=\"og:site_name\" content=\"koningdrone.be\" \/>\n<meta property=\"article:modified_time\" content=\"2026-04-29T02:00:08+00:00\" \/>\n<meta property=\"og:image\" content=\"https:\/\/koningdrone.be\/wp-content\/uploads\/sites\/13\/2025\/04\/f11003b291116a8791a2bb6bdeb09734@large.jpg\" \/>\n\t<meta property=\"og:image:width\" content=\"1200\" \/>\n\t<meta property=\"og:image:height\" content=\"800\" \/>\n\t<meta property=\"og:image:type\" content=\"image\/jpeg\" \/>\n<meta name=\"twitter:card\" content=\"summary_large_image\" \/>\n<meta name=\"twitter:label1\" content=\"Dur\u00e9e de lecture est.\" \/>\n\t<meta name=\"twitter:data1\" content=\"1 minute\" \/>\n<script type=\"application\/ld+json\" class=\"yoast-schema-graph\">{\"@context\":\"https:\/\/schema.org\",\"@graph\":[{\"@type\":\"WebPage\",\"@id\":\"https:\/\/koningdrone.be\/product\/osmo-action-surfing-tether-kit\/\",\"url\":\"https:\/\/koningdrone.be\/product\/osmo-action-surfing-tether-kit\/\",\"name\":\"Osmo Action Surfing Tether Kit - koningdrone.be\",\"isPartOf\":{\"@id\":\"https:\/\/koningdrone.be\/#website\"},\"primaryImageOfPage\":{\"@id\":\"https:\/\/koningdrone.be\/product\/osmo-action-surfing-tether-kit\/#primaryimage\"},\"image\":{\"@id\":\"https:\/\/koningdrone.be\/product\/osmo-action-surfing-tether-kit\/#primaryimage\"},\"thumbnailUrl\":\"https:\/\/koningdrone.be\/wp-content\/uploads\/sites\/13\/2025\/04\/f11003b291116a8791a2bb6bdeb09734@large.jpg\",\"datePublished\":\"2024-03-14T10:59:05+00:00\",\"dateModified\":\"2026-04-29T02:00:08+00:00\",\"breadcrumb\":{\"@id\":\"https:\/\/koningdrone.be\/product\/osmo-action-surfing-tether-kit\/#breadcrumb\"},\"inLanguage\":\"fr-BE\",\"potentialAction\":[{\"@type\":\"ReadAction\",\"target\":[\"https:\/\/koningdrone.be\/product\/osmo-action-surfing-tether-kit\/\"]}]},{\"@type\":\"ImageObject\",\"inLanguage\":\"fr-BE\",\"@id\":\"https:\/\/koningdrone.be\/product\/osmo-action-surfing-tether-kit\/#primaryimage\",\"url\":\"https:\/\/koningdrone.be\/wp-content\/uploads\/sites\/13\/2025\/04\/f11003b291116a8791a2bb6bdeb09734@large.jpg\",\"contentUrl\":\"https:\/\/koningdrone.be\/wp-content\/uploads\/sites\/13\/2025\/04\/f11003b291116a8791a2bb6bdeb09734@large.jpg\",\"width\":1200,\"height\":800},{\"@type\":\"BreadcrumbList\",\"@id\":\"https:\/\/koningdrone.be\/product\/osmo-action-surfing-tether-kit\/#breadcrumb\",\"itemListElement\":[{\"@type\":\"ListItem\",\"position\":1,\"name\":\"Home\",\"item\":\"https:\/\/koningdrone.be\/\"},{\"@type\":\"ListItem\",\"position\":2,\"name\":\"AVSS Parachute Recovery System for DJI Matrice 300\/350\",\"item\":\"https:\/\/koningdrone.be\/product\/avss-parachute-recovery-system-for-dji-matrice-300-350\/\"},{\"@type\":\"ListItem\",\"position\":3,\"name\":\"Accessoires\",\"item\":\"https:\/\/koningdrone.be\/categorie\/accessoires\/\"},{\"@type\":\"ListItem\",\"position\":4,\"name\":\"Osmo Action Surfing Tether Kit\"}]},{\"@type\":\"WebSite\",\"@id\":\"https:\/\/koningdrone.be\/#website\",\"url\":\"https:\/\/koningdrone.be\/\",\"name\":\"Koningdrone.be - Uw online specialist in drones, gimbals, camera's en power stations.\",\"description\":\"De webshop in drones en gimbals\",\"publisher\":{\"@id\":\"https:\/\/koningdrone.be\/#organization\"},\"potentialAction\":[{\"@type\":\"SearchAction\",\"target\":{\"@type\":\"EntryPoint\",\"urlTemplate\":\"https:\/\/koningdrone.be\/?s={search_term_string}\"},\"query-input\":{\"@type\":\"PropertyValueSpecification\",\"valueRequired\":true,\"valueName\":\"search_term_string\"}}],\"inLanguage\":\"fr-BE\"},{\"@type\":\"Organization\",\"@id\":\"https:\/\/koningdrone.be\/#organization\",\"name\":\"Koningdrone.be\",\"url\":\"https:\/\/koningdrone.be\/\",\"logo\":{\"@type\":\"ImageObject\",\"inLanguage\":\"fr-BE\",\"@id\":\"https:\/\/koningdrone.be\/#\/schema\/logo\/image\/\",\"url\":\"https:\/\/koningdrone.be\/wp-content\/uploads\/sites\/13\/2025\/04\/koningdrone-copyright-logo.svg\",\"contentUrl\":\"https:\/\/koningdrone.be\/wp-content\/uploads\/sites\/13\/2025\/04\/koningdrone-copyright-logo.svg\",\"width\":227,\"height\":38,\"caption\":\"Koningdrone.be\"},\"image\":{\"@id\":\"https:\/\/koningdrone.be\/#\/schema\/logo\/image\/\"}}]}<\/script>\n<!-- \/ Yoast SEO Premium plugin. -->","yoast_head_json":{"title":"Osmo Action Surfing Tether Kit - koningdrone.be","robots":{"index":"index","follow":"follow","max-snippet":"max-snippet:-1","max-image-preview":"max-image-preview:large","max-video-preview":"max-video-preview:-1"},"canonical":"https:\/\/koningdrone.be\/fr\/produit\/osmo-action-surfing-tether-kit\/","og_locale":"fr_FR","og_type":"article","og_title":"Osmo Action Surfing Tether Kit","og_description":"Grote platte lijmbasis voor sterke oppervlaktehechting. 3M-lijm bevestigt de camera aan sportuitrusting. Ideaal voor surfplanken en snowboards. Surfketting beschermt de Osmo Action-camera. Voorkomt verlies en schade tijdens het surfen en snowboarden. Maakt zorgeloze opnames van sporten met hoge intensiteit mogelijk.","og_url":"https:\/\/koningdrone.be\/fr\/produit\/osmo-action-surfing-tether-kit\/","og_site_name":"koningdrone.be","article_modified_time":"2026-04-29T02:00:08+00:00","og_image":[{"width":1200,"height":800,"url":"https:\/\/koningdrone.be\/wp-content\/uploads\/sites\/13\/2025\/04\/f11003b291116a8791a2bb6bdeb09734@large.jpg","type":"image\/jpeg"}],"twitter_card":"summary_large_image","twitter_misc":{"Dur\u00e9e de lecture est.":"1 minute"},"schema":{"@context":"https:\/\/schema.org","@graph":[{"@type":"WebPage","@id":"https:\/\/koningdrone.be\/product\/osmo-action-surfing-tether-kit\/","url":"https:\/\/koningdrone.be\/product\/osmo-action-surfing-tether-kit\/","name":"Osmo Action Surfing Tether Kit - koningdrone.be","isPartOf":{"@id":"https:\/\/koningdrone.be\/#website"},"primaryImageOfPage":{"@id":"https:\/\/koningdrone.be\/product\/osmo-action-surfing-tether-kit\/#primaryimage"},"image":{"@id":"https:\/\/koningdrone.be\/product\/osmo-action-surfing-tether-kit\/#primaryimage"},"thumbnailUrl":"https:\/\/koningdrone.be\/wp-content\/uploads\/sites\/13\/2025\/04\/f11003b291116a8791a2bb6bdeb09734@large.jpg","datePublished":"2024-03-14T10:59:05+00:00","dateModified":"2026-04-29T02:00:08+00:00","breadcrumb":{"@id":"https:\/\/koningdrone.be\/product\/osmo-action-surfing-tether-kit\/#breadcrumb"},"inLanguage":"fr-BE","potentialAction":[{"@type":"ReadAction","target":["https:\/\/koningdrone.be\/product\/osmo-action-surfing-tether-kit\/"]}]},{"@type":"ImageObject","inLanguage":"fr-BE","@id":"https:\/\/koningdrone.be\/product\/osmo-action-surfing-tether-kit\/#primaryimage","url":"https:\/\/koningdrone.be\/wp-content\/uploads\/sites\/13\/2025\/04\/f11003b291116a8791a2bb6bdeb09734@large.jpg","contentUrl":"https:\/\/koningdrone.be\/wp-content\/uploads\/sites\/13\/2025\/04\/f11003b291116a8791a2bb6bdeb09734@large.jpg","width":1200,"height":800},{"@type":"BreadcrumbList","@id":"https:\/\/koningdrone.be\/product\/osmo-action-surfing-tether-kit\/#breadcrumb","itemListElement":[{"@type":"ListItem","position":1,"name":"Home","item":"https:\/\/koningdrone.be\/"},{"@type":"ListItem","position":2,"name":"AVSS Parachute Recovery System for DJI Matrice 300\/350","item":"https:\/\/koningdrone.be\/product\/avss-parachute-recovery-system-for-dji-matrice-300-350\/"},{"@type":"ListItem","position":3,"name":"Accessoires","item":"https:\/\/koningdrone.be\/categorie\/accessoires\/"},{"@type":"ListItem","position":4,"name":"Osmo Action Surfing Tether Kit"}]},{"@type":"WebSite","@id":"https:\/\/koningdrone.be\/#website","url":"https:\/\/koningdrone.be\/","name":"Koningdrone.be - Votre sp\u00e9cialiste en ligne en mati\u00e8re de drones, de cardans, de cam\u00e9ras et de centrales \u00e9lectriques.","description":"La boutique en ligne de drones et de cardans","publisher":{"@id":"https:\/\/koningdrone.be\/#organization"},"potentialAction":[{"@type":"SearchAction","target":{"@type":"EntryPoint","urlTemplate":"https:\/\/koningdrone.be\/?s={search_term_string}"},"query-input":{"@type":"PropertyValueSpecification","valueRequired":true,"valueName":"search_term_string"}}],"inLanguage":"fr-BE"},{"@type":"Organization","@id":"https:\/\/koningdrone.be\/#organization","name":"Kingdrone.co.uk","url":"https:\/\/koningdrone.be\/","logo":{"@type":"ImageObject","inLanguage":"fr-BE","@id":"https:\/\/koningdrone.be\/#\/schema\/logo\/image\/","url":"https:\/\/koningdrone.be\/wp-content\/uploads\/sites\/13\/2025\/04\/koningdrone-copyright-logo.svg","contentUrl":"https:\/\/koningdrone.be\/wp-content\/uploads\/sites\/13\/2025\/04\/koningdrone-copyright-logo.svg","width":227,"height":38,"caption":"Koningdrone.be"},"image":{"@id":"https:\/\/koningdrone.be\/#\/schema\/logo\/image\/"}}]}},"df_price":25,"df_sale_price":"","df_regular_price":25,"df_image_link":"https:\/\/koningdrone.be\/wp-content\/uploads\/sites\/13\/2025\/04\/f11003b291116a8791a2bb6bdeb09734@large-300x200.jpg","_links":{"self":[{"href":"https:\/\/koningdrone.be\/fr\/wp-json\/wp\/v2\/product\/3853","targetHints":{"allow":["GET"]}}],"collection":[{"href":"https:\/\/koningdrone.be\/fr\/wp-json\/wp\/v2\/product"}],"about":[{"href":"https:\/\/koningdrone.be\/fr\/wp-json\/wp\/v2\/types\/product"}],"wp:featuredmedia":[{"embeddable":true,"href":"https:\/\/koningdrone.be\/fr\/wp-json\/wp\/v2\/media\/3851"}],"wp:attachment":[{"href":"https:\/\/koningdrone.be\/fr\/wp-json\/wp\/v2\/media?parent=3853"}],"wp:term":[{"taxonomy":"product_brand","embeddable":true,"href":"https:\/\/koningdrone.be\/fr\/wp-json\/wp\/v2\/product_brand?post=3853"},{"taxonomy":"product_cat","embeddable":true,"href":"https:\/\/koningdrone.be\/fr\/wp-json\/wp\/v2\/product_cat?post=3853"},{"taxonomy":"product_tag","embeddable":true,"href":"https:\/\/koningdrone.be\/fr\/wp-json\/wp\/v2\/product_tag?post=3853"}],"curies":[{"name":"wp","href":"https:\/\/api.w.org\/{rel}","templated":true}]}}