{"id":3844,"date":"2024-03-14T11:59:05","date_gmt":"2024-03-14T10:59:05","guid":{"rendered":"https:\/\/koningdrone.nl\/kon\/product\/osmo-action-floating-case\/"},"modified":"2026-04-29T15:00:20","modified_gmt":"2026-04-29T13:00:20","slug":"osmo-action-floating-case","status":"publish","type":"product","link":"https:\/\/koningdrone.be\/fr\/produit\/osmo-action-floating-case\/","title":{"rendered":"Osmo Action Floating Case"},"content":{"rendered":"<p><strong>Protection renforc\u00e9e<\/strong><\/p>\n<p> L'\u00e9tui flottant Osmo Action est soigneusement con\u00e7u pour offrir une protection in\u00e9gal\u00e9e \u00e0 votre cam\u00e9ra d'action. En enveloppant la cam\u00e9ra en toute s\u00e9curit\u00e9, il la prot\u00e8ge des dommages potentiels caus\u00e9s par les chocs, les chutes et les facteurs environnementaux. Cette attention particuli\u00e8re port\u00e9e \u00e0 la protection de votre \u00e9quipement vous permet d'immortaliser vos aventures sans craindre d'endommager votre cam\u00e9ra.<\/p>\n<p><strong>Dispositifs de s\u00e9curit\u00e9<\/strong><\/p>\n<p> L'\u00e9tui est accompagn\u00e9 d'une dragonne durable con\u00e7ue pour offrir un niveau de s\u00e9curit\u00e9 suppl\u00e9mentaire. Cette fonction est particuli\u00e8rement utile pour \u00e9viter la perte ou la chute accidentelle de votre appareil photo, notamment dans des environnements difficiles ou lors d'activit\u00e9s dynamiques. C'est un moyen simple mais efficace de garder votre appareil photo \u00e0 port\u00e9e de main et en s\u00e9curit\u00e9.<\/p>\n<p><strong>Sauvetage en mer<\/strong><\/p>\n<p> Les accidents arrivent, mais avec l'\u00e9tui flottant Osmo Action, une chute accidentelle dans l'eau n'est pas synonyme de catastrophe. Cet \u00e9tui permet \u00e0 votre appareil photo de flotter et de remonter \u00e0 la surface au lieu de couler hors de port\u00e9e. Il s'agit d'une caract\u00e9ristique essentielle pour les activit\u00e9s aquatiques, qui permet de r\u00e9cup\u00e9rer facilement votre appareil photo.<\/p>\n<p><strong>Conception \u00e0 haute visibilit\u00e9<\/strong><\/p>\n<p> La couleur orange vif de l'\u00e9tui n'est pas seulement esth\u00e9tique, mais joue un r\u00f4le crucial dans sa fonctionnalit\u00e9. Gr\u00e2ce \u00e0 sa grande visibilit\u00e9, l'\u00e9tui, et donc votre appareil photo, sont facilement rep\u00e9rables dans l'eau. Cette couleur vive et puissante contraste fortement avec l'eau g\u00e9n\u00e9ralement bleue ou trouble, ce qui facilite la localisation et la r\u00e9cup\u00e9ration de votre cam\u00e9ra d'action.<\/p>\n<p><strong>Tranquillit\u00e9 d'esprit pour les utilisateurs<\/strong><\/p>\n<p> Que vous soyez un d\u00e9butant se lan\u00e7ant dans l'aventure de la photographie d'action ou un utilisateur exp\u00e9riment\u00e9 s'attaquant \u00e0 des environnements extr\u00eames, l'\u00e9tui flottant Osmo Action offre un sentiment de s\u00e9curit\u00e9 et de tranquillit\u00e9 d'esprit. Sachant que votre appareil photo est prot\u00e9g\u00e9 contre les chutes, la visibilit\u00e9 est assur\u00e9e et le risque de perdre votre \u00e9quipement dans l'eau est r\u00e9duit, ce qui vous permet de vous concentrer sur la capture de l'instant plut\u00f4t que de vous soucier de la s\u00e9curit\u00e9 de l'\u00e9quipement.<\/p>\n<p><\/p>","protected":false},"excerpt":{"rendered":"<ul>\n<li>Sp\u00e9cialement con\u00e7u pour la cam\u00e9ra d'action Osmo.<\/li>\n<li> Comprend une lani\u00e8re pour plus de s\u00e9curit\u00e9.<\/li>\n<li> Permet \u00e0 l'appareil photo de flotter s'il tombe dans l'eau.<\/li>\n<li> Orange vif pour une meilleure visibilit\u00e9.<\/li>\n<\/ul>","protected":false},"featured_media":3842,"template":"","meta":{"_acf_changed":false},"product_brand":[],"product_cat":[756,410,97,297,757],"product_tag":[],"class_list":{"0":"post-3844","1":"product","2":"type-product","3":"status-publish","4":"has-post-thumbnail","6":"product_cat-accessoires","7":"product_cat-alle-handheld-gimbals","8":"product_cat-alle-producten","9":"product_cat-dji-osmo","10":"product_cat-dji-osmo-action","11":"product_shipping_class-outofstock","12":"pa_brand-dji","13":"pa_productfamily-action-cam-accessoires","14":"pa_producttype-action-cam-accessoires","15":"pa_series-osmo-action","17":"first","18":"outofstock","19":"taxable","20":"shipping-taxable","21":"purchasable","22":"product-type-simple"},"acf":[],"yoast_head":"<!-- This site is optimized with the Yoast SEO Premium plugin v27.2 (Yoast SEO v27.2) - https:\/\/yoast.com\/product\/yoast-seo-premium-wordpress\/ -->\n<title>Osmo Action Floating Case - koningdrone.be<\/title>\n<meta name=\"robots\" content=\"index, follow, max-snippet:-1, max-image-preview:large, max-video-preview:-1\" \/>\n<link rel=\"canonical\" href=\"https:\/\/koningdrone.be\/fr\/produit\/osmo-action-floating-case\/\" \/>\n<meta property=\"og:locale\" content=\"fr_FR\" \/>\n<meta property=\"og:type\" content=\"article\" \/>\n<meta property=\"og:title\" content=\"Osmo Action Floating Case\" \/>\n<meta property=\"og:description\" content=\"Speciaal ontworpen voor de Osmo actiecamera. Inclusief koord voor extra veiligheid. Zorgt ervoor dat de camera blijft drijven als deze in water valt. Fel oranje voor gemakkelijke zichtbaarheid.\" \/>\n<meta property=\"og:url\" content=\"https:\/\/koningdrone.be\/fr\/produit\/osmo-action-floating-case\/\" \/>\n<meta property=\"og:site_name\" content=\"koningdrone.be\" \/>\n<meta property=\"article:modified_time\" content=\"2026-04-29T13:00:20+00:00\" \/>\n<meta property=\"og:image\" content=\"https:\/\/koningdrone.be\/wp-content\/uploads\/sites\/13\/2025\/04\/92e7707509a5a7186ca517285e9bb862@large.jpg\" \/>\n\t<meta property=\"og:image:width\" content=\"1200\" \/>\n\t<meta property=\"og:image:height\" content=\"800\" \/>\n\t<meta property=\"og:image:type\" content=\"image\/jpeg\" \/>\n<meta name=\"twitter:card\" content=\"summary_large_image\" \/>\n<meta name=\"twitter:label1\" content=\"Dur\u00e9e de lecture est.\" \/>\n\t<meta name=\"twitter:data1\" content=\"2 minutes\" \/>\n<script type=\"application\/ld+json\" class=\"yoast-schema-graph\">{\"@context\":\"https:\/\/schema.org\",\"@graph\":[{\"@type\":\"WebPage\",\"@id\":\"https:\/\/koningdrone.be\/product\/osmo-action-floating-case\/\",\"url\":\"https:\/\/koningdrone.be\/product\/osmo-action-floating-case\/\",\"name\":\"Osmo Action Floating Case - koningdrone.be\",\"isPartOf\":{\"@id\":\"https:\/\/koningdrone.be\/#website\"},\"primaryImageOfPage\":{\"@id\":\"https:\/\/koningdrone.be\/product\/osmo-action-floating-case\/#primaryimage\"},\"image\":{\"@id\":\"https:\/\/koningdrone.be\/product\/osmo-action-floating-case\/#primaryimage\"},\"thumbnailUrl\":\"https:\/\/koningdrone.be\/wp-content\/uploads\/sites\/13\/2025\/04\/92e7707509a5a7186ca517285e9bb862@large.jpg\",\"datePublished\":\"2024-03-14T10:59:05+00:00\",\"dateModified\":\"2026-04-29T13:00:20+00:00\",\"breadcrumb\":{\"@id\":\"https:\/\/koningdrone.be\/product\/osmo-action-floating-case\/#breadcrumb\"},\"inLanguage\":\"fr-BE\",\"potentialAction\":[{\"@type\":\"ReadAction\",\"target\":[\"https:\/\/koningdrone.be\/product\/osmo-action-floating-case\/\"]}]},{\"@type\":\"ImageObject\",\"inLanguage\":\"fr-BE\",\"@id\":\"https:\/\/koningdrone.be\/product\/osmo-action-floating-case\/#primaryimage\",\"url\":\"https:\/\/koningdrone.be\/wp-content\/uploads\/sites\/13\/2025\/04\/92e7707509a5a7186ca517285e9bb862@large.jpg\",\"contentUrl\":\"https:\/\/koningdrone.be\/wp-content\/uploads\/sites\/13\/2025\/04\/92e7707509a5a7186ca517285e9bb862@large.jpg\",\"width\":1200,\"height\":800},{\"@type\":\"BreadcrumbList\",\"@id\":\"https:\/\/koningdrone.be\/product\/osmo-action-floating-case\/#breadcrumb\",\"itemListElement\":[{\"@type\":\"ListItem\",\"position\":1,\"name\":\"Home\",\"item\":\"https:\/\/koningdrone.be\/\"},{\"@type\":\"ListItem\",\"position\":2,\"name\":\"AVSS Parachute Recovery System for DJI Matrice 300\/350\",\"item\":\"https:\/\/koningdrone.be\/product\/avss-parachute-recovery-system-for-dji-matrice-300-350\/\"},{\"@type\":\"ListItem\",\"position\":3,\"name\":\"Accessoires\",\"item\":\"https:\/\/koningdrone.be\/categorie\/accessoires\/\"},{\"@type\":\"ListItem\",\"position\":4,\"name\":\"Osmo Action Floating Case\"}]},{\"@type\":\"WebSite\",\"@id\":\"https:\/\/koningdrone.be\/#website\",\"url\":\"https:\/\/koningdrone.be\/\",\"name\":\"Koningdrone.be - Uw online specialist in drones, gimbals, camera's en power stations.\",\"description\":\"De webshop in drones en gimbals\",\"publisher\":{\"@id\":\"https:\/\/koningdrone.be\/#organization\"},\"potentialAction\":[{\"@type\":\"SearchAction\",\"target\":{\"@type\":\"EntryPoint\",\"urlTemplate\":\"https:\/\/koningdrone.be\/?s={search_term_string}\"},\"query-input\":{\"@type\":\"PropertyValueSpecification\",\"valueRequired\":true,\"valueName\":\"search_term_string\"}}],\"inLanguage\":\"fr-BE\"},{\"@type\":\"Organization\",\"@id\":\"https:\/\/koningdrone.be\/#organization\",\"name\":\"Koningdrone.be\",\"url\":\"https:\/\/koningdrone.be\/\",\"logo\":{\"@type\":\"ImageObject\",\"inLanguage\":\"fr-BE\",\"@id\":\"https:\/\/koningdrone.be\/#\/schema\/logo\/image\/\",\"url\":\"https:\/\/koningdrone.be\/wp-content\/uploads\/sites\/13\/2025\/04\/koningdrone-copyright-logo.svg\",\"contentUrl\":\"https:\/\/koningdrone.be\/wp-content\/uploads\/sites\/13\/2025\/04\/koningdrone-copyright-logo.svg\",\"width\":227,\"height\":38,\"caption\":\"Koningdrone.be\"},\"image\":{\"@id\":\"https:\/\/koningdrone.be\/#\/schema\/logo\/image\/\"}}]}<\/script>\n<!-- \/ Yoast SEO Premium plugin. -->","yoast_head_json":{"title":"Osmo Action Floating Case - koningdrone.be","robots":{"index":"index","follow":"follow","max-snippet":"max-snippet:-1","max-image-preview":"max-image-preview:large","max-video-preview":"max-video-preview:-1"},"canonical":"https:\/\/koningdrone.be\/fr\/produit\/osmo-action-floating-case\/","og_locale":"fr_FR","og_type":"article","og_title":"Osmo Action Floating Case","og_description":"Speciaal ontworpen voor de Osmo actiecamera. Inclusief koord voor extra veiligheid. Zorgt ervoor dat de camera blijft drijven als deze in water valt. Fel oranje voor gemakkelijke zichtbaarheid.","og_url":"https:\/\/koningdrone.be\/fr\/produit\/osmo-action-floating-case\/","og_site_name":"koningdrone.be","article_modified_time":"2026-04-29T13:00:20+00:00","og_image":[{"width":1200,"height":800,"url":"https:\/\/koningdrone.be\/wp-content\/uploads\/sites\/13\/2025\/04\/92e7707509a5a7186ca517285e9bb862@large.jpg","type":"image\/jpeg"}],"twitter_card":"summary_large_image","twitter_misc":{"Dur\u00e9e de lecture est.":"2 minutes"},"schema":{"@context":"https:\/\/schema.org","@graph":[{"@type":"WebPage","@id":"https:\/\/koningdrone.be\/product\/osmo-action-floating-case\/","url":"https:\/\/koningdrone.be\/product\/osmo-action-floating-case\/","name":"Osmo Action Floating Case - koningdrone.be","isPartOf":{"@id":"https:\/\/koningdrone.be\/#website"},"primaryImageOfPage":{"@id":"https:\/\/koningdrone.be\/product\/osmo-action-floating-case\/#primaryimage"},"image":{"@id":"https:\/\/koningdrone.be\/product\/osmo-action-floating-case\/#primaryimage"},"thumbnailUrl":"https:\/\/koningdrone.be\/wp-content\/uploads\/sites\/13\/2025\/04\/92e7707509a5a7186ca517285e9bb862@large.jpg","datePublished":"2024-03-14T10:59:05+00:00","dateModified":"2026-04-29T13:00:20+00:00","breadcrumb":{"@id":"https:\/\/koningdrone.be\/product\/osmo-action-floating-case\/#breadcrumb"},"inLanguage":"fr-BE","potentialAction":[{"@type":"ReadAction","target":["https:\/\/koningdrone.be\/product\/osmo-action-floating-case\/"]}]},{"@type":"ImageObject","inLanguage":"fr-BE","@id":"https:\/\/koningdrone.be\/product\/osmo-action-floating-case\/#primaryimage","url":"https:\/\/koningdrone.be\/wp-content\/uploads\/sites\/13\/2025\/04\/92e7707509a5a7186ca517285e9bb862@large.jpg","contentUrl":"https:\/\/koningdrone.be\/wp-content\/uploads\/sites\/13\/2025\/04\/92e7707509a5a7186ca517285e9bb862@large.jpg","width":1200,"height":800},{"@type":"BreadcrumbList","@id":"https:\/\/koningdrone.be\/product\/osmo-action-floating-case\/#breadcrumb","itemListElement":[{"@type":"ListItem","position":1,"name":"Home","item":"https:\/\/koningdrone.be\/"},{"@type":"ListItem","position":2,"name":"AVSS Parachute Recovery System for DJI Matrice 300\/350","item":"https:\/\/koningdrone.be\/product\/avss-parachute-recovery-system-for-dji-matrice-300-350\/"},{"@type":"ListItem","position":3,"name":"Accessoires","item":"https:\/\/koningdrone.be\/categorie\/accessoires\/"},{"@type":"ListItem","position":4,"name":"Osmo Action Floating Case"}]},{"@type":"WebSite","@id":"https:\/\/koningdrone.be\/#website","url":"https:\/\/koningdrone.be\/","name":"Koningdrone.be - Votre sp\u00e9cialiste en ligne en mati\u00e8re de drones, de cardans, de cam\u00e9ras et de centrales \u00e9lectriques.","description":"La boutique en ligne de drones et de cardans","publisher":{"@id":"https:\/\/koningdrone.be\/#organization"},"potentialAction":[{"@type":"SearchAction","target":{"@type":"EntryPoint","urlTemplate":"https:\/\/koningdrone.be\/?s={search_term_string}"},"query-input":{"@type":"PropertyValueSpecification","valueRequired":true,"valueName":"search_term_string"}}],"inLanguage":"fr-BE"},{"@type":"Organization","@id":"https:\/\/koningdrone.be\/#organization","name":"Kingdrone.co.uk","url":"https:\/\/koningdrone.be\/","logo":{"@type":"ImageObject","inLanguage":"fr-BE","@id":"https:\/\/koningdrone.be\/#\/schema\/logo\/image\/","url":"https:\/\/koningdrone.be\/wp-content\/uploads\/sites\/13\/2025\/04\/koningdrone-copyright-logo.svg","contentUrl":"https:\/\/koningdrone.be\/wp-content\/uploads\/sites\/13\/2025\/04\/koningdrone-copyright-logo.svg","width":227,"height":38,"caption":"Koningdrone.be"},"image":{"@id":"https:\/\/koningdrone.be\/#\/schema\/logo\/image\/"}}]}},"df_price":29,"df_sale_price":"","df_regular_price":29,"df_image_link":"https:\/\/koningdrone.be\/wp-content\/uploads\/sites\/13\/2025\/04\/92e7707509a5a7186ca517285e9bb862@large-300x200.jpg","_links":{"self":[{"href":"https:\/\/koningdrone.be\/fr\/wp-json\/wp\/v2\/product\/3844","targetHints":{"allow":["GET"]}}],"collection":[{"href":"https:\/\/koningdrone.be\/fr\/wp-json\/wp\/v2\/product"}],"about":[{"href":"https:\/\/koningdrone.be\/fr\/wp-json\/wp\/v2\/types\/product"}],"wp:featuredmedia":[{"embeddable":true,"href":"https:\/\/koningdrone.be\/fr\/wp-json\/wp\/v2\/media\/3842"}],"wp:attachment":[{"href":"https:\/\/koningdrone.be\/fr\/wp-json\/wp\/v2\/media?parent=3844"}],"wp:term":[{"taxonomy":"product_brand","embeddable":true,"href":"https:\/\/koningdrone.be\/fr\/wp-json\/wp\/v2\/product_brand?post=3844"},{"taxonomy":"product_cat","embeddable":true,"href":"https:\/\/koningdrone.be\/fr\/wp-json\/wp\/v2\/product_cat?post=3844"},{"taxonomy":"product_tag","embeddable":true,"href":"https:\/\/koningdrone.be\/fr\/wp-json\/wp\/v2\/product_tag?post=3844"}],"curies":[{"name":"wp","href":"https:\/\/api.w.org\/{rel}","templated":true}]}}