{"id":3841,"date":"2024-03-14T11:59:05","date_gmt":"2024-03-14T10:59:05","guid":{"rendered":"https:\/\/koningdrone.nl\/kon\/product\/osmo-action-mini-handlebar-mount\/"},"modified":"2026-04-29T15:10:11","modified_gmt":"2026-04-29T13:10:11","slug":"osmo-action-mini-handlebar-mount","status":"publish","type":"product","link":"https:\/\/koningdrone.be\/fr\/produit\/osmo-action-mini-handlebar-mount\/","title":{"rendered":"Osmo Action Mini Handlebar Mount"},"content":{"rendered":"<p> Cet accessoire innovant est con\u00e7u pour fixer facilement votre appareil photo au guidon de votre v\u00e9lo, afin que vous ne manquiez aucun moment de votre aventure cycliste. Que vous naviguiez dans les rues de la ville ou que vous exploriez les routes de campagne, ce support est le compagnon id\u00e9al pour immortaliser chaque instant.<\/p>\n<p><strong>Un design unique<\/strong><\/p>\n<p> Notre support pour guidon est dot\u00e9 d'une articulation \u00e0 rotule qui permet des r\u00e9glages d'angle flexibles. Il est ainsi facile de changer la perspective de votre appareil photo et d'immortaliser vos sorties sous les meilleurs angles possibles. Le design est \u00e9pur\u00e9 pour compl\u00e9ter votre exp\u00e9rience cycliste sans ajouter d'encombrement inutile.<\/p>\n<p><strong>Fixation de l'adaptateur avec blocage rapide<\/strong><\/p>\n<p> La monture est \u00e9quip\u00e9e d'un adaptateur \u00e0 d\u00e9gagement rapide qui permet d'attacher et de retirer l'appareil photo rapidement et sans probl\u00e8me. Cette fonction est particuli\u00e8rement utile pour les cyclistes qui sont toujours en mouvement et qui ont besoin d'installer ou de retirer leur \u00e9quipement rapidement et sans probl\u00e8me.<\/p>\n<p><strong>Parfait pour tous les cyclistes<\/strong><\/p>\n<p> Adapt\u00e9 aux cyclistes sur route et en ville, ce support est polyvalent et fiable. Que vous soyez un cycliste passionn\u00e9 qui immortalise ses longues randonn\u00e9es ou un navetteur qui cherche \u00e0 enregistrer ses exp\u00e9riences \u00e0 v\u00e9lo en ville, cet accessoire vous couvrira.<\/p>\n<p><strong>Installation facile<\/strong><\/p>\n<p> L'installation de ce support sur le guidon de votre v\u00e9lo est facile et ne n\u00e9cessite pas d'outils compliqu\u00e9s. La conception assure un ajustement parfait, ce qui vous permet de vous concentrer sur votre conduite pendant que votre appareil photo immortalise le voyage en toute s\u00e9curit\u00e9.<\/p>\n<p><\/p>","protected":false},"excerpt":{"rendered":"<ul>\n<li>Fixation instantan\u00e9e de l'appareil photo sur le guidon<\/li>\n<li> Conception de l'articulation \u00e0 rotule pour un r\u00e9glage facile de l'angle<\/li>\n<li> Adaptateur de montage \u00e0 d\u00e9gagement rapide inclus<\/li>\n<li> Id\u00e9al pour le cyclisme sur route et en ville<\/li>\n<\/ul>","protected":false},"featured_media":3839,"template":"","meta":{"_acf_changed":false},"product_brand":[],"product_cat":[410,97,297,757,768],"product_tag":[],"class_list":{"0":"post-3841","1":"product","2":"type-product","3":"status-publish","4":"has-post-thumbnail","6":"product_cat-alle-handheld-gimbals","7":"product_cat-alle-producten","8":"product_cat-dji-osmo","9":"product_cat-dji-osmo-action","10":"product_cat-fietsaccessoires","11":"product_shipping_class-outofstock","12":"pa_brand-dji","13":"pa_productfamily-mount","14":"pa_producttype-mount","15":"pa_series-osmo-action","17":"first","18":"outofstock","19":"taxable","20":"shipping-taxable","21":"purchasable","22":"product-type-simple"},"acf":[],"yoast_head":"<!-- This site is optimized with the Yoast SEO Premium plugin v27.2 (Yoast SEO v27.2) - https:\/\/yoast.com\/product\/yoast-seo-premium-wordpress\/ -->\n<title>Osmo Action Mini Handlebar Mount - koningdrone.be<\/title>\n<meta name=\"robots\" content=\"index, follow, max-snippet:-1, max-image-preview:large, max-video-preview:-1\" \/>\n<link rel=\"canonical\" href=\"https:\/\/koningdrone.be\/fr\/produit\/osmo-action-mini-handlebar-mount\/\" \/>\n<meta property=\"og:locale\" content=\"fr_FR\" \/>\n<meta property=\"og:type\" content=\"article\" \/>\n<meta property=\"og:title\" content=\"Osmo Action Mini Handlebar Mount\" \/>\n<meta property=\"og:description\" content=\"Instant camerabevestiging aan het stuur Kogelgewrichtontwerp voor eenvoudige hoekaanpassing Quick-Release Adapter Mount inbegrepen Ideaal voor fietsen op de weg en in de stad\" \/>\n<meta property=\"og:url\" content=\"https:\/\/koningdrone.be\/fr\/produit\/osmo-action-mini-handlebar-mount\/\" \/>\n<meta property=\"og:site_name\" content=\"koningdrone.be\" \/>\n<meta property=\"article:modified_time\" content=\"2026-04-29T13:10:11+00:00\" \/>\n<meta property=\"og:image\" content=\"https:\/\/koningdrone.be\/wp-content\/uploads\/sites\/13\/2025\/04\/d3227e9980fff0ee79be6b74bc504ef4@large.jpg\" \/>\n\t<meta property=\"og:image:width\" content=\"1200\" \/>\n\t<meta property=\"og:image:height\" content=\"800\" \/>\n\t<meta property=\"og:image:type\" content=\"image\/jpeg\" \/>\n<meta name=\"twitter:card\" content=\"summary_large_image\" \/>\n<meta name=\"twitter:label1\" content=\"Dur\u00e9e de lecture est.\" \/>\n\t<meta name=\"twitter:data1\" content=\"1 minute\" \/>\n<script type=\"application\/ld+json\" class=\"yoast-schema-graph\">{\"@context\":\"https:\/\/schema.org\",\"@graph\":[{\"@type\":\"WebPage\",\"@id\":\"https:\/\/koningdrone.be\/product\/osmo-action-mini-handlebar-mount\/\",\"url\":\"https:\/\/koningdrone.be\/product\/osmo-action-mini-handlebar-mount\/\",\"name\":\"Osmo Action Mini Handlebar Mount - koningdrone.be\",\"isPartOf\":{\"@id\":\"https:\/\/koningdrone.be\/#website\"},\"primaryImageOfPage\":{\"@id\":\"https:\/\/koningdrone.be\/product\/osmo-action-mini-handlebar-mount\/#primaryimage\"},\"image\":{\"@id\":\"https:\/\/koningdrone.be\/product\/osmo-action-mini-handlebar-mount\/#primaryimage\"},\"thumbnailUrl\":\"https:\/\/koningdrone.be\/wp-content\/uploads\/sites\/13\/2025\/04\/d3227e9980fff0ee79be6b74bc504ef4@large.jpg\",\"datePublished\":\"2024-03-14T10:59:05+00:00\",\"dateModified\":\"2026-04-29T13:10:11+00:00\",\"breadcrumb\":{\"@id\":\"https:\/\/koningdrone.be\/product\/osmo-action-mini-handlebar-mount\/#breadcrumb\"},\"inLanguage\":\"fr-BE\",\"potentialAction\":[{\"@type\":\"ReadAction\",\"target\":[\"https:\/\/koningdrone.be\/product\/osmo-action-mini-handlebar-mount\/\"]}]},{\"@type\":\"ImageObject\",\"inLanguage\":\"fr-BE\",\"@id\":\"https:\/\/koningdrone.be\/product\/osmo-action-mini-handlebar-mount\/#primaryimage\",\"url\":\"https:\/\/koningdrone.be\/wp-content\/uploads\/sites\/13\/2025\/04\/d3227e9980fff0ee79be6b74bc504ef4@large.jpg\",\"contentUrl\":\"https:\/\/koningdrone.be\/wp-content\/uploads\/sites\/13\/2025\/04\/d3227e9980fff0ee79be6b74bc504ef4@large.jpg\",\"width\":1200,\"height\":800},{\"@type\":\"BreadcrumbList\",\"@id\":\"https:\/\/koningdrone.be\/product\/osmo-action-mini-handlebar-mount\/#breadcrumb\",\"itemListElement\":[{\"@type\":\"ListItem\",\"position\":1,\"name\":\"Home\",\"item\":\"https:\/\/koningdrone.be\/\"},{\"@type\":\"ListItem\",\"position\":2,\"name\":\"AVSS Parachute Recovery System for DJI Matrice 300\/350\",\"item\":\"https:\/\/koningdrone.be\/product\/avss-parachute-recovery-system-for-dji-matrice-300-350\/\"},{\"@type\":\"ListItem\",\"position\":3,\"name\":\"Alle handheld gimbals\",\"item\":\"https:\/\/koningdrone.be\/categorie\/alle-handheld-gimbals\/\"},{\"@type\":\"ListItem\",\"position\":4,\"name\":\"Osmo Action Mini Handlebar Mount\"}]},{\"@type\":\"WebSite\",\"@id\":\"https:\/\/koningdrone.be\/#website\",\"url\":\"https:\/\/koningdrone.be\/\",\"name\":\"Koningdrone.be - Uw online specialist in drones, gimbals, camera's en power stations.\",\"description\":\"De webshop in drones en gimbals\",\"publisher\":{\"@id\":\"https:\/\/koningdrone.be\/#organization\"},\"potentialAction\":[{\"@type\":\"SearchAction\",\"target\":{\"@type\":\"EntryPoint\",\"urlTemplate\":\"https:\/\/koningdrone.be\/?s={search_term_string}\"},\"query-input\":{\"@type\":\"PropertyValueSpecification\",\"valueRequired\":true,\"valueName\":\"search_term_string\"}}],\"inLanguage\":\"fr-BE\"},{\"@type\":\"Organization\",\"@id\":\"https:\/\/koningdrone.be\/#organization\",\"name\":\"Koningdrone.be\",\"url\":\"https:\/\/koningdrone.be\/\",\"logo\":{\"@type\":\"ImageObject\",\"inLanguage\":\"fr-BE\",\"@id\":\"https:\/\/koningdrone.be\/#\/schema\/logo\/image\/\",\"url\":\"https:\/\/koningdrone.be\/wp-content\/uploads\/sites\/13\/2025\/04\/koningdrone-copyright-logo.svg\",\"contentUrl\":\"https:\/\/koningdrone.be\/wp-content\/uploads\/sites\/13\/2025\/04\/koningdrone-copyright-logo.svg\",\"width\":227,\"height\":38,\"caption\":\"Koningdrone.be\"},\"image\":{\"@id\":\"https:\/\/koningdrone.be\/#\/schema\/logo\/image\/\"}}]}<\/script>\n<!-- \/ Yoast SEO Premium plugin. -->","yoast_head_json":{"title":"Osmo Action Mini Handlebar Mount - koningdrone.be","robots":{"index":"index","follow":"follow","max-snippet":"max-snippet:-1","max-image-preview":"max-image-preview:large","max-video-preview":"max-video-preview:-1"},"canonical":"https:\/\/koningdrone.be\/fr\/produit\/osmo-action-mini-handlebar-mount\/","og_locale":"fr_FR","og_type":"article","og_title":"Osmo Action Mini Handlebar Mount","og_description":"Instant camerabevestiging aan het stuur Kogelgewrichtontwerp voor eenvoudige hoekaanpassing Quick-Release Adapter Mount inbegrepen Ideaal voor fietsen op de weg en in de stad","og_url":"https:\/\/koningdrone.be\/fr\/produit\/osmo-action-mini-handlebar-mount\/","og_site_name":"koningdrone.be","article_modified_time":"2026-04-29T13:10:11+00:00","og_image":[{"width":1200,"height":800,"url":"https:\/\/koningdrone.be\/wp-content\/uploads\/sites\/13\/2025\/04\/d3227e9980fff0ee79be6b74bc504ef4@large.jpg","type":"image\/jpeg"}],"twitter_card":"summary_large_image","twitter_misc":{"Dur\u00e9e de lecture est.":"1 minute"},"schema":{"@context":"https:\/\/schema.org","@graph":[{"@type":"WebPage","@id":"https:\/\/koningdrone.be\/product\/osmo-action-mini-handlebar-mount\/","url":"https:\/\/koningdrone.be\/product\/osmo-action-mini-handlebar-mount\/","name":"Osmo Action Mini Handlebar Mount - koningdrone.be","isPartOf":{"@id":"https:\/\/koningdrone.be\/#website"},"primaryImageOfPage":{"@id":"https:\/\/koningdrone.be\/product\/osmo-action-mini-handlebar-mount\/#primaryimage"},"image":{"@id":"https:\/\/koningdrone.be\/product\/osmo-action-mini-handlebar-mount\/#primaryimage"},"thumbnailUrl":"https:\/\/koningdrone.be\/wp-content\/uploads\/sites\/13\/2025\/04\/d3227e9980fff0ee79be6b74bc504ef4@large.jpg","datePublished":"2024-03-14T10:59:05+00:00","dateModified":"2026-04-29T13:10:11+00:00","breadcrumb":{"@id":"https:\/\/koningdrone.be\/product\/osmo-action-mini-handlebar-mount\/#breadcrumb"},"inLanguage":"fr-BE","potentialAction":[{"@type":"ReadAction","target":["https:\/\/koningdrone.be\/product\/osmo-action-mini-handlebar-mount\/"]}]},{"@type":"ImageObject","inLanguage":"fr-BE","@id":"https:\/\/koningdrone.be\/product\/osmo-action-mini-handlebar-mount\/#primaryimage","url":"https:\/\/koningdrone.be\/wp-content\/uploads\/sites\/13\/2025\/04\/d3227e9980fff0ee79be6b74bc504ef4@large.jpg","contentUrl":"https:\/\/koningdrone.be\/wp-content\/uploads\/sites\/13\/2025\/04\/d3227e9980fff0ee79be6b74bc504ef4@large.jpg","width":1200,"height":800},{"@type":"BreadcrumbList","@id":"https:\/\/koningdrone.be\/product\/osmo-action-mini-handlebar-mount\/#breadcrumb","itemListElement":[{"@type":"ListItem","position":1,"name":"Home","item":"https:\/\/koningdrone.be\/"},{"@type":"ListItem","position":2,"name":"AVSS Parachute Recovery System for DJI Matrice 300\/350","item":"https:\/\/koningdrone.be\/product\/avss-parachute-recovery-system-for-dji-matrice-300-350\/"},{"@type":"ListItem","position":3,"name":"Alle handheld gimbals","item":"https:\/\/koningdrone.be\/categorie\/alle-handheld-gimbals\/"},{"@type":"ListItem","position":4,"name":"Osmo Action Mini Handlebar Mount"}]},{"@type":"WebSite","@id":"https:\/\/koningdrone.be\/#website","url":"https:\/\/koningdrone.be\/","name":"Koningdrone.be - Votre sp\u00e9cialiste en ligne en mati\u00e8re de drones, de cardans, de cam\u00e9ras et de centrales \u00e9lectriques.","description":"La boutique en ligne de drones et de cardans","publisher":{"@id":"https:\/\/koningdrone.be\/#organization"},"potentialAction":[{"@type":"SearchAction","target":{"@type":"EntryPoint","urlTemplate":"https:\/\/koningdrone.be\/?s={search_term_string}"},"query-input":{"@type":"PropertyValueSpecification","valueRequired":true,"valueName":"search_term_string"}}],"inLanguage":"fr-BE"},{"@type":"Organization","@id":"https:\/\/koningdrone.be\/#organization","name":"Kingdrone.co.uk","url":"https:\/\/koningdrone.be\/","logo":{"@type":"ImageObject","inLanguage":"fr-BE","@id":"https:\/\/koningdrone.be\/#\/schema\/logo\/image\/","url":"https:\/\/koningdrone.be\/wp-content\/uploads\/sites\/13\/2025\/04\/koningdrone-copyright-logo.svg","contentUrl":"https:\/\/koningdrone.be\/wp-content\/uploads\/sites\/13\/2025\/04\/koningdrone-copyright-logo.svg","width":227,"height":38,"caption":"Koningdrone.be"},"image":{"@id":"https:\/\/koningdrone.be\/#\/schema\/logo\/image\/"}}]}},"df_price":39,"df_sale_price":"","df_regular_price":39,"df_image_link":"https:\/\/koningdrone.be\/wp-content\/uploads\/sites\/13\/2025\/04\/d3227e9980fff0ee79be6b74bc504ef4@large-300x200.jpg","_links":{"self":[{"href":"https:\/\/koningdrone.be\/fr\/wp-json\/wp\/v2\/product\/3841","targetHints":{"allow":["GET"]}}],"collection":[{"href":"https:\/\/koningdrone.be\/fr\/wp-json\/wp\/v2\/product"}],"about":[{"href":"https:\/\/koningdrone.be\/fr\/wp-json\/wp\/v2\/types\/product"}],"wp:featuredmedia":[{"embeddable":true,"href":"https:\/\/koningdrone.be\/fr\/wp-json\/wp\/v2\/media\/3839"}],"wp:attachment":[{"href":"https:\/\/koningdrone.be\/fr\/wp-json\/wp\/v2\/media?parent=3841"}],"wp:term":[{"taxonomy":"product_brand","embeddable":true,"href":"https:\/\/koningdrone.be\/fr\/wp-json\/wp\/v2\/product_brand?post=3841"},{"taxonomy":"product_cat","embeddable":true,"href":"https:\/\/koningdrone.be\/fr\/wp-json\/wp\/v2\/product_cat?post=3841"},{"taxonomy":"product_tag","embeddable":true,"href":"https:\/\/koningdrone.be\/fr\/wp-json\/wp\/v2\/product_tag?post=3841"}],"curies":[{"name":"wp","href":"https:\/\/api.w.org\/{rel}","templated":true}]}}