{"id":3835,"date":"2024-03-14T11:59:51","date_gmt":"2024-03-14T11:59:51","guid":{"rendered":"https:\/\/koningdrone.nl\/kon\/product\/osmo-action-quick-release-adapter-mount\/"},"modified":"2025-04-29T11:57:41","modified_gmt":"2025-04-29T11:57:41","slug":"osmo-action-quick-release-adapter-mount","status":"publish","type":"product","link":"https:\/\/koningdrone.be\/fr\/produit\/osmo-action-quick-release-adapter-mount\/","title":{"rendered":"Osmo Action Quick-Release Adapter Mount"},"content":{"rendered":"<p><strong>M\u00e9canisme magn\u00e9tique innovant de fixation rapide<\/strong><\/p>\n<p> Ce produit pr\u00e9sente un m\u00e9canisme magn\u00e9tique avanc\u00e9 de fixation rapide qui r\u00e9volutionne le mode de fixation de l'appareil photo. Cette fonction avanc\u00e9e am\u00e9liore non seulement la r\u00e9sistance de l'appareil photo aux chocs, mais garantit \u00e9galement qu'il reste solidement fix\u00e9 dans diverses conditions. Il est con\u00e7u pour ceux qui exigent fiabilit\u00e9 et efficacit\u00e9 dans des environnements en constante \u00e9volution.<\/p>\n<p><strong>Conception am\u00e9lior\u00e9e du clip de positionnement<\/strong><\/p>\n<p> Outre la fonction magn\u00e9tique, le nouveau clip de positionnement joue un r\u00f4le crucial dans l'am\u00e9lioration de la stabilit\u00e9 de l'appareil photo. Cette am\u00e9lioration de la conception contribue de mani\u00e8re significative \u00e0 la robustesse globale de la connexion, offrant aux utilisateurs une tranquillit\u00e9 d'esprit au cours de leurs aventures dynamiques et pleines d'action. Le clip garantit qu'une fois connect\u00e9, votre appareil reste fermement en place, quelles que soient les conditions.<\/p>\n<p><strong>Compatibilit\u00e9 universelle avec les accessoires des cam\u00e9ras d'action<\/strong><\/p>\n<p> L'adaptateur situ\u00e9 sous le produit est une autre caract\u00e9ristique cl\u00e9, con\u00e7ue pour \u00eatre compatible avec un large \u00e9ventail d'accessoires de cam\u00e9ra d'action courants. Cette compatibilit\u00e9 accro\u00eet consid\u00e9rablement la polyvalence de la cam\u00e9ra, qui peut ainsi \u00eatre utilis\u00e9e dans un plus grand nombre de sc\u00e9narios. Que vous fassiez du v\u00e9lo, de la randonn\u00e9e ou que vous pratiquiez un sport extr\u00eame, cette fonction vous permet d'immortaliser chaque instant sans aucune limite.<\/p>\n<p><strong>R\u00e9sum\u00e9<\/strong><\/p>\n<p> Ce produit, avec son m\u00e9canisme magn\u00e9tique de fixation rapide, son clip de positionnement am\u00e9lior\u00e9 et sa compatibilit\u00e9 avec les accessoires universels, \u00e9tablit une nouvelle norme pour le mat\u00e9riel de prise de vue dans le domaine de l'action. Il a \u00e9t\u00e9 soigneusement con\u00e7u pour les personnes en mouvement qui souhaitent capturer chaque instant de la mani\u00e8re la plus s\u00fbre et la plus polyvalente possible. Partez \u00e0 l'aventure en sachant que votre appareil photo est \u00e9quip\u00e9 pour tout affronter.<\/p>\n<p><\/p>","protected":false},"excerpt":{"rendered":"<ul>\n<li>Conception magn\u00e9tique \u00e0 d\u00e9gagement rapide<\/li>\n<li> Contient un clip de positionnement pour une meilleure r\u00e9sistance aux chocs<\/li>\n<li> Connexion s\u00e9curis\u00e9e de la cam\u00e9ra<\/li>\n<li> Structure d'adaptation compatible avec les accessoires des cam\u00e9ras d'action<\/li>\n<li> Des utilisations polyvalentes<\/li>\n<\/ul>","protected":false},"featured_media":3833,"template":"","meta":{"_acf_changed":false},"product_brand":[],"product_cat":[268,410,97,297,757],"product_tag":[],"class_list":{"0":"post-3835","1":"product","2":"type-product","3":"status-publish","4":"has-post-thumbnail","6":"product_cat-alle-accessoires","7":"product_cat-alle-handheld-gimbals","8":"product_cat-alle-producten","9":"product_cat-dji-osmo","10":"product_cat-dji-osmo-action","11":"pa_brand-dji","12":"pa_productfamily-mount","13":"pa_producttype-mount","14":"pa_series-osmo-action","16":"first","17":"instock","18":"taxable","19":"shipping-taxable","20":"product-type-simple"},"acf":[],"yoast_head":"<!-- This site is optimized with the Yoast SEO Premium plugin v27.2 (Yoast SEO v27.2) - https:\/\/yoast.com\/product\/yoast-seo-premium-wordpress\/ -->\n<title>Osmo Action Quick-Release Adapter Mount - koningdrone.be<\/title>\n<meta name=\"robots\" content=\"index, follow, max-snippet:-1, max-image-preview:large, max-video-preview:-1\" \/>\n<link rel=\"canonical\" href=\"https:\/\/koningdrone.be\/fr\/produit\/osmo-action-quick-release-adapter-mount\/\" \/>\n<meta property=\"og:locale\" content=\"fr_FR\" \/>\n<meta property=\"og:type\" content=\"article\" \/>\n<meta property=\"og:title\" content=\"Osmo Action Quick-Release Adapter Mount\" \/>\n<meta property=\"og:description\" content=\"Magnetisch ontwerp met snelle ontgrendeling Bevat positioneringsclip voor verbeterde slagvastheid Beveiligde cameraverbinding Adapterstructuur compatibel met actiecamera-accessoires Veelzijdige gebruiksmogelijkheden\" \/>\n<meta property=\"og:url\" content=\"https:\/\/koningdrone.be\/fr\/produit\/osmo-action-quick-release-adapter-mount\/\" \/>\n<meta property=\"og:site_name\" content=\"koningdrone.be\" \/>\n<meta property=\"article:modified_time\" content=\"2025-04-29T11:57:41+00:00\" \/>\n<meta property=\"og:image\" content=\"https:\/\/koningdrone.be\/wp-content\/uploads\/sites\/13\/2025\/04\/c705bcd4ac2d487aecf8ffc77c2fc92e@large.jpg\" \/>\n\t<meta property=\"og:image:width\" content=\"1200\" \/>\n\t<meta property=\"og:image:height\" content=\"800\" \/>\n\t<meta property=\"og:image:type\" content=\"image\/jpeg\" \/>\n<meta name=\"twitter:card\" content=\"summary_large_image\" \/>\n<meta name=\"twitter:label1\" content=\"Dur\u00e9e de lecture est.\" \/>\n\t<meta name=\"twitter:data1\" content=\"1 minute\" \/>\n<script type=\"application\/ld+json\" class=\"yoast-schema-graph\">{\"@context\":\"https:\/\/schema.org\",\"@graph\":[{\"@type\":\"WebPage\",\"@id\":\"https:\/\/koningdrone.be\/product\/osmo-action-quick-release-adapter-mount\/\",\"url\":\"https:\/\/koningdrone.be\/product\/osmo-action-quick-release-adapter-mount\/\",\"name\":\"Osmo Action Quick-Release Adapter Mount - koningdrone.be\",\"isPartOf\":{\"@id\":\"https:\/\/koningdrone.be\/#website\"},\"primaryImageOfPage\":{\"@id\":\"https:\/\/koningdrone.be\/product\/osmo-action-quick-release-adapter-mount\/#primaryimage\"},\"image\":{\"@id\":\"https:\/\/koningdrone.be\/product\/osmo-action-quick-release-adapter-mount\/#primaryimage\"},\"thumbnailUrl\":\"https:\/\/koningdrone.be\/wp-content\/uploads\/sites\/13\/2025\/04\/c705bcd4ac2d487aecf8ffc77c2fc92e@large.jpg\",\"datePublished\":\"2024-03-14T11:59:51+00:00\",\"dateModified\":\"2025-04-29T11:57:41+00:00\",\"breadcrumb\":{\"@id\":\"https:\/\/koningdrone.be\/product\/osmo-action-quick-release-adapter-mount\/#breadcrumb\"},\"inLanguage\":\"fr-BE\",\"potentialAction\":[{\"@type\":\"ReadAction\",\"target\":[\"https:\/\/koningdrone.be\/product\/osmo-action-quick-release-adapter-mount\/\"]}]},{\"@type\":\"ImageObject\",\"inLanguage\":\"fr-BE\",\"@id\":\"https:\/\/koningdrone.be\/product\/osmo-action-quick-release-adapter-mount\/#primaryimage\",\"url\":\"https:\/\/koningdrone.be\/wp-content\/uploads\/sites\/13\/2025\/04\/c705bcd4ac2d487aecf8ffc77c2fc92e@large.jpg\",\"contentUrl\":\"https:\/\/koningdrone.be\/wp-content\/uploads\/sites\/13\/2025\/04\/c705bcd4ac2d487aecf8ffc77c2fc92e@large.jpg\",\"width\":1200,\"height\":800},{\"@type\":\"BreadcrumbList\",\"@id\":\"https:\/\/koningdrone.be\/product\/osmo-action-quick-release-adapter-mount\/#breadcrumb\",\"itemListElement\":[{\"@type\":\"ListItem\",\"position\":1,\"name\":\"Home\",\"item\":\"https:\/\/koningdrone.be\/\"},{\"@type\":\"ListItem\",\"position\":2,\"name\":\"AVSS Parachute Recovery System for DJI Matrice 300\/350\",\"item\":\"https:\/\/koningdrone.be\/product\/avss-parachute-recovery-system-for-dji-matrice-300-350\/\"},{\"@type\":\"ListItem\",\"position\":3,\"name\":\"Alle accessoires\",\"item\":\"https:\/\/koningdrone.be\/categorie\/alle-accessoires\/\"},{\"@type\":\"ListItem\",\"position\":4,\"name\":\"Osmo Action Quick-Release Adapter Mount\"}]},{\"@type\":\"WebSite\",\"@id\":\"https:\/\/koningdrone.be\/#website\",\"url\":\"https:\/\/koningdrone.be\/\",\"name\":\"Koningdrone.be - Uw online specialist in drones, gimbals, camera's en power stations.\",\"description\":\"De webshop in drones en gimbals\",\"publisher\":{\"@id\":\"https:\/\/koningdrone.be\/#organization\"},\"potentialAction\":[{\"@type\":\"SearchAction\",\"target\":{\"@type\":\"EntryPoint\",\"urlTemplate\":\"https:\/\/koningdrone.be\/?s={search_term_string}\"},\"query-input\":{\"@type\":\"PropertyValueSpecification\",\"valueRequired\":true,\"valueName\":\"search_term_string\"}}],\"inLanguage\":\"fr-BE\"},{\"@type\":\"Organization\",\"@id\":\"https:\/\/koningdrone.be\/#organization\",\"name\":\"Koningdrone.be\",\"url\":\"https:\/\/koningdrone.be\/\",\"logo\":{\"@type\":\"ImageObject\",\"inLanguage\":\"fr-BE\",\"@id\":\"https:\/\/koningdrone.be\/#\/schema\/logo\/image\/\",\"url\":\"https:\/\/koningdrone.be\/wp-content\/uploads\/sites\/13\/2025\/04\/koningdrone-copyright-logo.svg\",\"contentUrl\":\"https:\/\/koningdrone.be\/wp-content\/uploads\/sites\/13\/2025\/04\/koningdrone-copyright-logo.svg\",\"width\":227,\"height\":38,\"caption\":\"Koningdrone.be\"},\"image\":{\"@id\":\"https:\/\/koningdrone.be\/#\/schema\/logo\/image\/\"}}]}<\/script>\n<!-- \/ Yoast SEO Premium plugin. -->","yoast_head_json":{"title":"Osmo Action Quick-Release Adapter Mount - koningdrone.be","robots":{"index":"index","follow":"follow","max-snippet":"max-snippet:-1","max-image-preview":"max-image-preview:large","max-video-preview":"max-video-preview:-1"},"canonical":"https:\/\/koningdrone.be\/fr\/produit\/osmo-action-quick-release-adapter-mount\/","og_locale":"fr_FR","og_type":"article","og_title":"Osmo Action Quick-Release Adapter Mount","og_description":"Magnetisch ontwerp met snelle ontgrendeling Bevat positioneringsclip voor verbeterde slagvastheid Beveiligde cameraverbinding Adapterstructuur compatibel met actiecamera-accessoires Veelzijdige gebruiksmogelijkheden","og_url":"https:\/\/koningdrone.be\/fr\/produit\/osmo-action-quick-release-adapter-mount\/","og_site_name":"koningdrone.be","article_modified_time":"2025-04-29T11:57:41+00:00","og_image":[{"width":1200,"height":800,"url":"https:\/\/koningdrone.be\/wp-content\/uploads\/sites\/13\/2025\/04\/c705bcd4ac2d487aecf8ffc77c2fc92e@large.jpg","type":"image\/jpeg"}],"twitter_card":"summary_large_image","twitter_misc":{"Dur\u00e9e de lecture est.":"1 minute"},"schema":{"@context":"https:\/\/schema.org","@graph":[{"@type":"WebPage","@id":"https:\/\/koningdrone.be\/product\/osmo-action-quick-release-adapter-mount\/","url":"https:\/\/koningdrone.be\/product\/osmo-action-quick-release-adapter-mount\/","name":"Osmo Action Quick-Release Adapter Mount - koningdrone.be","isPartOf":{"@id":"https:\/\/koningdrone.be\/#website"},"primaryImageOfPage":{"@id":"https:\/\/koningdrone.be\/product\/osmo-action-quick-release-adapter-mount\/#primaryimage"},"image":{"@id":"https:\/\/koningdrone.be\/product\/osmo-action-quick-release-adapter-mount\/#primaryimage"},"thumbnailUrl":"https:\/\/koningdrone.be\/wp-content\/uploads\/sites\/13\/2025\/04\/c705bcd4ac2d487aecf8ffc77c2fc92e@large.jpg","datePublished":"2024-03-14T11:59:51+00:00","dateModified":"2025-04-29T11:57:41+00:00","breadcrumb":{"@id":"https:\/\/koningdrone.be\/product\/osmo-action-quick-release-adapter-mount\/#breadcrumb"},"inLanguage":"fr-BE","potentialAction":[{"@type":"ReadAction","target":["https:\/\/koningdrone.be\/product\/osmo-action-quick-release-adapter-mount\/"]}]},{"@type":"ImageObject","inLanguage":"fr-BE","@id":"https:\/\/koningdrone.be\/product\/osmo-action-quick-release-adapter-mount\/#primaryimage","url":"https:\/\/koningdrone.be\/wp-content\/uploads\/sites\/13\/2025\/04\/c705bcd4ac2d487aecf8ffc77c2fc92e@large.jpg","contentUrl":"https:\/\/koningdrone.be\/wp-content\/uploads\/sites\/13\/2025\/04\/c705bcd4ac2d487aecf8ffc77c2fc92e@large.jpg","width":1200,"height":800},{"@type":"BreadcrumbList","@id":"https:\/\/koningdrone.be\/product\/osmo-action-quick-release-adapter-mount\/#breadcrumb","itemListElement":[{"@type":"ListItem","position":1,"name":"Home","item":"https:\/\/koningdrone.be\/"},{"@type":"ListItem","position":2,"name":"AVSS Parachute Recovery System for DJI Matrice 300\/350","item":"https:\/\/koningdrone.be\/product\/avss-parachute-recovery-system-for-dji-matrice-300-350\/"},{"@type":"ListItem","position":3,"name":"Alle accessoires","item":"https:\/\/koningdrone.be\/categorie\/alle-accessoires\/"},{"@type":"ListItem","position":4,"name":"Osmo Action Quick-Release Adapter Mount"}]},{"@type":"WebSite","@id":"https:\/\/koningdrone.be\/#website","url":"https:\/\/koningdrone.be\/","name":"Koningdrone.be - Votre sp\u00e9cialiste en ligne en mati\u00e8re de drones, de cardans, de cam\u00e9ras et de centrales \u00e9lectriques.","description":"La boutique en ligne de drones et de cardans","publisher":{"@id":"https:\/\/koningdrone.be\/#organization"},"potentialAction":[{"@type":"SearchAction","target":{"@type":"EntryPoint","urlTemplate":"https:\/\/koningdrone.be\/?s={search_term_string}"},"query-input":{"@type":"PropertyValueSpecification","valueRequired":true,"valueName":"search_term_string"}}],"inLanguage":"fr-BE"},{"@type":"Organization","@id":"https:\/\/koningdrone.be\/#organization","name":"Kingdrone.co.uk","url":"https:\/\/koningdrone.be\/","logo":{"@type":"ImageObject","inLanguage":"fr-BE","@id":"https:\/\/koningdrone.be\/#\/schema\/logo\/image\/","url":"https:\/\/koningdrone.be\/wp-content\/uploads\/sites\/13\/2025\/04\/koningdrone-copyright-logo.svg","contentUrl":"https:\/\/koningdrone.be\/wp-content\/uploads\/sites\/13\/2025\/04\/koningdrone-copyright-logo.svg","width":227,"height":38,"caption":"Koningdrone.be"},"image":{"@id":"https:\/\/koningdrone.be\/#\/schema\/logo\/image\/"}}]}},"df_price":"","df_sale_price":"","df_regular_price":"","df_image_link":"https:\/\/koningdrone.be\/wp-content\/uploads\/sites\/13\/2025\/04\/c705bcd4ac2d487aecf8ffc77c2fc92e@large-300x200.jpg","_links":{"self":[{"href":"https:\/\/koningdrone.be\/fr\/wp-json\/wp\/v2\/product\/3835","targetHints":{"allow":["GET"]}}],"collection":[{"href":"https:\/\/koningdrone.be\/fr\/wp-json\/wp\/v2\/product"}],"about":[{"href":"https:\/\/koningdrone.be\/fr\/wp-json\/wp\/v2\/types\/product"}],"wp:featuredmedia":[{"embeddable":true,"href":"https:\/\/koningdrone.be\/fr\/wp-json\/wp\/v2\/media\/3833"}],"wp:attachment":[{"href":"https:\/\/koningdrone.be\/fr\/wp-json\/wp\/v2\/media?parent=3835"}],"wp:term":[{"taxonomy":"product_brand","embeddable":true,"href":"https:\/\/koningdrone.be\/fr\/wp-json\/wp\/v2\/product_brand?post=3835"},{"taxonomy":"product_cat","embeddable":true,"href":"https:\/\/koningdrone.be\/fr\/wp-json\/wp\/v2\/product_cat?post=3835"},{"taxonomy":"product_tag","embeddable":true,"href":"https:\/\/koningdrone.be\/fr\/wp-json\/wp\/v2\/product_tag?post=3835"}],"curies":[{"name":"wp","href":"https:\/\/api.w.org\/{rel}","templated":true}]}}