{"id":3822,"date":"2024-03-14T12:00:44","date_gmt":"2024-03-14T11:00:44","guid":{"rendered":"https:\/\/koningdrone.nl\/kon\/product\/osmo-action-3-5mm-audio-adapter\/"},"modified":"2026-04-29T15:10:12","modified_gmt":"2026-04-29T13:10:12","slug":"osmo-action-3-5mm-audio-adapter","status":"publish","type":"product","link":"https:\/\/koningdrone.be\/fr\/produit\/osmo-action-3-5mm-audio-adapter\/","title":{"rendered":"Osmo Action 3.5mm Audio Adapter"},"content":{"rendered":"<p><strong>Conception r\u00e9glable<\/strong><\/p>\n<p> Cette fixation r\u00e9glable a \u00e9t\u00e9 soigneusement con\u00e7ue pour s'int\u00e9grer parfaitement \u00e0 la s\u00e9rie Osmo Action. Il garantit un ajustement s\u00fbr et une stabilit\u00e9 exceptionnelle pendant l'utilisation. Son adaptabilit\u00e9 permet de r\u00e9pondre aux diff\u00e9rents besoins des utilisateurs, ce qui en fait un accessoire essentiel pour les adeptes de l'Osmo Action.<\/p>\n<p><strong>Connectivit\u00e9 audio am\u00e9lior\u00e9e<\/strong><\/p>\n<p> Cet accessoire permet aux utilisateurs de connecter un microphone de 3,5 mm directement \u00e0 leur appareil. Cette fonction est cruciale pour ceux qui cherchent \u00e0 am\u00e9liorer leur qualit\u00e9 audio en capturant un son clair et net qui compl\u00e8te la vid\u00e9o haute d\u00e9finition, am\u00e9liorant ainsi de mani\u00e8re significative la qualit\u00e9 globale du contenu.<\/p>\n<p><strong>Chargement en d\u00e9placement<\/strong><\/p>\n<p> En plus de la fonctionnalit\u00e9 d'am\u00e9lioration audio, l'accessoire est \u00e9quip\u00e9 d'un port Type-C \u00e9tendu. Cet ajout est particuli\u00e8rement b\u00e9n\u00e9fique en cas d'utilisation prolong\u00e9e, car il permet de recharger l'appareil sans avoir \u00e0 d\u00e9connecter le microphone. Il garantit que votre appareil reste aliment\u00e9 et capture chaque moment sans interruption.<\/p>\n<p><strong>Id\u00e9al pour les activit\u00e9s dynamiques<\/strong><\/p>\n<p> Con\u00e7u pour l'action, cet accessoire s'av\u00e8re \u00eatre le compagnon id\u00e9al pour les activit\u00e9s rapides telles que les courses de moto. Il garantit que votre enregistrement audio, quel que soit le mouvement ou la vitesse, reste inchang\u00e9 et de la plus haute qualit\u00e9. Il s'agit donc d'un outil indispensable pour les aventuriers et les passionn\u00e9s d'action.<\/p>\n<p><\/p>","protected":false},"excerpt":{"rendered":"<ul>\n<li>Adapt\u00e9 aux produits de la s\u00e9rie Osmo Action<\/li>\n<li> Assure une connexion audio s\u00e9curis\u00e9e et stable<\/li>\n<li> Prise en charge de l'entr\u00e9e audio du microphone de 3,5 mm<\/li>\n<li> Enregistrements vocaux de haute qualit\u00e9<\/li>\n<li> Id\u00e9al pour les photos de sport rapides<\/li>\n<li> Port Type-C \u00e9tendu pour la recharge<\/li>\n<\/ul>","protected":false},"featured_media":3820,"template":"","meta":{"_acf_changed":false},"product_brand":[],"product_cat":[268,315,410,97,297,757],"product_tag":[],"class_list":{"0":"post-3822","1":"product","2":"type-product","3":"status-publish","4":"has-post-thumbnail","6":"product_cat-alle-accessoires","7":"product_cat-alle-gimbals-en-cameras","8":"product_cat-alle-handheld-gimbals","9":"product_cat-alle-producten","10":"product_cat-dji-osmo","11":"product_cat-dji-osmo-action","12":"product_shipping_class-outofstock","13":"pa_brand-dji","14":"pa_productfamily-adapter","15":"pa_producttype-adapter","16":"pa_series-osmo-action","18":"first","19":"outofstock","20":"taxable","21":"shipping-taxable","22":"purchasable","23":"product-type-simple"},"acf":[],"yoast_head":"<!-- This site is optimized with the Yoast SEO Premium plugin v27.2 (Yoast SEO v27.2) - https:\/\/yoast.com\/product\/yoast-seo-premium-wordpress\/ -->\n<title>Osmo Action 3.5mm Audio Adapter - koningdrone.be<\/title>\n<meta name=\"robots\" content=\"index, follow, max-snippet:-1, max-image-preview:large, max-video-preview:-1\" \/>\n<link rel=\"canonical\" href=\"https:\/\/koningdrone.be\/fr\/produit\/osmo-action-3-5mm-audio-adapter\/\" \/>\n<meta property=\"og:locale\" content=\"fr_FR\" \/>\n<meta property=\"og:type\" content=\"article\" \/>\n<meta property=\"og:title\" content=\"Osmo Action 3.5mm Audio Adapter\" \/>\n<meta property=\"og:description\" content=\"Aangepast voor producten uit de Osmo Action-serie Zorgt voor een veilige en stabiele audioverbinding Ondersteunt 3,5 mm microfoonaudio-ingang Levert hoogwaardige vocale opnames Ideaal voor snelle sportopnames Uitgebreide Type-C-poort voor opladen\" \/>\n<meta property=\"og:url\" content=\"https:\/\/koningdrone.be\/fr\/produit\/osmo-action-3-5mm-audio-adapter\/\" \/>\n<meta property=\"og:site_name\" content=\"koningdrone.be\" \/>\n<meta property=\"article:modified_time\" content=\"2026-04-29T13:10:12+00:00\" \/>\n<meta property=\"og:image\" content=\"https:\/\/koningdrone.be\/wp-content\/uploads\/sites\/13\/2025\/04\/edcb533cb256d16a197d2cfe56ec12c4@large.jpg\" \/>\n\t<meta property=\"og:image:width\" content=\"1200\" \/>\n\t<meta property=\"og:image:height\" content=\"800\" \/>\n\t<meta property=\"og:image:type\" content=\"image\/jpeg\" \/>\n<meta name=\"twitter:card\" content=\"summary_large_image\" \/>\n<meta name=\"twitter:label1\" content=\"Dur\u00e9e de lecture est.\" \/>\n\t<meta name=\"twitter:data1\" content=\"1 minute\" \/>\n<script type=\"application\/ld+json\" class=\"yoast-schema-graph\">{\"@context\":\"https:\/\/schema.org\",\"@graph\":[{\"@type\":\"WebPage\",\"@id\":\"https:\/\/koningdrone.be\/product\/osmo-action-3-5mm-audio-adapter\/\",\"url\":\"https:\/\/koningdrone.be\/product\/osmo-action-3-5mm-audio-adapter\/\",\"name\":\"Osmo Action 3.5mm Audio Adapter - koningdrone.be\",\"isPartOf\":{\"@id\":\"https:\/\/koningdrone.be\/#website\"},\"primaryImageOfPage\":{\"@id\":\"https:\/\/koningdrone.be\/product\/osmo-action-3-5mm-audio-adapter\/#primaryimage\"},\"image\":{\"@id\":\"https:\/\/koningdrone.be\/product\/osmo-action-3-5mm-audio-adapter\/#primaryimage\"},\"thumbnailUrl\":\"https:\/\/koningdrone.be\/wp-content\/uploads\/sites\/13\/2025\/04\/edcb533cb256d16a197d2cfe56ec12c4@large.jpg\",\"datePublished\":\"2024-03-14T11:00:44+00:00\",\"dateModified\":\"2026-04-29T13:10:12+00:00\",\"breadcrumb\":{\"@id\":\"https:\/\/koningdrone.be\/product\/osmo-action-3-5mm-audio-adapter\/#breadcrumb\"},\"inLanguage\":\"fr-BE\",\"potentialAction\":[{\"@type\":\"ReadAction\",\"target\":[\"https:\/\/koningdrone.be\/product\/osmo-action-3-5mm-audio-adapter\/\"]}]},{\"@type\":\"ImageObject\",\"inLanguage\":\"fr-BE\",\"@id\":\"https:\/\/koningdrone.be\/product\/osmo-action-3-5mm-audio-adapter\/#primaryimage\",\"url\":\"https:\/\/koningdrone.be\/wp-content\/uploads\/sites\/13\/2025\/04\/edcb533cb256d16a197d2cfe56ec12c4@large.jpg\",\"contentUrl\":\"https:\/\/koningdrone.be\/wp-content\/uploads\/sites\/13\/2025\/04\/edcb533cb256d16a197d2cfe56ec12c4@large.jpg\",\"width\":1200,\"height\":800},{\"@type\":\"BreadcrumbList\",\"@id\":\"https:\/\/koningdrone.be\/product\/osmo-action-3-5mm-audio-adapter\/#breadcrumb\",\"itemListElement\":[{\"@type\":\"ListItem\",\"position\":1,\"name\":\"Home\",\"item\":\"https:\/\/koningdrone.be\/\"},{\"@type\":\"ListItem\",\"position\":2,\"name\":\"AVSS Parachute Recovery System for DJI Matrice 300\/350\",\"item\":\"https:\/\/koningdrone.be\/product\/avss-parachute-recovery-system-for-dji-matrice-300-350\/\"},{\"@type\":\"ListItem\",\"position\":3,\"name\":\"Alle accessoires\",\"item\":\"https:\/\/koningdrone.be\/categorie\/alle-accessoires\/\"},{\"@type\":\"ListItem\",\"position\":4,\"name\":\"Osmo Action 3.5mm Audio Adapter\"}]},{\"@type\":\"WebSite\",\"@id\":\"https:\/\/koningdrone.be\/#website\",\"url\":\"https:\/\/koningdrone.be\/\",\"name\":\"Koningdrone.be - Uw online specialist in drones, gimbals, camera's en power stations.\",\"description\":\"De webshop in drones en gimbals\",\"publisher\":{\"@id\":\"https:\/\/koningdrone.be\/#organization\"},\"potentialAction\":[{\"@type\":\"SearchAction\",\"target\":{\"@type\":\"EntryPoint\",\"urlTemplate\":\"https:\/\/koningdrone.be\/?s={search_term_string}\"},\"query-input\":{\"@type\":\"PropertyValueSpecification\",\"valueRequired\":true,\"valueName\":\"search_term_string\"}}],\"inLanguage\":\"fr-BE\"},{\"@type\":\"Organization\",\"@id\":\"https:\/\/koningdrone.be\/#organization\",\"name\":\"Koningdrone.be\",\"url\":\"https:\/\/koningdrone.be\/\",\"logo\":{\"@type\":\"ImageObject\",\"inLanguage\":\"fr-BE\",\"@id\":\"https:\/\/koningdrone.be\/#\/schema\/logo\/image\/\",\"url\":\"https:\/\/koningdrone.be\/wp-content\/uploads\/sites\/13\/2025\/04\/koningdrone-copyright-logo.svg\",\"contentUrl\":\"https:\/\/koningdrone.be\/wp-content\/uploads\/sites\/13\/2025\/04\/koningdrone-copyright-logo.svg\",\"width\":227,\"height\":38,\"caption\":\"Koningdrone.be\"},\"image\":{\"@id\":\"https:\/\/koningdrone.be\/#\/schema\/logo\/image\/\"}}]}<\/script>\n<!-- \/ Yoast SEO Premium plugin. -->","yoast_head_json":{"title":"Osmo Action 3.5mm Audio Adapter - koningdrone.be","robots":{"index":"index","follow":"follow","max-snippet":"max-snippet:-1","max-image-preview":"max-image-preview:large","max-video-preview":"max-video-preview:-1"},"canonical":"https:\/\/koningdrone.be\/fr\/produit\/osmo-action-3-5mm-audio-adapter\/","og_locale":"fr_FR","og_type":"article","og_title":"Osmo Action 3.5mm Audio Adapter","og_description":"Aangepast voor producten uit de Osmo Action-serie Zorgt voor een veilige en stabiele audioverbinding Ondersteunt 3,5 mm microfoonaudio-ingang Levert hoogwaardige vocale opnames Ideaal voor snelle sportopnames Uitgebreide Type-C-poort voor opladen","og_url":"https:\/\/koningdrone.be\/fr\/produit\/osmo-action-3-5mm-audio-adapter\/","og_site_name":"koningdrone.be","article_modified_time":"2026-04-29T13:10:12+00:00","og_image":[{"width":1200,"height":800,"url":"https:\/\/koningdrone.be\/wp-content\/uploads\/sites\/13\/2025\/04\/edcb533cb256d16a197d2cfe56ec12c4@large.jpg","type":"image\/jpeg"}],"twitter_card":"summary_large_image","twitter_misc":{"Dur\u00e9e de lecture est.":"1 minute"},"schema":{"@context":"https:\/\/schema.org","@graph":[{"@type":"WebPage","@id":"https:\/\/koningdrone.be\/product\/osmo-action-3-5mm-audio-adapter\/","url":"https:\/\/koningdrone.be\/product\/osmo-action-3-5mm-audio-adapter\/","name":"Osmo Action 3.5mm Audio Adapter - koningdrone.be","isPartOf":{"@id":"https:\/\/koningdrone.be\/#website"},"primaryImageOfPage":{"@id":"https:\/\/koningdrone.be\/product\/osmo-action-3-5mm-audio-adapter\/#primaryimage"},"image":{"@id":"https:\/\/koningdrone.be\/product\/osmo-action-3-5mm-audio-adapter\/#primaryimage"},"thumbnailUrl":"https:\/\/koningdrone.be\/wp-content\/uploads\/sites\/13\/2025\/04\/edcb533cb256d16a197d2cfe56ec12c4@large.jpg","datePublished":"2024-03-14T11:00:44+00:00","dateModified":"2026-04-29T13:10:12+00:00","breadcrumb":{"@id":"https:\/\/koningdrone.be\/product\/osmo-action-3-5mm-audio-adapter\/#breadcrumb"},"inLanguage":"fr-BE","potentialAction":[{"@type":"ReadAction","target":["https:\/\/koningdrone.be\/product\/osmo-action-3-5mm-audio-adapter\/"]}]},{"@type":"ImageObject","inLanguage":"fr-BE","@id":"https:\/\/koningdrone.be\/product\/osmo-action-3-5mm-audio-adapter\/#primaryimage","url":"https:\/\/koningdrone.be\/wp-content\/uploads\/sites\/13\/2025\/04\/edcb533cb256d16a197d2cfe56ec12c4@large.jpg","contentUrl":"https:\/\/koningdrone.be\/wp-content\/uploads\/sites\/13\/2025\/04\/edcb533cb256d16a197d2cfe56ec12c4@large.jpg","width":1200,"height":800},{"@type":"BreadcrumbList","@id":"https:\/\/koningdrone.be\/product\/osmo-action-3-5mm-audio-adapter\/#breadcrumb","itemListElement":[{"@type":"ListItem","position":1,"name":"Home","item":"https:\/\/koningdrone.be\/"},{"@type":"ListItem","position":2,"name":"AVSS Parachute Recovery System for DJI Matrice 300\/350","item":"https:\/\/koningdrone.be\/product\/avss-parachute-recovery-system-for-dji-matrice-300-350\/"},{"@type":"ListItem","position":3,"name":"Alle accessoires","item":"https:\/\/koningdrone.be\/categorie\/alle-accessoires\/"},{"@type":"ListItem","position":4,"name":"Osmo Action 3.5mm Audio Adapter"}]},{"@type":"WebSite","@id":"https:\/\/koningdrone.be\/#website","url":"https:\/\/koningdrone.be\/","name":"Koningdrone.be - Votre sp\u00e9cialiste en ligne en mati\u00e8re de drones, de cardans, de cam\u00e9ras et de centrales \u00e9lectriques.","description":"La boutique en ligne de drones et de cardans","publisher":{"@id":"https:\/\/koningdrone.be\/#organization"},"potentialAction":[{"@type":"SearchAction","target":{"@type":"EntryPoint","urlTemplate":"https:\/\/koningdrone.be\/?s={search_term_string}"},"query-input":{"@type":"PropertyValueSpecification","valueRequired":true,"valueName":"search_term_string"}}],"inLanguage":"fr-BE"},{"@type":"Organization","@id":"https:\/\/koningdrone.be\/#organization","name":"Kingdrone.co.uk","url":"https:\/\/koningdrone.be\/","logo":{"@type":"ImageObject","inLanguage":"fr-BE","@id":"https:\/\/koningdrone.be\/#\/schema\/logo\/image\/","url":"https:\/\/koningdrone.be\/wp-content\/uploads\/sites\/13\/2025\/04\/koningdrone-copyright-logo.svg","contentUrl":"https:\/\/koningdrone.be\/wp-content\/uploads\/sites\/13\/2025\/04\/koningdrone-copyright-logo.svg","width":227,"height":38,"caption":"Koningdrone.be"},"image":{"@id":"https:\/\/koningdrone.be\/#\/schema\/logo\/image\/"}}]}},"df_price":45,"df_sale_price":"","df_regular_price":45,"df_image_link":"https:\/\/koningdrone.be\/wp-content\/uploads\/sites\/13\/2025\/04\/edcb533cb256d16a197d2cfe56ec12c4@large-300x200.jpg","_links":{"self":[{"href":"https:\/\/koningdrone.be\/fr\/wp-json\/wp\/v2\/product\/3822","targetHints":{"allow":["GET"]}}],"collection":[{"href":"https:\/\/koningdrone.be\/fr\/wp-json\/wp\/v2\/product"}],"about":[{"href":"https:\/\/koningdrone.be\/fr\/wp-json\/wp\/v2\/types\/product"}],"wp:featuredmedia":[{"embeddable":true,"href":"https:\/\/koningdrone.be\/fr\/wp-json\/wp\/v2\/media\/3820"}],"wp:attachment":[{"href":"https:\/\/koningdrone.be\/fr\/wp-json\/wp\/v2\/media?parent=3822"}],"wp:term":[{"taxonomy":"product_brand","embeddable":true,"href":"https:\/\/koningdrone.be\/fr\/wp-json\/wp\/v2\/product_brand?post=3822"},{"taxonomy":"product_cat","embeddable":true,"href":"https:\/\/koningdrone.be\/fr\/wp-json\/wp\/v2\/product_cat?post=3822"},{"taxonomy":"product_tag","embeddable":true,"href":"https:\/\/koningdrone.be\/fr\/wp-json\/wp\/v2\/product_tag?post=3822"}],"curies":[{"name":"wp","href":"https:\/\/api.w.org\/{rel}","templated":true}]}}