{"id":3819,"date":"2024-03-14T12:00:44","date_gmt":"2024-03-14T11:00:44","guid":{"rendered":"https:\/\/koningdrone.nl\/kon\/product\/livox-ac-power-adapter-eu\/"},"modified":"2025-08-27T11:36:41","modified_gmt":"2025-08-27T09:36:41","slug":"livox-ac-power-adapter-eu","status":"publish","type":"product","link":"https:\/\/koningdrone.be\/fr\/produit\/livox-ac-power-adapter-eu\/","title":{"rendered":"Adaptateur secteur Livox (UE)"},"content":{"rendered":"<p> Cet adaptateur de courant est un outil essentiel con\u00e7u pour convertir le courant \u00e9lectrique standard d'une prise murale en une forme adapt\u00e9e aux unit\u00e9s LiDAR Livox. Capable de g\u00e9rer des tensions d'entr\u00e9e de 100 \u00e0 240 volts CA et de les convertir en 12 volts CC, il garantit que vos unit\u00e9s LiDAR re\u00e7oivent l'alimentation \u00e9lectrique requise pour des performances optimales. Convenant aussi bien aux d\u00e9butants qu'aux experts en appareils \u00e9lectroniques, cet adaptateur est con\u00e7u pour fournir une alimentation \u00e9lectrique continue et s\u00fbre \u00e0 vos unit\u00e9s LiDAR Livox.<\/p>\n<p><strong>Compatibilit\u00e9 et utilisation<\/strong><\/p>\n<p> Sp\u00e9cialement recommand\u00e9 pour les appareils LiDAR de Livox, cet adaptateur d'alimentation est parfait pour alimenter ces appareils de pointe. Sa plage d'entr\u00e9e universelle de 100 \u00e0 240 volts CA le rend polyvalent et adaptable \u00e0 une utilisation dans diff\u00e9rentes r\u00e9gions du monde, \u00e9liminant ainsi le besoin d'onduleurs s\u00e9par\u00e9s. La sortie de 12 volts DC de l'adaptateur est sp\u00e9cialement calibr\u00e9e pour r\u00e9pondre aux exigences d'alimentation des syst\u00e8mes LiDAR Livox, leur permettant de fonctionner efficacement et en toute s\u00e9curit\u00e9, sans risque d'endommagement d\u00fb \u00e0 une alimentation \u00e9lectrique inad\u00e9quate.<\/p>\n<p><strong>S\u00e9curit\u00e9 et fiabilit\u00e9<\/strong><\/p>\n<p> Cet adaptateur d'alimentation garantit la s\u00e9curit\u00e9 de vos appareils et r\u00e9pond \u00e0 des normes de s\u00e9curit\u00e9 strictes. Le passage du courant alternatif au courant continu est g\u00e9r\u00e9 efficacement au sein de l'adaptateur, ce qui minimise le risque de surtensions qui pourraient potentiellement endommager vos unit\u00e9s Livox LiDAR. Sa fiabilit\u00e9 et sa puissance constante en font un accessoire indispensable pour les professionnels et les amateurs qui souhaitent conserver leur \u00e9quipement en parfait \u00e9tat. Choisir cet adaptateur d'alimentation, c'est investir dans la long\u00e9vit\u00e9 et la performance de vos syst\u00e8mes Livox LiDAR.<\/p>\n<p><\/p>","protected":false},"excerpt":{"rendered":"<ul>\n<li>Convertit 100~240V AC en 12V DC<\/li>\n<li> Recommand\u00e9 pour les appareils LiDAR Livox<\/li>\n<\/ul>","protected":false},"featured_media":3816,"template":"","meta":{"_acf_changed":false},"product_brand":[],"product_cat":[268,187,111,97,751],"product_tag":[],"class_list":{"0":"post-3819","1":"product","2":"type-product","3":"status-publish","4":"has-post-thumbnail","6":"product_cat-alle-accessoires","7":"product_cat-alle-lidar","8":"product_cat-alle-opladers","9":"product_cat-alle-producten","10":"product_cat-livox","11":"pa_brand-dji","12":"pa_productfamily-adapter","13":"pa_producttype-adapter","15":"first","16":"instock","17":"taxable","18":"shipping-taxable","19":"product-type-simple"},"acf":[],"yoast_head":"<!-- This site is optimized with the Yoast SEO Premium plugin v27.2 (Yoast SEO v27.2) - https:\/\/yoast.com\/product\/yoast-seo-premium-wordpress\/ -->\n<title>Livox AC Power Adapter (EU) - koningdrone.be<\/title>\n<meta name=\"robots\" content=\"index, follow, max-snippet:-1, max-image-preview:large, max-video-preview:-1\" \/>\n<link rel=\"canonical\" href=\"https:\/\/koningdrone.be\/fr\/produit\/livox-ac-power-adapter-eu\/\" \/>\n<meta property=\"og:locale\" content=\"fr_FR\" \/>\n<meta property=\"og:type\" content=\"article\" \/>\n<meta property=\"og:title\" content=\"Livox AC Power Adapter (EU)\" \/>\n<meta property=\"og:description\" content=\"Converteert 100~240V AC naar 12V DC Aanbevolen voor Livox LiDAR-eenheden\" \/>\n<meta property=\"og:url\" content=\"https:\/\/koningdrone.be\/fr\/produit\/livox-ac-power-adapter-eu\/\" \/>\n<meta property=\"og:site_name\" content=\"koningdrone.be\" \/>\n<meta property=\"article:modified_time\" content=\"2025-08-27T09:36:41+00:00\" \/>\n<meta property=\"og:image\" content=\"https:\/\/koningdrone.be\/wp-content\/uploads\/sites\/13\/2025\/04\/92286cf6a9b03b9032fd2c7601a002e0@large.jpg\" \/>\n\t<meta property=\"og:image:width\" content=\"1200\" \/>\n\t<meta property=\"og:image:height\" content=\"800\" \/>\n\t<meta property=\"og:image:type\" content=\"image\/jpeg\" \/>\n<meta name=\"twitter:card\" content=\"summary_large_image\" \/>\n<meta name=\"twitter:label1\" content=\"Dur\u00e9e de lecture est.\" \/>\n\t<meta name=\"twitter:data1\" content=\"1 minute\" \/>\n<script type=\"application\/ld+json\" class=\"yoast-schema-graph\">{\"@context\":\"https:\/\/schema.org\",\"@graph\":[{\"@type\":\"WebPage\",\"@id\":\"https:\/\/koningdrone.be\/product\/livox-ac-power-adapter-eu\/\",\"url\":\"https:\/\/koningdrone.be\/product\/livox-ac-power-adapter-eu\/\",\"name\":\"Livox AC Power Adapter (EU) - koningdrone.be\",\"isPartOf\":{\"@id\":\"https:\/\/koningdrone.be\/#website\"},\"primaryImageOfPage\":{\"@id\":\"https:\/\/koningdrone.be\/product\/livox-ac-power-adapter-eu\/#primaryimage\"},\"image\":{\"@id\":\"https:\/\/koningdrone.be\/product\/livox-ac-power-adapter-eu\/#primaryimage\"},\"thumbnailUrl\":\"https:\/\/koningdrone.be\/wp-content\/uploads\/sites\/13\/2025\/04\/92286cf6a9b03b9032fd2c7601a002e0@large.jpg\",\"datePublished\":\"2024-03-14T11:00:44+00:00\",\"dateModified\":\"2025-08-27T09:36:41+00:00\",\"breadcrumb\":{\"@id\":\"https:\/\/koningdrone.be\/product\/livox-ac-power-adapter-eu\/#breadcrumb\"},\"inLanguage\":\"fr-BE\",\"potentialAction\":[{\"@type\":\"ReadAction\",\"target\":[\"https:\/\/koningdrone.be\/product\/livox-ac-power-adapter-eu\/\"]}]},{\"@type\":\"ImageObject\",\"inLanguage\":\"fr-BE\",\"@id\":\"https:\/\/koningdrone.be\/product\/livox-ac-power-adapter-eu\/#primaryimage\",\"url\":\"https:\/\/koningdrone.be\/wp-content\/uploads\/sites\/13\/2025\/04\/92286cf6a9b03b9032fd2c7601a002e0@large.jpg\",\"contentUrl\":\"https:\/\/koningdrone.be\/wp-content\/uploads\/sites\/13\/2025\/04\/92286cf6a9b03b9032fd2c7601a002e0@large.jpg\",\"width\":1200,\"height\":800},{\"@type\":\"BreadcrumbList\",\"@id\":\"https:\/\/koningdrone.be\/product\/livox-ac-power-adapter-eu\/#breadcrumb\",\"itemListElement\":[{\"@type\":\"ListItem\",\"position\":1,\"name\":\"Home\",\"item\":\"https:\/\/koningdrone.be\/\"},{\"@type\":\"ListItem\",\"position\":2,\"name\":\"AVSS Parachute Recovery System for DJI Matrice 300\/350\",\"item\":\"https:\/\/koningdrone.be\/product\/avss-parachute-recovery-system-for-dji-matrice-300-350\/\"},{\"@type\":\"ListItem\",\"position\":3,\"name\":\"Alle accessoires\",\"item\":\"https:\/\/koningdrone.be\/categorie\/alle-accessoires\/\"},{\"@type\":\"ListItem\",\"position\":4,\"name\":\"Livox AC Power Adapter (EU)\"}]},{\"@type\":\"WebSite\",\"@id\":\"https:\/\/koningdrone.be\/#website\",\"url\":\"https:\/\/koningdrone.be\/\",\"name\":\"Koningdrone.be - Uw online specialist in drones, gimbals, camera's en power stations.\",\"description\":\"De webshop in drones en gimbals\",\"publisher\":{\"@id\":\"https:\/\/koningdrone.be\/#organization\"},\"potentialAction\":[{\"@type\":\"SearchAction\",\"target\":{\"@type\":\"EntryPoint\",\"urlTemplate\":\"https:\/\/koningdrone.be\/?s={search_term_string}\"},\"query-input\":{\"@type\":\"PropertyValueSpecification\",\"valueRequired\":true,\"valueName\":\"search_term_string\"}}],\"inLanguage\":\"fr-BE\"},{\"@type\":\"Organization\",\"@id\":\"https:\/\/koningdrone.be\/#organization\",\"name\":\"Koningdrone.be\",\"url\":\"https:\/\/koningdrone.be\/\",\"logo\":{\"@type\":\"ImageObject\",\"inLanguage\":\"fr-BE\",\"@id\":\"https:\/\/koningdrone.be\/#\/schema\/logo\/image\/\",\"url\":\"https:\/\/koningdrone.be\/wp-content\/uploads\/sites\/13\/2025\/04\/koningdrone-copyright-logo.svg\",\"contentUrl\":\"https:\/\/koningdrone.be\/wp-content\/uploads\/sites\/13\/2025\/04\/koningdrone-copyright-logo.svg\",\"width\":227,\"height\":38,\"caption\":\"Koningdrone.be\"},\"image\":{\"@id\":\"https:\/\/koningdrone.be\/#\/schema\/logo\/image\/\"}}]}<\/script>\n<!-- \/ Yoast SEO Premium plugin. -->","yoast_head_json":{"title":"Livox AC Power Adapter (EU) - koningdrone.be","robots":{"index":"index","follow":"follow","max-snippet":"max-snippet:-1","max-image-preview":"max-image-preview:large","max-video-preview":"max-video-preview:-1"},"canonical":"https:\/\/koningdrone.be\/fr\/produit\/livox-ac-power-adapter-eu\/","og_locale":"fr_FR","og_type":"article","og_title":"Livox AC Power Adapter (EU)","og_description":"Converteert 100~240V AC naar 12V DC Aanbevolen voor Livox LiDAR-eenheden","og_url":"https:\/\/koningdrone.be\/fr\/produit\/livox-ac-power-adapter-eu\/","og_site_name":"koningdrone.be","article_modified_time":"2025-08-27T09:36:41+00:00","og_image":[{"width":1200,"height":800,"url":"https:\/\/koningdrone.be\/wp-content\/uploads\/sites\/13\/2025\/04\/92286cf6a9b03b9032fd2c7601a002e0@large.jpg","type":"image\/jpeg"}],"twitter_card":"summary_large_image","twitter_misc":{"Dur\u00e9e de lecture est.":"1 minute"},"schema":{"@context":"https:\/\/schema.org","@graph":[{"@type":"WebPage","@id":"https:\/\/koningdrone.be\/product\/livox-ac-power-adapter-eu\/","url":"https:\/\/koningdrone.be\/product\/livox-ac-power-adapter-eu\/","name":"Livox AC Power Adapter (EU) - koningdrone.be","isPartOf":{"@id":"https:\/\/koningdrone.be\/#website"},"primaryImageOfPage":{"@id":"https:\/\/koningdrone.be\/product\/livox-ac-power-adapter-eu\/#primaryimage"},"image":{"@id":"https:\/\/koningdrone.be\/product\/livox-ac-power-adapter-eu\/#primaryimage"},"thumbnailUrl":"https:\/\/koningdrone.be\/wp-content\/uploads\/sites\/13\/2025\/04\/92286cf6a9b03b9032fd2c7601a002e0@large.jpg","datePublished":"2024-03-14T11:00:44+00:00","dateModified":"2025-08-27T09:36:41+00:00","breadcrumb":{"@id":"https:\/\/koningdrone.be\/product\/livox-ac-power-adapter-eu\/#breadcrumb"},"inLanguage":"fr-BE","potentialAction":[{"@type":"ReadAction","target":["https:\/\/koningdrone.be\/product\/livox-ac-power-adapter-eu\/"]}]},{"@type":"ImageObject","inLanguage":"fr-BE","@id":"https:\/\/koningdrone.be\/product\/livox-ac-power-adapter-eu\/#primaryimage","url":"https:\/\/koningdrone.be\/wp-content\/uploads\/sites\/13\/2025\/04\/92286cf6a9b03b9032fd2c7601a002e0@large.jpg","contentUrl":"https:\/\/koningdrone.be\/wp-content\/uploads\/sites\/13\/2025\/04\/92286cf6a9b03b9032fd2c7601a002e0@large.jpg","width":1200,"height":800},{"@type":"BreadcrumbList","@id":"https:\/\/koningdrone.be\/product\/livox-ac-power-adapter-eu\/#breadcrumb","itemListElement":[{"@type":"ListItem","position":1,"name":"Home","item":"https:\/\/koningdrone.be\/"},{"@type":"ListItem","position":2,"name":"AVSS Parachute Recovery System for DJI Matrice 300\/350","item":"https:\/\/koningdrone.be\/product\/avss-parachute-recovery-system-for-dji-matrice-300-350\/"},{"@type":"ListItem","position":3,"name":"Alle accessoires","item":"https:\/\/koningdrone.be\/categorie\/alle-accessoires\/"},{"@type":"ListItem","position":4,"name":"Livox AC Power Adapter (EU)"}]},{"@type":"WebSite","@id":"https:\/\/koningdrone.be\/#website","url":"https:\/\/koningdrone.be\/","name":"Koningdrone.be - Votre sp\u00e9cialiste en ligne en mati\u00e8re de drones, de cardans, de cam\u00e9ras et de centrales \u00e9lectriques.","description":"La boutique en ligne de drones et de cardans","publisher":{"@id":"https:\/\/koningdrone.be\/#organization"},"potentialAction":[{"@type":"SearchAction","target":{"@type":"EntryPoint","urlTemplate":"https:\/\/koningdrone.be\/?s={search_term_string}"},"query-input":{"@type":"PropertyValueSpecification","valueRequired":true,"valueName":"search_term_string"}}],"inLanguage":"fr-BE"},{"@type":"Organization","@id":"https:\/\/koningdrone.be\/#organization","name":"Kingdrone.co.uk","url":"https:\/\/koningdrone.be\/","logo":{"@type":"ImageObject","inLanguage":"fr-BE","@id":"https:\/\/koningdrone.be\/#\/schema\/logo\/image\/","url":"https:\/\/koningdrone.be\/wp-content\/uploads\/sites\/13\/2025\/04\/koningdrone-copyright-logo.svg","contentUrl":"https:\/\/koningdrone.be\/wp-content\/uploads\/sites\/13\/2025\/04\/koningdrone-copyright-logo.svg","width":227,"height":38,"caption":"Koningdrone.be"},"image":{"@id":"https:\/\/koningdrone.be\/#\/schema\/logo\/image\/"}}]}},"df_price":"","df_sale_price":"","df_regular_price":"","df_image_link":"https:\/\/koningdrone.be\/wp-content\/uploads\/sites\/13\/2025\/04\/92286cf6a9b03b9032fd2c7601a002e0@large-300x200.jpg","_links":{"self":[{"href":"https:\/\/koningdrone.be\/fr\/wp-json\/wp\/v2\/product\/3819","targetHints":{"allow":["GET"]}}],"collection":[{"href":"https:\/\/koningdrone.be\/fr\/wp-json\/wp\/v2\/product"}],"about":[{"href":"https:\/\/koningdrone.be\/fr\/wp-json\/wp\/v2\/types\/product"}],"wp:featuredmedia":[{"embeddable":true,"href":"https:\/\/koningdrone.be\/fr\/wp-json\/wp\/v2\/media\/3816"}],"wp:attachment":[{"href":"https:\/\/koningdrone.be\/fr\/wp-json\/wp\/v2\/media?parent=3819"}],"wp:term":[{"taxonomy":"product_brand","embeddable":true,"href":"https:\/\/koningdrone.be\/fr\/wp-json\/wp\/v2\/product_brand?post=3819"},{"taxonomy":"product_cat","embeddable":true,"href":"https:\/\/koningdrone.be\/fr\/wp-json\/wp\/v2\/product_cat?post=3819"},{"taxonomy":"product_tag","embeddable":true,"href":"https:\/\/koningdrone.be\/fr\/wp-json\/wp\/v2\/product_tag?post=3819"}],"curies":[{"name":"wp","href":"https:\/\/api.w.org\/{rel}","templated":true}]}}