{"id":3805,"date":"2024-03-14T12:01:31","date_gmt":"2024-03-14T11:01:31","guid":{"rendered":"https:\/\/koningdrone.nl\/kon\/product\/osmo-action-hanging-neck-mount\/"},"modified":"2026-04-29T15:00:18","modified_gmt":"2026-04-29T13:00:18","slug":"osmo-action-hanging-neck-mount","status":"publish","type":"product","link":"https:\/\/koningdrone.be\/fr\/produit\/osmo-action-hanging-neck-mount\/","title":{"rendered":"Osmo Action - Support de cou suspendu"},"content":{"rendered":"<p> Ce produit innovant pr\u00e9sente un design unique en gel de silice, un mat\u00e9riau connu pour son confort et sa flexibilit\u00e9. Il est con\u00e7u pour les utilisateurs d\u00e9sireux de saisir la vie de leur point de vue, de sorte que vous pouvez le porter pendant de longues p\u00e9riodes sans ressentir la moindre g\u00eane. Sa nature personnalisable vous permet de l'ajuster librement \u00e0 vos besoins, ce qui le rend parfait pour un large \u00e9ventail d'activit\u00e9s o\u00f9 vous souhaitez enregistrer de votre point de vue (POV).<\/p>\n<p><strong>Compatibilit\u00e9<\/strong><\/p>\n<p> Con\u00e7u dans un souci de polyvalence, il s'adapte \u00e0 la quasi-totalit\u00e9 des cam\u00e9ras d'action disponibles sur le march\u00e9. Cette large compatibilit\u00e9 garantit que, quelle que soit la marque ou le mod\u00e8le de cam\u00e9ra d'action que vous poss\u00e9dez, vous pouvez l'int\u00e9grer en toute transparence \u00e0 ce support pour une exp\u00e9rience d'enregistrement am\u00e9lior\u00e9e.<\/p>\n<p><strong>Sc\u00e9narios d'utilisation id\u00e9aux<\/strong><\/p>\n<p> Que vous soyez \u00e0 la recherche de la prise du jour, que vous partiez \u00e0 l'aventure lors d'un voyage ou que vous participiez \u00e0 une activit\u00e9 o\u00f9 vous souhaitez capturer des images depuis votre point de vue, cette monture est votre accessoire pr\u00e9f\u00e9r\u00e9. Elle est particuli\u00e8rement adapt\u00e9e aux environnements dynamiques o\u00f9 l'utilisation des mains libres est indispensable, ce qui vous permet de vous immerger totalement dans l'exp\u00e9rience tout en la documentant de votre point de vue unique.<\/p>\n<p><\/p>","protected":false},"excerpt":{"rendered":"<ul>\n<li>Mat\u00e9riau unique en gel de silice pour le confort.<\/li>\n<li> Peut \u00eatre transform\u00e9 librement pour une utilisation polyvalente.<\/li>\n<li> Compatible avec la plupart des cam\u00e9ras d'action.<\/li>\n<li> Id\u00e9al pour les prises de vue POV dans diverses activit\u00e9s.<\/li>\n<\/ul>","protected":false},"featured_media":3803,"template":"","meta":{"_acf_changed":false},"product_brand":[],"product_cat":[756,410,97,297,757],"product_tag":[],"class_list":{"0":"post-3805","1":"product","2":"type-product","3":"status-publish","4":"has-post-thumbnail","6":"product_cat-accessoires","7":"product_cat-alle-handheld-gimbals","8":"product_cat-alle-producten","9":"product_cat-dji-osmo","10":"product_cat-dji-osmo-action","11":"product_shipping_class-outofstock","12":"pa_brand-dji","13":"pa_productfamily-lanyard","14":"pa_producttype-lanyard","15":"pa_series-osmo-action","17":"first","18":"outofstock","19":"taxable","20":"shipping-taxable","21":"purchasable","22":"product-type-simple"},"acf":[],"yoast_head":"<!-- This site is optimized with the Yoast SEO Premium plugin v27.2 (Yoast SEO v27.2) - https:\/\/yoast.com\/product\/yoast-seo-premium-wordpress\/ -->\n<title>Osmo Action Hanging Neck Mount - koningdrone.be<\/title>\n<meta name=\"robots\" content=\"index, follow, max-snippet:-1, max-image-preview:large, max-video-preview:-1\" \/>\n<link rel=\"canonical\" href=\"https:\/\/koningdrone.be\/fr\/produit\/osmo-action-hanging-neck-mount\/\" \/>\n<meta property=\"og:locale\" content=\"fr_FR\" \/>\n<meta property=\"og:type\" content=\"article\" \/>\n<meta property=\"og:title\" content=\"Osmo Action Hanging Neck Mount\" \/>\n<meta property=\"og:description\" content=\"Uniek silicagelmateriaal voor comfort. Kan vrij worden omgevormd voor veelzijdig gebruik. Compatibel met de meeste actiecamera&#039;s. Ideaal voor POV-opnamen bij verschillende activiteiten.\" \/>\n<meta property=\"og:url\" content=\"https:\/\/koningdrone.be\/fr\/produit\/osmo-action-hanging-neck-mount\/\" \/>\n<meta property=\"og:site_name\" content=\"koningdrone.be\" \/>\n<meta property=\"article:modified_time\" content=\"2026-04-29T13:00:18+00:00\" \/>\n<meta property=\"og:image\" content=\"https:\/\/koningdrone.be\/wp-content\/uploads\/sites\/13\/2025\/04\/dc9fa8208272e860db0c73921cc20368@large.jpg\" \/>\n\t<meta property=\"og:image:width\" content=\"1200\" \/>\n\t<meta property=\"og:image:height\" content=\"800\" \/>\n\t<meta property=\"og:image:type\" content=\"image\/jpeg\" \/>\n<meta name=\"twitter:card\" content=\"summary_large_image\" \/>\n<meta name=\"twitter:label1\" content=\"Dur\u00e9e de lecture est.\" \/>\n\t<meta name=\"twitter:data1\" content=\"1 minute\" \/>\n<script type=\"application\/ld+json\" class=\"yoast-schema-graph\">{\"@context\":\"https:\/\/schema.org\",\"@graph\":[{\"@type\":\"WebPage\",\"@id\":\"https:\/\/koningdrone.be\/product\/osmo-action-hanging-neck-mount\/\",\"url\":\"https:\/\/koningdrone.be\/product\/osmo-action-hanging-neck-mount\/\",\"name\":\"Osmo Action Hanging Neck Mount - koningdrone.be\",\"isPartOf\":{\"@id\":\"https:\/\/koningdrone.be\/#website\"},\"primaryImageOfPage\":{\"@id\":\"https:\/\/koningdrone.be\/product\/osmo-action-hanging-neck-mount\/#primaryimage\"},\"image\":{\"@id\":\"https:\/\/koningdrone.be\/product\/osmo-action-hanging-neck-mount\/#primaryimage\"},\"thumbnailUrl\":\"https:\/\/koningdrone.be\/wp-content\/uploads\/sites\/13\/2025\/04\/dc9fa8208272e860db0c73921cc20368@large.jpg\",\"datePublished\":\"2024-03-14T11:01:31+00:00\",\"dateModified\":\"2026-04-29T13:00:18+00:00\",\"breadcrumb\":{\"@id\":\"https:\/\/koningdrone.be\/product\/osmo-action-hanging-neck-mount\/#breadcrumb\"},\"inLanguage\":\"fr-BE\",\"potentialAction\":[{\"@type\":\"ReadAction\",\"target\":[\"https:\/\/koningdrone.be\/product\/osmo-action-hanging-neck-mount\/\"]}]},{\"@type\":\"ImageObject\",\"inLanguage\":\"fr-BE\",\"@id\":\"https:\/\/koningdrone.be\/product\/osmo-action-hanging-neck-mount\/#primaryimage\",\"url\":\"https:\/\/koningdrone.be\/wp-content\/uploads\/sites\/13\/2025\/04\/dc9fa8208272e860db0c73921cc20368@large.jpg\",\"contentUrl\":\"https:\/\/koningdrone.be\/wp-content\/uploads\/sites\/13\/2025\/04\/dc9fa8208272e860db0c73921cc20368@large.jpg\",\"width\":1200,\"height\":800},{\"@type\":\"BreadcrumbList\",\"@id\":\"https:\/\/koningdrone.be\/product\/osmo-action-hanging-neck-mount\/#breadcrumb\",\"itemListElement\":[{\"@type\":\"ListItem\",\"position\":1,\"name\":\"Home\",\"item\":\"https:\/\/koningdrone.be\/\"},{\"@type\":\"ListItem\",\"position\":2,\"name\":\"AVSS Parachute Recovery System for DJI Matrice 300\/350\",\"item\":\"https:\/\/koningdrone.be\/product\/avss-parachute-recovery-system-for-dji-matrice-300-350\/\"},{\"@type\":\"ListItem\",\"position\":3,\"name\":\"Accessoires\",\"item\":\"https:\/\/koningdrone.be\/categorie\/accessoires\/\"},{\"@type\":\"ListItem\",\"position\":4,\"name\":\"Osmo Action Hanging Neck Mount\"}]},{\"@type\":\"WebSite\",\"@id\":\"https:\/\/koningdrone.be\/#website\",\"url\":\"https:\/\/koningdrone.be\/\",\"name\":\"Koningdrone.be - Uw online specialist in drones, gimbals, camera's en power stations.\",\"description\":\"De webshop in drones en gimbals\",\"publisher\":{\"@id\":\"https:\/\/koningdrone.be\/#organization\"},\"potentialAction\":[{\"@type\":\"SearchAction\",\"target\":{\"@type\":\"EntryPoint\",\"urlTemplate\":\"https:\/\/koningdrone.be\/?s={search_term_string}\"},\"query-input\":{\"@type\":\"PropertyValueSpecification\",\"valueRequired\":true,\"valueName\":\"search_term_string\"}}],\"inLanguage\":\"fr-BE\"},{\"@type\":\"Organization\",\"@id\":\"https:\/\/koningdrone.be\/#organization\",\"name\":\"Koningdrone.be\",\"url\":\"https:\/\/koningdrone.be\/\",\"logo\":{\"@type\":\"ImageObject\",\"inLanguage\":\"fr-BE\",\"@id\":\"https:\/\/koningdrone.be\/#\/schema\/logo\/image\/\",\"url\":\"https:\/\/koningdrone.be\/wp-content\/uploads\/sites\/13\/2025\/04\/koningdrone-copyright-logo.svg\",\"contentUrl\":\"https:\/\/koningdrone.be\/wp-content\/uploads\/sites\/13\/2025\/04\/koningdrone-copyright-logo.svg\",\"width\":227,\"height\":38,\"caption\":\"Koningdrone.be\"},\"image\":{\"@id\":\"https:\/\/koningdrone.be\/#\/schema\/logo\/image\/\"}}]}<\/script>\n<!-- \/ Yoast SEO Premium plugin. -->","yoast_head_json":{"title":"Osmo Action Hanging Neck Mount - koningdrone.be","robots":{"index":"index","follow":"follow","max-snippet":"max-snippet:-1","max-image-preview":"max-image-preview:large","max-video-preview":"max-video-preview:-1"},"canonical":"https:\/\/koningdrone.be\/fr\/produit\/osmo-action-hanging-neck-mount\/","og_locale":"fr_FR","og_type":"article","og_title":"Osmo Action Hanging Neck Mount","og_description":"Uniek silicagelmateriaal voor comfort. Kan vrij worden omgevormd voor veelzijdig gebruik. Compatibel met de meeste actiecamera&#039;s. Ideaal voor POV-opnamen bij verschillende activiteiten.","og_url":"https:\/\/koningdrone.be\/fr\/produit\/osmo-action-hanging-neck-mount\/","og_site_name":"koningdrone.be","article_modified_time":"2026-04-29T13:00:18+00:00","og_image":[{"width":1200,"height":800,"url":"https:\/\/koningdrone.be\/wp-content\/uploads\/sites\/13\/2025\/04\/dc9fa8208272e860db0c73921cc20368@large.jpg","type":"image\/jpeg"}],"twitter_card":"summary_large_image","twitter_misc":{"Dur\u00e9e de lecture est.":"1 minute"},"schema":{"@context":"https:\/\/schema.org","@graph":[{"@type":"WebPage","@id":"https:\/\/koningdrone.be\/product\/osmo-action-hanging-neck-mount\/","url":"https:\/\/koningdrone.be\/product\/osmo-action-hanging-neck-mount\/","name":"Osmo Action Hanging Neck Mount - koningdrone.be","isPartOf":{"@id":"https:\/\/koningdrone.be\/#website"},"primaryImageOfPage":{"@id":"https:\/\/koningdrone.be\/product\/osmo-action-hanging-neck-mount\/#primaryimage"},"image":{"@id":"https:\/\/koningdrone.be\/product\/osmo-action-hanging-neck-mount\/#primaryimage"},"thumbnailUrl":"https:\/\/koningdrone.be\/wp-content\/uploads\/sites\/13\/2025\/04\/dc9fa8208272e860db0c73921cc20368@large.jpg","datePublished":"2024-03-14T11:01:31+00:00","dateModified":"2026-04-29T13:00:18+00:00","breadcrumb":{"@id":"https:\/\/koningdrone.be\/product\/osmo-action-hanging-neck-mount\/#breadcrumb"},"inLanguage":"fr-BE","potentialAction":[{"@type":"ReadAction","target":["https:\/\/koningdrone.be\/product\/osmo-action-hanging-neck-mount\/"]}]},{"@type":"ImageObject","inLanguage":"fr-BE","@id":"https:\/\/koningdrone.be\/product\/osmo-action-hanging-neck-mount\/#primaryimage","url":"https:\/\/koningdrone.be\/wp-content\/uploads\/sites\/13\/2025\/04\/dc9fa8208272e860db0c73921cc20368@large.jpg","contentUrl":"https:\/\/koningdrone.be\/wp-content\/uploads\/sites\/13\/2025\/04\/dc9fa8208272e860db0c73921cc20368@large.jpg","width":1200,"height":800},{"@type":"BreadcrumbList","@id":"https:\/\/koningdrone.be\/product\/osmo-action-hanging-neck-mount\/#breadcrumb","itemListElement":[{"@type":"ListItem","position":1,"name":"Home","item":"https:\/\/koningdrone.be\/"},{"@type":"ListItem","position":2,"name":"AVSS Parachute Recovery System for DJI Matrice 300\/350","item":"https:\/\/koningdrone.be\/product\/avss-parachute-recovery-system-for-dji-matrice-300-350\/"},{"@type":"ListItem","position":3,"name":"Accessoires","item":"https:\/\/koningdrone.be\/categorie\/accessoires\/"},{"@type":"ListItem","position":4,"name":"Osmo Action Hanging Neck Mount"}]},{"@type":"WebSite","@id":"https:\/\/koningdrone.be\/#website","url":"https:\/\/koningdrone.be\/","name":"Koningdrone.be - Votre sp\u00e9cialiste en ligne en mati\u00e8re de drones, de cardans, de cam\u00e9ras et de centrales \u00e9lectriques.","description":"La boutique en ligne de drones et de cardans","publisher":{"@id":"https:\/\/koningdrone.be\/#organization"},"potentialAction":[{"@type":"SearchAction","target":{"@type":"EntryPoint","urlTemplate":"https:\/\/koningdrone.be\/?s={search_term_string}"},"query-input":{"@type":"PropertyValueSpecification","valueRequired":true,"valueName":"search_term_string"}}],"inLanguage":"fr-BE"},{"@type":"Organization","@id":"https:\/\/koningdrone.be\/#organization","name":"Kingdrone.co.uk","url":"https:\/\/koningdrone.be\/","logo":{"@type":"ImageObject","inLanguage":"fr-BE","@id":"https:\/\/koningdrone.be\/#\/schema\/logo\/image\/","url":"https:\/\/koningdrone.be\/wp-content\/uploads\/sites\/13\/2025\/04\/koningdrone-copyright-logo.svg","contentUrl":"https:\/\/koningdrone.be\/wp-content\/uploads\/sites\/13\/2025\/04\/koningdrone-copyright-logo.svg","width":227,"height":38,"caption":"Koningdrone.be"},"image":{"@id":"https:\/\/koningdrone.be\/#\/schema\/logo\/image\/"}}]}},"df_price":36,"df_sale_price":"","df_regular_price":36,"df_image_link":"https:\/\/koningdrone.be\/wp-content\/uploads\/sites\/13\/2025\/04\/dc9fa8208272e860db0c73921cc20368@large-300x200.jpg","_links":{"self":[{"href":"https:\/\/koningdrone.be\/fr\/wp-json\/wp\/v2\/product\/3805","targetHints":{"allow":["GET"]}}],"collection":[{"href":"https:\/\/koningdrone.be\/fr\/wp-json\/wp\/v2\/product"}],"about":[{"href":"https:\/\/koningdrone.be\/fr\/wp-json\/wp\/v2\/types\/product"}],"wp:featuredmedia":[{"embeddable":true,"href":"https:\/\/koningdrone.be\/fr\/wp-json\/wp\/v2\/media\/3803"}],"wp:attachment":[{"href":"https:\/\/koningdrone.be\/fr\/wp-json\/wp\/v2\/media?parent=3805"}],"wp:term":[{"taxonomy":"product_brand","embeddable":true,"href":"https:\/\/koningdrone.be\/fr\/wp-json\/wp\/v2\/product_brand?post=3805"},{"taxonomy":"product_cat","embeddable":true,"href":"https:\/\/koningdrone.be\/fr\/wp-json\/wp\/v2\/product_cat?post=3805"},{"taxonomy":"product_tag","embeddable":true,"href":"https:\/\/koningdrone.be\/fr\/wp-json\/wp\/v2\/product_tag?post=3805"}],"curies":[{"name":"wp","href":"https:\/\/api.w.org\/{rel}","templated":true}]}}