{"id":3802,"date":"2024-03-18T10:43:33","date_gmt":"2024-03-18T09:43:33","guid":{"rendered":"https:\/\/koningdrone.nl\/kon\/product\/dji-mic-2-1-tx-1-rx\/"},"modified":"2026-04-29T04:10:35","modified_gmt":"2026-04-29T02:10:35","slug":"dji-mic-2-1-tx-1-rx","status":"publish","type":"product","link":"https:\/\/koningdrone.be\/fr\/produit\/dji-mic-2-1-tx-1-rx\/","title":{"rendered":"DJI Mic 2 (1 TX + 1 RX) (CE) - Remis \u00e0 neuf"},"content":{"rendered":"<h4>Enregistrement audio de haute qualit\u00e9<\/h4>\n<p>Le DJI Mic 2 est con\u00e7u pour offrir une qualit\u00e9 sonore sup\u00e9rieure, id\u00e9ale pour capturer des voix nettes dans les vlogs, les interviews et bien plus encore. Gr\u00e2ce \u00e0 ses capacit\u00e9s d'enregistrement audio omnidirectionnel, il garantit que le son est capt\u00e9 dans toutes les directions, offrant ainsi une couverture audio compl\u00e8te pour n'importe quel projet.<\/p>\n<h4>R\u00e9duction intelligente du bruit<\/h4>\n<p>\u00c9quip\u00e9 d'une technologie intelligente de r\u00e9duction du bruit, le DJI Mic 2 est sp\u00e9cialis\u00e9 dans la minimisation des bruits de fond. Cette fonction garantit la clart\u00e9 de vos enregistrements, m\u00eame dans les endroits o\u00f9 le bruit ambiant est \u00e9lev\u00e9, am\u00e9liorant ainsi la qualit\u00e9 globale de votre son.<\/p>\n<h4>Dur\u00e9e de vie prolong\u00e9e de la batterie<\/h4>\n<p>Con\u00e7u pour une utilisation \u00e0 long terme, le DJI Mic 2 dispose d'une autonomie de 6 heures pour l'\u00e9metteur et le r\u00e9cepteur. L'ajout d'une cartouche de charge porte cette autonomie \u00e0 18 heures, ce qui en fait l'outil id\u00e9al pour les longues sessions de tournage ou les tournages prolong\u00e9s toute la journ\u00e9e sans craindre de tomber \u00e0 court de batterie.<\/p>\n<h4>Transmission audio longue distance<\/h4>\n<p>Avec une port\u00e9e de transmission audio significative de 250 m\u00e8tres (environ 820 pieds), le DJI Mic 2 garantit des performances exceptionnelles sur de longues distances. Cette caract\u00e9ristique le rend exceptionnellement polyvalent pour diff\u00e9rentes conditions de prise de vue, en maintenant la clart\u00e9 audio m\u00eame lorsque le sujet se trouve \u00e0 une certaine distance de l'appareil photo.<\/p>\n<h4>Appairage automatique<\/h4>\n<p>Gr\u00e2ce \u00e0 l'appairage automatique via la cartouche de chargement, le DJI Mic 2 favorise l'efficacit\u00e9, permettant une configuration rapide et une pr\u00e9paration instantan\u00e9e \u00e0 l'enregistrement d\u00e8s que les appareils sont sortis de l'\u00e9tui. Cela simplifie le processus d'enregistrement et permet d'\u00e9conomiser du temps et des efforts.<\/p>\n<h4>Capacit\u00e9 de stockage interne<\/h4>\n<p>Chaque \u00e9metteur est \u00e9quip\u00e9 d'une m\u00e9moire interne de 8 Go, permettant jusqu'\u00e0 14 heures d'enregistrement audio non compress\u00e9 de haute qualit\u00e9 (48 kHz 24 bits). Cette fonction est inestimable dans les situations o\u00f9 un enregistrement audio ininterrompu est crucial et prot\u00e8ge contre les probl\u00e8mes potentiels li\u00e9s \u00e0 la transmission sans fil.<\/p>\n<h4>Compatibilit\u00e9 universelle<\/h4>\n<p>D\u00e9montrant une compatibilit\u00e9 \u00e9tendue, le DJI Mic 2 prend en charge les sorties USB-C et Lightning pour les appareils num\u00e9riques, ainsi qu'une sortie analogique TRS 3,5 mm pour les cam\u00e9ras traditionnelles. Le microphone peut ainsi se connecter \u00e0 un large \u00e9ventail d'appareils, des smartphones et ordinateurs aux cam\u00e9ras professionnelles, offrant des solutions d'enregistrement audio polyvalentes.<\/p>\n<h4>A propos des produits reconditionn\u00e9s<\/h4>\n<p><em><strong>Ce produit a \u00e9t\u00e9 utilis\u00e9, mais il est en tr\u00e8s bon \u00e9tat\/comme neuf. Il a \u00e9t\u00e9 retourn\u00e9 dans les 14 jours et n'a souvent \u00e9t\u00e9 utilis\u00e9 que bri\u00e8vement. L'\u00e9tat g\u00e9n\u00e9ral est presque comme neuf.<\/strong><\/em><\/p>","protected":false},"excerpt":{"rendered":"<ul>\n<li>Enregistrement audio omnidirectionnel optimis\u00e9 pour les voix.<\/li>\n<li>Annulation intelligente du bruit pour des conversations claires.<\/li>\n<li>Autonomie de 6 heures, extensible \u00e0 18 heures avec l'\u00e9tui de chargement.<\/li>\n<li>Port\u00e9e maximale de la transmission audio de 250 m (820 ft.).<\/li>\n<li>Couplage automatique via la cartouche de chargement pour une utilisation imm\u00e9diate.<\/li>\n<li>Stockage interne de 8 Go pour 14 heures d'\u00e9coute.<\/li>\n<li>Prend en charge les sorties USB-C, Lightning et 3,5 mm TRS.<\/li>\n<li>Compatible avec les appareils photo, les smartphones et les ordinateurs.<\/li>\n<\/ul>","protected":false},"featured_media":3799,"template":"","meta":{"_acf_changed":false},"product_brand":[],"product_cat":[97,191,600,139],"product_tag":[],"class_list":{"0":"post-3802","1":"product","2":"type-product","3":"status-publish","4":"has-post-thumbnail","6":"product_cat-alle-producten","7":"product_cat-dji-mic","8":"product_cat-dji-mic-2","9":"product_cat-refurbished","10":"product_shipping_class-acsystemsall","11":"pa_brand-dji","12":"pa_productfamily-microfoon","13":"pa_producttype-microfoon","14":"pa_series-mic-2","16":"first","17":"instock","18":"taxable","19":"shipping-taxable","20":"purchasable","21":"product-type-simple"},"acf":[],"yoast_head":"<!-- This site is optimized with the Yoast SEO Premium plugin v27.2 (Yoast SEO v27.2) - https:\/\/yoast.com\/product\/yoast-seo-premium-wordpress\/ -->\n<title>DJI Mic 2 (1 TX + 1 RX) (CE) - Refurbished - koningdrone.be<\/title>\n<meta name=\"robots\" content=\"index, follow, max-snippet:-1, max-image-preview:large, max-video-preview:-1\" \/>\n<link rel=\"canonical\" href=\"https:\/\/koningdrone.be\/fr\/produit\/dji-mic-2-1-tx-1-rx\/\" \/>\n<meta property=\"og:locale\" content=\"fr_FR\" \/>\n<meta property=\"og:type\" content=\"article\" \/>\n<meta property=\"og:title\" content=\"DJI Mic 2 (1 TX + 1 RX) (CE) - Refurbished\" \/>\n<meta property=\"og:description\" content=\"Omnidirectionele audio-opname geoptimaliseerd voor zang.  Intelligente ruisonderdrukking voor heldere gesprekken.  Gebruiksduur van 6 uur, verlengbaar tot 18 uur met oplaadetui.  Maximaal audiotransmissiebereik van 250 m (820 ft.).  Automatische koppeling via de oplaadcassette voor onmiddellijk gebruik.  8 GB interne opslag voor maximaal 14 uur audio.  Ondersteunt USB-C-, Lightning- en 3,5 mm TRS-uitgangen.  Compatibel met camera&#039;s, smartphones en computers.\" \/>\n<meta property=\"og:url\" content=\"https:\/\/koningdrone.be\/fr\/produit\/dji-mic-2-1-tx-1-rx\/\" \/>\n<meta property=\"og:site_name\" content=\"koningdrone.be\" \/>\n<meta property=\"article:modified_time\" content=\"2026-04-29T02:10:35+00:00\" \/>\n<meta property=\"og:image\" content=\"https:\/\/koningdrone.be\/wp-content\/uploads\/sites\/13\/2025\/04\/507540ea4f3e91c7dbbf51a5a75a9d61@ultra.jpg\" \/>\n\t<meta property=\"og:image:width\" content=\"1280\" \/>\n\t<meta property=\"og:image:height\" content=\"1280\" \/>\n\t<meta property=\"og:image:type\" content=\"image\/jpeg\" \/>\n<meta name=\"twitter:card\" content=\"summary_large_image\" \/>\n<meta name=\"twitter:label1\" content=\"Dur\u00e9e de lecture est.\" \/>\n\t<meta name=\"twitter:data1\" content=\"2 minutes\" \/>\n<script type=\"application\/ld+json\" class=\"yoast-schema-graph\">{\"@context\":\"https:\/\/schema.org\",\"@graph\":[{\"@type\":\"WebPage\",\"@id\":\"https:\/\/koningdrone.be\/product\/dji-mic-2-1-tx-1-rx\/\",\"url\":\"https:\/\/koningdrone.be\/product\/dji-mic-2-1-tx-1-rx\/\",\"name\":\"DJI Mic 2 (1 TX + 1 RX) (CE) - Refurbished - koningdrone.be\",\"isPartOf\":{\"@id\":\"https:\/\/koningdrone.be\/#website\"},\"primaryImageOfPage\":{\"@id\":\"https:\/\/koningdrone.be\/product\/dji-mic-2-1-tx-1-rx\/#primaryimage\"},\"image\":{\"@id\":\"https:\/\/koningdrone.be\/product\/dji-mic-2-1-tx-1-rx\/#primaryimage\"},\"thumbnailUrl\":\"https:\/\/koningdrone.be\/wp-content\/uploads\/sites\/13\/2025\/04\/507540ea4f3e91c7dbbf51a5a75a9d61@ultra.jpg\",\"datePublished\":\"2024-03-18T09:43:33+00:00\",\"dateModified\":\"2026-04-29T02:10:35+00:00\",\"breadcrumb\":{\"@id\":\"https:\/\/koningdrone.be\/product\/dji-mic-2-1-tx-1-rx\/#breadcrumb\"},\"inLanguage\":\"fr-BE\",\"potentialAction\":[{\"@type\":\"ReadAction\",\"target\":[\"https:\/\/koningdrone.be\/product\/dji-mic-2-1-tx-1-rx\/\"]}]},{\"@type\":\"ImageObject\",\"inLanguage\":\"fr-BE\",\"@id\":\"https:\/\/koningdrone.be\/product\/dji-mic-2-1-tx-1-rx\/#primaryimage\",\"url\":\"https:\/\/koningdrone.be\/wp-content\/uploads\/sites\/13\/2025\/04\/507540ea4f3e91c7dbbf51a5a75a9d61@ultra.jpg\",\"contentUrl\":\"https:\/\/koningdrone.be\/wp-content\/uploads\/sites\/13\/2025\/04\/507540ea4f3e91c7dbbf51a5a75a9d61@ultra.jpg\",\"width\":1280,\"height\":1280},{\"@type\":\"BreadcrumbList\",\"@id\":\"https:\/\/koningdrone.be\/product\/dji-mic-2-1-tx-1-rx\/#breadcrumb\",\"itemListElement\":[{\"@type\":\"ListItem\",\"position\":1,\"name\":\"Home\",\"item\":\"https:\/\/koningdrone.be\/\"},{\"@type\":\"ListItem\",\"position\":2,\"name\":\"AVSS Parachute Recovery System for DJI Matrice 300\/350\",\"item\":\"https:\/\/koningdrone.be\/product\/avss-parachute-recovery-system-for-dji-matrice-300-350\/\"},{\"@type\":\"ListItem\",\"position\":3,\"name\":\"Alle producten\",\"item\":\"https:\/\/koningdrone.be\/categorie\/alle-producten\/\"},{\"@type\":\"ListItem\",\"position\":4,\"name\":\"DJI Mic 2 (1 TX + 1 RX) (CE) &#8211; Refurbished\"}]},{\"@type\":\"WebSite\",\"@id\":\"https:\/\/koningdrone.be\/#website\",\"url\":\"https:\/\/koningdrone.be\/\",\"name\":\"Koningdrone.be - Uw online specialist in drones, gimbals, camera's en power stations.\",\"description\":\"De webshop in drones en gimbals\",\"publisher\":{\"@id\":\"https:\/\/koningdrone.be\/#organization\"},\"potentialAction\":[{\"@type\":\"SearchAction\",\"target\":{\"@type\":\"EntryPoint\",\"urlTemplate\":\"https:\/\/koningdrone.be\/?s={search_term_string}\"},\"query-input\":{\"@type\":\"PropertyValueSpecification\",\"valueRequired\":true,\"valueName\":\"search_term_string\"}}],\"inLanguage\":\"fr-BE\"},{\"@type\":\"Organization\",\"@id\":\"https:\/\/koningdrone.be\/#organization\",\"name\":\"Koningdrone.be\",\"url\":\"https:\/\/koningdrone.be\/\",\"logo\":{\"@type\":\"ImageObject\",\"inLanguage\":\"fr-BE\",\"@id\":\"https:\/\/koningdrone.be\/#\/schema\/logo\/image\/\",\"url\":\"https:\/\/koningdrone.be\/wp-content\/uploads\/sites\/13\/2025\/04\/koningdrone-copyright-logo.svg\",\"contentUrl\":\"https:\/\/koningdrone.be\/wp-content\/uploads\/sites\/13\/2025\/04\/koningdrone-copyright-logo.svg\",\"width\":227,\"height\":38,\"caption\":\"Koningdrone.be\"},\"image\":{\"@id\":\"https:\/\/koningdrone.be\/#\/schema\/logo\/image\/\"}}]}<\/script>\n<!-- \/ Yoast SEO Premium plugin. -->","yoast_head_json":{"title":"DJI Mic 2 (1 TX + 1 RX) (CE) - Refurbished - koningdrone.be","robots":{"index":"index","follow":"follow","max-snippet":"max-snippet:-1","max-image-preview":"max-image-preview:large","max-video-preview":"max-video-preview:-1"},"canonical":"https:\/\/koningdrone.be\/fr\/produit\/dji-mic-2-1-tx-1-rx\/","og_locale":"fr_FR","og_type":"article","og_title":"DJI Mic 2 (1 TX + 1 RX) (CE) - Refurbished","og_description":"Omnidirectionele audio-opname geoptimaliseerd voor zang.  Intelligente ruisonderdrukking voor heldere gesprekken.  Gebruiksduur van 6 uur, verlengbaar tot 18 uur met oplaadetui.  Maximaal audiotransmissiebereik van 250 m (820 ft.).  Automatische koppeling via de oplaadcassette voor onmiddellijk gebruik.  8 GB interne opslag voor maximaal 14 uur audio.  Ondersteunt USB-C-, Lightning- en 3,5 mm TRS-uitgangen.  Compatibel met camera's, smartphones en computers.","og_url":"https:\/\/koningdrone.be\/fr\/produit\/dji-mic-2-1-tx-1-rx\/","og_site_name":"koningdrone.be","article_modified_time":"2026-04-29T02:10:35+00:00","og_image":[{"width":1280,"height":1280,"url":"https:\/\/koningdrone.be\/wp-content\/uploads\/sites\/13\/2025\/04\/507540ea4f3e91c7dbbf51a5a75a9d61@ultra.jpg","type":"image\/jpeg"}],"twitter_card":"summary_large_image","twitter_misc":{"Dur\u00e9e de lecture est.":"2 minutes"},"schema":{"@context":"https:\/\/schema.org","@graph":[{"@type":"WebPage","@id":"https:\/\/koningdrone.be\/product\/dji-mic-2-1-tx-1-rx\/","url":"https:\/\/koningdrone.be\/product\/dji-mic-2-1-tx-1-rx\/","name":"DJI Mic 2 (1 TX + 1 RX) (CE) - Refurbished - koningdrone.be","isPartOf":{"@id":"https:\/\/koningdrone.be\/#website"},"primaryImageOfPage":{"@id":"https:\/\/koningdrone.be\/product\/dji-mic-2-1-tx-1-rx\/#primaryimage"},"image":{"@id":"https:\/\/koningdrone.be\/product\/dji-mic-2-1-tx-1-rx\/#primaryimage"},"thumbnailUrl":"https:\/\/koningdrone.be\/wp-content\/uploads\/sites\/13\/2025\/04\/507540ea4f3e91c7dbbf51a5a75a9d61@ultra.jpg","datePublished":"2024-03-18T09:43:33+00:00","dateModified":"2026-04-29T02:10:35+00:00","breadcrumb":{"@id":"https:\/\/koningdrone.be\/product\/dji-mic-2-1-tx-1-rx\/#breadcrumb"},"inLanguage":"fr-BE","potentialAction":[{"@type":"ReadAction","target":["https:\/\/koningdrone.be\/product\/dji-mic-2-1-tx-1-rx\/"]}]},{"@type":"ImageObject","inLanguage":"fr-BE","@id":"https:\/\/koningdrone.be\/product\/dji-mic-2-1-tx-1-rx\/#primaryimage","url":"https:\/\/koningdrone.be\/wp-content\/uploads\/sites\/13\/2025\/04\/507540ea4f3e91c7dbbf51a5a75a9d61@ultra.jpg","contentUrl":"https:\/\/koningdrone.be\/wp-content\/uploads\/sites\/13\/2025\/04\/507540ea4f3e91c7dbbf51a5a75a9d61@ultra.jpg","width":1280,"height":1280},{"@type":"BreadcrumbList","@id":"https:\/\/koningdrone.be\/product\/dji-mic-2-1-tx-1-rx\/#breadcrumb","itemListElement":[{"@type":"ListItem","position":1,"name":"Home","item":"https:\/\/koningdrone.be\/"},{"@type":"ListItem","position":2,"name":"AVSS Parachute Recovery System for DJI Matrice 300\/350","item":"https:\/\/koningdrone.be\/product\/avss-parachute-recovery-system-for-dji-matrice-300-350\/"},{"@type":"ListItem","position":3,"name":"Alle producten","item":"https:\/\/koningdrone.be\/categorie\/alle-producten\/"},{"@type":"ListItem","position":4,"name":"DJI Mic 2 (1 TX + 1 RX) (CE) &#8211; Refurbished"}]},{"@type":"WebSite","@id":"https:\/\/koningdrone.be\/#website","url":"https:\/\/koningdrone.be\/","name":"Koningdrone.be - Votre sp\u00e9cialiste en ligne en mati\u00e8re de drones, de cardans, de cam\u00e9ras et de centrales \u00e9lectriques.","description":"La boutique en ligne de drones et de cardans","publisher":{"@id":"https:\/\/koningdrone.be\/#organization"},"potentialAction":[{"@type":"SearchAction","target":{"@type":"EntryPoint","urlTemplate":"https:\/\/koningdrone.be\/?s={search_term_string}"},"query-input":{"@type":"PropertyValueSpecification","valueRequired":true,"valueName":"search_term_string"}}],"inLanguage":"fr-BE"},{"@type":"Organization","@id":"https:\/\/koningdrone.be\/#organization","name":"Kingdrone.co.uk","url":"https:\/\/koningdrone.be\/","logo":{"@type":"ImageObject","inLanguage":"fr-BE","@id":"https:\/\/koningdrone.be\/#\/schema\/logo\/image\/","url":"https:\/\/koningdrone.be\/wp-content\/uploads\/sites\/13\/2025\/04\/koningdrone-copyright-logo.svg","contentUrl":"https:\/\/koningdrone.be\/wp-content\/uploads\/sites\/13\/2025\/04\/koningdrone-copyright-logo.svg","width":227,"height":38,"caption":"Koningdrone.be"},"image":{"@id":"https:\/\/koningdrone.be\/#\/schema\/logo\/image\/"}}]}},"df_price":162,"df_sale_price":"","df_regular_price":162,"df_image_link":"https:\/\/koningdrone.be\/wp-content\/uploads\/sites\/13\/2025\/04\/507540ea4f3e91c7dbbf51a5a75a9d61@ultra-300x300.jpg","_links":{"self":[{"href":"https:\/\/koningdrone.be\/fr\/wp-json\/wp\/v2\/product\/3802","targetHints":{"allow":["GET"]}}],"collection":[{"href":"https:\/\/koningdrone.be\/fr\/wp-json\/wp\/v2\/product"}],"about":[{"href":"https:\/\/koningdrone.be\/fr\/wp-json\/wp\/v2\/types\/product"}],"wp:featuredmedia":[{"embeddable":true,"href":"https:\/\/koningdrone.be\/fr\/wp-json\/wp\/v2\/media\/3799"}],"wp:attachment":[{"href":"https:\/\/koningdrone.be\/fr\/wp-json\/wp\/v2\/media?parent=3802"}],"wp:term":[{"taxonomy":"product_brand","embeddable":true,"href":"https:\/\/koningdrone.be\/fr\/wp-json\/wp\/v2\/product_brand?post=3802"},{"taxonomy":"product_cat","embeddable":true,"href":"https:\/\/koningdrone.be\/fr\/wp-json\/wp\/v2\/product_cat?post=3802"},{"taxonomy":"product_tag","embeddable":true,"href":"https:\/\/koningdrone.be\/fr\/wp-json\/wp\/v2\/product_tag?post=3802"}],"curies":[{"name":"wp","href":"https:\/\/api.w.org\/{rel}","templated":true}]}}