{"id":3798,"date":"2024-03-18T10:43:33","date_gmt":"2024-03-18T09:43:33","guid":{"rendered":"https:\/\/koningdrone.nl\/kon\/product\/dji-mic-2-2-tx-1-rx-charging-case\/"},"modified":"2026-05-01T14:50:39","modified_gmt":"2026-05-01T12:50:39","slug":"dji-mic-2-2-tx-1-rx-charging-case","status":"publish","type":"product","link":"https:\/\/koningdrone.be\/fr\/produit\/dji-mic-2-2-tx-1-rx-charging-case\/","title":{"rendered":"DJI Mic 2 (2 TX + 1 RX + \u00e9tui de chargement)"},"content":{"rendered":"<p><strong>Am\u00e9lioration de la qualit\u00e9 audio<\/strong><\/p>\n<p>Le DJI Mic 2 est soigneusement con\u00e7u pour am\u00e9liorer la qualit\u00e9 de vos enregistrements audio, ce qui en fait un excellent choix pour divers projets tels que les vlogs et les interviews. L'appareil capture habilement le son sous tous les angles, en mettant l'accent sur la clart\u00e9 vocale. De plus, il pr\u00e9sente une fonction innovante qui r\u00e9duit efficacement les bruits de fond, afin que vos enregistrements restent clairs m\u00eame dans les environnements bruyants.<\/p>\n<p><strong>Dur\u00e9e de vie prolong\u00e9e de la batterie<\/strong><\/p>\n<p>L'une des principales caract\u00e9ristiques du DJI Mic 2 est son impressionnante autonomie. L'\u00e9metteur et le r\u00e9cepteur peuvent fonctionner pendant 6 heures avec une seule charge. Pour les projets n\u00e9cessitant des temps d'enregistrement plus longs, la cartouche de charge fournit une puissance suppl\u00e9mentaire, prolongeant la dur\u00e9e d'utilisation totale \u00e0 18 heures. Cette fonctionnalit\u00e9 r\u00e9duit consid\u00e9rablement le besoin de charge r\u00e9guli\u00e8re, vous permettant de vous concentrer sur votre projet.<\/p>\n<p><strong>Grande port\u00e9e de transmission<\/strong><\/p>\n<p>Avec une port\u00e9e de transmission audio maximale de 250 m\u00e8tres, le DJI Mic 2 est polyvalent et fiable dans une vari\u00e9t\u00e9 d'environnements d'enregistrement. Cette fonction vous permet de capturer un son de haute qualit\u00e9 m\u00eame \u00e0 distance, augmentant ainsi la flexibilit\u00e9 et le potentiel de vos enregistrements.<\/p>\n<p><strong>Installation simple<\/strong><\/p>\n<p>L'\u00e9tui de chargement pour le DJI Mic 2 offre plus que de simples capacit\u00e9s de chargement. Il facilite \u00e9galement l'appairage automatique du r\u00e9cepteur et des \u00e9metteurs, ce qui simplifie le processus d'installation. Vous pouvez ainsi d\u00e9marrer rapidement vos projets d'enregistrement, sans avoir \u00e0 vous soucier des configurations manuelles.<\/p>\n<p><strong>Un espace de rangement g\u00e9n\u00e9reux<\/strong><\/p>\n<p>Chaque \u00e9metteur est \u00e9quip\u00e9 d'une m\u00e9moire int\u00e9gr\u00e9e de 8 Go, qui permet de r\u00e9aliser jusqu'\u00e0 14 heures d'enregistrement audio de haute qualit\u00e9. Cette fonction est particuli\u00e8rement utile car elle permet l'enregistrement direct sur l'appareil. Vous pouvez ainsi sauvegarder votre pr\u00e9cieux contenu audio et vous assurer qu'il n'est pas perdu, m\u00eame si votre appareil d'enregistrement principal n'a plus d'espace de stockage.<\/p>\n<p><strong>Connectivit\u00e9 polyvalente<\/strong><\/p>\n<p>Le DJI Mic 2 b\u00e9n\u00e9ficie d'une large compatibilit\u00e9 avec un grand nombre d'appareils, gr\u00e2ce \u00e0 la prise en charge des connexions USB-C et Lightning, en plus d'une sortie analogique traditionnelle TRS 3,5 mm. Que vous travailliez avec une cam\u00e9ra, un smartphone ou un ordinateur, le Mic 2 s'int\u00e8gre parfaitement \u00e0 votre configuration, offrant polyvalence et commodit\u00e9.<\/p>","protected":false},"excerpt":{"rendered":"<ul>\n<li>Enregistrement audio omnidirectionnel optimis\u00e9 pour les voix<\/li>\n<li>R\u00e9duction intelligente du bruit pour des appels clairs<\/li>\n<li>Autonomie de 6 heures, extensible \u00e0 18 heures avec l'\u00e9tui<\/li>\n<li>Port\u00e9e maximale de la transmission audio : 250 m\u00e8tres<\/li>\n<li>Appairage automatique avec l'\u00e9tui de chargement<\/li>\n<li>8 Go de m\u00e9moire interne par \u00e9metteur<\/li>\n<li>Prise en charge des sorties USB-C, Lightning et 3,5 mm TRS<\/li>\n<\/ul>","protected":false},"featured_media":3796,"template":"","meta":{"_acf_changed":false},"product_brand":[],"product_cat":[97,752,191,600],"product_tag":[],"class_list":{"0":"post-3798","1":"product","2":"type-product","3":"status-publish","4":"has-post-thumbnail","6":"product_cat-alle-producten","7":"product_cat-audio-apparatuur","8":"product_cat-dji-mic","9":"product_cat-dji-mic-2","10":"product_shipping_class-outofstock","11":"pa_brand-dji","12":"pa_productfamily-microfoon","13":"pa_producttype-microfoon","14":"pa_series-mic-2","16":"first","17":"outofstock","18":"taxable","19":"shipping-taxable","20":"purchasable","21":"product-type-simple"},"acf":[],"yoast_head":"<!-- This site is optimized with the Yoast SEO Premium plugin v27.2 (Yoast SEO v27.2) - https:\/\/yoast.com\/product\/yoast-seo-premium-wordpress\/ -->\n<title>DJI Mic 2 (2 TX + 1 RX + Charging Case) - koningdrone.be<\/title>\n<meta name=\"robots\" content=\"index, follow, max-snippet:-1, max-image-preview:large, max-video-preview:-1\" \/>\n<link rel=\"canonical\" href=\"https:\/\/koningdrone.be\/fr\/produit\/dji-mic-2-2-tx-1-rx-charging-case\/\" \/>\n<meta property=\"og:locale\" content=\"fr_FR\" \/>\n<meta property=\"og:type\" content=\"article\" \/>\n<meta property=\"og:title\" content=\"DJI Mic 2 (2 TX + 1 RX + Charging Case)\" \/>\n<meta property=\"og:description\" content=\"Omnidirectionele audio-opname geoptimaliseerd voor zang  Intelligente ruisonderdrukking voor heldere gesprekken  Batterijduur van 6 uur, uitbreidbaar tot 18 uur met hoesje  Maximaal audiotransmissiebereik van 250 meter  Automatische koppeling met oplaadetui  8 GB intern geheugen per zender  Ondersteunt USB-C-, Lightning- en 3,5 mm TRS-uitgangen\" \/>\n<meta property=\"og:url\" content=\"https:\/\/koningdrone.be\/fr\/produit\/dji-mic-2-2-tx-1-rx-charging-case\/\" \/>\n<meta property=\"og:site_name\" content=\"koningdrone.be\" \/>\n<meta property=\"article:modified_time\" content=\"2026-05-01T12:50:39+00:00\" \/>\n<meta property=\"og:image\" content=\"https:\/\/koningdrone.be\/wp-content\/uploads\/sites\/13\/2025\/04\/52da2f4e9669832c5a94a557396a8e08@ultra.jpg\" \/>\n\t<meta property=\"og:image:width\" content=\"1280\" \/>\n\t<meta property=\"og:image:height\" content=\"1280\" \/>\n\t<meta property=\"og:image:type\" content=\"image\/jpeg\" \/>\n<meta name=\"twitter:card\" content=\"summary_large_image\" \/>\n<meta name=\"twitter:label1\" content=\"Dur\u00e9e de lecture est.\" \/>\n\t<meta name=\"twitter:data1\" content=\"2 minutes\" \/>\n<script type=\"application\/ld+json\" class=\"yoast-schema-graph\">{\"@context\":\"https:\/\/schema.org\",\"@graph\":[{\"@type\":\"WebPage\",\"@id\":\"https:\/\/koningdrone.be\/product\/dji-mic-2-2-tx-1-rx-charging-case\/\",\"url\":\"https:\/\/koningdrone.be\/product\/dji-mic-2-2-tx-1-rx-charging-case\/\",\"name\":\"DJI Mic 2 (2 TX + 1 RX + Charging Case) - koningdrone.be\",\"isPartOf\":{\"@id\":\"https:\/\/koningdrone.be\/#website\"},\"primaryImageOfPage\":{\"@id\":\"https:\/\/koningdrone.be\/product\/dji-mic-2-2-tx-1-rx-charging-case\/#primaryimage\"},\"image\":{\"@id\":\"https:\/\/koningdrone.be\/product\/dji-mic-2-2-tx-1-rx-charging-case\/#primaryimage\"},\"thumbnailUrl\":\"https:\/\/koningdrone.be\/wp-content\/uploads\/sites\/13\/2025\/04\/52da2f4e9669832c5a94a557396a8e08@ultra.jpg\",\"datePublished\":\"2024-03-18T09:43:33+00:00\",\"dateModified\":\"2026-05-01T12:50:39+00:00\",\"breadcrumb\":{\"@id\":\"https:\/\/koningdrone.be\/product\/dji-mic-2-2-tx-1-rx-charging-case\/#breadcrumb\"},\"inLanguage\":\"fr-BE\",\"potentialAction\":[{\"@type\":\"ReadAction\",\"target\":[\"https:\/\/koningdrone.be\/product\/dji-mic-2-2-tx-1-rx-charging-case\/\"]}]},{\"@type\":\"ImageObject\",\"inLanguage\":\"fr-BE\",\"@id\":\"https:\/\/koningdrone.be\/product\/dji-mic-2-2-tx-1-rx-charging-case\/#primaryimage\",\"url\":\"https:\/\/koningdrone.be\/wp-content\/uploads\/sites\/13\/2025\/04\/52da2f4e9669832c5a94a557396a8e08@ultra.jpg\",\"contentUrl\":\"https:\/\/koningdrone.be\/wp-content\/uploads\/sites\/13\/2025\/04\/52da2f4e9669832c5a94a557396a8e08@ultra.jpg\",\"width\":1280,\"height\":1280},{\"@type\":\"BreadcrumbList\",\"@id\":\"https:\/\/koningdrone.be\/product\/dji-mic-2-2-tx-1-rx-charging-case\/#breadcrumb\",\"itemListElement\":[{\"@type\":\"ListItem\",\"position\":1,\"name\":\"Home\",\"item\":\"https:\/\/koningdrone.be\/\"},{\"@type\":\"ListItem\",\"position\":2,\"name\":\"AVSS Parachute Recovery System for DJI Matrice 300\/350\",\"item\":\"https:\/\/koningdrone.be\/product\/avss-parachute-recovery-system-for-dji-matrice-300-350\/\"},{\"@type\":\"ListItem\",\"position\":3,\"name\":\"Alle producten\",\"item\":\"https:\/\/koningdrone.be\/categorie\/alle-producten\/\"},{\"@type\":\"ListItem\",\"position\":4,\"name\":\"DJI Mic 2 (2 TX + 1 RX + Charging Case)\"}]},{\"@type\":\"WebSite\",\"@id\":\"https:\/\/koningdrone.be\/#website\",\"url\":\"https:\/\/koningdrone.be\/\",\"name\":\"Koningdrone.be - Uw online specialist in drones, gimbals, camera's en power stations.\",\"description\":\"De webshop in drones en gimbals\",\"publisher\":{\"@id\":\"https:\/\/koningdrone.be\/#organization\"},\"potentialAction\":[{\"@type\":\"SearchAction\",\"target\":{\"@type\":\"EntryPoint\",\"urlTemplate\":\"https:\/\/koningdrone.be\/?s={search_term_string}\"},\"query-input\":{\"@type\":\"PropertyValueSpecification\",\"valueRequired\":true,\"valueName\":\"search_term_string\"}}],\"inLanguage\":\"fr-BE\"},{\"@type\":\"Organization\",\"@id\":\"https:\/\/koningdrone.be\/#organization\",\"name\":\"Koningdrone.be\",\"url\":\"https:\/\/koningdrone.be\/\",\"logo\":{\"@type\":\"ImageObject\",\"inLanguage\":\"fr-BE\",\"@id\":\"https:\/\/koningdrone.be\/#\/schema\/logo\/image\/\",\"url\":\"https:\/\/koningdrone.be\/wp-content\/uploads\/sites\/13\/2025\/04\/koningdrone-copyright-logo.svg\",\"contentUrl\":\"https:\/\/koningdrone.be\/wp-content\/uploads\/sites\/13\/2025\/04\/koningdrone-copyright-logo.svg\",\"width\":227,\"height\":38,\"caption\":\"Koningdrone.be\"},\"image\":{\"@id\":\"https:\/\/koningdrone.be\/#\/schema\/logo\/image\/\"}}]}<\/script>\n<!-- \/ Yoast SEO Premium plugin. -->","yoast_head_json":{"title":"DJI Mic 2 (2 TX + 1 RX + Charging Case) - koningdrone.be","robots":{"index":"index","follow":"follow","max-snippet":"max-snippet:-1","max-image-preview":"max-image-preview:large","max-video-preview":"max-video-preview:-1"},"canonical":"https:\/\/koningdrone.be\/fr\/produit\/dji-mic-2-2-tx-1-rx-charging-case\/","og_locale":"fr_FR","og_type":"article","og_title":"DJI Mic 2 (2 TX + 1 RX + Charging Case)","og_description":"Omnidirectionele audio-opname geoptimaliseerd voor zang  Intelligente ruisonderdrukking voor heldere gesprekken  Batterijduur van 6 uur, uitbreidbaar tot 18 uur met hoesje  Maximaal audiotransmissiebereik van 250 meter  Automatische koppeling met oplaadetui  8 GB intern geheugen per zender  Ondersteunt USB-C-, Lightning- en 3,5 mm TRS-uitgangen","og_url":"https:\/\/koningdrone.be\/fr\/produit\/dji-mic-2-2-tx-1-rx-charging-case\/","og_site_name":"koningdrone.be","article_modified_time":"2026-05-01T12:50:39+00:00","og_image":[{"width":1280,"height":1280,"url":"https:\/\/koningdrone.be\/wp-content\/uploads\/sites\/13\/2025\/04\/52da2f4e9669832c5a94a557396a8e08@ultra.jpg","type":"image\/jpeg"}],"twitter_card":"summary_large_image","twitter_misc":{"Dur\u00e9e de lecture est.":"2 minutes"},"schema":{"@context":"https:\/\/schema.org","@graph":[{"@type":"WebPage","@id":"https:\/\/koningdrone.be\/product\/dji-mic-2-2-tx-1-rx-charging-case\/","url":"https:\/\/koningdrone.be\/product\/dji-mic-2-2-tx-1-rx-charging-case\/","name":"DJI Mic 2 (2 TX + 1 RX + Charging Case) - koningdrone.be","isPartOf":{"@id":"https:\/\/koningdrone.be\/#website"},"primaryImageOfPage":{"@id":"https:\/\/koningdrone.be\/product\/dji-mic-2-2-tx-1-rx-charging-case\/#primaryimage"},"image":{"@id":"https:\/\/koningdrone.be\/product\/dji-mic-2-2-tx-1-rx-charging-case\/#primaryimage"},"thumbnailUrl":"https:\/\/koningdrone.be\/wp-content\/uploads\/sites\/13\/2025\/04\/52da2f4e9669832c5a94a557396a8e08@ultra.jpg","datePublished":"2024-03-18T09:43:33+00:00","dateModified":"2026-05-01T12:50:39+00:00","breadcrumb":{"@id":"https:\/\/koningdrone.be\/product\/dji-mic-2-2-tx-1-rx-charging-case\/#breadcrumb"},"inLanguage":"fr-BE","potentialAction":[{"@type":"ReadAction","target":["https:\/\/koningdrone.be\/product\/dji-mic-2-2-tx-1-rx-charging-case\/"]}]},{"@type":"ImageObject","inLanguage":"fr-BE","@id":"https:\/\/koningdrone.be\/product\/dji-mic-2-2-tx-1-rx-charging-case\/#primaryimage","url":"https:\/\/koningdrone.be\/wp-content\/uploads\/sites\/13\/2025\/04\/52da2f4e9669832c5a94a557396a8e08@ultra.jpg","contentUrl":"https:\/\/koningdrone.be\/wp-content\/uploads\/sites\/13\/2025\/04\/52da2f4e9669832c5a94a557396a8e08@ultra.jpg","width":1280,"height":1280},{"@type":"BreadcrumbList","@id":"https:\/\/koningdrone.be\/product\/dji-mic-2-2-tx-1-rx-charging-case\/#breadcrumb","itemListElement":[{"@type":"ListItem","position":1,"name":"Home","item":"https:\/\/koningdrone.be\/"},{"@type":"ListItem","position":2,"name":"AVSS Parachute Recovery System for DJI Matrice 300\/350","item":"https:\/\/koningdrone.be\/product\/avss-parachute-recovery-system-for-dji-matrice-300-350\/"},{"@type":"ListItem","position":3,"name":"Alle producten","item":"https:\/\/koningdrone.be\/categorie\/alle-producten\/"},{"@type":"ListItem","position":4,"name":"DJI Mic 2 (2 TX + 1 RX + Charging Case)"}]},{"@type":"WebSite","@id":"https:\/\/koningdrone.be\/#website","url":"https:\/\/koningdrone.be\/","name":"Koningdrone.be - Votre sp\u00e9cialiste en ligne en mati\u00e8re de drones, de cardans, de cam\u00e9ras et de centrales \u00e9lectriques.","description":"La boutique en ligne de drones et de cardans","publisher":{"@id":"https:\/\/koningdrone.be\/#organization"},"potentialAction":[{"@type":"SearchAction","target":{"@type":"EntryPoint","urlTemplate":"https:\/\/koningdrone.be\/?s={search_term_string}"},"query-input":{"@type":"PropertyValueSpecification","valueRequired":true,"valueName":"search_term_string"}}],"inLanguage":"fr-BE"},{"@type":"Organization","@id":"https:\/\/koningdrone.be\/#organization","name":"Kingdrone.co.uk","url":"https:\/\/koningdrone.be\/","logo":{"@type":"ImageObject","inLanguage":"fr-BE","@id":"https:\/\/koningdrone.be\/#\/schema\/logo\/image\/","url":"https:\/\/koningdrone.be\/wp-content\/uploads\/sites\/13\/2025\/04\/koningdrone-copyright-logo.svg","contentUrl":"https:\/\/koningdrone.be\/wp-content\/uploads\/sites\/13\/2025\/04\/koningdrone-copyright-logo.svg","width":227,"height":38,"caption":"Koningdrone.be"},"image":{"@id":"https:\/\/koningdrone.be\/#\/schema\/logo\/image\/"}}]}},"df_price":249,"df_sale_price":"","df_regular_price":249,"df_image_link":"https:\/\/koningdrone.be\/wp-content\/uploads\/sites\/13\/2025\/04\/52da2f4e9669832c5a94a557396a8e08@ultra-300x300.jpg","_links":{"self":[{"href":"https:\/\/koningdrone.be\/fr\/wp-json\/wp\/v2\/product\/3798","targetHints":{"allow":["GET"]}}],"collection":[{"href":"https:\/\/koningdrone.be\/fr\/wp-json\/wp\/v2\/product"}],"about":[{"href":"https:\/\/koningdrone.be\/fr\/wp-json\/wp\/v2\/types\/product"}],"wp:featuredmedia":[{"embeddable":true,"href":"https:\/\/koningdrone.be\/fr\/wp-json\/wp\/v2\/media\/3796"}],"wp:attachment":[{"href":"https:\/\/koningdrone.be\/fr\/wp-json\/wp\/v2\/media?parent=3798"}],"wp:term":[{"taxonomy":"product_brand","embeddable":true,"href":"https:\/\/koningdrone.be\/fr\/wp-json\/wp\/v2\/product_brand?post=3798"},{"taxonomy":"product_cat","embeddable":true,"href":"https:\/\/koningdrone.be\/fr\/wp-json\/wp\/v2\/product_cat?post=3798"},{"taxonomy":"product_tag","embeddable":true,"href":"https:\/\/koningdrone.be\/fr\/wp-json\/wp\/v2\/product_tag?post=3798"}],"curies":[{"name":"wp","href":"https:\/\/api.w.org\/{rel}","templated":true}]}}