{"id":3795,"date":"2024-03-18T10:43:33","date_gmt":"2024-03-18T09:43:33","guid":{"rendered":"https:\/\/koningdrone.nl\/kon\/product\/dji-mic-2-transmitter-pearl-white\/"},"modified":"2026-05-01T04:40:44","modified_gmt":"2026-05-01T02:40:44","slug":"dji-mic-2-transmitter-pearl-white","status":"publish","type":"product","link":"https:\/\/koningdrone.be\/fr\/produit\/dji-mic-2-transmitter-pearl-white\/","title":{"rendered":"\u00c9metteur DJI Mic 2 (blanc platine)"},"content":{"rendered":"<p><strong>Introduction au DJI Mic 2<\/strong><\/p>\n<p>Le DJI Mic 2 est un syst\u00e8me de microphone avanc\u00e9 con\u00e7u pour capturer un son omnidirectionnel de haute qualit\u00e9, ce qui en fait un choix id\u00e9al pour diverses applications telles que le vlogging, les interviews et bien plus encore. La technologie intelligente de r\u00e9duction du bruit minimise efficacement les bruits de fond, pour que vos conversations restent claires et compr\u00e9hensibles, m\u00eame dans les environnements bruyants.<\/p>\n<p><strong>Enregistrement audio omnidirectionnel<\/strong><\/p>\n<p>Optimis\u00e9 pour l'enregistrement vocal, ce syst\u00e8me de microphone garantit que votre voix est enregistr\u00e9e clairement dans toutes les directions. Il am\u00e9liore ainsi la flexibilit\u00e9 et la qualit\u00e9 de vos enregistrements, facilitant la capture d'un son professionnel dans n'importe quel environnement.<\/p>\n<p><strong>R\u00e9duction intelligente du bruit<\/strong><\/p>\n<p>Le DJI Mic 2 comprend une fonction avanc\u00e9e de r\u00e9duction du bruit qui r\u00e9duit consid\u00e9rablement les bruits de fond ind\u00e9sirables. Cela permet d'obtenir des enregistrements audio plus nets et plus pr\u00e9cis, ce qui est essentiel pour cr\u00e9er des contenus de haute qualit\u00e9 dans divers environnements.<\/p>\n<p><strong>Dur\u00e9e de vie prolong\u00e9e de la batterie<\/strong><\/p>\n<p>Chaque \u00e9metteur et r\u00e9cepteur du syst\u00e8me dispose d'une autonomie de 6 heures, extensible \u00e0 18 heures avec la cartouche de chargement incluse. Vous disposez ainsi d'une dur\u00e9e d'enregistrement suffisante pour les projets de longue dur\u00e9e, et vous ne risquez pas d'\u00eatre \u00e0 court d'\u00e9nergie dans les moments cruciaux.<\/p>\n<p><strong>Connectivit\u00e9 longue distance<\/strong><\/p>\n<p>Avec une impressionnante port\u00e9e de transmission audio de 250 m\u00e8tres (820 pieds), le DJI Mic 2 offre une grande polyvalence pour une vari\u00e9t\u00e9 de situations d'enregistrement. Cette connectivit\u00e9 longue port\u00e9e vous permet de maintenir une connexion stable, quel que soit l'environnement d'enregistrement.<\/p>\n<p><strong>Appairage automatique<\/strong><\/p>\n<p>La cassette de chargement incluse permet non seulement de charger les appareils, mais aussi d'appairer automatiquement le r\u00e9cepteur et les \u00e9metteurs. Cela facilite le processus d'installation et vous permet de vous concentrer davantage sur le contenu et moins sur l'installation technique.<\/p>\n<p><strong>M\u00e9moire interne<\/strong><\/p>\n<p>Avec 8 Go de m\u00e9moire interne disponible sur chaque \u00e9metteur, le syst\u00e8me permet jusqu'\u00e0 14 heures d'enregistrement audio de haute qualit\u00e9 (48 kHz 24 bits) directement sur l'appareil. Cette fonction est particuli\u00e8rement utile pour l'enregistrement en d\u00e9placement, lorsque le stockage externe n'est pas accessible.<\/p>\n<p><strong>Large compatibilit\u00e9<\/strong><\/p>\n<p>Le DJI Mic 2 est dot\u00e9 de sorties USB-C et Lightning, en plus d'une sortie analogique TRS 3,5 mm, ce qui le rend compatible avec un large \u00e9ventail d'appareils, notamment les appareils photo, les smartphones et les ordinateurs. Cette large compatibilit\u00e9 en fait un outil polyvalent pour tous vos besoins en mati\u00e8re d'enregistrement audio.<\/p>\n<p><strong>Conclusion<\/strong><\/p>\n<p>Que vous soyez un d\u00e9butant cherchant \u00e0 am\u00e9liorer ses comp\u00e9tences en mati\u00e8re d'enregistrement audio ou un expert \u00e0 la recherche d'un syst\u00e8me de microphone fiable et polyvalent, le DJI Mic 2 offre une solution compl\u00e8te. Il combine de mani\u00e8re experte performance, commodit\u00e9 et qualit\u00e9 pour r\u00e9pondre \u00e0 vos exigences en mati\u00e8re d'enregistrement audio, voire les d\u00e9passer.<\/p>","protected":false},"excerpt":{"rendered":"<ul>\n<li>Enregistrement audio omnidirectionnel optimis\u00e9 pour les voix.<\/li>\n<li>Annulation intelligente du bruit pour des conversations claires dans les environnements bruyants.<\/li>\n<li>Autonomie de 6 heures, extensible \u00e0 18 heures avec l'\u00e9tui de chargement.<\/li>\n<li>Port\u00e9e maximale de la transmission audio de 250 m (820 ft.) avec fonction anti-interf\u00e9rence.<\/li>\n<li>Appairage automatique via l'\u00e9tui de chargement pour une installation facile.<\/li>\n<li>8 Go de stockage interne pour 14 heures d'\u00e9coute de haute qualit\u00e9.<\/li>\n<li>Prend en charge les sorties analogiques USB-C, Lightning et 3,5 mm TRS.<\/li>\n<li>Compatible avec la plupart des appareils photo, smartphones et ordinateurs.<\/li>\n<\/ul>","protected":false},"featured_media":3793,"template":"","meta":{"_acf_changed":false},"product_brand":[],"product_cat":[97,191,600],"product_tag":[],"class_list":{"0":"post-3795","1":"product","2":"type-product","3":"status-publish","4":"has-post-thumbnail","6":"product_cat-alle-producten","7":"product_cat-dji-mic","8":"product_cat-dji-mic-2","9":"product_shipping_class-europafotoall","10":"pa_brand-dji","11":"pa_productfamily-microfoon","12":"pa_producttype-microfoon","13":"pa_series-mic-2","15":"first","16":"instock","17":"taxable","18":"shipping-taxable","19":"purchasable","20":"product-type-simple"},"acf":[],"yoast_head":"<!-- This site is optimized with the Yoast SEO Premium plugin v27.2 (Yoast SEO v27.2) - https:\/\/yoast.com\/product\/yoast-seo-premium-wordpress\/ -->\n<title>DJI Mic 2 Transmitter (Platinum White) - koningdrone.be<\/title>\n<meta name=\"robots\" content=\"index, follow, max-snippet:-1, max-image-preview:large, max-video-preview:-1\" \/>\n<link rel=\"canonical\" href=\"https:\/\/koningdrone.be\/fr\/produit\/dji-mic-2-transmitter-pearl-white\/\" \/>\n<meta property=\"og:locale\" content=\"fr_FR\" \/>\n<meta property=\"og:type\" content=\"article\" \/>\n<meta property=\"og:title\" content=\"DJI Mic 2 Transmitter (Platinum White)\" \/>\n<meta property=\"og:description\" content=\"Omnidirectionele audio-opname geoptimaliseerd voor zang.  Intelligente ruisonderdrukking voor heldere gesprekken in rumoerige omgevingen.  Gebruiksduur van 6 uur, uitbreidbaar tot 18 uur met oplaadetui.  Maximaal audiotransmissiebereik van 250 m (820 ft.) met anti-interferentiefunctie.  Automatisch koppelen via oplaadetui voor eenvoudige installatie.  8 GB interne opslag voor maximaal 14 uur audio van hoge kwaliteit.  Ondersteunt USB-C-, Lightning- en 3,5 mm TRS-analoge uitgangen.  Compatibel met de meeste camera&#039;s, smartphones en computers.\" \/>\n<meta property=\"og:url\" content=\"https:\/\/koningdrone.be\/fr\/produit\/dji-mic-2-transmitter-pearl-white\/\" \/>\n<meta property=\"og:site_name\" content=\"koningdrone.be\" \/>\n<meta property=\"article:modified_time\" content=\"2026-05-01T02:40:44+00:00\" \/>\n<meta property=\"og:image\" content=\"https:\/\/koningdrone.be\/wp-content\/uploads\/sites\/13\/2025\/04\/62ced522b5487458ef10abeaf2d1d28f@ultra.jpg\" \/>\n\t<meta property=\"og:image:width\" content=\"1280\" \/>\n\t<meta property=\"og:image:height\" content=\"1280\" \/>\n\t<meta property=\"og:image:type\" content=\"image\/jpeg\" \/>\n<meta name=\"twitter:card\" content=\"summary_large_image\" \/>\n<meta name=\"twitter:label1\" content=\"Dur\u00e9e de lecture est.\" \/>\n\t<meta name=\"twitter:data1\" content=\"2 minutes\" \/>\n<script type=\"application\/ld+json\" class=\"yoast-schema-graph\">{\"@context\":\"https:\/\/schema.org\",\"@graph\":[{\"@type\":\"WebPage\",\"@id\":\"https:\/\/koningdrone.be\/product\/dji-mic-2-transmitter-pearl-white\/\",\"url\":\"https:\/\/koningdrone.be\/product\/dji-mic-2-transmitter-pearl-white\/\",\"name\":\"DJI Mic 2 Transmitter (Platinum White) - koningdrone.be\",\"isPartOf\":{\"@id\":\"https:\/\/koningdrone.be\/#website\"},\"primaryImageOfPage\":{\"@id\":\"https:\/\/koningdrone.be\/product\/dji-mic-2-transmitter-pearl-white\/#primaryimage\"},\"image\":{\"@id\":\"https:\/\/koningdrone.be\/product\/dji-mic-2-transmitter-pearl-white\/#primaryimage\"},\"thumbnailUrl\":\"https:\/\/koningdrone.be\/wp-content\/uploads\/sites\/13\/2025\/04\/62ced522b5487458ef10abeaf2d1d28f@ultra.jpg\",\"datePublished\":\"2024-03-18T09:43:33+00:00\",\"dateModified\":\"2026-05-01T02:40:44+00:00\",\"breadcrumb\":{\"@id\":\"https:\/\/koningdrone.be\/product\/dji-mic-2-transmitter-pearl-white\/#breadcrumb\"},\"inLanguage\":\"fr-BE\",\"potentialAction\":[{\"@type\":\"ReadAction\",\"target\":[\"https:\/\/koningdrone.be\/product\/dji-mic-2-transmitter-pearl-white\/\"]}]},{\"@type\":\"ImageObject\",\"inLanguage\":\"fr-BE\",\"@id\":\"https:\/\/koningdrone.be\/product\/dji-mic-2-transmitter-pearl-white\/#primaryimage\",\"url\":\"https:\/\/koningdrone.be\/wp-content\/uploads\/sites\/13\/2025\/04\/62ced522b5487458ef10abeaf2d1d28f@ultra.jpg\",\"contentUrl\":\"https:\/\/koningdrone.be\/wp-content\/uploads\/sites\/13\/2025\/04\/62ced522b5487458ef10abeaf2d1d28f@ultra.jpg\",\"width\":1280,\"height\":1280},{\"@type\":\"BreadcrumbList\",\"@id\":\"https:\/\/koningdrone.be\/product\/dji-mic-2-transmitter-pearl-white\/#breadcrumb\",\"itemListElement\":[{\"@type\":\"ListItem\",\"position\":1,\"name\":\"Home\",\"item\":\"https:\/\/koningdrone.be\/\"},{\"@type\":\"ListItem\",\"position\":2,\"name\":\"AVSS Parachute Recovery System for DJI Matrice 300\/350\",\"item\":\"https:\/\/koningdrone.be\/product\/avss-parachute-recovery-system-for-dji-matrice-300-350\/\"},{\"@type\":\"ListItem\",\"position\":3,\"name\":\"Alle producten\",\"item\":\"https:\/\/koningdrone.be\/categorie\/alle-producten\/\"},{\"@type\":\"ListItem\",\"position\":4,\"name\":\"DJI Mic 2 Transmitter (Platinum White)\"}]},{\"@type\":\"WebSite\",\"@id\":\"https:\/\/koningdrone.be\/#website\",\"url\":\"https:\/\/koningdrone.be\/\",\"name\":\"Koningdrone.be - Uw online specialist in drones, gimbals, camera's en power stations.\",\"description\":\"De webshop in drones en gimbals\",\"publisher\":{\"@id\":\"https:\/\/koningdrone.be\/#organization\"},\"potentialAction\":[{\"@type\":\"SearchAction\",\"target\":{\"@type\":\"EntryPoint\",\"urlTemplate\":\"https:\/\/koningdrone.be\/?s={search_term_string}\"},\"query-input\":{\"@type\":\"PropertyValueSpecification\",\"valueRequired\":true,\"valueName\":\"search_term_string\"}}],\"inLanguage\":\"fr-BE\"},{\"@type\":\"Organization\",\"@id\":\"https:\/\/koningdrone.be\/#organization\",\"name\":\"Koningdrone.be\",\"url\":\"https:\/\/koningdrone.be\/\",\"logo\":{\"@type\":\"ImageObject\",\"inLanguage\":\"fr-BE\",\"@id\":\"https:\/\/koningdrone.be\/#\/schema\/logo\/image\/\",\"url\":\"https:\/\/koningdrone.be\/wp-content\/uploads\/sites\/13\/2025\/04\/koningdrone-copyright-logo.svg\",\"contentUrl\":\"https:\/\/koningdrone.be\/wp-content\/uploads\/sites\/13\/2025\/04\/koningdrone-copyright-logo.svg\",\"width\":227,\"height\":38,\"caption\":\"Koningdrone.be\"},\"image\":{\"@id\":\"https:\/\/koningdrone.be\/#\/schema\/logo\/image\/\"}}]}<\/script>\n<!-- \/ Yoast SEO Premium plugin. -->","yoast_head_json":{"title":"DJI Mic 2 Transmitter (Platinum White) - koningdrone.be","robots":{"index":"index","follow":"follow","max-snippet":"max-snippet:-1","max-image-preview":"max-image-preview:large","max-video-preview":"max-video-preview:-1"},"canonical":"https:\/\/koningdrone.be\/fr\/produit\/dji-mic-2-transmitter-pearl-white\/","og_locale":"fr_FR","og_type":"article","og_title":"DJI Mic 2 Transmitter (Platinum White)","og_description":"Omnidirectionele audio-opname geoptimaliseerd voor zang.  Intelligente ruisonderdrukking voor heldere gesprekken in rumoerige omgevingen.  Gebruiksduur van 6 uur, uitbreidbaar tot 18 uur met oplaadetui.  Maximaal audiotransmissiebereik van 250 m (820 ft.) met anti-interferentiefunctie.  Automatisch koppelen via oplaadetui voor eenvoudige installatie.  8 GB interne opslag voor maximaal 14 uur audio van hoge kwaliteit.  Ondersteunt USB-C-, Lightning- en 3,5 mm TRS-analoge uitgangen.  Compatibel met de meeste camera's, smartphones en computers.","og_url":"https:\/\/koningdrone.be\/fr\/produit\/dji-mic-2-transmitter-pearl-white\/","og_site_name":"koningdrone.be","article_modified_time":"2026-05-01T02:40:44+00:00","og_image":[{"width":1280,"height":1280,"url":"https:\/\/koningdrone.be\/wp-content\/uploads\/sites\/13\/2025\/04\/62ced522b5487458ef10abeaf2d1d28f@ultra.jpg","type":"image\/jpeg"}],"twitter_card":"summary_large_image","twitter_misc":{"Dur\u00e9e de lecture est.":"2 minutes"},"schema":{"@context":"https:\/\/schema.org","@graph":[{"@type":"WebPage","@id":"https:\/\/koningdrone.be\/product\/dji-mic-2-transmitter-pearl-white\/","url":"https:\/\/koningdrone.be\/product\/dji-mic-2-transmitter-pearl-white\/","name":"DJI Mic 2 Transmitter (Platinum White) - koningdrone.be","isPartOf":{"@id":"https:\/\/koningdrone.be\/#website"},"primaryImageOfPage":{"@id":"https:\/\/koningdrone.be\/product\/dji-mic-2-transmitter-pearl-white\/#primaryimage"},"image":{"@id":"https:\/\/koningdrone.be\/product\/dji-mic-2-transmitter-pearl-white\/#primaryimage"},"thumbnailUrl":"https:\/\/koningdrone.be\/wp-content\/uploads\/sites\/13\/2025\/04\/62ced522b5487458ef10abeaf2d1d28f@ultra.jpg","datePublished":"2024-03-18T09:43:33+00:00","dateModified":"2026-05-01T02:40:44+00:00","breadcrumb":{"@id":"https:\/\/koningdrone.be\/product\/dji-mic-2-transmitter-pearl-white\/#breadcrumb"},"inLanguage":"fr-BE","potentialAction":[{"@type":"ReadAction","target":["https:\/\/koningdrone.be\/product\/dji-mic-2-transmitter-pearl-white\/"]}]},{"@type":"ImageObject","inLanguage":"fr-BE","@id":"https:\/\/koningdrone.be\/product\/dji-mic-2-transmitter-pearl-white\/#primaryimage","url":"https:\/\/koningdrone.be\/wp-content\/uploads\/sites\/13\/2025\/04\/62ced522b5487458ef10abeaf2d1d28f@ultra.jpg","contentUrl":"https:\/\/koningdrone.be\/wp-content\/uploads\/sites\/13\/2025\/04\/62ced522b5487458ef10abeaf2d1d28f@ultra.jpg","width":1280,"height":1280},{"@type":"BreadcrumbList","@id":"https:\/\/koningdrone.be\/product\/dji-mic-2-transmitter-pearl-white\/#breadcrumb","itemListElement":[{"@type":"ListItem","position":1,"name":"Home","item":"https:\/\/koningdrone.be\/"},{"@type":"ListItem","position":2,"name":"AVSS Parachute Recovery System for DJI Matrice 300\/350","item":"https:\/\/koningdrone.be\/product\/avss-parachute-recovery-system-for-dji-matrice-300-350\/"},{"@type":"ListItem","position":3,"name":"Alle producten","item":"https:\/\/koningdrone.be\/categorie\/alle-producten\/"},{"@type":"ListItem","position":4,"name":"DJI Mic 2 Transmitter (Platinum White)"}]},{"@type":"WebSite","@id":"https:\/\/koningdrone.be\/#website","url":"https:\/\/koningdrone.be\/","name":"Koningdrone.be - Votre sp\u00e9cialiste en ligne en mati\u00e8re de drones, de cardans, de cam\u00e9ras et de centrales \u00e9lectriques.","description":"La boutique en ligne de drones et de cardans","publisher":{"@id":"https:\/\/koningdrone.be\/#organization"},"potentialAction":[{"@type":"SearchAction","target":{"@type":"EntryPoint","urlTemplate":"https:\/\/koningdrone.be\/?s={search_term_string}"},"query-input":{"@type":"PropertyValueSpecification","valueRequired":true,"valueName":"search_term_string"}}],"inLanguage":"fr-BE"},{"@type":"Organization","@id":"https:\/\/koningdrone.be\/#organization","name":"Kingdrone.co.uk","url":"https:\/\/koningdrone.be\/","logo":{"@type":"ImageObject","inLanguage":"fr-BE","@id":"https:\/\/koningdrone.be\/#\/schema\/logo\/image\/","url":"https:\/\/koningdrone.be\/wp-content\/uploads\/sites\/13\/2025\/04\/koningdrone-copyright-logo.svg","contentUrl":"https:\/\/koningdrone.be\/wp-content\/uploads\/sites\/13\/2025\/04\/koningdrone-copyright-logo.svg","width":227,"height":38,"caption":"Koningdrone.be"},"image":{"@id":"https:\/\/koningdrone.be\/#\/schema\/logo\/image\/"}}]}},"df_price":78,"df_sale_price":"","df_regular_price":78,"df_image_link":"https:\/\/koningdrone.be\/wp-content\/uploads\/sites\/13\/2025\/04\/62ced522b5487458ef10abeaf2d1d28f@ultra-300x300.jpg","_links":{"self":[{"href":"https:\/\/koningdrone.be\/fr\/wp-json\/wp\/v2\/product\/3795","targetHints":{"allow":["GET"]}}],"collection":[{"href":"https:\/\/koningdrone.be\/fr\/wp-json\/wp\/v2\/product"}],"about":[{"href":"https:\/\/koningdrone.be\/fr\/wp-json\/wp\/v2\/types\/product"}],"wp:featuredmedia":[{"embeddable":true,"href":"https:\/\/koningdrone.be\/fr\/wp-json\/wp\/v2\/media\/3793"}],"wp:attachment":[{"href":"https:\/\/koningdrone.be\/fr\/wp-json\/wp\/v2\/media?parent=3795"}],"wp:term":[{"taxonomy":"product_brand","embeddable":true,"href":"https:\/\/koningdrone.be\/fr\/wp-json\/wp\/v2\/product_brand?post=3795"},{"taxonomy":"product_cat","embeddable":true,"href":"https:\/\/koningdrone.be\/fr\/wp-json\/wp\/v2\/product_cat?post=3795"},{"taxonomy":"product_tag","embeddable":true,"href":"https:\/\/koningdrone.be\/fr\/wp-json\/wp\/v2\/product_tag?post=3795"}],"curies":[{"name":"wp","href":"https:\/\/api.w.org\/{rel}","templated":true}]}}