{"id":3786,"date":"2024-03-18T10:43:33","date_gmt":"2024-03-18T09:43:33","guid":{"rendered":"https:\/\/koningdrone.nl\/kon\/product\/livox-mid-360\/"},"modified":"2025-08-27T11:36:34","modified_gmt":"2025-08-27T09:36:34","slug":"livox-mid-360","status":"publish","type":"product","link":"https:\/\/koningdrone.be\/fr\/produit\/livox-mid-360\/","title":{"rendered":"Livox Mid-360"},"content":{"rendered":"<p><strong>Conception compacte pour une plus grande polyvalence<\/strong><\/p>\n<p> Notre produit est un syst\u00e8me LiDAR compact, parfait pour les robots mobiles qui ont besoin d'aide pour naviguer dans leur environnement, \u00e9viter les obstacles et effectuer des t\u00e2ches de d\u00e9tection complexes. Sa petite taille le rend incroyablement polyvalent pour diverses applications mobiles.<\/p>\n<p><strong>Champ de vision \u00e9tendu<\/strong><\/p>\n<p> L'une des caract\u00e9ristiques marquantes de ce LiDAR est son large champ de vision, avec une couverture horizontale de 360\u00b0 et verticale de 59\u00b0. Cette couverture \u00e9tendue lui permet de g\u00e9n\u00e9rer des cartes 3D d\u00e9taill\u00e9es de l'environnement, fournissant aux robots les donn\u00e9es riches dont ils ont besoin pour prendre des d\u00e9cisions \u00e9clair\u00e9es.<\/p>\n<p><strong>Am\u00e9lioration des capacit\u00e9s de d\u00e9tection 3D<\/strong><\/p>\n<p> La derni\u00e8re am\u00e9lioration de notre technologie LiDAR comprend des capacit\u00e9s de d\u00e9tection en 3D. Cela signifie qu'elle peut d\u00e9sormais capturer une image compl\u00e8te de l'environnement, permettant des fonctions telles que la cartographie autonome et la localisation pr\u00e9cise. Ces fonctions sont essentielles pour permettre aux robots de comprendre et d'interagir avec leur environnement.<\/p>\n<p><strong>Fonctionnalit\u00e9 de classification des objets<\/strong><\/p>\n<p> De plus, ce LiDAR ne se contente pas d'aider \u00e0 la navigation et \u00e0 l'\u00e9vitement des obstacles. Il est \u00e9galement \u00e9quip\u00e9 pour aider \u00e0 classer les objets d\u00e9tect\u00e9s. Cette fonctionnalit\u00e9 \u00e9tendue ouvre de nouvelles perspectives aux robots mobiles, leur permettant d'exploiter pleinement leurs capacit\u00e9s dans un large \u00e9ventail d'applications.<\/p>\n<p><\/p>","protected":false},"excerpt":{"rendered":"<ul>\n<li>Taille portable, id\u00e9ale pour les robots mobiles<\/li>\n<li> Champ de vision plus large de 360\u00b0 \u00e0 l'horizontale et de 59\u00b0 \u00e0 la verticale<\/li>\n<li> Cr\u00e9ation de donn\u00e9es compl\u00e8tes de nuages de points<\/li>\n<li> Mise \u00e0 jour avec la d\u00e9tection 3D<\/li>\n<li> Permet une cartographie et une localisation autonomes<\/li>\n<li> Aide \u00e0 la navigation, \u00e0 l'\u00e9vitement des obstacles et \u00e0 la classification des objets<\/li>\n<\/ul>","protected":false},"featured_media":3783,"template":"","meta":{"_acf_changed":false},"product_brand":[],"product_cat":[187,97,751],"product_tag":[],"class_list":{"0":"post-3786","1":"product","2":"type-product","3":"status-publish","4":"has-post-thumbnail","6":"product_cat-alle-lidar","7":"product_cat-alle-producten","8":"product_cat-livox","9":"pa_brand-dji","10":"pa_productfamily-lidar-sensor","11":"pa_producttype-lidar-sensor","12":"pa_series-livox","14":"first","15":"instock","16":"taxable","17":"shipping-taxable","18":"product-type-simple"},"acf":[],"yoast_head":"<!-- This site is optimized with the Yoast SEO Premium plugin v27.2 (Yoast SEO v27.2) - https:\/\/yoast.com\/product\/yoast-seo-premium-wordpress\/ -->\n<title>Livox Mid-360 - koningdrone.be<\/title>\n<meta name=\"robots\" content=\"index, follow, max-snippet:-1, max-image-preview:large, max-video-preview:-1\" \/>\n<link rel=\"canonical\" href=\"https:\/\/koningdrone.be\/fr\/produit\/livox-mid-360\/\" \/>\n<meta property=\"og:locale\" content=\"fr_FR\" \/>\n<meta property=\"og:type\" content=\"article\" \/>\n<meta property=\"og:title\" content=\"Livox Mid-360\" \/>\n<meta property=\"og:description\" content=\"Draagbaar formaat, ideaal voor mobiele robots Groter gezichtsveld van 360\u00b0 horizontaal en 59\u00b0 verticaal Cre\u00ebert uitgebreide puntenwolkgegevens Ge\u00fcpgraded met 3D-detectie Maakt autonome mapping en lokalisatie mogelijk Helpt bij navigatie, het vermijden van obstakels en objectclassificatie\" \/>\n<meta property=\"og:url\" content=\"https:\/\/koningdrone.be\/fr\/produit\/livox-mid-360\/\" \/>\n<meta property=\"og:site_name\" content=\"koningdrone.be\" \/>\n<meta property=\"article:modified_time\" content=\"2025-08-27T09:36:34+00:00\" \/>\n<meta property=\"og:image\" content=\"https:\/\/koningdrone.be\/wp-content\/uploads\/sites\/13\/2025\/04\/083847cdb43265712b3323f0dc2a505d@ultra.jpg\" \/>\n\t<meta property=\"og:image:width\" content=\"1280\" \/>\n\t<meta property=\"og:image:height\" content=\"1280\" \/>\n\t<meta property=\"og:image:type\" content=\"image\/jpeg\" \/>\n<meta name=\"twitter:card\" content=\"summary_large_image\" \/>\n<meta name=\"twitter:label1\" content=\"Dur\u00e9e de lecture est.\" \/>\n\t<meta name=\"twitter:data1\" content=\"1 minute\" \/>\n<script type=\"application\/ld+json\" class=\"yoast-schema-graph\">{\"@context\":\"https:\/\/schema.org\",\"@graph\":[{\"@type\":\"WebPage\",\"@id\":\"https:\/\/koningdrone.be\/product\/livox-mid-360\/\",\"url\":\"https:\/\/koningdrone.be\/product\/livox-mid-360\/\",\"name\":\"Livox Mid-360 - koningdrone.be\",\"isPartOf\":{\"@id\":\"https:\/\/koningdrone.be\/#website\"},\"primaryImageOfPage\":{\"@id\":\"https:\/\/koningdrone.be\/product\/livox-mid-360\/#primaryimage\"},\"image\":{\"@id\":\"https:\/\/koningdrone.be\/product\/livox-mid-360\/#primaryimage\"},\"thumbnailUrl\":\"https:\/\/koningdrone.be\/wp-content\/uploads\/sites\/13\/2025\/04\/083847cdb43265712b3323f0dc2a505d@ultra.jpg\",\"datePublished\":\"2024-03-18T09:43:33+00:00\",\"dateModified\":\"2025-08-27T09:36:34+00:00\",\"breadcrumb\":{\"@id\":\"https:\/\/koningdrone.be\/product\/livox-mid-360\/#breadcrumb\"},\"inLanguage\":\"fr-BE\",\"potentialAction\":[{\"@type\":\"ReadAction\",\"target\":[\"https:\/\/koningdrone.be\/product\/livox-mid-360\/\"]}]},{\"@type\":\"ImageObject\",\"inLanguage\":\"fr-BE\",\"@id\":\"https:\/\/koningdrone.be\/product\/livox-mid-360\/#primaryimage\",\"url\":\"https:\/\/koningdrone.be\/wp-content\/uploads\/sites\/13\/2025\/04\/083847cdb43265712b3323f0dc2a505d@ultra.jpg\",\"contentUrl\":\"https:\/\/koningdrone.be\/wp-content\/uploads\/sites\/13\/2025\/04\/083847cdb43265712b3323f0dc2a505d@ultra.jpg\",\"width\":1280,\"height\":1280},{\"@type\":\"BreadcrumbList\",\"@id\":\"https:\/\/koningdrone.be\/product\/livox-mid-360\/#breadcrumb\",\"itemListElement\":[{\"@type\":\"ListItem\",\"position\":1,\"name\":\"Home\",\"item\":\"https:\/\/koningdrone.be\/\"},{\"@type\":\"ListItem\",\"position\":2,\"name\":\"AVSS Parachute Recovery System for DJI Matrice 300\/350\",\"item\":\"https:\/\/koningdrone.be\/product\/avss-parachute-recovery-system-for-dji-matrice-300-350\/\"},{\"@type\":\"ListItem\",\"position\":3,\"name\":\"Alle LiDaR\",\"item\":\"https:\/\/koningdrone.be\/categorie\/alle-lidar\/\"},{\"@type\":\"ListItem\",\"position\":4,\"name\":\"Livox Mid-360\"}]},{\"@type\":\"WebSite\",\"@id\":\"https:\/\/koningdrone.be\/#website\",\"url\":\"https:\/\/koningdrone.be\/\",\"name\":\"Koningdrone.be - Uw online specialist in drones, gimbals, camera's en power stations.\",\"description\":\"De webshop in drones en gimbals\",\"publisher\":{\"@id\":\"https:\/\/koningdrone.be\/#organization\"},\"potentialAction\":[{\"@type\":\"SearchAction\",\"target\":{\"@type\":\"EntryPoint\",\"urlTemplate\":\"https:\/\/koningdrone.be\/?s={search_term_string}\"},\"query-input\":{\"@type\":\"PropertyValueSpecification\",\"valueRequired\":true,\"valueName\":\"search_term_string\"}}],\"inLanguage\":\"fr-BE\"},{\"@type\":\"Organization\",\"@id\":\"https:\/\/koningdrone.be\/#organization\",\"name\":\"Koningdrone.be\",\"url\":\"https:\/\/koningdrone.be\/\",\"logo\":{\"@type\":\"ImageObject\",\"inLanguage\":\"fr-BE\",\"@id\":\"https:\/\/koningdrone.be\/#\/schema\/logo\/image\/\",\"url\":\"https:\/\/koningdrone.be\/wp-content\/uploads\/sites\/13\/2025\/04\/koningdrone-copyright-logo.svg\",\"contentUrl\":\"https:\/\/koningdrone.be\/wp-content\/uploads\/sites\/13\/2025\/04\/koningdrone-copyright-logo.svg\",\"width\":227,\"height\":38,\"caption\":\"Koningdrone.be\"},\"image\":{\"@id\":\"https:\/\/koningdrone.be\/#\/schema\/logo\/image\/\"}}]}<\/script>\n<!-- \/ Yoast SEO Premium plugin. -->","yoast_head_json":{"title":"Livox Mid-360 - koningdrone.be","robots":{"index":"index","follow":"follow","max-snippet":"max-snippet:-1","max-image-preview":"max-image-preview:large","max-video-preview":"max-video-preview:-1"},"canonical":"https:\/\/koningdrone.be\/fr\/produit\/livox-mid-360\/","og_locale":"fr_FR","og_type":"article","og_title":"Livox Mid-360","og_description":"Draagbaar formaat, ideaal voor mobiele robots Groter gezichtsveld van 360\u00b0 horizontaal en 59\u00b0 verticaal Cre\u00ebert uitgebreide puntenwolkgegevens Ge\u00fcpgraded met 3D-detectie Maakt autonome mapping en lokalisatie mogelijk Helpt bij navigatie, het vermijden van obstakels en objectclassificatie","og_url":"https:\/\/koningdrone.be\/fr\/produit\/livox-mid-360\/","og_site_name":"koningdrone.be","article_modified_time":"2025-08-27T09:36:34+00:00","og_image":[{"width":1280,"height":1280,"url":"https:\/\/koningdrone.be\/wp-content\/uploads\/sites\/13\/2025\/04\/083847cdb43265712b3323f0dc2a505d@ultra.jpg","type":"image\/jpeg"}],"twitter_card":"summary_large_image","twitter_misc":{"Dur\u00e9e de lecture est.":"1 minute"},"schema":{"@context":"https:\/\/schema.org","@graph":[{"@type":"WebPage","@id":"https:\/\/koningdrone.be\/product\/livox-mid-360\/","url":"https:\/\/koningdrone.be\/product\/livox-mid-360\/","name":"Livox Mid-360 - koningdrone.be","isPartOf":{"@id":"https:\/\/koningdrone.be\/#website"},"primaryImageOfPage":{"@id":"https:\/\/koningdrone.be\/product\/livox-mid-360\/#primaryimage"},"image":{"@id":"https:\/\/koningdrone.be\/product\/livox-mid-360\/#primaryimage"},"thumbnailUrl":"https:\/\/koningdrone.be\/wp-content\/uploads\/sites\/13\/2025\/04\/083847cdb43265712b3323f0dc2a505d@ultra.jpg","datePublished":"2024-03-18T09:43:33+00:00","dateModified":"2025-08-27T09:36:34+00:00","breadcrumb":{"@id":"https:\/\/koningdrone.be\/product\/livox-mid-360\/#breadcrumb"},"inLanguage":"fr-BE","potentialAction":[{"@type":"ReadAction","target":["https:\/\/koningdrone.be\/product\/livox-mid-360\/"]}]},{"@type":"ImageObject","inLanguage":"fr-BE","@id":"https:\/\/koningdrone.be\/product\/livox-mid-360\/#primaryimage","url":"https:\/\/koningdrone.be\/wp-content\/uploads\/sites\/13\/2025\/04\/083847cdb43265712b3323f0dc2a505d@ultra.jpg","contentUrl":"https:\/\/koningdrone.be\/wp-content\/uploads\/sites\/13\/2025\/04\/083847cdb43265712b3323f0dc2a505d@ultra.jpg","width":1280,"height":1280},{"@type":"BreadcrumbList","@id":"https:\/\/koningdrone.be\/product\/livox-mid-360\/#breadcrumb","itemListElement":[{"@type":"ListItem","position":1,"name":"Home","item":"https:\/\/koningdrone.be\/"},{"@type":"ListItem","position":2,"name":"AVSS Parachute Recovery System for DJI Matrice 300\/350","item":"https:\/\/koningdrone.be\/product\/avss-parachute-recovery-system-for-dji-matrice-300-350\/"},{"@type":"ListItem","position":3,"name":"Alle LiDaR","item":"https:\/\/koningdrone.be\/categorie\/alle-lidar\/"},{"@type":"ListItem","position":4,"name":"Livox Mid-360"}]},{"@type":"WebSite","@id":"https:\/\/koningdrone.be\/#website","url":"https:\/\/koningdrone.be\/","name":"Koningdrone.be - Votre sp\u00e9cialiste en ligne en mati\u00e8re de drones, de cardans, de cam\u00e9ras et de centrales \u00e9lectriques.","description":"La boutique en ligne de drones et de cardans","publisher":{"@id":"https:\/\/koningdrone.be\/#organization"},"potentialAction":[{"@type":"SearchAction","target":{"@type":"EntryPoint","urlTemplate":"https:\/\/koningdrone.be\/?s={search_term_string}"},"query-input":{"@type":"PropertyValueSpecification","valueRequired":true,"valueName":"search_term_string"}}],"inLanguage":"fr-BE"},{"@type":"Organization","@id":"https:\/\/koningdrone.be\/#organization","name":"Kingdrone.co.uk","url":"https:\/\/koningdrone.be\/","logo":{"@type":"ImageObject","inLanguage":"fr-BE","@id":"https:\/\/koningdrone.be\/#\/schema\/logo\/image\/","url":"https:\/\/koningdrone.be\/wp-content\/uploads\/sites\/13\/2025\/04\/koningdrone-copyright-logo.svg","contentUrl":"https:\/\/koningdrone.be\/wp-content\/uploads\/sites\/13\/2025\/04\/koningdrone-copyright-logo.svg","width":227,"height":38,"caption":"Koningdrone.be"},"image":{"@id":"https:\/\/koningdrone.be\/#\/schema\/logo\/image\/"}}]}},"df_price":"","df_sale_price":"","df_regular_price":"","df_image_link":"https:\/\/koningdrone.be\/wp-content\/uploads\/sites\/13\/2025\/04\/083847cdb43265712b3323f0dc2a505d@ultra-300x300.jpg","_links":{"self":[{"href":"https:\/\/koningdrone.be\/fr\/wp-json\/wp\/v2\/product\/3786","targetHints":{"allow":["GET"]}}],"collection":[{"href":"https:\/\/koningdrone.be\/fr\/wp-json\/wp\/v2\/product"}],"about":[{"href":"https:\/\/koningdrone.be\/fr\/wp-json\/wp\/v2\/types\/product"}],"wp:featuredmedia":[{"embeddable":true,"href":"https:\/\/koningdrone.be\/fr\/wp-json\/wp\/v2\/media\/3783"}],"wp:attachment":[{"href":"https:\/\/koningdrone.be\/fr\/wp-json\/wp\/v2\/media?parent=3786"}],"wp:term":[{"taxonomy":"product_brand","embeddable":true,"href":"https:\/\/koningdrone.be\/fr\/wp-json\/wp\/v2\/product_brand?post=3786"},{"taxonomy":"product_cat","embeddable":true,"href":"https:\/\/koningdrone.be\/fr\/wp-json\/wp\/v2\/product_cat?post=3786"},{"taxonomy":"product_tag","embeddable":true,"href":"https:\/\/koningdrone.be\/fr\/wp-json\/wp\/v2\/product_tag?post=3786"}],"curies":[{"name":"wp","href":"https:\/\/api.w.org\/{rel}","templated":true}]}}