{"id":3782,"date":"2024-03-18T10:43:33","date_gmt":"2024-03-18T10:43:33","guid":{"rendered":"https:\/\/koningdrone.nl\/kon\/product\/osmo-mobile-6-platinum-gray\/"},"modified":"2025-04-29T11:56:57","modified_gmt":"2025-04-29T11:56:57","slug":"osmo-mobile-6-platinum-gray","status":"publish","type":"product","link":"https:\/\/koningdrone.be\/fr\/produit\/osmo-mobile-6-platinum-gray\/","title":{"rendered":"Osmo Mobile 6 gris platine"},"content":{"rendered":"<p><strong>Technologie de stabilisation avanc\u00e9e<\/strong><\/p>\n<p> Profitez de vid\u00e9os sans choc qui ne manqueront pas d'impressionner. Ce gadget est dot\u00e9 d'une technologie qui garantit la fluidit\u00e9 de vos enregistrements, m\u00eame lorsque vous \u00eates en d\u00e9placement.<\/p>\n<p><strong>Extensible pour des prises de vue cr\u00e9atives<\/strong><\/p>\n<p> Il est dot\u00e9 d'une tige d'extension int\u00e9gr\u00e9e qui s'\u00e9tend jusqu'\u00e0 215 mm. Cela vous permet de prendre des photos en hauteur ou en contre-plong\u00e9e et d'inclure davantage d'\u00e9l\u00e9ments dans vos selfies, tels que des amis, des animaux ou des paysages.<\/p>\n<p><strong>D\u00e9marrage rapide et facile<\/strong><\/p>\n<p> La commodit\u00e9 est primordiale avec ce produit. Il suffit de d\u00e9plier la suspension cardanique pour l'enfiler, de l'attacher magn\u00e9tiquement et vous \u00eates pr\u00eat \u00e0 tirer d\u00e8s que l'inspiration vous vient.<\/p>\n<p><strong>Am\u00e9lioration des capacit\u00e9s de suivi<\/strong><\/p>\n<p> Il a \u00e9t\u00e9 consid\u00e9rablement am\u00e9lior\u00e9 pour permettre un meilleur suivi dans les situations o\u00f9 plusieurs personnes sont pr\u00e9sentes, l'utilisation du zoom pendant le suivi et la possibilit\u00e9 de suivre \u00e0 nouveau un sujet s'il sort bri\u00e8vement du cadre.<\/p>\n<p><strong>Photographie et \u00e9dition simplifi\u00e9es<\/strong><\/p>\n<p> Les applications DJI Mimo et LightCut facilitent la prise de vue et le montage. De plus, la fonction ShotGuides sugg\u00e8re des s\u00e9quences de tournage et propose des tutoriels en fonction de votre contenu, facilitant ainsi la cr\u00e9ation de superbes vid\u00e9os.<\/p>\n<p><\/p>","protected":false},"excerpt":{"rendered":"<ul>\n<li>Stabilisation avanc\u00e9e pour des r\u00e9sultats sans chocs<\/li>\n<li> Extensible jusqu'\u00e0 215 mm pour des angles de prise de vue polyvalents<\/li>\n<li> Connexion magn\u00e9tique rapide pour une utilisation imm\u00e9diate<\/li>\n<li> Am\u00e9lioration du suivi dans les sc\u00e8nes \u00e0 plusieurs personnes<\/li>\n<li> Option de zoom pendant le suivi<\/li>\n<li> Retrace automatiquement les sujets perdus<\/li>\n<li> Compatible avec DJI Mimo et LightCut pour un montage facile<\/li>\n<li> ShotGuides propose des s\u00e9quences de tournage et des tutoriels personnalis\u00e9s<\/li>\n<\/ul>","protected":false},"featured_media":3779,"template":"","meta":{"_acf_changed":false},"product_brand":[],"product_cat":[410,97,297,747],"product_tag":[],"class_list":{"0":"post-3782","1":"product","2":"type-product","3":"status-publish","4":"has-post-thumbnail","6":"product_cat-alle-handheld-gimbals","7":"product_cat-alle-producten","8":"product_cat-dji-osmo","9":"product_cat-dji-osmo-mobile","10":"pa_brand-dji","11":"pa_productfamily-smartphone-stabilisator","12":"pa_producttype-smartphone-stabilisator","13":"pa_series-osmo-mobile","15":"first","16":"instock","17":"taxable","18":"shipping-taxable","19":"product-type-simple"},"acf":[],"yoast_head":"<!-- This site is optimized with the Yoast SEO Premium plugin v27.2 (Yoast SEO v27.2) - https:\/\/yoast.com\/product\/yoast-seo-premium-wordpress\/ -->\n<title>Osmo Mobile 6 Platinum Gray - koningdrone.be<\/title>\n<meta name=\"robots\" content=\"index, follow, max-snippet:-1, max-image-preview:large, max-video-preview:-1\" \/>\n<link rel=\"canonical\" href=\"https:\/\/koningdrone.be\/fr\/produit\/osmo-mobile-6-platinum-gray\/\" \/>\n<meta property=\"og:locale\" content=\"fr_FR\" \/>\n<meta property=\"og:type\" content=\"article\" \/>\n<meta property=\"og:title\" content=\"Osmo Mobile 6 Platinum Gray\" \/>\n<meta property=\"og:description\" content=\"Geavanceerde stabilisatie voor schokvrije resultaten Uitschuifbaar tot 215 mm voor veelzijdige opnamehoeken Snelle magnetische verbinding voor onmiddellijk gebruik Verbeterde tracking in sc\u00e8nes met meerdere personen Zoommogelijkheid tijdens tracking Volgt verloren onderwerpen automatisch opnieuw Compatibel met DJI Mimo en LightCut voor eenvoudige bewerking ShotGuides biedt gepersonaliseerde opnamereeksen en tutorials\" \/>\n<meta property=\"og:url\" content=\"https:\/\/koningdrone.be\/fr\/produit\/osmo-mobile-6-platinum-gray\/\" \/>\n<meta property=\"og:site_name\" content=\"koningdrone.be\" \/>\n<meta property=\"article:modified_time\" content=\"2025-04-29T11:56:57+00:00\" \/>\n<meta property=\"og:image\" content=\"https:\/\/koningdrone.be\/wp-content\/uploads\/sites\/13\/2025\/04\/802cc89a0b55b97159f7bb2f843120c0@ultra.jpg\" \/>\n\t<meta property=\"og:image:width\" content=\"1280\" \/>\n\t<meta property=\"og:image:height\" content=\"1280\" \/>\n\t<meta property=\"og:image:type\" content=\"image\/jpeg\" \/>\n<meta name=\"twitter:card\" content=\"summary_large_image\" \/>\n<meta name=\"twitter:label1\" content=\"Dur\u00e9e de lecture est.\" \/>\n\t<meta name=\"twitter:data1\" content=\"1 minute\" \/>\n<script type=\"application\/ld+json\" class=\"yoast-schema-graph\">{\"@context\":\"https:\/\/schema.org\",\"@graph\":[{\"@type\":\"WebPage\",\"@id\":\"https:\/\/koningdrone.be\/product\/osmo-mobile-6-platinum-gray\/\",\"url\":\"https:\/\/koningdrone.be\/product\/osmo-mobile-6-platinum-gray\/\",\"name\":\"Osmo Mobile 6 Platinum Gray - koningdrone.be\",\"isPartOf\":{\"@id\":\"https:\/\/koningdrone.be\/#website\"},\"primaryImageOfPage\":{\"@id\":\"https:\/\/koningdrone.be\/product\/osmo-mobile-6-platinum-gray\/#primaryimage\"},\"image\":{\"@id\":\"https:\/\/koningdrone.be\/product\/osmo-mobile-6-platinum-gray\/#primaryimage\"},\"thumbnailUrl\":\"https:\/\/koningdrone.be\/wp-content\/uploads\/sites\/13\/2025\/04\/802cc89a0b55b97159f7bb2f843120c0@ultra.jpg\",\"datePublished\":\"2024-03-18T10:43:33+00:00\",\"dateModified\":\"2025-04-29T11:56:57+00:00\",\"breadcrumb\":{\"@id\":\"https:\/\/koningdrone.be\/product\/osmo-mobile-6-platinum-gray\/#breadcrumb\"},\"inLanguage\":\"fr-BE\",\"potentialAction\":[{\"@type\":\"ReadAction\",\"target\":[\"https:\/\/koningdrone.be\/product\/osmo-mobile-6-platinum-gray\/\"]}]},{\"@type\":\"ImageObject\",\"inLanguage\":\"fr-BE\",\"@id\":\"https:\/\/koningdrone.be\/product\/osmo-mobile-6-platinum-gray\/#primaryimage\",\"url\":\"https:\/\/koningdrone.be\/wp-content\/uploads\/sites\/13\/2025\/04\/802cc89a0b55b97159f7bb2f843120c0@ultra.jpg\",\"contentUrl\":\"https:\/\/koningdrone.be\/wp-content\/uploads\/sites\/13\/2025\/04\/802cc89a0b55b97159f7bb2f843120c0@ultra.jpg\",\"width\":1280,\"height\":1280},{\"@type\":\"BreadcrumbList\",\"@id\":\"https:\/\/koningdrone.be\/product\/osmo-mobile-6-platinum-gray\/#breadcrumb\",\"itemListElement\":[{\"@type\":\"ListItem\",\"position\":1,\"name\":\"Home\",\"item\":\"https:\/\/koningdrone.be\/\"},{\"@type\":\"ListItem\",\"position\":2,\"name\":\"AVSS Parachute Recovery System for DJI Matrice 300\/350\",\"item\":\"https:\/\/koningdrone.be\/product\/avss-parachute-recovery-system-for-dji-matrice-300-350\/\"},{\"@type\":\"ListItem\",\"position\":3,\"name\":\"Alle handheld gimbals\",\"item\":\"https:\/\/koningdrone.be\/categorie\/alle-handheld-gimbals\/\"},{\"@type\":\"ListItem\",\"position\":4,\"name\":\"Osmo Mobile 6 Platinum Gray\"}]},{\"@type\":\"WebSite\",\"@id\":\"https:\/\/koningdrone.be\/#website\",\"url\":\"https:\/\/koningdrone.be\/\",\"name\":\"Koningdrone.be - Uw online specialist in drones, gimbals, camera's en power stations.\",\"description\":\"De webshop in drones en gimbals\",\"publisher\":{\"@id\":\"https:\/\/koningdrone.be\/#organization\"},\"potentialAction\":[{\"@type\":\"SearchAction\",\"target\":{\"@type\":\"EntryPoint\",\"urlTemplate\":\"https:\/\/koningdrone.be\/?s={search_term_string}\"},\"query-input\":{\"@type\":\"PropertyValueSpecification\",\"valueRequired\":true,\"valueName\":\"search_term_string\"}}],\"inLanguage\":\"fr-BE\"},{\"@type\":\"Organization\",\"@id\":\"https:\/\/koningdrone.be\/#organization\",\"name\":\"Koningdrone.be\",\"url\":\"https:\/\/koningdrone.be\/\",\"logo\":{\"@type\":\"ImageObject\",\"inLanguage\":\"fr-BE\",\"@id\":\"https:\/\/koningdrone.be\/#\/schema\/logo\/image\/\",\"url\":\"https:\/\/koningdrone.be\/wp-content\/uploads\/sites\/13\/2025\/04\/koningdrone-copyright-logo.svg\",\"contentUrl\":\"https:\/\/koningdrone.be\/wp-content\/uploads\/sites\/13\/2025\/04\/koningdrone-copyright-logo.svg\",\"width\":227,\"height\":38,\"caption\":\"Koningdrone.be\"},\"image\":{\"@id\":\"https:\/\/koningdrone.be\/#\/schema\/logo\/image\/\"}}]}<\/script>\n<!-- \/ Yoast SEO Premium plugin. -->","yoast_head_json":{"title":"Osmo Mobile 6 Platinum Gray - koningdrone.be","robots":{"index":"index","follow":"follow","max-snippet":"max-snippet:-1","max-image-preview":"max-image-preview:large","max-video-preview":"max-video-preview:-1"},"canonical":"https:\/\/koningdrone.be\/fr\/produit\/osmo-mobile-6-platinum-gray\/","og_locale":"fr_FR","og_type":"article","og_title":"Osmo Mobile 6 Platinum Gray","og_description":"Geavanceerde stabilisatie voor schokvrije resultaten Uitschuifbaar tot 215 mm voor veelzijdige opnamehoeken Snelle magnetische verbinding voor onmiddellijk gebruik Verbeterde tracking in sc\u00e8nes met meerdere personen Zoommogelijkheid tijdens tracking Volgt verloren onderwerpen automatisch opnieuw Compatibel met DJI Mimo en LightCut voor eenvoudige bewerking ShotGuides biedt gepersonaliseerde opnamereeksen en tutorials","og_url":"https:\/\/koningdrone.be\/fr\/produit\/osmo-mobile-6-platinum-gray\/","og_site_name":"koningdrone.be","article_modified_time":"2025-04-29T11:56:57+00:00","og_image":[{"width":1280,"height":1280,"url":"https:\/\/koningdrone.be\/wp-content\/uploads\/sites\/13\/2025\/04\/802cc89a0b55b97159f7bb2f843120c0@ultra.jpg","type":"image\/jpeg"}],"twitter_card":"summary_large_image","twitter_misc":{"Dur\u00e9e de lecture est.":"1 minute"},"schema":{"@context":"https:\/\/schema.org","@graph":[{"@type":"WebPage","@id":"https:\/\/koningdrone.be\/product\/osmo-mobile-6-platinum-gray\/","url":"https:\/\/koningdrone.be\/product\/osmo-mobile-6-platinum-gray\/","name":"Osmo Mobile 6 Platinum Gray - koningdrone.be","isPartOf":{"@id":"https:\/\/koningdrone.be\/#website"},"primaryImageOfPage":{"@id":"https:\/\/koningdrone.be\/product\/osmo-mobile-6-platinum-gray\/#primaryimage"},"image":{"@id":"https:\/\/koningdrone.be\/product\/osmo-mobile-6-platinum-gray\/#primaryimage"},"thumbnailUrl":"https:\/\/koningdrone.be\/wp-content\/uploads\/sites\/13\/2025\/04\/802cc89a0b55b97159f7bb2f843120c0@ultra.jpg","datePublished":"2024-03-18T10:43:33+00:00","dateModified":"2025-04-29T11:56:57+00:00","breadcrumb":{"@id":"https:\/\/koningdrone.be\/product\/osmo-mobile-6-platinum-gray\/#breadcrumb"},"inLanguage":"fr-BE","potentialAction":[{"@type":"ReadAction","target":["https:\/\/koningdrone.be\/product\/osmo-mobile-6-platinum-gray\/"]}]},{"@type":"ImageObject","inLanguage":"fr-BE","@id":"https:\/\/koningdrone.be\/product\/osmo-mobile-6-platinum-gray\/#primaryimage","url":"https:\/\/koningdrone.be\/wp-content\/uploads\/sites\/13\/2025\/04\/802cc89a0b55b97159f7bb2f843120c0@ultra.jpg","contentUrl":"https:\/\/koningdrone.be\/wp-content\/uploads\/sites\/13\/2025\/04\/802cc89a0b55b97159f7bb2f843120c0@ultra.jpg","width":1280,"height":1280},{"@type":"BreadcrumbList","@id":"https:\/\/koningdrone.be\/product\/osmo-mobile-6-platinum-gray\/#breadcrumb","itemListElement":[{"@type":"ListItem","position":1,"name":"Home","item":"https:\/\/koningdrone.be\/"},{"@type":"ListItem","position":2,"name":"AVSS Parachute Recovery System for DJI Matrice 300\/350","item":"https:\/\/koningdrone.be\/product\/avss-parachute-recovery-system-for-dji-matrice-300-350\/"},{"@type":"ListItem","position":3,"name":"Alle handheld gimbals","item":"https:\/\/koningdrone.be\/categorie\/alle-handheld-gimbals\/"},{"@type":"ListItem","position":4,"name":"Osmo Mobile 6 Platinum Gray"}]},{"@type":"WebSite","@id":"https:\/\/koningdrone.be\/#website","url":"https:\/\/koningdrone.be\/","name":"Koningdrone.be - Votre sp\u00e9cialiste en ligne en mati\u00e8re de drones, de cardans, de cam\u00e9ras et de centrales \u00e9lectriques.","description":"La boutique en ligne de drones et de cardans","publisher":{"@id":"https:\/\/koningdrone.be\/#organization"},"potentialAction":[{"@type":"SearchAction","target":{"@type":"EntryPoint","urlTemplate":"https:\/\/koningdrone.be\/?s={search_term_string}"},"query-input":{"@type":"PropertyValueSpecification","valueRequired":true,"valueName":"search_term_string"}}],"inLanguage":"fr-BE"},{"@type":"Organization","@id":"https:\/\/koningdrone.be\/#organization","name":"Kingdrone.co.uk","url":"https:\/\/koningdrone.be\/","logo":{"@type":"ImageObject","inLanguage":"fr-BE","@id":"https:\/\/koningdrone.be\/#\/schema\/logo\/image\/","url":"https:\/\/koningdrone.be\/wp-content\/uploads\/sites\/13\/2025\/04\/koningdrone-copyright-logo.svg","contentUrl":"https:\/\/koningdrone.be\/wp-content\/uploads\/sites\/13\/2025\/04\/koningdrone-copyright-logo.svg","width":227,"height":38,"caption":"Koningdrone.be"},"image":{"@id":"https:\/\/koningdrone.be\/#\/schema\/logo\/image\/"}}]}},"df_price":"","df_sale_price":"","df_regular_price":"","df_image_link":"https:\/\/koningdrone.be\/wp-content\/uploads\/sites\/13\/2025\/04\/802cc89a0b55b97159f7bb2f843120c0@ultra-300x300.jpg","_links":{"self":[{"href":"https:\/\/koningdrone.be\/fr\/wp-json\/wp\/v2\/product\/3782","targetHints":{"allow":["GET"]}}],"collection":[{"href":"https:\/\/koningdrone.be\/fr\/wp-json\/wp\/v2\/product"}],"about":[{"href":"https:\/\/koningdrone.be\/fr\/wp-json\/wp\/v2\/types\/product"}],"wp:featuredmedia":[{"embeddable":true,"href":"https:\/\/koningdrone.be\/fr\/wp-json\/wp\/v2\/media\/3779"}],"wp:attachment":[{"href":"https:\/\/koningdrone.be\/fr\/wp-json\/wp\/v2\/media?parent=3782"}],"wp:term":[{"taxonomy":"product_brand","embeddable":true,"href":"https:\/\/koningdrone.be\/fr\/wp-json\/wp\/v2\/product_brand?post=3782"},{"taxonomy":"product_cat","embeddable":true,"href":"https:\/\/koningdrone.be\/fr\/wp-json\/wp\/v2\/product_cat?post=3782"},{"taxonomy":"product_tag","embeddable":true,"href":"https:\/\/koningdrone.be\/fr\/wp-json\/wp\/v2\/product_tag?post=3782"}],"curies":[{"name":"wp","href":"https:\/\/api.w.org\/{rel}","templated":true}]}}