{"id":3774,"date":"2024-03-18T10:43:33","date_gmt":"2024-03-18T09:43:33","guid":{"rendered":"https:\/\/koningdrone.nl\/kon\/product\/zenmuse-l2\/"},"modified":"2026-04-29T14:50:55","modified_gmt":"2026-04-29T12:50:55","slug":"zenmuse-l2","status":"publish","type":"product","link":"https:\/\/koningdrone.be\/fr\/produit\/zenmuse-l2\/","title":{"rendered":"Zenmuse L2"},"content":{"rendered":"<p><strong>Technologie de positionnement de haute pr\u00e9cision<\/strong><\/p>\n<p>Ce produit int\u00e8gre la technologie du syst\u00e8me mondial de navigation par satellite (GNSS) avec un syst\u00e8me de mesure inertielle (IMU) de haute pr\u00e9cision d\u00e9velopp\u00e9 en interne, offrant une pr\u00e9cision verticale de 4 cm et une pr\u00e9cision horizontale de 5 cm. Cette combinaison de technologies garantit un suivi pr\u00e9cis de la localisation et la collecte de donn\u00e9es, ce qui en fait une solution de pointe dans son domaine.<\/p>\n<p><strong>Pr\u00eat \u00e0 l'emploi et efficace<\/strong><\/p>\n<p>Con\u00e7u dans un souci d'efficacit\u00e9 et de facilit\u00e9 d'utilisation, ce produit est pr\u00eat \u00e0 l'emploi d\u00e8s son activation. Il est capable de couvrir une zone de 2,5 kilom\u00e8tres carr\u00e9s en un seul vol, d\u00e9montrant ainsi sa capacit\u00e9 \u00e0 collecter des donn\u00e9es compl\u00e8tes rapidement et efficacement, ce qui est essentiel pour les projets soumis \u00e0 des contraintes de temps.<\/p>\n<p><strong>Plage de d\u00e9tection impressionnante<\/strong><\/p>\n<p>Le produit se caract\u00e9rise par une port\u00e9e de d\u00e9tection remarquable, permettant d'identifier des objets \u00e0 une distance allant jusqu'\u00e0 250 m\u00e8tres en pleine lumi\u00e8re et jusqu'\u00e0 450 m\u00e8tres dans l'obscurit\u00e9, avec des degr\u00e9s de r\u00e9flectivit\u00e9 variables. Il fonctionne \u00e0 des hauteurs allant jusqu'\u00e0 120 m\u00e8tres et d\u00e9montre sa polyvalence et son efficacit\u00e9 dans diff\u00e9rentes conditions environnementales.<\/p>\n<p><strong>Am\u00e9lioration des d\u00e9tails et de la pr\u00e9cision<\/strong><\/p>\n<p>Sa technologie avanc\u00e9e permet de d\u00e9tecter des objets plus petits et de fournir des mod\u00e8les tr\u00e8s d\u00e9taill\u00e9s. Avec une taille de spot de 4\u00d712 cm \u00e0 une distance de 100 m\u00e8tres, le produit atteint un niveau de d\u00e9tail nettement sup\u00e9rieur \u00e0 celui des versions pr\u00e9c\u00e9dentes, ce qui am\u00e9liore la qualit\u00e9 et la pr\u00e9cision des donn\u00e9es collect\u00e9es.<\/p>\n<p><strong>Mod\u00e9lisation 3D et cartes num\u00e9riques d'\u00e9l\u00e9vation<\/strong><\/p>\n<p>D'un simple clic, ce produit peut g\u00e9n\u00e9rer un mod\u00e8le de nuage de points 3D et un mod\u00e8le num\u00e9rique d'\u00e9l\u00e9vation (MNE), rationalisant ainsi le processus de cartographie. La qualit\u00e9 du nuage de points peut \u00eatre analys\u00e9e en profondeur \u00e0 l'aide du logiciel DJI Terra, ce qui permet une cartographie pr\u00e9cise et d\u00e9taill\u00e9e du terrain.<\/p>\n<p><strong>Modes d'affichage flexibles<\/strong><\/p>\n<p>Le produit prend en charge trois modes d'affichage diff\u00e9rents : RVB (imagerie couleur), nuage de points (une collection de points de donn\u00e9es dans l'espace) et un affichage c\u00f4te \u00e0 c\u00f4te du nuage de points et du RVB. Cette polyvalence permet aux utilisateurs de pr\u00e9visualiser facilement les mod\u00e8les de nuages de points 3D enregistr\u00e9s, ce qui facilite le suivi des progr\u00e8s en temps r\u00e9el et am\u00e9liore l'exp\u00e9rience de l'utilisateur.<\/p>","protected":false},"excerpt":{"rendered":"<ul>\n<li>Pr\u00e9cision verticale de 4 cm et horizontale de 5 cm avec les syst\u00e8mes GNSS et IMU.<\/li>\n<li>Collecte des donn\u00e9es de nuages de points sur 2,5 km\u00b2 en un seul vol.<\/li>\n<li>Plage de d\u00e9tection jusqu'\u00e0 250 m (faible r\u00e9flectivit\u00e9) et 450 m (forte r\u00e9flectivit\u00e9).<\/li>\n<li>Son altitude de fonctionnement peut atteindre 120 m\u00e8tres.<\/li>\n<li>Taille du spot de 4\u00d712 cm \u00e0 100 m pour une d\u00e9tection plus fine des objets.<\/li>\n<li>G\u00e9n\u00e8re des mod\u00e8les de nuages de points 3D standard et des DEM en un seul clic.<\/li>\n<li>Prend en charge les modes d'affichage RVB, nuage de points et c\u00f4te \u00e0 c\u00f4te.<\/li>\n<li>Suivi de l'avancement en temps r\u00e9el avec aper\u00e7u rapide du mod\u00e8le de nuage de points en 3D.<\/li>\n<\/ul>","protected":false},"featured_media":3772,"template":"","meta":{"_acf_changed":false},"product_brand":[],"product_cat":[298,187,97,153,316,742,115],"product_tag":[],"class_list":{"0":"post-3774","1":"product","2":"type-product","3":"status-publish","4":"has-post-thumbnail","6":"product_cat-alle-industriele-camera","7":"product_cat-alle-lidar","8":"product_cat-alle-producten","9":"product_cat-dji-matrice-350","10":"product_cat-dji-zenmuse","11":"product_cat-dji-zenmuse-l1","12":"product_cat-inspecties-met-drones","13":"product_shipping_class-outofstock","14":"pa_brand-dji","15":"pa_productfamily-lidar","16":"pa_producttype-lidar","17":"pa_series-zenmuse","19":"first","20":"outofstock","21":"taxable","22":"shipping-taxable","23":"purchasable","24":"product-type-simple"},"acf":[],"yoast_head":"<!-- This site is optimized with the Yoast SEO Premium plugin v27.2 (Yoast SEO v27.2) - https:\/\/yoast.com\/product\/yoast-seo-premium-wordpress\/ -->\n<title>Zenmuse L2 - koningdrone.be<\/title>\n<meta name=\"robots\" content=\"index, follow, max-snippet:-1, max-image-preview:large, max-video-preview:-1\" \/>\n<link rel=\"canonical\" href=\"https:\/\/koningdrone.be\/fr\/produit\/zenmuse-l2\/\" \/>\n<meta property=\"og:locale\" content=\"fr_FR\" \/>\n<meta property=\"og:type\" content=\"article\" \/>\n<meta property=\"og:title\" content=\"Zenmuse L2\" \/>\n<meta property=\"og:description\" content=\"4 cm verticale en 5 cm horizontale nauwkeurigheid met GNSS- en IMU-systeem.  Verzamelt puntenwolkgegevens van 2,5 km\u00b2 in \u00e9\u00e9n enkele vlucht.  Detectiebereik tot 250 m (lage reflectiviteit) en 450 m (hoge reflectiviteit).  De operationele hoogte reikt tot 120 meter.  Spotgrootte van 4\u00d712 cm op 100m voor fijnere objectdetectie.  Genereert standaard 3D-puntenwolkmodellen en DEM met \u00e9\u00e9n klik.  Ondersteunt RGB-, puntenwolk- en zij-aan-zij-weergavemodi.  Realtime voortgangsbewaking met snelle preview van het 3D-puntenwolkmodel.\" \/>\n<meta property=\"og:url\" content=\"https:\/\/koningdrone.be\/fr\/produit\/zenmuse-l2\/\" \/>\n<meta property=\"og:site_name\" content=\"koningdrone.be\" \/>\n<meta property=\"article:modified_time\" content=\"2026-04-29T12:50:55+00:00\" \/>\n<meta property=\"og:image\" content=\"https:\/\/koningdrone.be\/wp-content\/uploads\/sites\/13\/2025\/04\/c42e4348c4e5007593dd6063825d06e5@ultra.jpg\" \/>\n\t<meta property=\"og:image:width\" content=\"1280\" \/>\n\t<meta property=\"og:image:height\" content=\"1280\" \/>\n\t<meta property=\"og:image:type\" content=\"image\/jpeg\" \/>\n<meta name=\"twitter:card\" content=\"summary_large_image\" \/>\n<meta name=\"twitter:label1\" content=\"Dur\u00e9e de lecture est.\" \/>\n\t<meta name=\"twitter:data1\" content=\"2 minutes\" \/>\n<script type=\"application\/ld+json\" class=\"yoast-schema-graph\">{\"@context\":\"https:\/\/schema.org\",\"@graph\":[{\"@type\":\"WebPage\",\"@id\":\"https:\/\/koningdrone.be\/product\/zenmuse-l2\/\",\"url\":\"https:\/\/koningdrone.be\/product\/zenmuse-l2\/\",\"name\":\"Zenmuse L2 - koningdrone.be\",\"isPartOf\":{\"@id\":\"https:\/\/koningdrone.be\/#website\"},\"primaryImageOfPage\":{\"@id\":\"https:\/\/koningdrone.be\/product\/zenmuse-l2\/#primaryimage\"},\"image\":{\"@id\":\"https:\/\/koningdrone.be\/product\/zenmuse-l2\/#primaryimage\"},\"thumbnailUrl\":\"https:\/\/koningdrone.be\/wp-content\/uploads\/sites\/13\/2025\/04\/c42e4348c4e5007593dd6063825d06e5@ultra.jpg\",\"datePublished\":\"2024-03-18T09:43:33+00:00\",\"dateModified\":\"2026-04-29T12:50:55+00:00\",\"breadcrumb\":{\"@id\":\"https:\/\/koningdrone.be\/product\/zenmuse-l2\/#breadcrumb\"},\"inLanguage\":\"fr-BE\",\"potentialAction\":[{\"@type\":\"ReadAction\",\"target\":[\"https:\/\/koningdrone.be\/product\/zenmuse-l2\/\"]}]},{\"@type\":\"ImageObject\",\"inLanguage\":\"fr-BE\",\"@id\":\"https:\/\/koningdrone.be\/product\/zenmuse-l2\/#primaryimage\",\"url\":\"https:\/\/koningdrone.be\/wp-content\/uploads\/sites\/13\/2025\/04\/c42e4348c4e5007593dd6063825d06e5@ultra.jpg\",\"contentUrl\":\"https:\/\/koningdrone.be\/wp-content\/uploads\/sites\/13\/2025\/04\/c42e4348c4e5007593dd6063825d06e5@ultra.jpg\",\"width\":1280,\"height\":1280},{\"@type\":\"BreadcrumbList\",\"@id\":\"https:\/\/koningdrone.be\/product\/zenmuse-l2\/#breadcrumb\",\"itemListElement\":[{\"@type\":\"ListItem\",\"position\":1,\"name\":\"Home\",\"item\":\"https:\/\/koningdrone.be\/\"},{\"@type\":\"ListItem\",\"position\":2,\"name\":\"AVSS Parachute Recovery System for DJI Matrice 300\/350\",\"item\":\"https:\/\/koningdrone.be\/product\/avss-parachute-recovery-system-for-dji-matrice-300-350\/\"},{\"@type\":\"ListItem\",\"position\":3,\"name\":\"Alle industriele camera\",\"item\":\"https:\/\/koningdrone.be\/categorie\/alle-industriele-camera\/\"},{\"@type\":\"ListItem\",\"position\":4,\"name\":\"Zenmuse L2\"}]},{\"@type\":\"WebSite\",\"@id\":\"https:\/\/koningdrone.be\/#website\",\"url\":\"https:\/\/koningdrone.be\/\",\"name\":\"Koningdrone.be - Uw online specialist in drones, gimbals, camera's en power stations.\",\"description\":\"De webshop in drones en gimbals\",\"publisher\":{\"@id\":\"https:\/\/koningdrone.be\/#organization\"},\"potentialAction\":[{\"@type\":\"SearchAction\",\"target\":{\"@type\":\"EntryPoint\",\"urlTemplate\":\"https:\/\/koningdrone.be\/?s={search_term_string}\"},\"query-input\":{\"@type\":\"PropertyValueSpecification\",\"valueRequired\":true,\"valueName\":\"search_term_string\"}}],\"inLanguage\":\"fr-BE\"},{\"@type\":\"Organization\",\"@id\":\"https:\/\/koningdrone.be\/#organization\",\"name\":\"Koningdrone.be\",\"url\":\"https:\/\/koningdrone.be\/\",\"logo\":{\"@type\":\"ImageObject\",\"inLanguage\":\"fr-BE\",\"@id\":\"https:\/\/koningdrone.be\/#\/schema\/logo\/image\/\",\"url\":\"https:\/\/koningdrone.be\/wp-content\/uploads\/sites\/13\/2025\/04\/koningdrone-copyright-logo.svg\",\"contentUrl\":\"https:\/\/koningdrone.be\/wp-content\/uploads\/sites\/13\/2025\/04\/koningdrone-copyright-logo.svg\",\"width\":227,\"height\":38,\"caption\":\"Koningdrone.be\"},\"image\":{\"@id\":\"https:\/\/koningdrone.be\/#\/schema\/logo\/image\/\"}}]}<\/script>\n<!-- \/ Yoast SEO Premium plugin. -->","yoast_head_json":{"title":"Zenmuse L2 - koningdrone.be","robots":{"index":"index","follow":"follow","max-snippet":"max-snippet:-1","max-image-preview":"max-image-preview:large","max-video-preview":"max-video-preview:-1"},"canonical":"https:\/\/koningdrone.be\/fr\/produit\/zenmuse-l2\/","og_locale":"fr_FR","og_type":"article","og_title":"Zenmuse L2","og_description":"4 cm verticale en 5 cm horizontale nauwkeurigheid met GNSS- en IMU-systeem.  Verzamelt puntenwolkgegevens van 2,5 km\u00b2 in \u00e9\u00e9n enkele vlucht.  Detectiebereik tot 250 m (lage reflectiviteit) en 450 m (hoge reflectiviteit).  De operationele hoogte reikt tot 120 meter.  Spotgrootte van 4\u00d712 cm op 100m voor fijnere objectdetectie.  Genereert standaard 3D-puntenwolkmodellen en DEM met \u00e9\u00e9n klik.  Ondersteunt RGB-, puntenwolk- en zij-aan-zij-weergavemodi.  Realtime voortgangsbewaking met snelle preview van het 3D-puntenwolkmodel.","og_url":"https:\/\/koningdrone.be\/fr\/produit\/zenmuse-l2\/","og_site_name":"koningdrone.be","article_modified_time":"2026-04-29T12:50:55+00:00","og_image":[{"width":1280,"height":1280,"url":"https:\/\/koningdrone.be\/wp-content\/uploads\/sites\/13\/2025\/04\/c42e4348c4e5007593dd6063825d06e5@ultra.jpg","type":"image\/jpeg"}],"twitter_card":"summary_large_image","twitter_misc":{"Dur\u00e9e de lecture est.":"2 minutes"},"schema":{"@context":"https:\/\/schema.org","@graph":[{"@type":"WebPage","@id":"https:\/\/koningdrone.be\/product\/zenmuse-l2\/","url":"https:\/\/koningdrone.be\/product\/zenmuse-l2\/","name":"Zenmuse L2 - koningdrone.be","isPartOf":{"@id":"https:\/\/koningdrone.be\/#website"},"primaryImageOfPage":{"@id":"https:\/\/koningdrone.be\/product\/zenmuse-l2\/#primaryimage"},"image":{"@id":"https:\/\/koningdrone.be\/product\/zenmuse-l2\/#primaryimage"},"thumbnailUrl":"https:\/\/koningdrone.be\/wp-content\/uploads\/sites\/13\/2025\/04\/c42e4348c4e5007593dd6063825d06e5@ultra.jpg","datePublished":"2024-03-18T09:43:33+00:00","dateModified":"2026-04-29T12:50:55+00:00","breadcrumb":{"@id":"https:\/\/koningdrone.be\/product\/zenmuse-l2\/#breadcrumb"},"inLanguage":"fr-BE","potentialAction":[{"@type":"ReadAction","target":["https:\/\/koningdrone.be\/product\/zenmuse-l2\/"]}]},{"@type":"ImageObject","inLanguage":"fr-BE","@id":"https:\/\/koningdrone.be\/product\/zenmuse-l2\/#primaryimage","url":"https:\/\/koningdrone.be\/wp-content\/uploads\/sites\/13\/2025\/04\/c42e4348c4e5007593dd6063825d06e5@ultra.jpg","contentUrl":"https:\/\/koningdrone.be\/wp-content\/uploads\/sites\/13\/2025\/04\/c42e4348c4e5007593dd6063825d06e5@ultra.jpg","width":1280,"height":1280},{"@type":"BreadcrumbList","@id":"https:\/\/koningdrone.be\/product\/zenmuse-l2\/#breadcrumb","itemListElement":[{"@type":"ListItem","position":1,"name":"Home","item":"https:\/\/koningdrone.be\/"},{"@type":"ListItem","position":2,"name":"AVSS Parachute Recovery System for DJI Matrice 300\/350","item":"https:\/\/koningdrone.be\/product\/avss-parachute-recovery-system-for-dji-matrice-300-350\/"},{"@type":"ListItem","position":3,"name":"Alle industriele camera","item":"https:\/\/koningdrone.be\/categorie\/alle-industriele-camera\/"},{"@type":"ListItem","position":4,"name":"Zenmuse L2"}]},{"@type":"WebSite","@id":"https:\/\/koningdrone.be\/#website","url":"https:\/\/koningdrone.be\/","name":"Koningdrone.be - Votre sp\u00e9cialiste en ligne en mati\u00e8re de drones, de cardans, de cam\u00e9ras et de centrales \u00e9lectriques.","description":"La boutique en ligne de drones et de cardans","publisher":{"@id":"https:\/\/koningdrone.be\/#organization"},"potentialAction":[{"@type":"SearchAction","target":{"@type":"EntryPoint","urlTemplate":"https:\/\/koningdrone.be\/?s={search_term_string}"},"query-input":{"@type":"PropertyValueSpecification","valueRequired":true,"valueName":"search_term_string"}}],"inLanguage":"fr-BE"},{"@type":"Organization","@id":"https:\/\/koningdrone.be\/#organization","name":"Kingdrone.co.uk","url":"https:\/\/koningdrone.be\/","logo":{"@type":"ImageObject","inLanguage":"fr-BE","@id":"https:\/\/koningdrone.be\/#\/schema\/logo\/image\/","url":"https:\/\/koningdrone.be\/wp-content\/uploads\/sites\/13\/2025\/04\/koningdrone-copyright-logo.svg","contentUrl":"https:\/\/koningdrone.be\/wp-content\/uploads\/sites\/13\/2025\/04\/koningdrone-copyright-logo.svg","width":227,"height":38,"caption":"Koningdrone.be"},"image":{"@id":"https:\/\/koningdrone.be\/#\/schema\/logo\/image\/"}}]}},"df_price":13090,"df_sale_price":"","df_regular_price":13090,"df_image_link":"https:\/\/koningdrone.be\/wp-content\/uploads\/sites\/13\/2025\/04\/c42e4348c4e5007593dd6063825d06e5@ultra-300x300.jpg","_links":{"self":[{"href":"https:\/\/koningdrone.be\/fr\/wp-json\/wp\/v2\/product\/3774","targetHints":{"allow":["GET"]}}],"collection":[{"href":"https:\/\/koningdrone.be\/fr\/wp-json\/wp\/v2\/product"}],"about":[{"href":"https:\/\/koningdrone.be\/fr\/wp-json\/wp\/v2\/types\/product"}],"wp:featuredmedia":[{"embeddable":true,"href":"https:\/\/koningdrone.be\/fr\/wp-json\/wp\/v2\/media\/3772"}],"wp:attachment":[{"href":"https:\/\/koningdrone.be\/fr\/wp-json\/wp\/v2\/media?parent=3774"}],"wp:term":[{"taxonomy":"product_brand","embeddable":true,"href":"https:\/\/koningdrone.be\/fr\/wp-json\/wp\/v2\/product_brand?post=3774"},{"taxonomy":"product_cat","embeddable":true,"href":"https:\/\/koningdrone.be\/fr\/wp-json\/wp\/v2\/product_cat?post=3774"},{"taxonomy":"product_tag","embeddable":true,"href":"https:\/\/koningdrone.be\/fr\/wp-json\/wp\/v2\/product_tag?post=3774"}],"curies":[{"name":"wp","href":"https:\/\/api.w.org\/{rel}","templated":true}]}}