{"id":3771,"date":"2024-03-18T10:43:33","date_gmt":"2024-03-18T10:43:33","guid":{"rendered":"https:\/\/koningdrone.nl\/kon\/product\/dji-mic-2-tx-1-rx-charging-case\/"},"modified":"2025-04-29T11:56:43","modified_gmt":"2025-04-29T11:56:43","slug":"dji-mic-2-tx-1-rx-charging-case","status":"publish","type":"product","link":"https:\/\/koningdrone.be\/fr\/produit\/dji-mic-2-tx-1-rx-charging-case\/","title":{"rendered":"DJI Mic (2 TX + 1 RX + \u00e9tui de chargement)"},"content":{"rendered":"<p><strong>Une connectivit\u00e9 et une portabilit\u00e9 sans faille<\/strong><\/p>\n<p> Ce produit assure une transmission audio claire jusqu'\u00e0 250 m\u00e8tres dans les espaces ouverts, gr\u00e2ce \u00e0 sa technologie avanc\u00e9e qui \u00e9limine le besoin de c\u00e2bles encombrants et simplifie les proc\u00e9dures d'installation. Avec ce syst\u00e8me, les utilisateurs peuvent b\u00e9n\u00e9ficier d'une connexion transparente, ce qui souligne son efficacit\u00e9 et sa portabilit\u00e9 remarquables.<\/p>\n<p><strong>Dur\u00e9e de vie prolong\u00e9e de la batterie<\/strong><\/p>\n<p> Les \u00e9metteurs sont dot\u00e9s d'une batterie robuste, qui peut fonctionner pendant 5,5 heures avec une seule charge. En utilisant la cartouche de chargement, l'autonomie totale de la batterie peut atteindre 15 heures. Cette caract\u00e9ristique r\u00e9duit consid\u00e9rablement les risques de panne de courant en cours d'utilisation, garantissant fiabilit\u00e9 et commodit\u00e9.<\/p>\n<p><strong>Fonctions de fixation pratiques<\/strong><\/p>\n<p> Con\u00e7u dans un souci de fonctionnalit\u00e9, chaque \u00e9metteur est \u00e9quip\u00e9 d'un clip arri\u00e8re et d'une fonction magn\u00e9tique. Ces caract\u00e9ristiques garantissent une fixation sans effort sur les v\u00eatements, ce qui permet aux utilisateurs une installation rapide et facile, parfaite pour les environnements dynamiques et rapides.<\/p>\n<p><strong>Conception conviviale du r\u00e9cepteur<\/strong><\/p>\n<p> Le r\u00e9cepteur qui l'accompagne est dot\u00e9 d'un \u00e9cran tactile OLED de 0,95 pouce et offre aux utilisateurs une interface intuitive qui facilite la navigation et l'utilisation des diff\u00e9rentes fonctionnalit\u00e9s. Cette conception conviviale permet un processus d'utilisation efficace et simple.<\/p>\n<p><strong>Enregistrement de haute qualit\u00e9 et stockage suffisant<\/strong><\/p>\n<p> Avec 8 Go de m\u00e9moire int\u00e9gr\u00e9e, ce syst\u00e8me peut enregistrer jusqu'\u00e0 14 heures d'audio de haute qualit\u00e9 (48 kHz 24 bits) sans compression. De plus, il permet de transf\u00e9rer sans effort des fichiers vers des ordinateurs via un c\u00e2ble de donn\u00e9es, ce qui le rend encore plus utilisable pour les applications professionnelles d'enregistrement et de diffusion audio.<\/p>\n<p><\/p>","protected":false},"excerpt":{"rendered":"<ul>\n<li>Mallette de chargement pour faciliter le transport et l'utilisation imm\u00e9diate des \u00e9metteurs et des r\u00e9cepteurs.<\/li>\n<li> La port\u00e9e de la transmission audio peut atteindre 250 m\u00e8tres dans les environnements lumineux.<\/li>\n<li> Les \u00e9metteurs offrent une autonomie de 5,5 heures, la cassette de chargement prolonge l'autonomie \u00e0 15 heures.<\/li>\n<li> L'\u00e9metteur est dot\u00e9 d'un clip au dos et d'une conception magn\u00e9tique pour une fixation facile sur les v\u00eatements.<\/li>\n<li> Le r\u00e9cepteur est dot\u00e9 d'un \u00e9cran tactile OLED de 0,95 pouce pour une utilisation intuitive.<\/li>\n<li> 8 Go de stockage interne pour 14 heures d'enregistrement audio 48 kHz 24 bits.<\/li>\n<li> Sortie rapide des fichiers audio vers un ordinateur via un c\u00e2ble de donn\u00e9es.<\/li>\n<\/ul>","protected":false},"featured_media":3768,"template":"","meta":{"_acf_changed":false},"product_brand":[],"product_cat":[97,738,191,600,739],"product_tag":[],"class_list":{"0":"post-3771","1":"product","2":"type-product","3":"status-publish","4":"has-post-thumbnail","6":"product_cat-alle-producten","7":"product_cat-dji-accessoires","8":"product_cat-dji-mic","9":"product_cat-dji-mic-2","10":"product_cat-dji-producten","11":"pa_brand-dji","12":"pa_productfamily-microfoon","13":"pa_producttype-microfoon","14":"pa_series-mic-2","16":"first","17":"instock","18":"taxable","19":"shipping-taxable","20":"product-type-simple"},"acf":[],"yoast_head":"<!-- This site is optimized with the Yoast SEO Premium plugin v27.2 (Yoast SEO v27.2) - https:\/\/yoast.com\/product\/yoast-seo-premium-wordpress\/ -->\n<title>DJI Mic (2 TX + 1 RX + Charging Case) - koningdrone.be<\/title>\n<meta name=\"robots\" content=\"index, follow, max-snippet:-1, max-image-preview:large, max-video-preview:-1\" \/>\n<link rel=\"canonical\" href=\"https:\/\/koningdrone.be\/fr\/produit\/dji-mic-2-tx-1-rx-charging-case\/\" \/>\n<meta property=\"og:locale\" content=\"fr_FR\" \/>\n<meta property=\"og:type\" content=\"article\" \/>\n<meta property=\"og:title\" content=\"DJI Mic (2 TX + 1 RX + Charging Case)\" \/>\n<meta property=\"og:description\" content=\"Oplaadkoffer voor eenvoudig transport en direct gebruik van zenders en ontvanger. Ondersteunt een audiotransmissiebereik tot 250 meter in heldere omgevingen. Zenders bieden 5,5 uur, de oplaadcassette verlengt de levensduur van de batterij tot 15 uur. Zender heeft een clip aan de achterkant en een magnetisch ontwerp voor eenvoudige bevestiging aan kleding. Ontvanger voorzien van 0,95 inch OLED touchscreen voor intu\u00eftieve bediening. 8 GB interne opslag voor maximaal 14 uur 48 kHz 24-bit audio-opname. Snelle uitvoer van audiobestanden naar een computer via een datakabel.\" \/>\n<meta property=\"og:url\" content=\"https:\/\/koningdrone.be\/fr\/produit\/dji-mic-2-tx-1-rx-charging-case\/\" \/>\n<meta property=\"og:site_name\" content=\"koningdrone.be\" \/>\n<meta property=\"article:modified_time\" content=\"2025-04-29T11:56:43+00:00\" \/>\n<meta property=\"og:image\" content=\"https:\/\/koningdrone.be\/wp-content\/uploads\/sites\/13\/2025\/04\/6dc0cfca2248107a627b78b7fd9c2b22@ultra.jpg\" \/>\n\t<meta property=\"og:image:width\" content=\"1280\" \/>\n\t<meta property=\"og:image:height\" content=\"1280\" \/>\n\t<meta property=\"og:image:type\" content=\"image\/jpeg\" \/>\n<meta name=\"twitter:card\" content=\"summary_large_image\" \/>\n<meta name=\"twitter:label1\" content=\"Dur\u00e9e de lecture est.\" \/>\n\t<meta name=\"twitter:data1\" content=\"1 minute\" \/>\n<script type=\"application\/ld+json\" class=\"yoast-schema-graph\">{\"@context\":\"https:\/\/schema.org\",\"@graph\":[{\"@type\":\"WebPage\",\"@id\":\"https:\/\/koningdrone.be\/product\/dji-mic-2-tx-1-rx-charging-case\/\",\"url\":\"https:\/\/koningdrone.be\/product\/dji-mic-2-tx-1-rx-charging-case\/\",\"name\":\"DJI Mic (2 TX + 1 RX + Charging Case) - koningdrone.be\",\"isPartOf\":{\"@id\":\"https:\/\/koningdrone.be\/#website\"},\"primaryImageOfPage\":{\"@id\":\"https:\/\/koningdrone.be\/product\/dji-mic-2-tx-1-rx-charging-case\/#primaryimage\"},\"image\":{\"@id\":\"https:\/\/koningdrone.be\/product\/dji-mic-2-tx-1-rx-charging-case\/#primaryimage\"},\"thumbnailUrl\":\"https:\/\/koningdrone.be\/wp-content\/uploads\/sites\/13\/2025\/04\/6dc0cfca2248107a627b78b7fd9c2b22@ultra.jpg\",\"datePublished\":\"2024-03-18T10:43:33+00:00\",\"dateModified\":\"2025-04-29T11:56:43+00:00\",\"breadcrumb\":{\"@id\":\"https:\/\/koningdrone.be\/product\/dji-mic-2-tx-1-rx-charging-case\/#breadcrumb\"},\"inLanguage\":\"fr-BE\",\"potentialAction\":[{\"@type\":\"ReadAction\",\"target\":[\"https:\/\/koningdrone.be\/product\/dji-mic-2-tx-1-rx-charging-case\/\"]}]},{\"@type\":\"ImageObject\",\"inLanguage\":\"fr-BE\",\"@id\":\"https:\/\/koningdrone.be\/product\/dji-mic-2-tx-1-rx-charging-case\/#primaryimage\",\"url\":\"https:\/\/koningdrone.be\/wp-content\/uploads\/sites\/13\/2025\/04\/6dc0cfca2248107a627b78b7fd9c2b22@ultra.jpg\",\"contentUrl\":\"https:\/\/koningdrone.be\/wp-content\/uploads\/sites\/13\/2025\/04\/6dc0cfca2248107a627b78b7fd9c2b22@ultra.jpg\",\"width\":1280,\"height\":1280},{\"@type\":\"BreadcrumbList\",\"@id\":\"https:\/\/koningdrone.be\/product\/dji-mic-2-tx-1-rx-charging-case\/#breadcrumb\",\"itemListElement\":[{\"@type\":\"ListItem\",\"position\":1,\"name\":\"Home\",\"item\":\"https:\/\/koningdrone.be\/\"},{\"@type\":\"ListItem\",\"position\":2,\"name\":\"AVSS Parachute Recovery System for DJI Matrice 300\/350\",\"item\":\"https:\/\/koningdrone.be\/product\/avss-parachute-recovery-system-for-dji-matrice-300-350\/\"},{\"@type\":\"ListItem\",\"position\":3,\"name\":\"Alle producten\",\"item\":\"https:\/\/koningdrone.be\/categorie\/alle-producten\/\"},{\"@type\":\"ListItem\",\"position\":4,\"name\":\"DJI Mic (2 TX + 1 RX + Charging Case)\"}]},{\"@type\":\"WebSite\",\"@id\":\"https:\/\/koningdrone.be\/#website\",\"url\":\"https:\/\/koningdrone.be\/\",\"name\":\"Koningdrone.be - Uw online specialist in drones, gimbals, camera's en power stations.\",\"description\":\"De webshop in drones en gimbals\",\"publisher\":{\"@id\":\"https:\/\/koningdrone.be\/#organization\"},\"potentialAction\":[{\"@type\":\"SearchAction\",\"target\":{\"@type\":\"EntryPoint\",\"urlTemplate\":\"https:\/\/koningdrone.be\/?s={search_term_string}\"},\"query-input\":{\"@type\":\"PropertyValueSpecification\",\"valueRequired\":true,\"valueName\":\"search_term_string\"}}],\"inLanguage\":\"fr-BE\"},{\"@type\":\"Organization\",\"@id\":\"https:\/\/koningdrone.be\/#organization\",\"name\":\"Koningdrone.be\",\"url\":\"https:\/\/koningdrone.be\/\",\"logo\":{\"@type\":\"ImageObject\",\"inLanguage\":\"fr-BE\",\"@id\":\"https:\/\/koningdrone.be\/#\/schema\/logo\/image\/\",\"url\":\"https:\/\/koningdrone.be\/wp-content\/uploads\/sites\/13\/2025\/04\/koningdrone-copyright-logo.svg\",\"contentUrl\":\"https:\/\/koningdrone.be\/wp-content\/uploads\/sites\/13\/2025\/04\/koningdrone-copyright-logo.svg\",\"width\":227,\"height\":38,\"caption\":\"Koningdrone.be\"},\"image\":{\"@id\":\"https:\/\/koningdrone.be\/#\/schema\/logo\/image\/\"}}]}<\/script>\n<!-- \/ Yoast SEO Premium plugin. -->","yoast_head_json":{"title":"DJI Mic (2 TX + 1 RX + Charging Case) - koningdrone.be","robots":{"index":"index","follow":"follow","max-snippet":"max-snippet:-1","max-image-preview":"max-image-preview:large","max-video-preview":"max-video-preview:-1"},"canonical":"https:\/\/koningdrone.be\/fr\/produit\/dji-mic-2-tx-1-rx-charging-case\/","og_locale":"fr_FR","og_type":"article","og_title":"DJI Mic (2 TX + 1 RX + Charging Case)","og_description":"Oplaadkoffer voor eenvoudig transport en direct gebruik van zenders en ontvanger. Ondersteunt een audiotransmissiebereik tot 250 meter in heldere omgevingen. Zenders bieden 5,5 uur, de oplaadcassette verlengt de levensduur van de batterij tot 15 uur. Zender heeft een clip aan de achterkant en een magnetisch ontwerp voor eenvoudige bevestiging aan kleding. Ontvanger voorzien van 0,95 inch OLED touchscreen voor intu\u00eftieve bediening. 8 GB interne opslag voor maximaal 14 uur 48 kHz 24-bit audio-opname. Snelle uitvoer van audiobestanden naar een computer via een datakabel.","og_url":"https:\/\/koningdrone.be\/fr\/produit\/dji-mic-2-tx-1-rx-charging-case\/","og_site_name":"koningdrone.be","article_modified_time":"2025-04-29T11:56:43+00:00","og_image":[{"width":1280,"height":1280,"url":"https:\/\/koningdrone.be\/wp-content\/uploads\/sites\/13\/2025\/04\/6dc0cfca2248107a627b78b7fd9c2b22@ultra.jpg","type":"image\/jpeg"}],"twitter_card":"summary_large_image","twitter_misc":{"Dur\u00e9e de lecture est.":"1 minute"},"schema":{"@context":"https:\/\/schema.org","@graph":[{"@type":"WebPage","@id":"https:\/\/koningdrone.be\/product\/dji-mic-2-tx-1-rx-charging-case\/","url":"https:\/\/koningdrone.be\/product\/dji-mic-2-tx-1-rx-charging-case\/","name":"DJI Mic (2 TX + 1 RX + Charging Case) - koningdrone.be","isPartOf":{"@id":"https:\/\/koningdrone.be\/#website"},"primaryImageOfPage":{"@id":"https:\/\/koningdrone.be\/product\/dji-mic-2-tx-1-rx-charging-case\/#primaryimage"},"image":{"@id":"https:\/\/koningdrone.be\/product\/dji-mic-2-tx-1-rx-charging-case\/#primaryimage"},"thumbnailUrl":"https:\/\/koningdrone.be\/wp-content\/uploads\/sites\/13\/2025\/04\/6dc0cfca2248107a627b78b7fd9c2b22@ultra.jpg","datePublished":"2024-03-18T10:43:33+00:00","dateModified":"2025-04-29T11:56:43+00:00","breadcrumb":{"@id":"https:\/\/koningdrone.be\/product\/dji-mic-2-tx-1-rx-charging-case\/#breadcrumb"},"inLanguage":"fr-BE","potentialAction":[{"@type":"ReadAction","target":["https:\/\/koningdrone.be\/product\/dji-mic-2-tx-1-rx-charging-case\/"]}]},{"@type":"ImageObject","inLanguage":"fr-BE","@id":"https:\/\/koningdrone.be\/product\/dji-mic-2-tx-1-rx-charging-case\/#primaryimage","url":"https:\/\/koningdrone.be\/wp-content\/uploads\/sites\/13\/2025\/04\/6dc0cfca2248107a627b78b7fd9c2b22@ultra.jpg","contentUrl":"https:\/\/koningdrone.be\/wp-content\/uploads\/sites\/13\/2025\/04\/6dc0cfca2248107a627b78b7fd9c2b22@ultra.jpg","width":1280,"height":1280},{"@type":"BreadcrumbList","@id":"https:\/\/koningdrone.be\/product\/dji-mic-2-tx-1-rx-charging-case\/#breadcrumb","itemListElement":[{"@type":"ListItem","position":1,"name":"Home","item":"https:\/\/koningdrone.be\/"},{"@type":"ListItem","position":2,"name":"AVSS Parachute Recovery System for DJI Matrice 300\/350","item":"https:\/\/koningdrone.be\/product\/avss-parachute-recovery-system-for-dji-matrice-300-350\/"},{"@type":"ListItem","position":3,"name":"Alle producten","item":"https:\/\/koningdrone.be\/categorie\/alle-producten\/"},{"@type":"ListItem","position":4,"name":"DJI Mic (2 TX + 1 RX + Charging Case)"}]},{"@type":"WebSite","@id":"https:\/\/koningdrone.be\/#website","url":"https:\/\/koningdrone.be\/","name":"Koningdrone.be - Votre sp\u00e9cialiste en ligne en mati\u00e8re de drones, de cardans, de cam\u00e9ras et de centrales \u00e9lectriques.","description":"La boutique en ligne de drones et de cardans","publisher":{"@id":"https:\/\/koningdrone.be\/#organization"},"potentialAction":[{"@type":"SearchAction","target":{"@type":"EntryPoint","urlTemplate":"https:\/\/koningdrone.be\/?s={search_term_string}"},"query-input":{"@type":"PropertyValueSpecification","valueRequired":true,"valueName":"search_term_string"}}],"inLanguage":"fr-BE"},{"@type":"Organization","@id":"https:\/\/koningdrone.be\/#organization","name":"Kingdrone.co.uk","url":"https:\/\/koningdrone.be\/","logo":{"@type":"ImageObject","inLanguage":"fr-BE","@id":"https:\/\/koningdrone.be\/#\/schema\/logo\/image\/","url":"https:\/\/koningdrone.be\/wp-content\/uploads\/sites\/13\/2025\/04\/koningdrone-copyright-logo.svg","contentUrl":"https:\/\/koningdrone.be\/wp-content\/uploads\/sites\/13\/2025\/04\/koningdrone-copyright-logo.svg","width":227,"height":38,"caption":"Koningdrone.be"},"image":{"@id":"https:\/\/koningdrone.be\/#\/schema\/logo\/image\/"}}]}},"df_price":"","df_sale_price":"","df_regular_price":"","df_image_link":"https:\/\/koningdrone.be\/wp-content\/uploads\/sites\/13\/2025\/04\/6dc0cfca2248107a627b78b7fd9c2b22@ultra-300x300.jpg","_links":{"self":[{"href":"https:\/\/koningdrone.be\/fr\/wp-json\/wp\/v2\/product\/3771","targetHints":{"allow":["GET"]}}],"collection":[{"href":"https:\/\/koningdrone.be\/fr\/wp-json\/wp\/v2\/product"}],"about":[{"href":"https:\/\/koningdrone.be\/fr\/wp-json\/wp\/v2\/types\/product"}],"wp:featuredmedia":[{"embeddable":true,"href":"https:\/\/koningdrone.be\/fr\/wp-json\/wp\/v2\/media\/3768"}],"wp:attachment":[{"href":"https:\/\/koningdrone.be\/fr\/wp-json\/wp\/v2\/media?parent=3771"}],"wp:term":[{"taxonomy":"product_brand","embeddable":true,"href":"https:\/\/koningdrone.be\/fr\/wp-json\/wp\/v2\/product_brand?post=3771"},{"taxonomy":"product_cat","embeddable":true,"href":"https:\/\/koningdrone.be\/fr\/wp-json\/wp\/v2\/product_cat?post=3771"},{"taxonomy":"product_tag","embeddable":true,"href":"https:\/\/koningdrone.be\/fr\/wp-json\/wp\/v2\/product_tag?post=3771"}],"curies":[{"name":"wp","href":"https:\/\/api.w.org\/{rel}","templated":true}]}}