{"id":3767,"date":"2024-03-18T10:43:40","date_gmt":"2024-03-18T09:43:40","guid":{"rendered":"https:\/\/koningdrone.nl\/kon\/product\/dji-high-bright-remote-monitor\/"},"modified":"2026-04-29T04:40:58","modified_gmt":"2026-04-29T02:40:58","slug":"dji-high-bright-remote-monitor","status":"publish","type":"product","link":"https:\/\/koningdrone.be\/fr\/produit\/dji-high-bright-remote-monitor\/","title":{"rendered":"Moniteur de t\u00e9l\u00e9commande DJI \u00e0 haute luminosit\u00e9"},"content":{"rendered":"<p><strong>Introduction au syst\u00e8me de transmission vid\u00e9o O3 Pro<\/strong><\/p>\n<p> Le syst\u00e8me de transmission vid\u00e9o O3 Pro \u00e9tablit une nouvelle norme dans ce domaine gr\u00e2ce \u00e0 sa capacit\u00e9 \u00e0 transmettre des vid\u00e9os 1080p \u00e0 60 images par seconde sur des distances allant jusqu'\u00e0 6 000 m\u00e8tres. Le mode de diffusion unique, qui prend en charge un nombre illimit\u00e9 de r\u00e9cepteurs, offre un confort in\u00e9gal\u00e9 pour la surveillance des \u00e9quipes et am\u00e9liore consid\u00e9rablement l'efficacit\u00e9 du flux de travail.<\/p>\n<p> <strong>Technologie avanc\u00e9e de saut de fr\u00e9quence<\/strong><\/p>\n<p> Dot\u00e9 d'une technologie de saut de fr\u00e9quence automatique \u00e0 trois bandes (2,4 GHz, 5,8 GHz et s\u00e9lection dynamique des fr\u00e9quences (DFS)), le syst\u00e8me O3 Pro excelle \u00e0 minimiser les interf\u00e9rences. Cette technologie garantit que le syst\u00e8me trouve toujours le meilleur canal sans fil, ce qui am\u00e9liore la qualit\u00e9 de la transmission.<\/p>\n<p> <strong>Faible latence gr\u00e2ce \u00e0 la technologie Ronin 4D<\/strong><\/p>\n<p> Tirant parti de la technologie utilis\u00e9e dans le Ronin 4D, y compris la solution de puce, le syst\u00e8me O3 Pro permet d'obtenir une latence ultra-faible dans la transmission vid\u00e9o. Cette caract\u00e9ristique est cruciale pour les professionnels qui d\u00e9pendent d'un retour pr\u00e9cis et en temps r\u00e9el de leurs s\u00e9quences, afin de s'assurer que chaque moment est captur\u00e9 comme pr\u00e9vu.<\/p>\n<p> <strong>Int\u00e9gration du moniteur \u00e0 distance \u00e0 haute luminosit\u00e9 de DJI<\/strong><\/p>\n<p> Le DJI High-Bright Remote Monitor am\u00e9liore le syst\u00e8me O3 Pro en combinant un moniteur et un r\u00e9cepteur en un seul appareil. Cette int\u00e9gration offre non seulement d'excellentes images, mais aussi des options de contr\u00f4le avanc\u00e9es lorsqu'elle est utilis\u00e9e avec des accessoires tels que les poign\u00e9es Ronin 4D ou les DJI Master Wheels. Les op\u00e9rateurs peuvent ainsi contr\u00f4ler divers aspects tels que la mise au point et les fonctions de la cam\u00e9ra, ce qui permet de r\u00e9aliser des prises de vue pr\u00e9cises.<\/p>\n<p> <strong>Rationalisation du flux de travail de montage sur le plateau<\/strong><\/p>\n<p> Ce syst\u00e8me facilite un flux de travail de montage efficace en prenant en charge l'enregistrement direct d'images H.264 1080p\/60fps sur une carte microSD. Cette fonction permet de stocker, de revoir et d'\u00e9diter instantan\u00e9ment le contenu sans n\u00e9cessiter de transfert de donn\u00e9es interm\u00e9diaire, ce qui acc\u00e9l\u00e8re consid\u00e9rablement le processus de production.<\/p>\n<p> <strong>Conclusion<\/strong><\/p>\n<p> Le syst\u00e8me de transmission vid\u00e9o O3 Pro offre un ensemble complet d'outils con\u00e7us pour am\u00e9liorer les capacit\u00e9s de production et de contr\u00f4le vid\u00e9o. Qu'il s'agisse d'un d\u00e9butant acqu\u00e9rant une meilleure compr\u00e9hension ou d'un expert explorant des fonctions d\u00e9taill\u00e9es, ce produit promet d'am\u00e9liorer l'efficacit\u00e9 et la qualit\u00e9 de n'importe quel projet vid\u00e9o.<\/p>","protected":false},"excerpt":{"rendered":"<ul>\n<li>Contient la technologie de transmission vid\u00e9o O3 Pro.<\/li>\n<li> Distance de transmission de 6 000 m\u00e8tres \u00e0 1080p\/60fps.<\/li>\n<li> Mode de diffusion illimit\u00e9e du r\u00e9cepteur pour une surveillance en temps r\u00e9el.<\/li>\n<li> Prend en charge le d\u00e9calage automatique de fr\u00e9quence \u00e0 trois bandes.<\/li>\n<li> Latence de transmission ultra-faible gr\u00e2ce \u00e0 une solution de puce optimis\u00e9e.<\/li>\n<li> Int\u00e8gre le moniteur et le r\u00e9cepteur avec des fonctions d'extension.<\/li>\n<li> Compatible avec Ronin 2, RS 3 Pro, mise au point et fonctions de l'appareil photo.<\/li>\n<li> Enregistrement ind\u00e9pendant 1080p\/60fps H.264 sur microSD.<\/li>\n<\/ul>","protected":false},"featured_media":3764,"template":"","meta":{"_acf_changed":false},"product_brand":[],"product_cat":[651,97,675,733,265,532],"product_tag":[],"class_list":{"0":"post-3767","1":"product","2":"type-product","3":"status-publish","4":"has-post-thumbnail","6":"product_cat-alle-monitoren","7":"product_cat-alle-producten","8":"product_cat-dji-enterprise-drones","9":"product_cat-dji-goggles","10":"product_cat-dji-ronin","11":"product_cat-dji-ronin-4d","12":"product_shipping_class-outofstock","13":"pa_brand-dji","14":"pa_productfamily-monitor","15":"pa_producttype-monitor","17":"first","18":"outofstock","19":"taxable","20":"shipping-taxable","21":"purchasable","22":"product-type-simple"},"acf":[],"yoast_head":"<!-- This site is optimized with the Yoast SEO Premium plugin v27.2 (Yoast SEO v27.2) - https:\/\/yoast.com\/product\/yoast-seo-premium-wordpress\/ -->\n<title>DJI High-Bright Remote Monitor - koningdrone.be<\/title>\n<meta name=\"robots\" content=\"index, follow, max-snippet:-1, max-image-preview:large, max-video-preview:-1\" \/>\n<link rel=\"canonical\" href=\"https:\/\/koningdrone.be\/fr\/produit\/dji-high-bright-remote-monitor\/\" \/>\n<meta property=\"og:locale\" content=\"fr_FR\" \/>\n<meta property=\"og:type\" content=\"article\" \/>\n<meta property=\"og:title\" content=\"DJI High-Bright Remote Monitor\" \/>\n<meta property=\"og:description\" content=\"Bevat O3 Pro-videotransmissietechnologie. Transmissieafstand van 6.000 meter bij 1080p\/60fps. Onbeperkte ontvanger Broadcast-modus voor realtime monitoring. Ondersteunt triple-band automatische frequentieverspringing. Ultralage transmissielatentie met geoptimaliseerde chipoplossing. Integreert monitor en ontvanger met uitbreidingsfuncties. Compatibel met Ronin 2, RS 3 Pro, focus en camerafuncties. Onafhankelijke 1080p\/60fps H.264-opname op microSD.\" \/>\n<meta property=\"og:url\" content=\"https:\/\/koningdrone.be\/fr\/produit\/dji-high-bright-remote-monitor\/\" \/>\n<meta property=\"og:site_name\" content=\"koningdrone.be\" \/>\n<meta property=\"article:modified_time\" content=\"2026-04-29T02:40:58+00:00\" \/>\n<meta property=\"og:image\" content=\"https:\/\/koningdrone.be\/wp-content\/uploads\/sites\/13\/2025\/04\/fe48df5d6d9e83b2a718e61ce665d4e0@ultra.jpg\" \/>\n\t<meta property=\"og:image:width\" content=\"1280\" \/>\n\t<meta property=\"og:image:height\" content=\"1280\" \/>\n\t<meta property=\"og:image:type\" content=\"image\/jpeg\" \/>\n<meta name=\"twitter:card\" content=\"summary_large_image\" \/>\n<meta name=\"twitter:label1\" content=\"Dur\u00e9e de lecture est.\" \/>\n\t<meta name=\"twitter:data1\" content=\"2 minutes\" \/>\n<script type=\"application\/ld+json\" class=\"yoast-schema-graph\">{\"@context\":\"https:\/\/schema.org\",\"@graph\":[{\"@type\":\"WebPage\",\"@id\":\"https:\/\/koningdrone.be\/product\/dji-high-bright-remote-monitor\/\",\"url\":\"https:\/\/koningdrone.be\/product\/dji-high-bright-remote-monitor\/\",\"name\":\"DJI High-Bright Remote Monitor - koningdrone.be\",\"isPartOf\":{\"@id\":\"https:\/\/koningdrone.be\/#website\"},\"primaryImageOfPage\":{\"@id\":\"https:\/\/koningdrone.be\/product\/dji-high-bright-remote-monitor\/#primaryimage\"},\"image\":{\"@id\":\"https:\/\/koningdrone.be\/product\/dji-high-bright-remote-monitor\/#primaryimage\"},\"thumbnailUrl\":\"https:\/\/koningdrone.be\/wp-content\/uploads\/sites\/13\/2025\/04\/fe48df5d6d9e83b2a718e61ce665d4e0@ultra.jpg\",\"datePublished\":\"2024-03-18T09:43:40+00:00\",\"dateModified\":\"2026-04-29T02:40:58+00:00\",\"breadcrumb\":{\"@id\":\"https:\/\/koningdrone.be\/product\/dji-high-bright-remote-monitor\/#breadcrumb\"},\"inLanguage\":\"fr-BE\",\"potentialAction\":[{\"@type\":\"ReadAction\",\"target\":[\"https:\/\/koningdrone.be\/product\/dji-high-bright-remote-monitor\/\"]}]},{\"@type\":\"ImageObject\",\"inLanguage\":\"fr-BE\",\"@id\":\"https:\/\/koningdrone.be\/product\/dji-high-bright-remote-monitor\/#primaryimage\",\"url\":\"https:\/\/koningdrone.be\/wp-content\/uploads\/sites\/13\/2025\/04\/fe48df5d6d9e83b2a718e61ce665d4e0@ultra.jpg\",\"contentUrl\":\"https:\/\/koningdrone.be\/wp-content\/uploads\/sites\/13\/2025\/04\/fe48df5d6d9e83b2a718e61ce665d4e0@ultra.jpg\",\"width\":1280,\"height\":1280},{\"@type\":\"BreadcrumbList\",\"@id\":\"https:\/\/koningdrone.be\/product\/dji-high-bright-remote-monitor\/#breadcrumb\",\"itemListElement\":[{\"@type\":\"ListItem\",\"position\":1,\"name\":\"Home\",\"item\":\"https:\/\/koningdrone.be\/\"},{\"@type\":\"ListItem\",\"position\":2,\"name\":\"AVSS Parachute Recovery System for DJI Matrice 300\/350\",\"item\":\"https:\/\/koningdrone.be\/product\/avss-parachute-recovery-system-for-dji-matrice-300-350\/\"},{\"@type\":\"ListItem\",\"position\":3,\"name\":\"Alle monitoren\",\"item\":\"https:\/\/koningdrone.be\/categorie\/alle-monitoren\/\"},{\"@type\":\"ListItem\",\"position\":4,\"name\":\"DJI High-Bright Remote Monitor\"}]},{\"@type\":\"WebSite\",\"@id\":\"https:\/\/koningdrone.be\/#website\",\"url\":\"https:\/\/koningdrone.be\/\",\"name\":\"Koningdrone.be - Uw online specialist in drones, gimbals, camera's en power stations.\",\"description\":\"De webshop in drones en gimbals\",\"publisher\":{\"@id\":\"https:\/\/koningdrone.be\/#organization\"},\"potentialAction\":[{\"@type\":\"SearchAction\",\"target\":{\"@type\":\"EntryPoint\",\"urlTemplate\":\"https:\/\/koningdrone.be\/?s={search_term_string}\"},\"query-input\":{\"@type\":\"PropertyValueSpecification\",\"valueRequired\":true,\"valueName\":\"search_term_string\"}}],\"inLanguage\":\"fr-BE\"},{\"@type\":\"Organization\",\"@id\":\"https:\/\/koningdrone.be\/#organization\",\"name\":\"Koningdrone.be\",\"url\":\"https:\/\/koningdrone.be\/\",\"logo\":{\"@type\":\"ImageObject\",\"inLanguage\":\"fr-BE\",\"@id\":\"https:\/\/koningdrone.be\/#\/schema\/logo\/image\/\",\"url\":\"https:\/\/koningdrone.be\/wp-content\/uploads\/sites\/13\/2025\/04\/koningdrone-copyright-logo.svg\",\"contentUrl\":\"https:\/\/koningdrone.be\/wp-content\/uploads\/sites\/13\/2025\/04\/koningdrone-copyright-logo.svg\",\"width\":227,\"height\":38,\"caption\":\"Koningdrone.be\"},\"image\":{\"@id\":\"https:\/\/koningdrone.be\/#\/schema\/logo\/image\/\"}}]}<\/script>\n<!-- \/ Yoast SEO Premium plugin. -->","yoast_head_json":{"title":"DJI High-Bright Remote Monitor - koningdrone.be","robots":{"index":"index","follow":"follow","max-snippet":"max-snippet:-1","max-image-preview":"max-image-preview:large","max-video-preview":"max-video-preview:-1"},"canonical":"https:\/\/koningdrone.be\/fr\/produit\/dji-high-bright-remote-monitor\/","og_locale":"fr_FR","og_type":"article","og_title":"DJI High-Bright Remote Monitor","og_description":"Bevat O3 Pro-videotransmissietechnologie. Transmissieafstand van 6.000 meter bij 1080p\/60fps. Onbeperkte ontvanger Broadcast-modus voor realtime monitoring. Ondersteunt triple-band automatische frequentieverspringing. Ultralage transmissielatentie met geoptimaliseerde chipoplossing. Integreert monitor en ontvanger met uitbreidingsfuncties. Compatibel met Ronin 2, RS 3 Pro, focus en camerafuncties. Onafhankelijke 1080p\/60fps H.264-opname op microSD.","og_url":"https:\/\/koningdrone.be\/fr\/produit\/dji-high-bright-remote-monitor\/","og_site_name":"koningdrone.be","article_modified_time":"2026-04-29T02:40:58+00:00","og_image":[{"width":1280,"height":1280,"url":"https:\/\/koningdrone.be\/wp-content\/uploads\/sites\/13\/2025\/04\/fe48df5d6d9e83b2a718e61ce665d4e0@ultra.jpg","type":"image\/jpeg"}],"twitter_card":"summary_large_image","twitter_misc":{"Dur\u00e9e de lecture est.":"2 minutes"},"schema":{"@context":"https:\/\/schema.org","@graph":[{"@type":"WebPage","@id":"https:\/\/koningdrone.be\/product\/dji-high-bright-remote-monitor\/","url":"https:\/\/koningdrone.be\/product\/dji-high-bright-remote-monitor\/","name":"DJI High-Bright Remote Monitor - koningdrone.be","isPartOf":{"@id":"https:\/\/koningdrone.be\/#website"},"primaryImageOfPage":{"@id":"https:\/\/koningdrone.be\/product\/dji-high-bright-remote-monitor\/#primaryimage"},"image":{"@id":"https:\/\/koningdrone.be\/product\/dji-high-bright-remote-monitor\/#primaryimage"},"thumbnailUrl":"https:\/\/koningdrone.be\/wp-content\/uploads\/sites\/13\/2025\/04\/fe48df5d6d9e83b2a718e61ce665d4e0@ultra.jpg","datePublished":"2024-03-18T09:43:40+00:00","dateModified":"2026-04-29T02:40:58+00:00","breadcrumb":{"@id":"https:\/\/koningdrone.be\/product\/dji-high-bright-remote-monitor\/#breadcrumb"},"inLanguage":"fr-BE","potentialAction":[{"@type":"ReadAction","target":["https:\/\/koningdrone.be\/product\/dji-high-bright-remote-monitor\/"]}]},{"@type":"ImageObject","inLanguage":"fr-BE","@id":"https:\/\/koningdrone.be\/product\/dji-high-bright-remote-monitor\/#primaryimage","url":"https:\/\/koningdrone.be\/wp-content\/uploads\/sites\/13\/2025\/04\/fe48df5d6d9e83b2a718e61ce665d4e0@ultra.jpg","contentUrl":"https:\/\/koningdrone.be\/wp-content\/uploads\/sites\/13\/2025\/04\/fe48df5d6d9e83b2a718e61ce665d4e0@ultra.jpg","width":1280,"height":1280},{"@type":"BreadcrumbList","@id":"https:\/\/koningdrone.be\/product\/dji-high-bright-remote-monitor\/#breadcrumb","itemListElement":[{"@type":"ListItem","position":1,"name":"Home","item":"https:\/\/koningdrone.be\/"},{"@type":"ListItem","position":2,"name":"AVSS Parachute Recovery System for DJI Matrice 300\/350","item":"https:\/\/koningdrone.be\/product\/avss-parachute-recovery-system-for-dji-matrice-300-350\/"},{"@type":"ListItem","position":3,"name":"Alle monitoren","item":"https:\/\/koningdrone.be\/categorie\/alle-monitoren\/"},{"@type":"ListItem","position":4,"name":"DJI High-Bright Remote Monitor"}]},{"@type":"WebSite","@id":"https:\/\/koningdrone.be\/#website","url":"https:\/\/koningdrone.be\/","name":"Koningdrone.be - Votre sp\u00e9cialiste en ligne en mati\u00e8re de drones, de cardans, de cam\u00e9ras et de centrales \u00e9lectriques.","description":"La boutique en ligne de drones et de cardans","publisher":{"@id":"https:\/\/koningdrone.be\/#organization"},"potentialAction":[{"@type":"SearchAction","target":{"@type":"EntryPoint","urlTemplate":"https:\/\/koningdrone.be\/?s={search_term_string}"},"query-input":{"@type":"PropertyValueSpecification","valueRequired":true,"valueName":"search_term_string"}}],"inLanguage":"fr-BE"},{"@type":"Organization","@id":"https:\/\/koningdrone.be\/#organization","name":"Kingdrone.co.uk","url":"https:\/\/koningdrone.be\/","logo":{"@type":"ImageObject","inLanguage":"fr-BE","@id":"https:\/\/koningdrone.be\/#\/schema\/logo\/image\/","url":"https:\/\/koningdrone.be\/wp-content\/uploads\/sites\/13\/2025\/04\/koningdrone-copyright-logo.svg","contentUrl":"https:\/\/koningdrone.be\/wp-content\/uploads\/sites\/13\/2025\/04\/koningdrone-copyright-logo.svg","width":227,"height":38,"caption":"Koningdrone.be"},"image":{"@id":"https:\/\/koningdrone.be\/#\/schema\/logo\/image\/"}}]}},"df_price":1201,"df_sale_price":"","df_regular_price":1201,"df_image_link":"https:\/\/koningdrone.be\/wp-content\/uploads\/sites\/13\/2025\/04\/fe48df5d6d9e83b2a718e61ce665d4e0@ultra-300x300.jpg","_links":{"self":[{"href":"https:\/\/koningdrone.be\/fr\/wp-json\/wp\/v2\/product\/3767","targetHints":{"allow":["GET"]}}],"collection":[{"href":"https:\/\/koningdrone.be\/fr\/wp-json\/wp\/v2\/product"}],"about":[{"href":"https:\/\/koningdrone.be\/fr\/wp-json\/wp\/v2\/types\/product"}],"wp:featuredmedia":[{"embeddable":true,"href":"https:\/\/koningdrone.be\/fr\/wp-json\/wp\/v2\/media\/3764"}],"wp:attachment":[{"href":"https:\/\/koningdrone.be\/fr\/wp-json\/wp\/v2\/media?parent=3767"}],"wp:term":[{"taxonomy":"product_brand","embeddable":true,"href":"https:\/\/koningdrone.be\/fr\/wp-json\/wp\/v2\/product_brand?post=3767"},{"taxonomy":"product_cat","embeddable":true,"href":"https:\/\/koningdrone.be\/fr\/wp-json\/wp\/v2\/product_cat?post=3767"},{"taxonomy":"product_tag","embeddable":true,"href":"https:\/\/koningdrone.be\/fr\/wp-json\/wp\/v2\/product_tag?post=3767"}],"curies":[{"name":"wp","href":"https:\/\/api.w.org\/{rel}","templated":true}]}}