{"id":3751,"date":"2024-04-15T11:17:55","date_gmt":"2024-04-15T09:17:55","guid":{"rendered":"https:\/\/koningdrone.nl\/kon\/product\/dji-goggles-3\/"},"modified":"2026-04-29T04:30:09","modified_gmt":"2026-04-29T02:30:09","slug":"dji-goggles-3","status":"publish","type":"product","link":"https:\/\/koningdrone.be\/fr\/produit\/dji-goggles-3\/","title":{"rendered":"DJI Goggles 3"},"content":{"rendered":"<p><strong>Aper\u00e7u du produit<\/strong><\/p>\n<p> Am\u00e9liorez votre exp\u00e9rience de vol<\/p>\n<p>  <strong>Options de contr\u00f4le am\u00e9lior\u00e9es<\/strong><\/p>\n<p> Am\u00e9liorez votre exp\u00e9rience de vol avec nos derniers drones. Choisissez le DJI RC Motion 3 pour une exp\u00e9rience immersive de contr\u00f4le des mouvements, ou optez pour les t\u00e9l\u00e9commandes RC-N2 ou RC 2, id\u00e9ales pour man\u0153uvrer un drone cam\u00e9ra cardanique \u00e0 3 axes. Profitez de flux en direct tr\u00e8s fluides pour une exp\u00e9rience de vol \u00e0 la premi\u00e8re personne (FPV) vraiment immersive.<\/p>\n<p>  <strong>Transmission vid\u00e9o avanc\u00e9e<\/strong><\/p>\n<p> L'Avata 2 est \u00e9quip\u00e9 du syst\u00e8me de transmission vid\u00e9o O4, qui offre une latence ultra-faible (24 ms) et un d\u00e9bit \u00e9lev\u00e9 (60 Mbps). \u00c9galement compatible avec les drones Air 3 et Mini 4 Pro, cette technologie permet d'obtenir des images \u00e0 la premi\u00e8re personne d'une grande clart\u00e9 et d'une grande fluidit\u00e9, qui donnent vie \u00e0 vos vols.<\/p>\n<p>  <strong>S\u00e9curit\u00e9 accrue avec Real View PiP<\/strong><\/p>\n<p> Restez conscient de l'environnement sans enlever vos lunettes, gr\u00e2ce au mode Real View Picture-in-Picture (PiP). Cette fonction am\u00e9liore la s\u00e9curit\u00e9 des vols en vous permettant d'observer facilement votre environnement.<\/p>\n<p>  <strong>Une exp\u00e9rience visuelle optimis\u00e9e<\/strong><\/p>\n<p> B\u00e9n\u00e9ficiez d'images \u00e9poustouflantes gr\u00e2ce \u00e0 un \u00e9cran Micro-OLED 1080p avec un taux de rafra\u00eechissement allant jusqu'\u00e0 100 Hz. Cet \u00e9cran est \u00e9galement certifi\u00e9 par T\u00fcV Rheinland pour une faible exposition \u00e0 la lumi\u00e8re bleue, ce qui le rend plus confortable pour vos yeux. De plus, les lunettes offrent une large gamme d'ajustements de la vision allant de -6,0 D \u00e0 +2,0 D, convenant aussi bien aux myopes qu'aux hyperm\u00e9tropes.<\/p>\n<p>  <strong>Confort int\u00e9gr\u00e9<\/strong><\/p>\n<p> La batterie int\u00e9gr\u00e9e et la conception du bandeau offrent un port l\u00e9ger et confortable, sans les inconv\u00e9nients des c\u00e2bles emm\u00eal\u00e9s, avec jusqu'\u00e0 3 heures d'utilisation. De plus, la fonction de d\u00e9sembuage par simple pression garantit une vision claire en cas de changements de temp\u00e9rature soudains ou de conditions humides.<\/p>\n<p>  <strong>Diffusion en continu et lecture interactive<\/strong><\/p>\n<p> Diffusez sans fil votre vol en temps r\u00e9el \u00e0 l'aide de l'application DJI Fly sur votre smartphone via une connexion Wi-Fi. De plus, vous pouvez charger des vid\u00e9os panoramiques et 3D sur une carte SD et les lire via les Goggles 3 pour une exp\u00e9rience de visionnage attrayante et r\u00e9aliste.<\/p>","protected":false},"excerpt":{"rendered":"<ul>\n<li>Contr\u00f4le de mouvement totalement immersif avec DJI RC Motion 3.<\/li>\n<li> Des images en direct fluides gr\u00e2ce \u00e0 un drone-cam\u00e9ra cardanique \u00e0 3 axes.<\/li>\n<li> Transmission vid\u00e9o O4 avec une latence ultra-faible de 24 ms.<\/li>\n<li> Compatible avec les drones Air 3 et Mini 4 Pro.<\/li>\n<li> FPV d'une clart\u00e9 cristalline avec un d\u00e9bit binaire \u00e9lev\u00e9 de 60 Mbps.<\/li>\n<li> Real View PiP am\u00e9liore la s\u00e9curit\u00e9 des vols.<\/li>\n<li> \u00c9cran Micro-OLED 1080p durable, taux de rafra\u00eechissement jusqu'\u00e0 100 Hz.<\/li>\n<li> Certification T\u00fcV Rheinland Low Blue Light.<\/li>\n<li> Les r\u00e9glages dioptriques vont de -6,0 D \u00e0 +2,0 D.<\/li>\n<li> Batterie int\u00e9gr\u00e9e et bandeau con\u00e7u pour 3 heures d'utilisation.<\/li>\n<li> D\u00e9sembuage par simple pression pour une vision claire dans des conditions changeantes.<\/li>\n<li> Diffusion sans fil des vols via l'application DJI Fly.<\/li>\n<li> Prise en charge de la lecture de vid\u00e9os panoramiques et 3D sur carte SD.<\/li>\n<\/ul>","protected":false},"featured_media":3748,"template":"","meta":{"_acf_changed":false},"product_brand":[],"product_cat":[122,731,97,732,263,733,137,138,334],"product_tag":[],"class_list":{"0":"post-3751","1":"product","2":"type-product","3":"status-publish","4":"has-post-thumbnail","6":"product_cat-alle-afstandsbedieningen","7":"product_cat-alle-goggles","8":"product_cat-alle-producten","9":"product_cat-dji-air-3","10":"product_cat-dji-avata-2","11":"product_cat-dji-goggles","12":"product_cat-dji-mavic-3","13":"product_cat-dji-mavic-3-pro","14":"product_cat-dji-mini-4-pro","15":"product_shipping_class-dronelandall","16":"pa_brand-dji","17":"pa_productfamily-goggles","18":"pa_producttype-goggles","20":"first","21":"instock","22":"taxable","23":"shipping-taxable","24":"purchasable","25":"product-type-simple"},"acf":[],"yoast_head":"<!-- This site is optimized with the Yoast SEO Premium plugin v27.2 (Yoast SEO v27.2) - https:\/\/yoast.com\/product\/yoast-seo-premium-wordpress\/ -->\n<title>DJI Goggles 3 - koningdrone.be<\/title>\n<meta name=\"robots\" content=\"index, follow, max-snippet:-1, max-image-preview:large, max-video-preview:-1\" \/>\n<link rel=\"canonical\" href=\"https:\/\/koningdrone.be\/fr\/produit\/dji-goggles-3\/\" \/>\n<meta property=\"og:locale\" content=\"fr_FR\" \/>\n<meta property=\"og:type\" content=\"article\" \/>\n<meta property=\"og:title\" content=\"DJI Goggles 3\" \/>\n<meta property=\"og:description\" content=\"Volledig meeslepende motion control met DJI RC Motion 3. Vloeiende livefeeds met een 3-assige cardanische cameradrone. O4-videotransmissie met ultralage latentie van 24 ms. Compatibel met Air 3- en Mini 4 Pro-drones. Kristalheldere FPV met 60 Mbps hoge bitsnelheid. Real View PiP verbetert de vliegveiligheid. Duurzaam 1080p Micro-OLED-scherm, vernieuwingsfrequentie tot 100 Hz. T\u00fcV Rheinland Low Blue Light-certificering. Dioptrieaanpassingen vari\u00ebren van -6,0 D tot +2,0 D. Ge\u00efntegreerd batterij- en hoofdbandontwerp voor 3 uur gebruik. Ontwasemen met \u00e9\u00e9n tik voor helder zicht onder veranderende omstandigheden. Draadloos streamen van vluchten via DJI Fly app. Ondersteunt panoramische en 3D-videoweergave op SD-kaart.\" \/>\n<meta property=\"og:url\" content=\"https:\/\/koningdrone.be\/fr\/produit\/dji-goggles-3\/\" \/>\n<meta property=\"og:site_name\" content=\"koningdrone.be\" \/>\n<meta property=\"article:modified_time\" content=\"2026-04-29T02:30:09+00:00\" \/>\n<meta property=\"og:image\" content=\"https:\/\/koningdrone.be\/wp-content\/uploads\/sites\/13\/2025\/04\/11f1b9a6818784862f637375f0767dff@large.jpg\" \/>\n\t<meta property=\"og:image:width\" content=\"1200\" \/>\n\t<meta property=\"og:image:height\" content=\"800\" \/>\n\t<meta property=\"og:image:type\" content=\"image\/jpeg\" \/>\n<meta name=\"twitter:card\" content=\"summary_large_image\" \/>\n<meta name=\"twitter:label1\" content=\"Dur\u00e9e de lecture est.\" \/>\n\t<meta name=\"twitter:data1\" content=\"1 minute\" \/>\n<script type=\"application\/ld+json\" class=\"yoast-schema-graph\">{\"@context\":\"https:\/\/schema.org\",\"@graph\":[{\"@type\":\"WebPage\",\"@id\":\"https:\/\/koningdrone.be\/product\/dji-goggles-3\/\",\"url\":\"https:\/\/koningdrone.be\/product\/dji-goggles-3\/\",\"name\":\"DJI Goggles 3 - koningdrone.be\",\"isPartOf\":{\"@id\":\"https:\/\/koningdrone.be\/#website\"},\"primaryImageOfPage\":{\"@id\":\"https:\/\/koningdrone.be\/product\/dji-goggles-3\/#primaryimage\"},\"image\":{\"@id\":\"https:\/\/koningdrone.be\/product\/dji-goggles-3\/#primaryimage\"},\"thumbnailUrl\":\"https:\/\/koningdrone.be\/wp-content\/uploads\/sites\/13\/2025\/04\/11f1b9a6818784862f637375f0767dff@large.jpg\",\"datePublished\":\"2024-04-15T09:17:55+00:00\",\"dateModified\":\"2026-04-29T02:30:09+00:00\",\"breadcrumb\":{\"@id\":\"https:\/\/koningdrone.be\/product\/dji-goggles-3\/#breadcrumb\"},\"inLanguage\":\"fr-BE\",\"potentialAction\":[{\"@type\":\"ReadAction\",\"target\":[\"https:\/\/koningdrone.be\/product\/dji-goggles-3\/\"]}]},{\"@type\":\"ImageObject\",\"inLanguage\":\"fr-BE\",\"@id\":\"https:\/\/koningdrone.be\/product\/dji-goggles-3\/#primaryimage\",\"url\":\"https:\/\/koningdrone.be\/wp-content\/uploads\/sites\/13\/2025\/04\/11f1b9a6818784862f637375f0767dff@large.jpg\",\"contentUrl\":\"https:\/\/koningdrone.be\/wp-content\/uploads\/sites\/13\/2025\/04\/11f1b9a6818784862f637375f0767dff@large.jpg\",\"width\":1200,\"height\":800},{\"@type\":\"BreadcrumbList\",\"@id\":\"https:\/\/koningdrone.be\/product\/dji-goggles-3\/#breadcrumb\",\"itemListElement\":[{\"@type\":\"ListItem\",\"position\":1,\"name\":\"Home\",\"item\":\"https:\/\/koningdrone.be\/\"},{\"@type\":\"ListItem\",\"position\":2,\"name\":\"AVSS Parachute Recovery System for DJI Matrice 300\/350\",\"item\":\"https:\/\/koningdrone.be\/product\/avss-parachute-recovery-system-for-dji-matrice-300-350\/\"},{\"@type\":\"ListItem\",\"position\":3,\"name\":\"Alle afstandsbedieningen\",\"item\":\"https:\/\/koningdrone.be\/categorie\/alle-afstandsbedieningen\/\"},{\"@type\":\"ListItem\",\"position\":4,\"name\":\"DJI Goggles 3\"}]},{\"@type\":\"WebSite\",\"@id\":\"https:\/\/koningdrone.be\/#website\",\"url\":\"https:\/\/koningdrone.be\/\",\"name\":\"Koningdrone.be - Uw online specialist in drones, gimbals, camera's en power stations.\",\"description\":\"De webshop in drones en gimbals\",\"publisher\":{\"@id\":\"https:\/\/koningdrone.be\/#organization\"},\"potentialAction\":[{\"@type\":\"SearchAction\",\"target\":{\"@type\":\"EntryPoint\",\"urlTemplate\":\"https:\/\/koningdrone.be\/?s={search_term_string}\"},\"query-input\":{\"@type\":\"PropertyValueSpecification\",\"valueRequired\":true,\"valueName\":\"search_term_string\"}}],\"inLanguage\":\"fr-BE\"},{\"@type\":\"Organization\",\"@id\":\"https:\/\/koningdrone.be\/#organization\",\"name\":\"Koningdrone.be\",\"url\":\"https:\/\/koningdrone.be\/\",\"logo\":{\"@type\":\"ImageObject\",\"inLanguage\":\"fr-BE\",\"@id\":\"https:\/\/koningdrone.be\/#\/schema\/logo\/image\/\",\"url\":\"https:\/\/koningdrone.be\/wp-content\/uploads\/sites\/13\/2025\/04\/koningdrone-copyright-logo.svg\",\"contentUrl\":\"https:\/\/koningdrone.be\/wp-content\/uploads\/sites\/13\/2025\/04\/koningdrone-copyright-logo.svg\",\"width\":227,\"height\":38,\"caption\":\"Koningdrone.be\"},\"image\":{\"@id\":\"https:\/\/koningdrone.be\/#\/schema\/logo\/image\/\"}}]}<\/script>\n<!-- \/ Yoast SEO Premium plugin. -->","yoast_head_json":{"title":"DJI Goggles 3 - koningdrone.be","robots":{"index":"index","follow":"follow","max-snippet":"max-snippet:-1","max-image-preview":"max-image-preview:large","max-video-preview":"max-video-preview:-1"},"canonical":"https:\/\/koningdrone.be\/fr\/produit\/dji-goggles-3\/","og_locale":"fr_FR","og_type":"article","og_title":"DJI Goggles 3","og_description":"Volledig meeslepende motion control met DJI RC Motion 3. Vloeiende livefeeds met een 3-assige cardanische cameradrone. O4-videotransmissie met ultralage latentie van 24 ms. Compatibel met Air 3- en Mini 4 Pro-drones. Kristalheldere FPV met 60 Mbps hoge bitsnelheid. Real View PiP verbetert de vliegveiligheid. Duurzaam 1080p Micro-OLED-scherm, vernieuwingsfrequentie tot 100 Hz. T\u00fcV Rheinland Low Blue Light-certificering. Dioptrieaanpassingen vari\u00ebren van -6,0 D tot +2,0 D. Ge\u00efntegreerd batterij- en hoofdbandontwerp voor 3 uur gebruik. Ontwasemen met \u00e9\u00e9n tik voor helder zicht onder veranderende omstandigheden. Draadloos streamen van vluchten via DJI Fly app. Ondersteunt panoramische en 3D-videoweergave op SD-kaart.","og_url":"https:\/\/koningdrone.be\/fr\/produit\/dji-goggles-3\/","og_site_name":"koningdrone.be","article_modified_time":"2026-04-29T02:30:09+00:00","og_image":[{"width":1200,"height":800,"url":"https:\/\/koningdrone.be\/wp-content\/uploads\/sites\/13\/2025\/04\/11f1b9a6818784862f637375f0767dff@large.jpg","type":"image\/jpeg"}],"twitter_card":"summary_large_image","twitter_misc":{"Dur\u00e9e de lecture est.":"1 minute"},"schema":{"@context":"https:\/\/schema.org","@graph":[{"@type":"WebPage","@id":"https:\/\/koningdrone.be\/product\/dji-goggles-3\/","url":"https:\/\/koningdrone.be\/product\/dji-goggles-3\/","name":"DJI Goggles 3 - koningdrone.be","isPartOf":{"@id":"https:\/\/koningdrone.be\/#website"},"primaryImageOfPage":{"@id":"https:\/\/koningdrone.be\/product\/dji-goggles-3\/#primaryimage"},"image":{"@id":"https:\/\/koningdrone.be\/product\/dji-goggles-3\/#primaryimage"},"thumbnailUrl":"https:\/\/koningdrone.be\/wp-content\/uploads\/sites\/13\/2025\/04\/11f1b9a6818784862f637375f0767dff@large.jpg","datePublished":"2024-04-15T09:17:55+00:00","dateModified":"2026-04-29T02:30:09+00:00","breadcrumb":{"@id":"https:\/\/koningdrone.be\/product\/dji-goggles-3\/#breadcrumb"},"inLanguage":"fr-BE","potentialAction":[{"@type":"ReadAction","target":["https:\/\/koningdrone.be\/product\/dji-goggles-3\/"]}]},{"@type":"ImageObject","inLanguage":"fr-BE","@id":"https:\/\/koningdrone.be\/product\/dji-goggles-3\/#primaryimage","url":"https:\/\/koningdrone.be\/wp-content\/uploads\/sites\/13\/2025\/04\/11f1b9a6818784862f637375f0767dff@large.jpg","contentUrl":"https:\/\/koningdrone.be\/wp-content\/uploads\/sites\/13\/2025\/04\/11f1b9a6818784862f637375f0767dff@large.jpg","width":1200,"height":800},{"@type":"BreadcrumbList","@id":"https:\/\/koningdrone.be\/product\/dji-goggles-3\/#breadcrumb","itemListElement":[{"@type":"ListItem","position":1,"name":"Home","item":"https:\/\/koningdrone.be\/"},{"@type":"ListItem","position":2,"name":"AVSS Parachute Recovery System for DJI Matrice 300\/350","item":"https:\/\/koningdrone.be\/product\/avss-parachute-recovery-system-for-dji-matrice-300-350\/"},{"@type":"ListItem","position":3,"name":"Alle afstandsbedieningen","item":"https:\/\/koningdrone.be\/categorie\/alle-afstandsbedieningen\/"},{"@type":"ListItem","position":4,"name":"DJI Goggles 3"}]},{"@type":"WebSite","@id":"https:\/\/koningdrone.be\/#website","url":"https:\/\/koningdrone.be\/","name":"Koningdrone.be - Votre sp\u00e9cialiste en ligne en mati\u00e8re de drones, de cardans, de cam\u00e9ras et de centrales \u00e9lectriques.","description":"La boutique en ligne de drones et de cardans","publisher":{"@id":"https:\/\/koningdrone.be\/#organization"},"potentialAction":[{"@type":"SearchAction","target":{"@type":"EntryPoint","urlTemplate":"https:\/\/koningdrone.be\/?s={search_term_string}"},"query-input":{"@type":"PropertyValueSpecification","valueRequired":true,"valueName":"search_term_string"}}],"inLanguage":"fr-BE"},{"@type":"Organization","@id":"https:\/\/koningdrone.be\/#organization","name":"Kingdrone.co.uk","url":"https:\/\/koningdrone.be\/","logo":{"@type":"ImageObject","inLanguage":"fr-BE","@id":"https:\/\/koningdrone.be\/#\/schema\/logo\/image\/","url":"https:\/\/koningdrone.be\/wp-content\/uploads\/sites\/13\/2025\/04\/koningdrone-copyright-logo.svg","contentUrl":"https:\/\/koningdrone.be\/wp-content\/uploads\/sites\/13\/2025\/04\/koningdrone-copyright-logo.svg","width":227,"height":38,"caption":"Koningdrone.be"},"image":{"@id":"https:\/\/koningdrone.be\/#\/schema\/logo\/image\/"}}]}},"df_price":669,"df_sale_price":"","df_regular_price":669,"df_image_link":"https:\/\/koningdrone.be\/wp-content\/uploads\/sites\/13\/2025\/04\/11f1b9a6818784862f637375f0767dff@large-300x200.jpg","_links":{"self":[{"href":"https:\/\/koningdrone.be\/fr\/wp-json\/wp\/v2\/product\/3751","targetHints":{"allow":["GET"]}}],"collection":[{"href":"https:\/\/koningdrone.be\/fr\/wp-json\/wp\/v2\/product"}],"about":[{"href":"https:\/\/koningdrone.be\/fr\/wp-json\/wp\/v2\/types\/product"}],"wp:featuredmedia":[{"embeddable":true,"href":"https:\/\/koningdrone.be\/fr\/wp-json\/wp\/v2\/media\/3748"}],"wp:attachment":[{"href":"https:\/\/koningdrone.be\/fr\/wp-json\/wp\/v2\/media?parent=3751"}],"wp:term":[{"taxonomy":"product_brand","embeddable":true,"href":"https:\/\/koningdrone.be\/fr\/wp-json\/wp\/v2\/product_brand?post=3751"},{"taxonomy":"product_cat","embeddable":true,"href":"https:\/\/koningdrone.be\/fr\/wp-json\/wp\/v2\/product_cat?post=3751"},{"taxonomy":"product_tag","embeddable":true,"href":"https:\/\/koningdrone.be\/fr\/wp-json\/wp\/v2\/product_tag?post=3751"}],"curies":[{"name":"wp","href":"https:\/\/api.w.org\/{rel}","templated":true}]}}