{"id":3747,"date":"2024-04-15T11:17:55","date_gmt":"2024-04-15T09:17:55","guid":{"rendered":"https:\/\/koningdrone.nl\/kon\/product\/dji-rc-motion-3\/"},"modified":"2026-04-29T15:20:17","modified_gmt":"2026-04-29T13:20:17","slug":"dji-rc-motion-3","status":"publish","type":"product","link":"https:\/\/koningdrone.be\/fr\/produit\/dji-rc-motion-3\/","title":{"rendered":"DJI RC Motion 3"},"content":{"rendered":"<p><strong>Contr\u00f4le immersif des mouvements<\/strong><\/p>\n<p> D\u00e9couvrez un nouveau niveau d'interaction avec le drone gr\u00e2ce au DJI Goggles 3. Lorsqu'il est coupl\u00e9, le drone refl\u00e8te les mouvements de votre poignet, ce qui permet un contr\u00f4le de vol intuitif et pr\u00e9cis : il vous suffit de pointer votre main l\u00e0 o\u00f9 vous voulez que le drone aille. Ce contr\u00f4le transparent est soutenu par les fortes capacit\u00e9s anti-interf\u00e9rences du DJI RC Motion 3, garantissant des trajectoires de vol fluides et pr\u00e9cises.<\/p>\n<p>  <strong>Op\u00e9ration rapide avec le curseur AR<\/strong><\/p>\n<p> Lorsqu'elle est utilis\u00e9e avec les DJI Goggles 3, la RC Motion 3 vous permet de contr\u00f4ler un curseur virtuel dans un environnement de r\u00e9alit\u00e9 augment\u00e9e (AR) sur l'\u00e9cran des lunettes. Cette fonctionnalit\u00e9 rend la navigation dans les menus, l'activation des fonctions et le r\u00e9glage des param\u00e8tres de la cam\u00e9ra plus faciles et plus intuitifs que jamais.<\/p>\n<p>  <strong>Compact et portable, riche en fonctionnalit\u00e9s<\/strong><\/p>\n<p> Le DJI RC Motion 3 est non seulement l\u00e9ger et facile \u00e0 transporter, mais il pr\u00e9sente \u00e9galement un design convivial qui tient confortablement dans la main. Sa taille compacte comprend des boutons strat\u00e9giquement plac\u00e9s qui vous permettent de g\u00e9rer sans effort le d\u00e9marrage, l'arr\u00eat et les commutateurs de mode avec de simples mouvements du doigt. Cette conception vous permet de profiter des nombreuses fonctionnalit\u00e9s de votre drone sans avoir \u00e0 vous soucier de la taille ou de la complexit\u00e9 des contr\u00f4leurs plus volumineux.<\/p>","protected":false},"excerpt":{"rendered":"<ul>\n<li>Contr\u00f4le des mouvements avec les mouvements du poignet lorsqu'il est utilis\u00e9 avec les DJI Goggles 3.<\/li>\n<li> Fonction anti-interf\u00e9rence robuste pour un fonctionnement pr\u00e9cis.<\/li>\n<li> Navigation rapide avec le curseur AR via les DJI Goggles 3.<\/li>\n<li> Utilisation intuitive des fonctions et des r\u00e9glages de l'appareil photo.<\/li>\n<li> Conception compacte et portable avec une prise en main confortable.<\/li>\n<li> Commande simple par un seul bouton : d\u00e9collage, arr\u00eat et commutation de mode.<\/li>\n<\/ul>","protected":false},"featured_media":3744,"template":"","meta":{"_acf_changed":false},"product_brand":[],"product_cat":[122,97,263],"product_tag":[],"class_list":{"0":"post-3747","1":"product","2":"type-product","3":"status-publish","4":"has-post-thumbnail","6":"product_cat-alle-afstandsbedieningen","7":"product_cat-alle-producten","8":"product_cat-dji-avata-2","9":"product_shipping_class-outofstock","10":"pa_brand-dji","11":"pa_productfamily-afstandsbediening","12":"pa_producttype-afstandsbediening","14":"first","15":"outofstock","16":"taxable","17":"shipping-taxable","18":"purchasable","19":"product-type-simple"},"acf":[],"yoast_head":"<!-- This site is optimized with the Yoast SEO Premium plugin v27.2 (Yoast SEO v27.2) - https:\/\/yoast.com\/product\/yoast-seo-premium-wordpress\/ -->\n<title>DJI RC Motion 3 - koningdrone.be<\/title>\n<meta name=\"robots\" content=\"index, follow, max-snippet:-1, max-image-preview:large, max-video-preview:-1\" \/>\n<link rel=\"canonical\" href=\"https:\/\/koningdrone.be\/fr\/produit\/dji-rc-motion-3\/\" \/>\n<meta property=\"og:locale\" content=\"fr_FR\" \/>\n<meta property=\"og:type\" content=\"article\" \/>\n<meta property=\"og:title\" content=\"DJI RC Motion 3\" \/>\n<meta property=\"og:description\" content=\"Bewegingsbediening met polsbewegingen bij gebruik met DJI Goggles 3. Robuuste anti-interferentiefunctie voor nauwkeurige bediening. Snelle navigatie met AR-cursor via DJI Goggles 3. Intu\u00eftieve bediening van functies en camera-instellingen. Compact, draagbaar ontwerp met comfortabele grip. Eenvoudige bediening met \u00e9\u00e9n druk op de knop: opstijgen, stoppen en modusschakelaars.\" \/>\n<meta property=\"og:url\" content=\"https:\/\/koningdrone.be\/fr\/produit\/dji-rc-motion-3\/\" \/>\n<meta property=\"og:site_name\" content=\"koningdrone.be\" \/>\n<meta property=\"article:modified_time\" content=\"2026-04-29T13:20:17+00:00\" \/>\n<meta property=\"og:image\" content=\"https:\/\/koningdrone.be\/wp-content\/uploads\/sites\/13\/2025\/04\/7c03f270337f072cd8297ef0934f6339@large.jpg\" \/>\n\t<meta property=\"og:image:width\" content=\"1200\" \/>\n\t<meta property=\"og:image:height\" content=\"800\" \/>\n\t<meta property=\"og:image:type\" content=\"image\/jpeg\" \/>\n<meta name=\"twitter:card\" content=\"summary_large_image\" \/>\n<meta name=\"twitter:label1\" content=\"Dur\u00e9e de lecture est.\" \/>\n\t<meta name=\"twitter:data1\" content=\"1 minute\" \/>\n<script type=\"application\/ld+json\" class=\"yoast-schema-graph\">{\"@context\":\"https:\/\/schema.org\",\"@graph\":[{\"@type\":\"WebPage\",\"@id\":\"https:\/\/koningdrone.be\/product\/dji-rc-motion-3\/\",\"url\":\"https:\/\/koningdrone.be\/product\/dji-rc-motion-3\/\",\"name\":\"DJI RC Motion 3 - koningdrone.be\",\"isPartOf\":{\"@id\":\"https:\/\/koningdrone.be\/#website\"},\"primaryImageOfPage\":{\"@id\":\"https:\/\/koningdrone.be\/product\/dji-rc-motion-3\/#primaryimage\"},\"image\":{\"@id\":\"https:\/\/koningdrone.be\/product\/dji-rc-motion-3\/#primaryimage\"},\"thumbnailUrl\":\"https:\/\/koningdrone.be\/wp-content\/uploads\/sites\/13\/2025\/04\/7c03f270337f072cd8297ef0934f6339@large.jpg\",\"datePublished\":\"2024-04-15T09:17:55+00:00\",\"dateModified\":\"2026-04-29T13:20:17+00:00\",\"breadcrumb\":{\"@id\":\"https:\/\/koningdrone.be\/product\/dji-rc-motion-3\/#breadcrumb\"},\"inLanguage\":\"fr-BE\",\"potentialAction\":[{\"@type\":\"ReadAction\",\"target\":[\"https:\/\/koningdrone.be\/product\/dji-rc-motion-3\/\"]}]},{\"@type\":\"ImageObject\",\"inLanguage\":\"fr-BE\",\"@id\":\"https:\/\/koningdrone.be\/product\/dji-rc-motion-3\/#primaryimage\",\"url\":\"https:\/\/koningdrone.be\/wp-content\/uploads\/sites\/13\/2025\/04\/7c03f270337f072cd8297ef0934f6339@large.jpg\",\"contentUrl\":\"https:\/\/koningdrone.be\/wp-content\/uploads\/sites\/13\/2025\/04\/7c03f270337f072cd8297ef0934f6339@large.jpg\",\"width\":1200,\"height\":800},{\"@type\":\"BreadcrumbList\",\"@id\":\"https:\/\/koningdrone.be\/product\/dji-rc-motion-3\/#breadcrumb\",\"itemListElement\":[{\"@type\":\"ListItem\",\"position\":1,\"name\":\"Home\",\"item\":\"https:\/\/koningdrone.be\/\"},{\"@type\":\"ListItem\",\"position\":2,\"name\":\"AVSS Parachute Recovery System for DJI Matrice 300\/350\",\"item\":\"https:\/\/koningdrone.be\/product\/avss-parachute-recovery-system-for-dji-matrice-300-350\/\"},{\"@type\":\"ListItem\",\"position\":3,\"name\":\"Alle afstandsbedieningen\",\"item\":\"https:\/\/koningdrone.be\/categorie\/alle-afstandsbedieningen\/\"},{\"@type\":\"ListItem\",\"position\":4,\"name\":\"DJI RC Motion 3\"}]},{\"@type\":\"WebSite\",\"@id\":\"https:\/\/koningdrone.be\/#website\",\"url\":\"https:\/\/koningdrone.be\/\",\"name\":\"Koningdrone.be - Uw online specialist in drones, gimbals, camera's en power stations.\",\"description\":\"De webshop in drones en gimbals\",\"publisher\":{\"@id\":\"https:\/\/koningdrone.be\/#organization\"},\"potentialAction\":[{\"@type\":\"SearchAction\",\"target\":{\"@type\":\"EntryPoint\",\"urlTemplate\":\"https:\/\/koningdrone.be\/?s={search_term_string}\"},\"query-input\":{\"@type\":\"PropertyValueSpecification\",\"valueRequired\":true,\"valueName\":\"search_term_string\"}}],\"inLanguage\":\"fr-BE\"},{\"@type\":\"Organization\",\"@id\":\"https:\/\/koningdrone.be\/#organization\",\"name\":\"Koningdrone.be\",\"url\":\"https:\/\/koningdrone.be\/\",\"logo\":{\"@type\":\"ImageObject\",\"inLanguage\":\"fr-BE\",\"@id\":\"https:\/\/koningdrone.be\/#\/schema\/logo\/image\/\",\"url\":\"https:\/\/koningdrone.be\/wp-content\/uploads\/sites\/13\/2025\/04\/koningdrone-copyright-logo.svg\",\"contentUrl\":\"https:\/\/koningdrone.be\/wp-content\/uploads\/sites\/13\/2025\/04\/koningdrone-copyright-logo.svg\",\"width\":227,\"height\":38,\"caption\":\"Koningdrone.be\"},\"image\":{\"@id\":\"https:\/\/koningdrone.be\/#\/schema\/logo\/image\/\"}}]}<\/script>\n<!-- \/ Yoast SEO Premium plugin. -->","yoast_head_json":{"title":"DJI RC Motion 3 - koningdrone.be","robots":{"index":"index","follow":"follow","max-snippet":"max-snippet:-1","max-image-preview":"max-image-preview:large","max-video-preview":"max-video-preview:-1"},"canonical":"https:\/\/koningdrone.be\/fr\/produit\/dji-rc-motion-3\/","og_locale":"fr_FR","og_type":"article","og_title":"DJI RC Motion 3","og_description":"Bewegingsbediening met polsbewegingen bij gebruik met DJI Goggles 3. Robuuste anti-interferentiefunctie voor nauwkeurige bediening. Snelle navigatie met AR-cursor via DJI Goggles 3. Intu\u00eftieve bediening van functies en camera-instellingen. Compact, draagbaar ontwerp met comfortabele grip. Eenvoudige bediening met \u00e9\u00e9n druk op de knop: opstijgen, stoppen en modusschakelaars.","og_url":"https:\/\/koningdrone.be\/fr\/produit\/dji-rc-motion-3\/","og_site_name":"koningdrone.be","article_modified_time":"2026-04-29T13:20:17+00:00","og_image":[{"width":1200,"height":800,"url":"https:\/\/koningdrone.be\/wp-content\/uploads\/sites\/13\/2025\/04\/7c03f270337f072cd8297ef0934f6339@large.jpg","type":"image\/jpeg"}],"twitter_card":"summary_large_image","twitter_misc":{"Dur\u00e9e de lecture est.":"1 minute"},"schema":{"@context":"https:\/\/schema.org","@graph":[{"@type":"WebPage","@id":"https:\/\/koningdrone.be\/product\/dji-rc-motion-3\/","url":"https:\/\/koningdrone.be\/product\/dji-rc-motion-3\/","name":"DJI RC Motion 3 - koningdrone.be","isPartOf":{"@id":"https:\/\/koningdrone.be\/#website"},"primaryImageOfPage":{"@id":"https:\/\/koningdrone.be\/product\/dji-rc-motion-3\/#primaryimage"},"image":{"@id":"https:\/\/koningdrone.be\/product\/dji-rc-motion-3\/#primaryimage"},"thumbnailUrl":"https:\/\/koningdrone.be\/wp-content\/uploads\/sites\/13\/2025\/04\/7c03f270337f072cd8297ef0934f6339@large.jpg","datePublished":"2024-04-15T09:17:55+00:00","dateModified":"2026-04-29T13:20:17+00:00","breadcrumb":{"@id":"https:\/\/koningdrone.be\/product\/dji-rc-motion-3\/#breadcrumb"},"inLanguage":"fr-BE","potentialAction":[{"@type":"ReadAction","target":["https:\/\/koningdrone.be\/product\/dji-rc-motion-3\/"]}]},{"@type":"ImageObject","inLanguage":"fr-BE","@id":"https:\/\/koningdrone.be\/product\/dji-rc-motion-3\/#primaryimage","url":"https:\/\/koningdrone.be\/wp-content\/uploads\/sites\/13\/2025\/04\/7c03f270337f072cd8297ef0934f6339@large.jpg","contentUrl":"https:\/\/koningdrone.be\/wp-content\/uploads\/sites\/13\/2025\/04\/7c03f270337f072cd8297ef0934f6339@large.jpg","width":1200,"height":800},{"@type":"BreadcrumbList","@id":"https:\/\/koningdrone.be\/product\/dji-rc-motion-3\/#breadcrumb","itemListElement":[{"@type":"ListItem","position":1,"name":"Home","item":"https:\/\/koningdrone.be\/"},{"@type":"ListItem","position":2,"name":"AVSS Parachute Recovery System for DJI Matrice 300\/350","item":"https:\/\/koningdrone.be\/product\/avss-parachute-recovery-system-for-dji-matrice-300-350\/"},{"@type":"ListItem","position":3,"name":"Alle afstandsbedieningen","item":"https:\/\/koningdrone.be\/categorie\/alle-afstandsbedieningen\/"},{"@type":"ListItem","position":4,"name":"DJI RC Motion 3"}]},{"@type":"WebSite","@id":"https:\/\/koningdrone.be\/#website","url":"https:\/\/koningdrone.be\/","name":"Koningdrone.be - Votre sp\u00e9cialiste en ligne en mati\u00e8re de drones, de cardans, de cam\u00e9ras et de centrales \u00e9lectriques.","description":"La boutique en ligne de drones et de cardans","publisher":{"@id":"https:\/\/koningdrone.be\/#organization"},"potentialAction":[{"@type":"SearchAction","target":{"@type":"EntryPoint","urlTemplate":"https:\/\/koningdrone.be\/?s={search_term_string}"},"query-input":{"@type":"PropertyValueSpecification","valueRequired":true,"valueName":"search_term_string"}}],"inLanguage":"fr-BE"},{"@type":"Organization","@id":"https:\/\/koningdrone.be\/#organization","name":"Kingdrone.co.uk","url":"https:\/\/koningdrone.be\/","logo":{"@type":"ImageObject","inLanguage":"fr-BE","@id":"https:\/\/koningdrone.be\/#\/schema\/logo\/image\/","url":"https:\/\/koningdrone.be\/wp-content\/uploads\/sites\/13\/2025\/04\/koningdrone-copyright-logo.svg","contentUrl":"https:\/\/koningdrone.be\/wp-content\/uploads\/sites\/13\/2025\/04\/koningdrone-copyright-logo.svg","width":227,"height":38,"caption":"Koningdrone.be"},"image":{"@id":"https:\/\/koningdrone.be\/#\/schema\/logo\/image\/"}}]}},"df_price":89,"df_sale_price":"","df_regular_price":89,"df_image_link":"https:\/\/koningdrone.be\/wp-content\/uploads\/sites\/13\/2025\/04\/7c03f270337f072cd8297ef0934f6339@large-300x200.jpg","_links":{"self":[{"href":"https:\/\/koningdrone.be\/fr\/wp-json\/wp\/v2\/product\/3747","targetHints":{"allow":["GET"]}}],"collection":[{"href":"https:\/\/koningdrone.be\/fr\/wp-json\/wp\/v2\/product"}],"about":[{"href":"https:\/\/koningdrone.be\/fr\/wp-json\/wp\/v2\/types\/product"}],"wp:featuredmedia":[{"embeddable":true,"href":"https:\/\/koningdrone.be\/fr\/wp-json\/wp\/v2\/media\/3744"}],"wp:attachment":[{"href":"https:\/\/koningdrone.be\/fr\/wp-json\/wp\/v2\/media?parent=3747"}],"wp:term":[{"taxonomy":"product_brand","embeddable":true,"href":"https:\/\/koningdrone.be\/fr\/wp-json\/wp\/v2\/product_brand?post=3747"},{"taxonomy":"product_cat","embeddable":true,"href":"https:\/\/koningdrone.be\/fr\/wp-json\/wp\/v2\/product_cat?post=3747"},{"taxonomy":"product_tag","embeddable":true,"href":"https:\/\/koningdrone.be\/fr\/wp-json\/wp\/v2\/product_tag?post=3747"}],"curies":[{"name":"wp","href":"https:\/\/api.w.org\/{rel}","templated":true}]}}