{"id":3735,"date":"2024-04-15T11:17:55","date_gmt":"2024-04-15T09:17:55","guid":{"rendered":"https:\/\/koningdrone.nl\/kon\/product\/dji-avata-2-two-way-charging-hub\/"},"modified":"2026-04-29T03:40:20","modified_gmt":"2026-04-29T01:40:20","slug":"dji-avata-2-two-way-charging-hub","status":"publish","type":"product","link":"https:\/\/koningdrone.be\/fr\/produit\/dji-avata-2-two-way-charging-hub\/","title":{"rendered":"DJI Avata 2 - Concentrateur de charge bidirectionnel"},"content":{"rendered":"<p><strong>Une solution de charge efficace<\/strong><\/p>\n<p> Cet appareil offre un moyen efficace de stocker, de charger et de g\u00e9rer l'\u00e9nergie des batteries. Il est sp\u00e9cialement con\u00e7u pour les utilisateurs qui ont besoin d'une solution d'alimentation rapide et fiable pour plusieurs batteries.<\/p>\n<p>  <strong>Chargement rapide<\/strong><\/p>\n<p> Associ\u00e9 au chargeur portable DJI 65W, cet appareil peut charger rapidement une batterie de vol intelligente en seulement 45 minutes, ce qui le rend id\u00e9al pour les environnements rapides et les d\u00e9lais d'ex\u00e9cution courts.<\/p>\n<p>  <strong>Fonction de charge s\u00e9quentielle<\/strong><\/p>\n<p> Le produit peut charger jusqu'\u00e0 trois batteries \u00e0 la suite. Cette fonction permet de charger les batteries de mani\u00e8re s\u00e9quentielle, ce qui \u00e9vite d'avoir \u00e0 les charger une par une et am\u00e9liore l'efficacit\u00e9 de la charge.<\/p>\n<p>  <strong>Fonctionnalit\u00e9 polyvalente de la banque d'\u00e9nergie<\/strong><\/p>\n<p> En plus de recharger les batteries, cet appareil fait \u00e9galement office de banque d'\u00e9nergie portable. Il peut charger divers autres appareils, notamment les lunettes DJI et les smartphones, ce qui en fait un outil polyvalent pour g\u00e9rer tous les besoins en \u00e9nergie de vos appareils \u00e9lectroniques en d\u00e9placement.<\/p>\n<p>  <strong>Am\u00e9lioration de l'efficacit\u00e9 op\u00e9rationnelle<\/strong><\/p>\n<p> Gr\u00e2ce \u00e0 ses multiples fonctionnalit\u00e9s, ce produit augmente consid\u00e9rablement l'efficacit\u00e9 op\u00e9rationnelle en simplifiant les t\u00e2ches de gestion de l'alimentation de divers gadgets \u00e9lectroniques, ce qui permet de gagner du temps et de rationaliser les flux de travail.<\/p>","protected":false},"excerpt":{"rendered":"<ul>\n<li>Assure le stockage, la charge et l'accumulation de l'\u00e9nergie pour les batteries.<\/li>\n<li> Compatible avec le chargeur portable DJI 65W.<\/li>\n<li> Recharge compl\u00e8tement une batterie de vol intelligente en 45 minutes.<\/li>\n<li> Charge trois piles simultan\u00e9ment.<\/li>\n<li> Fonctionne comme une banque d'\u00e9nergie mobile pour divers appareils.<\/li>\n<li> Permet de recharger les lunettes DJI et les smartphones.<\/li>\n<\/ul>","protected":false},"featured_media":3733,"template":"","meta":{"_acf_changed":false},"product_brand":[],"product_cat":[111,97,261,263],"product_tag":[],"class_list":{"0":"post-3735","1":"product","2":"type-product","3":"status-publish","4":"has-post-thumbnail","6":"product_cat-alle-opladers","7":"product_cat-alle-producten","8":"product_cat-dji-avata","9":"product_cat-dji-avata-2","10":"product_shipping_class-uavspacesall","11":"pa_brand-dji","12":"pa_productfamily-oplaadhub","13":"pa_producttype-oplaadhub","14":"pa_series-avata-2","16":"first","17":"instock","18":"taxable","19":"shipping-taxable","20":"purchasable","21":"product-type-simple"},"acf":[],"yoast_head":"<!-- This site is optimized with the Yoast SEO Premium plugin v27.2 (Yoast SEO v27.2) - https:\/\/yoast.com\/product\/yoast-seo-premium-wordpress\/ -->\n<title>DJI Avata 2 Two-Way Charging Hub - koningdrone.be<\/title>\n<meta name=\"robots\" content=\"index, follow, max-snippet:-1, max-image-preview:large, max-video-preview:-1\" \/>\n<link rel=\"canonical\" href=\"https:\/\/koningdrone.be\/fr\/produit\/dji-avata-2-two-way-charging-hub\/\" \/>\n<meta property=\"og:locale\" content=\"fr_FR\" \/>\n<meta property=\"og:type\" content=\"article\" \/>\n<meta property=\"og:title\" content=\"DJI Avata 2 Two-Way Charging Hub\" \/>\n<meta property=\"og:description\" content=\"Biedt opslag, opladen en accumulatie van energie voor batterijen. Compatibel met DJI 65W draagbare oplader. Laadt een Intelligent Flight Battery volledig op in 45 minuten. Laadt drie batterijen tegelijkertijd op. Functioneert als mobiele powerbank voor diverse apparaten. Ondersteunt opladen voor DJI Goggles en smartphones.\" \/>\n<meta property=\"og:url\" content=\"https:\/\/koningdrone.be\/fr\/produit\/dji-avata-2-two-way-charging-hub\/\" \/>\n<meta property=\"og:site_name\" content=\"koningdrone.be\" \/>\n<meta property=\"article:modified_time\" content=\"2026-04-29T01:40:20+00:00\" \/>\n<meta property=\"og:image\" content=\"https:\/\/koningdrone.be\/wp-content\/uploads\/sites\/13\/2025\/04\/0b96ff4aa580dacb4080b875924d30c1@large.jpg\" \/>\n\t<meta property=\"og:image:width\" content=\"1200\" \/>\n\t<meta property=\"og:image:height\" content=\"800\" \/>\n\t<meta property=\"og:image:type\" content=\"image\/jpeg\" \/>\n<meta name=\"twitter:card\" content=\"summary_large_image\" \/>\n<meta name=\"twitter:label1\" content=\"Dur\u00e9e de lecture est.\" \/>\n\t<meta name=\"twitter:data1\" content=\"1 minute\" \/>\n<script type=\"application\/ld+json\" class=\"yoast-schema-graph\">{\"@context\":\"https:\/\/schema.org\",\"@graph\":[{\"@type\":\"WebPage\",\"@id\":\"https:\/\/koningdrone.be\/product\/dji-avata-2-two-way-charging-hub\/\",\"url\":\"https:\/\/koningdrone.be\/product\/dji-avata-2-two-way-charging-hub\/\",\"name\":\"DJI Avata 2 Two-Way Charging Hub - koningdrone.be\",\"isPartOf\":{\"@id\":\"https:\/\/koningdrone.be\/#website\"},\"primaryImageOfPage\":{\"@id\":\"https:\/\/koningdrone.be\/product\/dji-avata-2-two-way-charging-hub\/#primaryimage\"},\"image\":{\"@id\":\"https:\/\/koningdrone.be\/product\/dji-avata-2-two-way-charging-hub\/#primaryimage\"},\"thumbnailUrl\":\"https:\/\/koningdrone.be\/wp-content\/uploads\/sites\/13\/2025\/04\/0b96ff4aa580dacb4080b875924d30c1@large.jpg\",\"datePublished\":\"2024-04-15T09:17:55+00:00\",\"dateModified\":\"2026-04-29T01:40:20+00:00\",\"breadcrumb\":{\"@id\":\"https:\/\/koningdrone.be\/product\/dji-avata-2-two-way-charging-hub\/#breadcrumb\"},\"inLanguage\":\"fr-BE\",\"potentialAction\":[{\"@type\":\"ReadAction\",\"target\":[\"https:\/\/koningdrone.be\/product\/dji-avata-2-two-way-charging-hub\/\"]}]},{\"@type\":\"ImageObject\",\"inLanguage\":\"fr-BE\",\"@id\":\"https:\/\/koningdrone.be\/product\/dji-avata-2-two-way-charging-hub\/#primaryimage\",\"url\":\"https:\/\/koningdrone.be\/wp-content\/uploads\/sites\/13\/2025\/04\/0b96ff4aa580dacb4080b875924d30c1@large.jpg\",\"contentUrl\":\"https:\/\/koningdrone.be\/wp-content\/uploads\/sites\/13\/2025\/04\/0b96ff4aa580dacb4080b875924d30c1@large.jpg\",\"width\":1200,\"height\":800},{\"@type\":\"BreadcrumbList\",\"@id\":\"https:\/\/koningdrone.be\/product\/dji-avata-2-two-way-charging-hub\/#breadcrumb\",\"itemListElement\":[{\"@type\":\"ListItem\",\"position\":1,\"name\":\"Home\",\"item\":\"https:\/\/koningdrone.be\/\"},{\"@type\":\"ListItem\",\"position\":2,\"name\":\"AVSS Parachute Recovery System for DJI Matrice 300\/350\",\"item\":\"https:\/\/koningdrone.be\/product\/avss-parachute-recovery-system-for-dji-matrice-300-350\/\"},{\"@type\":\"ListItem\",\"position\":3,\"name\":\"Alle opladers\",\"item\":\"https:\/\/koningdrone.be\/categorie\/alle-opladers\/\"},{\"@type\":\"ListItem\",\"position\":4,\"name\":\"DJI Avata 2 Two-Way Charging Hub\"}]},{\"@type\":\"WebSite\",\"@id\":\"https:\/\/koningdrone.be\/#website\",\"url\":\"https:\/\/koningdrone.be\/\",\"name\":\"Koningdrone.be - Uw online specialist in drones, gimbals, camera's en power stations.\",\"description\":\"De webshop in drones en gimbals\",\"publisher\":{\"@id\":\"https:\/\/koningdrone.be\/#organization\"},\"potentialAction\":[{\"@type\":\"SearchAction\",\"target\":{\"@type\":\"EntryPoint\",\"urlTemplate\":\"https:\/\/koningdrone.be\/?s={search_term_string}\"},\"query-input\":{\"@type\":\"PropertyValueSpecification\",\"valueRequired\":true,\"valueName\":\"search_term_string\"}}],\"inLanguage\":\"fr-BE\"},{\"@type\":\"Organization\",\"@id\":\"https:\/\/koningdrone.be\/#organization\",\"name\":\"Koningdrone.be\",\"url\":\"https:\/\/koningdrone.be\/\",\"logo\":{\"@type\":\"ImageObject\",\"inLanguage\":\"fr-BE\",\"@id\":\"https:\/\/koningdrone.be\/#\/schema\/logo\/image\/\",\"url\":\"https:\/\/koningdrone.be\/wp-content\/uploads\/sites\/13\/2025\/04\/koningdrone-copyright-logo.svg\",\"contentUrl\":\"https:\/\/koningdrone.be\/wp-content\/uploads\/sites\/13\/2025\/04\/koningdrone-copyright-logo.svg\",\"width\":227,\"height\":38,\"caption\":\"Koningdrone.be\"},\"image\":{\"@id\":\"https:\/\/koningdrone.be\/#\/schema\/logo\/image\/\"}}]}<\/script>\n<!-- \/ Yoast SEO Premium plugin. -->","yoast_head_json":{"title":"DJI Avata 2 Two-Way Charging Hub - koningdrone.be","robots":{"index":"index","follow":"follow","max-snippet":"max-snippet:-1","max-image-preview":"max-image-preview:large","max-video-preview":"max-video-preview:-1"},"canonical":"https:\/\/koningdrone.be\/fr\/produit\/dji-avata-2-two-way-charging-hub\/","og_locale":"fr_FR","og_type":"article","og_title":"DJI Avata 2 Two-Way Charging Hub","og_description":"Biedt opslag, opladen en accumulatie van energie voor batterijen. Compatibel met DJI 65W draagbare oplader. Laadt een Intelligent Flight Battery volledig op in 45 minuten. Laadt drie batterijen tegelijkertijd op. Functioneert als mobiele powerbank voor diverse apparaten. Ondersteunt opladen voor DJI Goggles en smartphones.","og_url":"https:\/\/koningdrone.be\/fr\/produit\/dji-avata-2-two-way-charging-hub\/","og_site_name":"koningdrone.be","article_modified_time":"2026-04-29T01:40:20+00:00","og_image":[{"width":1200,"height":800,"url":"https:\/\/koningdrone.be\/wp-content\/uploads\/sites\/13\/2025\/04\/0b96ff4aa580dacb4080b875924d30c1@large.jpg","type":"image\/jpeg"}],"twitter_card":"summary_large_image","twitter_misc":{"Dur\u00e9e de lecture est.":"1 minute"},"schema":{"@context":"https:\/\/schema.org","@graph":[{"@type":"WebPage","@id":"https:\/\/koningdrone.be\/product\/dji-avata-2-two-way-charging-hub\/","url":"https:\/\/koningdrone.be\/product\/dji-avata-2-two-way-charging-hub\/","name":"DJI Avata 2 Two-Way Charging Hub - koningdrone.be","isPartOf":{"@id":"https:\/\/koningdrone.be\/#website"},"primaryImageOfPage":{"@id":"https:\/\/koningdrone.be\/product\/dji-avata-2-two-way-charging-hub\/#primaryimage"},"image":{"@id":"https:\/\/koningdrone.be\/product\/dji-avata-2-two-way-charging-hub\/#primaryimage"},"thumbnailUrl":"https:\/\/koningdrone.be\/wp-content\/uploads\/sites\/13\/2025\/04\/0b96ff4aa580dacb4080b875924d30c1@large.jpg","datePublished":"2024-04-15T09:17:55+00:00","dateModified":"2026-04-29T01:40:20+00:00","breadcrumb":{"@id":"https:\/\/koningdrone.be\/product\/dji-avata-2-two-way-charging-hub\/#breadcrumb"},"inLanguage":"fr-BE","potentialAction":[{"@type":"ReadAction","target":["https:\/\/koningdrone.be\/product\/dji-avata-2-two-way-charging-hub\/"]}]},{"@type":"ImageObject","inLanguage":"fr-BE","@id":"https:\/\/koningdrone.be\/product\/dji-avata-2-two-way-charging-hub\/#primaryimage","url":"https:\/\/koningdrone.be\/wp-content\/uploads\/sites\/13\/2025\/04\/0b96ff4aa580dacb4080b875924d30c1@large.jpg","contentUrl":"https:\/\/koningdrone.be\/wp-content\/uploads\/sites\/13\/2025\/04\/0b96ff4aa580dacb4080b875924d30c1@large.jpg","width":1200,"height":800},{"@type":"BreadcrumbList","@id":"https:\/\/koningdrone.be\/product\/dji-avata-2-two-way-charging-hub\/#breadcrumb","itemListElement":[{"@type":"ListItem","position":1,"name":"Home","item":"https:\/\/koningdrone.be\/"},{"@type":"ListItem","position":2,"name":"AVSS Parachute Recovery System for DJI Matrice 300\/350","item":"https:\/\/koningdrone.be\/product\/avss-parachute-recovery-system-for-dji-matrice-300-350\/"},{"@type":"ListItem","position":3,"name":"Alle opladers","item":"https:\/\/koningdrone.be\/categorie\/alle-opladers\/"},{"@type":"ListItem","position":4,"name":"DJI Avata 2 Two-Way Charging Hub"}]},{"@type":"WebSite","@id":"https:\/\/koningdrone.be\/#website","url":"https:\/\/koningdrone.be\/","name":"Koningdrone.be - Votre sp\u00e9cialiste en ligne en mati\u00e8re de drones, de cardans, de cam\u00e9ras et de centrales \u00e9lectriques.","description":"La boutique en ligne de drones et de cardans","publisher":{"@id":"https:\/\/koningdrone.be\/#organization"},"potentialAction":[{"@type":"SearchAction","target":{"@type":"EntryPoint","urlTemplate":"https:\/\/koningdrone.be\/?s={search_term_string}"},"query-input":{"@type":"PropertyValueSpecification","valueRequired":true,"valueName":"search_term_string"}}],"inLanguage":"fr-BE"},{"@type":"Organization","@id":"https:\/\/koningdrone.be\/#organization","name":"Kingdrone.co.uk","url":"https:\/\/koningdrone.be\/","logo":{"@type":"ImageObject","inLanguage":"fr-BE","@id":"https:\/\/koningdrone.be\/#\/schema\/logo\/image\/","url":"https:\/\/koningdrone.be\/wp-content\/uploads\/sites\/13\/2025\/04\/koningdrone-copyright-logo.svg","contentUrl":"https:\/\/koningdrone.be\/wp-content\/uploads\/sites\/13\/2025\/04\/koningdrone-copyright-logo.svg","width":227,"height":38,"caption":"Koningdrone.be"},"image":{"@id":"https:\/\/koningdrone.be\/#\/schema\/logo\/image\/"}}]}},"df_price":58,"df_sale_price":"","df_regular_price":58,"df_image_link":"https:\/\/koningdrone.be\/wp-content\/uploads\/sites\/13\/2025\/04\/0b96ff4aa580dacb4080b875924d30c1@large-300x200.jpg","_links":{"self":[{"href":"https:\/\/koningdrone.be\/fr\/wp-json\/wp\/v2\/product\/3735","targetHints":{"allow":["GET"]}}],"collection":[{"href":"https:\/\/koningdrone.be\/fr\/wp-json\/wp\/v2\/product"}],"about":[{"href":"https:\/\/koningdrone.be\/fr\/wp-json\/wp\/v2\/types\/product"}],"wp:featuredmedia":[{"embeddable":true,"href":"https:\/\/koningdrone.be\/fr\/wp-json\/wp\/v2\/media\/3733"}],"wp:attachment":[{"href":"https:\/\/koningdrone.be\/fr\/wp-json\/wp\/v2\/media?parent=3735"}],"wp:term":[{"taxonomy":"product_brand","embeddable":true,"href":"https:\/\/koningdrone.be\/fr\/wp-json\/wp\/v2\/product_brand?post=3735"},{"taxonomy":"product_cat","embeddable":true,"href":"https:\/\/koningdrone.be\/fr\/wp-json\/wp\/v2\/product_cat?post=3735"},{"taxonomy":"product_tag","embeddable":true,"href":"https:\/\/koningdrone.be\/fr\/wp-json\/wp\/v2\/product_tag?post=3735"}],"curies":[{"name":"wp","href":"https:\/\/api.w.org\/{rel}","templated":true}]}}