{"id":3720,"date":"2024-04-15T11:17:55","date_gmt":"2024-04-15T09:17:55","guid":{"rendered":"https:\/\/koningdrone.nl\/kon\/product\/dji-focus-pro-lidar\/"},"modified":"2026-04-29T03:40:26","modified_gmt":"2026-04-29T01:40:26","slug":"dji-focus-pro-lidar","status":"publish","type":"product","link":"https:\/\/koningdrone.be\/fr\/produit\/dji-focus-pro-lidar\/","title":{"rendered":"DJI Focus Pro LiDAR"},"content":{"rendered":"<p><strong>Technologie LiDAR am\u00e9lior\u00e9e<\/strong><\/p>\n<p> La technologie LiDAR a \u00e9t\u00e9 consid\u00e9rablement am\u00e9lior\u00e9e et compte d\u00e9sormais 76 800 points de port\u00e9e, soit une augmentation de 77% par rapport aux versions pr\u00e9c\u00e9dentes. Cette mise \u00e0 jour a permis d'affiner la d\u00e9tection des contours autour des sujets humains, r\u00e9duisant ainsi consid\u00e9rablement l'occurrence de la chasse \u00e0 la mise au point, un probl\u00e8me courant o\u00f9 la cam\u00e9ra ne parvient pas \u00e0 maintenir une mise au point stable.<\/p>\n<p>  <strong>Distance de mise au point \u00e9tendue<\/strong><\/p>\n<p> Ce syst\u00e8me LiDAR avanc\u00e9 prend en charge une distance de mise au point maximale de 20 m\u00e8tres, am\u00e9liorant ainsi sa capacit\u00e9 \u00e0 faire une mise au point pr\u00e9cise sur des sujets humains \u00e0 distance. La puissance de mise au point a \u00e9t\u00e9 multipli\u00e9e par trois par rapport aux mod\u00e8les pr\u00e9c\u00e9dents, ce qui est particuli\u00e8rement utile pour l'utilisation de t\u00e9l\u00e9objectifs n\u00e9cessitant une mise au point sur de plus longues distances.<\/p>\n<p>  <strong>Champ de vision plus large<\/strong><\/p>\n<p> Le champ de vision de 70 degr\u00e9s offert par ce syst\u00e8me LiDAR \u00e9largit les possibilit\u00e9s de cadrage \u00e0 la fois sur les bords et \u00e0 courte distance. Cette am\u00e9lioration offre aux photographes et aux cin\u00e9astes une toile \u00e9largie pour capturer les compositions souhait\u00e9es sans compromis.<\/p>\n<p>  <strong>Taux de rafra\u00eechissement \u00e9lev\u00e9<\/strong><\/p>\n<p> Avec un taux de rafra\u00eechissement de 30 Hz, le syst\u00e8me LiDAR collecte efficacement des donn\u00e9es sur des sujets en mouvement. Ce taux de rafra\u00eechissement \u00e9lev\u00e9 garantit des performances de mise au point plus fiables dans les environnements dynamiques o\u00f9 les sujets se d\u00e9placent de mani\u00e8re impr\u00e9visible.<\/p>\n<p>  <strong>Autofocus pour les objectifs manuels<\/strong><\/p>\n<p> Associ\u00e9e au moteur DJI Focus Pro, cette technologie LiDAR am\u00e9lior\u00e9e permet la mise au point automatique sur les objectifs manuels, \u00e0 condition qu'ils soient correctement calibr\u00e9s. Cette fonction est particuli\u00e8rement utile pour les cin\u00e9astes et les photographes qui pr\u00e9f\u00e8rent le contr\u00f4le tactile des objectifs manuels tout en souhaitant b\u00e9n\u00e9ficier de la commodit\u00e9 de l'autofocus.<\/p>\n<p>  <strong>Mode de contr\u00f4le adaptatif<\/strong><\/p>\n<p> Les caract\u00e9ristiques op\u00e9rationnelles du syst\u00e8me LiDAR comprennent une port\u00e9e de d\u00e9tection standard de 10 m\u00e8tres en mode 1x de l'\u00e9cran du stabilisateur. Pour plus de flexibilit\u00e9, les utilisateurs peuvent facilement passer \u00e0 une port\u00e9e de 20 m\u00e8tres en appuyant sur l'ic\u00f4ne + pour activer le mode zoom 2x. Cette adaptabilit\u00e9 permet de g\u00e9rer efficacement les distances de mise au point, en passant en toute transparence d'une distance plus courte \u00e0 une distance plus longue.<\/p>","protected":false},"excerpt":{"rendered":"<ul>\n<li>76 800 points de port\u00e9e am\u00e9liorent la d\u00e9tection des bords avec le 77%.<\/li>\n<li>Distance de mise au point maximale de 20 m\u00e8tres ; triple am\u00e9lioration.<\/li>\n<li>Le champ de vision de 70\u00b0 am\u00e9liore les compositions de bords et les gros plans.<\/li>\n<li>Un taux de rafra\u00eechissement de 30 Hz facilite le suivi des sujets en mouvement.<\/li>\n<li>Compatible avec le moteur DJI Focus Pro pour les objectifs manuels.<\/li>\n<li>Port\u00e9e de d\u00e9tection standard de 10 m\u00e8tres en mode 1x.<\/li>\n<li>Distance de mise au point r\u00e9glable jusqu'\u00e0 20 m\u00e8tres gr\u00e2ce au zoom 2x.<\/li>\n<\/ul>","protected":false},"featured_media":3717,"template":"","meta":{"_acf_changed":false},"product_brand":[],"product_cat":[187,97,640,1815],"product_tag":[],"class_list":{"0":"post-3720","1":"product","2":"type-product","3":"status-publish","4":"has-post-thumbnail","6":"product_cat-alle-lidar","7":"product_cat-alle-producten","8":"product_cat-dji-focus","9":"product_cat-dji-pro-accessoires","10":"product_shipping_class-uavspacesall","11":"pa_brand-dji","12":"pa_productfamily-focus","13":"pa_producttype-focus","14":"pa_series-focus-pro","16":"first","17":"instock","18":"taxable","19":"shipping-taxable","20":"purchasable","21":"product-type-simple"},"acf":[],"yoast_head":"<!-- This site is optimized with the Yoast SEO Premium plugin v27.2 (Yoast SEO v27.2) - https:\/\/yoast.com\/product\/yoast-seo-premium-wordpress\/ -->\n<title>DJI Focus Pro LiDAR - koningdrone.be<\/title>\n<meta name=\"robots\" content=\"index, follow, max-snippet:-1, max-image-preview:large, max-video-preview:-1\" \/>\n<link rel=\"canonical\" href=\"https:\/\/koningdrone.be\/fr\/produit\/dji-focus-pro-lidar\/\" \/>\n<meta property=\"og:locale\" content=\"fr_FR\" \/>\n<meta property=\"og:type\" content=\"article\" \/>\n<meta property=\"og:title\" content=\"DJI Focus Pro LiDAR\" \/>\n<meta property=\"og:description\" content=\"76.800 bereikpunten verhogen de randdetectie met 77%.  Maximale scherpstelafstand van 20 meter; drievoudige verbetering.  70\u00b0 gezichtsveld verbetert randcomposities en close-ups.  Een vernieuwingsfrequentie van 30 Hz helpt bij het volgen van bewegende onderwerpen.  Compatibel met DJI Focus Pro Motor voor handmatige lenzen.  Standaard detectiebereik van 10 meter in 1x-modus.  Instelbaar tot 20 meter focusafstand via 2x zoomweergave.\" \/>\n<meta property=\"og:url\" content=\"https:\/\/koningdrone.be\/fr\/produit\/dji-focus-pro-lidar\/\" \/>\n<meta property=\"og:site_name\" content=\"koningdrone.be\" \/>\n<meta property=\"article:modified_time\" content=\"2026-04-29T01:40:26+00:00\" \/>\n<meta property=\"og:image\" content=\"https:\/\/koningdrone.be\/wp-content\/uploads\/sites\/13\/2025\/04\/cb939b7f6ff9da70969e1b90152e2e08@large.jpg\" \/>\n\t<meta property=\"og:image:width\" content=\"1200\" \/>\n\t<meta property=\"og:image:height\" content=\"800\" \/>\n\t<meta property=\"og:image:type\" content=\"image\/jpeg\" \/>\n<meta name=\"twitter:card\" content=\"summary_large_image\" \/>\n<meta name=\"twitter:label1\" content=\"Dur\u00e9e de lecture est.\" \/>\n\t<meta name=\"twitter:data1\" content=\"2 minutes\" \/>\n<script type=\"application\/ld+json\" class=\"yoast-schema-graph\">{\"@context\":\"https:\/\/schema.org\",\"@graph\":[{\"@type\":\"WebPage\",\"@id\":\"https:\/\/koningdrone.be\/product\/dji-focus-pro-lidar\/\",\"url\":\"https:\/\/koningdrone.be\/product\/dji-focus-pro-lidar\/\",\"name\":\"DJI Focus Pro LiDAR - koningdrone.be\",\"isPartOf\":{\"@id\":\"https:\/\/koningdrone.be\/#website\"},\"primaryImageOfPage\":{\"@id\":\"https:\/\/koningdrone.be\/product\/dji-focus-pro-lidar\/#primaryimage\"},\"image\":{\"@id\":\"https:\/\/koningdrone.be\/product\/dji-focus-pro-lidar\/#primaryimage\"},\"thumbnailUrl\":\"https:\/\/koningdrone.be\/wp-content\/uploads\/sites\/13\/2025\/04\/cb939b7f6ff9da70969e1b90152e2e08@large.jpg\",\"datePublished\":\"2024-04-15T09:17:55+00:00\",\"dateModified\":\"2026-04-29T01:40:26+00:00\",\"breadcrumb\":{\"@id\":\"https:\/\/koningdrone.be\/product\/dji-focus-pro-lidar\/#breadcrumb\"},\"inLanguage\":\"fr-BE\",\"potentialAction\":[{\"@type\":\"ReadAction\",\"target\":[\"https:\/\/koningdrone.be\/product\/dji-focus-pro-lidar\/\"]}]},{\"@type\":\"ImageObject\",\"inLanguage\":\"fr-BE\",\"@id\":\"https:\/\/koningdrone.be\/product\/dji-focus-pro-lidar\/#primaryimage\",\"url\":\"https:\/\/koningdrone.be\/wp-content\/uploads\/sites\/13\/2025\/04\/cb939b7f6ff9da70969e1b90152e2e08@large.jpg\",\"contentUrl\":\"https:\/\/koningdrone.be\/wp-content\/uploads\/sites\/13\/2025\/04\/cb939b7f6ff9da70969e1b90152e2e08@large.jpg\",\"width\":1200,\"height\":800},{\"@type\":\"BreadcrumbList\",\"@id\":\"https:\/\/koningdrone.be\/product\/dji-focus-pro-lidar\/#breadcrumb\",\"itemListElement\":[{\"@type\":\"ListItem\",\"position\":1,\"name\":\"Home\",\"item\":\"https:\/\/koningdrone.be\/\"},{\"@type\":\"ListItem\",\"position\":2,\"name\":\"AVSS Parachute Recovery System for DJI Matrice 300\/350\",\"item\":\"https:\/\/koningdrone.be\/product\/avss-parachute-recovery-system-for-dji-matrice-300-350\/\"},{\"@type\":\"ListItem\",\"position\":3,\"name\":\"Alle LiDaR\",\"item\":\"https:\/\/koningdrone.be\/categorie\/alle-lidar\/\"},{\"@type\":\"ListItem\",\"position\":4,\"name\":\"DJI Focus Pro LiDAR\"}]},{\"@type\":\"WebSite\",\"@id\":\"https:\/\/koningdrone.be\/#website\",\"url\":\"https:\/\/koningdrone.be\/\",\"name\":\"Koningdrone.be - Uw online specialist in drones, gimbals, camera's en power stations.\",\"description\":\"De webshop in drones en gimbals\",\"publisher\":{\"@id\":\"https:\/\/koningdrone.be\/#organization\"},\"potentialAction\":[{\"@type\":\"SearchAction\",\"target\":{\"@type\":\"EntryPoint\",\"urlTemplate\":\"https:\/\/koningdrone.be\/?s={search_term_string}\"},\"query-input\":{\"@type\":\"PropertyValueSpecification\",\"valueRequired\":true,\"valueName\":\"search_term_string\"}}],\"inLanguage\":\"fr-BE\"},{\"@type\":\"Organization\",\"@id\":\"https:\/\/koningdrone.be\/#organization\",\"name\":\"Koningdrone.be\",\"url\":\"https:\/\/koningdrone.be\/\",\"logo\":{\"@type\":\"ImageObject\",\"inLanguage\":\"fr-BE\",\"@id\":\"https:\/\/koningdrone.be\/#\/schema\/logo\/image\/\",\"url\":\"https:\/\/koningdrone.be\/wp-content\/uploads\/sites\/13\/2025\/04\/koningdrone-copyright-logo.svg\",\"contentUrl\":\"https:\/\/koningdrone.be\/wp-content\/uploads\/sites\/13\/2025\/04\/koningdrone-copyright-logo.svg\",\"width\":227,\"height\":38,\"caption\":\"Koningdrone.be\"},\"image\":{\"@id\":\"https:\/\/koningdrone.be\/#\/schema\/logo\/image\/\"}}]}<\/script>\n<!-- \/ Yoast SEO Premium plugin. -->","yoast_head_json":{"title":"DJI Focus Pro LiDAR - koningdrone.be","robots":{"index":"index","follow":"follow","max-snippet":"max-snippet:-1","max-image-preview":"max-image-preview:large","max-video-preview":"max-video-preview:-1"},"canonical":"https:\/\/koningdrone.be\/fr\/produit\/dji-focus-pro-lidar\/","og_locale":"fr_FR","og_type":"article","og_title":"DJI Focus Pro LiDAR","og_description":"76.800 bereikpunten verhogen de randdetectie met 77%.  Maximale scherpstelafstand van 20 meter; drievoudige verbetering.  70\u00b0 gezichtsveld verbetert randcomposities en close-ups.  Een vernieuwingsfrequentie van 30 Hz helpt bij het volgen van bewegende onderwerpen.  Compatibel met DJI Focus Pro Motor voor handmatige lenzen.  Standaard detectiebereik van 10 meter in 1x-modus.  Instelbaar tot 20 meter focusafstand via 2x zoomweergave.","og_url":"https:\/\/koningdrone.be\/fr\/produit\/dji-focus-pro-lidar\/","og_site_name":"koningdrone.be","article_modified_time":"2026-04-29T01:40:26+00:00","og_image":[{"width":1200,"height":800,"url":"https:\/\/koningdrone.be\/wp-content\/uploads\/sites\/13\/2025\/04\/cb939b7f6ff9da70969e1b90152e2e08@large.jpg","type":"image\/jpeg"}],"twitter_card":"summary_large_image","twitter_misc":{"Dur\u00e9e de lecture est.":"2 minutes"},"schema":{"@context":"https:\/\/schema.org","@graph":[{"@type":"WebPage","@id":"https:\/\/koningdrone.be\/product\/dji-focus-pro-lidar\/","url":"https:\/\/koningdrone.be\/product\/dji-focus-pro-lidar\/","name":"DJI Focus Pro LiDAR - koningdrone.be","isPartOf":{"@id":"https:\/\/koningdrone.be\/#website"},"primaryImageOfPage":{"@id":"https:\/\/koningdrone.be\/product\/dji-focus-pro-lidar\/#primaryimage"},"image":{"@id":"https:\/\/koningdrone.be\/product\/dji-focus-pro-lidar\/#primaryimage"},"thumbnailUrl":"https:\/\/koningdrone.be\/wp-content\/uploads\/sites\/13\/2025\/04\/cb939b7f6ff9da70969e1b90152e2e08@large.jpg","datePublished":"2024-04-15T09:17:55+00:00","dateModified":"2026-04-29T01:40:26+00:00","breadcrumb":{"@id":"https:\/\/koningdrone.be\/product\/dji-focus-pro-lidar\/#breadcrumb"},"inLanguage":"fr-BE","potentialAction":[{"@type":"ReadAction","target":["https:\/\/koningdrone.be\/product\/dji-focus-pro-lidar\/"]}]},{"@type":"ImageObject","inLanguage":"fr-BE","@id":"https:\/\/koningdrone.be\/product\/dji-focus-pro-lidar\/#primaryimage","url":"https:\/\/koningdrone.be\/wp-content\/uploads\/sites\/13\/2025\/04\/cb939b7f6ff9da70969e1b90152e2e08@large.jpg","contentUrl":"https:\/\/koningdrone.be\/wp-content\/uploads\/sites\/13\/2025\/04\/cb939b7f6ff9da70969e1b90152e2e08@large.jpg","width":1200,"height":800},{"@type":"BreadcrumbList","@id":"https:\/\/koningdrone.be\/product\/dji-focus-pro-lidar\/#breadcrumb","itemListElement":[{"@type":"ListItem","position":1,"name":"Home","item":"https:\/\/koningdrone.be\/"},{"@type":"ListItem","position":2,"name":"AVSS Parachute Recovery System for DJI Matrice 300\/350","item":"https:\/\/koningdrone.be\/product\/avss-parachute-recovery-system-for-dji-matrice-300-350\/"},{"@type":"ListItem","position":3,"name":"Alle LiDaR","item":"https:\/\/koningdrone.be\/categorie\/alle-lidar\/"},{"@type":"ListItem","position":4,"name":"DJI Focus Pro LiDAR"}]},{"@type":"WebSite","@id":"https:\/\/koningdrone.be\/#website","url":"https:\/\/koningdrone.be\/","name":"Koningdrone.be - Votre sp\u00e9cialiste en ligne en mati\u00e8re de drones, de cardans, de cam\u00e9ras et de centrales \u00e9lectriques.","description":"La boutique en ligne de drones et de cardans","publisher":{"@id":"https:\/\/koningdrone.be\/#organization"},"potentialAction":[{"@type":"SearchAction","target":{"@type":"EntryPoint","urlTemplate":"https:\/\/koningdrone.be\/?s={search_term_string}"},"query-input":{"@type":"PropertyValueSpecification","valueRequired":true,"valueName":"search_term_string"}}],"inLanguage":"fr-BE"},{"@type":"Organization","@id":"https:\/\/koningdrone.be\/#organization","name":"Kingdrone.co.uk","url":"https:\/\/koningdrone.be\/","logo":{"@type":"ImageObject","inLanguage":"fr-BE","@id":"https:\/\/koningdrone.be\/#\/schema\/logo\/image\/","url":"https:\/\/koningdrone.be\/wp-content\/uploads\/sites\/13\/2025\/04\/koningdrone-copyright-logo.svg","contentUrl":"https:\/\/koningdrone.be\/wp-content\/uploads\/sites\/13\/2025\/04\/koningdrone-copyright-logo.svg","width":227,"height":38,"caption":"Koningdrone.be"},"image":{"@id":"https:\/\/koningdrone.be\/#\/schema\/logo\/image\/"}}]}},"df_price":598,"df_sale_price":"","df_regular_price":598,"df_image_link":"https:\/\/koningdrone.be\/wp-content\/uploads\/sites\/13\/2025\/04\/cb939b7f6ff9da70969e1b90152e2e08@large-300x200.jpg","_links":{"self":[{"href":"https:\/\/koningdrone.be\/fr\/wp-json\/wp\/v2\/product\/3720","targetHints":{"allow":["GET"]}}],"collection":[{"href":"https:\/\/koningdrone.be\/fr\/wp-json\/wp\/v2\/product"}],"about":[{"href":"https:\/\/koningdrone.be\/fr\/wp-json\/wp\/v2\/types\/product"}],"wp:featuredmedia":[{"embeddable":true,"href":"https:\/\/koningdrone.be\/fr\/wp-json\/wp\/v2\/media\/3717"}],"wp:attachment":[{"href":"https:\/\/koningdrone.be\/fr\/wp-json\/wp\/v2\/media?parent=3720"}],"wp:term":[{"taxonomy":"product_brand","embeddable":true,"href":"https:\/\/koningdrone.be\/fr\/wp-json\/wp\/v2\/product_brand?post=3720"},{"taxonomy":"product_cat","embeddable":true,"href":"https:\/\/koningdrone.be\/fr\/wp-json\/wp\/v2\/product_cat?post=3720"},{"taxonomy":"product_tag","embeddable":true,"href":"https:\/\/koningdrone.be\/fr\/wp-json\/wp\/v2\/product_tag?post=3720"}],"curies":[{"name":"wp","href":"https:\/\/api.w.org\/{rel}","templated":true}]}}