{"id":3707,"date":"2024-04-15T11:19:06","date_gmt":"2024-04-15T09:19:06","guid":{"rendered":"https:\/\/koningdrone.nl\/kon\/product\/dji-video-transmitter\/"},"modified":"2026-04-29T04:10:55","modified_gmt":"2026-04-29T02:10:55","slug":"dji-video-transmitter","status":"publish","type":"product","link":"https:\/\/koningdrone.be\/fr\/produit\/dji-video-transmitter\/","title":{"rendered":"\u00c9metteur vid\u00e9o DJI"},"content":{"rendered":"<p><strong>Technologie de transmission vid\u00e9o O3 Pro<\/strong><\/p>\n<p> Ce produit est dot\u00e9 de la technologie de transmission vid\u00e9o O3 Pro, qui offre une distance de transmission impressionnante allant jusqu'\u00e0 6 000 m\u00e8tres, tout en conservant une vid\u00e9o de haute qualit\u00e9 avec une r\u00e9solution de 1080p\/60 images\/s. Cette capacit\u00e9 est id\u00e9ale pour couvrir de grandes zones sans sacrifier la clart\u00e9 de la vid\u00e9o. Cette capacit\u00e9 est id\u00e9ale pour couvrir de vastes zones sans sacrifier la clart\u00e9 de la vid\u00e9o.<\/p>\n<p>  <strong>Fonctionnalit\u00e9 du mode diffusion<\/strong><\/p>\n<p> Il comprend un mode de diffusion qui prend en charge un nombre illimit\u00e9 de r\u00e9cepteurs. Cette fonction est particuli\u00e8rement utile pour les grandes \u00e9quipes qui ont besoin d'une surveillance simultan\u00e9e en temps r\u00e9el, am\u00e9liorant ainsi la collaboration et l'efficacit\u00e9 pendant les projets.<\/p>\n<p>  <strong>Saut de fr\u00e9quence avanc\u00e9<\/strong><\/p>\n<p> L'appareil est dot\u00e9 d'une technologie avanc\u00e9e de saut de fr\u00e9quence automatique triple bande sur les bandes 2,4 GHz, 5,8 GHz et DFS. Cette technologie s\u00e9lectionne automatiquement le meilleur canal sans fil, minimisant ainsi les interf\u00e9rences et garantissant une connexion stable et fiable.<\/p>\n<p>  <strong>Transmission vid\u00e9o \u00e0 faible latence<\/strong><\/p>\n<p> Ce produit utilise le m\u00eame chipset que le c\u00e9l\u00e8bre Ronin 4D et garantit une latence extr\u00eamement faible lors de la transmission vid\u00e9o. Cette caract\u00e9ristique est cruciale dans les environnements professionnels o\u00f9 la synchronisation est essentielle et garantit des performances en temps r\u00e9el sans retard.<\/p>\n<p>  <strong>Moniteur externe int\u00e9gr\u00e9 et tr\u00e8s lumineux<\/strong><\/p>\n<p> Le DJI High-Bright Remote Monitor est parfaitement int\u00e9gr\u00e9, combinant \u00e0 la fois un moniteur et un r\u00e9cepteur. Il offre \u00e9galement des options d'extension et des outils d'assistance suppl\u00e9mentaires qui permettent de mieux contr\u00f4ler le processus de tournage avec une plus grande pr\u00e9cision.<\/p>\n<p>  <strong>Compatibilit\u00e9 avec les poign\u00e9es Ronin 4D et les DJI Master Wheels<\/strong><\/p>\n<p> Utilis\u00e9 avec les poign\u00e9es Ronin 4D ou les DJI Master Wheels, il permet de contr\u00f4ler \u00e0 distance divers appareils photo tels que le Ronin 2 et le RS 3 Pro, ainsi que la mise au point et d'autres fonctions de la cam\u00e9ra. Cette flexibilit\u00e9 est id\u00e9ale pour les cin\u00e9astes qui ont besoin d'ajuster les param\u00e8tres \u00e0 distance dans des environnements de tournage dynamiques.<\/p>\n<p>  <strong>Fonction d'enregistrement sur l'appareil<\/strong><\/p>\n<p> Ce produit offre \u00e9galement la possibilit\u00e9 d'enregistrer des vid\u00e9os H.264 1080p\/60fps directement sur une carte microSD. Cette fonction pratique facilite le montage sur le plateau, en permettant de visionner et de monter rapidement les s\u00e9quences directement \u00e0 partir de l'appareil, ce qui simplifie le processus de post-production.<\/p>","protected":false},"excerpt":{"rendered":"<ul>\n<li>Contient la transmission vid\u00e9o O3 Pro avec une port\u00e9e de 6 000 m\u00e8tres \u00e0 1080p\/60fps.<\/li>\n<li> Le mode diffusion prend en charge un nombre illimit\u00e9 de r\u00e9cepteurs pour la surveillance d'une \u00e9quipe.<\/li>\n<li> Prise en charge des sauts de fr\u00e9quence \u00e0 trois bandes pour une utilisation optimale des canaux sans fil.<\/li>\n<li> Utilise la puce Ronin 4D pour une latence de transmission de bout en bout ultra-faible.<\/li>\n<li> Le moniteur \u00e0 distance DJI High-Bright combine un moniteur et un r\u00e9cepteur avec des outils d'extension.<\/li>\n<li> Compatible avec les poign\u00e9es Ronin 4D et les DJI Master Wheels pour les fonctionnalit\u00e9s de t\u00e9l\u00e9commande.<\/li>\n<li> Permet d'enregistrer des s\u00e9quences H.264 1080p\/60fps sur une carte microSD pour faciliter le montage sur le plateau.<\/li>\n<\/ul>","protected":false},"featured_media":3704,"template":"","meta":{"_acf_changed":false},"product_brand":[],"product_cat":[315,97,265,532],"product_tag":[108],"class_list":{"0":"post-3707","1":"product","2":"type-product","3":"status-publish","4":"has-post-thumbnail","6":"product_cat-alle-gimbals-en-cameras","7":"product_cat-alle-producten","8":"product_cat-dji-ronin","9":"product_cat-dji-ronin-4d","10":"product_tag-acsystemsall","11":"product_shipping_class-acsystemsall","12":"pa_brand-dji","13":"pa_productfamily-video-transmitter","14":"pa_producttype-video-transmitter","16":"first","17":"instock","18":"taxable","19":"shipping-taxable","20":"purchasable","21":"product-type-simple"},"acf":[],"yoast_head":"<!-- This site is optimized with the Yoast SEO Premium plugin v27.2 (Yoast SEO v27.2) - https:\/\/yoast.com\/product\/yoast-seo-premium-wordpress\/ -->\n<title>DJI Video Transmitter - koningdrone.be<\/title>\n<meta name=\"robots\" content=\"index, follow, max-snippet:-1, max-image-preview:large, max-video-preview:-1\" \/>\n<link rel=\"canonical\" href=\"https:\/\/koningdrone.be\/fr\/produit\/dji-video-transmitter\/\" \/>\n<meta property=\"og:locale\" content=\"fr_FR\" \/>\n<meta property=\"og:type\" content=\"article\" \/>\n<meta property=\"og:title\" content=\"DJI Video Transmitter\" \/>\n<meta property=\"og:description\" content=\"Bevat O3 Pro-videotransmissie met een bereik van 6.000 meter bij 1080p\/60fps. De uitzendmodus ondersteunt een onbeperkt aantal ontvangers voor teammonitoring. Ondersteunt triple-band frequentiehopping voor optimaal gebruik van draadloze kanalen. Maakt gebruik van Ronin 4D-chip voor ultralage end-to-end transmissielatentie. DJI High-Bright Remote Monitor combineert monitor en ontvanger met uitbreidingstools. Compatibel met Ronin 4D-handgrepen en DJI Master Wheels voor afstandsbedieningsfunctionaliteit. Maakt het opnemen van 1080p\/60fps H.264-opnamen op een microSD-kaart mogelijk voor eenvoudige bewerking op de set.\" \/>\n<meta property=\"og:url\" content=\"https:\/\/koningdrone.be\/fr\/produit\/dji-video-transmitter\/\" \/>\n<meta property=\"og:site_name\" content=\"koningdrone.be\" \/>\n<meta property=\"article:modified_time\" content=\"2026-04-29T02:10:55+00:00\" \/>\n<meta property=\"og:image\" content=\"https:\/\/koningdrone.be\/wp-content\/uploads\/sites\/13\/2025\/04\/300cd45a6f92ad1fe83e438330ecd136@ultra.jpg\" \/>\n\t<meta property=\"og:image:width\" content=\"1280\" \/>\n\t<meta property=\"og:image:height\" content=\"1280\" \/>\n\t<meta property=\"og:image:type\" content=\"image\/jpeg\" \/>\n<meta name=\"twitter:card\" content=\"summary_large_image\" \/>\n<meta name=\"twitter:label1\" content=\"Dur\u00e9e de lecture est.\" \/>\n\t<meta name=\"twitter:data1\" content=\"2 minutes\" \/>\n<script type=\"application\/ld+json\" class=\"yoast-schema-graph\">{\"@context\":\"https:\/\/schema.org\",\"@graph\":[{\"@type\":\"WebPage\",\"@id\":\"https:\/\/koningdrone.be\/product\/dji-video-transmitter\/\",\"url\":\"https:\/\/koningdrone.be\/product\/dji-video-transmitter\/\",\"name\":\"DJI Video Transmitter - koningdrone.be\",\"isPartOf\":{\"@id\":\"https:\/\/koningdrone.be\/#website\"},\"primaryImageOfPage\":{\"@id\":\"https:\/\/koningdrone.be\/product\/dji-video-transmitter\/#primaryimage\"},\"image\":{\"@id\":\"https:\/\/koningdrone.be\/product\/dji-video-transmitter\/#primaryimage\"},\"thumbnailUrl\":\"https:\/\/koningdrone.be\/wp-content\/uploads\/sites\/13\/2025\/04\/300cd45a6f92ad1fe83e438330ecd136@ultra.jpg\",\"datePublished\":\"2024-04-15T09:19:06+00:00\",\"dateModified\":\"2026-04-29T02:10:55+00:00\",\"breadcrumb\":{\"@id\":\"https:\/\/koningdrone.be\/product\/dji-video-transmitter\/#breadcrumb\"},\"inLanguage\":\"fr-BE\",\"potentialAction\":[{\"@type\":\"ReadAction\",\"target\":[\"https:\/\/koningdrone.be\/product\/dji-video-transmitter\/\"]}]},{\"@type\":\"ImageObject\",\"inLanguage\":\"fr-BE\",\"@id\":\"https:\/\/koningdrone.be\/product\/dji-video-transmitter\/#primaryimage\",\"url\":\"https:\/\/koningdrone.be\/wp-content\/uploads\/sites\/13\/2025\/04\/300cd45a6f92ad1fe83e438330ecd136@ultra.jpg\",\"contentUrl\":\"https:\/\/koningdrone.be\/wp-content\/uploads\/sites\/13\/2025\/04\/300cd45a6f92ad1fe83e438330ecd136@ultra.jpg\",\"width\":1280,\"height\":1280},{\"@type\":\"BreadcrumbList\",\"@id\":\"https:\/\/koningdrone.be\/product\/dji-video-transmitter\/#breadcrumb\",\"itemListElement\":[{\"@type\":\"ListItem\",\"position\":1,\"name\":\"Home\",\"item\":\"https:\/\/koningdrone.be\/\"},{\"@type\":\"ListItem\",\"position\":2,\"name\":\"AVSS Parachute Recovery System for DJI Matrice 300\/350\",\"item\":\"https:\/\/koningdrone.be\/product\/avss-parachute-recovery-system-for-dji-matrice-300-350\/\"},{\"@type\":\"ListItem\",\"position\":3,\"name\":\"Alle gimbals en cameras\",\"item\":\"https:\/\/koningdrone.be\/categorie\/alle-gimbals-en-cameras\/\"},{\"@type\":\"ListItem\",\"position\":4,\"name\":\"DJI Video Transmitter\"}]},{\"@type\":\"WebSite\",\"@id\":\"https:\/\/koningdrone.be\/#website\",\"url\":\"https:\/\/koningdrone.be\/\",\"name\":\"Koningdrone.be - Uw online specialist in drones, gimbals, camera's en power stations.\",\"description\":\"De webshop in drones en gimbals\",\"publisher\":{\"@id\":\"https:\/\/koningdrone.be\/#organization\"},\"potentialAction\":[{\"@type\":\"SearchAction\",\"target\":{\"@type\":\"EntryPoint\",\"urlTemplate\":\"https:\/\/koningdrone.be\/?s={search_term_string}\"},\"query-input\":{\"@type\":\"PropertyValueSpecification\",\"valueRequired\":true,\"valueName\":\"search_term_string\"}}],\"inLanguage\":\"fr-BE\"},{\"@type\":\"Organization\",\"@id\":\"https:\/\/koningdrone.be\/#organization\",\"name\":\"Koningdrone.be\",\"url\":\"https:\/\/koningdrone.be\/\",\"logo\":{\"@type\":\"ImageObject\",\"inLanguage\":\"fr-BE\",\"@id\":\"https:\/\/koningdrone.be\/#\/schema\/logo\/image\/\",\"url\":\"https:\/\/koningdrone.be\/wp-content\/uploads\/sites\/13\/2025\/04\/koningdrone-copyright-logo.svg\",\"contentUrl\":\"https:\/\/koningdrone.be\/wp-content\/uploads\/sites\/13\/2025\/04\/koningdrone-copyright-logo.svg\",\"width\":227,\"height\":38,\"caption\":\"Koningdrone.be\"},\"image\":{\"@id\":\"https:\/\/koningdrone.be\/#\/schema\/logo\/image\/\"}}]}<\/script>\n<!-- \/ Yoast SEO Premium plugin. -->","yoast_head_json":{"title":"DJI Video Transmitter - koningdrone.be","robots":{"index":"index","follow":"follow","max-snippet":"max-snippet:-1","max-image-preview":"max-image-preview:large","max-video-preview":"max-video-preview:-1"},"canonical":"https:\/\/koningdrone.be\/fr\/produit\/dji-video-transmitter\/","og_locale":"fr_FR","og_type":"article","og_title":"DJI Video Transmitter","og_description":"Bevat O3 Pro-videotransmissie met een bereik van 6.000 meter bij 1080p\/60fps. De uitzendmodus ondersteunt een onbeperkt aantal ontvangers voor teammonitoring. Ondersteunt triple-band frequentiehopping voor optimaal gebruik van draadloze kanalen. Maakt gebruik van Ronin 4D-chip voor ultralage end-to-end transmissielatentie. DJI High-Bright Remote Monitor combineert monitor en ontvanger met uitbreidingstools. Compatibel met Ronin 4D-handgrepen en DJI Master Wheels voor afstandsbedieningsfunctionaliteit. Maakt het opnemen van 1080p\/60fps H.264-opnamen op een microSD-kaart mogelijk voor eenvoudige bewerking op de set.","og_url":"https:\/\/koningdrone.be\/fr\/produit\/dji-video-transmitter\/","og_site_name":"koningdrone.be","article_modified_time":"2026-04-29T02:10:55+00:00","og_image":[{"width":1280,"height":1280,"url":"https:\/\/koningdrone.be\/wp-content\/uploads\/sites\/13\/2025\/04\/300cd45a6f92ad1fe83e438330ecd136@ultra.jpg","type":"image\/jpeg"}],"twitter_card":"summary_large_image","twitter_misc":{"Dur\u00e9e de lecture est.":"2 minutes"},"schema":{"@context":"https:\/\/schema.org","@graph":[{"@type":"WebPage","@id":"https:\/\/koningdrone.be\/product\/dji-video-transmitter\/","url":"https:\/\/koningdrone.be\/product\/dji-video-transmitter\/","name":"DJI Video Transmitter - koningdrone.be","isPartOf":{"@id":"https:\/\/koningdrone.be\/#website"},"primaryImageOfPage":{"@id":"https:\/\/koningdrone.be\/product\/dji-video-transmitter\/#primaryimage"},"image":{"@id":"https:\/\/koningdrone.be\/product\/dji-video-transmitter\/#primaryimage"},"thumbnailUrl":"https:\/\/koningdrone.be\/wp-content\/uploads\/sites\/13\/2025\/04\/300cd45a6f92ad1fe83e438330ecd136@ultra.jpg","datePublished":"2024-04-15T09:19:06+00:00","dateModified":"2026-04-29T02:10:55+00:00","breadcrumb":{"@id":"https:\/\/koningdrone.be\/product\/dji-video-transmitter\/#breadcrumb"},"inLanguage":"fr-BE","potentialAction":[{"@type":"ReadAction","target":["https:\/\/koningdrone.be\/product\/dji-video-transmitter\/"]}]},{"@type":"ImageObject","inLanguage":"fr-BE","@id":"https:\/\/koningdrone.be\/product\/dji-video-transmitter\/#primaryimage","url":"https:\/\/koningdrone.be\/wp-content\/uploads\/sites\/13\/2025\/04\/300cd45a6f92ad1fe83e438330ecd136@ultra.jpg","contentUrl":"https:\/\/koningdrone.be\/wp-content\/uploads\/sites\/13\/2025\/04\/300cd45a6f92ad1fe83e438330ecd136@ultra.jpg","width":1280,"height":1280},{"@type":"BreadcrumbList","@id":"https:\/\/koningdrone.be\/product\/dji-video-transmitter\/#breadcrumb","itemListElement":[{"@type":"ListItem","position":1,"name":"Home","item":"https:\/\/koningdrone.be\/"},{"@type":"ListItem","position":2,"name":"AVSS Parachute Recovery System for DJI Matrice 300\/350","item":"https:\/\/koningdrone.be\/product\/avss-parachute-recovery-system-for-dji-matrice-300-350\/"},{"@type":"ListItem","position":3,"name":"Alle gimbals en cameras","item":"https:\/\/koningdrone.be\/categorie\/alle-gimbals-en-cameras\/"},{"@type":"ListItem","position":4,"name":"DJI Video Transmitter"}]},{"@type":"WebSite","@id":"https:\/\/koningdrone.be\/#website","url":"https:\/\/koningdrone.be\/","name":"Koningdrone.be - Votre sp\u00e9cialiste en ligne en mati\u00e8re de drones, de cardans, de cam\u00e9ras et de centrales \u00e9lectriques.","description":"La boutique en ligne de drones et de cardans","publisher":{"@id":"https:\/\/koningdrone.be\/#organization"},"potentialAction":[{"@type":"SearchAction","target":{"@type":"EntryPoint","urlTemplate":"https:\/\/koningdrone.be\/?s={search_term_string}"},"query-input":{"@type":"PropertyValueSpecification","valueRequired":true,"valueName":"search_term_string"}}],"inLanguage":"fr-BE"},{"@type":"Organization","@id":"https:\/\/koningdrone.be\/#organization","name":"Kingdrone.co.uk","url":"https:\/\/koningdrone.be\/","logo":{"@type":"ImageObject","inLanguage":"fr-BE","@id":"https:\/\/koningdrone.be\/#\/schema\/logo\/image\/","url":"https:\/\/koningdrone.be\/wp-content\/uploads\/sites\/13\/2025\/04\/koningdrone-copyright-logo.svg","contentUrl":"https:\/\/koningdrone.be\/wp-content\/uploads\/sites\/13\/2025\/04\/koningdrone-copyright-logo.svg","width":227,"height":38,"caption":"Koningdrone.be"},"image":{"@id":"https:\/\/koningdrone.be\/#\/schema\/logo\/image\/"}}]}},"df_price":1058,"df_sale_price":"","df_regular_price":1058,"df_image_link":"https:\/\/koningdrone.be\/wp-content\/uploads\/sites\/13\/2025\/04\/300cd45a6f92ad1fe83e438330ecd136@ultra-300x300.jpg","_links":{"self":[{"href":"https:\/\/koningdrone.be\/fr\/wp-json\/wp\/v2\/product\/3707","targetHints":{"allow":["GET"]}}],"collection":[{"href":"https:\/\/koningdrone.be\/fr\/wp-json\/wp\/v2\/product"}],"about":[{"href":"https:\/\/koningdrone.be\/fr\/wp-json\/wp\/v2\/types\/product"}],"wp:featuredmedia":[{"embeddable":true,"href":"https:\/\/koningdrone.be\/fr\/wp-json\/wp\/v2\/media\/3704"}],"wp:attachment":[{"href":"https:\/\/koningdrone.be\/fr\/wp-json\/wp\/v2\/media?parent=3707"}],"wp:term":[{"taxonomy":"product_brand","embeddable":true,"href":"https:\/\/koningdrone.be\/fr\/wp-json\/wp\/v2\/product_brand?post=3707"},{"taxonomy":"product_cat","embeddable":true,"href":"https:\/\/koningdrone.be\/fr\/wp-json\/wp\/v2\/product_cat?post=3707"},{"taxonomy":"product_tag","embeddable":true,"href":"https:\/\/koningdrone.be\/fr\/wp-json\/wp\/v2\/product_tag?post=3707"}],"curies":[{"name":"wp","href":"https:\/\/api.w.org\/{rel}","templated":true}]}}