{"id":3703,"date":"2024-04-15T11:19:06","date_gmt":"2024-04-15T09:19:06","guid":{"rendered":"https:\/\/koningdrone.nl\/kon\/product\/dji-video-receiver\/"},"modified":"2026-04-29T04:10:56","modified_gmt":"2026-04-29T02:10:56","slug":"dji-video-receiver","status":"publish","type":"product","link":"https:\/\/koningdrone.be\/fr\/produit\/dji-video-receiver\/","title":{"rendered":"R\u00e9cepteur vid\u00e9o DJI"},"content":{"rendered":"<p><strong>Technologie avanc\u00e9e de transmission vid\u00e9o O3 Pro<\/strong><\/p>\n<p> Ce produit est dot\u00e9 de la technologie de transmission vid\u00e9o avanc\u00e9e O3 Pro, qui offre une capacit\u00e9 de transmission exceptionnelle sur de longues distances allant jusqu'\u00e0 6 000 m\u00e8tres. Il prend en charge la vid\u00e9o de haute qualit\u00e9 avec une r\u00e9solution de 1080p et 60 images par seconde, ce qui garantit des images claires et d\u00e9taill\u00e9es.<\/p>\n<p>  <strong>Mode diffusion pour l'efficacit\u00e9 de l'\u00e9quipe<\/strong><\/p>\n<p> En mode diffusion, un nombre illimit\u00e9 de r\u00e9cepteurs peut \u00eatre connect\u00e9, ce qui permet \u00e0 plusieurs \u00e9quipes de visionner les images en temps r\u00e9el. Cette fonctionnalit\u00e9 est particuli\u00e8rement utile pour coordonner les efforts et am\u00e9liorer l'efficacit\u00e9 des \u00e9quipes pendant les tournages.<\/p>\n<p>  <strong>Saut de fr\u00e9quence \u00e0 trois bandes<\/strong><\/p>\n<p> L'appareil prend en charge la commutation automatique entre trois bandes de fr\u00e9quences : 2,4 GHz, 5,8 GHz et DFS. Cette fonction permet de minimiser les interf\u00e9rences et d'optimiser l'utilisation des canaux sans fil, afin de maintenir une connexion stable et fiable.<\/p>\n<p>  <strong>Optimisation des liaisons \u00e0 faible latence<\/strong><\/p>\n<p> Bas\u00e9 sur la m\u00eame technologie de puce que celle utilis\u00e9e dans le Ronin 4D, ce produit est finement r\u00e9gl\u00e9 pour garantir une latence de transmission ultra-faible. Cela garantit une connexion quasi instantan\u00e9e entre les appareils de transmission et de r\u00e9ception, ce qui est essentiel pour un contr\u00f4le pr\u00e9cis dans les applications en temps r\u00e9el.<\/p>\n<p>  <strong>Moniteur externe DJI High-Bright int\u00e9gr\u00e9<\/strong><\/p>\n<p> Le produit comprend le DJI High-Bright Remote Monitor, qui combine \u00e0 la fois un moniteur et un r\u00e9cepteur. Il est \u00e9galement dot\u00e9 d'outils d'extension et d'assistance qui permettent un contr\u00f4le pr\u00e9cis du syst\u00e8me, am\u00e9liorant ainsi l'exp\u00e9rience de l'utilisateur.<\/p>\n<p>  <strong>Compatibilit\u00e9 et contr\u00f4le avec les accessoires DJI<\/strong><\/p>\n<p> Utilis\u00e9 en combinaison avec les poign\u00e9es Ronin 4D ou les DJI Master Wheels, ce syst\u00e8me permet de contr\u00f4ler \u00e0 distance divers appareils tels que le Ronin 2 et le RS 3 Pro. Les utilisateurs peuvent \u00e9galement contr\u00f4ler sans effort la mise au point et d'autres fonctions de la cam\u00e9ra \u00e0 distance, ce qui augmente la polyvalence.<\/p>\n<p>  <strong>Facilit\u00e9 d'utilisation du poste<\/strong><\/p>\n<p> L'appareil permet d'enregistrer des s\u00e9quences 1080p\/60fps au format H.264 directement sur une carte microSD. Cette capacit\u00e9 simplifie le processus de cr\u00e9ation et d'\u00e9dition d'\u00e9chantillons vid\u00e9o directement sur le plateau, permettant une r\u00e9vision rapide et des ajustements si n\u00e9cessaire.<\/p>","protected":false},"excerpt":{"rendered":"<ul>\n<li>La technologie vid\u00e9o O3 Pro permet une transmission sur une distance de 6 000 m\u00e8tres \u00e0 1080p\/60fps.<\/li>\n<li> Le mode diffusion permet un nombre illimit\u00e9 de connexions de r\u00e9cepteurs pour la surveillance d'une \u00e9quipe.<\/li>\n<li> Il est dot\u00e9 d'un d\u00e9calage de fr\u00e9quence automatique \u00e0 trois bandes : 2,4 GHz, 5,8 GHz, DFS.<\/li>\n<li> Solution de puce partag\u00e9e avec Ronin 4D pour une latence de transmission minimale.<\/li>\n<li> Le moniteur \u00e0 distance DJI High-Bright combine la surveillance, le contr\u00f4le et l'expansion.<\/li>\n<li> Compatible avec les poign\u00e9es Ronin 4D et les DJI Master Wheels pour la t\u00e9l\u00e9commande.<\/li>\n<li> Prise en charge du montage sur le plateau avec des s\u00e9quences H.264 1080p\/60fps enregistr\u00e9es sur microSD.<\/li>\n<\/ul>","protected":false},"featured_media":3699,"template":"","meta":{"_acf_changed":false},"product_brand":[],"product_cat":[315,97,265,532],"product_tag":[108],"class_list":{"0":"post-3703","1":"product","2":"type-product","3":"status-publish","4":"has-post-thumbnail","6":"product_cat-alle-gimbals-en-cameras","7":"product_cat-alle-producten","8":"product_cat-dji-ronin","9":"product_cat-dji-ronin-4d","10":"product_tag-acsystemsall","11":"product_shipping_class-acsystemsall","12":"pa_brand-dji","13":"pa_productfamily-video-transmitter","14":"pa_producttype-video-transmitter","16":"first","17":"instock","18":"taxable","19":"shipping-taxable","20":"purchasable","21":"product-type-simple"},"acf":[],"yoast_head":"<!-- This site is optimized with the Yoast SEO Premium plugin v27.2 (Yoast SEO v27.2) - https:\/\/yoast.com\/product\/yoast-seo-premium-wordpress\/ -->\n<title>DJI Video Receiver - koningdrone.be<\/title>\n<meta name=\"robots\" content=\"index, follow, max-snippet:-1, max-image-preview:large, max-video-preview:-1\" \/>\n<link rel=\"canonical\" href=\"https:\/\/koningdrone.be\/fr\/produit\/dji-video-receiver\/\" \/>\n<meta property=\"og:locale\" content=\"fr_FR\" \/>\n<meta property=\"og:type\" content=\"article\" \/>\n<meta property=\"og:title\" content=\"DJI Video Receiver\" \/>\n<meta property=\"og:description\" content=\"O3 Pro-videotechnologie ondersteunt transmissie over een afstand van 6.000 meter bij 1080p\/60fps. De uitzendmodus maakt onbeperkte ontvangerverbindingen mogelijk voor teammonitoring. Beschikt over driebands automatische frequentieverspringing: 2,4 GHz, 5,8 GHz, DFS. Deelt chipoplossing met Ronin 4D voor minimale transmissielatentie. DJI High-Bright Remote Monitor combineert monitoring, bediening en uitbreiding. Compatibel met Ronin 4D-handgrepen en DJI Master Wheels voor afstandsbediening. Ondersteunt bewerken op de set met op microSD opgenomen 1080p\/60fps H.264-beelden.\" \/>\n<meta property=\"og:url\" content=\"https:\/\/koningdrone.be\/fr\/produit\/dji-video-receiver\/\" \/>\n<meta property=\"og:site_name\" content=\"koningdrone.be\" \/>\n<meta property=\"article:modified_time\" content=\"2026-04-29T02:10:56+00:00\" \/>\n<meta property=\"og:image\" content=\"https:\/\/koningdrone.be\/wp-content\/uploads\/sites\/13\/2025\/04\/67feb8393c2f590f29ca2baf7dd2cbff@ultra.png\" \/>\n\t<meta property=\"og:image:width\" content=\"1280\" \/>\n\t<meta property=\"og:image:height\" content=\"1280\" \/>\n\t<meta property=\"og:image:type\" content=\"image\/png\" \/>\n<meta name=\"twitter:card\" content=\"summary_large_image\" \/>\n<meta name=\"twitter:label1\" content=\"Dur\u00e9e de lecture est.\" \/>\n\t<meta name=\"twitter:data1\" content=\"2 minutes\" \/>\n<script type=\"application\/ld+json\" class=\"yoast-schema-graph\">{\"@context\":\"https:\/\/schema.org\",\"@graph\":[{\"@type\":\"WebPage\",\"@id\":\"https:\/\/koningdrone.be\/product\/dji-video-receiver\/\",\"url\":\"https:\/\/koningdrone.be\/product\/dji-video-receiver\/\",\"name\":\"DJI Video Receiver - koningdrone.be\",\"isPartOf\":{\"@id\":\"https:\/\/koningdrone.be\/#website\"},\"primaryImageOfPage\":{\"@id\":\"https:\/\/koningdrone.be\/product\/dji-video-receiver\/#primaryimage\"},\"image\":{\"@id\":\"https:\/\/koningdrone.be\/product\/dji-video-receiver\/#primaryimage\"},\"thumbnailUrl\":\"https:\/\/koningdrone.be\/wp-content\/uploads\/sites\/13\/2025\/04\/67feb8393c2f590f29ca2baf7dd2cbff@ultra.png\",\"datePublished\":\"2024-04-15T09:19:06+00:00\",\"dateModified\":\"2026-04-29T02:10:56+00:00\",\"breadcrumb\":{\"@id\":\"https:\/\/koningdrone.be\/product\/dji-video-receiver\/#breadcrumb\"},\"inLanguage\":\"fr-BE\",\"potentialAction\":[{\"@type\":\"ReadAction\",\"target\":[\"https:\/\/koningdrone.be\/product\/dji-video-receiver\/\"]}]},{\"@type\":\"ImageObject\",\"inLanguage\":\"fr-BE\",\"@id\":\"https:\/\/koningdrone.be\/product\/dji-video-receiver\/#primaryimage\",\"url\":\"https:\/\/koningdrone.be\/wp-content\/uploads\/sites\/13\/2025\/04\/67feb8393c2f590f29ca2baf7dd2cbff@ultra.png\",\"contentUrl\":\"https:\/\/koningdrone.be\/wp-content\/uploads\/sites\/13\/2025\/04\/67feb8393c2f590f29ca2baf7dd2cbff@ultra.png\",\"width\":1280,\"height\":1280},{\"@type\":\"BreadcrumbList\",\"@id\":\"https:\/\/koningdrone.be\/product\/dji-video-receiver\/#breadcrumb\",\"itemListElement\":[{\"@type\":\"ListItem\",\"position\":1,\"name\":\"Home\",\"item\":\"https:\/\/koningdrone.be\/\"},{\"@type\":\"ListItem\",\"position\":2,\"name\":\"AVSS Parachute Recovery System for DJI Matrice 300\/350\",\"item\":\"https:\/\/koningdrone.be\/product\/avss-parachute-recovery-system-for-dji-matrice-300-350\/\"},{\"@type\":\"ListItem\",\"position\":3,\"name\":\"Alle gimbals en cameras\",\"item\":\"https:\/\/koningdrone.be\/categorie\/alle-gimbals-en-cameras\/\"},{\"@type\":\"ListItem\",\"position\":4,\"name\":\"DJI Video Receiver\"}]},{\"@type\":\"WebSite\",\"@id\":\"https:\/\/koningdrone.be\/#website\",\"url\":\"https:\/\/koningdrone.be\/\",\"name\":\"Koningdrone.be - Uw online specialist in drones, gimbals, camera's en power stations.\",\"description\":\"De webshop in drones en gimbals\",\"publisher\":{\"@id\":\"https:\/\/koningdrone.be\/#organization\"},\"potentialAction\":[{\"@type\":\"SearchAction\",\"target\":{\"@type\":\"EntryPoint\",\"urlTemplate\":\"https:\/\/koningdrone.be\/?s={search_term_string}\"},\"query-input\":{\"@type\":\"PropertyValueSpecification\",\"valueRequired\":true,\"valueName\":\"search_term_string\"}}],\"inLanguage\":\"fr-BE\"},{\"@type\":\"Organization\",\"@id\":\"https:\/\/koningdrone.be\/#organization\",\"name\":\"Koningdrone.be\",\"url\":\"https:\/\/koningdrone.be\/\",\"logo\":{\"@type\":\"ImageObject\",\"inLanguage\":\"fr-BE\",\"@id\":\"https:\/\/koningdrone.be\/#\/schema\/logo\/image\/\",\"url\":\"https:\/\/koningdrone.be\/wp-content\/uploads\/sites\/13\/2025\/04\/koningdrone-copyright-logo.svg\",\"contentUrl\":\"https:\/\/koningdrone.be\/wp-content\/uploads\/sites\/13\/2025\/04\/koningdrone-copyright-logo.svg\",\"width\":227,\"height\":38,\"caption\":\"Koningdrone.be\"},\"image\":{\"@id\":\"https:\/\/koningdrone.be\/#\/schema\/logo\/image\/\"}}]}<\/script>\n<!-- \/ Yoast SEO Premium plugin. -->","yoast_head_json":{"title":"DJI Video Receiver - koningdrone.be","robots":{"index":"index","follow":"follow","max-snippet":"max-snippet:-1","max-image-preview":"max-image-preview:large","max-video-preview":"max-video-preview:-1"},"canonical":"https:\/\/koningdrone.be\/fr\/produit\/dji-video-receiver\/","og_locale":"fr_FR","og_type":"article","og_title":"DJI Video Receiver","og_description":"O3 Pro-videotechnologie ondersteunt transmissie over een afstand van 6.000 meter bij 1080p\/60fps. De uitzendmodus maakt onbeperkte ontvangerverbindingen mogelijk voor teammonitoring. Beschikt over driebands automatische frequentieverspringing: 2,4 GHz, 5,8 GHz, DFS. Deelt chipoplossing met Ronin 4D voor minimale transmissielatentie. DJI High-Bright Remote Monitor combineert monitoring, bediening en uitbreiding. Compatibel met Ronin 4D-handgrepen en DJI Master Wheels voor afstandsbediening. Ondersteunt bewerken op de set met op microSD opgenomen 1080p\/60fps H.264-beelden.","og_url":"https:\/\/koningdrone.be\/fr\/produit\/dji-video-receiver\/","og_site_name":"koningdrone.be","article_modified_time":"2026-04-29T02:10:56+00:00","og_image":[{"width":1280,"height":1280,"url":"https:\/\/koningdrone.be\/wp-content\/uploads\/sites\/13\/2025\/04\/67feb8393c2f590f29ca2baf7dd2cbff@ultra.png","type":"image\/png"}],"twitter_card":"summary_large_image","twitter_misc":{"Dur\u00e9e de lecture est.":"2 minutes"},"schema":{"@context":"https:\/\/schema.org","@graph":[{"@type":"WebPage","@id":"https:\/\/koningdrone.be\/product\/dji-video-receiver\/","url":"https:\/\/koningdrone.be\/product\/dji-video-receiver\/","name":"DJI Video Receiver - koningdrone.be","isPartOf":{"@id":"https:\/\/koningdrone.be\/#website"},"primaryImageOfPage":{"@id":"https:\/\/koningdrone.be\/product\/dji-video-receiver\/#primaryimage"},"image":{"@id":"https:\/\/koningdrone.be\/product\/dji-video-receiver\/#primaryimage"},"thumbnailUrl":"https:\/\/koningdrone.be\/wp-content\/uploads\/sites\/13\/2025\/04\/67feb8393c2f590f29ca2baf7dd2cbff@ultra.png","datePublished":"2024-04-15T09:19:06+00:00","dateModified":"2026-04-29T02:10:56+00:00","breadcrumb":{"@id":"https:\/\/koningdrone.be\/product\/dji-video-receiver\/#breadcrumb"},"inLanguage":"fr-BE","potentialAction":[{"@type":"ReadAction","target":["https:\/\/koningdrone.be\/product\/dji-video-receiver\/"]}]},{"@type":"ImageObject","inLanguage":"fr-BE","@id":"https:\/\/koningdrone.be\/product\/dji-video-receiver\/#primaryimage","url":"https:\/\/koningdrone.be\/wp-content\/uploads\/sites\/13\/2025\/04\/67feb8393c2f590f29ca2baf7dd2cbff@ultra.png","contentUrl":"https:\/\/koningdrone.be\/wp-content\/uploads\/sites\/13\/2025\/04\/67feb8393c2f590f29ca2baf7dd2cbff@ultra.png","width":1280,"height":1280},{"@type":"BreadcrumbList","@id":"https:\/\/koningdrone.be\/product\/dji-video-receiver\/#breadcrumb","itemListElement":[{"@type":"ListItem","position":1,"name":"Home","item":"https:\/\/koningdrone.be\/"},{"@type":"ListItem","position":2,"name":"AVSS Parachute Recovery System for DJI Matrice 300\/350","item":"https:\/\/koningdrone.be\/product\/avss-parachute-recovery-system-for-dji-matrice-300-350\/"},{"@type":"ListItem","position":3,"name":"Alle gimbals en cameras","item":"https:\/\/koningdrone.be\/categorie\/alle-gimbals-en-cameras\/"},{"@type":"ListItem","position":4,"name":"DJI Video Receiver"}]},{"@type":"WebSite","@id":"https:\/\/koningdrone.be\/#website","url":"https:\/\/koningdrone.be\/","name":"Koningdrone.be - Votre sp\u00e9cialiste en ligne en mati\u00e8re de drones, de cardans, de cam\u00e9ras et de centrales \u00e9lectriques.","description":"La boutique en ligne de drones et de cardans","publisher":{"@id":"https:\/\/koningdrone.be\/#organization"},"potentialAction":[{"@type":"SearchAction","target":{"@type":"EntryPoint","urlTemplate":"https:\/\/koningdrone.be\/?s={search_term_string}"},"query-input":{"@type":"PropertyValueSpecification","valueRequired":true,"valueName":"search_term_string"}}],"inLanguage":"fr-BE"},{"@type":"Organization","@id":"https:\/\/koningdrone.be\/#organization","name":"Kingdrone.co.uk","url":"https:\/\/koningdrone.be\/","logo":{"@type":"ImageObject","inLanguage":"fr-BE","@id":"https:\/\/koningdrone.be\/#\/schema\/logo\/image\/","url":"https:\/\/koningdrone.be\/wp-content\/uploads\/sites\/13\/2025\/04\/koningdrone-copyright-logo.svg","contentUrl":"https:\/\/koningdrone.be\/wp-content\/uploads\/sites\/13\/2025\/04\/koningdrone-copyright-logo.svg","width":227,"height":38,"caption":"Koningdrone.be"},"image":{"@id":"https:\/\/koningdrone.be\/#\/schema\/logo\/image\/"}}]}},"df_price":1253,"df_sale_price":"","df_regular_price":1253,"df_image_link":"https:\/\/koningdrone.be\/wp-content\/uploads\/sites\/13\/2025\/04\/67feb8393c2f590f29ca2baf7dd2cbff@ultra-300x300.png","_links":{"self":[{"href":"https:\/\/koningdrone.be\/fr\/wp-json\/wp\/v2\/product\/3703","targetHints":{"allow":["GET"]}}],"collection":[{"href":"https:\/\/koningdrone.be\/fr\/wp-json\/wp\/v2\/product"}],"about":[{"href":"https:\/\/koningdrone.be\/fr\/wp-json\/wp\/v2\/types\/product"}],"wp:featuredmedia":[{"embeddable":true,"href":"https:\/\/koningdrone.be\/fr\/wp-json\/wp\/v2\/media\/3699"}],"wp:attachment":[{"href":"https:\/\/koningdrone.be\/fr\/wp-json\/wp\/v2\/media?parent=3703"}],"wp:term":[{"taxonomy":"product_brand","embeddable":true,"href":"https:\/\/koningdrone.be\/fr\/wp-json\/wp\/v2\/product_brand?post=3703"},{"taxonomy":"product_cat","embeddable":true,"href":"https:\/\/koningdrone.be\/fr\/wp-json\/wp\/v2\/product_cat?post=3703"},{"taxonomy":"product_tag","embeddable":true,"href":"https:\/\/koningdrone.be\/fr\/wp-json\/wp\/v2\/product_tag?post=3703"}],"curies":[{"name":"wp","href":"https:\/\/api.w.org\/{rel}","templated":true}]}}