{"id":3698,"date":"2024-04-15T11:19:06","date_gmt":"2024-04-15T09:19:06","guid":{"rendered":"https:\/\/koningdrone.nl\/kon\/product\/dji-transmission-standard-combo\/"},"modified":"2026-04-29T04:10:54","modified_gmt":"2026-04-29T02:10:54","slug":"dji-transmission-standard-combo","status":"publish","type":"product","link":"https:\/\/koningdrone.be\/fr\/produit\/dji-transmission-standard-combo\/","title":{"rendered":"DJI Transmission (Combo standard)"},"content":{"rendered":"<p><strong>Technologie avanc\u00e9e de transmission vid\u00e9o<\/strong><\/p>\n<p> Ce produit est dot\u00e9 de la technologie de transmission vid\u00e9o avanc\u00e9e O3 Pro, qui permet une distance de transmission remarquable de 6 000 m\u00e8tres, tout en conservant une qualit\u00e9 vid\u00e9o claire et nette \u00e0 1080p\/60 images\/seconde. L'ajout d'un mode de diffusion permet \u00e0 un nombre illimit\u00e9 de r\u00e9cepteurs de se connecter simultan\u00e9ment, ce qui facilite la surveillance en temps r\u00e9el par plusieurs \u00e9quipes, am\u00e9liorant ainsi l'efficacit\u00e9 op\u00e9rationnelle.<\/p>\n<p>  <strong>Commutation dynamique de fr\u00e9quence<\/strong><\/p>\n<p> L'appareil est capable de basculer automatiquement entre les fr\u00e9quences triple bande (2,4 GHz, 5,8 GHz et DFS), ce qui garantit une utilisation optimale des canaux sans fil dans divers environnements. Il utilise une solution de puce avanc\u00e9e, la m\u00eame que celle utilis\u00e9e dans le Ronin 4D, qui a \u00e9t\u00e9 m\u00e9ticuleusement optimis\u00e9e pour garantir une latence ultra-faible du d\u00e9but \u00e0 la fin, ce qui le rend id\u00e9al pour les applications en temps r\u00e9el.<\/p>\n<p>  <strong>Moniteur et r\u00e9cepteur int\u00e9gr\u00e9s et tr\u00e8s lumineux<\/strong><\/p>\n<p> Combinant \u00e0 la fois un moniteur et un r\u00e9cepteur, le DJI High-Bright Remote Monitor offre des fonctions et des outils suppl\u00e9mentaires pour un contr\u00f4le pr\u00e9cis, ce qui le rend parfait pour une utilisation professionnelle. Associ\u00e9 aux poign\u00e9es Ronin 4D ou aux DJI Master Wheels, il permet de contr\u00f4ler \u00e0 distance des appareils tels que le Ronin 2 et le RS 3 Pro, y compris la mise au point de la cam\u00e9ra et d'autres fonctions.<\/p>\n<p>  <strong>Options d'\u00e9dition sur le plateau<\/strong><\/p>\n<p> Pour plus de commodit\u00e9, l'appareil prend en charge le montage sur le plateau, ce qui permet d'enregistrer des s\u00e9quences H.264 1080p\/60fps de mani\u00e8re ind\u00e9pendante et de les stocker sur une carte microSD. Cette capacit\u00e9 permet de monter rapidement des \u00e9chantillons directement sur le plateau, ce qui simplifie le processus de post-production.<\/p>","protected":false},"excerpt":{"rendered":"<ul>\n<li>Technologie de transmission vid\u00e9o O3 Pro, 6 000 m\u00e8tres, 1080p\/60fps.<\/li>\n<li> Les r\u00e9cepteurs sans restriction en mode diffusion am\u00e9liorent l'efficacit\u00e9 de l'\u00e9quipe.<\/li>\n<li> Prise en charge du d\u00e9calage automatique de fr\u00e9quence \u00e0 trois bandes : 2,4 GHz, 5,8 GHz, DFS.<\/li>\n<li> Utilise la puce Ronin 4D pour une latence de transmission ultra-faible.<\/li>\n<li> Moniteur et r\u00e9cepteur int\u00e9gr\u00e9s dans le moniteur \u00e0 distance DJI High-Bright.<\/li>\n<li> Compatible avec les poign\u00e9es Ronin 4D, DJI Master Wheels pour la t\u00e9l\u00e9commande.<\/li>\n<li> Enregistre des s\u00e9quences H.264 1080p\/60fps sur microSD pour faciliter le montage sur le plateau.<\/li>\n<\/ul>","protected":false},"featured_media":3694,"template":"","meta":{"_acf_changed":false},"product_brand":[],"product_cat":[315,97,265,532],"product_tag":[108],"class_list":{"0":"post-3698","1":"product","2":"type-product","3":"status-publish","4":"has-post-thumbnail","6":"product_cat-alle-gimbals-en-cameras","7":"product_cat-alle-producten","8":"product_cat-dji-ronin","9":"product_cat-dji-ronin-4d","10":"product_tag-acsystemsall","11":"product_shipping_class-acsystemsall","12":"pa_brand-dji","13":"pa_productfamily-video-transmitter","14":"pa_producttype-video-transmitter","16":"first","17":"instock","18":"taxable","19":"shipping-taxable","20":"purchasable","21":"product-type-simple"},"acf":[],"yoast_head":"<!-- This site is optimized with the Yoast SEO Premium plugin v27.2 (Yoast SEO v27.2) - https:\/\/yoast.com\/product\/yoast-seo-premium-wordpress\/ -->\n<title>DJI Transmission (Standard Combo) - koningdrone.be<\/title>\n<meta name=\"robots\" content=\"index, follow, max-snippet:-1, max-image-preview:large, max-video-preview:-1\" \/>\n<link rel=\"canonical\" href=\"https:\/\/koningdrone.be\/fr\/produit\/dji-transmission-standard-combo\/\" \/>\n<meta property=\"og:locale\" content=\"fr_FR\" \/>\n<meta property=\"og:type\" content=\"article\" \/>\n<meta property=\"og:title\" content=\"DJI Transmission (Standard Combo)\" \/>\n<meta property=\"og:description\" content=\"O3 Pro-videotransmissietechnologie, 6.000 meter, 1080p\/60fps. Onbeperkte ontvangers in de uitzendmodus verbeteren de teameffici\u00ebntie. Ondersteunt triple-band automatische frequentieverspringing: 2,4 GHz, 5,8 GHz, DFS. Maakt gebruik van Ronin 4D-chip voor ultralage transmissielatentie. Ge\u00efntegreerde monitor en ontvanger in DJI High-Bright Remote Monitor. Compatibel met Ronin 4D-handgrepen, DJI Master Wheels voor afstandsbediening. Neemt 1080p\/60fps H.264-beelden op microSD op voor eenvoudige bewerking op de set.\" \/>\n<meta property=\"og:url\" content=\"https:\/\/koningdrone.be\/fr\/produit\/dji-transmission-standard-combo\/\" \/>\n<meta property=\"og:site_name\" content=\"koningdrone.be\" \/>\n<meta property=\"article:modified_time\" content=\"2026-04-29T02:10:54+00:00\" \/>\n<meta property=\"og:image\" content=\"https:\/\/koningdrone.be\/wp-content\/uploads\/sites\/13\/2025\/04\/a4d8dfca0fb36581fb35aeba8a8c455a@ultra.png\" \/>\n\t<meta property=\"og:image:width\" content=\"1280\" \/>\n\t<meta property=\"og:image:height\" content=\"1280\" \/>\n\t<meta property=\"og:image:type\" content=\"image\/png\" \/>\n<meta name=\"twitter:card\" content=\"summary_large_image\" \/>\n<meta name=\"twitter:label1\" content=\"Dur\u00e9e de lecture est.\" \/>\n\t<meta name=\"twitter:data1\" content=\"1 minute\" \/>\n<script type=\"application\/ld+json\" class=\"yoast-schema-graph\">{\"@context\":\"https:\/\/schema.org\",\"@graph\":[{\"@type\":\"WebPage\",\"@id\":\"https:\/\/koningdrone.be\/product\/dji-transmission-standard-combo\/\",\"url\":\"https:\/\/koningdrone.be\/product\/dji-transmission-standard-combo\/\",\"name\":\"DJI Transmission (Standard Combo) - koningdrone.be\",\"isPartOf\":{\"@id\":\"https:\/\/koningdrone.be\/#website\"},\"primaryImageOfPage\":{\"@id\":\"https:\/\/koningdrone.be\/product\/dji-transmission-standard-combo\/#primaryimage\"},\"image\":{\"@id\":\"https:\/\/koningdrone.be\/product\/dji-transmission-standard-combo\/#primaryimage\"},\"thumbnailUrl\":\"https:\/\/koningdrone.be\/wp-content\/uploads\/sites\/13\/2025\/04\/a4d8dfca0fb36581fb35aeba8a8c455a@ultra.png\",\"datePublished\":\"2024-04-15T09:19:06+00:00\",\"dateModified\":\"2026-04-29T02:10:54+00:00\",\"breadcrumb\":{\"@id\":\"https:\/\/koningdrone.be\/product\/dji-transmission-standard-combo\/#breadcrumb\"},\"inLanguage\":\"fr-BE\",\"potentialAction\":[{\"@type\":\"ReadAction\",\"target\":[\"https:\/\/koningdrone.be\/product\/dji-transmission-standard-combo\/\"]}]},{\"@type\":\"ImageObject\",\"inLanguage\":\"fr-BE\",\"@id\":\"https:\/\/koningdrone.be\/product\/dji-transmission-standard-combo\/#primaryimage\",\"url\":\"https:\/\/koningdrone.be\/wp-content\/uploads\/sites\/13\/2025\/04\/a4d8dfca0fb36581fb35aeba8a8c455a@ultra.png\",\"contentUrl\":\"https:\/\/koningdrone.be\/wp-content\/uploads\/sites\/13\/2025\/04\/a4d8dfca0fb36581fb35aeba8a8c455a@ultra.png\",\"width\":1280,\"height\":1280},{\"@type\":\"BreadcrumbList\",\"@id\":\"https:\/\/koningdrone.be\/product\/dji-transmission-standard-combo\/#breadcrumb\",\"itemListElement\":[{\"@type\":\"ListItem\",\"position\":1,\"name\":\"Home\",\"item\":\"https:\/\/koningdrone.be\/\"},{\"@type\":\"ListItem\",\"position\":2,\"name\":\"AVSS Parachute Recovery System for DJI Matrice 300\/350\",\"item\":\"https:\/\/koningdrone.be\/product\/avss-parachute-recovery-system-for-dji-matrice-300-350\/\"},{\"@type\":\"ListItem\",\"position\":3,\"name\":\"Alle gimbals en cameras\",\"item\":\"https:\/\/koningdrone.be\/categorie\/alle-gimbals-en-cameras\/\"},{\"@type\":\"ListItem\",\"position\":4,\"name\":\"DJI Transmission (Standard Combo)\"}]},{\"@type\":\"WebSite\",\"@id\":\"https:\/\/koningdrone.be\/#website\",\"url\":\"https:\/\/koningdrone.be\/\",\"name\":\"Koningdrone.be - Uw online specialist in drones, gimbals, camera's en power stations.\",\"description\":\"De webshop in drones en gimbals\",\"publisher\":{\"@id\":\"https:\/\/koningdrone.be\/#organization\"},\"potentialAction\":[{\"@type\":\"SearchAction\",\"target\":{\"@type\":\"EntryPoint\",\"urlTemplate\":\"https:\/\/koningdrone.be\/?s={search_term_string}\"},\"query-input\":{\"@type\":\"PropertyValueSpecification\",\"valueRequired\":true,\"valueName\":\"search_term_string\"}}],\"inLanguage\":\"fr-BE\"},{\"@type\":\"Organization\",\"@id\":\"https:\/\/koningdrone.be\/#organization\",\"name\":\"Koningdrone.be\",\"url\":\"https:\/\/koningdrone.be\/\",\"logo\":{\"@type\":\"ImageObject\",\"inLanguage\":\"fr-BE\",\"@id\":\"https:\/\/koningdrone.be\/#\/schema\/logo\/image\/\",\"url\":\"https:\/\/koningdrone.be\/wp-content\/uploads\/sites\/13\/2025\/04\/koningdrone-copyright-logo.svg\",\"contentUrl\":\"https:\/\/koningdrone.be\/wp-content\/uploads\/sites\/13\/2025\/04\/koningdrone-copyright-logo.svg\",\"width\":227,\"height\":38,\"caption\":\"Koningdrone.be\"},\"image\":{\"@id\":\"https:\/\/koningdrone.be\/#\/schema\/logo\/image\/\"}}]}<\/script>\n<!-- \/ Yoast SEO Premium plugin. -->","yoast_head_json":{"title":"DJI Transmission (Standard Combo) - koningdrone.be","robots":{"index":"index","follow":"follow","max-snippet":"max-snippet:-1","max-image-preview":"max-image-preview:large","max-video-preview":"max-video-preview:-1"},"canonical":"https:\/\/koningdrone.be\/fr\/produit\/dji-transmission-standard-combo\/","og_locale":"fr_FR","og_type":"article","og_title":"DJI Transmission (Standard Combo)","og_description":"O3 Pro-videotransmissietechnologie, 6.000 meter, 1080p\/60fps. Onbeperkte ontvangers in de uitzendmodus verbeteren de teameffici\u00ebntie. Ondersteunt triple-band automatische frequentieverspringing: 2,4 GHz, 5,8 GHz, DFS. Maakt gebruik van Ronin 4D-chip voor ultralage transmissielatentie. Ge\u00efntegreerde monitor en ontvanger in DJI High-Bright Remote Monitor. Compatibel met Ronin 4D-handgrepen, DJI Master Wheels voor afstandsbediening. Neemt 1080p\/60fps H.264-beelden op microSD op voor eenvoudige bewerking op de set.","og_url":"https:\/\/koningdrone.be\/fr\/produit\/dji-transmission-standard-combo\/","og_site_name":"koningdrone.be","article_modified_time":"2026-04-29T02:10:54+00:00","og_image":[{"width":1280,"height":1280,"url":"https:\/\/koningdrone.be\/wp-content\/uploads\/sites\/13\/2025\/04\/a4d8dfca0fb36581fb35aeba8a8c455a@ultra.png","type":"image\/png"}],"twitter_card":"summary_large_image","twitter_misc":{"Dur\u00e9e de lecture est.":"1 minute"},"schema":{"@context":"https:\/\/schema.org","@graph":[{"@type":"WebPage","@id":"https:\/\/koningdrone.be\/product\/dji-transmission-standard-combo\/","url":"https:\/\/koningdrone.be\/product\/dji-transmission-standard-combo\/","name":"DJI Transmission (Standard Combo) - koningdrone.be","isPartOf":{"@id":"https:\/\/koningdrone.be\/#website"},"primaryImageOfPage":{"@id":"https:\/\/koningdrone.be\/product\/dji-transmission-standard-combo\/#primaryimage"},"image":{"@id":"https:\/\/koningdrone.be\/product\/dji-transmission-standard-combo\/#primaryimage"},"thumbnailUrl":"https:\/\/koningdrone.be\/wp-content\/uploads\/sites\/13\/2025\/04\/a4d8dfca0fb36581fb35aeba8a8c455a@ultra.png","datePublished":"2024-04-15T09:19:06+00:00","dateModified":"2026-04-29T02:10:54+00:00","breadcrumb":{"@id":"https:\/\/koningdrone.be\/product\/dji-transmission-standard-combo\/#breadcrumb"},"inLanguage":"fr-BE","potentialAction":[{"@type":"ReadAction","target":["https:\/\/koningdrone.be\/product\/dji-transmission-standard-combo\/"]}]},{"@type":"ImageObject","inLanguage":"fr-BE","@id":"https:\/\/koningdrone.be\/product\/dji-transmission-standard-combo\/#primaryimage","url":"https:\/\/koningdrone.be\/wp-content\/uploads\/sites\/13\/2025\/04\/a4d8dfca0fb36581fb35aeba8a8c455a@ultra.png","contentUrl":"https:\/\/koningdrone.be\/wp-content\/uploads\/sites\/13\/2025\/04\/a4d8dfca0fb36581fb35aeba8a8c455a@ultra.png","width":1280,"height":1280},{"@type":"BreadcrumbList","@id":"https:\/\/koningdrone.be\/product\/dji-transmission-standard-combo\/#breadcrumb","itemListElement":[{"@type":"ListItem","position":1,"name":"Home","item":"https:\/\/koningdrone.be\/"},{"@type":"ListItem","position":2,"name":"AVSS Parachute Recovery System for DJI Matrice 300\/350","item":"https:\/\/koningdrone.be\/product\/avss-parachute-recovery-system-for-dji-matrice-300-350\/"},{"@type":"ListItem","position":3,"name":"Alle gimbals en cameras","item":"https:\/\/koningdrone.be\/categorie\/alle-gimbals-en-cameras\/"},{"@type":"ListItem","position":4,"name":"DJI Transmission (Standard Combo)"}]},{"@type":"WebSite","@id":"https:\/\/koningdrone.be\/#website","url":"https:\/\/koningdrone.be\/","name":"Koningdrone.be - Votre sp\u00e9cialiste en ligne en mati\u00e8re de drones, de cardans, de cam\u00e9ras et de centrales \u00e9lectriques.","description":"La boutique en ligne de drones et de cardans","publisher":{"@id":"https:\/\/koningdrone.be\/#organization"},"potentialAction":[{"@type":"SearchAction","target":{"@type":"EntryPoint","urlTemplate":"https:\/\/koningdrone.be\/?s={search_term_string}"},"query-input":{"@type":"PropertyValueSpecification","valueRequired":true,"valueName":"search_term_string"}}],"inLanguage":"fr-BE"},{"@type":"Organization","@id":"https:\/\/koningdrone.be\/#organization","name":"Kingdrone.co.uk","url":"https:\/\/koningdrone.be\/","logo":{"@type":"ImageObject","inLanguage":"fr-BE","@id":"https:\/\/koningdrone.be\/#\/schema\/logo\/image\/","url":"https:\/\/koningdrone.be\/wp-content\/uploads\/sites\/13\/2025\/04\/koningdrone-copyright-logo.svg","contentUrl":"https:\/\/koningdrone.be\/wp-content\/uploads\/sites\/13\/2025\/04\/koningdrone-copyright-logo.svg","width":227,"height":38,"caption":"Koningdrone.be"},"image":{"@id":"https:\/\/koningdrone.be\/#\/schema\/logo\/image\/"}}]}},"df_price":2210,"df_sale_price":"","df_regular_price":2210,"df_image_link":"https:\/\/koningdrone.be\/wp-content\/uploads\/sites\/13\/2025\/04\/a4d8dfca0fb36581fb35aeba8a8c455a@ultra-300x300.png","_links":{"self":[{"href":"https:\/\/koningdrone.be\/fr\/wp-json\/wp\/v2\/product\/3698","targetHints":{"allow":["GET"]}}],"collection":[{"href":"https:\/\/koningdrone.be\/fr\/wp-json\/wp\/v2\/product"}],"about":[{"href":"https:\/\/koningdrone.be\/fr\/wp-json\/wp\/v2\/types\/product"}],"wp:featuredmedia":[{"embeddable":true,"href":"https:\/\/koningdrone.be\/fr\/wp-json\/wp\/v2\/media\/3694"}],"wp:attachment":[{"href":"https:\/\/koningdrone.be\/fr\/wp-json\/wp\/v2\/media?parent=3698"}],"wp:term":[{"taxonomy":"product_brand","embeddable":true,"href":"https:\/\/koningdrone.be\/fr\/wp-json\/wp\/v2\/product_brand?post=3698"},{"taxonomy":"product_cat","embeddable":true,"href":"https:\/\/koningdrone.be\/fr\/wp-json\/wp\/v2\/product_cat?post=3698"},{"taxonomy":"product_tag","embeddable":true,"href":"https:\/\/koningdrone.be\/fr\/wp-json\/wp\/v2\/product_tag?post=3698"}],"curies":[{"name":"wp","href":"https:\/\/api.w.org\/{rel}","templated":true}]}}