{"id":3693,"date":"2024-04-15T11:19:06","date_gmt":"2024-04-15T09:19:06","guid":{"rendered":"https:\/\/koningdrone.nl\/kon\/product\/dji-rs-4-pro-combo\/"},"modified":"2026-04-29T15:20:43","modified_gmt":"2026-04-29T13:20:43","slug":"dji-rs-4-pro-combo","status":"publish","type":"product","link":"https:\/\/koningdrone.be\/fr\/produit\/dji-rs-4-pro-combo\/","title":{"rendered":"DJI RS 4 Pro Combo - Remis \u00e0 neuf"},"content":{"rendered":"<h4>Une conception am\u00e9lior\u00e9e pour plus de flexibilit\u00e9<\/h4>\n<p>Le nouveau cardan est dot\u00e9 d'une plaque horizontale qui permet de passer facilement du mode de prise de vue horizontal au mode de prise de vue vertical, sans qu'il soit n\u00e9cessaire d'utiliser des accessoires suppl\u00e9mentaires. Cette caract\u00e9ristique innovante am\u00e9liore la flexibilit\u00e9 et l'efficacit\u00e9 du processus cin\u00e9matographique, ce qui en fait la solution id\u00e9ale pour les environnements de tournage dynamiques.<\/p>\n<h4>Dur\u00e9e de vie prolong\u00e9e de la batterie<\/h4>\n<p>Cette rotule permet des sessions allant jusqu'\u00e0 29 heures lorsqu'elle est associ\u00e9e \u00e0 la poign\u00e9e RS BG70 \u00e0 batterie haute capacit\u00e9. Il offre diverses configurations de contr\u00f4le via le protocole RS SDK, ce qui garantit une utilisation \u00e0 long terme et un contr\u00f4le personnalisable pour les prises de vue prolong\u00e9es.<\/p>\n<h4>Commandes avanc\u00e9es de mise au point et de zoom<\/h4>\n<p>Pour ceux qui souhaitent obtenir un contr\u00f4le pr\u00e9cis de la mise au point et du zoom en m\u00eame temps, le cardan peut \u00eatre \u00e9quip\u00e9 de deux moteurs Focus Pro, ainsi que de l'unit\u00e9 manuelle Focus Pro et d'un moniteur \u00e0 distance \u00e0 haute luminosit\u00e9. Cette configuration am\u00e9liore les op\u00e9rations de mise au point et d'\u00e9quilibrage \u00e0 distance, offrant aux directeurs de la photographie un contr\u00f4le sup\u00e9rieur sur leurs s\u00e9quences.<\/p>\n<h4>Autofocus avec technologie LiDAR<\/h4>\n<p>Les directeurs de la photographie en solo peuvent b\u00e9n\u00e9ficier d'un autofocus avanc\u00e9 et pr\u00e9cis gr\u00e2ce \u00e0 la technologie LiDAR. Le syst\u00e8me ActiveTrack Pro de nouvelle g\u00e9n\u00e9ration offre de solides capacit\u00e9s de suivi des sujets en mouvement, facilitant la capture de plans fluides et pr\u00e9cis, m\u00eame dans des sc\u00e9narios complexes.<\/p>\n<h4>Solutions d'alimentation int\u00e9gr\u00e9es<\/h4>\n<p>Le RS 4 Pro peut alimenter simultan\u00e9ment le syst\u00e8me LiDAR et l'\u00e9metteur vid\u00e9o DJI \u00e0 l'aide du concentrateur de c\u00e2ble de transmission Focus Pro LiDAR vers DJI. Cette configuration prend en charge la fonction LiDAR Waveform pour un contr\u00f4le pr\u00e9cis et pratique, optimisant les performances du syst\u00e8me pendant les activit\u00e9s de tournage intenses.<\/p>\n<h4>Construction robuste et polyvalente<\/h4>\n<p>La structure de suspension du cardan comprend des bras en fibre de carbone durables qui peuvent s'adapter \u00e0 une large gamme de cam\u00e9ras sans miroir et de cam\u00e9ras de cin\u00e9ma. Une fois \u00e9quilibr\u00e9, le cardan offre une plus grande redondance de l'alimentation, garantissant un fonctionnement fiable dans diverses exigences et conditions de tournage.<\/p>\n<h4>A propos des produits reconditionn\u00e9s<\/h4>\n<p><em><strong>Ce produit a \u00e9t\u00e9 utilis\u00e9, mais il est en tr\u00e8s bon \u00e9tat\/comme neuf. Il a \u00e9t\u00e9 retourn\u00e9 dans les 14 jours et n'a souvent \u00e9t\u00e9 utilis\u00e9 que bri\u00e8vement. L'\u00e9tat g\u00e9n\u00e9ral est presque comme neuf.<\/strong><\/em><\/p>","protected":false},"excerpt":{"rendered":"<ul>\n<li>La nouvelle conception cardanique permet de passer facilement \u00e0 la prise de vue verticale.<\/li>\n<li>Autonomie prolong\u00e9e jusqu'\u00e0 29 heures avec la poign\u00e9e de batterie RS BG70.<\/li>\n<li>Prend en charge diverses configurations d'ordinateurs de poche avec le protocole RS SDK.<\/li>\n<li>Installez deux moteurs Focus Pro pour une mise au point et un zoom pr\u00e9cis.<\/li>\n<li>T\u00e9l\u00e9commande am\u00e9lior\u00e9e avec l'unit\u00e9 manuelle et le moniteur Focus Pro.<\/li>\n<li>Autofocus LiDAR avanc\u00e9 pour un contr\u00f4le \u00e0 distance pr\u00e9cis.<\/li>\n<li>Le syst\u00e8me ActiveTrack Pro de nouvelle g\u00e9n\u00e9ration capture avec pr\u00e9cision les sujets en mouvement.<\/li>\n<li>Alimente simultan\u00e9ment le LiDAR et l'\u00e9metteur vid\u00e9o DJI.<\/li>\n<li>Permet d'obtenir une forme d'onde LiDAR pour une meilleure imagerie.<\/li>\n<li>Les bras de l'axe en fibre de carbone permettent d'installer des cam\u00e9ras ordinaires.<\/li>\n<li>Am\u00e9lioration de la redondance actuelle une fois \u00e9quilibr\u00e9e.<\/li>\n<\/ul>","protected":false},"featured_media":3690,"template":"","meta":{"_acf_changed":false},"product_brand":[],"product_cat":[315,410,97,265,613,139],"product_tag":[],"class_list":{"0":"post-3693","1":"product","2":"type-product","3":"status-publish","4":"has-post-thumbnail","6":"product_cat-alle-gimbals-en-cameras","7":"product_cat-alle-handheld-gimbals","8":"product_cat-alle-producten","9":"product_cat-dji-ronin","10":"product_cat-dji-rs4","11":"product_cat-refurbished","12":"product_shipping_class-outofstock","13":"pa_brand-dji","14":"pa_productfamily-gimbal","15":"pa_producttype-gimbal","16":"pa_series-rs-4","18":"first","19":"outofstock","20":"taxable","21":"shipping-taxable","22":"purchasable","23":"product-type-simple"},"acf":[],"yoast_head":"<!-- This site is optimized with the Yoast SEO Premium plugin v27.2 (Yoast SEO v27.2) - https:\/\/yoast.com\/product\/yoast-seo-premium-wordpress\/ -->\n<title>DJI RS 4 Pro Combo - Refurbished - koningdrone.be<\/title>\n<meta name=\"robots\" content=\"index, follow, max-snippet:-1, max-image-preview:large, max-video-preview:-1\" \/>\n<link rel=\"canonical\" href=\"https:\/\/koningdrone.be\/fr\/produit\/dji-rs-4-pro-combo\/\" \/>\n<meta property=\"og:locale\" content=\"fr_FR\" \/>\n<meta property=\"og:type\" content=\"article\" \/>\n<meta property=\"og:title\" content=\"DJI RS 4 Pro Combo - Refurbished\" \/>\n<meta property=\"og:description\" content=\"Nieuw cardanisch ontwerp maakt eenvoudig overschakelen naar verticale opnamen mogelijk.  Verlengde looptijd tot 29 uur met RS BG70 Battery Grip.  Ondersteunt verschillende handheld-configuraties met RS SDK-protocol.  Installeer twee Focus Pro-motoren voor nauwkeurige scherpstelling en zoom.  Verbeterde afstandsbediening met Focus Pro handunit en monitor.  Geavanceerde LiDAR-autofocus voor nauwkeurige bediening op afstand.  De volgende generatie ActiveTrack Pro houdt nauwkeurig bewegende onderwerpen vast.  Power LiDAR en DJI Video Transmitter tegelijkertijd.  Behaalt LiDAR-golfvorm voor verbeterde beeldvorming.  Asarmen van koolstofvezel ondersteunen reguliere camera-opstellingen.  Verbeterde stroomredundantie zodra deze in evenwicht is.\" \/>\n<meta property=\"og:url\" content=\"https:\/\/koningdrone.be\/fr\/produit\/dji-rs-4-pro-combo\/\" \/>\n<meta property=\"og:site_name\" content=\"koningdrone.be\" \/>\n<meta property=\"article:modified_time\" content=\"2026-04-29T13:20:43+00:00\" \/>\n<meta property=\"og:image\" content=\"https:\/\/koningdrone.be\/wp-content\/uploads\/sites\/13\/2025\/04\/d967e2c7b27c26ba879180d3812ea0d7@ultra.jpg\" \/>\n\t<meta property=\"og:image:width\" content=\"1280\" \/>\n\t<meta property=\"og:image:height\" content=\"1280\" \/>\n\t<meta property=\"og:image:type\" content=\"image\/jpeg\" \/>\n<meta name=\"twitter:card\" content=\"summary_large_image\" \/>\n<meta name=\"twitter:label1\" content=\"Dur\u00e9e de lecture est.\" \/>\n\t<meta name=\"twitter:data1\" content=\"2 minutes\" \/>\n<script type=\"application\/ld+json\" class=\"yoast-schema-graph\">{\"@context\":\"https:\/\/schema.org\",\"@graph\":[{\"@type\":\"WebPage\",\"@id\":\"https:\/\/koningdrone.be\/product\/dji-rs-4-pro-combo\/\",\"url\":\"https:\/\/koningdrone.be\/product\/dji-rs-4-pro-combo\/\",\"name\":\"DJI RS 4 Pro Combo - Refurbished - koningdrone.be\",\"isPartOf\":{\"@id\":\"https:\/\/koningdrone.be\/#website\"},\"primaryImageOfPage\":{\"@id\":\"https:\/\/koningdrone.be\/product\/dji-rs-4-pro-combo\/#primaryimage\"},\"image\":{\"@id\":\"https:\/\/koningdrone.be\/product\/dji-rs-4-pro-combo\/#primaryimage\"},\"thumbnailUrl\":\"https:\/\/koningdrone.be\/wp-content\/uploads\/sites\/13\/2025\/04\/d967e2c7b27c26ba879180d3812ea0d7@ultra.jpg\",\"datePublished\":\"2024-04-15T09:19:06+00:00\",\"dateModified\":\"2026-04-29T13:20:43+00:00\",\"breadcrumb\":{\"@id\":\"https:\/\/koningdrone.be\/product\/dji-rs-4-pro-combo\/#breadcrumb\"},\"inLanguage\":\"fr-BE\",\"potentialAction\":[{\"@type\":\"ReadAction\",\"target\":[\"https:\/\/koningdrone.be\/product\/dji-rs-4-pro-combo\/\"]}]},{\"@type\":\"ImageObject\",\"inLanguage\":\"fr-BE\",\"@id\":\"https:\/\/koningdrone.be\/product\/dji-rs-4-pro-combo\/#primaryimage\",\"url\":\"https:\/\/koningdrone.be\/wp-content\/uploads\/sites\/13\/2025\/04\/d967e2c7b27c26ba879180d3812ea0d7@ultra.jpg\",\"contentUrl\":\"https:\/\/koningdrone.be\/wp-content\/uploads\/sites\/13\/2025\/04\/d967e2c7b27c26ba879180d3812ea0d7@ultra.jpg\",\"width\":1280,\"height\":1280},{\"@type\":\"BreadcrumbList\",\"@id\":\"https:\/\/koningdrone.be\/product\/dji-rs-4-pro-combo\/#breadcrumb\",\"itemListElement\":[{\"@type\":\"ListItem\",\"position\":1,\"name\":\"Home\",\"item\":\"https:\/\/koningdrone.be\/\"},{\"@type\":\"ListItem\",\"position\":2,\"name\":\"AVSS Parachute Recovery System for DJI Matrice 300\/350\",\"item\":\"https:\/\/koningdrone.be\/product\/avss-parachute-recovery-system-for-dji-matrice-300-350\/\"},{\"@type\":\"ListItem\",\"position\":3,\"name\":\"Alle gimbals en cameras\",\"item\":\"https:\/\/koningdrone.be\/categorie\/alle-gimbals-en-cameras\/\"},{\"@type\":\"ListItem\",\"position\":4,\"name\":\"DJI RS 4 Pro Combo &#8211; Refurbished\"}]},{\"@type\":\"WebSite\",\"@id\":\"https:\/\/koningdrone.be\/#website\",\"url\":\"https:\/\/koningdrone.be\/\",\"name\":\"Koningdrone.be - Uw online specialist in drones, gimbals, camera's en power stations.\",\"description\":\"De webshop in drones en gimbals\",\"publisher\":{\"@id\":\"https:\/\/koningdrone.be\/#organization\"},\"potentialAction\":[{\"@type\":\"SearchAction\",\"target\":{\"@type\":\"EntryPoint\",\"urlTemplate\":\"https:\/\/koningdrone.be\/?s={search_term_string}\"},\"query-input\":{\"@type\":\"PropertyValueSpecification\",\"valueRequired\":true,\"valueName\":\"search_term_string\"}}],\"inLanguage\":\"fr-BE\"},{\"@type\":\"Organization\",\"@id\":\"https:\/\/koningdrone.be\/#organization\",\"name\":\"Koningdrone.be\",\"url\":\"https:\/\/koningdrone.be\/\",\"logo\":{\"@type\":\"ImageObject\",\"inLanguage\":\"fr-BE\",\"@id\":\"https:\/\/koningdrone.be\/#\/schema\/logo\/image\/\",\"url\":\"https:\/\/koningdrone.be\/wp-content\/uploads\/sites\/13\/2025\/04\/koningdrone-copyright-logo.svg\",\"contentUrl\":\"https:\/\/koningdrone.be\/wp-content\/uploads\/sites\/13\/2025\/04\/koningdrone-copyright-logo.svg\",\"width\":227,\"height\":38,\"caption\":\"Koningdrone.be\"},\"image\":{\"@id\":\"https:\/\/koningdrone.be\/#\/schema\/logo\/image\/\"}}]}<\/script>\n<!-- \/ Yoast SEO Premium plugin. -->","yoast_head_json":{"title":"DJI RS 4 Pro Combo - Refurbished - koningdrone.be","robots":{"index":"index","follow":"follow","max-snippet":"max-snippet:-1","max-image-preview":"max-image-preview:large","max-video-preview":"max-video-preview:-1"},"canonical":"https:\/\/koningdrone.be\/fr\/produit\/dji-rs-4-pro-combo\/","og_locale":"fr_FR","og_type":"article","og_title":"DJI RS 4 Pro Combo - Refurbished","og_description":"Nieuw cardanisch ontwerp maakt eenvoudig overschakelen naar verticale opnamen mogelijk.  Verlengde looptijd tot 29 uur met RS BG70 Battery Grip.  Ondersteunt verschillende handheld-configuraties met RS SDK-protocol.  Installeer twee Focus Pro-motoren voor nauwkeurige scherpstelling en zoom.  Verbeterde afstandsbediening met Focus Pro handunit en monitor.  Geavanceerde LiDAR-autofocus voor nauwkeurige bediening op afstand.  De volgende generatie ActiveTrack Pro houdt nauwkeurig bewegende onderwerpen vast.  Power LiDAR en DJI Video Transmitter tegelijkertijd.  Behaalt LiDAR-golfvorm voor verbeterde beeldvorming.  Asarmen van koolstofvezel ondersteunen reguliere camera-opstellingen.  Verbeterde stroomredundantie zodra deze in evenwicht is.","og_url":"https:\/\/koningdrone.be\/fr\/produit\/dji-rs-4-pro-combo\/","og_site_name":"koningdrone.be","article_modified_time":"2026-04-29T13:20:43+00:00","og_image":[{"width":1280,"height":1280,"url":"https:\/\/koningdrone.be\/wp-content\/uploads\/sites\/13\/2025\/04\/d967e2c7b27c26ba879180d3812ea0d7@ultra.jpg","type":"image\/jpeg"}],"twitter_card":"summary_large_image","twitter_misc":{"Dur\u00e9e de lecture est.":"2 minutes"},"schema":{"@context":"https:\/\/schema.org","@graph":[{"@type":"WebPage","@id":"https:\/\/koningdrone.be\/product\/dji-rs-4-pro-combo\/","url":"https:\/\/koningdrone.be\/product\/dji-rs-4-pro-combo\/","name":"DJI RS 4 Pro Combo - Refurbished - koningdrone.be","isPartOf":{"@id":"https:\/\/koningdrone.be\/#website"},"primaryImageOfPage":{"@id":"https:\/\/koningdrone.be\/product\/dji-rs-4-pro-combo\/#primaryimage"},"image":{"@id":"https:\/\/koningdrone.be\/product\/dji-rs-4-pro-combo\/#primaryimage"},"thumbnailUrl":"https:\/\/koningdrone.be\/wp-content\/uploads\/sites\/13\/2025\/04\/d967e2c7b27c26ba879180d3812ea0d7@ultra.jpg","datePublished":"2024-04-15T09:19:06+00:00","dateModified":"2026-04-29T13:20:43+00:00","breadcrumb":{"@id":"https:\/\/koningdrone.be\/product\/dji-rs-4-pro-combo\/#breadcrumb"},"inLanguage":"fr-BE","potentialAction":[{"@type":"ReadAction","target":["https:\/\/koningdrone.be\/product\/dji-rs-4-pro-combo\/"]}]},{"@type":"ImageObject","inLanguage":"fr-BE","@id":"https:\/\/koningdrone.be\/product\/dji-rs-4-pro-combo\/#primaryimage","url":"https:\/\/koningdrone.be\/wp-content\/uploads\/sites\/13\/2025\/04\/d967e2c7b27c26ba879180d3812ea0d7@ultra.jpg","contentUrl":"https:\/\/koningdrone.be\/wp-content\/uploads\/sites\/13\/2025\/04\/d967e2c7b27c26ba879180d3812ea0d7@ultra.jpg","width":1280,"height":1280},{"@type":"BreadcrumbList","@id":"https:\/\/koningdrone.be\/product\/dji-rs-4-pro-combo\/#breadcrumb","itemListElement":[{"@type":"ListItem","position":1,"name":"Home","item":"https:\/\/koningdrone.be\/"},{"@type":"ListItem","position":2,"name":"AVSS Parachute Recovery System for DJI Matrice 300\/350","item":"https:\/\/koningdrone.be\/product\/avss-parachute-recovery-system-for-dji-matrice-300-350\/"},{"@type":"ListItem","position":3,"name":"Alle gimbals en cameras","item":"https:\/\/koningdrone.be\/categorie\/alle-gimbals-en-cameras\/"},{"@type":"ListItem","position":4,"name":"DJI RS 4 Pro Combo &#8211; Refurbished"}]},{"@type":"WebSite","@id":"https:\/\/koningdrone.be\/#website","url":"https:\/\/koningdrone.be\/","name":"Koningdrone.be - Votre sp\u00e9cialiste en ligne en mati\u00e8re de drones, de cardans, de cam\u00e9ras et de centrales \u00e9lectriques.","description":"La boutique en ligne de drones et de cardans","publisher":{"@id":"https:\/\/koningdrone.be\/#organization"},"potentialAction":[{"@type":"SearchAction","target":{"@type":"EntryPoint","urlTemplate":"https:\/\/koningdrone.be\/?s={search_term_string}"},"query-input":{"@type":"PropertyValueSpecification","valueRequired":true,"valueName":"search_term_string"}}],"inLanguage":"fr-BE"},{"@type":"Organization","@id":"https:\/\/koningdrone.be\/#organization","name":"Kingdrone.co.uk","url":"https:\/\/koningdrone.be\/","logo":{"@type":"ImageObject","inLanguage":"fr-BE","@id":"https:\/\/koningdrone.be\/#\/schema\/logo\/image\/","url":"https:\/\/koningdrone.be\/wp-content\/uploads\/sites\/13\/2025\/04\/koningdrone-copyright-logo.svg","contentUrl":"https:\/\/koningdrone.be\/wp-content\/uploads\/sites\/13\/2025\/04\/koningdrone-copyright-logo.svg","width":227,"height":38,"caption":"Koningdrone.be"},"image":{"@id":"https:\/\/koningdrone.be\/#\/schema\/logo\/image\/"}}]}},"df_price":1099,"df_sale_price":"","df_regular_price":1099,"df_image_link":"https:\/\/koningdrone.be\/wp-content\/uploads\/sites\/13\/2025\/04\/d967e2c7b27c26ba879180d3812ea0d7@ultra-300x300.jpg","_links":{"self":[{"href":"https:\/\/koningdrone.be\/fr\/wp-json\/wp\/v2\/product\/3693","targetHints":{"allow":["GET"]}}],"collection":[{"href":"https:\/\/koningdrone.be\/fr\/wp-json\/wp\/v2\/product"}],"about":[{"href":"https:\/\/koningdrone.be\/fr\/wp-json\/wp\/v2\/types\/product"}],"wp:featuredmedia":[{"embeddable":true,"href":"https:\/\/koningdrone.be\/fr\/wp-json\/wp\/v2\/media\/3690"}],"wp:attachment":[{"href":"https:\/\/koningdrone.be\/fr\/wp-json\/wp\/v2\/media?parent=3693"}],"wp:term":[{"taxonomy":"product_brand","embeddable":true,"href":"https:\/\/koningdrone.be\/fr\/wp-json\/wp\/v2\/product_brand?post=3693"},{"taxonomy":"product_cat","embeddable":true,"href":"https:\/\/koningdrone.be\/fr\/wp-json\/wp\/v2\/product_cat?post=3693"},{"taxonomy":"product_tag","embeddable":true,"href":"https:\/\/koningdrone.be\/fr\/wp-json\/wp\/v2\/product_tag?post=3693"}],"curies":[{"name":"wp","href":"https:\/\/api.w.org\/{rel}","templated":true}]}}