{"id":3689,"date":"2024-04-15T11:19:06","date_gmt":"2024-04-15T09:19:06","guid":{"rendered":"https:\/\/koningdrone.nl\/kon\/product\/dji-rs-4-pro\/"},"modified":"2026-04-29T04:40:30","modified_gmt":"2026-04-29T02:40:30","slug":"dji-rs-4-pro","status":"publish","type":"product","link":"https:\/\/koningdrone.be\/fr\/produit\/dji-rs-4-pro\/","title":{"rendered":"DJI RS 4 Pro"},"content":{"rendered":"<p><strong>Am\u00e9lioration des orientations de l'enregistrement<\/strong><\/p>\n<p> La nouvelle suspension cardanique comporte une plaque horizontale qui permet de passer facilement du mode de prise de vue standard au mode de prise de vue vertical. Cette adaptabilit\u00e9 est cruciale pour la cin\u00e9matographie dynamique, car elle \u00e9limine le besoin d'accessoires suppl\u00e9mentaires pour changer de direction.<\/p>\n<p>  <strong>Dur\u00e9e de vie prolong\u00e9e de la batterie<\/strong><\/p>\n<p> Pour les tournages plus longs, la poign\u00e9e de batterie haute capacit\u00e9 RS BG70 porte la dur\u00e9e de fonctionnement de la rotule \u00e0 29 heures. Cet ajout puissant permet aux r\u00e9alisateurs de filmer pendant de longues p\u00e9riodes sans avoir \u00e0 se soucier des pannes de courant.<\/p>\n<p>  <strong>Configurations personnalisables de l'ordinateur de poche<\/strong><\/p>\n<p> La rotule prend en charge diff\u00e9rentes configurations \u00e0 main lev\u00e9e, gr\u00e2ce au protocole RS SDK. Cette polyvalence permet aux utilisateurs d'adapter la configuration \u00e0 des besoins de tournage sp\u00e9cifiques, am\u00e9liorant ainsi l'exp\u00e9rience globale de la prise de vue.<\/p>\n<p>  <strong>Commandes avanc\u00e9es de mise au point et de zoom<\/strong><\/p>\n<p> Pour un contr\u00f4le pr\u00e9cis de la mise au point et du zoom, il est recommand\u00e9 d'int\u00e9grer deux moteurs Focus Pro. Ces moteurs peuvent \u00eatre synchronis\u00e9s avec l'unit\u00e9 manuelle Focus Pro et le moniteur \u00e0 distance \u00e0 haute luminosit\u00e9, offrant aux cin\u00e9astes des capacit\u00e9s de contr\u00f4le \u00e0 distance avanc\u00e9es et pr\u00e9cises pour la suspension du cardan et les r\u00e9glages de la mise au point.<\/p>\n<p>  <strong>Suivi des sujets de nouvelle g\u00e9n\u00e9ration<\/strong><\/p>\n<p> Les directeurs de la photographie en solo b\u00e9n\u00e9ficieront de la nouvelle g\u00e9n\u00e9ration d'ActiveTrack Pro, qui utilise la technologie LiDAR intelligente pour offrir une mise au point automatique pr\u00e9cise et fiable sur les sujets en mouvement. Cette fonction est particuli\u00e8rement utile dans les environnements de tournage rapides.<\/p>\n<p>  <strong>Am\u00e9lioration des solutions de mise au point et de contr\u00f4le<\/strong><\/p>\n<p> En utilisant le concentrateur de c\u00e2ble de transmission Focus Pro LiDAR vers DJI, le RS 4 Pro peut alimenter simultan\u00e9ment le LiDAR et l'\u00e9metteur vid\u00e9o DJI. Cela permet non seulement d'obtenir la forme d'onde LiDAR pour une meilleure pr\u00e9cision de la mise au point, mais aussi de contr\u00f4ler ces appareils de mani\u00e8re transparente.<\/p>\n<p>  <strong>Construction durable<\/strong><\/p>\n<p> Le cardan est dot\u00e9 de bras en fibre de carbone durables con\u00e7us pour prendre en charge la plupart des cam\u00e9ras sans miroir et cin\u00e9matographiques courantes \u00e9quip\u00e9es de diff\u00e9rents types d'objectifs. Une fois \u00e9quilibr\u00e9, le cardan offre une redondance d'alimentation am\u00e9lior\u00e9e, ce qui est essentiel pour obtenir des performances fiables et constantes lors du tournage de films.<\/p>","protected":false},"excerpt":{"rendered":"<ul>\n<li>Plaque horizontale cardanique nouvellement con\u00e7ue pour faciliter la prise de vue verticale.<\/li>\n<li> Prolongez l'autonomie jusqu'\u00e0 29 heures avec la poign\u00e9e de batterie RS BG70.<\/li>\n<li> Prend en charge diverses configurations d'ordinateurs de poche avec le protocole RS SDK.<\/li>\n<li> Installez deux moteurs Focus Pro pour une mise au point et un zoom simultan\u00e9s.<\/li>\n<li> La nouvelle g\u00e9n\u00e9ration d'ActiveTrack Pro verrouille en toute s\u00e9curit\u00e9 les sujets en mouvement.<\/li>\n<li> Le concentrateur de c\u00e2ble de transmission Focus Pro LiDAR vers DJI alimente plusieurs appareils.<\/li>\n<li> Permet d'obtenir la forme d'onde LiDAR pour un meilleur contr\u00f4le.<\/li>\n<li> Les bras d'axe en fibre de carbone conviennent aux installations de cam\u00e9ras ordinaires.<\/li>\n<li> Augmentation de la redondance du courant une fois \u00e9quilibr\u00e9.<\/li>\n<li> Commande \u00e0 distance sophistiqu\u00e9e du cardan avec les accessoires Focus Pro.<\/li>\n<li> Les directeurs de la photographie en solo b\u00e9n\u00e9ficient d'une mise au point automatique LiDAR intelligente.<\/li>\n<\/ul>","protected":false},"featured_media":3686,"template":"","meta":{"_acf_changed":false},"product_brand":[],"product_cat":[315,410,97,265,613],"product_tag":[108],"class_list":{"0":"post-3689","1":"product","2":"type-product","3":"status-publish","4":"has-post-thumbnail","6":"product_cat-alle-gimbals-en-cameras","7":"product_cat-alle-handheld-gimbals","8":"product_cat-alle-producten","9":"product_cat-dji-ronin","10":"product_cat-dji-rs4","11":"product_tag-acsystemsall","12":"product_shipping_class-europafotoall","13":"pa_brand-dji","14":"pa_productfamily-gimbal","15":"pa_producttype-gimbal","16":"pa_series-rs-4","18":"first","19":"instock","20":"taxable","21":"shipping-taxable","22":"purchasable","23":"product-type-simple"},"acf":[],"yoast_head":"<!-- This site is optimized with the Yoast SEO Premium plugin v27.2 (Yoast SEO v27.2) - https:\/\/yoast.com\/product\/yoast-seo-premium-wordpress\/ -->\n<title>DJI RS 4 Pro - koningdrone.be<\/title>\n<meta name=\"robots\" content=\"index, follow, max-snippet:-1, max-image-preview:large, max-video-preview:-1\" \/>\n<link rel=\"canonical\" href=\"https:\/\/koningdrone.be\/fr\/produit\/dji-rs-4-pro\/\" \/>\n<meta property=\"og:locale\" content=\"fr_FR\" \/>\n<meta property=\"og:type\" content=\"article\" \/>\n<meta property=\"og:title\" content=\"DJI RS 4 Pro\" \/>\n<meta property=\"og:description\" content=\"Nieuw ontworpen cardanische horizontale plaat voor eenvoudig verticaal fotograferen. Verleng de looptijd tot 29 uur met de RS BG70 Battery Grip. Ondersteunt verschillende handheld-configuraties met RS SDK-protocol. Installeer twee Focus Pro Motors voor gelijktijdig scherpstellen en zoomen. De volgende generatie ActiveTrack Pro vergrendelt bewegende onderwerpen stevig. Focus Pro LiDAR naar DJI transmissiekabelhub voedt meerdere apparaten. Behaalt LiDAR-golfvorm voor verbeterde controle. Asarmen van koolstofvezel zijn geschikt voor reguliere camera-opstellingen. Verhoogde stroomredundantie zodra deze in evenwicht is. Verfijnde gimbalbediening op afstand met Focus Pro-accessoires. Solocinematografen profiteren van intelligente LiDAR-autofocus.\" \/>\n<meta property=\"og:url\" content=\"https:\/\/koningdrone.be\/fr\/produit\/dji-rs-4-pro\/\" \/>\n<meta property=\"og:site_name\" content=\"koningdrone.be\" \/>\n<meta property=\"article:modified_time\" content=\"2026-04-29T02:40:30+00:00\" \/>\n<meta property=\"og:image\" content=\"https:\/\/koningdrone.be\/wp-content\/uploads\/sites\/13\/2025\/04\/30a1a11d83321aa5ac4e61a8184389dc@ultra.jpg\" \/>\n\t<meta property=\"og:image:width\" content=\"1280\" \/>\n\t<meta property=\"og:image:height\" content=\"1280\" \/>\n\t<meta property=\"og:image:type\" content=\"image\/jpeg\" \/>\n<meta name=\"twitter:card\" content=\"summary_large_image\" \/>\n<meta name=\"twitter:label1\" content=\"Dur\u00e9e de lecture est.\" \/>\n\t<meta name=\"twitter:data1\" content=\"2 minutes\" \/>\n<script type=\"application\/ld+json\" class=\"yoast-schema-graph\">{\"@context\":\"https:\/\/schema.org\",\"@graph\":[{\"@type\":\"WebPage\",\"@id\":\"https:\/\/koningdrone.be\/product\/dji-rs-4-pro\/\",\"url\":\"https:\/\/koningdrone.be\/product\/dji-rs-4-pro\/\",\"name\":\"DJI RS 4 Pro - koningdrone.be\",\"isPartOf\":{\"@id\":\"https:\/\/koningdrone.be\/#website\"},\"primaryImageOfPage\":{\"@id\":\"https:\/\/koningdrone.be\/product\/dji-rs-4-pro\/#primaryimage\"},\"image\":{\"@id\":\"https:\/\/koningdrone.be\/product\/dji-rs-4-pro\/#primaryimage\"},\"thumbnailUrl\":\"https:\/\/koningdrone.be\/wp-content\/uploads\/sites\/13\/2025\/04\/30a1a11d83321aa5ac4e61a8184389dc@ultra.jpg\",\"datePublished\":\"2024-04-15T09:19:06+00:00\",\"dateModified\":\"2026-04-29T02:40:30+00:00\",\"breadcrumb\":{\"@id\":\"https:\/\/koningdrone.be\/product\/dji-rs-4-pro\/#breadcrumb\"},\"inLanguage\":\"fr-BE\",\"potentialAction\":[{\"@type\":\"ReadAction\",\"target\":[\"https:\/\/koningdrone.be\/product\/dji-rs-4-pro\/\"]}]},{\"@type\":\"ImageObject\",\"inLanguage\":\"fr-BE\",\"@id\":\"https:\/\/koningdrone.be\/product\/dji-rs-4-pro\/#primaryimage\",\"url\":\"https:\/\/koningdrone.be\/wp-content\/uploads\/sites\/13\/2025\/04\/30a1a11d83321aa5ac4e61a8184389dc@ultra.jpg\",\"contentUrl\":\"https:\/\/koningdrone.be\/wp-content\/uploads\/sites\/13\/2025\/04\/30a1a11d83321aa5ac4e61a8184389dc@ultra.jpg\",\"width\":1280,\"height\":1280},{\"@type\":\"BreadcrumbList\",\"@id\":\"https:\/\/koningdrone.be\/product\/dji-rs-4-pro\/#breadcrumb\",\"itemListElement\":[{\"@type\":\"ListItem\",\"position\":1,\"name\":\"Home\",\"item\":\"https:\/\/koningdrone.be\/\"},{\"@type\":\"ListItem\",\"position\":2,\"name\":\"AVSS Parachute Recovery System for DJI Matrice 300\/350\",\"item\":\"https:\/\/koningdrone.be\/product\/avss-parachute-recovery-system-for-dji-matrice-300-350\/\"},{\"@type\":\"ListItem\",\"position\":3,\"name\":\"Alle gimbals en cameras\",\"item\":\"https:\/\/koningdrone.be\/categorie\/alle-gimbals-en-cameras\/\"},{\"@type\":\"ListItem\",\"position\":4,\"name\":\"DJI RS 4 Pro\"}]},{\"@type\":\"WebSite\",\"@id\":\"https:\/\/koningdrone.be\/#website\",\"url\":\"https:\/\/koningdrone.be\/\",\"name\":\"Koningdrone.be - Uw online specialist in drones, gimbals, camera's en power stations.\",\"description\":\"De webshop in drones en gimbals\",\"publisher\":{\"@id\":\"https:\/\/koningdrone.be\/#organization\"},\"potentialAction\":[{\"@type\":\"SearchAction\",\"target\":{\"@type\":\"EntryPoint\",\"urlTemplate\":\"https:\/\/koningdrone.be\/?s={search_term_string}\"},\"query-input\":{\"@type\":\"PropertyValueSpecification\",\"valueRequired\":true,\"valueName\":\"search_term_string\"}}],\"inLanguage\":\"fr-BE\"},{\"@type\":\"Organization\",\"@id\":\"https:\/\/koningdrone.be\/#organization\",\"name\":\"Koningdrone.be\",\"url\":\"https:\/\/koningdrone.be\/\",\"logo\":{\"@type\":\"ImageObject\",\"inLanguage\":\"fr-BE\",\"@id\":\"https:\/\/koningdrone.be\/#\/schema\/logo\/image\/\",\"url\":\"https:\/\/koningdrone.be\/wp-content\/uploads\/sites\/13\/2025\/04\/koningdrone-copyright-logo.svg\",\"contentUrl\":\"https:\/\/koningdrone.be\/wp-content\/uploads\/sites\/13\/2025\/04\/koningdrone-copyright-logo.svg\",\"width\":227,\"height\":38,\"caption\":\"Koningdrone.be\"},\"image\":{\"@id\":\"https:\/\/koningdrone.be\/#\/schema\/logo\/image\/\"}}]}<\/script>\n<!-- \/ Yoast SEO Premium plugin. -->","yoast_head_json":{"title":"DJI RS 4 Pro - koningdrone.be","robots":{"index":"index","follow":"follow","max-snippet":"max-snippet:-1","max-image-preview":"max-image-preview:large","max-video-preview":"max-video-preview:-1"},"canonical":"https:\/\/koningdrone.be\/fr\/produit\/dji-rs-4-pro\/","og_locale":"fr_FR","og_type":"article","og_title":"DJI RS 4 Pro","og_description":"Nieuw ontworpen cardanische horizontale plaat voor eenvoudig verticaal fotograferen. Verleng de looptijd tot 29 uur met de RS BG70 Battery Grip. Ondersteunt verschillende handheld-configuraties met RS SDK-protocol. Installeer twee Focus Pro Motors voor gelijktijdig scherpstellen en zoomen. De volgende generatie ActiveTrack Pro vergrendelt bewegende onderwerpen stevig. Focus Pro LiDAR naar DJI transmissiekabelhub voedt meerdere apparaten. Behaalt LiDAR-golfvorm voor verbeterde controle. Asarmen van koolstofvezel zijn geschikt voor reguliere camera-opstellingen. Verhoogde stroomredundantie zodra deze in evenwicht is. Verfijnde gimbalbediening op afstand met Focus Pro-accessoires. Solocinematografen profiteren van intelligente LiDAR-autofocus.","og_url":"https:\/\/koningdrone.be\/fr\/produit\/dji-rs-4-pro\/","og_site_name":"koningdrone.be","article_modified_time":"2026-04-29T02:40:30+00:00","og_image":[{"width":1280,"height":1280,"url":"https:\/\/koningdrone.be\/wp-content\/uploads\/sites\/13\/2025\/04\/30a1a11d83321aa5ac4e61a8184389dc@ultra.jpg","type":"image\/jpeg"}],"twitter_card":"summary_large_image","twitter_misc":{"Dur\u00e9e de lecture est.":"2 minutes"},"schema":{"@context":"https:\/\/schema.org","@graph":[{"@type":"WebPage","@id":"https:\/\/koningdrone.be\/product\/dji-rs-4-pro\/","url":"https:\/\/koningdrone.be\/product\/dji-rs-4-pro\/","name":"DJI RS 4 Pro - koningdrone.be","isPartOf":{"@id":"https:\/\/koningdrone.be\/#website"},"primaryImageOfPage":{"@id":"https:\/\/koningdrone.be\/product\/dji-rs-4-pro\/#primaryimage"},"image":{"@id":"https:\/\/koningdrone.be\/product\/dji-rs-4-pro\/#primaryimage"},"thumbnailUrl":"https:\/\/koningdrone.be\/wp-content\/uploads\/sites\/13\/2025\/04\/30a1a11d83321aa5ac4e61a8184389dc@ultra.jpg","datePublished":"2024-04-15T09:19:06+00:00","dateModified":"2026-04-29T02:40:30+00:00","breadcrumb":{"@id":"https:\/\/koningdrone.be\/product\/dji-rs-4-pro\/#breadcrumb"},"inLanguage":"fr-BE","potentialAction":[{"@type":"ReadAction","target":["https:\/\/koningdrone.be\/product\/dji-rs-4-pro\/"]}]},{"@type":"ImageObject","inLanguage":"fr-BE","@id":"https:\/\/koningdrone.be\/product\/dji-rs-4-pro\/#primaryimage","url":"https:\/\/koningdrone.be\/wp-content\/uploads\/sites\/13\/2025\/04\/30a1a11d83321aa5ac4e61a8184389dc@ultra.jpg","contentUrl":"https:\/\/koningdrone.be\/wp-content\/uploads\/sites\/13\/2025\/04\/30a1a11d83321aa5ac4e61a8184389dc@ultra.jpg","width":1280,"height":1280},{"@type":"BreadcrumbList","@id":"https:\/\/koningdrone.be\/product\/dji-rs-4-pro\/#breadcrumb","itemListElement":[{"@type":"ListItem","position":1,"name":"Home","item":"https:\/\/koningdrone.be\/"},{"@type":"ListItem","position":2,"name":"AVSS Parachute Recovery System for DJI Matrice 300\/350","item":"https:\/\/koningdrone.be\/product\/avss-parachute-recovery-system-for-dji-matrice-300-350\/"},{"@type":"ListItem","position":3,"name":"Alle gimbals en cameras","item":"https:\/\/koningdrone.be\/categorie\/alle-gimbals-en-cameras\/"},{"@type":"ListItem","position":4,"name":"DJI RS 4 Pro"}]},{"@type":"WebSite","@id":"https:\/\/koningdrone.be\/#website","url":"https:\/\/koningdrone.be\/","name":"Koningdrone.be - Votre sp\u00e9cialiste en ligne en mati\u00e8re de drones, de cardans, de cam\u00e9ras et de centrales \u00e9lectriques.","description":"La boutique en ligne de drones et de cardans","publisher":{"@id":"https:\/\/koningdrone.be\/#organization"},"potentialAction":[{"@type":"SearchAction","target":{"@type":"EntryPoint","urlTemplate":"https:\/\/koningdrone.be\/?s={search_term_string}"},"query-input":{"@type":"PropertyValueSpecification","valueRequired":true,"valueName":"search_term_string"}}],"inLanguage":"fr-BE"},{"@type":"Organization","@id":"https:\/\/koningdrone.be\/#organization","name":"Kingdrone.co.uk","url":"https:\/\/koningdrone.be\/","logo":{"@type":"ImageObject","inLanguage":"fr-BE","@id":"https:\/\/koningdrone.be\/#\/schema\/logo\/image\/","url":"https:\/\/koningdrone.be\/wp-content\/uploads\/sites\/13\/2025\/04\/koningdrone-copyright-logo.svg","contentUrl":"https:\/\/koningdrone.be\/wp-content\/uploads\/sites\/13\/2025\/04\/koningdrone-copyright-logo.svg","width":227,"height":38,"caption":"Koningdrone.be"},"image":{"@id":"https:\/\/koningdrone.be\/#\/schema\/logo\/image\/"}}]}},"df_price":865,"df_sale_price":"","df_regular_price":865,"df_image_link":"https:\/\/koningdrone.be\/wp-content\/uploads\/sites\/13\/2025\/04\/30a1a11d83321aa5ac4e61a8184389dc@ultra-300x300.jpg","_links":{"self":[{"href":"https:\/\/koningdrone.be\/fr\/wp-json\/wp\/v2\/product\/3689","targetHints":{"allow":["GET"]}}],"collection":[{"href":"https:\/\/koningdrone.be\/fr\/wp-json\/wp\/v2\/product"}],"about":[{"href":"https:\/\/koningdrone.be\/fr\/wp-json\/wp\/v2\/types\/product"}],"wp:featuredmedia":[{"embeddable":true,"href":"https:\/\/koningdrone.be\/fr\/wp-json\/wp\/v2\/media\/3686"}],"wp:attachment":[{"href":"https:\/\/koningdrone.be\/fr\/wp-json\/wp\/v2\/media?parent=3689"}],"wp:term":[{"taxonomy":"product_brand","embeddable":true,"href":"https:\/\/koningdrone.be\/fr\/wp-json\/wp\/v2\/product_brand?post=3689"},{"taxonomy":"product_cat","embeddable":true,"href":"https:\/\/koningdrone.be\/fr\/wp-json\/wp\/v2\/product_cat?post=3689"},{"taxonomy":"product_tag","embeddable":true,"href":"https:\/\/koningdrone.be\/fr\/wp-json\/wp\/v2\/product_tag?post=3689"}],"curies":[{"name":"wp","href":"https:\/\/api.w.org\/{rel}","templated":true}]}}